{"id":2337,"date":"2025-10-08T20:51:58","date_gmt":"2025-10-08T20:51:58","guid":{"rendered":"https:\/\/snowhouse.ca\/?post_type=product&#038;p=2337"},"modified":"2025-11-24T21:30:26","modified_gmt":"2025-11-24T21:30:26","slug":"bcs-975r-premium-battery-cyclers","status":"publish","type":"product","link":"http:\/\/snowhouse.ca\/fr\/produit\/battery-cyclers\/premium-battery-cyclers\/bcs-975r-premium-battery-cyclers\/","title":{"rendered":"Cycleurs de batterie haut de gamme BCS-975R"},"content":{"rendered":"<h2>Cycleurs de batterie haut de gamme BCS-975R<\/h2>\n<h4>Cycleurs de batterie haute puissance et ultra-pr\u00e9cis avec capacit\u00e9 EIS enti\u00e8rement native<\/h4>\n<p class=\"description\">Le BCS-975R est un cycleur de batterie r\u00e9g\u00e9n\u00e9ratif haute puissance. Dot\u00e9 de 8 canaux, chacun capable de fournir 75 A et jusqu&#039;\u00e0 300 A en parall\u00e8le, il est sp\u00e9cialement con\u00e7u pour les cellules en sachet et prismatiques.<\/p>\n<h4><strong>Cycleurs de batterie haut de gamme de BioLogic : des cycleurs haut de gamme pour des besoins exigeants.<\/strong><\/h4>\n<p>Nos cycleurs de batterie haut de gamme font partie de la s\u00e9rie BCS-900. Ce syst\u00e8me allie des performances in\u00e9gal\u00e9es \u00e0 une conception centr\u00e9e sur l&#039;utilisateur, gr\u00e2ce au BT-Lab r\u00e9volutionnaire.<sup>\u00ae<\/sup>\u00a0Suite, votre partenaire de confiance pour les logiciels de test de batteries et d&#039;analyse de donn\u00e9es. Cette gamme de cycleurs ultra-pr\u00e9cis offre cinq plages de courant, des bandes passantes rapides (temps de mont\u00e9e et de descente), un \u00e9chantillonnage intelligent, une interface avec des \u00e9quipements externes et des sondes de temp\u00e9rature, parmi de nombreuses autres fonctionnalit\u00e9s haut de gamme.<\/p>\n<p>Le r\u00e9sultat est un syst\u00e8me puissant et modulaire adapt\u00e9 \u00e0 toute organisation sp\u00e9cialis\u00e9e dans les tests et la recherche sur les batteries, de l\u2019industrie au monde universitaire, du contr\u00f4le qualit\u00e9 \u00e0 la certification.<\/p>\n<h4><strong>Le cycleur de batterie BCS-975R : tests haute puissance pour les applications de recherche avanc\u00e9es.<\/strong><\/h4>\n<p>Le BCS-975R est un cycleur de batterie r\u00e9g\u00e9n\u00e9ratif con\u00e7u pour les tests et le cyclage de cellules en sachet et prismatiques. Dot\u00e9 d&#039;un syst\u00e8me EIS natif et d&#039;un courant extensible jusqu&#039;\u00e0 300 A, cet instrument est con\u00e7u pour les hautes puissances.\u00a0<strong>tests de performance de la batterie<\/strong>Con\u00e7u pour des performances sans compromis, le BCS-975R offre une pr\u00e9cision et une polyvalence exceptionnelles gr\u00e2ce \u00e0 sa conception modulaire, notamment\u00a0:<\/p>\n<ul>\n<li><strong>8 canaux<\/strong>\u00a0maximiser votre capacit\u00e9 de test<\/li>\n<li><strong>Jusqu&#039;\u00e0 75 A<\/strong>\u00a0par canal<\/li>\n<li><strong>3 gammes de courant<\/strong>\u00a0pour un contr\u00f4le pr\u00e9cis<\/li>\n<li>Surveillance auxiliaire de la temp\u00e9rature en option<\/li>\n<li><strong>BT-Lab<sup>\u00ae<\/sup>\u00a0Suite<\/strong>\u00a0Logiciel (y compris BT-Test\u2122 et BT-Analysis\u2122)<\/li>\n<\/ul>\n<h4><strong>Caract\u00e9ristiques<\/strong><\/h4>\n<table width=\"100%\">\n<tbody>\n<tr>\n<td width=\"177\"><\/td>\n<td width=\"177\"><strong>Cycleur de batterie BCS-975R<\/strong><\/td>\n<\/tr>\n<tr>\n<td width=\"177\">Canaux par module<\/td>\n<td width=\"177\">8<\/td>\n<\/tr>\n<tr>\n<td><strong>Tension<\/strong><\/td>\n<\/tr>\n<tr>\n<td width=\"177\">Gamme<\/td>\n<td width=\"177\">0 V \u00e0 5 V<\/td>\n<\/tr>\n<tr>\n<td width=\"177\">R\u00e9solution de contr\u00f4le<\/td>\n<td width=\"177\">\u00a0100 \u00b5V<\/td>\n<\/tr>\n<tr>\n<td width=\"177\">R\u00e9solution de mesure<\/td>\n<td>0,360 \u00b5V (24 bits)<\/td>\n<\/tr>\n<tr>\n<td width=\"177\">Pr\u00e9cision<\/td>\n<td>15 mV + 0,05% de r\u00e9glage<\/td>\n<\/tr>\n<tr>\n<td width=\"177\">Taux de balayage<\/td>\n<td colspan=\"2\" width=\"353\">2,5 kV\/s<\/td>\n<\/tr>\n<tr>\n<td><strong>Actuel<\/strong><\/td>\n<\/tr>\n<tr>\n<td width=\"177\">Max (continu) par canal<\/td>\n<td width=\"177\">\u00b175 A;<br \/>\njusqu&#039;\u00e0 \u00b1300 A, avec 4 canaux en parall\u00e8le<\/td>\n<\/tr>\n<tr>\n<td width=\"177\">Gammes<\/td>\n<td width=\"177\">3\u00a0: 75 A jusqu&#039;\u00e0 750 mA<\/td>\n<\/tr>\n<tr>\n<td width=\"177\">R\u00e9solution de contr\u00f4le<\/td>\n<td width=\"177\">Jusqu&#039;\u00e0 360 nA<\/td>\n<\/tr>\n<tr>\n<td width=\"177\">R\u00e9solution de mesure<\/td>\n<td width=\"177\">Jusqu&#039;\u00e0 8,9 nA (24 bits)<\/td>\n<\/tr>\n<tr>\n<td width=\"177\">Pr\u00e9cision<\/td>\n<td width=\"177\">\u00a00,03% de FSR* + 0,03% de r\u00e9glage<\/td>\n<\/tr>\n<tr>\n<td><strong>EIE<\/strong><\/td>\n<\/tr>\n<tr>\n<td width=\"177\">Int\u00e9gr\u00e9<\/td>\n<td>Optionnel sur chaque module<\/td>\n<\/tr>\n<tr>\n<td width=\"177\">Gamme<\/td>\n<td>2 kHz \u2013 10 MHz<\/td>\n<\/tr>\n<tr>\n<td><strong>Mesures<\/strong><\/td>\n<\/tr>\n<tr>\n<td width=\"177\">Temps d&#039;acquisition<\/td>\n<td width=\"177\">1 ms<\/td>\n<\/tr>\n<tr>\n<td width=\"177\">Base de temps<\/td>\n<td width=\"177\">5 ms<\/td>\n<\/tr>\n<tr>\n<td><strong>Mesure suppl\u00e9mentaire<\/strong><\/td>\n<\/tr>\n<tr>\n<td width=\"177\">Thermocouple<\/td>\n<td width=\"177\">Auxiliaire en option<\/td>\n<\/tr>\n<tr>\n<td><strong>Connexion cellulaire<\/strong><\/td>\n<\/tr>\n<tr>\n<td width=\"177\"><\/td>\n<td width=\"177\">4 fils terminaux<\/td>\n<\/tr>\n<tr>\n<td><strong>G\u00e9n\u00e9ral<\/strong><\/td>\n<\/tr>\n<tr>\n<td width=\"177\">Hauteur<\/td>\n<td width=\"177\">16U<\/td>\n<\/tr>\n<tr>\n<td width=\"177\">Poids<\/td>\n<td width=\"177\">120 kg<\/td>\n<\/tr>\n<tr>\n<td width=\"177\">Consommation d&#039;\u00e9nergie<\/td>\n<td width=\"177\">5000 W<\/td>\n<\/tr>\n<\/tbody>\n<\/table>\n<p>*FSR : plage pleine \u00e9chelle<\/p>","protected":false},"excerpt":{"rendered":"<p><strong>Jusqu&#039;\u00e0 75 A, courant extensible jusqu&#039;\u00e0 300 A \u2013 <\/strong>EIS natif<\/p>\n<h4><\/h4>","protected":false},"featured_media":2338,"template":"","meta":[],"product_brand":[550],"product_cat":[572,579],"product_tag":[],"document":[],"class_list":{"0":"post-2337","1":"product","2":"type-product","3":"status-publish","4":"has-post-thumbnail","6":"product_brand-biologic","7":"product_cat-battery-cyclers","8":"product_cat-premium-battery-cyclers","10":"first","11":"instock","12":"shipping-taxable","13":"purchasable","14":"product-type-simple"},"yoast_head":"<!-- This site is optimized with the Yoast SEO plugin v26.8 - https:\/\/yoast.com\/product\/yoast-seo-wordpress\/ -->\n<title>BCS-975R Premium Battery Cyclers - SnowHouse<\/title>\n<meta name=\"robots\" content=\"index, follow, max-snippet:-1, max-image-preview:large, max-video-preview:-1\" \/>\n<link rel=\"canonical\" href=\"https:\/\/snowhouse.ca\/fr\/product\/battery-cyclers\/premium-battery-cyclers\/bcs-975r-premium-battery-cyclers\/\" \/>\n<meta property=\"og:locale\" content=\"fr_CA\" \/>\n<meta property=\"og:type\" content=\"article\" \/>\n<meta property=\"og:title\" content=\"BCS-975R Premium Battery Cyclers - SnowHouse\" \/>\n<meta property=\"og:description\" content=\"Up to 75 A, extendable current up to 300 A - Native EIS\" \/>\n<meta property=\"og:url\" content=\"https:\/\/snowhouse.ca\/fr\/product\/battery-cyclers\/premium-battery-cyclers\/bcs-975r-premium-battery-cyclers\/\" \/>\n<meta property=\"og:site_name\" content=\"SnowHouse\" \/>\n<meta property=\"article:modified_time\" content=\"2025-11-24T21:30:26+00:00\" \/>\n<meta property=\"og:image\" content=\"https:\/\/snowhouse.ca\/wp-content\/uploads\/2025\/10\/BioLogic-BCS-975.png\" \/>\n\t<meta property=\"og:image:width\" content=\"460\" \/>\n\t<meta property=\"og:image:height\" content=\"664\" \/>\n\t<meta property=\"og:image:type\" content=\"image\/png\" \/>\n<meta name=\"twitter:card\" content=\"summary_large_image\" \/>\n<meta name=\"twitter:label1\" content=\"Estimation du temps de lecture\" \/>\n\t<meta name=\"twitter:data1\" content=\"2 minutes\" \/>\n<script type=\"application\/ld+json\" class=\"yoast-schema-graph\">{\"@context\":\"https:\/\/schema.org\",\"@graph\":[{\"@type\":\"WebPage\",\"@id\":\"https:\/\/snowhouse.ca\/product\/battery-cyclers\/premium-battery-cyclers\/bcs-975r-premium-battery-cyclers\/\",\"url\":\"https:\/\/snowhouse.ca\/product\/battery-cyclers\/premium-battery-cyclers\/bcs-975r-premium-battery-cyclers\/\",\"name\":\"BCS-975R Premium Battery Cyclers - SnowHouse\",\"isPartOf\":{\"@id\":\"https:\/\/snowhouse.ca\/#website\"},\"primaryImageOfPage\":{\"@id\":\"https:\/\/snowhouse.ca\/product\/battery-cyclers\/premium-battery-cyclers\/bcs-975r-premium-battery-cyclers\/#primaryimage\"},\"image\":{\"@id\":\"https:\/\/snowhouse.ca\/product\/battery-cyclers\/premium-battery-cyclers\/bcs-975r-premium-battery-cyclers\/#primaryimage\"},\"thumbnailUrl\":\"https:\/\/snowhouse.ca\/wp-content\/uploads\/2025\/10\/BioLogic-BCS-975.png?wsr\",\"datePublished\":\"2025-10-08T20:51:58+00:00\",\"dateModified\":\"2025-11-24T21:30:26+00:00\",\"breadcrumb\":{\"@id\":\"https:\/\/snowhouse.ca\/product\/battery-cyclers\/premium-battery-cyclers\/bcs-975r-premium-battery-cyclers\/#breadcrumb\"},\"inLanguage\":\"fr-CA\",\"potentialAction\":[{\"@type\":\"ReadAction\",\"target\":[\"https:\/\/snowhouse.ca\/product\/battery-cyclers\/premium-battery-cyclers\/bcs-975r-premium-battery-cyclers\/\"]}]},{\"@type\":\"ImageObject\",\"inLanguage\":\"fr-CA\",\"@id\":\"https:\/\/snowhouse.ca\/product\/battery-cyclers\/premium-battery-cyclers\/bcs-975r-premium-battery-cyclers\/#primaryimage\",\"url\":\"https:\/\/snowhouse.ca\/wp-content\/uploads\/2025\/10\/BioLogic-BCS-975.png?wsr\",\"contentUrl\":\"https:\/\/snowhouse.ca\/wp-content\/uploads\/2025\/10\/BioLogic-BCS-975.png?wsr\",\"width\":460,\"height\":664,\"caption\":\"BCS-975R Premium Battery Cycler\"},{\"@type\":\"BreadcrumbList\",\"@id\":\"https:\/\/snowhouse.ca\/product\/battery-cyclers\/premium-battery-cyclers\/bcs-975r-premium-battery-cyclers\/#breadcrumb\",\"itemListElement\":[{\"@type\":\"ListItem\",\"position\":1,\"name\":\"Home\",\"item\":\"https:\/\/snowhouse.ca\/\"},{\"@type\":\"ListItem\",\"position\":2,\"name\":\"Products\",\"item\":\"https:\/\/snowhouse.ca\/products\/\"},{\"@type\":\"ListItem\",\"position\":3,\"name\":\"BCS-975R Premium Battery Cyclers\"}]},{\"@type\":\"WebSite\",\"@id\":\"https:\/\/snowhouse.ca\/#website\",\"url\":\"https:\/\/snowhouse.ca\/\",\"name\":\"SnowHouse\",\"description\":\"Trusted Scientific Instruments\",\"publisher\":{\"@id\":\"https:\/\/snowhouse.ca\/#organization\"},\"potentialAction\":[{\"@type\":\"SearchAction\",\"target\":{\"@type\":\"EntryPoint\",\"urlTemplate\":\"https:\/\/snowhouse.ca\/?s={search_term_string}\"},\"query-input\":{\"@type\":\"PropertyValueSpecification\",\"valueRequired\":true,\"valueName\":\"search_term_string\"}}],\"inLanguage\":\"fr-CA\"},{\"@type\":\"Organization\",\"@id\":\"https:\/\/snowhouse.ca\/#organization\",\"name\":\"Snowhouse inc.\",\"alternateName\":\"Snowhouse\",\"url\":\"https:\/\/snowhouse.ca\/\",\"logo\":{\"@type\":\"ImageObject\",\"inLanguage\":\"fr-CA\",\"@id\":\"https:\/\/snowhouse.ca\/#\/schema\/logo\/image\/\",\"url\":\"https:\/\/snowhouse.ca\/wp-content\/uploads\/2025\/07\/SnowHouse-Logo.png\",\"contentUrl\":\"https:\/\/snowhouse.ca\/wp-content\/uploads\/2025\/07\/SnowHouse-Logo.png\",\"width\":508,\"height\":136,\"caption\":\"Snowhouse inc.\"},\"image\":{\"@id\":\"https:\/\/snowhouse.ca\/#\/schema\/logo\/image\/\"}}]}<\/script>\n<!-- \/ Yoast SEO plugin. -->","yoast_head_json":{"title":"BCS-975R Premium Battery Cyclers - SnowHouse","robots":{"index":"index","follow":"follow","max-snippet":"max-snippet:-1","max-image-preview":"max-image-preview:large","max-video-preview":"max-video-preview:-1"},"canonical":"https:\/\/snowhouse.ca\/fr\/product\/battery-cyclers\/premium-battery-cyclers\/bcs-975r-premium-battery-cyclers\/","og_locale":"fr_CA","og_type":"article","og_title":"BCS-975R Premium Battery Cyclers - SnowHouse","og_description":"Up to 75 A, extendable current up to 300 A - Native EIS","og_url":"https:\/\/snowhouse.ca\/fr\/product\/battery-cyclers\/premium-battery-cyclers\/bcs-975r-premium-battery-cyclers\/","og_site_name":"SnowHouse","article_modified_time":"2025-11-24T21:30:26+00:00","og_image":[{"width":460,"height":664,"url":"https:\/\/snowhouse.ca\/wp-content\/uploads\/2025\/10\/BioLogic-BCS-975.png","type":"image\/png"}],"twitter_card":"summary_large_image","twitter_misc":{"Estimation du temps de lecture":"2 minutes"},"schema":{"@context":"https:\/\/schema.org","@graph":[{"@type":"WebPage","@id":"https:\/\/snowhouse.ca\/product\/battery-cyclers\/premium-battery-cyclers\/bcs-975r-premium-battery-cyclers\/","url":"https:\/\/snowhouse.ca\/product\/battery-cyclers\/premium-battery-cyclers\/bcs-975r-premium-battery-cyclers\/","name":"BCS-975R Premium Battery Cyclers - SnowHouse","isPartOf":{"@id":"https:\/\/snowhouse.ca\/#website"},"primaryImageOfPage":{"@id":"https:\/\/snowhouse.ca\/product\/battery-cyclers\/premium-battery-cyclers\/bcs-975r-premium-battery-cyclers\/#primaryimage"},"image":{"@id":"https:\/\/snowhouse.ca\/product\/battery-cyclers\/premium-battery-cyclers\/bcs-975r-premium-battery-cyclers\/#primaryimage"},"thumbnailUrl":"https:\/\/snowhouse.ca\/wp-content\/uploads\/2025\/10\/BioLogic-BCS-975.png?wsr","datePublished":"2025-10-08T20:51:58+00:00","dateModified":"2025-11-24T21:30:26+00:00","breadcrumb":{"@id":"https:\/\/snowhouse.ca\/product\/battery-cyclers\/premium-battery-cyclers\/bcs-975r-premium-battery-cyclers\/#breadcrumb"},"inLanguage":"fr-CA","potentialAction":[{"@type":"ReadAction","target":["https:\/\/snowhouse.ca\/product\/battery-cyclers\/premium-battery-cyclers\/bcs-975r-premium-battery-cyclers\/"]}]},{"@type":"ImageObject","inLanguage":"fr-CA","@id":"https:\/\/snowhouse.ca\/product\/battery-cyclers\/premium-battery-cyclers\/bcs-975r-premium-battery-cyclers\/#primaryimage","url":"https:\/\/snowhouse.ca\/wp-content\/uploads\/2025\/10\/BioLogic-BCS-975.png?wsr","contentUrl":"https:\/\/snowhouse.ca\/wp-content\/uploads\/2025\/10\/BioLogic-BCS-975.png?wsr","width":460,"height":664,"caption":"BCS-975R Premium Battery Cycler"},{"@type":"BreadcrumbList","@id":"https:\/\/snowhouse.ca\/product\/battery-cyclers\/premium-battery-cyclers\/bcs-975r-premium-battery-cyclers\/#breadcrumb","itemListElement":[{"@type":"ListItem","position":1,"name":"Home","item":"https:\/\/snowhouse.ca\/"},{"@type":"ListItem","position":2,"name":"Products","item":"https:\/\/snowhouse.ca\/products\/"},{"@type":"ListItem","position":3,"name":"BCS-975R Premium Battery Cyclers"}]},{"@type":"WebSite","@id":"https:\/\/snowhouse.ca\/#website","url":"https:\/\/snowhouse.ca\/","name":"Maison de neige","description":"Instruments scientifiques de confiance","publisher":{"@id":"https:\/\/snowhouse.ca\/#organization"},"potentialAction":[{"@type":"SearchAction","target":{"@type":"EntryPoint","urlTemplate":"https:\/\/snowhouse.ca\/?s={search_term_string}"},"query-input":{"@type":"PropertyValueSpecification","valueRequired":true,"valueName":"search_term_string"}}],"inLanguage":"fr-CA"},{"@type":"Organization","@id":"https:\/\/snowhouse.ca\/#organization","name":"Snowhouse inc.","alternateName":"Snowhouse","url":"https:\/\/snowhouse.ca\/","logo":{"@type":"ImageObject","inLanguage":"fr-CA","@id":"https:\/\/snowhouse.ca\/#\/schema\/logo\/image\/","url":"https:\/\/snowhouse.ca\/wp-content\/uploads\/2025\/07\/SnowHouse-Logo.png","contentUrl":"https:\/\/snowhouse.ca\/wp-content\/uploads\/2025\/07\/SnowHouse-Logo.png","width":508,"height":136,"caption":"Snowhouse inc."},"image":{"@id":"https:\/\/snowhouse.ca\/#\/schema\/logo\/image\/"}}]}},"_links":{"self":[{"href":"http:\/\/snowhouse.ca\/fr\/wp-json\/wp\/v2\/product\/2337","targetHints":{"allow":["GET"]}}],"collection":[{"href":"http:\/\/snowhouse.ca\/fr\/wp-json\/wp\/v2\/product"}],"about":[{"href":"http:\/\/snowhouse.ca\/fr\/wp-json\/wp\/v2\/types\/product"}],"wp:featuredmedia":[{"embeddable":true,"href":"http:\/\/snowhouse.ca\/fr\/wp-json\/wp\/v2\/media\/2338"}],"wp:attachment":[{"href":"http:\/\/snowhouse.ca\/fr\/wp-json\/wp\/v2\/media?parent=2337"}],"wp:term":[{"taxonomy":"product_brand","embeddable":true,"href":"http:\/\/snowhouse.ca\/fr\/wp-json\/wp\/v2\/product_brand?post=2337"},{"taxonomy":"product_cat","embeddable":true,"href":"http:\/\/snowhouse.ca\/fr\/wp-json\/wp\/v2\/product_cat?post=2337"},{"taxonomy":"product_tag","embeddable":true,"href":"http:\/\/snowhouse.ca\/fr\/wp-json\/wp\/v2\/product_tag?post=2337"},{"taxonomy":"document","embeddable":true,"href":"http:\/\/snowhouse.ca\/fr\/wp-json\/wp\/v2\/document?post=2337"}],"curies":[{"name":"wp","href":"https:\/\/api.w.org\/{rel}","templated":true}]}}