{"id":312,"date":"2025-07-23T01:35:30","date_gmt":"2025-07-23T01:35:30","guid":{"rendered":"https:\/\/snowhouse.ca\/produit\/new-bcs-900-battery-cycler-series\/"},"modified":"2025-11-24T21:29:52","modified_gmt":"2025-11-24T21:29:52","slug":"new-bcs-900-battery-cycler-series","status":"publish","type":"product","link":"http:\/\/snowhouse.ca\/fr\/produit\/battery-cyclers\/premium-battery-cyclers\/new-bcs-900-battery-cycler-series\/","title":{"rendered":"Cycleur de batterie haut de gamme BCS-900"},"content":{"rendered":"<p><strong>Cycleurs de batterie puissants, modulaires et ultra-pr\u00e9cis avec capacit\u00e9 EIS enti\u00e8rement native<\/strong><\/p>\n<p>La s\u00e9rie BCS-900 est un syst\u00e8me modulaire de cyclage de batterie con\u00e7u pour r\u00e9pondre aux besoins \u00e0 tous les niveaux de la cha\u00eene de valeur des batteries, de la R&amp;D \u00e0 la production pilote, des tests de production au contr\u00f4le qualit\u00e9. Compos\u00e9s de trois options modulaires (BCS-905, 910 et 915), ces cycleurs de batterie avanc\u00e9s offrent 8 canaux ind\u00e9pendants avec un courant maximal de \u00b1150 mA, \u00b11,5 A et \u00b115 A respectivement par canal.<\/p>\n<p><strong>Caract\u00e9ristiques<\/strong><\/p>\n<table style=\"border-collapse: collapse; border-spacing: 0px; color: #4a4a4a; font-family: blinkmacsystemfont, '-apple-system', 'my gilroy', 'segoe ui', roboto, oxygen, ubuntu, cantarell, 'fira sans', 'droid sans', 'helvetica neue', helvetica, arial, sans-serif; font-size: 16px; width: 100%;\">\n<tbody>\n<tr>\n<td style=\"text-align: center;\"><\/td>\n<td style=\"text-align: center;\"><strong>BCS-905\u00a0<\/strong><\/td>\n<td style=\"text-align: center;\"><strong>BCS-910\u00a0<\/strong><\/td>\n<td style=\"text-align: center;\"><strong>BCS-915\u00a0<\/strong><\/td>\n<\/tr>\n<tr>\n<td style=\"text-align: left;\">Canaux par module<\/td>\n<td style=\"text-align: center;\" colspan=\"3\">8<\/td>\n<\/tr>\n<tr>\n<td colspan=\"4\"><\/td>\n<\/tr>\n<tr>\n<td>Plage de tension<\/td>\n<td style=\"text-align: center;\" colspan=\"2\">0 V \u00e0 10 V (<strong>BCS-905, BCS-910<\/strong>)<br \/>\n-2,5 V \u00e0 7,5 V (<strong>BCS-905\/n<\/strong>)<br \/>\n-5V \u00e0 5V (<strong>BCS-910\/n<\/strong>)<\/td>\n<td style=\"text-align: center;\">0 V \u00e0 9 V<\/td>\n<\/tr>\n<tr>\n<td>R\u00e9solution de contr\u00f4le<\/td>\n<td style=\"text-align: center;\" colspan=\"4\">150 \u00b5V<\/td>\n<\/tr>\n<tr>\n<td>R\u00e9solution de mesure<\/td>\n<td style=\"text-align: center;\" colspan=\"4\">40 \u00b5V (18 bits)<\/td>\n<\/tr>\n<tr>\n<td>Pr\u00e9cision<\/td>\n<td style=\"text-align: center;\" colspan=\"4\">&lt;\u00b10,01% de valeur \u00b10,3 mV<\/td>\n<\/tr>\n<tr>\n<td>Taux de balayage<\/td>\n<td style=\"text-align: center;\" colspan=\"2\">150 kV\/s<\/td>\n<td style=\"text-align: center;\">3 kV\/s<\/td>\n<\/tr>\n<tr>\n<td colspan=\"4\"><\/td>\n<\/tr>\n<tr>\n<td style=\"text-align: left;\">Courant max (continu) par canal<\/td>\n<td style=\"text-align: center;\">\u00b1150 mA<\/td>\n<td style=\"text-align: center;\">\u00b11,5 A<\/td>\n<td>\n<p style=\"text-align: center;\">\u00b115 A;<\/p>\n<p style=\"text-align: center;\">\u00b130 A, \u00b160 A ou \u00b1120 A,<br \/>\navec des canaux en parall\u00e8le<\/p>\n<\/td>\n<\/tr>\n<tr>\n<td style=\"text-align: left;\">Gammes<\/td>\n<td style=\"text-align: center;\">5\u00a0: 100 mA jusqu&#039;\u00e0 10 \u00b5A<\/td>\n<td style=\"text-align: center;\">5\u00a0: 1 A jusqu&#039;\u00e0 0,1 mA<\/td>\n<td style=\"text-align: center;\">5\u00a0: 10 A jusqu&#039;\u00e0 1 mA<\/td>\n<\/tr>\n<tr>\n<td style=\"text-align: left;\">R\u00e9solution de contr\u00f4le<\/td>\n<td style=\"text-align: center;\">Jusqu&#039;\u00e0 0,8 nA<\/td>\n<td style=\"text-align: center;\">Jusqu&#039;\u00e0 8 nA<\/td>\n<td style=\"text-align: center;\">Jusqu&#039;\u00e0 80 nA<\/td>\n<\/tr>\n<tr>\n<td style=\"text-align: left;\">R\u00e9solution de mesure<\/td>\n<td style=\"text-align: center;\">Jusqu&#039;\u00e0 0,2 nA (18 bits)<\/td>\n<td style=\"text-align: center;\">Jusqu&#039;\u00e0 2 nA (18 bits)<\/td>\n<td style=\"text-align: center;\">Jusqu&#039;\u00e0 20 nA (18 bits)<\/td>\n<\/tr>\n<tr>\n<td style=\"text-align: left;\">Pr\u00e9cision<\/td>\n<td style=\"text-align: center;\">&lt; 0,05% de valeur \u00b1 0,015% de FSR<\/td>\n<td style=\"text-align: center;\">&lt; 0,05% de valeur \u00b1 0,015% de FSR<\/p>\n<p>&lt; 0,1% de valeur \u00b1 0,015% de FSR (plage 1 A)<\/td>\n<td style=\"text-align: center;\">&lt; 0,05% de valeur \u00b1 0,015% de FSR<\/p>\n<p>&lt; 0,1% de valeur \u00b1 0,015% de FSR (plage 1 A)<\/p>\n<p>&lt; 0,3% de valeur \u00b10,04% de FSR (plage 10 A)<\/td>\n<\/tr>\n<tr>\n<td>EIE<strong>\u00a0<\/strong>Int\u00e9gr\u00e9<\/td>\n<td style=\"text-align: center;\" colspan=\"4\">En option sur chaque module (multiplex\u00e9 sur 8 canaux)<\/td>\n<\/tr>\n<tr>\n<td>Gamme<\/td>\n<td style=\"text-align: center;\" colspan=\"4\">10 kHz \u2013 10 mHz<\/td>\n<\/tr>\n<tr>\n<td>Temps d&#039;acquisition<\/td>\n<td style=\"text-align: center;\" colspan=\"4\">1 ms<\/td>\n<\/tr>\n<tr>\n<td>Base de temps<\/td>\n<td style=\"text-align: center;\" colspan=\"4\">1 ms<\/td>\n<\/tr>\n<tr>\n<td style=\"text-align: left;\">Thermocouple<\/td>\n<td style=\"text-align: center;\">N \/ A<\/td>\n<td style=\"text-align: center;\" colspan=\"2\">Type K sur chaque canal -25 \u00b0C +200 \u00b0C avec une pr\u00e9cision de \u00b12 \u00b0C<\/td>\n<\/tr>\n<tr>\n<td colspan=\"4\"><\/td>\n<\/tr>\n<tr>\n<td style=\"text-align: left;\"><strong>Connexion cellulaire<\/strong><\/td>\n<td style=\"text-align: center;\" colspan=\"2\">4 fils terminaux + garde<\/td>\n<td style=\"text-align: center;\">4 fils terminaux<\/td>\n<\/tr>\n<tr>\n<td style=\"text-align: left;\" colspan=\"4\"><strong>G\u00e9n\u00e9ral<\/strong><\/td>\n<\/tr>\n<tr>\n<td style=\"text-align: left;\">Hauteur<\/td>\n<td style=\"text-align: center;\">1U<\/td>\n<td style=\"text-align: center;\">2U<\/td>\n<td style=\"text-align: center;\">4U<\/td>\n<\/tr>\n<tr>\n<td style=\"text-align: left;\">Poids<\/td>\n<td style=\"text-align: center;\">6,5 kg<\/td>\n<td style=\"text-align: center;\">11 kg<\/td>\n<td style=\"text-align: center;\">24,5 kg<\/td>\n<\/tr>\n<tr>\n<td style=\"text-align: left;\">Consommation d&#039;\u00e9nergie<\/td>\n<td style=\"text-align: center;\">60 W<\/td>\n<td style=\"text-align: center;\">220 W<\/td>\n<td style=\"text-align: center;\">1700 W<\/td>\n<\/tr>\n<\/tbody>\n<\/table>","protected":false},"excerpt":{"rendered":"<p>150 mA, 1,5 A ou 15 A, courant extensible jusqu&#039;\u00e0 120 A \u2013 EIS natif<\/p>","protected":false},"featured_media":313,"template":"","meta":[],"product_brand":[550],"product_cat":[572,579],"product_tag":[],"document":[],"class_list":{"0":"post-312","1":"product","2":"type-product","3":"status-publish","4":"has-post-thumbnail","6":"product_brand-biologic","7":"product_cat-battery-cyclers","8":"product_cat-premium-battery-cyclers","10":"first","11":"instock","12":"purchasable","13":"product-type-simple"},"yoast_head":"<!-- This site is optimized with the Yoast SEO plugin v26.8 - https:\/\/yoast.com\/product\/yoast-seo-wordpress\/ -->\n<title>BCS-900 Premium Battery Cycler - SnowHouse<\/title>\n<meta name=\"robots\" content=\"index, follow, max-snippet:-1, max-image-preview:large, max-video-preview:-1\" \/>\n<link rel=\"canonical\" href=\"https:\/\/snowhouse.ca\/fr\/produit\/battery-cyclers\/premium-battery-cyclers\/new-bcs-900-battery-cycler-series\/\" \/>\n<meta property=\"og:locale\" content=\"fr_CA\" \/>\n<meta property=\"og:type\" content=\"article\" \/>\n<meta property=\"og:title\" content=\"BCS-900 Premium Battery Cycler - SnowHouse\" \/>\n<meta property=\"og:description\" content=\"150 mA, 1.5 A or 15 A, extendable current up to 120A - Native EIS\" \/>\n<meta property=\"og:url\" content=\"https:\/\/snowhouse.ca\/fr\/produit\/battery-cyclers\/premium-battery-cyclers\/new-bcs-900-battery-cycler-series\/\" \/>\n<meta property=\"og:site_name\" content=\"SnowHouse\" \/>\n<meta property=\"article:modified_time\" content=\"2025-11-24T21:29:52+00:00\" \/>\n<meta property=\"og:image\" content=\"https:\/\/snowhouse.ca\/wp-content\/uploads\/2025\/07\/92984.png\" \/>\n\t<meta property=\"og:image:width\" content=\"411\" \/>\n\t<meta property=\"og:image:height\" content=\"452\" \/>\n\t<meta property=\"og:image:type\" content=\"image\/png\" \/>\n<meta name=\"twitter:card\" content=\"summary_large_image\" \/>\n<meta name=\"twitter:label1\" content=\"Estimation du temps de lecture\" \/>\n\t<meta name=\"twitter:data1\" content=\"2 minutes\" \/>\n<script type=\"application\/ld+json\" class=\"yoast-schema-graph\">{\"@context\":\"https:\/\/schema.org\",\"@graph\":[{\"@type\":\"WebPage\",\"@id\":\"https:\/\/snowhouse.ca\/fr\/produit\/battery-cyclers\/premium-battery-cyclers\/new-bcs-900-battery-cycler-series\/\",\"url\":\"https:\/\/snowhouse.ca\/fr\/produit\/battery-cyclers\/premium-battery-cyclers\/new-bcs-900-battery-cycler-series\/\",\"name\":\"BCS-900 Premium Battery Cycler - SnowHouse\",\"isPartOf\":{\"@id\":\"https:\/\/snowhouse.ca\/#website\"},\"primaryImageOfPage\":{\"@id\":\"https:\/\/snowhouse.ca\/fr\/produit\/battery-cyclers\/premium-battery-cyclers\/new-bcs-900-battery-cycler-series\/#primaryimage\"},\"image\":{\"@id\":\"https:\/\/snowhouse.ca\/fr\/produit\/battery-cyclers\/premium-battery-cyclers\/new-bcs-900-battery-cycler-series\/#primaryimage\"},\"thumbnailUrl\":\"https:\/\/snowhouse.ca\/wp-content\/uploads\/2025\/07\/92984.png?wsr\",\"datePublished\":\"2025-07-23T01:35:30+00:00\",\"dateModified\":\"2025-11-24T21:29:52+00:00\",\"breadcrumb\":{\"@id\":\"https:\/\/snowhouse.ca\/fr\/produit\/battery-cyclers\/premium-battery-cyclers\/new-bcs-900-battery-cycler-series\/#breadcrumb\"},\"inLanguage\":\"fr-CA\",\"potentialAction\":[{\"@type\":\"ReadAction\",\"target\":[\"https:\/\/snowhouse.ca\/fr\/produit\/battery-cyclers\/premium-battery-cyclers\/new-bcs-900-battery-cycler-series\/\"]}]},{\"@type\":\"ImageObject\",\"inLanguage\":\"fr-CA\",\"@id\":\"https:\/\/snowhouse.ca\/fr\/produit\/battery-cyclers\/premium-battery-cyclers\/new-bcs-900-battery-cycler-series\/#primaryimage\",\"url\":\"https:\/\/snowhouse.ca\/wp-content\/uploads\/2025\/07\/92984.png?wsr\",\"contentUrl\":\"https:\/\/snowhouse.ca\/wp-content\/uploads\/2025\/07\/92984.png?wsr\",\"width\":411,\"height\":452},{\"@type\":\"BreadcrumbList\",\"@id\":\"https:\/\/snowhouse.ca\/fr\/produit\/battery-cyclers\/premium-battery-cyclers\/new-bcs-900-battery-cycler-series\/#breadcrumb\",\"itemListElement\":[{\"@type\":\"ListItem\",\"position\":1,\"name\":\"Home\",\"item\":\"https:\/\/snowhouse.ca\/\"},{\"@type\":\"ListItem\",\"position\":2,\"name\":\"Products\",\"item\":\"https:\/\/snowhouse.ca\/products\/\"},{\"@type\":\"ListItem\",\"position\":3,\"name\":\"BCS-900 Premium Battery Cycler\"}]},{\"@type\":\"WebSite\",\"@id\":\"https:\/\/snowhouse.ca\/#website\",\"url\":\"https:\/\/snowhouse.ca\/\",\"name\":\"SnowHouse\",\"description\":\"Trusted Scientific Instruments\",\"publisher\":{\"@id\":\"https:\/\/snowhouse.ca\/#organization\"},\"potentialAction\":[{\"@type\":\"SearchAction\",\"target\":{\"@type\":\"EntryPoint\",\"urlTemplate\":\"https:\/\/snowhouse.ca\/?s={search_term_string}\"},\"query-input\":{\"@type\":\"PropertyValueSpecification\",\"valueRequired\":true,\"valueName\":\"search_term_string\"}}],\"inLanguage\":\"fr-CA\"},{\"@type\":\"Organization\",\"@id\":\"https:\/\/snowhouse.ca\/#organization\",\"name\":\"Snowhouse inc.\",\"alternateName\":\"Snowhouse\",\"url\":\"https:\/\/snowhouse.ca\/\",\"logo\":{\"@type\":\"ImageObject\",\"inLanguage\":\"fr-CA\",\"@id\":\"https:\/\/snowhouse.ca\/#\/schema\/logo\/image\/\",\"url\":\"https:\/\/snowhouse.ca\/wp-content\/uploads\/2025\/07\/SnowHouse-Logo.png\",\"contentUrl\":\"https:\/\/snowhouse.ca\/wp-content\/uploads\/2025\/07\/SnowHouse-Logo.png\",\"width\":508,\"height\":136,\"caption\":\"Snowhouse inc.\"},\"image\":{\"@id\":\"https:\/\/snowhouse.ca\/#\/schema\/logo\/image\/\"}}]}<\/script>\n<!-- \/ Yoast SEO plugin. -->","yoast_head_json":{"title":"BCS-900 Premium Battery Cycler - SnowHouse","robots":{"index":"index","follow":"follow","max-snippet":"max-snippet:-1","max-image-preview":"max-image-preview:large","max-video-preview":"max-video-preview:-1"},"canonical":"https:\/\/snowhouse.ca\/fr\/produit\/battery-cyclers\/premium-battery-cyclers\/new-bcs-900-battery-cycler-series\/","og_locale":"fr_CA","og_type":"article","og_title":"BCS-900 Premium Battery Cycler - SnowHouse","og_description":"150 mA, 1.5 A or 15 A, extendable current up to 120A - Native EIS","og_url":"https:\/\/snowhouse.ca\/fr\/produit\/battery-cyclers\/premium-battery-cyclers\/new-bcs-900-battery-cycler-series\/","og_site_name":"SnowHouse","article_modified_time":"2025-11-24T21:29:52+00:00","og_image":[{"width":411,"height":452,"url":"https:\/\/snowhouse.ca\/wp-content\/uploads\/2025\/07\/92984.png","type":"image\/png"}],"twitter_card":"summary_large_image","twitter_misc":{"Estimation du temps de lecture":"2 minutes"},"schema":{"@context":"https:\/\/schema.org","@graph":[{"@type":"WebPage","@id":"https:\/\/snowhouse.ca\/fr\/produit\/battery-cyclers\/premium-battery-cyclers\/new-bcs-900-battery-cycler-series\/","url":"https:\/\/snowhouse.ca\/fr\/produit\/battery-cyclers\/premium-battery-cyclers\/new-bcs-900-battery-cycler-series\/","name":"BCS-900 Premium Battery Cycler - SnowHouse","isPartOf":{"@id":"https:\/\/snowhouse.ca\/#website"},"primaryImageOfPage":{"@id":"https:\/\/snowhouse.ca\/fr\/produit\/battery-cyclers\/premium-battery-cyclers\/new-bcs-900-battery-cycler-series\/#primaryimage"},"image":{"@id":"https:\/\/snowhouse.ca\/fr\/produit\/battery-cyclers\/premium-battery-cyclers\/new-bcs-900-battery-cycler-series\/#primaryimage"},"thumbnailUrl":"https:\/\/snowhouse.ca\/wp-content\/uploads\/2025\/07\/92984.png?wsr","datePublished":"2025-07-23T01:35:30+00:00","dateModified":"2025-11-24T21:29:52+00:00","breadcrumb":{"@id":"https:\/\/snowhouse.ca\/fr\/produit\/battery-cyclers\/premium-battery-cyclers\/new-bcs-900-battery-cycler-series\/#breadcrumb"},"inLanguage":"fr-CA","potentialAction":[{"@type":"ReadAction","target":["https:\/\/snowhouse.ca\/fr\/produit\/battery-cyclers\/premium-battery-cyclers\/new-bcs-900-battery-cycler-series\/"]}]},{"@type":"ImageObject","inLanguage":"fr-CA","@id":"https:\/\/snowhouse.ca\/fr\/produit\/battery-cyclers\/premium-battery-cyclers\/new-bcs-900-battery-cycler-series\/#primaryimage","url":"https:\/\/snowhouse.ca\/wp-content\/uploads\/2025\/07\/92984.png?wsr","contentUrl":"https:\/\/snowhouse.ca\/wp-content\/uploads\/2025\/07\/92984.png?wsr","width":411,"height":452},{"@type":"BreadcrumbList","@id":"https:\/\/snowhouse.ca\/fr\/produit\/battery-cyclers\/premium-battery-cyclers\/new-bcs-900-battery-cycler-series\/#breadcrumb","itemListElement":[{"@type":"ListItem","position":1,"name":"Home","item":"https:\/\/snowhouse.ca\/"},{"@type":"ListItem","position":2,"name":"Products","item":"https:\/\/snowhouse.ca\/products\/"},{"@type":"ListItem","position":3,"name":"BCS-900 Premium Battery Cycler"}]},{"@type":"WebSite","@id":"https:\/\/snowhouse.ca\/#website","url":"https:\/\/snowhouse.ca\/","name":"Maison de neige","description":"Instruments scientifiques de confiance","publisher":{"@id":"https:\/\/snowhouse.ca\/#organization"},"potentialAction":[{"@type":"SearchAction","target":{"@type":"EntryPoint","urlTemplate":"https:\/\/snowhouse.ca\/?s={search_term_string}"},"query-input":{"@type":"PropertyValueSpecification","valueRequired":true,"valueName":"search_term_string"}}],"inLanguage":"fr-CA"},{"@type":"Organization","@id":"https:\/\/snowhouse.ca\/#organization","name":"Snowhouse inc.","alternateName":"Snowhouse","url":"https:\/\/snowhouse.ca\/","logo":{"@type":"ImageObject","inLanguage":"fr-CA","@id":"https:\/\/snowhouse.ca\/#\/schema\/logo\/image\/","url":"https:\/\/snowhouse.ca\/wp-content\/uploads\/2025\/07\/SnowHouse-Logo.png","contentUrl":"https:\/\/snowhouse.ca\/wp-content\/uploads\/2025\/07\/SnowHouse-Logo.png","width":508,"height":136,"caption":"Snowhouse inc."},"image":{"@id":"https:\/\/snowhouse.ca\/#\/schema\/logo\/image\/"}}]}},"_links":{"self":[{"href":"http:\/\/snowhouse.ca\/fr\/wp-json\/wp\/v2\/product\/312","targetHints":{"allow":["GET"]}}],"collection":[{"href":"http:\/\/snowhouse.ca\/fr\/wp-json\/wp\/v2\/product"}],"about":[{"href":"http:\/\/snowhouse.ca\/fr\/wp-json\/wp\/v2\/types\/product"}],"wp:featuredmedia":[{"embeddable":true,"href":"http:\/\/snowhouse.ca\/fr\/wp-json\/wp\/v2\/media\/313"}],"wp:attachment":[{"href":"http:\/\/snowhouse.ca\/fr\/wp-json\/wp\/v2\/media?parent=312"}],"wp:term":[{"taxonomy":"product_brand","embeddable":true,"href":"http:\/\/snowhouse.ca\/fr\/wp-json\/wp\/v2\/product_brand?post=312"},{"taxonomy":"product_cat","embeddable":true,"href":"http:\/\/snowhouse.ca\/fr\/wp-json\/wp\/v2\/product_cat?post=312"},{"taxonomy":"product_tag","embeddable":true,"href":"http:\/\/snowhouse.ca\/fr\/wp-json\/wp\/v2\/product_tag?post=312"},{"taxonomy":"document","embeddable":true,"href":"http:\/\/snowhouse.ca\/fr\/wp-json\/wp\/v2\/document?post=312"}],"curies":[{"name":"wp","href":"https:\/\/api.w.org\/{rel}","templated":true}]}}