{"id":317,"date":"2025-07-23T01:35:30","date_gmt":"2025-07-23T01:35:30","guid":{"rendered":"https:\/\/snowhouse.ca\/produit\/c-red-3-very-high-speed-swap-optimized-ingaas-swir-camera\/"},"modified":"2025-11-17T16:42:02","modified_gmt":"2025-11-17T16:42:02","slug":"c-red-3-very-high-speed-swap-optimized-ingaas-swir-camera","status":"publish","type":"product","link":"http:\/\/snowhouse.ca\/fr\/produit\/cameras-spectrographs\/swir-cameras\/c-red-3-very-high-speed-swap-optimized-ingaas-swir-camera\/","title":{"rendered":"C-RED 3"},"content":{"rendered":"<p><strong>C-RED 3 CAM\u00c9RA INGAAS SWIR OPTIMIS\u00c9E \u00c0 TR\u00c8S HAUTE VITESSE<\/strong><\/p>\n<p><strong>CARACT\u00c9RISTIQUES PRINCIPALES<\/strong><\/p>\n<p>\u2013 jusqu&#039;\u00e0 600 FPS plein format<br \/>\n\u2013 &lt; 40 e bruit de lecture<br \/>\n\u2013 BIAS adaptatif (brevet en instance)<br \/>\n\u2013 Plage dynamique lin\u00e9aire de 93 dB et v\u00e9ritable image 16 bits<\/p>\n<p><strong>AUTRES CARACT\u00c9RISTIQUES<\/strong><\/p>\n<p>\u2013 D\u00e9tecteur VGA InGaAs TECless 640 x 512 pixels 15 \u00b5m<br \/>\n\u2013 Longueur d&#039;onde de 0,9 \u00e0 1,7 \u00b5m et 70% QE<br \/>\n\u2013 Obturateur \u00e9lectronique &lt; 5 \u00b5s<br \/>\n\u2013 Correction de non-uniformit\u00e9<br \/>\n\u2013 ROI pour une vitesse accrue<br \/>\n\u2013 USB 3.1 Gen 1 ou CameraLink<br \/>\n\u2013 Interface optique possible : monture C, monture CS, monture T<\/p>","protected":false},"excerpt":{"rendered":"<p>Cam\u00e9ra SWIR tr\u00e8s rapide et compacte<\/p>","protected":false},"featured_media":318,"template":"","meta":[],"product_brand":[551],"product_cat":[49],"product_tag":[],"document":[],"class_list":{"0":"post-317","1":"product","2":"type-product","3":"status-publish","4":"has-post-thumbnail","6":"product_brand-andor","7":"product_cat-swir-cameras","9":"first","10":"instock","11":"purchasable","12":"product-type-simple"},"yoast_head":"<!-- This site is optimized with the Yoast SEO plugin v26.8 - https:\/\/yoast.com\/product\/yoast-seo-wordpress\/ -->\n<title>C-RED 3 - SnowHouse<\/title>\n<meta name=\"description\" content=\"Very High Speed and Compact SWIR Camera\" \/>\n<meta name=\"robots\" content=\"index, follow, max-snippet:-1, max-image-preview:large, max-video-preview:-1\" \/>\n<link rel=\"canonical\" href=\"https:\/\/snowhouse.ca\/fr\/product\/cameras-spectrographs\/swir-cameras\/c-red-3-very-high-speed-swap-optimized-ingaas-swir-camera\/\" \/>\n<meta property=\"og:locale\" content=\"fr_CA\" \/>\n<meta property=\"og:type\" content=\"article\" \/>\n<meta property=\"og:title\" content=\"C-RED 3 - SnowHouse\" \/>\n<meta property=\"og:description\" content=\"Very High Speed and Compact SWIR Camera\" \/>\n<meta property=\"og:url\" content=\"https:\/\/snowhouse.ca\/fr\/product\/cameras-spectrographs\/swir-cameras\/c-red-3-very-high-speed-swap-optimized-ingaas-swir-camera\/\" \/>\n<meta property=\"og:site_name\" content=\"SnowHouse\" \/>\n<meta property=\"article:modified_time\" content=\"2025-11-17T16:42:02+00:00\" \/>\n<meta property=\"og:image\" content=\"https:\/\/snowhouse.ca\/wp-content\/uploads\/2025\/07\/92882.png\" \/>\n\t<meta property=\"og:image:width\" content=\"170\" \/>\n\t<meta property=\"og:image:height\" content=\"151\" \/>\n\t<meta property=\"og:image:type\" content=\"image\/png\" \/>\n<meta name=\"twitter:card\" content=\"summary_large_image\" \/>\n<meta name=\"twitter:label1\" content=\"Estimation du temps de lecture\" \/>\n\t<meta name=\"twitter:data1\" content=\"1 minute\" \/>\n<script type=\"application\/ld+json\" class=\"yoast-schema-graph\">{\"@context\":\"https:\/\/schema.org\",\"@graph\":[{\"@type\":\"WebPage\",\"@id\":\"https:\/\/snowhouse.ca\/product\/cameras-spectrographs\/swir-cameras\/c-red-3-very-high-speed-swap-optimized-ingaas-swir-camera\/\",\"url\":\"https:\/\/snowhouse.ca\/product\/cameras-spectrographs\/swir-cameras\/c-red-3-very-high-speed-swap-optimized-ingaas-swir-camera\/\",\"name\":\"C-RED 3 - SnowHouse\",\"isPartOf\":{\"@id\":\"https:\/\/snowhouse.ca\/#website\"},\"primaryImageOfPage\":{\"@id\":\"https:\/\/snowhouse.ca\/product\/cameras-spectrographs\/swir-cameras\/c-red-3-very-high-speed-swap-optimized-ingaas-swir-camera\/#primaryimage\"},\"image\":{\"@id\":\"https:\/\/snowhouse.ca\/product\/cameras-spectrographs\/swir-cameras\/c-red-3-very-high-speed-swap-optimized-ingaas-swir-camera\/#primaryimage\"},\"thumbnailUrl\":\"https:\/\/snowhouse.ca\/wp-content\/uploads\/2025\/07\/92882.png?wsr\",\"datePublished\":\"2025-07-23T01:35:30+00:00\",\"dateModified\":\"2025-11-17T16:42:02+00:00\",\"description\":\"Very High Speed and Compact SWIR Camera\",\"breadcrumb\":{\"@id\":\"https:\/\/snowhouse.ca\/product\/cameras-spectrographs\/swir-cameras\/c-red-3-very-high-speed-swap-optimized-ingaas-swir-camera\/#breadcrumb\"},\"inLanguage\":\"fr-CA\",\"potentialAction\":[{\"@type\":\"ReadAction\",\"target\":[\"https:\/\/snowhouse.ca\/product\/cameras-spectrographs\/swir-cameras\/c-red-3-very-high-speed-swap-optimized-ingaas-swir-camera\/\"]}]},{\"@type\":\"ImageObject\",\"inLanguage\":\"fr-CA\",\"@id\":\"https:\/\/snowhouse.ca\/product\/cameras-spectrographs\/swir-cameras\/c-red-3-very-high-speed-swap-optimized-ingaas-swir-camera\/#primaryimage\",\"url\":\"https:\/\/snowhouse.ca\/wp-content\/uploads\/2025\/07\/92882.png?wsr\",\"contentUrl\":\"https:\/\/snowhouse.ca\/wp-content\/uploads\/2025\/07\/92882.png?wsr\",\"width\":170,\"height\":151},{\"@type\":\"BreadcrumbList\",\"@id\":\"https:\/\/snowhouse.ca\/product\/cameras-spectrographs\/swir-cameras\/c-red-3-very-high-speed-swap-optimized-ingaas-swir-camera\/#breadcrumb\",\"itemListElement\":[{\"@type\":\"ListItem\",\"position\":1,\"name\":\"Home\",\"item\":\"https:\/\/snowhouse.ca\/\"},{\"@type\":\"ListItem\",\"position\":2,\"name\":\"Products\",\"item\":\"https:\/\/snowhouse.ca\/products\/\"},{\"@type\":\"ListItem\",\"position\":3,\"name\":\"C-RED 3\"}]},{\"@type\":\"WebSite\",\"@id\":\"https:\/\/snowhouse.ca\/#website\",\"url\":\"https:\/\/snowhouse.ca\/\",\"name\":\"SnowHouse\",\"description\":\"Trusted Scientific Instruments\",\"publisher\":{\"@id\":\"https:\/\/snowhouse.ca\/#organization\"},\"potentialAction\":[{\"@type\":\"SearchAction\",\"target\":{\"@type\":\"EntryPoint\",\"urlTemplate\":\"https:\/\/snowhouse.ca\/?s={search_term_string}\"},\"query-input\":{\"@type\":\"PropertyValueSpecification\",\"valueRequired\":true,\"valueName\":\"search_term_string\"}}],\"inLanguage\":\"fr-CA\"},{\"@type\":\"Organization\",\"@id\":\"https:\/\/snowhouse.ca\/#organization\",\"name\":\"Snowhouse inc.\",\"alternateName\":\"Snowhouse\",\"url\":\"https:\/\/snowhouse.ca\/\",\"logo\":{\"@type\":\"ImageObject\",\"inLanguage\":\"fr-CA\",\"@id\":\"https:\/\/snowhouse.ca\/#\/schema\/logo\/image\/\",\"url\":\"https:\/\/snowhouse.ca\/wp-content\/uploads\/2025\/07\/SnowHouse-Logo.png\",\"contentUrl\":\"https:\/\/snowhouse.ca\/wp-content\/uploads\/2025\/07\/SnowHouse-Logo.png\",\"width\":508,\"height\":136,\"caption\":\"Snowhouse inc.\"},\"image\":{\"@id\":\"https:\/\/snowhouse.ca\/#\/schema\/logo\/image\/\"}}]}<\/script>\n<!-- \/ Yoast SEO plugin. -->","yoast_head_json":{"title":"C-RED 3 - SnowHouse","description":"Cam\u00e9ra SWIR tr\u00e8s rapide et compacte","robots":{"index":"index","follow":"follow","max-snippet":"max-snippet:-1","max-image-preview":"max-image-preview:large","max-video-preview":"max-video-preview:-1"},"canonical":"https:\/\/snowhouse.ca\/fr\/product\/cameras-spectrographs\/swir-cameras\/c-red-3-very-high-speed-swap-optimized-ingaas-swir-camera\/","og_locale":"fr_CA","og_type":"article","og_title":"C-RED 3 - SnowHouse","og_description":"Very High Speed and Compact SWIR Camera","og_url":"https:\/\/snowhouse.ca\/fr\/product\/cameras-spectrographs\/swir-cameras\/c-red-3-very-high-speed-swap-optimized-ingaas-swir-camera\/","og_site_name":"SnowHouse","article_modified_time":"2025-11-17T16:42:02+00:00","og_image":[{"width":170,"height":151,"url":"https:\/\/snowhouse.ca\/wp-content\/uploads\/2025\/07\/92882.png","type":"image\/png"}],"twitter_card":"summary_large_image","twitter_misc":{"Estimation du temps de lecture":"1 minute"},"schema":{"@context":"https:\/\/schema.org","@graph":[{"@type":"WebPage","@id":"https:\/\/snowhouse.ca\/product\/cameras-spectrographs\/swir-cameras\/c-red-3-very-high-speed-swap-optimized-ingaas-swir-camera\/","url":"https:\/\/snowhouse.ca\/product\/cameras-spectrographs\/swir-cameras\/c-red-3-very-high-speed-swap-optimized-ingaas-swir-camera\/","name":"C-RED 3 - SnowHouse","isPartOf":{"@id":"https:\/\/snowhouse.ca\/#website"},"primaryImageOfPage":{"@id":"https:\/\/snowhouse.ca\/product\/cameras-spectrographs\/swir-cameras\/c-red-3-very-high-speed-swap-optimized-ingaas-swir-camera\/#primaryimage"},"image":{"@id":"https:\/\/snowhouse.ca\/product\/cameras-spectrographs\/swir-cameras\/c-red-3-very-high-speed-swap-optimized-ingaas-swir-camera\/#primaryimage"},"thumbnailUrl":"https:\/\/snowhouse.ca\/wp-content\/uploads\/2025\/07\/92882.png?wsr","datePublished":"2025-07-23T01:35:30+00:00","dateModified":"2025-11-17T16:42:02+00:00","description":"Cam\u00e9ra SWIR tr\u00e8s rapide et compacte","breadcrumb":{"@id":"https:\/\/snowhouse.ca\/product\/cameras-spectrographs\/swir-cameras\/c-red-3-very-high-speed-swap-optimized-ingaas-swir-camera\/#breadcrumb"},"inLanguage":"fr-CA","potentialAction":[{"@type":"ReadAction","target":["https:\/\/snowhouse.ca\/product\/cameras-spectrographs\/swir-cameras\/c-red-3-very-high-speed-swap-optimized-ingaas-swir-camera\/"]}]},{"@type":"ImageObject","inLanguage":"fr-CA","@id":"https:\/\/snowhouse.ca\/product\/cameras-spectrographs\/swir-cameras\/c-red-3-very-high-speed-swap-optimized-ingaas-swir-camera\/#primaryimage","url":"https:\/\/snowhouse.ca\/wp-content\/uploads\/2025\/07\/92882.png?wsr","contentUrl":"https:\/\/snowhouse.ca\/wp-content\/uploads\/2025\/07\/92882.png?wsr","width":170,"height":151},{"@type":"BreadcrumbList","@id":"https:\/\/snowhouse.ca\/product\/cameras-spectrographs\/swir-cameras\/c-red-3-very-high-speed-swap-optimized-ingaas-swir-camera\/#breadcrumb","itemListElement":[{"@type":"ListItem","position":1,"name":"Home","item":"https:\/\/snowhouse.ca\/"},{"@type":"ListItem","position":2,"name":"Products","item":"https:\/\/snowhouse.ca\/products\/"},{"@type":"ListItem","position":3,"name":"C-RED 3"}]},{"@type":"WebSite","@id":"https:\/\/snowhouse.ca\/#website","url":"https:\/\/snowhouse.ca\/","name":"Maison de neige","description":"Instruments scientifiques de confiance","publisher":{"@id":"https:\/\/snowhouse.ca\/#organization"},"potentialAction":[{"@type":"SearchAction","target":{"@type":"EntryPoint","urlTemplate":"https:\/\/snowhouse.ca\/?s={search_term_string}"},"query-input":{"@type":"PropertyValueSpecification","valueRequired":true,"valueName":"search_term_string"}}],"inLanguage":"fr-CA"},{"@type":"Organization","@id":"https:\/\/snowhouse.ca\/#organization","name":"Snowhouse inc.","alternateName":"Snowhouse","url":"https:\/\/snowhouse.ca\/","logo":{"@type":"ImageObject","inLanguage":"fr-CA","@id":"https:\/\/snowhouse.ca\/#\/schema\/logo\/image\/","url":"https:\/\/snowhouse.ca\/wp-content\/uploads\/2025\/07\/SnowHouse-Logo.png","contentUrl":"https:\/\/snowhouse.ca\/wp-content\/uploads\/2025\/07\/SnowHouse-Logo.png","width":508,"height":136,"caption":"Snowhouse inc."},"image":{"@id":"https:\/\/snowhouse.ca\/#\/schema\/logo\/image\/"}}]}},"_links":{"self":[{"href":"http:\/\/snowhouse.ca\/fr\/wp-json\/wp\/v2\/product\/317","targetHints":{"allow":["GET"]}}],"collection":[{"href":"http:\/\/snowhouse.ca\/fr\/wp-json\/wp\/v2\/product"}],"about":[{"href":"http:\/\/snowhouse.ca\/fr\/wp-json\/wp\/v2\/types\/product"}],"wp:featuredmedia":[{"embeddable":true,"href":"http:\/\/snowhouse.ca\/fr\/wp-json\/wp\/v2\/media\/318"}],"wp:attachment":[{"href":"http:\/\/snowhouse.ca\/fr\/wp-json\/wp\/v2\/media?parent=317"}],"wp:term":[{"taxonomy":"product_brand","embeddable":true,"href":"http:\/\/snowhouse.ca\/fr\/wp-json\/wp\/v2\/product_brand?post=317"},{"taxonomy":"product_cat","embeddable":true,"href":"http:\/\/snowhouse.ca\/fr\/wp-json\/wp\/v2\/product_cat?post=317"},{"taxonomy":"product_tag","embeddable":true,"href":"http:\/\/snowhouse.ca\/fr\/wp-json\/wp\/v2\/product_tag?post=317"},{"taxonomy":"document","embeddable":true,"href":"http:\/\/snowhouse.ca\/fr\/wp-json\/wp\/v2\/document?post=317"}],"curies":[{"name":"wp","href":"https:\/\/api.w.org\/{rel}","templated":true}]}}