{"id":323,"date":"2025-07-23T01:35:30","date_gmt":"2025-07-23T01:35:30","guid":{"rendered":"https:\/\/snowhouse.ca\/produit\/c-red-2-extended-range-eswir-high-speed-low-noise-ingaas-camera\/"},"modified":"2026-04-22T16:13:16","modified_gmt":"2026-04-22T16:13:16","slug":"c-red-2-extended-range-eswir-high-speed-low-noise-ingaas-camera","status":"publish","type":"product","link":"http:\/\/snowhouse.ca\/fr\/produit\/cameras-spectrographs\/swir-cameras\/c-red-2-extended-range-eswir-high-speed-low-noise-ingaas-camera\/","title":{"rendered":"C-RED 2 ER"},"content":{"rendered":"<p><strong>C-RED 2 EXTENDED RANGE, HIGH SPEED, LOW NOISE, InGaAs SWIR CAMERA<\/strong><\/p>\n<p><strong>CARACT\u00c9RISTIQUES PRINCIPALES<\/strong><\/p>\n<p>\u2013 jusqu&#039;\u00e0 600 FPS plein format<br \/>\n\u2013 Disponible en 2 versions :<br \/>\n\u2013 1,1 \u00e0 1,9 \u00b5m<br \/>\n\u2013 1,3 \u00e0 2,2 \u00b5m<br \/>\n&#8211; 32 e- OR 36 e- readout noise<\/p>\n<p><strong>AUTRES CARACT\u00c9RISTIQUES<\/strong><\/p>\n<p>\u2013 Capteur InGaAs 640 x 512<br \/>\n\u2013 Fen\u00eatrage<br \/>\n\u2013 Obturateur \u00e9lectronique &lt; 5 \u00b5s<br \/>\n\u2013 Corrections d\u2019images int\u00e9gr\u00e9es<br \/>\n\u2013 Refroidissement par air ou liquide (ambiant)<br \/>\n\u2013 Interface : USB-3 super rapide ou CameraLink\u00ae<br \/>\n\u2013 Monture C<\/p>","protected":false},"excerpt":{"rendered":"<p>Cam\u00e9ra SWIR \u00e0 port\u00e9e \u00e9tendue 1,9 \u03bcm et 2,2 \u03bcm<\/p>","protected":false},"featured_media":324,"template":"","meta":[],"product_brand":[551],"product_cat":[49],"product_tag":[],"document":[],"class_list":{"0":"post-323","1":"product","2":"type-product","3":"status-publish","4":"has-post-thumbnail","6":"product_brand-andor","7":"product_cat-swir-cameras","9":"first","10":"instock","11":"purchasable","12":"product-type-simple"},"yoast_head":"<!-- This site is optimized with the Yoast SEO plugin v26.8 - https:\/\/yoast.com\/product\/yoast-seo-wordpress\/ -->\n<title>C-RED 2 ER - SnowHouse<\/title>\n<meta name=\"description\" content=\"1.9 \u03bcm &amp; 2.2 \u03bcm Extended Range SWIR Camera\" \/>\n<meta name=\"robots\" content=\"index, follow, max-snippet:-1, max-image-preview:large, max-video-preview:-1\" \/>\n<link rel=\"canonical\" href=\"https:\/\/snowhouse.ca\/fr\/product\/cameras-spectrographs\/swir-cameras\/c-red-2-extended-range-eswir-high-speed-low-noise-ingaas-camera\/\" \/>\n<meta property=\"og:locale\" content=\"fr_CA\" \/>\n<meta property=\"og:type\" content=\"article\" \/>\n<meta property=\"og:title\" content=\"C-RED 2 ER - SnowHouse\" \/>\n<meta property=\"og:description\" content=\"1.9 \u03bcm &amp; 2.2 \u03bcm Extended Range SWIR Camera\" \/>\n<meta property=\"og:url\" content=\"https:\/\/snowhouse.ca\/fr\/product\/cameras-spectrographs\/swir-cameras\/c-red-2-extended-range-eswir-high-speed-low-noise-ingaas-camera\/\" \/>\n<meta property=\"og:site_name\" content=\"SnowHouse\" \/>\n<meta property=\"article:modified_time\" content=\"2026-04-22T16:13:16+00:00\" \/>\n<meta property=\"og:image\" content=\"https:\/\/snowhouse.ca\/wp-content\/uploads\/2025\/07\/92881.png?wsr\" \/>\n\t<meta property=\"og:image:width\" content=\"250\" \/>\n\t<meta property=\"og:image:height\" content=\"162\" \/>\n\t<meta property=\"og:image:type\" content=\"image\/png\" \/>\n<meta name=\"twitter:card\" content=\"summary_large_image\" \/>\n<meta name=\"twitter:label1\" content=\"Estimation du temps de lecture\" \/>\n\t<meta name=\"twitter:data1\" content=\"1 minute\" \/>\n<script type=\"application\/ld+json\" class=\"yoast-schema-graph\">{\"@context\":\"https:\/\/schema.org\",\"@graph\":[{\"@type\":\"WebPage\",\"@id\":\"https:\/\/snowhouse.ca\/product\/cameras-spectrographs\/swir-cameras\/c-red-2-extended-range-eswir-high-speed-low-noise-ingaas-camera\/\",\"url\":\"https:\/\/snowhouse.ca\/product\/cameras-spectrographs\/swir-cameras\/c-red-2-extended-range-eswir-high-speed-low-noise-ingaas-camera\/\",\"name\":\"C-RED 2 ER - SnowHouse\",\"isPartOf\":{\"@id\":\"https:\/\/snowhouse.ca\/#website\"},\"primaryImageOfPage\":{\"@id\":\"https:\/\/snowhouse.ca\/product\/cameras-spectrographs\/swir-cameras\/c-red-2-extended-range-eswir-high-speed-low-noise-ingaas-camera\/#primaryimage\"},\"image\":{\"@id\":\"https:\/\/snowhouse.ca\/product\/cameras-spectrographs\/swir-cameras\/c-red-2-extended-range-eswir-high-speed-low-noise-ingaas-camera\/#primaryimage\"},\"thumbnailUrl\":\"https:\/\/snowhouse.ca\/wp-content\/uploads\/2025\/07\/92881.png?wsr\",\"datePublished\":\"2025-07-23T01:35:30+00:00\",\"dateModified\":\"2026-04-22T16:13:16+00:00\",\"description\":\"1.9 \u03bcm & 2.2 \u03bcm Extended Range SWIR Camera\",\"breadcrumb\":{\"@id\":\"https:\/\/snowhouse.ca\/product\/cameras-spectrographs\/swir-cameras\/c-red-2-extended-range-eswir-high-speed-low-noise-ingaas-camera\/#breadcrumb\"},\"inLanguage\":\"fr-CA\",\"potentialAction\":[{\"@type\":\"ReadAction\",\"target\":[\"https:\/\/snowhouse.ca\/product\/cameras-spectrographs\/swir-cameras\/c-red-2-extended-range-eswir-high-speed-low-noise-ingaas-camera\/\"]}]},{\"@type\":\"ImageObject\",\"inLanguage\":\"fr-CA\",\"@id\":\"https:\/\/snowhouse.ca\/product\/cameras-spectrographs\/swir-cameras\/c-red-2-extended-range-eswir-high-speed-low-noise-ingaas-camera\/#primaryimage\",\"url\":\"https:\/\/snowhouse.ca\/wp-content\/uploads\/2025\/07\/92881.png?wsr\",\"contentUrl\":\"https:\/\/snowhouse.ca\/wp-content\/uploads\/2025\/07\/92881.png?wsr\",\"width\":250,\"height\":162},{\"@type\":\"BreadcrumbList\",\"@id\":\"https:\/\/snowhouse.ca\/product\/cameras-spectrographs\/swir-cameras\/c-red-2-extended-range-eswir-high-speed-low-noise-ingaas-camera\/#breadcrumb\",\"itemListElement\":[{\"@type\":\"ListItem\",\"position\":1,\"name\":\"Home\",\"item\":\"https:\/\/snowhouse.ca\/\"},{\"@type\":\"ListItem\",\"position\":2,\"name\":\"Products\",\"item\":\"https:\/\/snowhouse.ca\/products\/\"},{\"@type\":\"ListItem\",\"position\":3,\"name\":\"C-RED 2 ER\"}]},{\"@type\":\"WebSite\",\"@id\":\"https:\/\/snowhouse.ca\/#website\",\"url\":\"https:\/\/snowhouse.ca\/\",\"name\":\"SnowHouse\",\"description\":\"Trusted Scientific Instruments\",\"publisher\":{\"@id\":\"https:\/\/snowhouse.ca\/#organization\"},\"potentialAction\":[{\"@type\":\"SearchAction\",\"target\":{\"@type\":\"EntryPoint\",\"urlTemplate\":\"https:\/\/snowhouse.ca\/?s={search_term_string}\"},\"query-input\":{\"@type\":\"PropertyValueSpecification\",\"valueRequired\":true,\"valueName\":\"search_term_string\"}}],\"inLanguage\":\"fr-CA\"},{\"@type\":\"Organization\",\"@id\":\"https:\/\/snowhouse.ca\/#organization\",\"name\":\"Snowhouse inc.\",\"alternateName\":\"Snowhouse\",\"url\":\"https:\/\/snowhouse.ca\/\",\"logo\":{\"@type\":\"ImageObject\",\"inLanguage\":\"fr-CA\",\"@id\":\"https:\/\/snowhouse.ca\/#\/schema\/logo\/image\/\",\"url\":\"https:\/\/snowhouse.ca\/wp-content\/uploads\/2025\/07\/SnowHouse-Logo.png\",\"contentUrl\":\"https:\/\/snowhouse.ca\/wp-content\/uploads\/2025\/07\/SnowHouse-Logo.png\",\"width\":508,\"height\":136,\"caption\":\"Snowhouse inc.\"},\"image\":{\"@id\":\"https:\/\/snowhouse.ca\/#\/schema\/logo\/image\/\"}}]}<\/script>\n<!-- \/ Yoast SEO plugin. -->","yoast_head_json":{"title":"C-RED 2 ER - SnowHouse","description":"1.9 \u03bcm & 2.2 \u03bcm Extended Range SWIR Camera","robots":{"index":"index","follow":"follow","max-snippet":"max-snippet:-1","max-image-preview":"max-image-preview:large","max-video-preview":"max-video-preview:-1"},"canonical":"https:\/\/snowhouse.ca\/fr\/product\/cameras-spectrographs\/swir-cameras\/c-red-2-extended-range-eswir-high-speed-low-noise-ingaas-camera\/","og_locale":"fr_CA","og_type":"article","og_title":"C-RED 2 ER - SnowHouse","og_description":"1.9 \u03bcm & 2.2 \u03bcm Extended Range SWIR Camera","og_url":"https:\/\/snowhouse.ca\/fr\/product\/cameras-spectrographs\/swir-cameras\/c-red-2-extended-range-eswir-high-speed-low-noise-ingaas-camera\/","og_site_name":"SnowHouse","article_modified_time":"2026-04-22T16:13:16+00:00","og_image":[{"width":250,"height":162,"url":"https:\/\/snowhouse.ca\/wp-content\/uploads\/2025\/07\/92881.png?wsr","type":"image\/png"}],"twitter_card":"summary_large_image","twitter_misc":{"Estimation du temps de lecture":"1 minute"},"schema":{"@context":"https:\/\/schema.org","@graph":[{"@type":"WebPage","@id":"https:\/\/snowhouse.ca\/product\/cameras-spectrographs\/swir-cameras\/c-red-2-extended-range-eswir-high-speed-low-noise-ingaas-camera\/","url":"https:\/\/snowhouse.ca\/product\/cameras-spectrographs\/swir-cameras\/c-red-2-extended-range-eswir-high-speed-low-noise-ingaas-camera\/","name":"C-RED 2 ER - SnowHouse","isPartOf":{"@id":"https:\/\/snowhouse.ca\/#website"},"primaryImageOfPage":{"@id":"https:\/\/snowhouse.ca\/product\/cameras-spectrographs\/swir-cameras\/c-red-2-extended-range-eswir-high-speed-low-noise-ingaas-camera\/#primaryimage"},"image":{"@id":"https:\/\/snowhouse.ca\/product\/cameras-spectrographs\/swir-cameras\/c-red-2-extended-range-eswir-high-speed-low-noise-ingaas-camera\/#primaryimage"},"thumbnailUrl":"https:\/\/snowhouse.ca\/wp-content\/uploads\/2025\/07\/92881.png?wsr","datePublished":"2025-07-23T01:35:30+00:00","dateModified":"2026-04-22T16:13:16+00:00","description":"1.9 \u03bcm & 2.2 \u03bcm Extended Range SWIR Camera","breadcrumb":{"@id":"https:\/\/snowhouse.ca\/product\/cameras-spectrographs\/swir-cameras\/c-red-2-extended-range-eswir-high-speed-low-noise-ingaas-camera\/#breadcrumb"},"inLanguage":"fr-CA","potentialAction":[{"@type":"ReadAction","target":["https:\/\/snowhouse.ca\/product\/cameras-spectrographs\/swir-cameras\/c-red-2-extended-range-eswir-high-speed-low-noise-ingaas-camera\/"]}]},{"@type":"ImageObject","inLanguage":"fr-CA","@id":"https:\/\/snowhouse.ca\/product\/cameras-spectrographs\/swir-cameras\/c-red-2-extended-range-eswir-high-speed-low-noise-ingaas-camera\/#primaryimage","url":"https:\/\/snowhouse.ca\/wp-content\/uploads\/2025\/07\/92881.png?wsr","contentUrl":"https:\/\/snowhouse.ca\/wp-content\/uploads\/2025\/07\/92881.png?wsr","width":250,"height":162},{"@type":"BreadcrumbList","@id":"https:\/\/snowhouse.ca\/product\/cameras-spectrographs\/swir-cameras\/c-red-2-extended-range-eswir-high-speed-low-noise-ingaas-camera\/#breadcrumb","itemListElement":[{"@type":"ListItem","position":1,"name":"Home","item":"https:\/\/snowhouse.ca\/"},{"@type":"ListItem","position":2,"name":"Products","item":"https:\/\/snowhouse.ca\/products\/"},{"@type":"ListItem","position":3,"name":"C-RED 2 ER"}]},{"@type":"WebSite","@id":"https:\/\/snowhouse.ca\/#website","url":"https:\/\/snowhouse.ca\/","name":"Maison de neige","description":"Instruments scientifiques de confiance","publisher":{"@id":"https:\/\/snowhouse.ca\/#organization"},"potentialAction":[{"@type":"SearchAction","target":{"@type":"EntryPoint","urlTemplate":"https:\/\/snowhouse.ca\/?s={search_term_string}"},"query-input":{"@type":"PropertyValueSpecification","valueRequired":true,"valueName":"search_term_string"}}],"inLanguage":"fr-CA"},{"@type":"Organization","@id":"https:\/\/snowhouse.ca\/#organization","name":"Snowhouse inc.","alternateName":"Snowhouse","url":"https:\/\/snowhouse.ca\/","logo":{"@type":"ImageObject","inLanguage":"fr-CA","@id":"https:\/\/snowhouse.ca\/#\/schema\/logo\/image\/","url":"https:\/\/snowhouse.ca\/wp-content\/uploads\/2025\/07\/SnowHouse-Logo.png","contentUrl":"https:\/\/snowhouse.ca\/wp-content\/uploads\/2025\/07\/SnowHouse-Logo.png","width":508,"height":136,"caption":"Snowhouse inc."},"image":{"@id":"https:\/\/snowhouse.ca\/#\/schema\/logo\/image\/"}}]}},"_links":{"self":[{"href":"http:\/\/snowhouse.ca\/fr\/wp-json\/wp\/v2\/product\/323","targetHints":{"allow":["GET"]}}],"collection":[{"href":"http:\/\/snowhouse.ca\/fr\/wp-json\/wp\/v2\/product"}],"about":[{"href":"http:\/\/snowhouse.ca\/fr\/wp-json\/wp\/v2\/types\/product"}],"wp:featuredmedia":[{"embeddable":true,"href":"http:\/\/snowhouse.ca\/fr\/wp-json\/wp\/v2\/media\/324"}],"wp:attachment":[{"href":"http:\/\/snowhouse.ca\/fr\/wp-json\/wp\/v2\/media?parent=323"}],"wp:term":[{"taxonomy":"product_brand","embeddable":true,"href":"http:\/\/snowhouse.ca\/fr\/wp-json\/wp\/v2\/product_brand?post=323"},{"taxonomy":"product_cat","embeddable":true,"href":"http:\/\/snowhouse.ca\/fr\/wp-json\/wp\/v2\/product_cat?post=323"},{"taxonomy":"product_tag","embeddable":true,"href":"http:\/\/snowhouse.ca\/fr\/wp-json\/wp\/v2\/product_tag?post=323"},{"taxonomy":"document","embeddable":true,"href":"http:\/\/snowhouse.ca\/fr\/wp-json\/wp\/v2\/document?post=323"}],"curies":[{"name":"wp","href":"https:\/\/api.w.org\/{rel}","templated":true}]}}