{"id":325,"date":"2025-07-23T01:35:30","date_gmt":"2025-07-23T01:35:30","guid":{"rendered":"https:\/\/snowhouse.ca\/produit\/c-red-2-very-high-speed-ultra-low-dark-scientific-ingaas-infrared-camera\/"},"modified":"2026-04-22T16:07:38","modified_gmt":"2026-04-22T16:07:38","slug":"c-red-2-very-high-speed-ultra-low-dark-scientific-ingaas-infrared-camera","status":"publish","type":"product","link":"http:\/\/snowhouse.ca\/fr\/produit\/cameras-spectrographs\/swir-cameras\/c-red-2-very-high-speed-ultra-low-dark-scientific-ingaas-infrared-camera\/","title":{"rendered":"C-Rouge 2"},"content":{"rendered":"<p><strong>C-RED 2 VERY HIGH SPEED ULTRA LOW NOISE, InGaAs SWIR CAMERA<\/strong><\/p>\n<p><strong>CARACT\u00c9RISTIQUES PRINCIPALES<\/strong><\/p>\n<p>\u2013 jusqu&#039;\u00e0 600 FPS plein format<br \/>\n&#8211; 23 e- Read Noise<br \/>\n\u2013 Plage dynamique lin\u00e9aire de 93 dB et v\u00e9ritable image 16 bits<br \/>\n\u2013 Optimisation en faible luminosit\u00e9 pour les temps d&#039;exposition longs pouvant atteindre plusieurs minutes<\/p>\n<p><strong>AUTRES CARACT\u00c9RISTIQUES<\/strong><\/p>\n<p>\u2013 Capteur InGaAs 640 x 512<br \/>\n\u2013 70% QE, longueur d&#039;onde de 0,9 \u00e0 1,7 \u00b5m<br \/>\n\u2013 Fen\u00eatrage<br \/>\n\u2013 Obturateur \u00e9lectronique &lt; 5 \u00b5s<br \/>\n\u2013 Mode IMRO embarqu\u00e9 et correction de non-uniformit\u00e9<br \/>\n\u2013 Refroidissement par air ou liquide (ambiant)<br \/>\n\u2013 Interface\u00a0: USB 3.0 ultrarapide ou CameraLink<br \/>\n\u2013 Monture C<\/p>","protected":false},"excerpt":{"rendered":"<p>Cam\u00e9ra SWIR \u00e0 tr\u00e8s haute vitesse et \u00e0 bruit ultra-faible<\/p>","protected":false},"featured_media":326,"template":"","meta":[],"product_brand":[551],"product_cat":[49],"product_tag":[],"document":[],"class_list":{"0":"post-325","1":"product","2":"type-product","3":"status-publish","4":"has-post-thumbnail","6":"product_brand-andor","7":"product_cat-swir-cameras","9":"first","10":"instock","11":"purchasable","12":"product-type-simple"},"yoast_head":"<!-- This site is optimized with the Yoast SEO plugin v26.8 - https:\/\/yoast.com\/product\/yoast-seo-wordpress\/ -->\n<title>C-Red 2 - SnowHouse<\/title>\n<meta name=\"description\" content=\"Very High Speed, Ultra Low Noise,SWIR Camera\" \/>\n<meta name=\"robots\" content=\"index, follow, max-snippet:-1, max-image-preview:large, max-video-preview:-1\" \/>\n<link rel=\"canonical\" href=\"https:\/\/snowhouse.ca\/fr\/product\/cameras-spectrographs\/swir-cameras\/c-red-2-very-high-speed-ultra-low-dark-scientific-ingaas-infrared-camera\/\" \/>\n<meta property=\"og:locale\" content=\"fr_CA\" \/>\n<meta property=\"og:type\" content=\"article\" \/>\n<meta property=\"og:title\" content=\"C-Red 2 - SnowHouse\" \/>\n<meta property=\"og:description\" content=\"Very High Speed, Ultra Low Noise,SWIR Camera\" \/>\n<meta property=\"og:url\" content=\"https:\/\/snowhouse.ca\/fr\/product\/cameras-spectrographs\/swir-cameras\/c-red-2-very-high-speed-ultra-low-dark-scientific-ingaas-infrared-camera\/\" \/>\n<meta property=\"og:site_name\" content=\"SnowHouse\" \/>\n<meta property=\"article:modified_time\" content=\"2026-04-22T16:07:38+00:00\" \/>\n<meta property=\"og:image\" content=\"https:\/\/snowhouse.ca\/wp-content\/uploads\/2025\/07\/92880.png?wsr\" \/>\n\t<meta property=\"og:image:width\" content=\"250\" \/>\n\t<meta property=\"og:image:height\" content=\"159\" \/>\n\t<meta property=\"og:image:type\" content=\"image\/png\" \/>\n<meta name=\"twitter:card\" content=\"summary_large_image\" \/>\n<meta name=\"twitter:label1\" content=\"Estimation du temps de lecture\" \/>\n\t<meta name=\"twitter:data1\" content=\"1 minute\" \/>\n<script type=\"application\/ld+json\" class=\"yoast-schema-graph\">{\"@context\":\"https:\/\/schema.org\",\"@graph\":[{\"@type\":\"WebPage\",\"@id\":\"https:\/\/snowhouse.ca\/product\/cameras-spectrographs\/swir-cameras\/c-red-2-very-high-speed-ultra-low-dark-scientific-ingaas-infrared-camera\/\",\"url\":\"https:\/\/snowhouse.ca\/product\/cameras-spectrographs\/swir-cameras\/c-red-2-very-high-speed-ultra-low-dark-scientific-ingaas-infrared-camera\/\",\"name\":\"C-Red 2 - SnowHouse\",\"isPartOf\":{\"@id\":\"https:\/\/snowhouse.ca\/#website\"},\"primaryImageOfPage\":{\"@id\":\"https:\/\/snowhouse.ca\/product\/cameras-spectrographs\/swir-cameras\/c-red-2-very-high-speed-ultra-low-dark-scientific-ingaas-infrared-camera\/#primaryimage\"},\"image\":{\"@id\":\"https:\/\/snowhouse.ca\/product\/cameras-spectrographs\/swir-cameras\/c-red-2-very-high-speed-ultra-low-dark-scientific-ingaas-infrared-camera\/#primaryimage\"},\"thumbnailUrl\":\"https:\/\/snowhouse.ca\/wp-content\/uploads\/2025\/07\/92880.png?wsr\",\"datePublished\":\"2025-07-23T01:35:30+00:00\",\"dateModified\":\"2026-04-22T16:07:38+00:00\",\"description\":\"Very High Speed, Ultra Low Noise,SWIR Camera\",\"breadcrumb\":{\"@id\":\"https:\/\/snowhouse.ca\/product\/cameras-spectrographs\/swir-cameras\/c-red-2-very-high-speed-ultra-low-dark-scientific-ingaas-infrared-camera\/#breadcrumb\"},\"inLanguage\":\"fr-CA\",\"potentialAction\":[{\"@type\":\"ReadAction\",\"target\":[\"https:\/\/snowhouse.ca\/product\/cameras-spectrographs\/swir-cameras\/c-red-2-very-high-speed-ultra-low-dark-scientific-ingaas-infrared-camera\/\"]}]},{\"@type\":\"ImageObject\",\"inLanguage\":\"fr-CA\",\"@id\":\"https:\/\/snowhouse.ca\/product\/cameras-spectrographs\/swir-cameras\/c-red-2-very-high-speed-ultra-low-dark-scientific-ingaas-infrared-camera\/#primaryimage\",\"url\":\"https:\/\/snowhouse.ca\/wp-content\/uploads\/2025\/07\/92880.png?wsr\",\"contentUrl\":\"https:\/\/snowhouse.ca\/wp-content\/uploads\/2025\/07\/92880.png?wsr\",\"width\":250,\"height\":159},{\"@type\":\"BreadcrumbList\",\"@id\":\"https:\/\/snowhouse.ca\/product\/cameras-spectrographs\/swir-cameras\/c-red-2-very-high-speed-ultra-low-dark-scientific-ingaas-infrared-camera\/#breadcrumb\",\"itemListElement\":[{\"@type\":\"ListItem\",\"position\":1,\"name\":\"Home\",\"item\":\"https:\/\/snowhouse.ca\/\"},{\"@type\":\"ListItem\",\"position\":2,\"name\":\"Products\",\"item\":\"https:\/\/snowhouse.ca\/products\/\"},{\"@type\":\"ListItem\",\"position\":3,\"name\":\"C-Red 2\"}]},{\"@type\":\"WebSite\",\"@id\":\"https:\/\/snowhouse.ca\/#website\",\"url\":\"https:\/\/snowhouse.ca\/\",\"name\":\"SnowHouse\",\"description\":\"Trusted Scientific Instruments\",\"publisher\":{\"@id\":\"https:\/\/snowhouse.ca\/#organization\"},\"potentialAction\":[{\"@type\":\"SearchAction\",\"target\":{\"@type\":\"EntryPoint\",\"urlTemplate\":\"https:\/\/snowhouse.ca\/?s={search_term_string}\"},\"query-input\":{\"@type\":\"PropertyValueSpecification\",\"valueRequired\":true,\"valueName\":\"search_term_string\"}}],\"inLanguage\":\"fr-CA\"},{\"@type\":\"Organization\",\"@id\":\"https:\/\/snowhouse.ca\/#organization\",\"name\":\"Snowhouse inc.\",\"alternateName\":\"Snowhouse\",\"url\":\"https:\/\/snowhouse.ca\/\",\"logo\":{\"@type\":\"ImageObject\",\"inLanguage\":\"fr-CA\",\"@id\":\"https:\/\/snowhouse.ca\/#\/schema\/logo\/image\/\",\"url\":\"https:\/\/snowhouse.ca\/wp-content\/uploads\/2025\/07\/SnowHouse-Logo.png\",\"contentUrl\":\"https:\/\/snowhouse.ca\/wp-content\/uploads\/2025\/07\/SnowHouse-Logo.png\",\"width\":508,\"height\":136,\"caption\":\"Snowhouse inc.\"},\"image\":{\"@id\":\"https:\/\/snowhouse.ca\/#\/schema\/logo\/image\/\"}}]}<\/script>\n<!-- \/ Yoast SEO plugin. -->","yoast_head_json":{"title":"C-Red 2 - SnowHouse","description":"Very High Speed, Ultra Low Noise,SWIR Camera","robots":{"index":"index","follow":"follow","max-snippet":"max-snippet:-1","max-image-preview":"max-image-preview:large","max-video-preview":"max-video-preview:-1"},"canonical":"https:\/\/snowhouse.ca\/fr\/product\/cameras-spectrographs\/swir-cameras\/c-red-2-very-high-speed-ultra-low-dark-scientific-ingaas-infrared-camera\/","og_locale":"fr_CA","og_type":"article","og_title":"C-Red 2 - SnowHouse","og_description":"Very High Speed, Ultra Low Noise,SWIR Camera","og_url":"https:\/\/snowhouse.ca\/fr\/product\/cameras-spectrographs\/swir-cameras\/c-red-2-very-high-speed-ultra-low-dark-scientific-ingaas-infrared-camera\/","og_site_name":"SnowHouse","article_modified_time":"2026-04-22T16:07:38+00:00","og_image":[{"width":250,"height":159,"url":"https:\/\/snowhouse.ca\/wp-content\/uploads\/2025\/07\/92880.png?wsr","type":"image\/png"}],"twitter_card":"summary_large_image","twitter_misc":{"Estimation du temps de lecture":"1 minute"},"schema":{"@context":"https:\/\/schema.org","@graph":[{"@type":"WebPage","@id":"https:\/\/snowhouse.ca\/product\/cameras-spectrographs\/swir-cameras\/c-red-2-very-high-speed-ultra-low-dark-scientific-ingaas-infrared-camera\/","url":"https:\/\/snowhouse.ca\/product\/cameras-spectrographs\/swir-cameras\/c-red-2-very-high-speed-ultra-low-dark-scientific-ingaas-infrared-camera\/","name":"C-Red 2 - SnowHouse","isPartOf":{"@id":"https:\/\/snowhouse.ca\/#website"},"primaryImageOfPage":{"@id":"https:\/\/snowhouse.ca\/product\/cameras-spectrographs\/swir-cameras\/c-red-2-very-high-speed-ultra-low-dark-scientific-ingaas-infrared-camera\/#primaryimage"},"image":{"@id":"https:\/\/snowhouse.ca\/product\/cameras-spectrographs\/swir-cameras\/c-red-2-very-high-speed-ultra-low-dark-scientific-ingaas-infrared-camera\/#primaryimage"},"thumbnailUrl":"https:\/\/snowhouse.ca\/wp-content\/uploads\/2025\/07\/92880.png?wsr","datePublished":"2025-07-23T01:35:30+00:00","dateModified":"2026-04-22T16:07:38+00:00","description":"Very High Speed, Ultra Low Noise,SWIR Camera","breadcrumb":{"@id":"https:\/\/snowhouse.ca\/product\/cameras-spectrographs\/swir-cameras\/c-red-2-very-high-speed-ultra-low-dark-scientific-ingaas-infrared-camera\/#breadcrumb"},"inLanguage":"fr-CA","potentialAction":[{"@type":"ReadAction","target":["https:\/\/snowhouse.ca\/product\/cameras-spectrographs\/swir-cameras\/c-red-2-very-high-speed-ultra-low-dark-scientific-ingaas-infrared-camera\/"]}]},{"@type":"ImageObject","inLanguage":"fr-CA","@id":"https:\/\/snowhouse.ca\/product\/cameras-spectrographs\/swir-cameras\/c-red-2-very-high-speed-ultra-low-dark-scientific-ingaas-infrared-camera\/#primaryimage","url":"https:\/\/snowhouse.ca\/wp-content\/uploads\/2025\/07\/92880.png?wsr","contentUrl":"https:\/\/snowhouse.ca\/wp-content\/uploads\/2025\/07\/92880.png?wsr","width":250,"height":159},{"@type":"BreadcrumbList","@id":"https:\/\/snowhouse.ca\/product\/cameras-spectrographs\/swir-cameras\/c-red-2-very-high-speed-ultra-low-dark-scientific-ingaas-infrared-camera\/#breadcrumb","itemListElement":[{"@type":"ListItem","position":1,"name":"Home","item":"https:\/\/snowhouse.ca\/"},{"@type":"ListItem","position":2,"name":"Products","item":"https:\/\/snowhouse.ca\/products\/"},{"@type":"ListItem","position":3,"name":"C-Red 2"}]},{"@type":"WebSite","@id":"https:\/\/snowhouse.ca\/#website","url":"https:\/\/snowhouse.ca\/","name":"Maison de neige","description":"Instruments scientifiques de confiance","publisher":{"@id":"https:\/\/snowhouse.ca\/#organization"},"potentialAction":[{"@type":"SearchAction","target":{"@type":"EntryPoint","urlTemplate":"https:\/\/snowhouse.ca\/?s={search_term_string}"},"query-input":{"@type":"PropertyValueSpecification","valueRequired":true,"valueName":"search_term_string"}}],"inLanguage":"fr-CA"},{"@type":"Organization","@id":"https:\/\/snowhouse.ca\/#organization","name":"Snowhouse inc.","alternateName":"Snowhouse","url":"https:\/\/snowhouse.ca\/","logo":{"@type":"ImageObject","inLanguage":"fr-CA","@id":"https:\/\/snowhouse.ca\/#\/schema\/logo\/image\/","url":"https:\/\/snowhouse.ca\/wp-content\/uploads\/2025\/07\/SnowHouse-Logo.png","contentUrl":"https:\/\/snowhouse.ca\/wp-content\/uploads\/2025\/07\/SnowHouse-Logo.png","width":508,"height":136,"caption":"Snowhouse inc."},"image":{"@id":"https:\/\/snowhouse.ca\/#\/schema\/logo\/image\/"}}]}},"_links":{"self":[{"href":"http:\/\/snowhouse.ca\/fr\/wp-json\/wp\/v2\/product\/325","targetHints":{"allow":["GET"]}}],"collection":[{"href":"http:\/\/snowhouse.ca\/fr\/wp-json\/wp\/v2\/product"}],"about":[{"href":"http:\/\/snowhouse.ca\/fr\/wp-json\/wp\/v2\/types\/product"}],"wp:featuredmedia":[{"embeddable":true,"href":"http:\/\/snowhouse.ca\/fr\/wp-json\/wp\/v2\/media\/326"}],"wp:attachment":[{"href":"http:\/\/snowhouse.ca\/fr\/wp-json\/wp\/v2\/media?parent=325"}],"wp:term":[{"taxonomy":"product_brand","embeddable":true,"href":"http:\/\/snowhouse.ca\/fr\/wp-json\/wp\/v2\/product_brand?post=325"},{"taxonomy":"product_cat","embeddable":true,"href":"http:\/\/snowhouse.ca\/fr\/wp-json\/wp\/v2\/product_cat?post=325"},{"taxonomy":"product_tag","embeddable":true,"href":"http:\/\/snowhouse.ca\/fr\/wp-json\/wp\/v2\/product_tag?post=325"},{"taxonomy":"document","embeddable":true,"href":"http:\/\/snowhouse.ca\/fr\/wp-json\/wp\/v2\/document?post=325"}],"curies":[{"name":"wp","href":"https:\/\/api.w.org\/{rel}","templated":true}]}}