{"id":408,"date":"2025-07-23T01:37:36","date_gmt":"2025-07-23T01:37:36","guid":{"rendered":"https:\/\/snowhouse.ca\/produit\/zl41-wave-scmos-camera\/"},"modified":"2025-11-17T16:41:21","modified_gmt":"2025-11-17T16:41:21","slug":"zl41-wave-scmos-camera","status":"publish","type":"product","link":"http:\/\/snowhouse.ca\/fr\/produit\/cameras-spectrographs\/scmos-cameras\/zl41-wave-scmos-camera\/","title":{"rendered":"Cam\u00e9ra sCMOS ZL41 Wave"},"content":{"rendered":"<h3><strong>sCMOS ZL41 Wave<\/strong><\/h3>\n<p><strong>ZL41 Wave<\/strong> Il s&#039;agit de la nouvelle g\u00e9n\u00e9ration de la s\u00e9rie sCMOS Zyla, tr\u00e8s populaire, destin\u00e9e aux chercheurs en sciences physiques et en astronomie. Elle offre une flexibilit\u00e9 exceptionnelle en imagerie et spectroscopie, une compacit\u00e9 optimale pour les espaces optiques restreints, une compatibilit\u00e9 logicielle \u00e9tendue et un rapport qualit\u00e9-prix exceptionnel.<\/p>\n<p>La plateforme de cam\u00e9ra sCMOS ZL41 Wave de Andor, d\u00e9di\u00e9e aux sciences physiques, offre des performances exceptionnelles en termes de vitesse, de sensibilit\u00e9, de plage dynamique et de r\u00e9solution, avec des fonctionnalit\u00e9s compl\u00e8tes d&#039;imagerie et de spectroscopie. S&#039;appuyant sur les atouts de la s\u00e9rie sCMOS Zyla d&#039;origine, la ZL41 Wave b\u00e9n\u00e9ficie d&#039;une conception compacte et \u00e9conomique, refroidie thermo\u00e9lectriquement, d&#039;une chambre de capteur repens\u00e9e et am\u00e9lior\u00e9e, et est compatible avec un large \u00e9ventail de logiciels pour les sciences physiques, s&#039;int\u00e9grant parfaitement \u00e0 tout laboratoire d&#039;optique ou observatoire.<\/p>\n<p><strong>ZL41 Vague 4.2\u00a0<\/strong>fournit\u00a0<strong>sensibilit\u00e9 exceptionnelle<\/strong>\u00a0\u00e0 partir d&#039;une combinaison de\u00a0<strong>82% QE<\/strong>\u00a0et tr\u00e8s bas<strong>\u00a00,9 e- bruit de lecture<\/strong>\u00a0d&#039;un\u00a0<strong>4,2 m\u00e9gapixels<\/strong>\u00a0Capteur. Id\u00e9al pour augmenter les fr\u00e9quences d&#039;images dans les applications \u00e0 faible luminosit\u00e9 en astronomie, imagerie quantique, informatique quantique, spectroscopie et tomographie 3D.<\/p>\n<p><strong>ZL41 Vague 5.5<\/strong>\u00a0est un\u00a0<strong>appareil photo id\u00e9al pour le travail<\/strong>, un\u00a0<strong>tr\u00e8s rentable<\/strong>\u00a0et\u00a0<strong>solution flexible\u00a0<\/strong>qui offre un\u00a0<strong>champ de vision sup\u00e9rieur<\/strong>\u00a0d&#039;un\u00a0<strong>Capteur de 5,5 m\u00e9gapixels<\/strong>De plus, cet appareil photo offre une fonction de roulage 2 en 1 et\u00a0<strong>v\u00e9ritable fonctionnalit\u00e9 d&#039;obturateur global<\/strong>L&#039;obturateur global est essentiel \u00e0 des techniques telles que la v\u00e9locim\u00e9trie par imagerie de particules (PIV) et le suivi d&#039;objets astronomiques.<\/p>\n<h3><strong>Principaux avantages :<\/strong><\/h3>\n<p><strong>NOUVEAU mode binning 32 bits<\/strong>\u00a0Acc\u00e9dez \u00e0 une vaste plage dynamique gr\u00e2ce \u00e0 un regroupement de pixels \u00e9tendu. Profondeur de donn\u00e9es s\u00e9lectionnable jusqu&#039;\u00e0 32 bits, transmise en amont via l&#039;interface de la cam\u00e9ra.<\/p>\n<p><strong>Mode spectroscopie<\/strong>\u00a0\u2013 Binning asym\u00e9trique des pixels et multipiste int\u00e9gr\u00e9. Spectres et donn\u00e9es multipistes faciles \u00e0 utiliser pour le spectroscopiste, avant transfert via interface 10-tap ou USB. R\u00e9duction de la taille des donn\u00e9es en amont et simplification du traitement des donn\u00e9es utilisateur.<\/p>\n<p><strong>Spectroscopie rapide : jusqu&#039;\u00e0 27 000 spectres\/s<\/strong>\u00a0\u2013 \u00c9tude des ph\u00e9nom\u00e8nes spectraux transitoires avec une r\u00e9solution temporelle inf\u00e9rieure \u00e0 la milliseconde<\/p>\n<p><strong>Capacit\u00e9 PIV (ZL41 Wave 5.5)<\/strong>\u00a0\u2013 Parfait pour la dynamique des fluides, le mode Global Shutter du ZL41 Wave 5.5 facilite l&#039;acquisition de paires d&#039;images avec un \u00e9cart inter-images allant jusqu&#039;\u00e0 100 ns.<\/p>\n<p><strong>NOUVEAU Fonctionne jusqu&#039;\u00e0 une temp\u00e9rature ambiante de -20 \u00b0C<\/strong>\u00a0\u2013 Id\u00e9al pour une utilisation dans des observatoires \u00e0 haute altitude dans des conditions froides.<\/p>\n<p><strong>\u00c9talonnage Z\u00c9RO dans le NIR<\/strong>\u00a0\u2013 Architecture de capteur \u00e0 \u00e9clairage frontal, aucune modulation de signal ind\u00e9sirable dans le NIR par rapport aux appareils r\u00e9tro\u00e9clair\u00e9s<\/p>\n<p><strong>GPU Express<\/strong>\u00a0Simplifiez et optimisez le transfert de donn\u00e9es depuis la cam\u00e9ra, id\u00e9al pour les exp\u00e9riences d&#039;imagerie actuelles gourmandes en donn\u00e9es. Exploitez le traitement GPU NVidia compatible CUDA pour acc\u00e9l\u00e9rer le processus d&#039;acquisition de donn\u00e9es.<\/p>\n<p><strong>Compatible avec Linux, Windows, Labview et Matlab<\/strong>\u00a0\u2013 Options SDK compl\u00e8tes et flexibles pour une grande vari\u00e9t\u00e9 d\u2019utilisations en laboratoire et en observatoire de sciences physiques.<\/p>\n<p><strong>NOUVEAU Python pr\u00eat<\/strong>\u00a0\u2013 L\u2019int\u00e9gration du wrapper Python et la documentation compl\u00e8te de support dans le dernier SDK de cam\u00e9ra facilitent l\u2019int\u00e9gration et le contr\u00f4le total des syst\u00e8mes personnalis\u00e9s.<\/p>\n<p><strong>NOUVEAUX ASCOM, EPICS et Tango pr\u00eats<\/strong>\u00a0\u2013 Prise en charge par les plateformes logicielles open source. Norme de contr\u00f4le des instruments d&#039;astronomie ASCOM\u00a0; EPICS et Tango Lima sont utilis\u00e9s pour le contr\u00f4le mat\u00e9riel de nombreux acc\u00e9l\u00e9rateurs de particules et grandes installations d&#039;instruments scientifiques \u00e0 travers le monde.<\/p>\n<p><strong>NOUVELLE qualit\u00e9 d&#039;image am\u00e9lior\u00e9e<\/strong>\u00a0\u2013 Des processus de contr\u00f4le qualit\u00e9 actualis\u00e9s garantissent une qualit\u00e9 d&#039;image optimale pour chaque ZL41 Wave. Faible non-uniformit\u00e9 de la r\u00e9ponse photonique (PRNU) pour des images nettes et uniformes.<\/p>\n<p><strong>NOUVELLE chambre de capteur am\u00e9lior\u00e9e<\/strong>\u00a0\u2013 Une chambre de capteur mise \u00e0 jour offre une protection \u00e0 long terme encore plus grande contre la condensation dans les environnements \u00e0 forte humidit\u00e9 (garantie de la chambre de 3 ans).<\/p>\n<p><strong>Formats 5,5 et 4,2 m\u00e9gapixels<\/strong>\u00a0\u2013 R\u00e9solution nette sur un large champ de vision. Id\u00e9al pour l&#039;astronomie, les applications de balayage matriciel ou la spectroscopie multipiste.<\/p>\n<p><strong>QEmax jusqu&#039;\u00e0 82%<\/strong>\u00a0\u2013 Efficacit\u00e9 de capture de photons la plus \u00e9lev\u00e9e disponible dans le visible\/NIR.<\/p>\n<p><strong>~ 1 e- Bruit de lecture<\/strong>\u00a0\u2013 Niveau de bruit r\u00e9duit \u00e0 0,9 e-. Limite de d\u00e9tection inf\u00e9rieure \u00e0 celle de tout autre CCD.<\/p>\n<p><strong>100 ips (liaison cam\u00e9ra)<\/strong>\u00a0\u2013 Zyla propose un lien cam\u00e9ra \u00ab\u00a010\u00a0tapes\u00a0\u00bb pour des fr\u00e9quences d&#039;images maximales et soutenues.<\/p>","protected":false},"excerpt":{"rendered":"<p class=\"product-short-excerpt\">4,2 ou 5,5 m\u00e9gapixels, taille de pixel de 6,5 \u00b5m, cadences d&#039;images \u00e9lev\u00e9es<\/p>","protected":false},"featured_media":409,"template":"","meta":[],"product_brand":[551],"product_cat":[149],"product_tag":[],"document":[],"class_list":{"0":"post-408","1":"product","2":"type-product","3":"status-publish","4":"has-post-thumbnail","6":"product_brand-andor","7":"product_cat-scmos-cameras","9":"first","10":"instock","11":"purchasable","12":"product-type-simple"},"yoast_head":"<!-- This site is optimized with the Yoast SEO plugin v26.8 - https:\/\/yoast.com\/product\/yoast-seo-wordpress\/ -->\n<title>ZL41 Wave sCMOS Camera - SnowHouse<\/title>\n<meta name=\"robots\" content=\"index, follow, max-snippet:-1, max-image-preview:large, max-video-preview:-1\" \/>\n<link rel=\"canonical\" href=\"https:\/\/snowhouse.ca\/fr\/produit\/cameras-spectrographs\/scmos-cameras\/zl41-wave-scmos-camera\/\" \/>\n<meta property=\"og:locale\" content=\"fr_CA\" \/>\n<meta property=\"og:type\" content=\"article\" \/>\n<meta property=\"og:title\" content=\"ZL41 Wave sCMOS Camera - SnowHouse\" \/>\n<meta property=\"og:description\" content=\"4.2 or 5.5 Megapixel, 6.5\u00b5m pixel size, fast frame rates\" \/>\n<meta property=\"og:url\" content=\"https:\/\/snowhouse.ca\/fr\/produit\/cameras-spectrographs\/scmos-cameras\/zl41-wave-scmos-camera\/\" \/>\n<meta property=\"og:site_name\" content=\"SnowHouse\" \/>\n<meta property=\"article:modified_time\" content=\"2025-11-17T16:41:21+00:00\" \/>\n<meta property=\"og:image\" content=\"https:\/\/snowhouse.ca\/wp-content\/uploads\/2025\/07\/91930.png\" \/>\n\t<meta property=\"og:image:width\" content=\"1000\" \/>\n\t<meta property=\"og:image:height\" content=\"866\" \/>\n\t<meta property=\"og:image:type\" content=\"image\/png\" \/>\n<meta name=\"twitter:card\" content=\"summary_large_image\" \/>\n<meta name=\"twitter:label1\" content=\"Estimation du temps de lecture\" \/>\n\t<meta name=\"twitter:data1\" content=\"3 minutes\" \/>\n<script type=\"application\/ld+json\" class=\"yoast-schema-graph\">{\"@context\":\"https:\/\/schema.org\",\"@graph\":[{\"@type\":\"WebPage\",\"@id\":\"https:\/\/snowhouse.ca\/fr\/produit\/cameras-spectrographs\/scmos-cameras\/zl41-wave-scmos-camera\/\",\"url\":\"https:\/\/snowhouse.ca\/fr\/produit\/cameras-spectrographs\/scmos-cameras\/zl41-wave-scmos-camera\/\",\"name\":\"ZL41 Wave sCMOS Camera - SnowHouse\",\"isPartOf\":{\"@id\":\"https:\/\/snowhouse.ca\/#website\"},\"primaryImageOfPage\":{\"@id\":\"https:\/\/snowhouse.ca\/fr\/produit\/cameras-spectrographs\/scmos-cameras\/zl41-wave-scmos-camera\/#primaryimage\"},\"image\":{\"@id\":\"https:\/\/snowhouse.ca\/fr\/produit\/cameras-spectrographs\/scmos-cameras\/zl41-wave-scmos-camera\/#primaryimage\"},\"thumbnailUrl\":\"https:\/\/snowhouse.ca\/wp-content\/uploads\/2025\/07\/91930.png?wsr\",\"datePublished\":\"2025-07-23T01:37:36+00:00\",\"dateModified\":\"2025-11-17T16:41:21+00:00\",\"breadcrumb\":{\"@id\":\"https:\/\/snowhouse.ca\/fr\/produit\/cameras-spectrographs\/scmos-cameras\/zl41-wave-scmos-camera\/#breadcrumb\"},\"inLanguage\":\"fr-CA\",\"potentialAction\":[{\"@type\":\"ReadAction\",\"target\":[\"https:\/\/snowhouse.ca\/fr\/produit\/cameras-spectrographs\/scmos-cameras\/zl41-wave-scmos-camera\/\"]}]},{\"@type\":\"ImageObject\",\"inLanguage\":\"fr-CA\",\"@id\":\"https:\/\/snowhouse.ca\/fr\/produit\/cameras-spectrographs\/scmos-cameras\/zl41-wave-scmos-camera\/#primaryimage\",\"url\":\"https:\/\/snowhouse.ca\/wp-content\/uploads\/2025\/07\/91930.png?wsr\",\"contentUrl\":\"https:\/\/snowhouse.ca\/wp-content\/uploads\/2025\/07\/91930.png?wsr\",\"width\":1000,\"height\":866},{\"@type\":\"BreadcrumbList\",\"@id\":\"https:\/\/snowhouse.ca\/fr\/produit\/cameras-spectrographs\/scmos-cameras\/zl41-wave-scmos-camera\/#breadcrumb\",\"itemListElement\":[{\"@type\":\"ListItem\",\"position\":1,\"name\":\"Home\",\"item\":\"https:\/\/snowhouse.ca\/\"},{\"@type\":\"ListItem\",\"position\":2,\"name\":\"Products\",\"item\":\"https:\/\/snowhouse.ca\/products\/\"},{\"@type\":\"ListItem\",\"position\":3,\"name\":\"ZL41 Wave sCMOS Camera\"}]},{\"@type\":\"WebSite\",\"@id\":\"https:\/\/snowhouse.ca\/#website\",\"url\":\"https:\/\/snowhouse.ca\/\",\"name\":\"SnowHouse\",\"description\":\"Trusted Scientific Instruments\",\"publisher\":{\"@id\":\"https:\/\/snowhouse.ca\/#organization\"},\"potentialAction\":[{\"@type\":\"SearchAction\",\"target\":{\"@type\":\"EntryPoint\",\"urlTemplate\":\"https:\/\/snowhouse.ca\/?s={search_term_string}\"},\"query-input\":{\"@type\":\"PropertyValueSpecification\",\"valueRequired\":true,\"valueName\":\"search_term_string\"}}],\"inLanguage\":\"fr-CA\"},{\"@type\":\"Organization\",\"@id\":\"https:\/\/snowhouse.ca\/#organization\",\"name\":\"Snowhouse inc.\",\"alternateName\":\"Snowhouse\",\"url\":\"https:\/\/snowhouse.ca\/\",\"logo\":{\"@type\":\"ImageObject\",\"inLanguage\":\"fr-CA\",\"@id\":\"https:\/\/snowhouse.ca\/#\/schema\/logo\/image\/\",\"url\":\"https:\/\/snowhouse.ca\/wp-content\/uploads\/2025\/07\/SnowHouse-Logo.png\",\"contentUrl\":\"https:\/\/snowhouse.ca\/wp-content\/uploads\/2025\/07\/SnowHouse-Logo.png\",\"width\":508,\"height\":136,\"caption\":\"Snowhouse inc.\"},\"image\":{\"@id\":\"https:\/\/snowhouse.ca\/#\/schema\/logo\/image\/\"}}]}<\/script>\n<!-- \/ Yoast SEO plugin. -->","yoast_head_json":{"title":"ZL41 Wave sCMOS Camera - SnowHouse","robots":{"index":"index","follow":"follow","max-snippet":"max-snippet:-1","max-image-preview":"max-image-preview:large","max-video-preview":"max-video-preview:-1"},"canonical":"https:\/\/snowhouse.ca\/fr\/produit\/cameras-spectrographs\/scmos-cameras\/zl41-wave-scmos-camera\/","og_locale":"fr_CA","og_type":"article","og_title":"ZL41 Wave sCMOS Camera - SnowHouse","og_description":"4.2 or 5.5 Megapixel, 6.5\u00b5m pixel size, fast frame rates","og_url":"https:\/\/snowhouse.ca\/fr\/produit\/cameras-spectrographs\/scmos-cameras\/zl41-wave-scmos-camera\/","og_site_name":"SnowHouse","article_modified_time":"2025-11-17T16:41:21+00:00","og_image":[{"width":1000,"height":866,"url":"https:\/\/snowhouse.ca\/wp-content\/uploads\/2025\/07\/91930.png","type":"image\/png"}],"twitter_card":"summary_large_image","twitter_misc":{"Estimation du temps de lecture":"3 minutes"},"schema":{"@context":"https:\/\/schema.org","@graph":[{"@type":"WebPage","@id":"https:\/\/snowhouse.ca\/fr\/produit\/cameras-spectrographs\/scmos-cameras\/zl41-wave-scmos-camera\/","url":"https:\/\/snowhouse.ca\/fr\/produit\/cameras-spectrographs\/scmos-cameras\/zl41-wave-scmos-camera\/","name":"ZL41 Wave sCMOS Camera - SnowHouse","isPartOf":{"@id":"https:\/\/snowhouse.ca\/#website"},"primaryImageOfPage":{"@id":"https:\/\/snowhouse.ca\/fr\/produit\/cameras-spectrographs\/scmos-cameras\/zl41-wave-scmos-camera\/#primaryimage"},"image":{"@id":"https:\/\/snowhouse.ca\/fr\/produit\/cameras-spectrographs\/scmos-cameras\/zl41-wave-scmos-camera\/#primaryimage"},"thumbnailUrl":"https:\/\/snowhouse.ca\/wp-content\/uploads\/2025\/07\/91930.png?wsr","datePublished":"2025-07-23T01:37:36+00:00","dateModified":"2025-11-17T16:41:21+00:00","breadcrumb":{"@id":"https:\/\/snowhouse.ca\/fr\/produit\/cameras-spectrographs\/scmos-cameras\/zl41-wave-scmos-camera\/#breadcrumb"},"inLanguage":"fr-CA","potentialAction":[{"@type":"ReadAction","target":["https:\/\/snowhouse.ca\/fr\/produit\/cameras-spectrographs\/scmos-cameras\/zl41-wave-scmos-camera\/"]}]},{"@type":"ImageObject","inLanguage":"fr-CA","@id":"https:\/\/snowhouse.ca\/fr\/produit\/cameras-spectrographs\/scmos-cameras\/zl41-wave-scmos-camera\/#primaryimage","url":"https:\/\/snowhouse.ca\/wp-content\/uploads\/2025\/07\/91930.png?wsr","contentUrl":"https:\/\/snowhouse.ca\/wp-content\/uploads\/2025\/07\/91930.png?wsr","width":1000,"height":866},{"@type":"BreadcrumbList","@id":"https:\/\/snowhouse.ca\/fr\/produit\/cameras-spectrographs\/scmos-cameras\/zl41-wave-scmos-camera\/#breadcrumb","itemListElement":[{"@type":"ListItem","position":1,"name":"Home","item":"https:\/\/snowhouse.ca\/"},{"@type":"ListItem","position":2,"name":"Products","item":"https:\/\/snowhouse.ca\/products\/"},{"@type":"ListItem","position":3,"name":"ZL41 Wave sCMOS Camera"}]},{"@type":"WebSite","@id":"https:\/\/snowhouse.ca\/#website","url":"https:\/\/snowhouse.ca\/","name":"Maison de neige","description":"Instruments scientifiques de confiance","publisher":{"@id":"https:\/\/snowhouse.ca\/#organization"},"potentialAction":[{"@type":"SearchAction","target":{"@type":"EntryPoint","urlTemplate":"https:\/\/snowhouse.ca\/?s={search_term_string}"},"query-input":{"@type":"PropertyValueSpecification","valueRequired":true,"valueName":"search_term_string"}}],"inLanguage":"fr-CA"},{"@type":"Organization","@id":"https:\/\/snowhouse.ca\/#organization","name":"Snowhouse inc.","alternateName":"Snowhouse","url":"https:\/\/snowhouse.ca\/","logo":{"@type":"ImageObject","inLanguage":"fr-CA","@id":"https:\/\/snowhouse.ca\/#\/schema\/logo\/image\/","url":"https:\/\/snowhouse.ca\/wp-content\/uploads\/2025\/07\/SnowHouse-Logo.png","contentUrl":"https:\/\/snowhouse.ca\/wp-content\/uploads\/2025\/07\/SnowHouse-Logo.png","width":508,"height":136,"caption":"Snowhouse inc."},"image":{"@id":"https:\/\/snowhouse.ca\/#\/schema\/logo\/image\/"}}]}},"_links":{"self":[{"href":"http:\/\/snowhouse.ca\/fr\/wp-json\/wp\/v2\/product\/408","targetHints":{"allow":["GET"]}}],"collection":[{"href":"http:\/\/snowhouse.ca\/fr\/wp-json\/wp\/v2\/product"}],"about":[{"href":"http:\/\/snowhouse.ca\/fr\/wp-json\/wp\/v2\/types\/product"}],"wp:featuredmedia":[{"embeddable":true,"href":"http:\/\/snowhouse.ca\/fr\/wp-json\/wp\/v2\/media\/409"}],"wp:attachment":[{"href":"http:\/\/snowhouse.ca\/fr\/wp-json\/wp\/v2\/media?parent=408"}],"wp:term":[{"taxonomy":"product_brand","embeddable":true,"href":"http:\/\/snowhouse.ca\/fr\/wp-json\/wp\/v2\/product_brand?post=408"},{"taxonomy":"product_cat","embeddable":true,"href":"http:\/\/snowhouse.ca\/fr\/wp-json\/wp\/v2\/product_cat?post=408"},{"taxonomy":"product_tag","embeddable":true,"href":"http:\/\/snowhouse.ca\/fr\/wp-json\/wp\/v2\/product_tag?post=408"},{"taxonomy":"document","embeddable":true,"href":"http:\/\/snowhouse.ca\/fr\/wp-json\/wp\/v2\/document?post=408"}],"curies":[{"name":"wp","href":"https:\/\/api.w.org\/{rel}","templated":true}]}}