{"id":455,"date":"2025-07-23T01:38:46","date_gmt":"2025-07-23T01:38:46","guid":{"rendered":"https:\/\/snowhouse.ca\/produit\/ikon-l-936-high-dynamic-range-ccd-camera\/"},"modified":"2025-11-17T16:40:54","modified_gmt":"2025-11-17T16:40:54","slug":"ikon-l-936-high-dynamic-range-ccd-camera","status":"publish","type":"product","link":"http:\/\/snowhouse.ca\/fr\/produit\/cameras-spectrographs\/ccd-cameras\/ikon-l-936-high-dynamic-range-ccd-camera\/","title":{"rendered":"iKon-L 936 \u2013 Capteur CCD \u00e0 faible bruit"},"content":{"rendered":"<h3><u><strong>iKon-L 936 \u2013 Cam\u00e9ra CCD \u00e0 plage dynamique \u00e9lev\u00e9e<\/strong><\/u><\/h3>\n<p>Le capteur iKon-L 936 de Andor est con\u00e7u pour l&#039;imagerie scientifique. Sa matrice 2048 x 2048 et son pas de pixel de 13,5 \u00b5m offrent une zone d&#039;image active de 27,6 x 27,6 mm, refroidie par effet thermo\u00e9lectrique jusqu&#039;\u00e0 -100 \u00b0C. L&#039;iKon-L offre une r\u00e9solution, un champ de vision, une sensibilit\u00e9 et une plage dynamique exceptionnels. La sensibilit\u00e9 optimale est obtenue gr\u00e2ce \u00e0 la combinaison d&#039;un QE sup\u00e9rieur \u00e0 celui du capteur r\u00e9tro\u00e9clair\u00e9 90%, d&#039;une \u00e9lectronique de lecture \u00e0 faible bruit et d&#039;un refroidissement thermo\u00e9lectrique extr\u00eamement performant. La nouvelle option de capteur \u00e0 double antireflet et \u00e0 d\u00e9pl\u00e9tion profonde \u00ab\u00a0BEX2-DD\u00a0\u00bb offre un profil QE in\u00e9gal\u00e9, garantissant le QE le plus \u00e9lev\u00e9 possible de l&#039;UV au proche infrarouge.<\/p>\n<p>L&#039;iKon-L est dot\u00e9e d&#039;un syst\u00e8me de refroidissement thermo\u00e9lectrique (TE) propri\u00e9taire \u00e0 5 \u00e9tages (4 \u00e9tages en option), permettant de refroidir ce capteur de grande surface jusqu&#039;\u00e0 une temp\u00e9rature in\u00e9dite de -100 \u00b0C sans recourir \u00e0 l&#039;azote liquide ou aux gaz comprim\u00e9s, id\u00e9al pour les temps d&#039;exposition les plus longs. Ces performances rendent cette cam\u00e9ra id\u00e9ale pour les applications en faible luminosit\u00e9 telles que l&#039;astronomie ou l&#039;imagerie de luminescence, avec une adaptabilit\u00e9 et une prise en charge optimales pour les fabricants d&#039;\u00e9quipement d&#039;origine (OEM). La connectivit\u00e9 USB 2.0 et les options de lecture multi-MHz facilitent l&#039;int\u00e9gration et l&#039;utilisation.<\/p>\n<h3>Caract\u00e9ristiques<\/h3>\n<p><b>Couverture de large longueur d&#039;onde<\/b>\u00a0\u2013 D\u00e9sormais disponible avec l&#039;option de capteur BEX2-DD (UV-NIR \u00e0 large bande).<\/p>\n<p><b>Refroidissement thermo\u00e9lectrique \u00e0 -100 \u00b0C<\/b>\u00a0\u2013 Essentiel pour l&#039;\u00e9limination de la limite de d\u00e9tection du courant d&#039;obscurit\u00e9<\/p>\n<p><b>Technologie de suppression des franges\u2122<\/b>\u00a0\u2013 L\u2019\u00e9talonnage NIR est fortement r\u00e9duit (capteur de type BEX2-DD)<\/p>\n<p><b>Lecture \u00e0 4 vitesses jusqu&#039;\u00e0 5 MHz<\/b>\u00a0\u2013 Lecture plus lente pour un faible bruit, vitesses plus \u00e9lev\u00e9es pour les processus dynamiques et 5 MHz pour le mode de visualisation<\/p>\n<p><b>Lecture \u00e0 tr\u00e8s faible bruit<\/b>\u00a0\u2013 L\u2019\u00e9lectronique intelligente \u00e0 faible bruit offre les performances de bruit syst\u00e8me les plus \u00ab silencieuses \u00bb disponibles<\/p>\n<p><b>Capteur grande surface 2048 x 2048<\/b>\u00a0\u2013 Large champ de vision et haute r\u00e9solution.<\/p>\n<p><b>UltraVac\u2122<\/b>\u00a0\u2013 Essentiel pour garantir l\u2019int\u00e9grit\u00e9 du vide et maintenir des performances de refroidissement et d\u2019efficacit\u00e9 quantique in\u00e9gal\u00e9es, ann\u00e9e apr\u00e8s ann\u00e9e.<\/p>\n<p><b>Double sortie<\/b>\u00a0\u2013 Sortie haute sensibilit\u00e9 pour les applications en faible luminosit\u00e9, ou sortie haute capacit\u00e9 pour une plage dynamique maximale<\/p>\n<p><b>obturateur int\u00e9gr\u00e9<\/b>\u00a0Monture F (EF en option) avec obturateur programmable int\u00e9gr\u00e9 de 45 mm<\/p>\n<p><b>Modes Cin\u00e9tique rapide et Capteur recadr\u00e9<\/b>\u00a0\u2013 Pour une r\u00e9solution temporelle rapide, jusqu&#039;\u00e0 la submilliseconde<\/p>\n<p>&nbsp;<\/p>","protected":false},"excerpt":{"rendered":"<p class=\"product-short-excerpt\">matrice de 2048 x 2048 pixels avec des pixels de 13,5 \u00b5m<\/p>","protected":false},"featured_media":2473,"template":"","meta":[],"product_brand":[551],"product_cat":[574],"product_tag":[],"document":[],"class_list":{"0":"post-455","1":"product","2":"type-product","3":"status-publish","4":"has-post-thumbnail","6":"product_brand-andor","7":"product_cat-ccd-cameras","9":"first","10":"instock","11":"purchasable","12":"product-type-simple"},"yoast_head":"<!-- This site is optimized with the Yoast SEO plugin v26.8 - https:\/\/yoast.com\/product\/yoast-seo-wordpress\/ -->\n<title>iKon-L 936 - Low Noise CCD - SnowHouse<\/title>\n<meta name=\"description\" content=\"High Dynamic Range CCD camera offers outstanding resolution, field of view, sensitivity and dynamic range performance.\" \/>\n<meta name=\"robots\" content=\"index, follow, max-snippet:-1, max-image-preview:large, max-video-preview:-1\" \/>\n<link rel=\"canonical\" href=\"https:\/\/snowhouse.ca\/fr\/produit\/cameras-spectrographs\/ccd-cameras\/ikon-l-936-high-dynamic-range-ccd-camera\/\" \/>\n<meta property=\"og:locale\" content=\"fr_CA\" \/>\n<meta property=\"og:type\" content=\"article\" \/>\n<meta property=\"og:title\" content=\"iKon-L 936 - Low Noise CCD - SnowHouse\" \/>\n<meta property=\"og:description\" content=\"High Dynamic Range CCD camera offers outstanding resolution, field of view, sensitivity and dynamic range performance.\" \/>\n<meta property=\"og:url\" content=\"https:\/\/snowhouse.ca\/fr\/produit\/cameras-spectrographs\/ccd-cameras\/ikon-l-936-high-dynamic-range-ccd-camera\/\" \/>\n<meta property=\"og:site_name\" content=\"SnowHouse\" \/>\n<meta property=\"article:modified_time\" content=\"2025-11-17T16:40:54+00:00\" \/>\n<meta property=\"og:image\" content=\"https:\/\/snowhouse.ca\/wp-content\/uploads\/2025\/07\/ikon-l.png\" \/>\n\t<meta property=\"og:image:width\" content=\"1000\" \/>\n\t<meta property=\"og:image:height\" content=\"866\" \/>\n\t<meta property=\"og:image:type\" content=\"image\/png\" \/>\n<meta name=\"twitter:card\" content=\"summary_large_image\" \/>\n<meta name=\"twitter:label1\" content=\"Estimation du temps de lecture\" \/>\n\t<meta name=\"twitter:data1\" content=\"2 minutes\" \/>\n<script type=\"application\/ld+json\" class=\"yoast-schema-graph\">{\"@context\":\"https:\/\/schema.org\",\"@graph\":[{\"@type\":\"WebPage\",\"@id\":\"https:\/\/snowhouse.ca\/fr\/produit\/cameras-spectrographs\/ccd-cameras\/ikon-l-936-high-dynamic-range-ccd-camera\/\",\"url\":\"https:\/\/snowhouse.ca\/fr\/produit\/cameras-spectrographs\/ccd-cameras\/ikon-l-936-high-dynamic-range-ccd-camera\/\",\"name\":\"iKon-L 936 - Low Noise CCD - SnowHouse\",\"isPartOf\":{\"@id\":\"https:\/\/snowhouse.ca\/#website\"},\"primaryImageOfPage\":{\"@id\":\"https:\/\/snowhouse.ca\/fr\/produit\/cameras-spectrographs\/ccd-cameras\/ikon-l-936-high-dynamic-range-ccd-camera\/#primaryimage\"},\"image\":{\"@id\":\"https:\/\/snowhouse.ca\/fr\/produit\/cameras-spectrographs\/ccd-cameras\/ikon-l-936-high-dynamic-range-ccd-camera\/#primaryimage\"},\"thumbnailUrl\":\"https:\/\/snowhouse.ca\/wp-content\/uploads\/2025\/07\/ikon-l.png?wsr\",\"datePublished\":\"2025-07-23T01:38:46+00:00\",\"dateModified\":\"2025-11-17T16:40:54+00:00\",\"description\":\"High Dynamic Range CCD camera offers outstanding resolution, field of view, sensitivity and dynamic range performance.\",\"breadcrumb\":{\"@id\":\"https:\/\/snowhouse.ca\/fr\/produit\/cameras-spectrographs\/ccd-cameras\/ikon-l-936-high-dynamic-range-ccd-camera\/#breadcrumb\"},\"inLanguage\":\"fr-CA\",\"potentialAction\":[{\"@type\":\"ReadAction\",\"target\":[\"https:\/\/snowhouse.ca\/fr\/produit\/cameras-spectrographs\/ccd-cameras\/ikon-l-936-high-dynamic-range-ccd-camera\/\"]}]},{\"@type\":\"ImageObject\",\"inLanguage\":\"fr-CA\",\"@id\":\"https:\/\/snowhouse.ca\/fr\/produit\/cameras-spectrographs\/ccd-cameras\/ikon-l-936-high-dynamic-range-ccd-camera\/#primaryimage\",\"url\":\"https:\/\/snowhouse.ca\/wp-content\/uploads\/2025\/07\/ikon-l.png?wsr\",\"contentUrl\":\"https:\/\/snowhouse.ca\/wp-content\/uploads\/2025\/07\/ikon-l.png?wsr\",\"width\":1000,\"height\":866,\"caption\":\"iKon-L CCD Camera from Andor (Oxford Instruments)\"},{\"@type\":\"BreadcrumbList\",\"@id\":\"https:\/\/snowhouse.ca\/fr\/produit\/cameras-spectrographs\/ccd-cameras\/ikon-l-936-high-dynamic-range-ccd-camera\/#breadcrumb\",\"itemListElement\":[{\"@type\":\"ListItem\",\"position\":1,\"name\":\"Home\",\"item\":\"https:\/\/snowhouse.ca\/\"},{\"@type\":\"ListItem\",\"position\":2,\"name\":\"Products\",\"item\":\"https:\/\/snowhouse.ca\/products\/\"},{\"@type\":\"ListItem\",\"position\":3,\"name\":\"iKon-L 936 &#8211; Low Noise CCD\"}]},{\"@type\":\"WebSite\",\"@id\":\"https:\/\/snowhouse.ca\/#website\",\"url\":\"https:\/\/snowhouse.ca\/\",\"name\":\"SnowHouse\",\"description\":\"Trusted Scientific Instruments\",\"publisher\":{\"@id\":\"https:\/\/snowhouse.ca\/#organization\"},\"potentialAction\":[{\"@type\":\"SearchAction\",\"target\":{\"@type\":\"EntryPoint\",\"urlTemplate\":\"https:\/\/snowhouse.ca\/?s={search_term_string}\"},\"query-input\":{\"@type\":\"PropertyValueSpecification\",\"valueRequired\":true,\"valueName\":\"search_term_string\"}}],\"inLanguage\":\"fr-CA\"},{\"@type\":\"Organization\",\"@id\":\"https:\/\/snowhouse.ca\/#organization\",\"name\":\"Snowhouse inc.\",\"alternateName\":\"Snowhouse\",\"url\":\"https:\/\/snowhouse.ca\/\",\"logo\":{\"@type\":\"ImageObject\",\"inLanguage\":\"fr-CA\",\"@id\":\"https:\/\/snowhouse.ca\/#\/schema\/logo\/image\/\",\"url\":\"https:\/\/snowhouse.ca\/wp-content\/uploads\/2025\/07\/SnowHouse-Logo.png\",\"contentUrl\":\"https:\/\/snowhouse.ca\/wp-content\/uploads\/2025\/07\/SnowHouse-Logo.png\",\"width\":508,\"height\":136,\"caption\":\"Snowhouse inc.\"},\"image\":{\"@id\":\"https:\/\/snowhouse.ca\/#\/schema\/logo\/image\/\"}}]}<\/script>\n<!-- \/ Yoast SEO plugin. -->","yoast_head_json":{"title":"iKon-L 936 - Low Noise CCD - SnowHouse","description":"La cam\u00e9ra CCD \u00e0 plage dynamique \u00e9tendue offre une r\u00e9solution, un champ de vision, une sensibilit\u00e9 et une plage dynamique exceptionnels.","robots":{"index":"index","follow":"follow","max-snippet":"max-snippet:-1","max-image-preview":"max-image-preview:large","max-video-preview":"max-video-preview:-1"},"canonical":"https:\/\/snowhouse.ca\/fr\/produit\/cameras-spectrographs\/ccd-cameras\/ikon-l-936-high-dynamic-range-ccd-camera\/","og_locale":"fr_CA","og_type":"article","og_title":"iKon-L 936 - Low Noise CCD - SnowHouse","og_description":"High Dynamic Range CCD camera offers outstanding resolution, field of view, sensitivity and dynamic range performance.","og_url":"https:\/\/snowhouse.ca\/fr\/produit\/cameras-spectrographs\/ccd-cameras\/ikon-l-936-high-dynamic-range-ccd-camera\/","og_site_name":"SnowHouse","article_modified_time":"2025-11-17T16:40:54+00:00","og_image":[{"width":1000,"height":866,"url":"https:\/\/snowhouse.ca\/wp-content\/uploads\/2025\/07\/ikon-l.png","type":"image\/png"}],"twitter_card":"summary_large_image","twitter_misc":{"Estimation du temps de lecture":"2 minutes"},"schema":{"@context":"https:\/\/schema.org","@graph":[{"@type":"WebPage","@id":"https:\/\/snowhouse.ca\/fr\/produit\/cameras-spectrographs\/ccd-cameras\/ikon-l-936-high-dynamic-range-ccd-camera\/","url":"https:\/\/snowhouse.ca\/fr\/produit\/cameras-spectrographs\/ccd-cameras\/ikon-l-936-high-dynamic-range-ccd-camera\/","name":"iKon-L 936 - Low Noise CCD - SnowHouse","isPartOf":{"@id":"https:\/\/snowhouse.ca\/#website"},"primaryImageOfPage":{"@id":"https:\/\/snowhouse.ca\/fr\/produit\/cameras-spectrographs\/ccd-cameras\/ikon-l-936-high-dynamic-range-ccd-camera\/#primaryimage"},"image":{"@id":"https:\/\/snowhouse.ca\/fr\/produit\/cameras-spectrographs\/ccd-cameras\/ikon-l-936-high-dynamic-range-ccd-camera\/#primaryimage"},"thumbnailUrl":"https:\/\/snowhouse.ca\/wp-content\/uploads\/2025\/07\/ikon-l.png?wsr","datePublished":"2025-07-23T01:38:46+00:00","dateModified":"2025-11-17T16:40:54+00:00","description":"La cam\u00e9ra CCD \u00e0 plage dynamique \u00e9tendue offre une r\u00e9solution, un champ de vision, une sensibilit\u00e9 et une plage dynamique exceptionnels.","breadcrumb":{"@id":"https:\/\/snowhouse.ca\/fr\/produit\/cameras-spectrographs\/ccd-cameras\/ikon-l-936-high-dynamic-range-ccd-camera\/#breadcrumb"},"inLanguage":"fr-CA","potentialAction":[{"@type":"ReadAction","target":["https:\/\/snowhouse.ca\/fr\/produit\/cameras-spectrographs\/ccd-cameras\/ikon-l-936-high-dynamic-range-ccd-camera\/"]}]},{"@type":"ImageObject","inLanguage":"fr-CA","@id":"https:\/\/snowhouse.ca\/fr\/produit\/cameras-spectrographs\/ccd-cameras\/ikon-l-936-high-dynamic-range-ccd-camera\/#primaryimage","url":"https:\/\/snowhouse.ca\/wp-content\/uploads\/2025\/07\/ikon-l.png?wsr","contentUrl":"https:\/\/snowhouse.ca\/wp-content\/uploads\/2025\/07\/ikon-l.png?wsr","width":1000,"height":866,"caption":"iKon-L CCD Camera from Andor (Oxford Instruments)"},{"@type":"BreadcrumbList","@id":"https:\/\/snowhouse.ca\/fr\/produit\/cameras-spectrographs\/ccd-cameras\/ikon-l-936-high-dynamic-range-ccd-camera\/#breadcrumb","itemListElement":[{"@type":"ListItem","position":1,"name":"Home","item":"https:\/\/snowhouse.ca\/"},{"@type":"ListItem","position":2,"name":"Products","item":"https:\/\/snowhouse.ca\/products\/"},{"@type":"ListItem","position":3,"name":"iKon-L 936 &#8211; Low Noise CCD"}]},{"@type":"WebSite","@id":"https:\/\/snowhouse.ca\/#website","url":"https:\/\/snowhouse.ca\/","name":"Maison de neige","description":"Instruments scientifiques de confiance","publisher":{"@id":"https:\/\/snowhouse.ca\/#organization"},"potentialAction":[{"@type":"SearchAction","target":{"@type":"EntryPoint","urlTemplate":"https:\/\/snowhouse.ca\/?s={search_term_string}"},"query-input":{"@type":"PropertyValueSpecification","valueRequired":true,"valueName":"search_term_string"}}],"inLanguage":"fr-CA"},{"@type":"Organization","@id":"https:\/\/snowhouse.ca\/#organization","name":"Snowhouse inc.","alternateName":"Snowhouse","url":"https:\/\/snowhouse.ca\/","logo":{"@type":"ImageObject","inLanguage":"fr-CA","@id":"https:\/\/snowhouse.ca\/#\/schema\/logo\/image\/","url":"https:\/\/snowhouse.ca\/wp-content\/uploads\/2025\/07\/SnowHouse-Logo.png","contentUrl":"https:\/\/snowhouse.ca\/wp-content\/uploads\/2025\/07\/SnowHouse-Logo.png","width":508,"height":136,"caption":"Snowhouse inc."},"image":{"@id":"https:\/\/snowhouse.ca\/#\/schema\/logo\/image\/"}}]}},"_links":{"self":[{"href":"http:\/\/snowhouse.ca\/fr\/wp-json\/wp\/v2\/product\/455","targetHints":{"allow":["GET"]}}],"collection":[{"href":"http:\/\/snowhouse.ca\/fr\/wp-json\/wp\/v2\/product"}],"about":[{"href":"http:\/\/snowhouse.ca\/fr\/wp-json\/wp\/v2\/types\/product"}],"wp:featuredmedia":[{"embeddable":true,"href":"http:\/\/snowhouse.ca\/fr\/wp-json\/wp\/v2\/media\/2473"}],"wp:attachment":[{"href":"http:\/\/snowhouse.ca\/fr\/wp-json\/wp\/v2\/media?parent=455"}],"wp:term":[{"taxonomy":"product_brand","embeddable":true,"href":"http:\/\/snowhouse.ca\/fr\/wp-json\/wp\/v2\/product_brand?post=455"},{"taxonomy":"product_cat","embeddable":true,"href":"http:\/\/snowhouse.ca\/fr\/wp-json\/wp\/v2\/product_cat?post=455"},{"taxonomy":"product_tag","embeddable":true,"href":"http:\/\/snowhouse.ca\/fr\/wp-json\/wp\/v2\/product_tag?post=455"},{"taxonomy":"document","embeddable":true,"href":"http:\/\/snowhouse.ca\/fr\/wp-json\/wp\/v2\/document?post=455"}],"curies":[{"name":"wp","href":"https:\/\/api.w.org\/{rel}","templated":true}]}}