{"id":468,"date":"2025-07-23T01:38:46","date_gmt":"2025-07-23T01:38:46","guid":{"rendered":"https:\/\/snowhouse.ca\/produit\/1-mtz-35-35-mhz-impedance-analyzer\/"},"modified":"2025-11-05T21:18:56","modified_gmt":"2025-11-05T21:18:56","slug":"1-mtz-35-35-mhz-impedance-analyzer","status":"publish","type":"product","link":"http:\/\/snowhouse.ca\/fr\/produit\/potentiostats-galvanostats-fra\/frequency-response-analyzer\/1-mtz-35-35-mhz-impedance-analyzer\/","title":{"rendered":"MTZ-35"},"content":{"rendered":"<h3><strong>Analyseur d&#039;imp\u00e9dance 35 MHz<\/strong><\/h3>\n<h3>Une solution avanc\u00e9e et compl\u00e8te pour la caract\u00e9risation \u00e9lectrique des mat\u00e9riaux<\/h3>\n<p>Un laboratoire moderne de science des mat\u00e9riaux est confront\u00e9 quotidiennement \u00e0 des mesures complexes, et la spectroscopie d&#039;imp\u00e9dance est un outil primordial dans la recherche sur les mat\u00e9riaux, permettant la caract\u00e9risation des propri\u00e9t\u00e9s \u00e9lectriques des mat\u00e9riaux.<\/p>\n<p>Avec une large gamme de fr\u00e9quences (10 \u00b5Hz \u2013 35 MHz) et des niveaux de pr\u00e9cision \u00e9lev\u00e9s (amplitude de 0,1%, phase de 0,05%), l&#039;analyseur d&#039;imp\u00e9dance BioLogic MTZ-35 a \u00e9t\u00e9 con\u00e7u pour s&#039;attaquer m\u00eame aux mesures les plus difficiles requises par la science des mat\u00e9riaux.<\/p>\n<p>L&#039;analyseur MTZ-35 est l&#039;instrument cl\u00e9 des solutions int\u00e9gr\u00e9es pour la caract\u00e9risation \u00e9lectrique des mat\u00e9riaux. Ces solutions, destin\u00e9es \u00e0 une large gamme d&#039;applications et de plages de temp\u00e9rature, comprennent l&#039;analyseur d&#039;imp\u00e9dance MTZ-35, une unit\u00e9 de contr\u00f4le de temp\u00e9rature, un porte-\u00e9chantillon et le syst\u00e8me MT-lab.<sup>\u00a9<\/sup>\u00a0logiciel. Le MT-Lab<sup>\u00a9<\/sup>\u00a0L&#039;interface permet de piloter de nombreux syst\u00e8mes de r\u00e9gulation de temp\u00e9rature (four HTF-1100, ITS, etc.) sur une large plage de temp\u00e9ratures (de -40 \u00e0 1100 \u00b0C). Elle permet \u00e9galement la mesure d&#039;imp\u00e9dance et la mod\u00e9lisation des donn\u00e9es EIS \u00e0 l&#039;aide de circuits \u00e9quivalents. De nombreux porte-\u00e9chantillons (CESH, HTSH-1100, HTCC) compatibles avec divers mat\u00e9riaux (polym\u00e8res, c\u00e9ramiques, composites, liquides ioniques, gels, etc.) sont compatibles avec le MTZ-35.<\/p>\n<h4><strong>Applications<\/strong><\/h4>\n<p>\u2013 C\u00e9ramique<br \/>\n\u2013 Capteurs<br \/>\n\u2013 Polym\u00e8res<br \/>\n\u2013 Nanomat\u00e9riaux<br \/>\n\u2013 Cellules solaires \u2013 Photovolta\u00efque<br \/>\n\u2013 Caoutchoucs<br \/>\n\u2013 Colles<br \/>\n\u2013 \u00c9poxydes<br \/>\n\u2013 Cristaux liquides<\/p>","protected":false},"excerpt":{"rendered":"<p>Gamme de fr\u00e9quences\u00a0: 10 \u03bcHz \u00e0 35 MHz<\/p>","protected":false},"featured_media":469,"template":"","meta":[],"product_brand":[550],"product_cat":[568],"product_tag":[],"document":[],"class_list":{"0":"post-468","1":"product","2":"type-product","3":"status-publish","4":"has-post-thumbnail","6":"product_brand-biologic","7":"product_cat-frequency-response-analyzer","9":"first","10":"instock","11":"purchasable","12":"product-type-simple"},"yoast_head":"<!-- This site is optimized with the Yoast SEO plugin v26.8 - https:\/\/yoast.com\/product\/yoast-seo-wordpress\/ -->\n<title>MTZ-35 - SnowHouse<\/title>\n<meta name=\"robots\" content=\"index, follow, max-snippet:-1, max-image-preview:large, max-video-preview:-1\" \/>\n<link rel=\"canonical\" href=\"https:\/\/snowhouse.ca\/fr\/product\/potentiostats-galvanostats-fra\/frequency-response-analyzer\/1-mtz-35-35-mhz-impedance-analyzer\/\" \/>\n<meta property=\"og:locale\" content=\"fr_CA\" \/>\n<meta property=\"og:type\" content=\"article\" \/>\n<meta property=\"og:title\" content=\"MTZ-35 - SnowHouse\" \/>\n<meta property=\"og:description\" content=\"Frequency Range: 10 \u03bcHz to 35 MHz\" \/>\n<meta property=\"og:url\" content=\"https:\/\/snowhouse.ca\/fr\/product\/potentiostats-galvanostats-fra\/frequency-response-analyzer\/1-mtz-35-35-mhz-impedance-analyzer\/\" \/>\n<meta property=\"og:site_name\" content=\"SnowHouse\" \/>\n<meta property=\"article:modified_time\" content=\"2025-11-05T21:18:56+00:00\" \/>\n<meta property=\"og:image\" content=\"https:\/\/snowhouse.ca\/wp-content\/uploads\/2025\/07\/45911.png\" \/>\n\t<meta property=\"og:image:width\" content=\"500\" \/>\n\t<meta property=\"og:image:height\" content=\"311\" \/>\n\t<meta property=\"og:image:type\" content=\"image\/png\" \/>\n<meta name=\"twitter:card\" content=\"summary_large_image\" \/>\n<meta name=\"twitter:label1\" content=\"Estimation du temps de lecture\" \/>\n\t<meta name=\"twitter:data1\" content=\"2 minutes\" \/>\n<script type=\"application\/ld+json\" class=\"yoast-schema-graph\">{\"@context\":\"https:\/\/schema.org\",\"@graph\":[{\"@type\":\"WebPage\",\"@id\":\"https:\/\/snowhouse.ca\/product\/potentiostats-galvanostats-fra\/frequency-response-analyzer\/1-mtz-35-35-mhz-impedance-analyzer\/\",\"url\":\"https:\/\/snowhouse.ca\/product\/potentiostats-galvanostats-fra\/frequency-response-analyzer\/1-mtz-35-35-mhz-impedance-analyzer\/\",\"name\":\"MTZ-35 - SnowHouse\",\"isPartOf\":{\"@id\":\"https:\/\/snowhouse.ca\/#website\"},\"primaryImageOfPage\":{\"@id\":\"https:\/\/snowhouse.ca\/product\/potentiostats-galvanostats-fra\/frequency-response-analyzer\/1-mtz-35-35-mhz-impedance-analyzer\/#primaryimage\"},\"image\":{\"@id\":\"https:\/\/snowhouse.ca\/product\/potentiostats-galvanostats-fra\/frequency-response-analyzer\/1-mtz-35-35-mhz-impedance-analyzer\/#primaryimage\"},\"thumbnailUrl\":\"https:\/\/snowhouse.ca\/wp-content\/uploads\/2025\/07\/45911.png?wsr\",\"datePublished\":\"2025-07-23T01:38:46+00:00\",\"dateModified\":\"2025-11-05T21:18:56+00:00\",\"breadcrumb\":{\"@id\":\"https:\/\/snowhouse.ca\/product\/potentiostats-galvanostats-fra\/frequency-response-analyzer\/1-mtz-35-35-mhz-impedance-analyzer\/#breadcrumb\"},\"inLanguage\":\"fr-CA\",\"potentialAction\":[{\"@type\":\"ReadAction\",\"target\":[\"https:\/\/snowhouse.ca\/product\/potentiostats-galvanostats-fra\/frequency-response-analyzer\/1-mtz-35-35-mhz-impedance-analyzer\/\"]}]},{\"@type\":\"ImageObject\",\"inLanguage\":\"fr-CA\",\"@id\":\"https:\/\/snowhouse.ca\/product\/potentiostats-galvanostats-fra\/frequency-response-analyzer\/1-mtz-35-35-mhz-impedance-analyzer\/#primaryimage\",\"url\":\"https:\/\/snowhouse.ca\/wp-content\/uploads\/2025\/07\/45911.png?wsr\",\"contentUrl\":\"https:\/\/snowhouse.ca\/wp-content\/uploads\/2025\/07\/45911.png?wsr\",\"width\":500,\"height\":311},{\"@type\":\"BreadcrumbList\",\"@id\":\"https:\/\/snowhouse.ca\/product\/potentiostats-galvanostats-fra\/frequency-response-analyzer\/1-mtz-35-35-mhz-impedance-analyzer\/#breadcrumb\",\"itemListElement\":[{\"@type\":\"ListItem\",\"position\":1,\"name\":\"Home\",\"item\":\"https:\/\/snowhouse.ca\/\"},{\"@type\":\"ListItem\",\"position\":2,\"name\":\"Products\",\"item\":\"https:\/\/snowhouse.ca\/products\/\"},{\"@type\":\"ListItem\",\"position\":3,\"name\":\"MTZ-35\"}]},{\"@type\":\"WebSite\",\"@id\":\"https:\/\/snowhouse.ca\/#website\",\"url\":\"https:\/\/snowhouse.ca\/\",\"name\":\"SnowHouse\",\"description\":\"Trusted Scientific Instruments\",\"publisher\":{\"@id\":\"https:\/\/snowhouse.ca\/#organization\"},\"potentialAction\":[{\"@type\":\"SearchAction\",\"target\":{\"@type\":\"EntryPoint\",\"urlTemplate\":\"https:\/\/snowhouse.ca\/?s={search_term_string}\"},\"query-input\":{\"@type\":\"PropertyValueSpecification\",\"valueRequired\":true,\"valueName\":\"search_term_string\"}}],\"inLanguage\":\"fr-CA\"},{\"@type\":\"Organization\",\"@id\":\"https:\/\/snowhouse.ca\/#organization\",\"name\":\"Snowhouse inc.\",\"alternateName\":\"Snowhouse\",\"url\":\"https:\/\/snowhouse.ca\/\",\"logo\":{\"@type\":\"ImageObject\",\"inLanguage\":\"fr-CA\",\"@id\":\"https:\/\/snowhouse.ca\/#\/schema\/logo\/image\/\",\"url\":\"https:\/\/snowhouse.ca\/wp-content\/uploads\/2025\/07\/SnowHouse-Logo.png\",\"contentUrl\":\"https:\/\/snowhouse.ca\/wp-content\/uploads\/2025\/07\/SnowHouse-Logo.png\",\"width\":508,\"height\":136,\"caption\":\"Snowhouse inc.\"},\"image\":{\"@id\":\"https:\/\/snowhouse.ca\/#\/schema\/logo\/image\/\"}}]}<\/script>\n<!-- \/ Yoast SEO plugin. -->","yoast_head_json":{"title":"MTZ-35 - SnowHouse","robots":{"index":"index","follow":"follow","max-snippet":"max-snippet:-1","max-image-preview":"max-image-preview:large","max-video-preview":"max-video-preview:-1"},"canonical":"https:\/\/snowhouse.ca\/fr\/product\/potentiostats-galvanostats-fra\/frequency-response-analyzer\/1-mtz-35-35-mhz-impedance-analyzer\/","og_locale":"fr_CA","og_type":"article","og_title":"MTZ-35 - SnowHouse","og_description":"Frequency Range: 10 \u03bcHz to 35 MHz","og_url":"https:\/\/snowhouse.ca\/fr\/product\/potentiostats-galvanostats-fra\/frequency-response-analyzer\/1-mtz-35-35-mhz-impedance-analyzer\/","og_site_name":"SnowHouse","article_modified_time":"2025-11-05T21:18:56+00:00","og_image":[{"width":500,"height":311,"url":"https:\/\/snowhouse.ca\/wp-content\/uploads\/2025\/07\/45911.png","type":"image\/png"}],"twitter_card":"summary_large_image","twitter_misc":{"Estimation du temps de lecture":"2 minutes"},"schema":{"@context":"https:\/\/schema.org","@graph":[{"@type":"WebPage","@id":"https:\/\/snowhouse.ca\/product\/potentiostats-galvanostats-fra\/frequency-response-analyzer\/1-mtz-35-35-mhz-impedance-analyzer\/","url":"https:\/\/snowhouse.ca\/product\/potentiostats-galvanostats-fra\/frequency-response-analyzer\/1-mtz-35-35-mhz-impedance-analyzer\/","name":"MTZ-35 - SnowHouse","isPartOf":{"@id":"https:\/\/snowhouse.ca\/#website"},"primaryImageOfPage":{"@id":"https:\/\/snowhouse.ca\/product\/potentiostats-galvanostats-fra\/frequency-response-analyzer\/1-mtz-35-35-mhz-impedance-analyzer\/#primaryimage"},"image":{"@id":"https:\/\/snowhouse.ca\/product\/potentiostats-galvanostats-fra\/frequency-response-analyzer\/1-mtz-35-35-mhz-impedance-analyzer\/#primaryimage"},"thumbnailUrl":"https:\/\/snowhouse.ca\/wp-content\/uploads\/2025\/07\/45911.png?wsr","datePublished":"2025-07-23T01:38:46+00:00","dateModified":"2025-11-05T21:18:56+00:00","breadcrumb":{"@id":"https:\/\/snowhouse.ca\/product\/potentiostats-galvanostats-fra\/frequency-response-analyzer\/1-mtz-35-35-mhz-impedance-analyzer\/#breadcrumb"},"inLanguage":"fr-CA","potentialAction":[{"@type":"ReadAction","target":["https:\/\/snowhouse.ca\/product\/potentiostats-galvanostats-fra\/frequency-response-analyzer\/1-mtz-35-35-mhz-impedance-analyzer\/"]}]},{"@type":"ImageObject","inLanguage":"fr-CA","@id":"https:\/\/snowhouse.ca\/product\/potentiostats-galvanostats-fra\/frequency-response-analyzer\/1-mtz-35-35-mhz-impedance-analyzer\/#primaryimage","url":"https:\/\/snowhouse.ca\/wp-content\/uploads\/2025\/07\/45911.png?wsr","contentUrl":"https:\/\/snowhouse.ca\/wp-content\/uploads\/2025\/07\/45911.png?wsr","width":500,"height":311},{"@type":"BreadcrumbList","@id":"https:\/\/snowhouse.ca\/product\/potentiostats-galvanostats-fra\/frequency-response-analyzer\/1-mtz-35-35-mhz-impedance-analyzer\/#breadcrumb","itemListElement":[{"@type":"ListItem","position":1,"name":"Home","item":"https:\/\/snowhouse.ca\/"},{"@type":"ListItem","position":2,"name":"Products","item":"https:\/\/snowhouse.ca\/products\/"},{"@type":"ListItem","position":3,"name":"MTZ-35"}]},{"@type":"WebSite","@id":"https:\/\/snowhouse.ca\/#website","url":"https:\/\/snowhouse.ca\/","name":"Maison de neige","description":"Instruments scientifiques de confiance","publisher":{"@id":"https:\/\/snowhouse.ca\/#organization"},"potentialAction":[{"@type":"SearchAction","target":{"@type":"EntryPoint","urlTemplate":"https:\/\/snowhouse.ca\/?s={search_term_string}"},"query-input":{"@type":"PropertyValueSpecification","valueRequired":true,"valueName":"search_term_string"}}],"inLanguage":"fr-CA"},{"@type":"Organization","@id":"https:\/\/snowhouse.ca\/#organization","name":"Snowhouse inc.","alternateName":"Snowhouse","url":"https:\/\/snowhouse.ca\/","logo":{"@type":"ImageObject","inLanguage":"fr-CA","@id":"https:\/\/snowhouse.ca\/#\/schema\/logo\/image\/","url":"https:\/\/snowhouse.ca\/wp-content\/uploads\/2025\/07\/SnowHouse-Logo.png","contentUrl":"https:\/\/snowhouse.ca\/wp-content\/uploads\/2025\/07\/SnowHouse-Logo.png","width":508,"height":136,"caption":"Snowhouse inc."},"image":{"@id":"https:\/\/snowhouse.ca\/#\/schema\/logo\/image\/"}}]}},"_links":{"self":[{"href":"http:\/\/snowhouse.ca\/fr\/wp-json\/wp\/v2\/product\/468","targetHints":{"allow":["GET"]}}],"collection":[{"href":"http:\/\/snowhouse.ca\/fr\/wp-json\/wp\/v2\/product"}],"about":[{"href":"http:\/\/snowhouse.ca\/fr\/wp-json\/wp\/v2\/types\/product"}],"wp:featuredmedia":[{"embeddable":true,"href":"http:\/\/snowhouse.ca\/fr\/wp-json\/wp\/v2\/media\/469"}],"wp:attachment":[{"href":"http:\/\/snowhouse.ca\/fr\/wp-json\/wp\/v2\/media?parent=468"}],"wp:term":[{"taxonomy":"product_brand","embeddable":true,"href":"http:\/\/snowhouse.ca\/fr\/wp-json\/wp\/v2\/product_brand?post=468"},{"taxonomy":"product_cat","embeddable":true,"href":"http:\/\/snowhouse.ca\/fr\/wp-json\/wp\/v2\/product_cat?post=468"},{"taxonomy":"product_tag","embeddable":true,"href":"http:\/\/snowhouse.ca\/fr\/wp-json\/wp\/v2\/product_tag?post=468"},{"taxonomy":"document","embeddable":true,"href":"http:\/\/snowhouse.ca\/fr\/wp-json\/wp\/v2\/document?post=468"}],"curies":[{"name":"wp","href":"https:\/\/api.w.org\/{rel}","templated":true}]}}