{"id":485,"date":"2025-07-23T01:38:46","date_gmt":"2025-07-23T01:38:46","guid":{"rendered":"https:\/\/snowhouse.ca\/produit\/skp470-scanning-kelvin-probe-system\/"},"modified":"2025-11-14T15:45:46","modified_gmt":"2025-11-14T15:45:46","slug":"skp470-scanning-kelvin-probe-system","status":"publish","type":"product","link":"http:\/\/snowhouse.ca\/fr\/produit\/material-characterization\/scanning-electrochemical-workstation\/skp470-scanning-kelvin-probe-system\/","title":{"rendered":"SKP \u2013 M470"},"content":{"rendered":"<h3>SKP \u2013 M470<span class=\"yellow-dot\">.<\/span><\/h3>\n<h3>Cette technique utilise une sonde capacitive vibrante de conception connue pour mesurer la diff\u00e9rence de fonction de travail avec l&#039;\u00e9chantillon \u00e9tudi\u00e9.<\/h3>\n<h3><\/h3>\n<h3>Cartographier les variations locales du travail de sortie \u00e0 la surface d&#039;un \u00e9chantillon<\/h3>\n<p>La technique de la sonde Kelvin \u00e0 balayage (SKP) utilise une sonde capacitive vibrante de conception connue pour mesurer la diff\u00e9rence de potentiel de sortie de l&#039;\u00e9chantillon. En d\u00e9pla\u00e7ant la sonde dans le plan x,y, il est possible de cartographier les variations locales du potentiel de sortie \u00e0 la surface de l&#039;\u00e9chantillon. Cette diff\u00e9rence de potentiel de sortie est li\u00e9e \u00e0 une caract\u00e9ristique de l&#039;\u00e9tat de surface, notamment le potentiel de corrosion. Avec le m\u00eame dispositif, il est \u00e9galement possible de r\u00e9aliser deux types de mesures topographiques\u00a0: la mesure de hauteur capacitive (CHM) et la mesure de suivi capacitif (CTM). La CHM et la CTM peuvent \u00eatre utilis\u00e9es seules ou comme donn\u00e9es d&#039;entr\u00e9e pour une mesure de suivi de hauteur.<\/p>\n<p>La technique SKP est largement utilis\u00e9e dans la recherche sur la corrosion et les rev\u00eatements. Elle est particuli\u00e8rement utile pour \u00e9tudier l&#039;amor\u00e7age de la corrosion sous un rev\u00eatement de surface. Dans le domaine du photovolta\u00efque, l&#039;utilisation de la technique SKP s&#039;est accrue pour d\u00e9terminer le travail de sortie de diff\u00e9rents composants. Elle a \u00e9galement \u00e9t\u00e9 employ\u00e9e pour d\u00e9tecter la contamination de surface des composants. En biotechnologie, la technique SKP a \u00e9t\u00e9 propos\u00e9e pour mesurer le potentiel \u00e9lectrique des tissus vivants et a m\u00eame trouv\u00e9 des applications en criminalistique.<\/p>\n<p>&nbsp;<\/p>\n<p><a href=\"https:\/\/biologic.net\/wp-content\/uploads\/2019\/08\/skp_example_data.jpg\"><img decoding=\"async\" class=\"alignnone size-full wp-image-10739\" src=\"https:\/\/biologic.net\/wp-content\/uploads\/2019\/08\/skp_example_data.jpg\" alt=\"\" width=\"466\" height=\"99\" \/><\/a><\/p>\n<p>Mesure SKP \u00e0 distance constante d&#039;une pi\u00e8ce de 2 \u20ac effectu\u00e9e en mode de suivi de hauteur \u00e0 l&#039;aide des mesures topographiques du MTC.<\/p>\n<p>&nbsp;<\/p>\n<h3>Aper\u00e7u\u00a0: Mesures de la fonction de travail locale sans contact et non destructives<\/h3>\n<ul>\n<li>Non destructif<\/li>\n<li>Peut \u00eatre utilis\u00e9 m\u00eame en pr\u00e9sence d&#039;un rev\u00eatement isolant.<\/li>\n<\/ul>\n<h3>Mesurez votre \u00e9chantillon sans exposition \u00e0 l&#039;\u00e9lectrolyte.<\/h3>\n<p>L&#039;exposition prolong\u00e9e d&#039;un \u00e9chantillon \u00e0 l&#039;\u00e9lectrolyte peut l&#039;endommager. Si l&#039;\u00e9chantillon est susceptible de se corroder au contact de l&#039;\u00e9lectrolyte, son \u00e9tat pourrait diff\u00e9rer entre le d\u00e9but et la fin de l&#039;exp\u00e9rience. Contrairement \u00e0 d&#039;autres mesures par sonde \u00e0 balayage, la technique SKP est r\u00e9alis\u00e9e sans \u00e9lectrolyte, tout en fournissant des informations \u00e9lectrochimiques sur l&#039;\u00e9chantillon. Technique sans contact et sans \u00e9lectrolyte, la SKP est une mesure v\u00e9ritablement non destructive.<\/p>\n<h3>La fonction d&#039;auto-r\u00e9glage permet une mise en place exp\u00e9rimentale plus rapide<\/h3>\n<p>Dans la technique SKP, la sonde vibre perpendiculairement \u00e0 l&#039;\u00e9chantillon pour g\u00e9n\u00e9rer un courant alternatif sinuso\u00efdal. Ce courant est ensuite converti en courant continu par l&#039;amplificateur de d\u00e9tection synchrone (LIA) gr\u00e2ce \u00e0 un signal de d\u00e9modulation. Pour un signal continu maximal, ce signal doit \u00eatre en phase. Le choix de la phase de d\u00e9modulation peut s&#039;av\u00e9rer complexe pour un utilisateur novice. Le SKP470 simplifie cette \u00e9tape gr\u00e2ce \u00e0 sa fonction d&#039;auto-r\u00e9glage, ce qui acc\u00e9l\u00e8re et facilite la mise en place de l&#039;exp\u00e9rience. De plus, la phase optimale pour un signal continu maximal est toujours garantie.<\/p>\n<h3>Effectuer des mesures \u00e0 hauteur constante et \u00e0 distance constante<\/h3>\n<p>Le SKP470 permet aux chercheurs d&#039;effectuer des mesures SKP en modes hauteur constante et distance constante. Le mode hauteur constante offre les mesures SKP les plus rapides, car la position z de la sonde reste inchang\u00e9e pendant le balayage. Cependant, la distance sonde-\u00e9chantillon influe sur la qualit\u00e9 et l&#039;intensit\u00e9 du signal SKP\u00a0; il est donc avantageux de maintenir la sonde pr\u00e8s de la surface de l&#039;\u00e9chantillon tout au long du balayage. Dans ce cas, les mesures \u00e0 distance constante par suivi de hauteur, o\u00f9 la position z de la sonde varie, constituent le meilleur choix.<\/p>\n<h3>Choisissez parmi deux techniques de topographie SKP diff\u00e9rentes<\/h3>\n<p>Le SKP470 offre deux options pour la mesure de la topographie. Les chercheurs peuvent ainsi effectuer un balayage topographique, suivi d&#039;une mesure SKP \u00e0 distance constante, sans changer de sonde ni proc\u00e9der \u00e0 un nouvel alignement. Les deux mesures topographiques disponibles sont la mesure de hauteur capacitive (CHM) et la mesure de suivi capacitif (CTM). En CHM, la sonde conserve une hauteur constante et seule la variation de distance entre la sonde et l&#039;\u00e9chantillon est mesur\u00e9e. Cette m\u00e9thode est adapt\u00e9e aux \u00e9chantillons relativement plats, n\u00e9cessitant une mesure topographique rapide. En CTM, la hauteur de la sonde varie tout au long de la mesure afin de maintenir une distance sonde-\u00e9chantillon constante. Cette m\u00e9thode est particuli\u00e8rement adapt\u00e9e aux \u00e9chantillons tr\u00e8s rugueux ou pr\u00e9sentant d&#039;importantes variations de topographie.<\/p>","protected":false},"excerpt":{"rendered":"<p>Technique de la sonde Kelvin \u00e0 balayage (SKP)<\/p>","protected":false},"featured_media":486,"template":"","meta":[],"product_brand":[550],"product_cat":[84],"product_tag":[],"document":[392],"class_list":{"0":"post-485","1":"product","2":"type-product","3":"status-publish","4":"has-post-thumbnail","6":"product_brand-biologic","7":"product_cat-scanning-electrochemical-workstation","8":"document-https-affichez-vous-com-pdf-biologic-m470-scanning-system-2-pdf","10":"first","11":"instock","12":"purchasable","13":"product-type-simple"},"yoast_head":"<!-- This site is optimized with the Yoast SEO plugin v26.8 - https:\/\/yoast.com\/product\/yoast-seo-wordpress\/ -->\n<title>SKP - M470 - SnowHouse<\/title>\n<meta name=\"robots\" content=\"index, follow, max-snippet:-1, max-image-preview:large, max-video-preview:-1\" \/>\n<link rel=\"canonical\" href=\"https:\/\/snowhouse.ca\/fr\/produit\/material-characterization\/scanning-electrochemical-workstation\/skp470-scanning-kelvin-probe-system\/\" \/>\n<meta property=\"og:locale\" content=\"fr_CA\" \/>\n<meta property=\"og:type\" content=\"article\" \/>\n<meta property=\"og:title\" content=\"SKP - M470 - SnowHouse\" \/>\n<meta property=\"og:description\" content=\"Scanning Kelvin Probe (SKP) technique\" \/>\n<meta property=\"og:url\" content=\"https:\/\/snowhouse.ca\/fr\/produit\/material-characterization\/scanning-electrochemical-workstation\/skp470-scanning-kelvin-probe-system\/\" \/>\n<meta property=\"og:site_name\" content=\"SnowHouse\" \/>\n<meta property=\"article:modified_time\" content=\"2025-11-14T15:45:46+00:00\" \/>\n<meta property=\"og:image\" content=\"https:\/\/snowhouse.ca\/wp-content\/uploads\/2025\/07\/46564.png\" \/>\n\t<meta property=\"og:image:width\" content=\"500\" \/>\n\t<meta property=\"og:image:height\" content=\"250\" \/>\n\t<meta property=\"og:image:type\" content=\"image\/png\" \/>\n<meta name=\"twitter:card\" content=\"summary_large_image\" \/>\n<meta name=\"twitter:label1\" content=\"Estimation du temps de lecture\" \/>\n\t<meta name=\"twitter:data1\" content=\"4 minutes\" \/>\n<script type=\"application\/ld+json\" class=\"yoast-schema-graph\">{\"@context\":\"https:\/\/schema.org\",\"@graph\":[{\"@type\":\"WebPage\",\"@id\":\"https:\/\/snowhouse.ca\/fr\/produit\/material-characterization\/scanning-electrochemical-workstation\/skp470-scanning-kelvin-probe-system\/\",\"url\":\"https:\/\/snowhouse.ca\/fr\/produit\/material-characterization\/scanning-electrochemical-workstation\/skp470-scanning-kelvin-probe-system\/\",\"name\":\"SKP - M470 - SnowHouse\",\"isPartOf\":{\"@id\":\"https:\/\/snowhouse.ca\/#website\"},\"primaryImageOfPage\":{\"@id\":\"https:\/\/snowhouse.ca\/fr\/produit\/material-characterization\/scanning-electrochemical-workstation\/skp470-scanning-kelvin-probe-system\/#primaryimage\"},\"image\":{\"@id\":\"https:\/\/snowhouse.ca\/fr\/produit\/material-characterization\/scanning-electrochemical-workstation\/skp470-scanning-kelvin-probe-system\/#primaryimage\"},\"thumbnailUrl\":\"https:\/\/snowhouse.ca\/wp-content\/uploads\/2025\/07\/46564.png?wsr\",\"datePublished\":\"2025-07-23T01:38:46+00:00\",\"dateModified\":\"2025-11-14T15:45:46+00:00\",\"breadcrumb\":{\"@id\":\"https:\/\/snowhouse.ca\/fr\/produit\/material-characterization\/scanning-electrochemical-workstation\/skp470-scanning-kelvin-probe-system\/#breadcrumb\"},\"inLanguage\":\"fr-CA\",\"potentialAction\":[{\"@type\":\"ReadAction\",\"target\":[\"https:\/\/snowhouse.ca\/fr\/produit\/material-characterization\/scanning-electrochemical-workstation\/skp470-scanning-kelvin-probe-system\/\"]}]},{\"@type\":\"ImageObject\",\"inLanguage\":\"fr-CA\",\"@id\":\"https:\/\/snowhouse.ca\/fr\/produit\/material-characterization\/scanning-electrochemical-workstation\/skp470-scanning-kelvin-probe-system\/#primaryimage\",\"url\":\"https:\/\/snowhouse.ca\/wp-content\/uploads\/2025\/07\/46564.png?wsr\",\"contentUrl\":\"https:\/\/snowhouse.ca\/wp-content\/uploads\/2025\/07\/46564.png?wsr\",\"width\":500,\"height\":250},{\"@type\":\"BreadcrumbList\",\"@id\":\"https:\/\/snowhouse.ca\/fr\/produit\/material-characterization\/scanning-electrochemical-workstation\/skp470-scanning-kelvin-probe-system\/#breadcrumb\",\"itemListElement\":[{\"@type\":\"ListItem\",\"position\":1,\"name\":\"Home\",\"item\":\"https:\/\/snowhouse.ca\/\"},{\"@type\":\"ListItem\",\"position\":2,\"name\":\"Products\",\"item\":\"https:\/\/snowhouse.ca\/products\/\"},{\"@type\":\"ListItem\",\"position\":3,\"name\":\"SKP &#8211; M470\"}]},{\"@type\":\"WebSite\",\"@id\":\"https:\/\/snowhouse.ca\/#website\",\"url\":\"https:\/\/snowhouse.ca\/\",\"name\":\"SnowHouse\",\"description\":\"Trusted Scientific Instruments\",\"publisher\":{\"@id\":\"https:\/\/snowhouse.ca\/#organization\"},\"potentialAction\":[{\"@type\":\"SearchAction\",\"target\":{\"@type\":\"EntryPoint\",\"urlTemplate\":\"https:\/\/snowhouse.ca\/?s={search_term_string}\"},\"query-input\":{\"@type\":\"PropertyValueSpecification\",\"valueRequired\":true,\"valueName\":\"search_term_string\"}}],\"inLanguage\":\"fr-CA\"},{\"@type\":\"Organization\",\"@id\":\"https:\/\/snowhouse.ca\/#organization\",\"name\":\"Snowhouse inc.\",\"alternateName\":\"Snowhouse\",\"url\":\"https:\/\/snowhouse.ca\/\",\"logo\":{\"@type\":\"ImageObject\",\"inLanguage\":\"fr-CA\",\"@id\":\"https:\/\/snowhouse.ca\/#\/schema\/logo\/image\/\",\"url\":\"https:\/\/snowhouse.ca\/wp-content\/uploads\/2025\/07\/SnowHouse-Logo.png\",\"contentUrl\":\"https:\/\/snowhouse.ca\/wp-content\/uploads\/2025\/07\/SnowHouse-Logo.png\",\"width\":508,\"height\":136,\"caption\":\"Snowhouse inc.\"},\"image\":{\"@id\":\"https:\/\/snowhouse.ca\/#\/schema\/logo\/image\/\"}}]}<\/script>\n<!-- \/ Yoast SEO plugin. -->","yoast_head_json":{"title":"SKP - M470 - SnowHouse","robots":{"index":"index","follow":"follow","max-snippet":"max-snippet:-1","max-image-preview":"max-image-preview:large","max-video-preview":"max-video-preview:-1"},"canonical":"https:\/\/snowhouse.ca\/fr\/produit\/material-characterization\/scanning-electrochemical-workstation\/skp470-scanning-kelvin-probe-system\/","og_locale":"fr_CA","og_type":"article","og_title":"SKP - M470 - SnowHouse","og_description":"Scanning Kelvin Probe (SKP) technique","og_url":"https:\/\/snowhouse.ca\/fr\/produit\/material-characterization\/scanning-electrochemical-workstation\/skp470-scanning-kelvin-probe-system\/","og_site_name":"SnowHouse","article_modified_time":"2025-11-14T15:45:46+00:00","og_image":[{"width":500,"height":250,"url":"https:\/\/snowhouse.ca\/wp-content\/uploads\/2025\/07\/46564.png","type":"image\/png"}],"twitter_card":"summary_large_image","twitter_misc":{"Estimation du temps de lecture":"4 minutes"},"schema":{"@context":"https:\/\/schema.org","@graph":[{"@type":"WebPage","@id":"https:\/\/snowhouse.ca\/fr\/produit\/material-characterization\/scanning-electrochemical-workstation\/skp470-scanning-kelvin-probe-system\/","url":"https:\/\/snowhouse.ca\/fr\/produit\/material-characterization\/scanning-electrochemical-workstation\/skp470-scanning-kelvin-probe-system\/","name":"SKP - M470 - SnowHouse","isPartOf":{"@id":"https:\/\/snowhouse.ca\/#website"},"primaryImageOfPage":{"@id":"https:\/\/snowhouse.ca\/fr\/produit\/material-characterization\/scanning-electrochemical-workstation\/skp470-scanning-kelvin-probe-system\/#primaryimage"},"image":{"@id":"https:\/\/snowhouse.ca\/fr\/produit\/material-characterization\/scanning-electrochemical-workstation\/skp470-scanning-kelvin-probe-system\/#primaryimage"},"thumbnailUrl":"https:\/\/snowhouse.ca\/wp-content\/uploads\/2025\/07\/46564.png?wsr","datePublished":"2025-07-23T01:38:46+00:00","dateModified":"2025-11-14T15:45:46+00:00","breadcrumb":{"@id":"https:\/\/snowhouse.ca\/fr\/produit\/material-characterization\/scanning-electrochemical-workstation\/skp470-scanning-kelvin-probe-system\/#breadcrumb"},"inLanguage":"fr-CA","potentialAction":[{"@type":"ReadAction","target":["https:\/\/snowhouse.ca\/fr\/produit\/material-characterization\/scanning-electrochemical-workstation\/skp470-scanning-kelvin-probe-system\/"]}]},{"@type":"ImageObject","inLanguage":"fr-CA","@id":"https:\/\/snowhouse.ca\/fr\/produit\/material-characterization\/scanning-electrochemical-workstation\/skp470-scanning-kelvin-probe-system\/#primaryimage","url":"https:\/\/snowhouse.ca\/wp-content\/uploads\/2025\/07\/46564.png?wsr","contentUrl":"https:\/\/snowhouse.ca\/wp-content\/uploads\/2025\/07\/46564.png?wsr","width":500,"height":250},{"@type":"BreadcrumbList","@id":"https:\/\/snowhouse.ca\/fr\/produit\/material-characterization\/scanning-electrochemical-workstation\/skp470-scanning-kelvin-probe-system\/#breadcrumb","itemListElement":[{"@type":"ListItem","position":1,"name":"Home","item":"https:\/\/snowhouse.ca\/"},{"@type":"ListItem","position":2,"name":"Products","item":"https:\/\/snowhouse.ca\/products\/"},{"@type":"ListItem","position":3,"name":"SKP &#8211; M470"}]},{"@type":"WebSite","@id":"https:\/\/snowhouse.ca\/#website","url":"https:\/\/snowhouse.ca\/","name":"Maison de neige","description":"Instruments scientifiques de confiance","publisher":{"@id":"https:\/\/snowhouse.ca\/#organization"},"potentialAction":[{"@type":"SearchAction","target":{"@type":"EntryPoint","urlTemplate":"https:\/\/snowhouse.ca\/?s={search_term_string}"},"query-input":{"@type":"PropertyValueSpecification","valueRequired":true,"valueName":"search_term_string"}}],"inLanguage":"fr-CA"},{"@type":"Organization","@id":"https:\/\/snowhouse.ca\/#organization","name":"Snowhouse inc.","alternateName":"Snowhouse","url":"https:\/\/snowhouse.ca\/","logo":{"@type":"ImageObject","inLanguage":"fr-CA","@id":"https:\/\/snowhouse.ca\/#\/schema\/logo\/image\/","url":"https:\/\/snowhouse.ca\/wp-content\/uploads\/2025\/07\/SnowHouse-Logo.png","contentUrl":"https:\/\/snowhouse.ca\/wp-content\/uploads\/2025\/07\/SnowHouse-Logo.png","width":508,"height":136,"caption":"Snowhouse inc."},"image":{"@id":"https:\/\/snowhouse.ca\/#\/schema\/logo\/image\/"}}]}},"_links":{"self":[{"href":"http:\/\/snowhouse.ca\/fr\/wp-json\/wp\/v2\/product\/485","targetHints":{"allow":["GET"]}}],"collection":[{"href":"http:\/\/snowhouse.ca\/fr\/wp-json\/wp\/v2\/product"}],"about":[{"href":"http:\/\/snowhouse.ca\/fr\/wp-json\/wp\/v2\/types\/product"}],"wp:featuredmedia":[{"embeddable":true,"href":"http:\/\/snowhouse.ca\/fr\/wp-json\/wp\/v2\/media\/486"}],"wp:attachment":[{"href":"http:\/\/snowhouse.ca\/fr\/wp-json\/wp\/v2\/media?parent=485"}],"wp:term":[{"taxonomy":"product_brand","embeddable":true,"href":"http:\/\/snowhouse.ca\/fr\/wp-json\/wp\/v2\/product_brand?post=485"},{"taxonomy":"product_cat","embeddable":true,"href":"http:\/\/snowhouse.ca\/fr\/wp-json\/wp\/v2\/product_cat?post=485"},{"taxonomy":"product_tag","embeddable":true,"href":"http:\/\/snowhouse.ca\/fr\/wp-json\/wp\/v2\/product_tag?post=485"},{"taxonomy":"document","embeddable":true,"href":"http:\/\/snowhouse.ca\/fr\/wp-json\/wp\/v2\/document?post=485"}],"curies":[{"name":"wp","href":"https:\/\/api.w.org\/{rel}","templated":true}]}}