{"id":550,"date":"2025-07-23T01:39:30","date_gmt":"2025-07-23T01:39:30","guid":{"rendered":"https:\/\/snowhouse.ca\/produit\/8-ct-600s\/"},"modified":"2025-11-24T21:58:16","modified_gmt":"2025-11-24T21:58:16","slug":"8-ct-600s","status":"publish","type":"product","link":"http:\/\/snowhouse.ca\/fr\/produit\/material-characterization\/3d-optical-profilometer\/8-ct-600s\/","title":{"rendered":"CT 600S"},"content":{"rendered":"<h3><strong>Profilom\u00e8tre sans contact CT 600S<\/strong><\/h3>\n<p>\u2013 Grande zone de num\u00e9risation de 600 mm x 600 mm<br \/>\n\u2013 Mesures de haute pr\u00e9cision sur des pi\u00e8ces grandes et lourdes<br \/>\n\u2013 Concept convivial<br \/>\n\u2013 Logiciels sophistiqu\u00e9s d&#039;analyse et d&#039;automatisation<\/p>\n<p>Le <strong>CT 600S<\/strong> Il s&#039;agit d&#039;un profilom\u00e8tre sans contact dot\u00e9 d&#039;un syst\u00e8me de d\u00e9placement de 600 mm selon les axes x et y. La conception du portique avec paliers \u00e0 air permet le d\u00e9placement de l&#039;ensemble capteur-cam\u00e9ra tandis que l&#039;\u00e9chantillon est fix\u00e9 sur la plateforme en granit. Ceci permet la num\u00e9risation de pi\u00e8ces volumineuses et lourdes avec une pr\u00e9cision in\u00e9gal\u00e9e. <strong>CT 600S<\/strong> Id\u00e9al pour mesurer la plan\u00e9it\u00e9 d&#039;\u00e9chantillons de grande taille, ainsi que la hauteur de marche, la rugosit\u00e9 et d&#039;autres param\u00e8tres 2D et 3D, ce syst\u00e8me permet des analyses pr\u00e9cises. Les balayages circulaires et ellipso\u00efdaux minimisent le temps d&#039;inspection des pi\u00e8ces rondes. Mont\u00e9s sur un axe Z automatis\u00e9, les capteurs offrent une r\u00e9solution jusqu&#039;\u00e0 3 nm et une plage de mesure jusqu&#039;\u00e0 25 mm.<\/p>\n<h3><strong>Technologie<\/strong><\/h3>\n<p>\u2013 Moteurs lin\u00e9aires magn\u00e9tiques rapides, pr\u00e9cis et fiables avec paliers \u00e0 air<br \/>\n\u2013 Vitesse de mesure\u00a0: 4\u00a0kHz (14\u00a0kHz en option)<br \/>\n\u2013 Course de 600 mm selon les axes x et y, r\u00e9solution lat\u00e9rale de 0,05 \u00b5m, axe z motoris\u00e9<br \/>\n\u2013 Profils 2D et cartes topographiques 3D (mesure topographique)<br \/>\n\u2013 Grandes zones de num\u00e9risation, jusqu&#039;\u00e0 une course maximale de 600 mm \u00e0 la r\u00e9solution maximale en x, y, z<br \/>\n\u2013 Capteurs de lumi\u00e8re blanche chromatique<br \/>\n\u2013 R\u00e9solution jusqu&#039;\u00e0 3 nm, plage de mesure jusqu&#039;\u00e0 25 mm<br \/>\n\u2013 Cam\u00e9ra couleur hors axe haute r\u00e9solution<\/p>","protected":false},"excerpt":{"rendered":"<p>Leading accuracy on large scale<\/p>","protected":false},"featured_media":2696,"template":"","meta":[],"product_brand":[556],"product_cat":[88],"product_tag":[],"document":[490],"class_list":{"0":"post-550","1":"product","2":"type-product","3":"status-publish","4":"has-post-thumbnail","6":"product_brand-cyber-technologies","7":"product_cat-3d-optical-profilometer","8":"document-https-affichez-vous-com-pdf-cyb_product_600s-pdf","10":"first","11":"instock","12":"purchasable","13":"product-type-simple"},"yoast_head":"<!-- This site is optimized with the Yoast SEO plugin v26.8 - https:\/\/yoast.com\/product\/yoast-seo-wordpress\/ -->\n<title>CT 600S - SnowHouse<\/title>\n<meta name=\"robots\" content=\"index, follow, max-snippet:-1, max-image-preview:large, max-video-preview:-1\" \/>\n<link rel=\"canonical\" href=\"https:\/\/snowhouse.ca\/fr\/product\/material-characterization\/3d-optical-profilometer\/8-ct-600s\/\" \/>\n<meta property=\"og:locale\" content=\"fr_CA\" \/>\n<meta property=\"og:type\" content=\"article\" \/>\n<meta property=\"og:title\" content=\"CT 600S - SnowHouse\" \/>\n<meta property=\"og:description\" content=\"Leading accuracy on large scale\" \/>\n<meta property=\"og:url\" content=\"https:\/\/snowhouse.ca\/fr\/product\/material-characterization\/3d-optical-profilometer\/8-ct-600s\/\" \/>\n<meta property=\"og:site_name\" content=\"SnowHouse\" \/>\n<meta property=\"article:modified_time\" content=\"2025-11-24T21:58:16+00:00\" \/>\n<meta property=\"og:image\" content=\"https:\/\/snowhouse.ca\/wp-content\/uploads\/2025\/07\/CT600S-framed-right-v2.png\" \/>\n\t<meta property=\"og:image:width\" content=\"800\" \/>\n\t<meta property=\"og:image:height\" content=\"650\" \/>\n\t<meta property=\"og:image:type\" content=\"image\/png\" \/>\n<meta name=\"twitter:card\" content=\"summary_large_image\" \/>\n<meta name=\"twitter:label1\" content=\"Estimation du temps de lecture\" \/>\n\t<meta name=\"twitter:data1\" content=\"2 minutes\" \/>\n<script type=\"application\/ld+json\" class=\"yoast-schema-graph\">{\"@context\":\"https:\/\/schema.org\",\"@graph\":[{\"@type\":\"WebPage\",\"@id\":\"https:\/\/snowhouse.ca\/product\/material-characterization\/3d-optical-profilometer\/8-ct-600s\/\",\"url\":\"https:\/\/snowhouse.ca\/product\/material-characterization\/3d-optical-profilometer\/8-ct-600s\/\",\"name\":\"CT 600S - SnowHouse\",\"isPartOf\":{\"@id\":\"https:\/\/snowhouse.ca\/#website\"},\"primaryImageOfPage\":{\"@id\":\"https:\/\/snowhouse.ca\/product\/material-characterization\/3d-optical-profilometer\/8-ct-600s\/#primaryimage\"},\"image\":{\"@id\":\"https:\/\/snowhouse.ca\/product\/material-characterization\/3d-optical-profilometer\/8-ct-600s\/#primaryimage\"},\"thumbnailUrl\":\"https:\/\/snowhouse.ca\/wp-content\/uploads\/2025\/07\/CT600S-framed-right-v2.png?wsr\",\"datePublished\":\"2025-07-23T01:39:30+00:00\",\"dateModified\":\"2025-11-24T21:58:16+00:00\",\"breadcrumb\":{\"@id\":\"https:\/\/snowhouse.ca\/product\/material-characterization\/3d-optical-profilometer\/8-ct-600s\/#breadcrumb\"},\"inLanguage\":\"fr-CA\",\"potentialAction\":[{\"@type\":\"ReadAction\",\"target\":[\"https:\/\/snowhouse.ca\/product\/material-characterization\/3d-optical-profilometer\/8-ct-600s\/\"]}]},{\"@type\":\"ImageObject\",\"inLanguage\":\"fr-CA\",\"@id\":\"https:\/\/snowhouse.ca\/product\/material-characterization\/3d-optical-profilometer\/8-ct-600s\/#primaryimage\",\"url\":\"https:\/\/snowhouse.ca\/wp-content\/uploads\/2025\/07\/CT600S-framed-right-v2.png?wsr\",\"contentUrl\":\"https:\/\/snowhouse.ca\/wp-content\/uploads\/2025\/07\/CT600S-framed-right-v2.png?wsr\",\"width\":800,\"height\":650},{\"@type\":\"BreadcrumbList\",\"@id\":\"https:\/\/snowhouse.ca\/product\/material-characterization\/3d-optical-profilometer\/8-ct-600s\/#breadcrumb\",\"itemListElement\":[{\"@type\":\"ListItem\",\"position\":1,\"name\":\"Home\",\"item\":\"https:\/\/snowhouse.ca\/\"},{\"@type\":\"ListItem\",\"position\":2,\"name\":\"Products\",\"item\":\"https:\/\/snowhouse.ca\/products\/\"},{\"@type\":\"ListItem\",\"position\":3,\"name\":\"CT 600S\"}]},{\"@type\":\"WebSite\",\"@id\":\"https:\/\/snowhouse.ca\/#website\",\"url\":\"https:\/\/snowhouse.ca\/\",\"name\":\"SnowHouse\",\"description\":\"Trusted Scientific Instruments\",\"publisher\":{\"@id\":\"https:\/\/snowhouse.ca\/#organization\"},\"potentialAction\":[{\"@type\":\"SearchAction\",\"target\":{\"@type\":\"EntryPoint\",\"urlTemplate\":\"https:\/\/snowhouse.ca\/?s={search_term_string}\"},\"query-input\":{\"@type\":\"PropertyValueSpecification\",\"valueRequired\":true,\"valueName\":\"search_term_string\"}}],\"inLanguage\":\"fr-CA\"},{\"@type\":\"Organization\",\"@id\":\"https:\/\/snowhouse.ca\/#organization\",\"name\":\"Snowhouse inc.\",\"alternateName\":\"Snowhouse\",\"url\":\"https:\/\/snowhouse.ca\/\",\"logo\":{\"@type\":\"ImageObject\",\"inLanguage\":\"fr-CA\",\"@id\":\"https:\/\/snowhouse.ca\/#\/schema\/logo\/image\/\",\"url\":\"https:\/\/snowhouse.ca\/wp-content\/uploads\/2025\/07\/SnowHouse-Logo.png\",\"contentUrl\":\"https:\/\/snowhouse.ca\/wp-content\/uploads\/2025\/07\/SnowHouse-Logo.png\",\"width\":508,\"height\":136,\"caption\":\"Snowhouse inc.\"},\"image\":{\"@id\":\"https:\/\/snowhouse.ca\/#\/schema\/logo\/image\/\"}}]}<\/script>\n<!-- \/ Yoast SEO plugin. -->","yoast_head_json":{"title":"CT 600S - SnowHouse","robots":{"index":"index","follow":"follow","max-snippet":"max-snippet:-1","max-image-preview":"max-image-preview:large","max-video-preview":"max-video-preview:-1"},"canonical":"https:\/\/snowhouse.ca\/fr\/product\/material-characterization\/3d-optical-profilometer\/8-ct-600s\/","og_locale":"fr_CA","og_type":"article","og_title":"CT 600S - SnowHouse","og_description":"Leading accuracy on large scale","og_url":"https:\/\/snowhouse.ca\/fr\/product\/material-characterization\/3d-optical-profilometer\/8-ct-600s\/","og_site_name":"SnowHouse","article_modified_time":"2025-11-24T21:58:16+00:00","og_image":[{"width":800,"height":650,"url":"https:\/\/snowhouse.ca\/wp-content\/uploads\/2025\/07\/CT600S-framed-right-v2.png","type":"image\/png"}],"twitter_card":"summary_large_image","twitter_misc":{"Estimation du temps de lecture":"2 minutes"},"schema":{"@context":"https:\/\/schema.org","@graph":[{"@type":"WebPage","@id":"https:\/\/snowhouse.ca\/product\/material-characterization\/3d-optical-profilometer\/8-ct-600s\/","url":"https:\/\/snowhouse.ca\/product\/material-characterization\/3d-optical-profilometer\/8-ct-600s\/","name":"CT 600S - SnowHouse","isPartOf":{"@id":"https:\/\/snowhouse.ca\/#website"},"primaryImageOfPage":{"@id":"https:\/\/snowhouse.ca\/product\/material-characterization\/3d-optical-profilometer\/8-ct-600s\/#primaryimage"},"image":{"@id":"https:\/\/snowhouse.ca\/product\/material-characterization\/3d-optical-profilometer\/8-ct-600s\/#primaryimage"},"thumbnailUrl":"https:\/\/snowhouse.ca\/wp-content\/uploads\/2025\/07\/CT600S-framed-right-v2.png?wsr","datePublished":"2025-07-23T01:39:30+00:00","dateModified":"2025-11-24T21:58:16+00:00","breadcrumb":{"@id":"https:\/\/snowhouse.ca\/product\/material-characterization\/3d-optical-profilometer\/8-ct-600s\/#breadcrumb"},"inLanguage":"fr-CA","potentialAction":[{"@type":"ReadAction","target":["https:\/\/snowhouse.ca\/product\/material-characterization\/3d-optical-profilometer\/8-ct-600s\/"]}]},{"@type":"ImageObject","inLanguage":"fr-CA","@id":"https:\/\/snowhouse.ca\/product\/material-characterization\/3d-optical-profilometer\/8-ct-600s\/#primaryimage","url":"https:\/\/snowhouse.ca\/wp-content\/uploads\/2025\/07\/CT600S-framed-right-v2.png?wsr","contentUrl":"https:\/\/snowhouse.ca\/wp-content\/uploads\/2025\/07\/CT600S-framed-right-v2.png?wsr","width":800,"height":650},{"@type":"BreadcrumbList","@id":"https:\/\/snowhouse.ca\/product\/material-characterization\/3d-optical-profilometer\/8-ct-600s\/#breadcrumb","itemListElement":[{"@type":"ListItem","position":1,"name":"Home","item":"https:\/\/snowhouse.ca\/"},{"@type":"ListItem","position":2,"name":"Products","item":"https:\/\/snowhouse.ca\/products\/"},{"@type":"ListItem","position":3,"name":"CT 600S"}]},{"@type":"WebSite","@id":"https:\/\/snowhouse.ca\/#website","url":"https:\/\/snowhouse.ca\/","name":"Maison de neige","description":"Instruments scientifiques de confiance","publisher":{"@id":"https:\/\/snowhouse.ca\/#organization"},"potentialAction":[{"@type":"SearchAction","target":{"@type":"EntryPoint","urlTemplate":"https:\/\/snowhouse.ca\/?s={search_term_string}"},"query-input":{"@type":"PropertyValueSpecification","valueRequired":true,"valueName":"search_term_string"}}],"inLanguage":"fr-CA"},{"@type":"Organization","@id":"https:\/\/snowhouse.ca\/#organization","name":"Snowhouse inc.","alternateName":"Snowhouse","url":"https:\/\/snowhouse.ca\/","logo":{"@type":"ImageObject","inLanguage":"fr-CA","@id":"https:\/\/snowhouse.ca\/#\/schema\/logo\/image\/","url":"https:\/\/snowhouse.ca\/wp-content\/uploads\/2025\/07\/SnowHouse-Logo.png","contentUrl":"https:\/\/snowhouse.ca\/wp-content\/uploads\/2025\/07\/SnowHouse-Logo.png","width":508,"height":136,"caption":"Snowhouse inc."},"image":{"@id":"https:\/\/snowhouse.ca\/#\/schema\/logo\/image\/"}}]}},"_links":{"self":[{"href":"http:\/\/snowhouse.ca\/fr\/wp-json\/wp\/v2\/product\/550","targetHints":{"allow":["GET"]}}],"collection":[{"href":"http:\/\/snowhouse.ca\/fr\/wp-json\/wp\/v2\/product"}],"about":[{"href":"http:\/\/snowhouse.ca\/fr\/wp-json\/wp\/v2\/types\/product"}],"wp:featuredmedia":[{"embeddable":true,"href":"http:\/\/snowhouse.ca\/fr\/wp-json\/wp\/v2\/media\/2696"}],"wp:attachment":[{"href":"http:\/\/snowhouse.ca\/fr\/wp-json\/wp\/v2\/media?parent=550"}],"wp:term":[{"taxonomy":"product_brand","embeddable":true,"href":"http:\/\/snowhouse.ca\/fr\/wp-json\/wp\/v2\/product_brand?post=550"},{"taxonomy":"product_cat","embeddable":true,"href":"http:\/\/snowhouse.ca\/fr\/wp-json\/wp\/v2\/product_cat?post=550"},{"taxonomy":"product_tag","embeddable":true,"href":"http:\/\/snowhouse.ca\/fr\/wp-json\/wp\/v2\/product_tag?post=550"},{"taxonomy":"document","embeddable":true,"href":"http:\/\/snowhouse.ca\/fr\/wp-json\/wp\/v2\/document?post=550"}],"curies":[{"name":"wp","href":"https:\/\/api.w.org\/{rel}","templated":true}]}}