{"id":589,"date":"2025-07-23T01:39:30","date_gmt":"2025-07-23T01:39:30","guid":{"rendered":"https:\/\/snowhouse.ca\/produit\/2-ixon-ultra-897-emccd-camera-ultimate-sensitivity\/"},"modified":"2025-11-17T16:40:29","modified_gmt":"2025-11-17T16:40:29","slug":"2-ixon-ultra-897-emccd-camera-ultimate-sensitivity","status":"publish","type":"product","link":"http:\/\/snowhouse.ca\/fr\/produit\/cameras-spectrographs\/emccd-cameras\/2-ixon-ultra-897-emccd-camera-ultimate-sensitivity\/","title":{"rendered":"iXon Ultra 897 EMCCD"},"content":{"rendered":"<h3><u><strong>NOUVEAU iXon Ultra 897 \u2013 Sensibilit\u00e9 ultime\u2026 Suraliment\u00e9 ! <\/strong><\/u><\/h3>\n<p>Gr\u00e2ce \u00e0 une refonte fondamentale, la plateforme iXon Ultra reprend le capteur de transfert d&#039;images r\u00e9tro\u00e9clair\u00e9 populaire de 512 x 512 pixels et surcadence la lecture \u00e0 17 MHz, poussant les performances de vitesse \u00e0 un remarquable 56 images par seconde (plein \u00e9cran), tout en maintenant une stabilit\u00e9 quantitative constante.<\/p>\n<p>La sensibilit\u00e9 optimale est obtenue gr\u00e2ce \u00e0 un refroidissement thermo\u00e9lectrique pouss\u00e9 jusqu&#039;\u00e0 -100 \u00b0C et au bruit de charge induit par l&#039;horloge le plus faible du march\u00e9. Parmi les autres caract\u00e9ristiques uniques de l&#039;iXon Ultra 897, citons la connectivit\u00e9 USB 2.0 et l&#039;acc\u00e8s direct aux donn\u00e9es brutes pour un traitement \u00e0 la vol\u00e9e. Les modes de lecture EMCCD et CCD conventionnel offrent une flexibilit\u00e9 d&#039;application accrue, avec de nouvelles performances de faible bruit en mode CCD.<\/p>\n<table class=\"hor-minimalist-a\" style=\"border-collapse: collapse; font-family: 'lucida sans unicode', 'lucida grande', sans-serif; font-size: 12px; margin-bottom: 16px; text-align: left; width: 460px;\" border=\"1\" cellspacing=\"0\">\n<tbody>\n<tr>\n<td>Pixels actifs<\/td>\n<td>512 x 512<\/td>\n<\/tr>\n<tr>\n<td>Taille des pixels<\/td>\n<td>16 x 16 \u00b5m<\/td>\n<\/tr>\n<tr>\n<td>Zone d&#039;image (mm)<\/td>\n<td>8,2 x 8,2<\/td>\n<\/tr>\n<tr>\n<td>Profondeur du puits de pixels de la zone d&#039;image<\/td>\n<td>160 000 e-<\/td>\n<\/tr>\n<tr>\n<td>Taux de lecture maximal<\/td>\n<td>17 MHz<\/td>\n<\/tr>\n<tr>\n<td>Fr\u00e9quence d&#039;images<\/td>\n<td>56 \u2013 11074 images\/seconde<\/td>\n<\/tr>\n<tr>\n<td>Lire le bruit<\/td>\n<td>&lt; 1 e- avec gain EM<\/td>\n<\/tr>\n<tr>\n<td>QEmax<\/td>\n<td>&gt; 90%<\/td>\n<\/tr>\n<\/tbody>\n<\/table>\n<h3>Caract\u00e9ristiques<\/h3>\n<p><b>Affichage overclock\u00e9 \u00e0 17 MHz<\/b>\u00a0\u2013 Augmente le nombre d&#039;images par seconde \u00e0 56 (plein \u00e9cran) ; 595 images par seconde en mode capteur recadr\u00e9 128 x 128.<\/p>\n<p><b>Mode de recadrage optiquement centr\u00e9<\/b>\u00a0\u2013 Imagerie continue \u00e0 la fr\u00e9quence d&#039;acquisition la plus rapide possible \u00e0 partir de r\u00e9gions d&#039;int\u00e9r\u00eat (ROI) positionn\u00e9es au centre. Id\u00e9ale pour la super-r\u00e9solution de cellules vivantes et bien plus encore (par exemple, 569 images\/s avec une ROI de 128 x 128 pixels).<\/p>\n<p><b>Technologie EX2<\/b>\u00a0\u2013 R\u00e9ponse QE \u00e9tendue, au-del\u00e0 du r\u00e9tro\u00e9clairage standard.<\/p>\n<p><b>Refroidissement thermo\u00e9lectrique \u00e0 -100 \u00b0C<\/b>\u00a0\u2013 Essentiel pour l&#039;\u00e9limination de la limite de d\u00e9tection du courant d&#039;obscurit\u00e9.<\/p>\n<p><b>RealGain\u2122<\/b>\u00a0\u2013 Gain EMCCD absolu s\u00e9lectionnable directement \u00e0 partir d\u2019une \u00e9chelle lin\u00e9aire et quantitative.<\/p>\n<p><b>Technologie de suppression des franges<\/b>\u00a0\u2013 R\u00e9duction de l&#039;\u00e9talonnage dans le proche infrarouge<\/p>\n<p><b>OptAcquire<\/b>\u00a0\u2013 Optimisez l&#039;iXon, extr\u00eamement flexible, pour r\u00e9pondre \u00e0 diff\u00e9rentes exigences d&#039;application en un seul clic.<\/p>\n<p><b>Compter Convertir<\/b>\u00a0\u2013 Capturez et visualisez quantitativement les donn\u00e9es relatives aux \u00e9lectrons ou aux photons incidents. Utilis\u00e9e en temps r\u00e9el ou en post-traitement, Count Convert effectue cette conversion essentielle pour vous.<\/p>\n<p><b>EMCAL\u2122<\/b>\u00a0\u2013 Auto-r\u00e9\u00e9talonnage brevet\u00e9 du gain EM initi\u00e9 par l\u2019utilisateur.<\/p>\n<p><b>iCam<\/b>\u00a0\u2013 La commutation rapide du temps d&#039;exposition offre une efficacit\u00e9 d&#039;acquisition in\u00e9gal\u00e9e sur le march\u00e9.<\/p>","protected":false},"excerpt":{"rendered":"<p>Pixels actifs\u00a0: 512\u00a0\u00d7\u00a0512, taille des pixels\u00a0: 16\u00a0\u00b5m<\/p>","protected":false},"featured_media":2316,"template":"","meta":[],"product_brand":[551],"product_cat":[163],"product_tag":[],"document":[],"class_list":{"0":"post-589","1":"product","2":"type-product","3":"status-publish","4":"has-post-thumbnail","6":"product_brand-andor","7":"product_cat-emccd-cameras","9":"first","10":"instock","11":"purchasable","12":"product-type-simple"},"yoast_head":"<!-- This site is optimized with the Yoast SEO plugin v26.8 - https:\/\/yoast.com\/product\/yoast-seo-wordpress\/ -->\n<title>iXon Ultra 897 EMCCD - SnowHouse<\/title>\n<meta name=\"robots\" content=\"index, follow, max-snippet:-1, max-image-preview:large, max-video-preview:-1\" \/>\n<link rel=\"canonical\" href=\"https:\/\/snowhouse.ca\/fr\/product\/cameras-spectrographs\/emccd-cameras\/2-ixon-ultra-897-emccd-camera-ultimate-sensitivity\/\" \/>\n<meta property=\"og:locale\" content=\"fr_CA\" \/>\n<meta property=\"og:type\" content=\"article\" \/>\n<meta property=\"og:title\" content=\"iXon Ultra 897 EMCCD - SnowHouse\" \/>\n<meta property=\"og:description\" content=\"Active pixels: 512 x 512,\u00a016 \u00b5m pixel size\" \/>\n<meta property=\"og:url\" content=\"https:\/\/snowhouse.ca\/fr\/product\/cameras-spectrographs\/emccd-cameras\/2-ixon-ultra-897-emccd-camera-ultimate-sensitivity\/\" \/>\n<meta property=\"og:site_name\" content=\"SnowHouse\" \/>\n<meta property=\"article:modified_time\" content=\"2025-11-17T16:40:29+00:00\" \/>\n<meta property=\"og:image\" content=\"https:\/\/snowhouse.ca\/wp-content\/uploads\/2025\/07\/iXon-Ultra.png\" \/>\n\t<meta property=\"og:image:width\" content=\"1024\" \/>\n\t<meta property=\"og:image:height\" content=\"897\" \/>\n\t<meta property=\"og:image:type\" content=\"image\/png\" \/>\n<meta name=\"twitter:card\" content=\"summary_large_image\" \/>\n<meta name=\"twitter:label1\" content=\"Estimation du temps de lecture\" \/>\n\t<meta name=\"twitter:data1\" content=\"2 minutes\" \/>\n<script type=\"application\/ld+json\" class=\"yoast-schema-graph\">{\"@context\":\"https:\/\/schema.org\",\"@graph\":[{\"@type\":\"WebPage\",\"@id\":\"https:\/\/snowhouse.ca\/product\/cameras-spectrographs\/emccd-cameras\/2-ixon-ultra-897-emccd-camera-ultimate-sensitivity\/\",\"url\":\"https:\/\/snowhouse.ca\/product\/cameras-spectrographs\/emccd-cameras\/2-ixon-ultra-897-emccd-camera-ultimate-sensitivity\/\",\"name\":\"iXon Ultra 897 EMCCD - SnowHouse\",\"isPartOf\":{\"@id\":\"https:\/\/snowhouse.ca\/#website\"},\"primaryImageOfPage\":{\"@id\":\"https:\/\/snowhouse.ca\/product\/cameras-spectrographs\/emccd-cameras\/2-ixon-ultra-897-emccd-camera-ultimate-sensitivity\/#primaryimage\"},\"image\":{\"@id\":\"https:\/\/snowhouse.ca\/product\/cameras-spectrographs\/emccd-cameras\/2-ixon-ultra-897-emccd-camera-ultimate-sensitivity\/#primaryimage\"},\"thumbnailUrl\":\"https:\/\/snowhouse.ca\/wp-content\/uploads\/2025\/07\/iXon-Ultra.png?wsr\",\"datePublished\":\"2025-07-23T01:39:30+00:00\",\"dateModified\":\"2025-11-17T16:40:29+00:00\",\"breadcrumb\":{\"@id\":\"https:\/\/snowhouse.ca\/product\/cameras-spectrographs\/emccd-cameras\/2-ixon-ultra-897-emccd-camera-ultimate-sensitivity\/#breadcrumb\"},\"inLanguage\":\"fr-CA\",\"potentialAction\":[{\"@type\":\"ReadAction\",\"target\":[\"https:\/\/snowhouse.ca\/product\/cameras-spectrographs\/emccd-cameras\/2-ixon-ultra-897-emccd-camera-ultimate-sensitivity\/\"]}]},{\"@type\":\"ImageObject\",\"inLanguage\":\"fr-CA\",\"@id\":\"https:\/\/snowhouse.ca\/product\/cameras-spectrographs\/emccd-cameras\/2-ixon-ultra-897-emccd-camera-ultimate-sensitivity\/#primaryimage\",\"url\":\"https:\/\/snowhouse.ca\/wp-content\/uploads\/2025\/07\/iXon-Ultra.png?wsr\",\"contentUrl\":\"https:\/\/snowhouse.ca\/wp-content\/uploads\/2025\/07\/iXon-Ultra.png?wsr\",\"width\":1024,\"height\":897},{\"@type\":\"BreadcrumbList\",\"@id\":\"https:\/\/snowhouse.ca\/product\/cameras-spectrographs\/emccd-cameras\/2-ixon-ultra-897-emccd-camera-ultimate-sensitivity\/#breadcrumb\",\"itemListElement\":[{\"@type\":\"ListItem\",\"position\":1,\"name\":\"Home\",\"item\":\"https:\/\/snowhouse.ca\/\"},{\"@type\":\"ListItem\",\"position\":2,\"name\":\"Products\",\"item\":\"https:\/\/snowhouse.ca\/products\/\"},{\"@type\":\"ListItem\",\"position\":3,\"name\":\"iXon Ultra 897 EMCCD\"}]},{\"@type\":\"WebSite\",\"@id\":\"https:\/\/snowhouse.ca\/#website\",\"url\":\"https:\/\/snowhouse.ca\/\",\"name\":\"SnowHouse\",\"description\":\"Trusted Scientific Instruments\",\"publisher\":{\"@id\":\"https:\/\/snowhouse.ca\/#organization\"},\"potentialAction\":[{\"@type\":\"SearchAction\",\"target\":{\"@type\":\"EntryPoint\",\"urlTemplate\":\"https:\/\/snowhouse.ca\/?s={search_term_string}\"},\"query-input\":{\"@type\":\"PropertyValueSpecification\",\"valueRequired\":true,\"valueName\":\"search_term_string\"}}],\"inLanguage\":\"fr-CA\"},{\"@type\":\"Organization\",\"@id\":\"https:\/\/snowhouse.ca\/#organization\",\"name\":\"Snowhouse inc.\",\"alternateName\":\"Snowhouse\",\"url\":\"https:\/\/snowhouse.ca\/\",\"logo\":{\"@type\":\"ImageObject\",\"inLanguage\":\"fr-CA\",\"@id\":\"https:\/\/snowhouse.ca\/#\/schema\/logo\/image\/\",\"url\":\"https:\/\/snowhouse.ca\/wp-content\/uploads\/2025\/07\/SnowHouse-Logo.png\",\"contentUrl\":\"https:\/\/snowhouse.ca\/wp-content\/uploads\/2025\/07\/SnowHouse-Logo.png\",\"width\":508,\"height\":136,\"caption\":\"Snowhouse inc.\"},\"image\":{\"@id\":\"https:\/\/snowhouse.ca\/#\/schema\/logo\/image\/\"}}]}<\/script>\n<!-- \/ Yoast SEO plugin. -->","yoast_head_json":{"title":"iXon Ultra 897 EMCCD - SnowHouse","robots":{"index":"index","follow":"follow","max-snippet":"max-snippet:-1","max-image-preview":"max-image-preview:large","max-video-preview":"max-video-preview:-1"},"canonical":"https:\/\/snowhouse.ca\/fr\/product\/cameras-spectrographs\/emccd-cameras\/2-ixon-ultra-897-emccd-camera-ultimate-sensitivity\/","og_locale":"fr_CA","og_type":"article","og_title":"iXon Ultra 897 EMCCD - SnowHouse","og_description":"Active pixels: 512 x 512,\u00a016 \u00b5m pixel size","og_url":"https:\/\/snowhouse.ca\/fr\/product\/cameras-spectrographs\/emccd-cameras\/2-ixon-ultra-897-emccd-camera-ultimate-sensitivity\/","og_site_name":"SnowHouse","article_modified_time":"2025-11-17T16:40:29+00:00","og_image":[{"width":1024,"height":897,"url":"https:\/\/snowhouse.ca\/wp-content\/uploads\/2025\/07\/iXon-Ultra.png","type":"image\/png"}],"twitter_card":"summary_large_image","twitter_misc":{"Estimation du temps de lecture":"2 minutes"},"schema":{"@context":"https:\/\/schema.org","@graph":[{"@type":"WebPage","@id":"https:\/\/snowhouse.ca\/product\/cameras-spectrographs\/emccd-cameras\/2-ixon-ultra-897-emccd-camera-ultimate-sensitivity\/","url":"https:\/\/snowhouse.ca\/product\/cameras-spectrographs\/emccd-cameras\/2-ixon-ultra-897-emccd-camera-ultimate-sensitivity\/","name":"iXon Ultra 897 EMCCD - SnowHouse","isPartOf":{"@id":"https:\/\/snowhouse.ca\/#website"},"primaryImageOfPage":{"@id":"https:\/\/snowhouse.ca\/product\/cameras-spectrographs\/emccd-cameras\/2-ixon-ultra-897-emccd-camera-ultimate-sensitivity\/#primaryimage"},"image":{"@id":"https:\/\/snowhouse.ca\/product\/cameras-spectrographs\/emccd-cameras\/2-ixon-ultra-897-emccd-camera-ultimate-sensitivity\/#primaryimage"},"thumbnailUrl":"https:\/\/snowhouse.ca\/wp-content\/uploads\/2025\/07\/iXon-Ultra.png?wsr","datePublished":"2025-07-23T01:39:30+00:00","dateModified":"2025-11-17T16:40:29+00:00","breadcrumb":{"@id":"https:\/\/snowhouse.ca\/product\/cameras-spectrographs\/emccd-cameras\/2-ixon-ultra-897-emccd-camera-ultimate-sensitivity\/#breadcrumb"},"inLanguage":"fr-CA","potentialAction":[{"@type":"ReadAction","target":["https:\/\/snowhouse.ca\/product\/cameras-spectrographs\/emccd-cameras\/2-ixon-ultra-897-emccd-camera-ultimate-sensitivity\/"]}]},{"@type":"ImageObject","inLanguage":"fr-CA","@id":"https:\/\/snowhouse.ca\/product\/cameras-spectrographs\/emccd-cameras\/2-ixon-ultra-897-emccd-camera-ultimate-sensitivity\/#primaryimage","url":"https:\/\/snowhouse.ca\/wp-content\/uploads\/2025\/07\/iXon-Ultra.png?wsr","contentUrl":"https:\/\/snowhouse.ca\/wp-content\/uploads\/2025\/07\/iXon-Ultra.png?wsr","width":1024,"height":897},{"@type":"BreadcrumbList","@id":"https:\/\/snowhouse.ca\/product\/cameras-spectrographs\/emccd-cameras\/2-ixon-ultra-897-emccd-camera-ultimate-sensitivity\/#breadcrumb","itemListElement":[{"@type":"ListItem","position":1,"name":"Home","item":"https:\/\/snowhouse.ca\/"},{"@type":"ListItem","position":2,"name":"Products","item":"https:\/\/snowhouse.ca\/products\/"},{"@type":"ListItem","position":3,"name":"iXon Ultra 897 EMCCD"}]},{"@type":"WebSite","@id":"https:\/\/snowhouse.ca\/#website","url":"https:\/\/snowhouse.ca\/","name":"Maison de neige","description":"Instruments scientifiques de confiance","publisher":{"@id":"https:\/\/snowhouse.ca\/#organization"},"potentialAction":[{"@type":"SearchAction","target":{"@type":"EntryPoint","urlTemplate":"https:\/\/snowhouse.ca\/?s={search_term_string}"},"query-input":{"@type":"PropertyValueSpecification","valueRequired":true,"valueName":"search_term_string"}}],"inLanguage":"fr-CA"},{"@type":"Organization","@id":"https:\/\/snowhouse.ca\/#organization","name":"Snowhouse inc.","alternateName":"Snowhouse","url":"https:\/\/snowhouse.ca\/","logo":{"@type":"ImageObject","inLanguage":"fr-CA","@id":"https:\/\/snowhouse.ca\/#\/schema\/logo\/image\/","url":"https:\/\/snowhouse.ca\/wp-content\/uploads\/2025\/07\/SnowHouse-Logo.png","contentUrl":"https:\/\/snowhouse.ca\/wp-content\/uploads\/2025\/07\/SnowHouse-Logo.png","width":508,"height":136,"caption":"Snowhouse inc."},"image":{"@id":"https:\/\/snowhouse.ca\/#\/schema\/logo\/image\/"}}]}},"_links":{"self":[{"href":"http:\/\/snowhouse.ca\/fr\/wp-json\/wp\/v2\/product\/589","targetHints":{"allow":["GET"]}}],"collection":[{"href":"http:\/\/snowhouse.ca\/fr\/wp-json\/wp\/v2\/product"}],"about":[{"href":"http:\/\/snowhouse.ca\/fr\/wp-json\/wp\/v2\/types\/product"}],"wp:featuredmedia":[{"embeddable":true,"href":"http:\/\/snowhouse.ca\/fr\/wp-json\/wp\/v2\/media\/2316"}],"wp:attachment":[{"href":"http:\/\/snowhouse.ca\/fr\/wp-json\/wp\/v2\/media?parent=589"}],"wp:term":[{"taxonomy":"product_brand","embeddable":true,"href":"http:\/\/snowhouse.ca\/fr\/wp-json\/wp\/v2\/product_brand?post=589"},{"taxonomy":"product_cat","embeddable":true,"href":"http:\/\/snowhouse.ca\/fr\/wp-json\/wp\/v2\/product_cat?post=589"},{"taxonomy":"product_tag","embeddable":true,"href":"http:\/\/snowhouse.ca\/fr\/wp-json\/wp\/v2\/product_tag?post=589"},{"taxonomy":"document","embeddable":true,"href":"http:\/\/snowhouse.ca\/fr\/wp-json\/wp\/v2\/document?post=589"}],"curies":[{"name":"wp","href":"https:\/\/api.w.org\/{rel}","templated":true}]}}