{"id":597,"date":"2025-07-23T01:40:05","date_gmt":"2025-07-23T01:40:05","guid":{"rendered":"https:\/\/snowhouse.ca\/produit\/idus-416-ccd-the-most-sensitive-nir-ccd-platform-on-the-market\/"},"modified":"2025-11-17T16:40:04","modified_gmt":"2025-11-17T16:40:04","slug":"idus-416-ccd-the-most-sensitive-nir-ccd-platform-on-the-market","status":"publish","type":"product","link":"http:\/\/snowhouse.ca\/fr\/produit\/cameras-spectrographs\/ccd-cameras\/idus-416-ccd-the-most-sensitive-nir-ccd-platform-on-the-market\/","title":{"rendered":"iDus 416 CCD"},"content":{"rendered":"<h3><u><strong>iDus 416 CCD \u2013 La plateforme CCD NIR la plus sensible du march\u00e9<\/strong><\/u><\/h3>\n<p>La nouvelle plateforme iDus 416 de Andor offre une combinaison unique de tr\u00e8s faible bruit d&#039;obscurit\u00e9 et de rendement quantique tr\u00e8s \u00e9lev\u00e9, garantissant une sensibilit\u00e9 in\u00e9gal\u00e9e dans le proche infrarouge. Elle constitue ainsi le d\u00e9tecteur id\u00e9al pour la spectroscopie Raman et la photoluminescence dans le proche infrarouge, r\u00e9duisant consid\u00e9rablement les temps d&#039;acquisition et \u00e9liminant le besoin d&#039;un refroidissement \u00e0 l&#039;azote liquide.<\/p>\n<p>La matrice unique de 2000 x 256 pixels de 15 \u00b5m permet une acquisition spectrale \u00e9tendue, \u00e0 large bande et \u00e0 haute r\u00e9solution, tandis que la technologie de suppression des franges \u00e9limine pratiquement l&#039;\u00e9talonnage optique aux longueurs d&#039;onde plus \u00e9lev\u00e9es.<\/p>\n<p>Gr\u00e2ce \u00e0 son format compact et sa connectivit\u00e9 USB 2.0, l&#039;iDus 416 s&#039;int\u00e8gre facilement aux spectrographes Shamrock USB 2.0 et se pilote depuis un ordinateur portable. La technologie UltraVac\u2122 de Andor b\u00e9n\u00e9ficie d&#039;une r\u00e9putation exceptionnelle en mati\u00e8re de performance et de fiabilit\u00e9, garantissant des performances optimales ann\u00e9e apr\u00e8s ann\u00e9e, tant pour les chercheurs que pour les int\u00e9grateurs industriels.<\/p>\n<h3>Caract\u00e9ristiques<\/h3>\n<p><b>courant d&#039;obscurit\u00e9 faible<\/b>\u00a0\u2013 10 fois plus performant que les capteurs NIMO \u00e0 d\u00e9pl\u00e9tion profonde r\u00e9tro\u00e9clair\u00e9s, meilleur rapport signal\/bruit dans le proche infrarouge.<\/p>\n<p><b>Le pic d&#039;assouplissement quantitatif atteint 95%<\/b>\u00a0\u2013 Meilleure capacit\u00e9 de d\u00e9tection dans le proche infrarouge.<\/p>\n<p><b>pixels de 15 \u00b5m<\/b>\u00a0\u2013 Id\u00e9al pour la spectroscopie \u00e0 haute r\u00e9solution.<\/p>\n<p><b>Capteur de 30 mm de large<\/b>\u00a0\u2013 Capture simultan\u00e9e de bande passante sup\u00e9rieure<\/p>\n<p><b>Technologie de suppression des franges en standard<\/b>\u00a0\u2013 \u00c9talonnage optique pratiquement \u00e9limin\u00e9.<\/p>\n<p><b>Refroidissement TE jusqu&#039;\u00e0 -95\u00b0C<\/b>\u00a0\u2013 Essentiel pour l\u2019\u00e9limination de la limite de d\u00e9tection du courant d\u2019obscurit\u00e9 \u2013 aucun inconv\u00e9nient li\u00e9 \u00e0 l\u2019azote liquide<\/p>\n<p><b>Ultravac\u2122<\/b>\u00a0\u2013 Essentiel pour une int\u00e9grit\u00e9 du vide durable et pour maintenir des performances de refroidissement et d&#039;efficacit\u00e9 quantique in\u00e9gal\u00e9es ann\u00e9e apr\u00e8s ann\u00e9e.<\/p>\n<p><b>Connexion USB 2.0<\/b>\u00a0\u2013 Id\u00e9al pour une utilisation avec un ordinateur portable.<\/p>\n<p><b>Plateforme compacte et robuste<\/b>\u00a0\u2013 Id\u00e9al pour l&#039;int\u00e9gration OEM et les configurations de laboratoire.<\/p>\n<p><b>Logiciel Solis pour la spectroscopie<\/b>\u00a0\u2013 Interface utilisateur compl\u00e8te et conviviale pour la commande simultan\u00e9e du d\u00e9tecteur et du spectrographe<\/p>\n<p><b>Kit de d\u00e9veloppement logiciel (SDK)<\/b>\u00a0\u2013 Int\u00e9gration ais\u00e9e du contr\u00f4le dans des configurations complexes\u00a0: Matlab, LabVIEW, Visual Basic ou C\/C++<\/p>","protected":false},"excerpt":{"rendered":"<p class=\"product-short-excerpt\">Matrice de 2000 x 256 pixels\u00a0; pixels de 15 \u00b5m, pour la spectroscopie NIR.<\/p>","protected":false},"featured_media":2314,"template":"","meta":[],"product_brand":[551],"product_cat":[574],"product_tag":[],"document":[],"class_list":{"0":"post-597","1":"product","2":"type-product","3":"status-publish","4":"has-post-thumbnail","6":"product_brand-andor","7":"product_cat-ccd-cameras","9":"first","10":"instock","11":"purchasable","12":"product-type-simple"},"yoast_head":"<!-- This site is optimized with the Yoast SEO plugin v26.8 - https:\/\/yoast.com\/product\/yoast-seo-wordpress\/ -->\n<title>iDus 416 CCD - SnowHouse<\/title>\n<meta name=\"description\" content=\"Workhorse laboratory CCD platform for NIR Spectroscopy\" \/>\n<meta name=\"robots\" content=\"index, follow, max-snippet:-1, max-image-preview:large, max-video-preview:-1\" \/>\n<link rel=\"canonical\" href=\"https:\/\/snowhouse.ca\/fr\/produit\/cameras-spectrographs\/ccd-cameras\/idus-416-ccd-the-most-sensitive-nir-ccd-platform-on-the-market\/\" \/>\n<meta property=\"og:locale\" content=\"fr_CA\" \/>\n<meta property=\"og:type\" content=\"article\" \/>\n<meta property=\"og:title\" content=\"iDus 416 CCD - SnowHouse\" \/>\n<meta property=\"og:description\" content=\"Workhorse laboratory CCD platform for NIR Spectroscopy\" \/>\n<meta property=\"og:url\" content=\"https:\/\/snowhouse.ca\/fr\/produit\/cameras-spectrographs\/ccd-cameras\/idus-416-ccd-the-most-sensitive-nir-ccd-platform-on-the-market\/\" \/>\n<meta property=\"og:site_name\" content=\"SnowHouse\" \/>\n<meta property=\"article:modified_time\" content=\"2025-11-17T16:40:04+00:00\" \/>\n<meta property=\"og:image\" content=\"https:\/\/snowhouse.ca\/wp-content\/uploads\/2025\/07\/iDus-416.png\" \/>\n\t<meta property=\"og:image:width\" content=\"1024\" \/>\n\t<meta property=\"og:image:height\" content=\"618\" \/>\n\t<meta property=\"og:image:type\" content=\"image\/png\" \/>\n<meta name=\"twitter:card\" content=\"summary_large_image\" \/>\n<meta name=\"twitter:label1\" content=\"Estimation du temps de lecture\" \/>\n\t<meta name=\"twitter:data1\" content=\"2 minutes\" \/>\n<script type=\"application\/ld+json\" class=\"yoast-schema-graph\">{\"@context\":\"https:\/\/schema.org\",\"@graph\":[{\"@type\":\"WebPage\",\"@id\":\"https:\/\/snowhouse.ca\/fr\/produit\/cameras-spectrographs\/ccd-cameras\/idus-416-ccd-the-most-sensitive-nir-ccd-platform-on-the-market\/\",\"url\":\"https:\/\/snowhouse.ca\/fr\/produit\/cameras-spectrographs\/ccd-cameras\/idus-416-ccd-the-most-sensitive-nir-ccd-platform-on-the-market\/\",\"name\":\"iDus 416 CCD - SnowHouse\",\"isPartOf\":{\"@id\":\"https:\/\/snowhouse.ca\/#website\"},\"primaryImageOfPage\":{\"@id\":\"https:\/\/snowhouse.ca\/fr\/produit\/cameras-spectrographs\/ccd-cameras\/idus-416-ccd-the-most-sensitive-nir-ccd-platform-on-the-market\/#primaryimage\"},\"image\":{\"@id\":\"https:\/\/snowhouse.ca\/fr\/produit\/cameras-spectrographs\/ccd-cameras\/idus-416-ccd-the-most-sensitive-nir-ccd-platform-on-the-market\/#primaryimage\"},\"thumbnailUrl\":\"https:\/\/snowhouse.ca\/wp-content\/uploads\/2025\/07\/iDus-416.png?wsr\",\"datePublished\":\"2025-07-23T01:40:05+00:00\",\"dateModified\":\"2025-11-17T16:40:04+00:00\",\"description\":\"Workhorse laboratory CCD platform for NIR Spectroscopy\",\"breadcrumb\":{\"@id\":\"https:\/\/snowhouse.ca\/fr\/produit\/cameras-spectrographs\/ccd-cameras\/idus-416-ccd-the-most-sensitive-nir-ccd-platform-on-the-market\/#breadcrumb\"},\"inLanguage\":\"fr-CA\",\"potentialAction\":[{\"@type\":\"ReadAction\",\"target\":[\"https:\/\/snowhouse.ca\/fr\/produit\/cameras-spectrographs\/ccd-cameras\/idus-416-ccd-the-most-sensitive-nir-ccd-platform-on-the-market\/\"]}]},{\"@type\":\"ImageObject\",\"inLanguage\":\"fr-CA\",\"@id\":\"https:\/\/snowhouse.ca\/fr\/produit\/cameras-spectrographs\/ccd-cameras\/idus-416-ccd-the-most-sensitive-nir-ccd-platform-on-the-market\/#primaryimage\",\"url\":\"https:\/\/snowhouse.ca\/wp-content\/uploads\/2025\/07\/iDus-416.png?wsr\",\"contentUrl\":\"https:\/\/snowhouse.ca\/wp-content\/uploads\/2025\/07\/iDus-416.png?wsr\",\"width\":1024,\"height\":618},{\"@type\":\"BreadcrumbList\",\"@id\":\"https:\/\/snowhouse.ca\/fr\/produit\/cameras-spectrographs\/ccd-cameras\/idus-416-ccd-the-most-sensitive-nir-ccd-platform-on-the-market\/#breadcrumb\",\"itemListElement\":[{\"@type\":\"ListItem\",\"position\":1,\"name\":\"Home\",\"item\":\"https:\/\/snowhouse.ca\/\"},{\"@type\":\"ListItem\",\"position\":2,\"name\":\"Products\",\"item\":\"https:\/\/snowhouse.ca\/products\/\"},{\"@type\":\"ListItem\",\"position\":3,\"name\":\"iDus 416 CCD\"}]},{\"@type\":\"WebSite\",\"@id\":\"https:\/\/snowhouse.ca\/#website\",\"url\":\"https:\/\/snowhouse.ca\/\",\"name\":\"SnowHouse\",\"description\":\"Trusted Scientific Instruments\",\"publisher\":{\"@id\":\"https:\/\/snowhouse.ca\/#organization\"},\"potentialAction\":[{\"@type\":\"SearchAction\",\"target\":{\"@type\":\"EntryPoint\",\"urlTemplate\":\"https:\/\/snowhouse.ca\/?s={search_term_string}\"},\"query-input\":{\"@type\":\"PropertyValueSpecification\",\"valueRequired\":true,\"valueName\":\"search_term_string\"}}],\"inLanguage\":\"fr-CA\"},{\"@type\":\"Organization\",\"@id\":\"https:\/\/snowhouse.ca\/#organization\",\"name\":\"Snowhouse inc.\",\"alternateName\":\"Snowhouse\",\"url\":\"https:\/\/snowhouse.ca\/\",\"logo\":{\"@type\":\"ImageObject\",\"inLanguage\":\"fr-CA\",\"@id\":\"https:\/\/snowhouse.ca\/#\/schema\/logo\/image\/\",\"url\":\"https:\/\/snowhouse.ca\/wp-content\/uploads\/2025\/07\/SnowHouse-Logo.png\",\"contentUrl\":\"https:\/\/snowhouse.ca\/wp-content\/uploads\/2025\/07\/SnowHouse-Logo.png\",\"width\":508,\"height\":136,\"caption\":\"Snowhouse inc.\"},\"image\":{\"@id\":\"https:\/\/snowhouse.ca\/#\/schema\/logo\/image\/\"}}]}<\/script>\n<!-- \/ Yoast SEO plugin. -->","yoast_head_json":{"title":"iDus 416 CCD - SnowHouse","description":"Plateforme CCD de laboratoire robuste pour la spectroscopie NIR","robots":{"index":"index","follow":"follow","max-snippet":"max-snippet:-1","max-image-preview":"max-image-preview:large","max-video-preview":"max-video-preview:-1"},"canonical":"https:\/\/snowhouse.ca\/fr\/produit\/cameras-spectrographs\/ccd-cameras\/idus-416-ccd-the-most-sensitive-nir-ccd-platform-on-the-market\/","og_locale":"fr_CA","og_type":"article","og_title":"iDus 416 CCD - SnowHouse","og_description":"Workhorse laboratory CCD platform for NIR Spectroscopy","og_url":"https:\/\/snowhouse.ca\/fr\/produit\/cameras-spectrographs\/ccd-cameras\/idus-416-ccd-the-most-sensitive-nir-ccd-platform-on-the-market\/","og_site_name":"SnowHouse","article_modified_time":"2025-11-17T16:40:04+00:00","og_image":[{"width":1024,"height":618,"url":"https:\/\/snowhouse.ca\/wp-content\/uploads\/2025\/07\/iDus-416.png","type":"image\/png"}],"twitter_card":"summary_large_image","twitter_misc":{"Estimation du temps de lecture":"2 minutes"},"schema":{"@context":"https:\/\/schema.org","@graph":[{"@type":"WebPage","@id":"https:\/\/snowhouse.ca\/fr\/produit\/cameras-spectrographs\/ccd-cameras\/idus-416-ccd-the-most-sensitive-nir-ccd-platform-on-the-market\/","url":"https:\/\/snowhouse.ca\/fr\/produit\/cameras-spectrographs\/ccd-cameras\/idus-416-ccd-the-most-sensitive-nir-ccd-platform-on-the-market\/","name":"iDus 416 CCD - SnowHouse","isPartOf":{"@id":"https:\/\/snowhouse.ca\/#website"},"primaryImageOfPage":{"@id":"https:\/\/snowhouse.ca\/fr\/produit\/cameras-spectrographs\/ccd-cameras\/idus-416-ccd-the-most-sensitive-nir-ccd-platform-on-the-market\/#primaryimage"},"image":{"@id":"https:\/\/snowhouse.ca\/fr\/produit\/cameras-spectrographs\/ccd-cameras\/idus-416-ccd-the-most-sensitive-nir-ccd-platform-on-the-market\/#primaryimage"},"thumbnailUrl":"https:\/\/snowhouse.ca\/wp-content\/uploads\/2025\/07\/iDus-416.png?wsr","datePublished":"2025-07-23T01:40:05+00:00","dateModified":"2025-11-17T16:40:04+00:00","description":"Plateforme CCD de laboratoire robuste pour la spectroscopie NIR","breadcrumb":{"@id":"https:\/\/snowhouse.ca\/fr\/produit\/cameras-spectrographs\/ccd-cameras\/idus-416-ccd-the-most-sensitive-nir-ccd-platform-on-the-market\/#breadcrumb"},"inLanguage":"fr-CA","potentialAction":[{"@type":"ReadAction","target":["https:\/\/snowhouse.ca\/fr\/produit\/cameras-spectrographs\/ccd-cameras\/idus-416-ccd-the-most-sensitive-nir-ccd-platform-on-the-market\/"]}]},{"@type":"ImageObject","inLanguage":"fr-CA","@id":"https:\/\/snowhouse.ca\/fr\/produit\/cameras-spectrographs\/ccd-cameras\/idus-416-ccd-the-most-sensitive-nir-ccd-platform-on-the-market\/#primaryimage","url":"https:\/\/snowhouse.ca\/wp-content\/uploads\/2025\/07\/iDus-416.png?wsr","contentUrl":"https:\/\/snowhouse.ca\/wp-content\/uploads\/2025\/07\/iDus-416.png?wsr","width":1024,"height":618},{"@type":"BreadcrumbList","@id":"https:\/\/snowhouse.ca\/fr\/produit\/cameras-spectrographs\/ccd-cameras\/idus-416-ccd-the-most-sensitive-nir-ccd-platform-on-the-market\/#breadcrumb","itemListElement":[{"@type":"ListItem","position":1,"name":"Home","item":"https:\/\/snowhouse.ca\/"},{"@type":"ListItem","position":2,"name":"Products","item":"https:\/\/snowhouse.ca\/products\/"},{"@type":"ListItem","position":3,"name":"iDus 416 CCD"}]},{"@type":"WebSite","@id":"https:\/\/snowhouse.ca\/#website","url":"https:\/\/snowhouse.ca\/","name":"Maison de neige","description":"Instruments scientifiques de confiance","publisher":{"@id":"https:\/\/snowhouse.ca\/#organization"},"potentialAction":[{"@type":"SearchAction","target":{"@type":"EntryPoint","urlTemplate":"https:\/\/snowhouse.ca\/?s={search_term_string}"},"query-input":{"@type":"PropertyValueSpecification","valueRequired":true,"valueName":"search_term_string"}}],"inLanguage":"fr-CA"},{"@type":"Organization","@id":"https:\/\/snowhouse.ca\/#organization","name":"Snowhouse inc.","alternateName":"Snowhouse","url":"https:\/\/snowhouse.ca\/","logo":{"@type":"ImageObject","inLanguage":"fr-CA","@id":"https:\/\/snowhouse.ca\/#\/schema\/logo\/image\/","url":"https:\/\/snowhouse.ca\/wp-content\/uploads\/2025\/07\/SnowHouse-Logo.png","contentUrl":"https:\/\/snowhouse.ca\/wp-content\/uploads\/2025\/07\/SnowHouse-Logo.png","width":508,"height":136,"caption":"Snowhouse inc."},"image":{"@id":"https:\/\/snowhouse.ca\/#\/schema\/logo\/image\/"}}]}},"_links":{"self":[{"href":"http:\/\/snowhouse.ca\/fr\/wp-json\/wp\/v2\/product\/597","targetHints":{"allow":["GET"]}}],"collection":[{"href":"http:\/\/snowhouse.ca\/fr\/wp-json\/wp\/v2\/product"}],"about":[{"href":"http:\/\/snowhouse.ca\/fr\/wp-json\/wp\/v2\/types\/product"}],"wp:featuredmedia":[{"embeddable":true,"href":"http:\/\/snowhouse.ca\/fr\/wp-json\/wp\/v2\/media\/2314"}],"wp:attachment":[{"href":"http:\/\/snowhouse.ca\/fr\/wp-json\/wp\/v2\/media?parent=597"}],"wp:term":[{"taxonomy":"product_brand","embeddable":true,"href":"http:\/\/snowhouse.ca\/fr\/wp-json\/wp\/v2\/product_brand?post=597"},{"taxonomy":"product_cat","embeddable":true,"href":"http:\/\/snowhouse.ca\/fr\/wp-json\/wp\/v2\/product_cat?post=597"},{"taxonomy":"product_tag","embeddable":true,"href":"http:\/\/snowhouse.ca\/fr\/wp-json\/wp\/v2\/product_tag?post=597"},{"taxonomy":"document","embeddable":true,"href":"http:\/\/snowhouse.ca\/fr\/wp-json\/wp\/v2\/document?post=597"}],"curies":[{"name":"wp","href":"https:\/\/api.w.org\/{rel}","templated":true}]}}