{"id":660,"date":"2025-07-23T01:40:28","date_gmt":"2025-07-23T01:40:28","guid":{"rendered":"https:\/\/snowhouse.ca\/produit\/as-5000-aerosol-iodine-sampler\/"},"modified":"2025-10-28T20:46:40","modified_gmt":"2025-10-28T20:46:40","slug":"as-5000-aerosol-iodine-sampler","status":"publish","type":"product","link":"http:\/\/snowhouse.ca\/fr\/produit\/environmental-monitoring\/iodine-air-monitoring\/as-5000-aerosol-iodine-sampler\/","title":{"rendered":"AS 5000"},"content":{"rendered":"<p><strong>AS 5000 \u2013 \u00c9chantillonneur d&#039;a\u00e9rosols et d&#039;iode<\/strong><\/p>\n<p><em>Pi\u00e9geage de l&#039;iode et des a\u00e9rosols dans les chemin\u00e9es, conform\u00e9ment \u00e0 la norme ISO 2889<\/em><\/p>\n<p>L&#039;AS 5000 est un appareil stationnaire con\u00e7u pour l&#039;\u00e9chantillonnage des a\u00e9rosols et de l&#039;iode atmosph\u00e9rique \u00e0 haut d\u00e9bit sur filtres et cartouches papier. Il est particuli\u00e8rement adapt\u00e9 \u00e0 l&#039;\u00e9chantillonnage continu dans les chemin\u00e9es, conform\u00e9ment \u00e0 la norme ISO 2889.<\/p>\n<p>L&#039;AS 5000 comprend de nombreuses fonctionnalit\u00e9s, telles que la r\u00e9gulation automatique du d\u00e9bit d&#039;air avec compensation de pression et de temp\u00e9rature.<\/p>\n<p>Cet \u00e9quipement, enti\u00e8rement con\u00e7u et fabriqu\u00e9 par SDEC France, est r\u00e9sistant aux gaz corrosifs, ce qui le rend extr\u00eamement durable et polyvalent. Le compartiment d&#039;\u00e9chantillonnage est isol\u00e9 du compartiment \u00e9lectrique, pour une s\u00e9curit\u00e9 d&#039;utilisation optimale.<\/p>","protected":false},"excerpt":{"rendered":"<p>\u00c9chantillonneur d&#039;a\u00e9rosols et d&#039;iode<\/p>","protected":false},"featured_media":661,"template":"","meta":[],"product_brand":[558],"product_cat":[97,212],"product_tag":[],"document":[],"class_list":{"0":"post-660","1":"product","2":"type-product","3":"status-publish","4":"has-post-thumbnail","6":"product_brand-sdec-france","7":"product_cat-environmental-monitoring","8":"product_cat-iodine-air-monitoring","10":"first","11":"instock","12":"purchasable","13":"product-type-simple"},"yoast_head":"<!-- This site is optimized with the Yoast SEO plugin v26.8 - https:\/\/yoast.com\/product\/yoast-seo-wordpress\/ -->\n<title>AS 5000 - SnowHouse<\/title>\n<meta name=\"description\" content=\"The AS 5000 is a stationary equipment made for the sampling of aerosols and airborne iodine at high flow on paper filters and cartridges.\" \/>\n<meta name=\"robots\" content=\"index, follow, max-snippet:-1, max-image-preview:large, max-video-preview:-1\" \/>\n<link rel=\"canonical\" href=\"https:\/\/snowhouse.ca\/fr\/product\/environmental-monitoring\/iodine-air-monitoring\/as-5000-aerosol-iodine-sampler\/\" \/>\n<meta property=\"og:locale\" content=\"fr_CA\" \/>\n<meta property=\"og:type\" content=\"article\" \/>\n<meta property=\"og:title\" content=\"AS 5000 - SnowHouse\" \/>\n<meta property=\"og:description\" content=\"The AS 5000 is a stationary equipment made for the sampling of aerosols and airborne iodine at high flow on paper filters and cartridges.\" \/>\n<meta property=\"og:url\" content=\"https:\/\/snowhouse.ca\/fr\/product\/environmental-monitoring\/iodine-air-monitoring\/as-5000-aerosol-iodine-sampler\/\" \/>\n<meta property=\"og:site_name\" content=\"SnowHouse\" \/>\n<meta property=\"article:modified_time\" content=\"2025-10-28T20:46:40+00:00\" \/>\n<meta property=\"og:image\" content=\"https:\/\/snowhouse.ca\/wp-content\/uploads\/2025\/07\/44225.jpg\" \/>\n\t<meta property=\"og:image:width\" content=\"1000\" \/>\n\t<meta property=\"og:image:height\" content=\"800\" \/>\n\t<meta property=\"og:image:type\" content=\"image\/jpeg\" \/>\n<meta name=\"twitter:card\" content=\"summary_large_image\" \/>\n<meta name=\"twitter:label1\" content=\"Estimation du temps de lecture\" \/>\n\t<meta name=\"twitter:data1\" content=\"1 minute\" \/>\n<script type=\"application\/ld+json\" class=\"yoast-schema-graph\">{\"@context\":\"https:\/\/schema.org\",\"@graph\":[{\"@type\":\"WebPage\",\"@id\":\"https:\/\/snowhouse.ca\/product\/environmental-monitoring\/iodine-air-monitoring\/as-5000-aerosol-iodine-sampler\/\",\"url\":\"https:\/\/snowhouse.ca\/product\/environmental-monitoring\/iodine-air-monitoring\/as-5000-aerosol-iodine-sampler\/\",\"name\":\"AS 5000 - SnowHouse\",\"isPartOf\":{\"@id\":\"https:\/\/snowhouse.ca\/#website\"},\"primaryImageOfPage\":{\"@id\":\"https:\/\/snowhouse.ca\/product\/environmental-monitoring\/iodine-air-monitoring\/as-5000-aerosol-iodine-sampler\/#primaryimage\"},\"image\":{\"@id\":\"https:\/\/snowhouse.ca\/product\/environmental-monitoring\/iodine-air-monitoring\/as-5000-aerosol-iodine-sampler\/#primaryimage\"},\"thumbnailUrl\":\"https:\/\/snowhouse.ca\/wp-content\/uploads\/2025\/07\/44225.jpg?wsr\",\"datePublished\":\"2025-07-23T01:40:28+00:00\",\"dateModified\":\"2025-10-28T20:46:40+00:00\",\"description\":\"The AS 5000 is a stationary equipment made for the sampling of aerosols and airborne iodine at high flow on paper filters and cartridges.\",\"breadcrumb\":{\"@id\":\"https:\/\/snowhouse.ca\/product\/environmental-monitoring\/iodine-air-monitoring\/as-5000-aerosol-iodine-sampler\/#breadcrumb\"},\"inLanguage\":\"fr-CA\",\"potentialAction\":[{\"@type\":\"ReadAction\",\"target\":[\"https:\/\/snowhouse.ca\/product\/environmental-monitoring\/iodine-air-monitoring\/as-5000-aerosol-iodine-sampler\/\"]}]},{\"@type\":\"ImageObject\",\"inLanguage\":\"fr-CA\",\"@id\":\"https:\/\/snowhouse.ca\/product\/environmental-monitoring\/iodine-air-monitoring\/as-5000-aerosol-iodine-sampler\/#primaryimage\",\"url\":\"https:\/\/snowhouse.ca\/wp-content\/uploads\/2025\/07\/44225.jpg?wsr\",\"contentUrl\":\"https:\/\/snowhouse.ca\/wp-content\/uploads\/2025\/07\/44225.jpg?wsr\",\"width\":1000,\"height\":800},{\"@type\":\"BreadcrumbList\",\"@id\":\"https:\/\/snowhouse.ca\/product\/environmental-monitoring\/iodine-air-monitoring\/as-5000-aerosol-iodine-sampler\/#breadcrumb\",\"itemListElement\":[{\"@type\":\"ListItem\",\"position\":1,\"name\":\"Home\",\"item\":\"https:\/\/snowhouse.ca\/\"},{\"@type\":\"ListItem\",\"position\":2,\"name\":\"Products\",\"item\":\"https:\/\/snowhouse.ca\/products\/\"},{\"@type\":\"ListItem\",\"position\":3,\"name\":\"AS 5000\"}]},{\"@type\":\"WebSite\",\"@id\":\"https:\/\/snowhouse.ca\/#website\",\"url\":\"https:\/\/snowhouse.ca\/\",\"name\":\"SnowHouse\",\"description\":\"Trusted Scientific Instruments\",\"publisher\":{\"@id\":\"https:\/\/snowhouse.ca\/#organization\"},\"potentialAction\":[{\"@type\":\"SearchAction\",\"target\":{\"@type\":\"EntryPoint\",\"urlTemplate\":\"https:\/\/snowhouse.ca\/?s={search_term_string}\"},\"query-input\":{\"@type\":\"PropertyValueSpecification\",\"valueRequired\":true,\"valueName\":\"search_term_string\"}}],\"inLanguage\":\"fr-CA\"},{\"@type\":\"Organization\",\"@id\":\"https:\/\/snowhouse.ca\/#organization\",\"name\":\"Snowhouse inc.\",\"alternateName\":\"Snowhouse\",\"url\":\"https:\/\/snowhouse.ca\/\",\"logo\":{\"@type\":\"ImageObject\",\"inLanguage\":\"fr-CA\",\"@id\":\"https:\/\/snowhouse.ca\/#\/schema\/logo\/image\/\",\"url\":\"https:\/\/snowhouse.ca\/wp-content\/uploads\/2025\/07\/SnowHouse-Logo.png\",\"contentUrl\":\"https:\/\/snowhouse.ca\/wp-content\/uploads\/2025\/07\/SnowHouse-Logo.png\",\"width\":508,\"height\":136,\"caption\":\"Snowhouse inc.\"},\"image\":{\"@id\":\"https:\/\/snowhouse.ca\/#\/schema\/logo\/image\/\"}}]}<\/script>\n<!-- \/ Yoast SEO plugin. -->","yoast_head_json":{"title":"AS 5000 - SnowHouse","description":"The AS 5000 is a stationary equipment made for the sampling of aerosols and airborne iodine at high flow on paper filters and cartridges.","robots":{"index":"index","follow":"follow","max-snippet":"max-snippet:-1","max-image-preview":"max-image-preview:large","max-video-preview":"max-video-preview:-1"},"canonical":"https:\/\/snowhouse.ca\/fr\/product\/environmental-monitoring\/iodine-air-monitoring\/as-5000-aerosol-iodine-sampler\/","og_locale":"fr_CA","og_type":"article","og_title":"AS 5000 - SnowHouse","og_description":"The AS 5000 is a stationary equipment made for the sampling of aerosols and airborne iodine at high flow on paper filters and cartridges.","og_url":"https:\/\/snowhouse.ca\/fr\/product\/environmental-monitoring\/iodine-air-monitoring\/as-5000-aerosol-iodine-sampler\/","og_site_name":"SnowHouse","article_modified_time":"2025-10-28T20:46:40+00:00","og_image":[{"width":1000,"height":800,"url":"https:\/\/snowhouse.ca\/wp-content\/uploads\/2025\/07\/44225.jpg","type":"image\/jpeg"}],"twitter_card":"summary_large_image","twitter_misc":{"Estimation du temps de lecture":"1 minute"},"schema":{"@context":"https:\/\/schema.org","@graph":[{"@type":"WebPage","@id":"https:\/\/snowhouse.ca\/product\/environmental-monitoring\/iodine-air-monitoring\/as-5000-aerosol-iodine-sampler\/","url":"https:\/\/snowhouse.ca\/product\/environmental-monitoring\/iodine-air-monitoring\/as-5000-aerosol-iodine-sampler\/","name":"AS 5000 - SnowHouse","isPartOf":{"@id":"https:\/\/snowhouse.ca\/#website"},"primaryImageOfPage":{"@id":"https:\/\/snowhouse.ca\/product\/environmental-monitoring\/iodine-air-monitoring\/as-5000-aerosol-iodine-sampler\/#primaryimage"},"image":{"@id":"https:\/\/snowhouse.ca\/product\/environmental-monitoring\/iodine-air-monitoring\/as-5000-aerosol-iodine-sampler\/#primaryimage"},"thumbnailUrl":"https:\/\/snowhouse.ca\/wp-content\/uploads\/2025\/07\/44225.jpg?wsr","datePublished":"2025-07-23T01:40:28+00:00","dateModified":"2025-10-28T20:46:40+00:00","description":"The AS 5000 is a stationary equipment made for the sampling of aerosols and airborne iodine at high flow on paper filters and cartridges.","breadcrumb":{"@id":"https:\/\/snowhouse.ca\/product\/environmental-monitoring\/iodine-air-monitoring\/as-5000-aerosol-iodine-sampler\/#breadcrumb"},"inLanguage":"fr-CA","potentialAction":[{"@type":"ReadAction","target":["https:\/\/snowhouse.ca\/product\/environmental-monitoring\/iodine-air-monitoring\/as-5000-aerosol-iodine-sampler\/"]}]},{"@type":"ImageObject","inLanguage":"fr-CA","@id":"https:\/\/snowhouse.ca\/product\/environmental-monitoring\/iodine-air-monitoring\/as-5000-aerosol-iodine-sampler\/#primaryimage","url":"https:\/\/snowhouse.ca\/wp-content\/uploads\/2025\/07\/44225.jpg?wsr","contentUrl":"https:\/\/snowhouse.ca\/wp-content\/uploads\/2025\/07\/44225.jpg?wsr","width":1000,"height":800},{"@type":"BreadcrumbList","@id":"https:\/\/snowhouse.ca\/product\/environmental-monitoring\/iodine-air-monitoring\/as-5000-aerosol-iodine-sampler\/#breadcrumb","itemListElement":[{"@type":"ListItem","position":1,"name":"Home","item":"https:\/\/snowhouse.ca\/"},{"@type":"ListItem","position":2,"name":"Products","item":"https:\/\/snowhouse.ca\/products\/"},{"@type":"ListItem","position":3,"name":"AS 5000"}]},{"@type":"WebSite","@id":"https:\/\/snowhouse.ca\/#website","url":"https:\/\/snowhouse.ca\/","name":"Maison de neige","description":"Instruments scientifiques de confiance","publisher":{"@id":"https:\/\/snowhouse.ca\/#organization"},"potentialAction":[{"@type":"SearchAction","target":{"@type":"EntryPoint","urlTemplate":"https:\/\/snowhouse.ca\/?s={search_term_string}"},"query-input":{"@type":"PropertyValueSpecification","valueRequired":true,"valueName":"search_term_string"}}],"inLanguage":"fr-CA"},{"@type":"Organization","@id":"https:\/\/snowhouse.ca\/#organization","name":"Snowhouse inc.","alternateName":"Snowhouse","url":"https:\/\/snowhouse.ca\/","logo":{"@type":"ImageObject","inLanguage":"fr-CA","@id":"https:\/\/snowhouse.ca\/#\/schema\/logo\/image\/","url":"https:\/\/snowhouse.ca\/wp-content\/uploads\/2025\/07\/SnowHouse-Logo.png","contentUrl":"https:\/\/snowhouse.ca\/wp-content\/uploads\/2025\/07\/SnowHouse-Logo.png","width":508,"height":136,"caption":"Snowhouse inc."},"image":{"@id":"https:\/\/snowhouse.ca\/#\/schema\/logo\/image\/"}}]}},"_links":{"self":[{"href":"http:\/\/snowhouse.ca\/fr\/wp-json\/wp\/v2\/product\/660","targetHints":{"allow":["GET"]}}],"collection":[{"href":"http:\/\/snowhouse.ca\/fr\/wp-json\/wp\/v2\/product"}],"about":[{"href":"http:\/\/snowhouse.ca\/fr\/wp-json\/wp\/v2\/types\/product"}],"wp:featuredmedia":[{"embeddable":true,"href":"http:\/\/snowhouse.ca\/fr\/wp-json\/wp\/v2\/media\/661"}],"wp:attachment":[{"href":"http:\/\/snowhouse.ca\/fr\/wp-json\/wp\/v2\/media?parent=660"}],"wp:term":[{"taxonomy":"product_brand","embeddable":true,"href":"http:\/\/snowhouse.ca\/fr\/wp-json\/wp\/v2\/product_brand?post=660"},{"taxonomy":"product_cat","embeddable":true,"href":"http:\/\/snowhouse.ca\/fr\/wp-json\/wp\/v2\/product_cat?post=660"},{"taxonomy":"product_tag","embeddable":true,"href":"http:\/\/snowhouse.ca\/fr\/wp-json\/wp\/v2\/product_tag?post=660"},{"taxonomy":"document","embeddable":true,"href":"http:\/\/snowhouse.ca\/fr\/wp-json\/wp\/v2\/document?post=660"}],"curies":[{"name":"wp","href":"https:\/\/api.w.org\/{rel}","templated":true}]}}