{"id":686,"date":"2025-07-23T01:40:51","date_gmt":"2025-07-23T01:40:51","guid":{"rendered":"https:\/\/snowhouse.ca\/produit\/mpg-2xxz-battery-testers-with-eis-capability\/"},"modified":"2025-11-24T21:32:27","modified_gmt":"2025-11-24T21:32:27","slug":"mpg-2xxz-battery-testers-with-eis-capability","status":"publish","type":"product","link":"http:\/\/snowhouse.ca\/fr\/produit\/battery-cyclers\/premium-battery-cyclers\/mpg-2xxz-battery-testers-with-eis-capability\/","title":{"rendered":"Cycleurs de batterie MPG-200 Premium Research"},"content":{"rendered":"<p><u><strong>MPG-2XX(z) \u2013 Cycleurs de batterie avec capacit\u00e9 EIS (spectroscopie d&#039;imp\u00e9dance)<\/strong><\/u><br \/>\nPour compl\u00e9ter la famille MPG2, quatre syst\u00e8mes plus puissants ont \u00e9t\u00e9 d\u00e9velopp\u00e9s : la s\u00e9rie MPG-2XX est d\u00e9sormais propos\u00e9e sous la forme d&#039;une gamme de 5 unit\u00e9s en configuration fixe, chacune d&#039;entre elles disponible avec ou sans capacit\u00e9 EIS.<\/p>\n<p>\u2013 MPG-2(z) : 16 canaux\/100 mA chacun<br \/>\n\u2013 MPG-205(z) : 8 canaux\/5 A chacun<\/p>\n<p>La s\u00e9rie MPG-2XX peut \u00eatre fournie en rack pouvant accueillir 5 unit\u00e9s. Un seul ordinateur suffit pour contr\u00f4ler l&#039;ensemble des unit\u00e9s gr\u00e2ce \u00e0 la connexion Ethernet.<\/p>\n<p><strong>Applications:<\/strong><\/p>\n<p>\u2013 Test de batterie<br \/>\n\u2013 Li-ion<br \/>\n\u2013 Li-polym\u00e8re<br \/>\n\u2013 Li-air<br \/>\n\u2013 Li-MH<\/p>\n<p><strong>Options<\/strong><\/p>\n<p>\u2013 EIS de 1 mHz \u00e0 100 kHz (pr\u00e9cision : 1%, 1\u00b0)<br \/>\n\u2013 Support de pile bouton pour MPG-2<br \/>\n\u2013 Support de batterie BH-2 pour MPG-205<br \/>\n\u2013 C\u00e2bles courts (25 cm) ou longs (2,5 m)<br \/>\n\u2013 Sonde de temp\u00e9rature<\/p>\n<p><b>Parfaitement adapt\u00e9 aux applications \u00e9nerg\u00e9tiques<\/b><\/p>\n<p>Les syst\u00e8mes de test de batteries de la s\u00e9rie MPG-200 comprennent un ensemble complet de techniques et d&#039;outils d&#039;analyse \u00e9lectrochimiques sp\u00e9cifiques aux batteries et g\u00e9n\u00e9raux, notamment\u00a0:<\/p>\n<p>\u2022 PITT<br \/>\n\u2022 GITT<br \/>\n\u2022 Chronoamp\u00e9rom\u00e9trie<br \/>\n\u2022 Chronopotentiom\u00e9trie<br \/>\n\u2022 Coulom\u00e9trie diff\u00e9rentielle (dQ\/dV)<br \/>\n\u2022 Coulom\u00e9trie de haute pr\u00e9cision (HPC)<br \/>\n\u2022 Spectroscopie d&#039;imp\u00e9dance \u00e9lectrochimique (EIS)<br \/>\n\u2022 D\u00e9rive de capacit\u00e9<br \/>\n\u2022 Profil utilisateur<br \/>\n\u2022 Techniques de pouls<\/p>","protected":false},"excerpt":{"rendered":"<h4>100 mA ou 5 A, EIS int\u00e9gr\u00e9 sur chaque canal<\/h4>","protected":false},"featured_media":2344,"template":"","meta":[],"product_brand":[550],"product_cat":[572,579],"product_tag":[],"document":[],"class_list":{"0":"post-686","1":"product","2":"type-product","3":"status-publish","4":"has-post-thumbnail","6":"product_brand-biologic","7":"product_cat-battery-cyclers","8":"product_cat-premium-battery-cyclers","10":"first","11":"instock","12":"purchasable","13":"product-type-simple"},"yoast_head":"<!-- This site is optimized with the Yoast SEO plugin v26.8 - https:\/\/yoast.com\/product\/yoast-seo-wordpress\/ -->\n<title>MPG-200 Premium Research Battery Cyclers - SnowHouse<\/title>\n<meta name=\"robots\" content=\"index, follow, max-snippet:-1, max-image-preview:large, max-video-preview:-1\" \/>\n<link rel=\"canonical\" href=\"https:\/\/snowhouse.ca\/fr\/product\/battery-cyclers\/premium-battery-cyclers\/mpg-2xxz-battery-testers-with-eis-capability\/\" \/>\n<meta property=\"og:locale\" content=\"fr_CA\" \/>\n<meta property=\"og:type\" content=\"article\" \/>\n<meta property=\"og:title\" content=\"MPG-200 Premium Research Battery Cyclers - SnowHouse\" \/>\n<meta property=\"og:description\" content=\"100 mA or 5 A, built-in EIS on every channel\" \/>\n<meta property=\"og:url\" content=\"https:\/\/snowhouse.ca\/fr\/product\/battery-cyclers\/premium-battery-cyclers\/mpg-2xxz-battery-testers-with-eis-capability\/\" \/>\n<meta property=\"og:site_name\" content=\"SnowHouse\" \/>\n<meta property=\"article:modified_time\" content=\"2025-11-24T21:32:27+00:00\" \/>\n<meta property=\"og:image\" content=\"https:\/\/snowhouse.ca\/wp-content\/uploads\/2025\/07\/BioLogic-MPG2-scaled.jpg\" \/>\n\t<meta property=\"og:image:width\" content=\"1704\" \/>\n\t<meta property=\"og:image:height\" content=\"2560\" \/>\n\t<meta property=\"og:image:type\" content=\"image\/jpeg\" \/>\n<meta name=\"twitter:card\" content=\"summary_large_image\" \/>\n<meta name=\"twitter:label1\" content=\"Estimation du temps de lecture\" \/>\n\t<meta name=\"twitter:data1\" content=\"1 minute\" \/>\n<script type=\"application\/ld+json\" class=\"yoast-schema-graph\">{\"@context\":\"https:\/\/schema.org\",\"@graph\":[{\"@type\":\"WebPage\",\"@id\":\"https:\/\/snowhouse.ca\/product\/battery-cyclers\/premium-battery-cyclers\/mpg-2xxz-battery-testers-with-eis-capability\/\",\"url\":\"https:\/\/snowhouse.ca\/product\/battery-cyclers\/premium-battery-cyclers\/mpg-2xxz-battery-testers-with-eis-capability\/\",\"name\":\"MPG-200 Premium Research Battery Cyclers - SnowHouse\",\"isPartOf\":{\"@id\":\"https:\/\/snowhouse.ca\/#website\"},\"primaryImageOfPage\":{\"@id\":\"https:\/\/snowhouse.ca\/product\/battery-cyclers\/premium-battery-cyclers\/mpg-2xxz-battery-testers-with-eis-capability\/#primaryimage\"},\"image\":{\"@id\":\"https:\/\/snowhouse.ca\/product\/battery-cyclers\/premium-battery-cyclers\/mpg-2xxz-battery-testers-with-eis-capability\/#primaryimage\"},\"thumbnailUrl\":\"https:\/\/snowhouse.ca\/wp-content\/uploads\/2025\/07\/BioLogic-MPG2-scaled.jpg?wsr\",\"datePublished\":\"2025-07-23T01:40:51+00:00\",\"dateModified\":\"2025-11-24T21:32:27+00:00\",\"breadcrumb\":{\"@id\":\"https:\/\/snowhouse.ca\/product\/battery-cyclers\/premium-battery-cyclers\/mpg-2xxz-battery-testers-with-eis-capability\/#breadcrumb\"},\"inLanguage\":\"fr-CA\",\"potentialAction\":[{\"@type\":\"ReadAction\",\"target\":[\"https:\/\/snowhouse.ca\/product\/battery-cyclers\/premium-battery-cyclers\/mpg-2xxz-battery-testers-with-eis-capability\/\"]}]},{\"@type\":\"ImageObject\",\"inLanguage\":\"fr-CA\",\"@id\":\"https:\/\/snowhouse.ca\/product\/battery-cyclers\/premium-battery-cyclers\/mpg-2xxz-battery-testers-with-eis-capability\/#primaryimage\",\"url\":\"https:\/\/snowhouse.ca\/wp-content\/uploads\/2025\/07\/BioLogic-MPG2-scaled.jpg?wsr\",\"contentUrl\":\"https:\/\/snowhouse.ca\/wp-content\/uploads\/2025\/07\/BioLogic-MPG2-scaled.jpg?wsr\",\"width\":1704,\"height\":2560,\"caption\":\"MPG-200 Premium Research Battery Cyclers\"},{\"@type\":\"BreadcrumbList\",\"@id\":\"https:\/\/snowhouse.ca\/product\/battery-cyclers\/premium-battery-cyclers\/mpg-2xxz-battery-testers-with-eis-capability\/#breadcrumb\",\"itemListElement\":[{\"@type\":\"ListItem\",\"position\":1,\"name\":\"Home\",\"item\":\"https:\/\/snowhouse.ca\/\"},{\"@type\":\"ListItem\",\"position\":2,\"name\":\"Products\",\"item\":\"https:\/\/snowhouse.ca\/products\/\"},{\"@type\":\"ListItem\",\"position\":3,\"name\":\"MPG-200 Premium Research Battery Cyclers\"}]},{\"@type\":\"WebSite\",\"@id\":\"https:\/\/snowhouse.ca\/#website\",\"url\":\"https:\/\/snowhouse.ca\/\",\"name\":\"SnowHouse\",\"description\":\"Trusted Scientific Instruments\",\"publisher\":{\"@id\":\"https:\/\/snowhouse.ca\/#organization\"},\"potentialAction\":[{\"@type\":\"SearchAction\",\"target\":{\"@type\":\"EntryPoint\",\"urlTemplate\":\"https:\/\/snowhouse.ca\/?s={search_term_string}\"},\"query-input\":{\"@type\":\"PropertyValueSpecification\",\"valueRequired\":true,\"valueName\":\"search_term_string\"}}],\"inLanguage\":\"fr-CA\"},{\"@type\":\"Organization\",\"@id\":\"https:\/\/snowhouse.ca\/#organization\",\"name\":\"Snowhouse inc.\",\"alternateName\":\"Snowhouse\",\"url\":\"https:\/\/snowhouse.ca\/\",\"logo\":{\"@type\":\"ImageObject\",\"inLanguage\":\"fr-CA\",\"@id\":\"https:\/\/snowhouse.ca\/#\/schema\/logo\/image\/\",\"url\":\"https:\/\/snowhouse.ca\/wp-content\/uploads\/2025\/07\/SnowHouse-Logo.png\",\"contentUrl\":\"https:\/\/snowhouse.ca\/wp-content\/uploads\/2025\/07\/SnowHouse-Logo.png\",\"width\":508,\"height\":136,\"caption\":\"Snowhouse inc.\"},\"image\":{\"@id\":\"https:\/\/snowhouse.ca\/#\/schema\/logo\/image\/\"}}]}<\/script>\n<!-- \/ Yoast SEO plugin. -->","yoast_head_json":{"title":"MPG-200 Premium Research Battery Cyclers - SnowHouse","robots":{"index":"index","follow":"follow","max-snippet":"max-snippet:-1","max-image-preview":"max-image-preview:large","max-video-preview":"max-video-preview:-1"},"canonical":"https:\/\/snowhouse.ca\/fr\/product\/battery-cyclers\/premium-battery-cyclers\/mpg-2xxz-battery-testers-with-eis-capability\/","og_locale":"fr_CA","og_type":"article","og_title":"MPG-200 Premium Research Battery Cyclers - SnowHouse","og_description":"100 mA or 5 A, built-in EIS on every channel","og_url":"https:\/\/snowhouse.ca\/fr\/product\/battery-cyclers\/premium-battery-cyclers\/mpg-2xxz-battery-testers-with-eis-capability\/","og_site_name":"SnowHouse","article_modified_time":"2025-11-24T21:32:27+00:00","og_image":[{"width":1704,"height":2560,"url":"https:\/\/snowhouse.ca\/wp-content\/uploads\/2025\/07\/BioLogic-MPG2-scaled.jpg","type":"image\/jpeg"}],"twitter_card":"summary_large_image","twitter_misc":{"Estimation du temps de lecture":"1 minute"},"schema":{"@context":"https:\/\/schema.org","@graph":[{"@type":"WebPage","@id":"https:\/\/snowhouse.ca\/product\/battery-cyclers\/premium-battery-cyclers\/mpg-2xxz-battery-testers-with-eis-capability\/","url":"https:\/\/snowhouse.ca\/product\/battery-cyclers\/premium-battery-cyclers\/mpg-2xxz-battery-testers-with-eis-capability\/","name":"MPG-200 Premium Research Battery Cyclers - SnowHouse","isPartOf":{"@id":"https:\/\/snowhouse.ca\/#website"},"primaryImageOfPage":{"@id":"https:\/\/snowhouse.ca\/product\/battery-cyclers\/premium-battery-cyclers\/mpg-2xxz-battery-testers-with-eis-capability\/#primaryimage"},"image":{"@id":"https:\/\/snowhouse.ca\/product\/battery-cyclers\/premium-battery-cyclers\/mpg-2xxz-battery-testers-with-eis-capability\/#primaryimage"},"thumbnailUrl":"https:\/\/snowhouse.ca\/wp-content\/uploads\/2025\/07\/BioLogic-MPG2-scaled.jpg?wsr","datePublished":"2025-07-23T01:40:51+00:00","dateModified":"2025-11-24T21:32:27+00:00","breadcrumb":{"@id":"https:\/\/snowhouse.ca\/product\/battery-cyclers\/premium-battery-cyclers\/mpg-2xxz-battery-testers-with-eis-capability\/#breadcrumb"},"inLanguage":"fr-CA","potentialAction":[{"@type":"ReadAction","target":["https:\/\/snowhouse.ca\/product\/battery-cyclers\/premium-battery-cyclers\/mpg-2xxz-battery-testers-with-eis-capability\/"]}]},{"@type":"ImageObject","inLanguage":"fr-CA","@id":"https:\/\/snowhouse.ca\/product\/battery-cyclers\/premium-battery-cyclers\/mpg-2xxz-battery-testers-with-eis-capability\/#primaryimage","url":"https:\/\/snowhouse.ca\/wp-content\/uploads\/2025\/07\/BioLogic-MPG2-scaled.jpg?wsr","contentUrl":"https:\/\/snowhouse.ca\/wp-content\/uploads\/2025\/07\/BioLogic-MPG2-scaled.jpg?wsr","width":1704,"height":2560,"caption":"MPG-200 Premium Research Battery Cyclers"},{"@type":"BreadcrumbList","@id":"https:\/\/snowhouse.ca\/product\/battery-cyclers\/premium-battery-cyclers\/mpg-2xxz-battery-testers-with-eis-capability\/#breadcrumb","itemListElement":[{"@type":"ListItem","position":1,"name":"Home","item":"https:\/\/snowhouse.ca\/"},{"@type":"ListItem","position":2,"name":"Products","item":"https:\/\/snowhouse.ca\/products\/"},{"@type":"ListItem","position":3,"name":"MPG-200 Premium Research Battery Cyclers"}]},{"@type":"WebSite","@id":"https:\/\/snowhouse.ca\/#website","url":"https:\/\/snowhouse.ca\/","name":"Maison de neige","description":"Instruments scientifiques de confiance","publisher":{"@id":"https:\/\/snowhouse.ca\/#organization"},"potentialAction":[{"@type":"SearchAction","target":{"@type":"EntryPoint","urlTemplate":"https:\/\/snowhouse.ca\/?s={search_term_string}"},"query-input":{"@type":"PropertyValueSpecification","valueRequired":true,"valueName":"search_term_string"}}],"inLanguage":"fr-CA"},{"@type":"Organization","@id":"https:\/\/snowhouse.ca\/#organization","name":"Snowhouse inc.","alternateName":"Snowhouse","url":"https:\/\/snowhouse.ca\/","logo":{"@type":"ImageObject","inLanguage":"fr-CA","@id":"https:\/\/snowhouse.ca\/#\/schema\/logo\/image\/","url":"https:\/\/snowhouse.ca\/wp-content\/uploads\/2025\/07\/SnowHouse-Logo.png","contentUrl":"https:\/\/snowhouse.ca\/wp-content\/uploads\/2025\/07\/SnowHouse-Logo.png","width":508,"height":136,"caption":"Snowhouse inc."},"image":{"@id":"https:\/\/snowhouse.ca\/#\/schema\/logo\/image\/"}}]}},"_links":{"self":[{"href":"http:\/\/snowhouse.ca\/fr\/wp-json\/wp\/v2\/product\/686","targetHints":{"allow":["GET"]}}],"collection":[{"href":"http:\/\/snowhouse.ca\/fr\/wp-json\/wp\/v2\/product"}],"about":[{"href":"http:\/\/snowhouse.ca\/fr\/wp-json\/wp\/v2\/types\/product"}],"wp:featuredmedia":[{"embeddable":true,"href":"http:\/\/snowhouse.ca\/fr\/wp-json\/wp\/v2\/media\/2344"}],"wp:attachment":[{"href":"http:\/\/snowhouse.ca\/fr\/wp-json\/wp\/v2\/media?parent=686"}],"wp:term":[{"taxonomy":"product_brand","embeddable":true,"href":"http:\/\/snowhouse.ca\/fr\/wp-json\/wp\/v2\/product_brand?post=686"},{"taxonomy":"product_cat","embeddable":true,"href":"http:\/\/snowhouse.ca\/fr\/wp-json\/wp\/v2\/product_cat?post=686"},{"taxonomy":"product_tag","embeddable":true,"href":"http:\/\/snowhouse.ca\/fr\/wp-json\/wp\/v2\/product_tag?post=686"},{"taxonomy":"document","embeddable":true,"href":"http:\/\/snowhouse.ca\/fr\/wp-json\/wp\/v2\/document?post=686"}],"curies":[{"name":"wp","href":"https:\/\/api.w.org\/{rel}","templated":true}]}}