{"id":714,"date":"2025-07-23T01:41:05","date_gmt":"2025-07-23T01:41:05","guid":{"rendered":"https:\/\/snowhouse.ca\/produit\/ikon-m-so-high-energy-detection\/"},"modified":"2025-11-17T16:37:02","modified_gmt":"2025-11-17T16:37:02","slug":"ikon-m-so-high-energy-detection","status":"publish","type":"product","link":"http:\/\/snowhouse.ca\/fr\/produit\/cameras-spectrographs\/x-ray-neutron-cameras\/ikon-m-so-high-energy-detection\/","title":{"rendered":"iKon-M SO"},"content":{"rendered":"<h3>S\u00e9rie Andor iKon-M\/L SO<\/h3>\n<p>La s\u00e9rie iKon de Andor offre des performances de sensibilit\u00e9 exceptionnelles gr\u00e2ce \u00e0 une combinaison de capteurs r\u00e9tro\u00e9clair\u00e9s QE &gt; 95%, d&#039;une \u00e9lectronique de lecture \u00e0 faible bruit et d&#039;un syst\u00e8me de refroidissement thermo\u00e9lectrique profond sans entretien, \u00e0 la pointe de l&#039;industrie, jusqu&#039;\u00e0 -100 \u00b0C. Elle propose des options de capteurs grande surface haute r\u00e9solution de 1 et 4,2 m\u00e9gapixels (avec des pixels de 13 et 13,5 \u03bcm respectivement) pour une imagerie simultan\u00e9e \u00e0 haute gamme dynamique et haute r\u00e9solution spatiale dans les gammes VUV et rayons X mous.<\/p>\n<p>Une bride CF-152 rotative de 152 mm (6 pouces) avec joint \u00e0 ar\u00eate vive en 16 points assure une \u00e9tanch\u00e9it\u00e9 robuste et tr\u00e8s efficace avec toute interface de chambre \u00e0 vide compatible. Les mod\u00e8les iKon-M et -L offrent \u00e9galement une interface USB 2.0 et sont compatibles avec LabVIEW ou EPICS pour une int\u00e9gration ais\u00e9e dans des configurations complexes.<\/p>\n<h4>Caract\u00e9ristiques<\/h4>\n<ul>\n<li>Capteurs de 1 MP ou de 4,2 MP \u00e0 grande surface<\/li>\n<li>QE maximal jusqu&#039;\u00e0 95% (r\u00e9gion des rayons X mous)<\/li>\n<li>Pixels haute r\u00e9solution de 13 ou 13,5 \u00b5m<\/li>\n<li>Refroidissement thermo\u00e9lectrique jusqu&#039;\u00e0 -100 \u00b0C<\/li>\n<li>Bruit de lecture aussi faible que 2,9 e<\/li>\n<li>Compatibilit\u00e9 avec LabVIEW et EPICS<\/li>\n<li>Interface USB 2.0<\/li>\n<\/ul>\n<h4>Applications<\/h4>\n<ul>\n<li>Imagerie VUV\/EUV\/XUV<\/li>\n<li>Imagerie par rayons X et microscopie<\/li>\n<li>Diffraction des rayons X (DRX) Imagerie par plasma \u00e0 rayons X<\/li>\n<li>Caract\u00e9risation de la source de rayons X<\/li>\n<li>Imagerie par contraste de phase aux rayons X<\/li>\n<li>G\u00e9n\u00e9ration d&#039;harmoniques d&#039;ordre \u00e9lev\u00e9 (HHG)<\/li>\n<\/ul>","protected":false},"excerpt":{"rendered":"<p>CCD \u00e0 face ouverte \u2013 Imagerie par d\u00e9tection directe<\/p>","protected":false},"featured_media":715,"template":"","meta":[],"product_brand":[551],"product_cat":[57],"product_tag":[],"document":[],"class_list":{"0":"post-714","1":"product","2":"type-product","3":"status-publish","4":"has-post-thumbnail","6":"product_brand-andor","7":"product_cat-x-ray-neutron-cameras","9":"first","10":"instock","11":"purchasable","12":"product-type-simple"},"yoast_head":"<!-- This site is optimized with the Yoast SEO plugin v26.8 - https:\/\/yoast.com\/product\/yoast-seo-wordpress\/ -->\n<title>iKon-M SO - SnowHouse<\/title>\n<meta name=\"robots\" content=\"index, follow, max-snippet:-1, max-image-preview:large, max-video-preview:-1\" \/>\n<link rel=\"canonical\" href=\"https:\/\/snowhouse.ca\/fr\/product\/cameras-spectrographs\/x-ray-neutron-cameras\/ikon-m-so-high-energy-detection\/\" \/>\n<meta property=\"og:locale\" content=\"fr_CA\" \/>\n<meta property=\"og:type\" content=\"article\" \/>\n<meta property=\"og:title\" content=\"iKon-M SO - SnowHouse\" \/>\n<meta property=\"og:description\" content=\"Open Front CCD - Direct Detection Imaging\" \/>\n<meta property=\"og:url\" content=\"https:\/\/snowhouse.ca\/fr\/product\/cameras-spectrographs\/x-ray-neutron-cameras\/ikon-m-so-high-energy-detection\/\" \/>\n<meta property=\"og:site_name\" content=\"SnowHouse\" \/>\n<meta property=\"article:modified_time\" content=\"2025-11-17T16:37:02+00:00\" \/>\n<meta property=\"og:image\" content=\"https:\/\/snowhouse.ca\/wp-content\/uploads\/2025\/07\/29706.png\" \/>\n\t<meta property=\"og:image:width\" content=\"280\" \/>\n\t<meta property=\"og:image:height\" content=\"240\" \/>\n\t<meta property=\"og:image:type\" content=\"image\/png\" \/>\n<meta name=\"twitter:card\" content=\"summary_large_image\" \/>\n<meta name=\"twitter:label1\" content=\"Estimation du temps de lecture\" \/>\n\t<meta name=\"twitter:data1\" content=\"1 minute\" \/>\n<script type=\"application\/ld+json\" class=\"yoast-schema-graph\">{\"@context\":\"https:\/\/schema.org\",\"@graph\":[{\"@type\":\"WebPage\",\"@id\":\"https:\/\/snowhouse.ca\/product\/cameras-spectrographs\/x-ray-neutron-cameras\/ikon-m-so-high-energy-detection\/\",\"url\":\"https:\/\/snowhouse.ca\/product\/cameras-spectrographs\/x-ray-neutron-cameras\/ikon-m-so-high-energy-detection\/\",\"name\":\"iKon-M SO - SnowHouse\",\"isPartOf\":{\"@id\":\"https:\/\/snowhouse.ca\/#website\"},\"primaryImageOfPage\":{\"@id\":\"https:\/\/snowhouse.ca\/product\/cameras-spectrographs\/x-ray-neutron-cameras\/ikon-m-so-high-energy-detection\/#primaryimage\"},\"image\":{\"@id\":\"https:\/\/snowhouse.ca\/product\/cameras-spectrographs\/x-ray-neutron-cameras\/ikon-m-so-high-energy-detection\/#primaryimage\"},\"thumbnailUrl\":\"https:\/\/snowhouse.ca\/wp-content\/uploads\/2025\/07\/29706.png?wsr\",\"datePublished\":\"2025-07-23T01:41:05+00:00\",\"dateModified\":\"2025-11-17T16:37:02+00:00\",\"breadcrumb\":{\"@id\":\"https:\/\/snowhouse.ca\/product\/cameras-spectrographs\/x-ray-neutron-cameras\/ikon-m-so-high-energy-detection\/#breadcrumb\"},\"inLanguage\":\"fr-CA\",\"potentialAction\":[{\"@type\":\"ReadAction\",\"target\":[\"https:\/\/snowhouse.ca\/product\/cameras-spectrographs\/x-ray-neutron-cameras\/ikon-m-so-high-energy-detection\/\"]}]},{\"@type\":\"ImageObject\",\"inLanguage\":\"fr-CA\",\"@id\":\"https:\/\/snowhouse.ca\/product\/cameras-spectrographs\/x-ray-neutron-cameras\/ikon-m-so-high-energy-detection\/#primaryimage\",\"url\":\"https:\/\/snowhouse.ca\/wp-content\/uploads\/2025\/07\/29706.png?wsr\",\"contentUrl\":\"https:\/\/snowhouse.ca\/wp-content\/uploads\/2025\/07\/29706.png?wsr\",\"width\":280,\"height\":240},{\"@type\":\"BreadcrumbList\",\"@id\":\"https:\/\/snowhouse.ca\/product\/cameras-spectrographs\/x-ray-neutron-cameras\/ikon-m-so-high-energy-detection\/#breadcrumb\",\"itemListElement\":[{\"@type\":\"ListItem\",\"position\":1,\"name\":\"Home\",\"item\":\"https:\/\/snowhouse.ca\/\"},{\"@type\":\"ListItem\",\"position\":2,\"name\":\"Products\",\"item\":\"https:\/\/snowhouse.ca\/products\/\"},{\"@type\":\"ListItem\",\"position\":3,\"name\":\"iKon-M SO\"}]},{\"@type\":\"WebSite\",\"@id\":\"https:\/\/snowhouse.ca\/#website\",\"url\":\"https:\/\/snowhouse.ca\/\",\"name\":\"SnowHouse\",\"description\":\"Trusted Scientific Instruments\",\"publisher\":{\"@id\":\"https:\/\/snowhouse.ca\/#organization\"},\"potentialAction\":[{\"@type\":\"SearchAction\",\"target\":{\"@type\":\"EntryPoint\",\"urlTemplate\":\"https:\/\/snowhouse.ca\/?s={search_term_string}\"},\"query-input\":{\"@type\":\"PropertyValueSpecification\",\"valueRequired\":true,\"valueName\":\"search_term_string\"}}],\"inLanguage\":\"fr-CA\"},{\"@type\":\"Organization\",\"@id\":\"https:\/\/snowhouse.ca\/#organization\",\"name\":\"Snowhouse inc.\",\"alternateName\":\"Snowhouse\",\"url\":\"https:\/\/snowhouse.ca\/\",\"logo\":{\"@type\":\"ImageObject\",\"inLanguage\":\"fr-CA\",\"@id\":\"https:\/\/snowhouse.ca\/#\/schema\/logo\/image\/\",\"url\":\"https:\/\/snowhouse.ca\/wp-content\/uploads\/2025\/07\/SnowHouse-Logo.png\",\"contentUrl\":\"https:\/\/snowhouse.ca\/wp-content\/uploads\/2025\/07\/SnowHouse-Logo.png\",\"width\":508,\"height\":136,\"caption\":\"Snowhouse inc.\"},\"image\":{\"@id\":\"https:\/\/snowhouse.ca\/#\/schema\/logo\/image\/\"}}]}<\/script>\n<!-- \/ Yoast SEO plugin. -->","yoast_head_json":{"title":"iKon-M SO - SnowHouse","robots":{"index":"index","follow":"follow","max-snippet":"max-snippet:-1","max-image-preview":"max-image-preview:large","max-video-preview":"max-video-preview:-1"},"canonical":"https:\/\/snowhouse.ca\/fr\/product\/cameras-spectrographs\/x-ray-neutron-cameras\/ikon-m-so-high-energy-detection\/","og_locale":"fr_CA","og_type":"article","og_title":"iKon-M SO - SnowHouse","og_description":"Open Front CCD - Direct Detection Imaging","og_url":"https:\/\/snowhouse.ca\/fr\/product\/cameras-spectrographs\/x-ray-neutron-cameras\/ikon-m-so-high-energy-detection\/","og_site_name":"SnowHouse","article_modified_time":"2025-11-17T16:37:02+00:00","og_image":[{"width":280,"height":240,"url":"https:\/\/snowhouse.ca\/wp-content\/uploads\/2025\/07\/29706.png","type":"image\/png"}],"twitter_card":"summary_large_image","twitter_misc":{"Estimation du temps de lecture":"1 minute"},"schema":{"@context":"https:\/\/schema.org","@graph":[{"@type":"WebPage","@id":"https:\/\/snowhouse.ca\/product\/cameras-spectrographs\/x-ray-neutron-cameras\/ikon-m-so-high-energy-detection\/","url":"https:\/\/snowhouse.ca\/product\/cameras-spectrographs\/x-ray-neutron-cameras\/ikon-m-so-high-energy-detection\/","name":"iKon-M SO - SnowHouse","isPartOf":{"@id":"https:\/\/snowhouse.ca\/#website"},"primaryImageOfPage":{"@id":"https:\/\/snowhouse.ca\/product\/cameras-spectrographs\/x-ray-neutron-cameras\/ikon-m-so-high-energy-detection\/#primaryimage"},"image":{"@id":"https:\/\/snowhouse.ca\/product\/cameras-spectrographs\/x-ray-neutron-cameras\/ikon-m-so-high-energy-detection\/#primaryimage"},"thumbnailUrl":"https:\/\/snowhouse.ca\/wp-content\/uploads\/2025\/07\/29706.png?wsr","datePublished":"2025-07-23T01:41:05+00:00","dateModified":"2025-11-17T16:37:02+00:00","breadcrumb":{"@id":"https:\/\/snowhouse.ca\/product\/cameras-spectrographs\/x-ray-neutron-cameras\/ikon-m-so-high-energy-detection\/#breadcrumb"},"inLanguage":"fr-CA","potentialAction":[{"@type":"ReadAction","target":["https:\/\/snowhouse.ca\/product\/cameras-spectrographs\/x-ray-neutron-cameras\/ikon-m-so-high-energy-detection\/"]}]},{"@type":"ImageObject","inLanguage":"fr-CA","@id":"https:\/\/snowhouse.ca\/product\/cameras-spectrographs\/x-ray-neutron-cameras\/ikon-m-so-high-energy-detection\/#primaryimage","url":"https:\/\/snowhouse.ca\/wp-content\/uploads\/2025\/07\/29706.png?wsr","contentUrl":"https:\/\/snowhouse.ca\/wp-content\/uploads\/2025\/07\/29706.png?wsr","width":280,"height":240},{"@type":"BreadcrumbList","@id":"https:\/\/snowhouse.ca\/product\/cameras-spectrographs\/x-ray-neutron-cameras\/ikon-m-so-high-energy-detection\/#breadcrumb","itemListElement":[{"@type":"ListItem","position":1,"name":"Home","item":"https:\/\/snowhouse.ca\/"},{"@type":"ListItem","position":2,"name":"Products","item":"https:\/\/snowhouse.ca\/products\/"},{"@type":"ListItem","position":3,"name":"iKon-M SO"}]},{"@type":"WebSite","@id":"https:\/\/snowhouse.ca\/#website","url":"https:\/\/snowhouse.ca\/","name":"Maison de neige","description":"Instruments scientifiques de confiance","publisher":{"@id":"https:\/\/snowhouse.ca\/#organization"},"potentialAction":[{"@type":"SearchAction","target":{"@type":"EntryPoint","urlTemplate":"https:\/\/snowhouse.ca\/?s={search_term_string}"},"query-input":{"@type":"PropertyValueSpecification","valueRequired":true,"valueName":"search_term_string"}}],"inLanguage":"fr-CA"},{"@type":"Organization","@id":"https:\/\/snowhouse.ca\/#organization","name":"Snowhouse inc.","alternateName":"Snowhouse","url":"https:\/\/snowhouse.ca\/","logo":{"@type":"ImageObject","inLanguage":"fr-CA","@id":"https:\/\/snowhouse.ca\/#\/schema\/logo\/image\/","url":"https:\/\/snowhouse.ca\/wp-content\/uploads\/2025\/07\/SnowHouse-Logo.png","contentUrl":"https:\/\/snowhouse.ca\/wp-content\/uploads\/2025\/07\/SnowHouse-Logo.png","width":508,"height":136,"caption":"Snowhouse inc."},"image":{"@id":"https:\/\/snowhouse.ca\/#\/schema\/logo\/image\/"}}]}},"_links":{"self":[{"href":"http:\/\/snowhouse.ca\/fr\/wp-json\/wp\/v2\/product\/714","targetHints":{"allow":["GET"]}}],"collection":[{"href":"http:\/\/snowhouse.ca\/fr\/wp-json\/wp\/v2\/product"}],"about":[{"href":"http:\/\/snowhouse.ca\/fr\/wp-json\/wp\/v2\/types\/product"}],"wp:featuredmedia":[{"embeddable":true,"href":"http:\/\/snowhouse.ca\/fr\/wp-json\/wp\/v2\/media\/715"}],"wp:attachment":[{"href":"http:\/\/snowhouse.ca\/fr\/wp-json\/wp\/v2\/media?parent=714"}],"wp:term":[{"taxonomy":"product_brand","embeddable":true,"href":"http:\/\/snowhouse.ca\/fr\/wp-json\/wp\/v2\/product_brand?post=714"},{"taxonomy":"product_cat","embeddable":true,"href":"http:\/\/snowhouse.ca\/fr\/wp-json\/wp\/v2\/product_cat?post=714"},{"taxonomy":"product_tag","embeddable":true,"href":"http:\/\/snowhouse.ca\/fr\/wp-json\/wp\/v2\/product_tag?post=714"},{"taxonomy":"document","embeddable":true,"href":"http:\/\/snowhouse.ca\/fr\/wp-json\/wp\/v2\/document?post=714"}],"curies":[{"name":"wp","href":"https:\/\/api.w.org\/{rel}","templated":true}]}}