{"id":740,"date":"2025-07-23T01:41:05","date_gmt":"2025-07-23T01:41:05","guid":{"rendered":"https:\/\/snowhouse.ca\/produit\/idus-420-high-speed-spectroscopy-ccd-series\/"},"modified":"2025-11-17T16:44:49","modified_gmt":"2025-11-17T16:44:49","slug":"idus-420-ccd-platform","status":"publish","type":"product","link":"http:\/\/snowhouse.ca\/fr\/produit\/cameras-spectrographs\/ccd-cameras\/idus-420-ccd-platform\/","title":{"rendered":"iDus 420 CCD"},"content":{"rendered":"<h3><u><strong>S\u00e9rie CCD de spectroscopie haute vitesse iDus 420\u00a0<\/strong><\/u><\/h3>\n<p>La cam\u00e9ra CCD de spectroscopie haute vitesse 1024 x 255 de qualit\u00e9 scientifique est parfaitement adapt\u00e9e aux analyses rapides, aux applications multicanaux et aux environnements peu \u00e9clair\u00e9s, notamment la spectroscopie de fluorescence et Raman. La gamme de capteurs 420, avec ses options d&#039;\u00e9clairage frontal (\u00e9lectrode ouverte), arri\u00e8re et \u00e0 d\u00e9pl\u00e9tion profonde, offre des performances optimales de l&#039;UV au proche infrarouge en passant par le visible.<\/p>\n<p>La s\u00e9rie iDus bas\u00e9e sur USB 2.0 est une plateforme compacte mais riche en fonctionnalit\u00e9s, adapt\u00e9e aux applications de spectroscopie exigeantes telles que la photoluminescence UV\/NIR \u00e0 faible luminosit\u00e9 ou la spectroscopie Raman, ainsi qu&#039;aux op\u00e9rations de laboratoire de routine quotidiennes et \u00e0 l&#039;int\u00e9gration dans des syst\u00e8mes de qualit\u00e9 industrielle.<\/p>\n<p>L&#039;iDus 420 se distingue par son refroidissement thermo\u00e9lectrique profond, jusqu&#039;\u00e0 -100 \u00b0C, une performance in\u00e9gal\u00e9e sur le march\u00e9. Ce syst\u00e8me est compl\u00e9t\u00e9 par la technologie Ultravac\u2122 de Andor, reconnue pour sa fiabilit\u00e9 exceptionnelle dans les milieux scientifiques et industriels. L&#039;\u00e9lectronique \u00e0 faible bruit de l&#039;iDus garantit un rapport signal\/bruit optimal pour une large gamme de r\u00e9gimes de d\u00e9tection de photons.<\/p>\n<p>Cette matrice de 1024 x 255 pixels propose une gamme de capteurs \u00e0 r\u00e9tro\u00e9clairage optimis\u00e9s pour l&#039;UV lointain et le visible, ainsi que des capteurs r\u00e9tro\u00e9clair\u00e9s (\u00e0 suppression des franges) optimis\u00e9s pour le proche infrarouge. Sa taille de pixel de 26 x 26 \u03bcm est optimis\u00e9e pour une plage dynamique et une r\u00e9solution \u00e9lev\u00e9es, tandis que sa hauteur de 6,6 mm est parfaitement adapt\u00e9e \u00e0 la spectroscopie multipiste.<\/p>\n<h3>Caract\u00e9ristiques<\/h3>\n<p><b>QE maximal de 95%<\/b>\u00a0\u2013 Mod\u00e8le \u00ab\u00a0BV\/BVF\u00a0\u00bb optimis\u00e9 pour le visible et mod\u00e8le \u00ab\u00a0BEX2-DD\u00a0\u00bb \u00e0 large bande UV-NIR<\/p>\n<p><b>Technologie de suppression des franges en standard (mod\u00e8les BVF et BEX2-DD)<\/b>\u00a0\u2013 Franges fortement r\u00e9duites (Deep-Depletion) ou minimis\u00e9es (Back-Thinned &#039;BVF&#039;)<\/p>\n<p><b>Option double AR \u00e0 port\u00e9e \u00e9tendue<\/b>\u00a0\u2013 QE \u00e0 large bande UV-NIR sup\u00e9rieur<\/p>\n<p><b>Refroidissement thermo\u00e9lectrique \u00e0 -100 \u00b0C<\/b>\u00a0\u2013 Essentiel pour l\u2019\u00e9limination de la limite de d\u00e9tection du courant d\u2019obscurit\u00e9 \u2013 aucun inconv\u00e9nient li\u00e9 \u00e0 l\u2019azote liquide<\/p>\n<p><b>UltraVac\u2122<\/b>\u00a0\u2013 Essentiel pour garantir l\u2019int\u00e9grit\u00e9 du vide et maintenir des performances de refroidissement et d\u2019efficacit\u00e9 quantique in\u00e9gal\u00e9es, ann\u00e9e apr\u00e8s ann\u00e9e.<\/p>\n<p><b>Fen\u00eatre unique en silice fondue de qualit\u00e9 UV<\/b>\u00a0\u2013 Performances optimales en mati\u00e8re de transmission UV-NIR, rev\u00eatement AR sp\u00e9cifique et options de cales disponibles<\/p>\n<p><b>Connexion USB 2.0<\/b>\u00a0\u2013 Id\u00e9al pour une utilisation avec un ordinateur portable. Fonctionnement fluide avec la gamme de spectrographes Shamrock sous USB.<\/p>\n<p><b>Taille des pixels\u00a0: 26 x 26 \u03bcm<\/b>\u00a0\u2013 Format de pixel optimis\u00e9 pour une plage dynamique et une r\u00e9solution \u00e9lev\u00e9es<\/p>\n<p><b>Gain du pr\u00e9amplificateur s\u00e9lectionnable par logiciel<\/b>\u00a0\u2013 Choix du meilleur rapport signal\/bruit pour une plage dynamique optimale, d&#039;une simple pression sur un bouton<\/p>\n<p><b>Plateforme compacte et robuste<\/b>\u00a0\u2013 Id\u00e9al pour l&#039;int\u00e9gration OEM et les configurations de laboratoire<\/p>\n<p><b>Logiciel Solis pour la spectroscopie<\/b>\u00a0\u2013 Interface utilisateur compl\u00e8te et conviviale pour la commande simultan\u00e9e du d\u00e9tecteur et du spectrographe<\/p>\n<p><b>Kit de d\u00e9veloppement logiciel (SDK)<\/b>\u00a0\u2013 Int\u00e9gration ais\u00e9e du contr\u00f4le dans des configurations complexes\u00a0: Matlab, LabVIEW, Visual Basic ou C\/C++<\/p>","protected":false},"excerpt":{"rendered":"<p class=\"product-short-excerpt\">matrice de 1024 x 256 pixels avec des pixels de 26 \u00b5m<\/p>","protected":false},"featured_media":741,"template":"","meta":[],"product_brand":[551],"product_cat":[574],"product_tag":[],"document":[],"class_list":{"0":"post-740","1":"product","2":"type-product","3":"status-publish","4":"has-post-thumbnail","6":"product_brand-andor","7":"product_cat-ccd-cameras","9":"first","10":"instock","11":"purchasable","12":"product-type-simple"},"yoast_head":"<!-- This site is optimized with the Yoast SEO plugin v26.8 - https:\/\/yoast.com\/product\/yoast-seo-wordpress\/ -->\n<title>iDus 420 CCD - SnowHouse<\/title>\n<meta name=\"description\" content=\"Andor scientific iDus 420 CCD camera\u00a0\" \/>\n<meta name=\"robots\" content=\"index, follow, max-snippet:-1, max-image-preview:large, max-video-preview:-1\" \/>\n<link rel=\"canonical\" href=\"https:\/\/snowhouse.ca\/fr\/product\/cameras-spectrographs\/ccd-cameras\/idus-420-ccd-platform\/\" \/>\n<meta property=\"og:locale\" content=\"fr_CA\" \/>\n<meta property=\"og:type\" content=\"article\" \/>\n<meta property=\"og:title\" content=\"iDus 420 CCD - SnowHouse\" \/>\n<meta property=\"og:description\" content=\"Andor scientific iDus 420 CCD camera\u00a0\" \/>\n<meta property=\"og:url\" content=\"https:\/\/snowhouse.ca\/fr\/product\/cameras-spectrographs\/ccd-cameras\/idus-420-ccd-platform\/\" \/>\n<meta property=\"og:site_name\" content=\"SnowHouse\" \/>\n<meta property=\"article:modified_time\" content=\"2025-11-17T16:44:49+00:00\" \/>\n<meta property=\"og:image\" content=\"https:\/\/snowhouse.ca\/wp-content\/uploads\/2025\/07\/29687.png\" \/>\n\t<meta property=\"og:image:width\" content=\"280\" \/>\n\t<meta property=\"og:image:height\" content=\"240\" \/>\n\t<meta property=\"og:image:type\" content=\"image\/png\" \/>\n<meta name=\"twitter:card\" content=\"summary_large_image\" \/>\n<meta name=\"twitter:label1\" content=\"Estimation du temps de lecture\" \/>\n\t<meta name=\"twitter:data1\" content=\"2 minutes\" \/>\n<script type=\"application\/ld+json\" class=\"yoast-schema-graph\">{\"@context\":\"https:\/\/schema.org\",\"@graph\":[{\"@type\":\"WebPage\",\"@id\":\"https:\/\/snowhouse.ca\/product\/cameras-spectrographs\/ccd-cameras\/idus-420-ccd-platform\/\",\"url\":\"https:\/\/snowhouse.ca\/product\/cameras-spectrographs\/ccd-cameras\/idus-420-ccd-platform\/\",\"name\":\"iDus 420 CCD - SnowHouse\",\"isPartOf\":{\"@id\":\"https:\/\/snowhouse.ca\/#website\"},\"primaryImageOfPage\":{\"@id\":\"https:\/\/snowhouse.ca\/product\/cameras-spectrographs\/ccd-cameras\/idus-420-ccd-platform\/#primaryimage\"},\"image\":{\"@id\":\"https:\/\/snowhouse.ca\/product\/cameras-spectrographs\/ccd-cameras\/idus-420-ccd-platform\/#primaryimage\"},\"thumbnailUrl\":\"https:\/\/snowhouse.ca\/wp-content\/uploads\/2025\/07\/29687.png?wsr\",\"datePublished\":\"2025-07-23T01:41:05+00:00\",\"dateModified\":\"2025-11-17T16:44:49+00:00\",\"description\":\"Andor scientific iDus 420 CCD camera\u00a0\",\"breadcrumb\":{\"@id\":\"https:\/\/snowhouse.ca\/product\/cameras-spectrographs\/ccd-cameras\/idus-420-ccd-platform\/#breadcrumb\"},\"inLanguage\":\"fr-CA\",\"potentialAction\":[{\"@type\":\"ReadAction\",\"target\":[\"https:\/\/snowhouse.ca\/product\/cameras-spectrographs\/ccd-cameras\/idus-420-ccd-platform\/\"]}]},{\"@type\":\"ImageObject\",\"inLanguage\":\"fr-CA\",\"@id\":\"https:\/\/snowhouse.ca\/product\/cameras-spectrographs\/ccd-cameras\/idus-420-ccd-platform\/#primaryimage\",\"url\":\"https:\/\/snowhouse.ca\/wp-content\/uploads\/2025\/07\/29687.png?wsr\",\"contentUrl\":\"https:\/\/snowhouse.ca\/wp-content\/uploads\/2025\/07\/29687.png?wsr\",\"width\":280,\"height\":240},{\"@type\":\"BreadcrumbList\",\"@id\":\"https:\/\/snowhouse.ca\/product\/cameras-spectrographs\/ccd-cameras\/idus-420-ccd-platform\/#breadcrumb\",\"itemListElement\":[{\"@type\":\"ListItem\",\"position\":1,\"name\":\"Home\",\"item\":\"https:\/\/snowhouse.ca\/\"},{\"@type\":\"ListItem\",\"position\":2,\"name\":\"Products\",\"item\":\"https:\/\/snowhouse.ca\/products\/\"},{\"@type\":\"ListItem\",\"position\":3,\"name\":\"iDus 420 CCD\"}]},{\"@type\":\"WebSite\",\"@id\":\"https:\/\/snowhouse.ca\/#website\",\"url\":\"https:\/\/snowhouse.ca\/\",\"name\":\"SnowHouse\",\"description\":\"Trusted Scientific Instruments\",\"publisher\":{\"@id\":\"https:\/\/snowhouse.ca\/#organization\"},\"potentialAction\":[{\"@type\":\"SearchAction\",\"target\":{\"@type\":\"EntryPoint\",\"urlTemplate\":\"https:\/\/snowhouse.ca\/?s={search_term_string}\"},\"query-input\":{\"@type\":\"PropertyValueSpecification\",\"valueRequired\":true,\"valueName\":\"search_term_string\"}}],\"inLanguage\":\"fr-CA\"},{\"@type\":\"Organization\",\"@id\":\"https:\/\/snowhouse.ca\/#organization\",\"name\":\"Snowhouse inc.\",\"alternateName\":\"Snowhouse\",\"url\":\"https:\/\/snowhouse.ca\/\",\"logo\":{\"@type\":\"ImageObject\",\"inLanguage\":\"fr-CA\",\"@id\":\"https:\/\/snowhouse.ca\/#\/schema\/logo\/image\/\",\"url\":\"https:\/\/snowhouse.ca\/wp-content\/uploads\/2025\/07\/SnowHouse-Logo.png\",\"contentUrl\":\"https:\/\/snowhouse.ca\/wp-content\/uploads\/2025\/07\/SnowHouse-Logo.png\",\"width\":508,\"height\":136,\"caption\":\"Snowhouse inc.\"},\"image\":{\"@id\":\"https:\/\/snowhouse.ca\/#\/schema\/logo\/image\/\"}}]}<\/script>\n<!-- \/ Yoast SEO plugin. -->","yoast_head_json":{"title":"iDus 420 CCD - SnowHouse","description":"Cam\u00e9ra CCD scientifique iDus 420 Andor\u00a0","robots":{"index":"index","follow":"follow","max-snippet":"max-snippet:-1","max-image-preview":"max-image-preview:large","max-video-preview":"max-video-preview:-1"},"canonical":"https:\/\/snowhouse.ca\/fr\/product\/cameras-spectrographs\/ccd-cameras\/idus-420-ccd-platform\/","og_locale":"fr_CA","og_type":"article","og_title":"iDus 420 CCD - SnowHouse","og_description":"Andor scientific iDus 420 CCD camera\u00a0","og_url":"https:\/\/snowhouse.ca\/fr\/product\/cameras-spectrographs\/ccd-cameras\/idus-420-ccd-platform\/","og_site_name":"SnowHouse","article_modified_time":"2025-11-17T16:44:49+00:00","og_image":[{"width":280,"height":240,"url":"https:\/\/snowhouse.ca\/wp-content\/uploads\/2025\/07\/29687.png","type":"image\/png"}],"twitter_card":"summary_large_image","twitter_misc":{"Estimation du temps de lecture":"2 minutes"},"schema":{"@context":"https:\/\/schema.org","@graph":[{"@type":"WebPage","@id":"https:\/\/snowhouse.ca\/product\/cameras-spectrographs\/ccd-cameras\/idus-420-ccd-platform\/","url":"https:\/\/snowhouse.ca\/product\/cameras-spectrographs\/ccd-cameras\/idus-420-ccd-platform\/","name":"iDus 420 CCD - SnowHouse","isPartOf":{"@id":"https:\/\/snowhouse.ca\/#website"},"primaryImageOfPage":{"@id":"https:\/\/snowhouse.ca\/product\/cameras-spectrographs\/ccd-cameras\/idus-420-ccd-platform\/#primaryimage"},"image":{"@id":"https:\/\/snowhouse.ca\/product\/cameras-spectrographs\/ccd-cameras\/idus-420-ccd-platform\/#primaryimage"},"thumbnailUrl":"https:\/\/snowhouse.ca\/wp-content\/uploads\/2025\/07\/29687.png?wsr","datePublished":"2025-07-23T01:41:05+00:00","dateModified":"2025-11-17T16:44:49+00:00","description":"Cam\u00e9ra CCD scientifique iDus 420 Andor\u00a0","breadcrumb":{"@id":"https:\/\/snowhouse.ca\/product\/cameras-spectrographs\/ccd-cameras\/idus-420-ccd-platform\/#breadcrumb"},"inLanguage":"fr-CA","potentialAction":[{"@type":"ReadAction","target":["https:\/\/snowhouse.ca\/product\/cameras-spectrographs\/ccd-cameras\/idus-420-ccd-platform\/"]}]},{"@type":"ImageObject","inLanguage":"fr-CA","@id":"https:\/\/snowhouse.ca\/product\/cameras-spectrographs\/ccd-cameras\/idus-420-ccd-platform\/#primaryimage","url":"https:\/\/snowhouse.ca\/wp-content\/uploads\/2025\/07\/29687.png?wsr","contentUrl":"https:\/\/snowhouse.ca\/wp-content\/uploads\/2025\/07\/29687.png?wsr","width":280,"height":240},{"@type":"BreadcrumbList","@id":"https:\/\/snowhouse.ca\/product\/cameras-spectrographs\/ccd-cameras\/idus-420-ccd-platform\/#breadcrumb","itemListElement":[{"@type":"ListItem","position":1,"name":"Home","item":"https:\/\/snowhouse.ca\/"},{"@type":"ListItem","position":2,"name":"Products","item":"https:\/\/snowhouse.ca\/products\/"},{"@type":"ListItem","position":3,"name":"iDus 420 CCD"}]},{"@type":"WebSite","@id":"https:\/\/snowhouse.ca\/#website","url":"https:\/\/snowhouse.ca\/","name":"Maison de neige","description":"Instruments scientifiques de confiance","publisher":{"@id":"https:\/\/snowhouse.ca\/#organization"},"potentialAction":[{"@type":"SearchAction","target":{"@type":"EntryPoint","urlTemplate":"https:\/\/snowhouse.ca\/?s={search_term_string}"},"query-input":{"@type":"PropertyValueSpecification","valueRequired":true,"valueName":"search_term_string"}}],"inLanguage":"fr-CA"},{"@type":"Organization","@id":"https:\/\/snowhouse.ca\/#organization","name":"Snowhouse inc.","alternateName":"Snowhouse","url":"https:\/\/snowhouse.ca\/","logo":{"@type":"ImageObject","inLanguage":"fr-CA","@id":"https:\/\/snowhouse.ca\/#\/schema\/logo\/image\/","url":"https:\/\/snowhouse.ca\/wp-content\/uploads\/2025\/07\/SnowHouse-Logo.png","contentUrl":"https:\/\/snowhouse.ca\/wp-content\/uploads\/2025\/07\/SnowHouse-Logo.png","width":508,"height":136,"caption":"Snowhouse inc."},"image":{"@id":"https:\/\/snowhouse.ca\/#\/schema\/logo\/image\/"}}]}},"_links":{"self":[{"href":"http:\/\/snowhouse.ca\/fr\/wp-json\/wp\/v2\/product\/740","targetHints":{"allow":["GET"]}}],"collection":[{"href":"http:\/\/snowhouse.ca\/fr\/wp-json\/wp\/v2\/product"}],"about":[{"href":"http:\/\/snowhouse.ca\/fr\/wp-json\/wp\/v2\/types\/product"}],"wp:featuredmedia":[{"embeddable":true,"href":"http:\/\/snowhouse.ca\/fr\/wp-json\/wp\/v2\/media\/741"}],"wp:attachment":[{"href":"http:\/\/snowhouse.ca\/fr\/wp-json\/wp\/v2\/media?parent=740"}],"wp:term":[{"taxonomy":"product_brand","embeddable":true,"href":"http:\/\/snowhouse.ca\/fr\/wp-json\/wp\/v2\/product_brand?post=740"},{"taxonomy":"product_cat","embeddable":true,"href":"http:\/\/snowhouse.ca\/fr\/wp-json\/wp\/v2\/product_cat?post=740"},{"taxonomy":"product_tag","embeddable":true,"href":"http:\/\/snowhouse.ca\/fr\/wp-json\/wp\/v2\/product_tag?post=740"},{"taxonomy":"document","embeddable":true,"href":"http:\/\/snowhouse.ca\/fr\/wp-json\/wp\/v2\/document?post=740"}],"curies":[{"name":"wp","href":"https:\/\/api.w.org\/{rel}","templated":true}]}}