{"id":746,"date":"2025-07-23T01:41:05","date_gmt":"2025-07-23T01:41:05","guid":{"rendered":"https:\/\/snowhouse.ca\/produit\/istar-320t-intensified-ccd\/"},"modified":"2025-11-17T16:44:17","modified_gmt":"2025-11-17T16:44:17","slug":"istar-320t-intensified-ccd","status":"publish","type":"product","link":"http:\/\/snowhouse.ca\/fr\/produit\/cameras-spectrographs\/intensified-and-gated-cameras\/istar-320t-intensified-ccd\/","title":{"rendered":"CCD intensifi\u00e9 iStar 320T"},"content":{"rendered":"<h3><u><strong>iStar 320 CCD intensifi\u00e9<\/strong><\/u><\/h3>\n<p>La s\u00e9rie de cam\u00e9ras CCD intensifi\u00e9es iStar DH320T de Andor est con\u00e7ue pour offrir la solution de d\u00e9tection int\u00e9gr\u00e9e ultime pour la spectroscopie r\u00e9solue en temps \u00e0 haute r\u00e9solution et \u00e0 l&#039;\u00e9chelle de la nanoseconde.<\/p>\n<p>Le format 4:1 est parfaitement adapt\u00e9 \u00e0 une utilisation avec la s\u00e9rie de spectrographes Czerny-Turner Shamrock de Andor et leurs accessoires. Il offre une lecture multi-MHz pour l&#039;acquisition de plus de 322 spectres\/s (plus de 2\u00a0900 en mode recadrage), ainsi qu&#039;une connectivit\u00e9 USB 2.0 compatible avec les ordinateurs portables et un g\u00e9n\u00e9rateur de d\u00e9lai num\u00e9rique (DDG\u2122) enti\u00e8rement int\u00e9gr\u00e9 et pilot\u00e9 par logiciel. Ceci permet une int\u00e9gration ais\u00e9e d&#039;exp\u00e9riences complexes d&#039;une simple pression sur un bouton, avec un contr\u00f4le total du gain et de la synchronisation via une interface interactive unique.<\/p>\n<h3><strong>Caract\u00e9ristiques<\/strong><\/h3>\n<p><b>Capteurs haute r\u00e9solution et intensificateurs d&#039;image<\/b>\u00a0\u2013 Images et d\u00e9finition spectrale optimales, facteur de remplissage 100% pour une efficacit\u00e9 de collecte du signal maximale.<\/p>\n<p><b>D\u00e9clenchement optique r\u00e9el &lt; 2 ns<\/b>\u00a0\u2013 R\u00e9solution temporelle au milliardi\u00e8me de seconde pour une \u00e9tude pr\u00e9cise des ph\u00e9nom\u00e8nes transitoires<\/p>\n<p><b>Plateforme de lecture 5 MHz<\/b>\u00a0\u2013 Fr\u00e9quences d&#039;acquisition et de balayage spectral \u00e9lev\u00e9es pour une caract\u00e9risation sup\u00e9rieure des ph\u00e9nom\u00e8nes dynamiques. Amplificateur de lecture unique pour une uniformit\u00e9 optimale de la num\u00e9risation d&#039;image.<\/p>\n<p><b>Options de lecture ultra-rapide\u00a0: mode Recadrage et mode Cin\u00e9tique rapide<\/b>\u00a0\u2013 S\u00e9quences de regroupement enti\u00e8rement personnalisables pour des d\u00e9bits spectraux et d&#039;images optimaux. D\u00e9bits continus sup\u00e9rieurs \u00e0 6\u00a0667 spectres\/s, jusqu&#039;\u00e0 55\u00a0250 spectres\/s en mode rafale.<\/p>\n<p><b>Intensificateurs d&#039;image \u00e0 haut QE de 2e et 3e g\u00e9n\u00e9ration<\/b>\u00a0\u2013 Capture de photons sup\u00e9rieure, avec un QE maximal jusqu&#039;\u00e0 50% et une couverture spectrale de 120 \u00e0 1 100 nm.<\/p>\n<p><b>G\u00e9n\u00e9rateur de d\u00e9lai num\u00e9rique int\u00e9gr\u00e9 \u00e0 faible gigue (DDG\u2122)<\/b>\u00a0\u2013 Pr\u00e9cision de synchronisation maximale avec d\u00e9lai de propagation minimal. Trois sorties de d\u00e9clenchement contr\u00f4l\u00e9es par logiciel avec une pr\u00e9cision d&#039;\u00e9tablissement de 10 ps pour l&#039;int\u00e9gration d&#039;exp\u00e9riences complexes.<\/p>\n<p><b>d\u00e9clenchement soutenu de la photocathode \u00e0 500 kHz<\/b>\u00a0\u2013 Optimise le rapport signal\/bruit dans les applications laser \u00e0 haute fr\u00e9quence de r\u00e9p\u00e9tition<\/p>\n<p><b>Refroidissement thermo\u00e9lectrique jusqu&#039;\u00e0 -40 \u00b0C<\/b>\u00a0\u2013 Minimisation efficace du courant d&#039;obscurit\u00e9 du CCD et des d\u00e9fauts des pixels.<\/p>\n<p><b>minimisation de l&#039;EBI de la photocathode<\/b>\u00a0\u2013 Interface de purge de gaz sec pour une r\u00e9duction encore plus efficace de l&#039;EBI.<\/p>\n<p><b>IntelliGate\u2122<\/b>\u00a0\u2013 Un syst\u00e8me de d\u00e9clenchement MCP intelligent et pr\u00e9cis pour une efficacit\u00e9 d&#039;obturation sup\u00e9rieure \u00e0 1:108 dans l&#039;UV.<\/p>\n<p>&nbsp;<\/p>","protected":false},"excerpt":{"rendered":"<p>Pixels actifs\u00a0: 690\u00a0\u00d7\u00a0255 ou 960\u00a0\u00d7\u00a0255 \u2013 Taille des pixels\u00a0: 26\u00a0\u00b5m<\/p>","protected":false},"featured_media":747,"template":"","meta":[],"product_brand":[551],"product_cat":[79],"product_tag":[],"document":[],"class_list":{"0":"post-746","1":"product","2":"type-product","3":"status-publish","4":"has-post-thumbnail","6":"product_brand-andor","7":"product_cat-intensified-and-gated-cameras","9":"first","10":"instock","11":"purchasable","12":"product-type-simple"},"yoast_head":"<!-- This site is optimized with the Yoast SEO plugin v26.8 - https:\/\/yoast.com\/product\/yoast-seo-wordpress\/ -->\n<title>iStar 320T Intensified CCD - SnowHouse<\/title>\n<meta name=\"robots\" content=\"index, follow, max-snippet:-1, max-image-preview:large, max-video-preview:-1\" \/>\n<link rel=\"canonical\" href=\"https:\/\/snowhouse.ca\/fr\/product\/cameras-spectrographs\/intensified-and-gated-cameras\/istar-320t-intensified-ccd\/\" \/>\n<meta property=\"og:locale\" content=\"fr_CA\" \/>\n<meta property=\"og:type\" content=\"article\" \/>\n<meta property=\"og:title\" content=\"iStar 320T Intensified CCD - SnowHouse\" \/>\n<meta property=\"og:description\" content=\"Active Pixels : 690 x 255 or 960 x 255 - Pixel size: 26 um\" \/>\n<meta property=\"og:url\" content=\"https:\/\/snowhouse.ca\/fr\/product\/cameras-spectrographs\/intensified-and-gated-cameras\/istar-320t-intensified-ccd\/\" \/>\n<meta property=\"og:site_name\" content=\"SnowHouse\" \/>\n<meta property=\"article:modified_time\" content=\"2025-11-17T16:44:17+00:00\" \/>\n<meta property=\"og:image\" content=\"https:\/\/snowhouse.ca\/wp-content\/uploads\/2025\/07\/29681.png\" \/>\n\t<meta property=\"og:image:width\" content=\"280\" \/>\n\t<meta property=\"og:image:height\" content=\"240\" \/>\n\t<meta property=\"og:image:type\" content=\"image\/png\" \/>\n<meta name=\"twitter:card\" content=\"summary_large_image\" \/>\n<meta name=\"twitter:label1\" content=\"Estimation du temps de lecture\" \/>\n\t<meta name=\"twitter:data1\" content=\"2 minutes\" \/>\n<script type=\"application\/ld+json\" class=\"yoast-schema-graph\">{\"@context\":\"https:\/\/schema.org\",\"@graph\":[{\"@type\":\"WebPage\",\"@id\":\"https:\/\/snowhouse.ca\/product\/cameras-spectrographs\/intensified-and-gated-cameras\/istar-320t-intensified-ccd\/\",\"url\":\"https:\/\/snowhouse.ca\/product\/cameras-spectrographs\/intensified-and-gated-cameras\/istar-320t-intensified-ccd\/\",\"name\":\"iStar 320T Intensified CCD - SnowHouse\",\"isPartOf\":{\"@id\":\"https:\/\/snowhouse.ca\/#website\"},\"primaryImageOfPage\":{\"@id\":\"https:\/\/snowhouse.ca\/product\/cameras-spectrographs\/intensified-and-gated-cameras\/istar-320t-intensified-ccd\/#primaryimage\"},\"image\":{\"@id\":\"https:\/\/snowhouse.ca\/product\/cameras-spectrographs\/intensified-and-gated-cameras\/istar-320t-intensified-ccd\/#primaryimage\"},\"thumbnailUrl\":\"https:\/\/snowhouse.ca\/wp-content\/uploads\/2025\/07\/29681.png?wsr\",\"datePublished\":\"2025-07-23T01:41:05+00:00\",\"dateModified\":\"2025-11-17T16:44:17+00:00\",\"breadcrumb\":{\"@id\":\"https:\/\/snowhouse.ca\/product\/cameras-spectrographs\/intensified-and-gated-cameras\/istar-320t-intensified-ccd\/#breadcrumb\"},\"inLanguage\":\"fr-CA\",\"potentialAction\":[{\"@type\":\"ReadAction\",\"target\":[\"https:\/\/snowhouse.ca\/product\/cameras-spectrographs\/intensified-and-gated-cameras\/istar-320t-intensified-ccd\/\"]}]},{\"@type\":\"ImageObject\",\"inLanguage\":\"fr-CA\",\"@id\":\"https:\/\/snowhouse.ca\/product\/cameras-spectrographs\/intensified-and-gated-cameras\/istar-320t-intensified-ccd\/#primaryimage\",\"url\":\"https:\/\/snowhouse.ca\/wp-content\/uploads\/2025\/07\/29681.png?wsr\",\"contentUrl\":\"https:\/\/snowhouse.ca\/wp-content\/uploads\/2025\/07\/29681.png?wsr\",\"width\":280,\"height\":240},{\"@type\":\"BreadcrumbList\",\"@id\":\"https:\/\/snowhouse.ca\/product\/cameras-spectrographs\/intensified-and-gated-cameras\/istar-320t-intensified-ccd\/#breadcrumb\",\"itemListElement\":[{\"@type\":\"ListItem\",\"position\":1,\"name\":\"Home\",\"item\":\"https:\/\/snowhouse.ca\/\"},{\"@type\":\"ListItem\",\"position\":2,\"name\":\"Products\",\"item\":\"https:\/\/snowhouse.ca\/products\/\"},{\"@type\":\"ListItem\",\"position\":3,\"name\":\"iStar 320T Intensified CCD\"}]},{\"@type\":\"WebSite\",\"@id\":\"https:\/\/snowhouse.ca\/#website\",\"url\":\"https:\/\/snowhouse.ca\/\",\"name\":\"SnowHouse\",\"description\":\"Trusted Scientific Instruments\",\"publisher\":{\"@id\":\"https:\/\/snowhouse.ca\/#organization\"},\"potentialAction\":[{\"@type\":\"SearchAction\",\"target\":{\"@type\":\"EntryPoint\",\"urlTemplate\":\"https:\/\/snowhouse.ca\/?s={search_term_string}\"},\"query-input\":{\"@type\":\"PropertyValueSpecification\",\"valueRequired\":true,\"valueName\":\"search_term_string\"}}],\"inLanguage\":\"fr-CA\"},{\"@type\":\"Organization\",\"@id\":\"https:\/\/snowhouse.ca\/#organization\",\"name\":\"Snowhouse inc.\",\"alternateName\":\"Snowhouse\",\"url\":\"https:\/\/snowhouse.ca\/\",\"logo\":{\"@type\":\"ImageObject\",\"inLanguage\":\"fr-CA\",\"@id\":\"https:\/\/snowhouse.ca\/#\/schema\/logo\/image\/\",\"url\":\"https:\/\/snowhouse.ca\/wp-content\/uploads\/2025\/07\/SnowHouse-Logo.png\",\"contentUrl\":\"https:\/\/snowhouse.ca\/wp-content\/uploads\/2025\/07\/SnowHouse-Logo.png\",\"width\":508,\"height\":136,\"caption\":\"Snowhouse inc.\"},\"image\":{\"@id\":\"https:\/\/snowhouse.ca\/#\/schema\/logo\/image\/\"}}]}<\/script>\n<!-- \/ Yoast SEO plugin. -->","yoast_head_json":{"title":"iStar 320T Intensified CCD - SnowHouse","robots":{"index":"index","follow":"follow","max-snippet":"max-snippet:-1","max-image-preview":"max-image-preview:large","max-video-preview":"max-video-preview:-1"},"canonical":"https:\/\/snowhouse.ca\/fr\/product\/cameras-spectrographs\/intensified-and-gated-cameras\/istar-320t-intensified-ccd\/","og_locale":"fr_CA","og_type":"article","og_title":"iStar 320T Intensified CCD - SnowHouse","og_description":"Active Pixels : 690 x 255 or 960 x 255 - Pixel size: 26 um","og_url":"https:\/\/snowhouse.ca\/fr\/product\/cameras-spectrographs\/intensified-and-gated-cameras\/istar-320t-intensified-ccd\/","og_site_name":"SnowHouse","article_modified_time":"2025-11-17T16:44:17+00:00","og_image":[{"width":280,"height":240,"url":"https:\/\/snowhouse.ca\/wp-content\/uploads\/2025\/07\/29681.png","type":"image\/png"}],"twitter_card":"summary_large_image","twitter_misc":{"Estimation du temps de lecture":"2 minutes"},"schema":{"@context":"https:\/\/schema.org","@graph":[{"@type":"WebPage","@id":"https:\/\/snowhouse.ca\/product\/cameras-spectrographs\/intensified-and-gated-cameras\/istar-320t-intensified-ccd\/","url":"https:\/\/snowhouse.ca\/product\/cameras-spectrographs\/intensified-and-gated-cameras\/istar-320t-intensified-ccd\/","name":"iStar 320T Intensified CCD - SnowHouse","isPartOf":{"@id":"https:\/\/snowhouse.ca\/#website"},"primaryImageOfPage":{"@id":"https:\/\/snowhouse.ca\/product\/cameras-spectrographs\/intensified-and-gated-cameras\/istar-320t-intensified-ccd\/#primaryimage"},"image":{"@id":"https:\/\/snowhouse.ca\/product\/cameras-spectrographs\/intensified-and-gated-cameras\/istar-320t-intensified-ccd\/#primaryimage"},"thumbnailUrl":"https:\/\/snowhouse.ca\/wp-content\/uploads\/2025\/07\/29681.png?wsr","datePublished":"2025-07-23T01:41:05+00:00","dateModified":"2025-11-17T16:44:17+00:00","breadcrumb":{"@id":"https:\/\/snowhouse.ca\/product\/cameras-spectrographs\/intensified-and-gated-cameras\/istar-320t-intensified-ccd\/#breadcrumb"},"inLanguage":"fr-CA","potentialAction":[{"@type":"ReadAction","target":["https:\/\/snowhouse.ca\/product\/cameras-spectrographs\/intensified-and-gated-cameras\/istar-320t-intensified-ccd\/"]}]},{"@type":"ImageObject","inLanguage":"fr-CA","@id":"https:\/\/snowhouse.ca\/product\/cameras-spectrographs\/intensified-and-gated-cameras\/istar-320t-intensified-ccd\/#primaryimage","url":"https:\/\/snowhouse.ca\/wp-content\/uploads\/2025\/07\/29681.png?wsr","contentUrl":"https:\/\/snowhouse.ca\/wp-content\/uploads\/2025\/07\/29681.png?wsr","width":280,"height":240},{"@type":"BreadcrumbList","@id":"https:\/\/snowhouse.ca\/product\/cameras-spectrographs\/intensified-and-gated-cameras\/istar-320t-intensified-ccd\/#breadcrumb","itemListElement":[{"@type":"ListItem","position":1,"name":"Home","item":"https:\/\/snowhouse.ca\/"},{"@type":"ListItem","position":2,"name":"Products","item":"https:\/\/snowhouse.ca\/products\/"},{"@type":"ListItem","position":3,"name":"iStar 320T Intensified CCD"}]},{"@type":"WebSite","@id":"https:\/\/snowhouse.ca\/#website","url":"https:\/\/snowhouse.ca\/","name":"Maison de neige","description":"Instruments scientifiques de confiance","publisher":{"@id":"https:\/\/snowhouse.ca\/#organization"},"potentialAction":[{"@type":"SearchAction","target":{"@type":"EntryPoint","urlTemplate":"https:\/\/snowhouse.ca\/?s={search_term_string}"},"query-input":{"@type":"PropertyValueSpecification","valueRequired":true,"valueName":"search_term_string"}}],"inLanguage":"fr-CA"},{"@type":"Organization","@id":"https:\/\/snowhouse.ca\/#organization","name":"Snowhouse inc.","alternateName":"Snowhouse","url":"https:\/\/snowhouse.ca\/","logo":{"@type":"ImageObject","inLanguage":"fr-CA","@id":"https:\/\/snowhouse.ca\/#\/schema\/logo\/image\/","url":"https:\/\/snowhouse.ca\/wp-content\/uploads\/2025\/07\/SnowHouse-Logo.png","contentUrl":"https:\/\/snowhouse.ca\/wp-content\/uploads\/2025\/07\/SnowHouse-Logo.png","width":508,"height":136,"caption":"Snowhouse inc."},"image":{"@id":"https:\/\/snowhouse.ca\/#\/schema\/logo\/image\/"}}]}},"_links":{"self":[{"href":"http:\/\/snowhouse.ca\/fr\/wp-json\/wp\/v2\/product\/746","targetHints":{"allow":["GET"]}}],"collection":[{"href":"http:\/\/snowhouse.ca\/fr\/wp-json\/wp\/v2\/product"}],"about":[{"href":"http:\/\/snowhouse.ca\/fr\/wp-json\/wp\/v2\/types\/product"}],"wp:featuredmedia":[{"embeddable":true,"href":"http:\/\/snowhouse.ca\/fr\/wp-json\/wp\/v2\/media\/747"}],"wp:attachment":[{"href":"http:\/\/snowhouse.ca\/fr\/wp-json\/wp\/v2\/media?parent=746"}],"wp:term":[{"taxonomy":"product_brand","embeddable":true,"href":"http:\/\/snowhouse.ca\/fr\/wp-json\/wp\/v2\/product_brand?post=746"},{"taxonomy":"product_cat","embeddable":true,"href":"http:\/\/snowhouse.ca\/fr\/wp-json\/wp\/v2\/product_cat?post=746"},{"taxonomy":"product_tag","embeddable":true,"href":"http:\/\/snowhouse.ca\/fr\/wp-json\/wp\/v2\/product_tag?post=746"},{"taxonomy":"document","embeddable":true,"href":"http:\/\/snowhouse.ca\/fr\/wp-json\/wp\/v2\/document?post=746"}],"curies":[{"name":"wp","href":"https:\/\/api.w.org\/{rel}","templated":true}]}}