{"id":753,"date":"2025-07-23T01:41:05","date_gmt":"2025-07-23T01:41:05","guid":{"rendered":"https:\/\/snowhouse.ca\/produit\/3-kymera-328i-imaging-spectrograph\/"},"modified":"2025-11-14T19:54:57","modified_gmt":"2025-11-14T19:54:57","slug":"3-kymera-328i-imaging-spectrograph","status":"publish","type":"product","link":"http:\/\/snowhouse.ca\/fr\/produit\/cameras-spectrographs\/spectrograph-solutions\/3-kymera-328i-imaging-spectrograph\/","title":{"rendered":"Spectrographe Kymera 328i"},"content":{"rendered":"<h3><strong>Kymera 328i \u2013 Solutions de spectrographie de l&#039;UV au SWIR<\/strong><\/h3>\n<p>Haut\u00a0<strong>r\u00e9solution<\/strong>, haut\u00a0<strong>d\u00e9bit<\/strong>, haut\u00a0<strong>modularit\u00e9<\/strong>, facilit\u00e9 d&#039;utilisation depuis le\u00a0<strong>UV<\/strong>\u00a0au\u00a0<strong>NIR<\/strong>\u00a0et\u00a0<strong>SWIR<\/strong>.<\/p>\n<p>&nbsp;<\/p>\n<h3>Caract\u00e9ristiques<\/h3>\n<p><b>focale de 328 mm, ouverture de f\/4,1<\/b>\u00a0\u2013 Combinaison id\u00e9ale pour une large gamme d&#039;applications, allant de la spectroscopie de luminescence\/photoluminescence \u00e0 la spectroscopie Raman \u00e0 plus haute r\u00e9solution et aux \u00e9tudes de plasma.<\/p>\n<p><b>Mise au point adaptative (brevet\u00e9e)<\/b>\u00a0\u2013 Interface intelligente et conviviale pour des performances de r\u00e9solution spectrale sans compromis<\/p>\n<p><b>TruRes\u2122<\/b>\u00a0\u2013 Option intuitive, rapide et enti\u00e8rement contr\u00f4l\u00e9e par l&#039;utilisateur pour une am\u00e9lioration de la r\u00e9solution spectrale sup\u00e9rieure \u00e0 celle du 30%, d&#039;une simple pression sur un bouton. Am\u00e9liorez le pouvoir de discrimination de votre spectrographe sans changement fastidieux de r\u00e9seau ou de tourelle porte-r\u00e9seau.<\/p>\n<p><b>Tourelle \u00e0 quatre grilles avec technologie RFID<\/b>\u00a0\u2013 Mise \u00e0 niveau simplifi\u00e9e sur site gr\u00e2ce \u00e0 une interface d&#039;indexation pr\u00e9cise et un acc\u00e8s facile par trappe. Reconnaissance automatique des grilles gr\u00e2ce aux \u00e9tiquettes RFID int\u00e9gr\u00e9es \u2013 intervention minimale de l&#039;utilisateur. R\u00e9solution maximale et flexibilit\u00e9 de bande passante d&#039;une simple pression sur un bouton.<\/p>\n<p><b>Conception optique corrig\u00e9e de l&#039;astigmatisme<\/b>\u00a0\u2013 L\u2019optique toro\u00efdale permet la d\u00e9tection multi-pistes de fibres et une excellente transmission de l\u2019image de l\u2019\u00e9chantillon depuis un microscope \u00e0 l\u2019ordre \u00ab\u00a00\u00a0\u00bb du r\u00e9seau.<\/p>\n<p><b>Commande de longueur d&#039;onde robuste sur l&#039;axe<\/b>\u00a0\u2013 L\u2019entra\u00eenement direct de haute pr\u00e9cision offre une superbe r\u00e9p\u00e9tabilit\u00e9 de la longueur d\u2019onde centrale d\u2019un seul r\u00e9seau et d\u2019un r\u00e9seau \u00e0 l\u2019autre jusqu\u2019\u00e0 4 et 10 pm respectivement.<\/p>\n<p><b>Sorties de d\u00e9tection doubles<\/b>\u00a0\u2013 Couverture spectrale \u00e9tendue gr\u00e2ce \u00e0 la combinaison de cam\u00e9ras CCD UV-NIR Andor, EMCCD, ICCD et InGaAs. Option de fente pour le fonctionnement en monochromateur.<\/p>\n<p><b>Deux ports d&#039;entr\u00e9e<\/b>\u00a0\u2013 Plus grande flexibilit\u00e9 de configuration pour les syst\u00e8mes optiques complexes et multimodaux.<\/p>\n<p><b>interface USB<\/b>\u00a0\u2013 Connectivit\u00e9 plug-and-play, id\u00e9ale pour une utilisation avec un ordinateur portable et des cam\u00e9ras USB Andor.<\/p>\n<p><b>Connexion transparente aux microscopes<\/b>\u00a0\u2013 Pieds \u00e0 hauteur r\u00e9glable et choix d&#039;interfaces directes, \u00e0 relais de lentille ou \u00e0 cage. Fente d&#039;entr\u00e9e \u00e0 large ouverture de 15 mm pour un relais d&#039;image d&#039;\u00e9chantillon \u00e9tendu et une analyse spectrale par le m\u00eame trajet optique.<\/p>\n<p><b>Options d&#039;optiques \u00e0 rev\u00eatement argent\u00e9 prot\u00e9g\u00e9<\/b>\u00a0\u2013 Plus efficace pour la d\u00e9tection NIR\/SWIR lorsqu&#039;il est utilis\u00e9 conjointement avec\u00a0<a href=\"https:\/\/andor.oxinst.com\/products\/cameras-for-uv-to-nir-and-swir-spectroscopy\">Cam\u00e9ras InGaAs Andor<\/a><\/p>\n<p><b>Instrument pr\u00e9-align\u00e9 et pr\u00e9-calibr\u00e9<\/b>\u00a0\u2013 Syst\u00e8mes spectrographe-d\u00e9tecteur caract\u00e9ris\u00e9s individuellement pour une utilisation imm\u00e9diate<\/p>\n<p><b>obturateur \u00e0 haute fr\u00e9quence de r\u00e9p\u00e9tition<\/b>\u00a0\u2013 Fonctionnement continu \u00e0 10 Hz et mode rafale \u00e0 40 Hz pour une acquisition ultra-rapide<\/p>\n<p><b>Int\u00e9gration du logiciel \u00b5-Manager<\/b>\u00a0Contr\u00f4le simultan\u00e9 des cam\u00e9ras Andor, des spectrographes et d&#039;une large gamme de microscopes et d&#039;accessoires via une plateforme logicielle unique. Interface de gestion du spectre d\u00e9di\u00e9e et conviviale.<\/p>\n<p><b>capacit\u00e9s du monochromateur<\/b>\u00a0\u2013 Extraire la meilleure r\u00e9solution optique tout en permettant l&#039;utilisation de d\u00e9tecteurs \u00e0 point unique avec une sensibilit\u00e9 allant jusqu&#039;\u00e0 12 \u00b5m (solution bas\u00e9e sur le SDK LabVIEW uniquement)<\/p>","protected":false},"excerpt":{"rendered":"<p class=\"product-short-excerpt\">Distance focale de 328 mm, technologie de mise au point adaptative<\/p>","protected":false},"featured_media":2319,"template":"","meta":[],"product_brand":[551],"product_cat":[55],"product_tag":[],"document":[],"class_list":{"0":"post-753","1":"product","2":"type-product","3":"status-publish","4":"has-post-thumbnail","6":"product_brand-andor","7":"product_cat-spectrograph-solutions","9":"first","10":"instock","11":"purchasable","12":"product-type-simple"},"yoast_head":"<!-- This site is optimized with the Yoast SEO plugin v26.8 - https:\/\/yoast.com\/product\/yoast-seo-wordpress\/ -->\n<title>Kymera 328i Spectrograph - SnowHouse<\/title>\n<meta name=\"robots\" content=\"index, follow, max-snippet:-1, max-image-preview:large, max-video-preview:-1\" \/>\n<link rel=\"canonical\" href=\"https:\/\/snowhouse.ca\/fr\/product\/cameras-spectrographs\/spectrograph-solutions\/3-kymera-328i-imaging-spectrograph\/\" \/>\n<meta property=\"og:locale\" content=\"fr_CA\" \/>\n<meta property=\"og:type\" content=\"article\" \/>\n<meta property=\"og:title\" content=\"Kymera 328i Spectrograph - SnowHouse\" \/>\n<meta property=\"og:description\" content=\"328 mm focal length, Adaptive Focus technology\" \/>\n<meta property=\"og:url\" content=\"https:\/\/snowhouse.ca\/fr\/product\/cameras-spectrographs\/spectrograph-solutions\/3-kymera-328i-imaging-spectrograph\/\" \/>\n<meta property=\"og:site_name\" content=\"SnowHouse\" \/>\n<meta property=\"article:modified_time\" content=\"2025-11-14T19:54:57+00:00\" \/>\n<meta property=\"og:image\" content=\"https:\/\/snowhouse.ca\/wp-content\/uploads\/2025\/07\/Kymera-328i-scaled.png\" \/>\n\t<meta property=\"og:image:width\" content=\"2560\" \/>\n\t<meta property=\"og:image:height\" content=\"1589\" \/>\n\t<meta property=\"og:image:type\" content=\"image\/png\" \/>\n<meta name=\"twitter:card\" content=\"summary_large_image\" \/>\n<meta name=\"twitter:label1\" content=\"Estimation du temps de lecture\" \/>\n\t<meta name=\"twitter:data1\" content=\"2 minutes\" \/>\n<script type=\"application\/ld+json\" class=\"yoast-schema-graph\">{\"@context\":\"https:\/\/schema.org\",\"@graph\":[{\"@type\":\"WebPage\",\"@id\":\"https:\/\/snowhouse.ca\/product\/cameras-spectrographs\/spectrograph-solutions\/3-kymera-328i-imaging-spectrograph\/\",\"url\":\"https:\/\/snowhouse.ca\/product\/cameras-spectrographs\/spectrograph-solutions\/3-kymera-328i-imaging-spectrograph\/\",\"name\":\"Kymera 328i Spectrograph - SnowHouse\",\"isPartOf\":{\"@id\":\"https:\/\/snowhouse.ca\/#website\"},\"primaryImageOfPage\":{\"@id\":\"https:\/\/snowhouse.ca\/product\/cameras-spectrographs\/spectrograph-solutions\/3-kymera-328i-imaging-spectrograph\/#primaryimage\"},\"image\":{\"@id\":\"https:\/\/snowhouse.ca\/product\/cameras-spectrographs\/spectrograph-solutions\/3-kymera-328i-imaging-spectrograph\/#primaryimage\"},\"thumbnailUrl\":\"https:\/\/snowhouse.ca\/wp-content\/uploads\/2025\/07\/Kymera-328i-scaled.png?wsr\",\"datePublished\":\"2025-07-23T01:41:05+00:00\",\"dateModified\":\"2025-11-14T19:54:57+00:00\",\"breadcrumb\":{\"@id\":\"https:\/\/snowhouse.ca\/product\/cameras-spectrographs\/spectrograph-solutions\/3-kymera-328i-imaging-spectrograph\/#breadcrumb\"},\"inLanguage\":\"fr-CA\",\"potentialAction\":[{\"@type\":\"ReadAction\",\"target\":[\"https:\/\/snowhouse.ca\/product\/cameras-spectrographs\/spectrograph-solutions\/3-kymera-328i-imaging-spectrograph\/\"]}]},{\"@type\":\"ImageObject\",\"inLanguage\":\"fr-CA\",\"@id\":\"https:\/\/snowhouse.ca\/product\/cameras-spectrographs\/spectrograph-solutions\/3-kymera-328i-imaging-spectrograph\/#primaryimage\",\"url\":\"https:\/\/snowhouse.ca\/wp-content\/uploads\/2025\/07\/Kymera-328i-scaled.png?wsr\",\"contentUrl\":\"https:\/\/snowhouse.ca\/wp-content\/uploads\/2025\/07\/Kymera-328i-scaled.png?wsr\",\"width\":2560,\"height\":1589},{\"@type\":\"BreadcrumbList\",\"@id\":\"https:\/\/snowhouse.ca\/product\/cameras-spectrographs\/spectrograph-solutions\/3-kymera-328i-imaging-spectrograph\/#breadcrumb\",\"itemListElement\":[{\"@type\":\"ListItem\",\"position\":1,\"name\":\"Home\",\"item\":\"https:\/\/snowhouse.ca\/\"},{\"@type\":\"ListItem\",\"position\":2,\"name\":\"Products\",\"item\":\"https:\/\/snowhouse.ca\/products\/\"},{\"@type\":\"ListItem\",\"position\":3,\"name\":\"Kymera 328i Spectrograph\"}]},{\"@type\":\"WebSite\",\"@id\":\"https:\/\/snowhouse.ca\/#website\",\"url\":\"https:\/\/snowhouse.ca\/\",\"name\":\"SnowHouse\",\"description\":\"Trusted Scientific Instruments\",\"publisher\":{\"@id\":\"https:\/\/snowhouse.ca\/#organization\"},\"potentialAction\":[{\"@type\":\"SearchAction\",\"target\":{\"@type\":\"EntryPoint\",\"urlTemplate\":\"https:\/\/snowhouse.ca\/?s={search_term_string}\"},\"query-input\":{\"@type\":\"PropertyValueSpecification\",\"valueRequired\":true,\"valueName\":\"search_term_string\"}}],\"inLanguage\":\"fr-CA\"},{\"@type\":\"Organization\",\"@id\":\"https:\/\/snowhouse.ca\/#organization\",\"name\":\"Snowhouse inc.\",\"alternateName\":\"Snowhouse\",\"url\":\"https:\/\/snowhouse.ca\/\",\"logo\":{\"@type\":\"ImageObject\",\"inLanguage\":\"fr-CA\",\"@id\":\"https:\/\/snowhouse.ca\/#\/schema\/logo\/image\/\",\"url\":\"https:\/\/snowhouse.ca\/wp-content\/uploads\/2025\/07\/SnowHouse-Logo.png\",\"contentUrl\":\"https:\/\/snowhouse.ca\/wp-content\/uploads\/2025\/07\/SnowHouse-Logo.png\",\"width\":508,\"height\":136,\"caption\":\"Snowhouse inc.\"},\"image\":{\"@id\":\"https:\/\/snowhouse.ca\/#\/schema\/logo\/image\/\"}}]}<\/script>\n<!-- \/ Yoast SEO plugin. -->","yoast_head_json":{"title":"Kymera 328i Spectrograph - SnowHouse","robots":{"index":"index","follow":"follow","max-snippet":"max-snippet:-1","max-image-preview":"max-image-preview:large","max-video-preview":"max-video-preview:-1"},"canonical":"https:\/\/snowhouse.ca\/fr\/product\/cameras-spectrographs\/spectrograph-solutions\/3-kymera-328i-imaging-spectrograph\/","og_locale":"fr_CA","og_type":"article","og_title":"Kymera 328i Spectrograph - SnowHouse","og_description":"328 mm focal length, Adaptive Focus technology","og_url":"https:\/\/snowhouse.ca\/fr\/product\/cameras-spectrographs\/spectrograph-solutions\/3-kymera-328i-imaging-spectrograph\/","og_site_name":"SnowHouse","article_modified_time":"2025-11-14T19:54:57+00:00","og_image":[{"width":2560,"height":1589,"url":"https:\/\/snowhouse.ca\/wp-content\/uploads\/2025\/07\/Kymera-328i-scaled.png","type":"image\/png"}],"twitter_card":"summary_large_image","twitter_misc":{"Estimation du temps de lecture":"2 minutes"},"schema":{"@context":"https:\/\/schema.org","@graph":[{"@type":"WebPage","@id":"https:\/\/snowhouse.ca\/product\/cameras-spectrographs\/spectrograph-solutions\/3-kymera-328i-imaging-spectrograph\/","url":"https:\/\/snowhouse.ca\/product\/cameras-spectrographs\/spectrograph-solutions\/3-kymera-328i-imaging-spectrograph\/","name":"Kymera 328i Spectrograph - SnowHouse","isPartOf":{"@id":"https:\/\/snowhouse.ca\/#website"},"primaryImageOfPage":{"@id":"https:\/\/snowhouse.ca\/product\/cameras-spectrographs\/spectrograph-solutions\/3-kymera-328i-imaging-spectrograph\/#primaryimage"},"image":{"@id":"https:\/\/snowhouse.ca\/product\/cameras-spectrographs\/spectrograph-solutions\/3-kymera-328i-imaging-spectrograph\/#primaryimage"},"thumbnailUrl":"https:\/\/snowhouse.ca\/wp-content\/uploads\/2025\/07\/Kymera-328i-scaled.png?wsr","datePublished":"2025-07-23T01:41:05+00:00","dateModified":"2025-11-14T19:54:57+00:00","breadcrumb":{"@id":"https:\/\/snowhouse.ca\/product\/cameras-spectrographs\/spectrograph-solutions\/3-kymera-328i-imaging-spectrograph\/#breadcrumb"},"inLanguage":"fr-CA","potentialAction":[{"@type":"ReadAction","target":["https:\/\/snowhouse.ca\/product\/cameras-spectrographs\/spectrograph-solutions\/3-kymera-328i-imaging-spectrograph\/"]}]},{"@type":"ImageObject","inLanguage":"fr-CA","@id":"https:\/\/snowhouse.ca\/product\/cameras-spectrographs\/spectrograph-solutions\/3-kymera-328i-imaging-spectrograph\/#primaryimage","url":"https:\/\/snowhouse.ca\/wp-content\/uploads\/2025\/07\/Kymera-328i-scaled.png?wsr","contentUrl":"https:\/\/snowhouse.ca\/wp-content\/uploads\/2025\/07\/Kymera-328i-scaled.png?wsr","width":2560,"height":1589},{"@type":"BreadcrumbList","@id":"https:\/\/snowhouse.ca\/product\/cameras-spectrographs\/spectrograph-solutions\/3-kymera-328i-imaging-spectrograph\/#breadcrumb","itemListElement":[{"@type":"ListItem","position":1,"name":"Home","item":"https:\/\/snowhouse.ca\/"},{"@type":"ListItem","position":2,"name":"Products","item":"https:\/\/snowhouse.ca\/products\/"},{"@type":"ListItem","position":3,"name":"Kymera 328i Spectrograph"}]},{"@type":"WebSite","@id":"https:\/\/snowhouse.ca\/#website","url":"https:\/\/snowhouse.ca\/","name":"Maison de neige","description":"Instruments scientifiques de confiance","publisher":{"@id":"https:\/\/snowhouse.ca\/#organization"},"potentialAction":[{"@type":"SearchAction","target":{"@type":"EntryPoint","urlTemplate":"https:\/\/snowhouse.ca\/?s={search_term_string}"},"query-input":{"@type":"PropertyValueSpecification","valueRequired":true,"valueName":"search_term_string"}}],"inLanguage":"fr-CA"},{"@type":"Organization","@id":"https:\/\/snowhouse.ca\/#organization","name":"Snowhouse inc.","alternateName":"Snowhouse","url":"https:\/\/snowhouse.ca\/","logo":{"@type":"ImageObject","inLanguage":"fr-CA","@id":"https:\/\/snowhouse.ca\/#\/schema\/logo\/image\/","url":"https:\/\/snowhouse.ca\/wp-content\/uploads\/2025\/07\/SnowHouse-Logo.png","contentUrl":"https:\/\/snowhouse.ca\/wp-content\/uploads\/2025\/07\/SnowHouse-Logo.png","width":508,"height":136,"caption":"Snowhouse inc."},"image":{"@id":"https:\/\/snowhouse.ca\/#\/schema\/logo\/image\/"}}]}},"_links":{"self":[{"href":"http:\/\/snowhouse.ca\/fr\/wp-json\/wp\/v2\/product\/753","targetHints":{"allow":["GET"]}}],"collection":[{"href":"http:\/\/snowhouse.ca\/fr\/wp-json\/wp\/v2\/product"}],"about":[{"href":"http:\/\/snowhouse.ca\/fr\/wp-json\/wp\/v2\/types\/product"}],"wp:featuredmedia":[{"embeddable":true,"href":"http:\/\/snowhouse.ca\/fr\/wp-json\/wp\/v2\/media\/2319"}],"wp:attachment":[{"href":"http:\/\/snowhouse.ca\/fr\/wp-json\/wp\/v2\/media?parent=753"}],"wp:term":[{"taxonomy":"product_brand","embeddable":true,"href":"http:\/\/snowhouse.ca\/fr\/wp-json\/wp\/v2\/product_brand?post=753"},{"taxonomy":"product_cat","embeddable":true,"href":"http:\/\/snowhouse.ca\/fr\/wp-json\/wp\/v2\/product_cat?post=753"},{"taxonomy":"product_tag","embeddable":true,"href":"http:\/\/snowhouse.ca\/fr\/wp-json\/wp\/v2\/product_tag?post=753"},{"taxonomy":"document","embeddable":true,"href":"http:\/\/snowhouse.ca\/fr\/wp-json\/wp\/v2\/document?post=753"}],"curies":[{"name":"wp","href":"https:\/\/api.w.org\/{rel}","templated":true}]}}