{"id":2356,"date":"2025-10-16T15:54:25","date_gmt":"2025-10-16T15:54:25","guid":{"rendered":"https:\/\/snowhouse.ca\/?post_type=product&#038;p=2356"},"modified":"2026-04-22T16:17:58","modified_gmt":"2026-04-22T16:17:58","slug":"andor-cb2-scmos-series-by-first-light-imaging","status":"publish","type":"product","link":"https:\/\/snowhouse.ca\/fr\/produit\/cameras-spectrographs\/scmos-cameras\/andor-cb2-scmos-series-by-first-light-imaging\/","title":{"rendered":"S\u00e9rie Andor CB2 sCMOS"},"content":{"rendered":"<h3>S\u00e9rie Andor CB2 sCMOS<\/h3>\n<p>La cam\u00e9ra scientifique ultra-performante Andor CB2 int\u00e8gre des capteurs sCMOS Sony et est sp\u00e9cialement con\u00e7ue pour la recherche et les applications exigeant flexibilit\u00e9, rapidit\u00e9 et faible bruit. La s\u00e9rie CB2 offre une sensibilit\u00e9 spectrale de 200 \u00e0 1000 nm et des r\u00e9solutions de 0,5 \u00e0 24,5 m\u00e9gapixels. Son syst\u00e8me de refroidissement liquide interne permet l&#039;\u00e9tude de ph\u00e9nom\u00e8nes m\u00eame dans les conditions de tr\u00e8s faible luminosit\u00e9.<\/p>\n<p><strong>CARACT\u00c9RISTIQUES PRINCIPALES<\/strong><\/p>\n<ul>\n<li>1 plateforme, 3 options, 5 capteurs<\/li>\n<li>Large gamme de r\u00e9solutions\u00a0: de 0,5 \u00e0 24,5\u00a0MP<\/li>\n<li>Spectre large allant de l&#039;UV au visible<\/li>\n<li>Vitesse \u00e9lev\u00e9e jusqu&#039;\u00e0 1594 images par seconde<\/li>\n<li>Faible bruit et faible courant d&#039;obscurit\u00e9<\/li>\n<li>Obturateur global<\/li>\n<\/ul>\n<p>La s\u00e9rie Andor CB2 est une famille de cam\u00e9ras scientifiques CMOS ultra-performantes offrant une large gamme de r\u00e9solutions allant de 0,5 MP \u00e0 24,5 MP, con\u00e7ues pour offrir une vitesse exceptionnelle avec obturateur global, une fid\u00e9lit\u00e9 des d\u00e9tails \u00e9lev\u00e9e tout en pr\u00e9servant un faible bruit.<\/p>\n<p>La s\u00e9rie CB2 est flexible : elle se d\u00e9cline en trois versions et cinq mod\u00e8les, afin de couvrir le plus large \u00e9ventail d&#039;applications dans la recherche et l&#039;industrie :<\/p>\n<ul>\n<li><strong>Andor CB2 Haute R\u00e9solution<\/strong>\u00a0\u2013 Dot\u00e9 d&#039;un capteur r\u00e9tro\u00e9clair\u00e9 de 24,5 MP pour des d\u00e9tails exceptionnels et des performances de longue exposition avec un regroupement 2\u00d72 sur la puce pour une acquisition encore plus rapide.<\/li>\n<li><strong>Andor CB2 Haute Vitesse<\/strong>\u00a0\u2013 Optimis\u00e9 pour des fr\u00e9quences d&#039;images rapides jusqu&#039;\u00e0 1594 images par seconde avec des r\u00e9solutions de 0,5 \u00e0 7,1 MP, parfait pour les exp\u00e9riences exigeant une grande rapidit\u00e9.<\/li>\n<li><strong>Andor CB2 UV<\/strong>\u00a0\u2013 Sp\u00e9cialement optimis\u00e9 pour l&#039;imagerie ultraviolette (200\u2013400 nm), avec une efficacit\u00e9 quantique sup\u00e9rieure \u00e0 celle du 50% \u00e0 300 nm et des fr\u00e9quences d&#039;images \u00e9lev\u00e9es jusqu&#039;\u00e0 194 images par seconde.<\/li>\n<\/ul>\n<p>D\u00e9couvrez la s\u00e9rie Andor CB2 en un coup d&#039;\u0153il\u00a0:<\/p>\n<div class=\"table-responsive\">\n<table class=\"striped-table modal-table text-center\">\n<tbody>\n<tr>\n<td><strong>Andor CB2 Haute r\u00e9solution<\/strong><\/td>\n<td><strong>Andor CB2 Haute vitesse<\/strong><\/td>\n<td><strong>Andor CB2 UV<\/strong><\/td>\n<\/tr>\n<tr>\n<td>400 \u2013 1000 nm<\/td>\n<td>400 \u2013 1000 nm<\/td>\n<td>200 \u2013 1000 nm<\/td>\n<\/tr>\n<tr>\n<td>24,5 MP<\/td>\n<td>7,1 \/ 1,7 \/ 0,5 MP<\/td>\n<td>8,1 MP<\/td>\n<\/tr>\n<tr>\n<td>R\u00e9tro\u00e9clairage<\/td>\n<td>\u00c9clairage frontal<\/td>\n<td>R\u00e9tro\u00e9clair\u00e9 et optimis\u00e9 pour les UV<\/td>\n<\/tr>\n<tr>\n<td>2,74 \u00b5m<br \/>\n5,8 \u00b5m avec un regroupement sur puce 2\u00d72<br \/>\njusqu&#039;\u00e0 106 FPS<\/td>\n<td>9 \u00b5m (CB2 0,5F et CB2 1,7F)<br \/>\n4,5 \u00b5m (CB2 7,1F)<br \/>\njusqu&#039;\u00e0 1594 FPS<\/td>\n<td>2,74 \u00b5m<br \/>\n5,48 \u00b5m avec un regroupement sur puce 2\u00d72<br \/>\njusqu&#039;\u00e0 194 FPS<\/td>\n<\/tr>\n<tr>\n<td>Obturateur global<\/td>\n<td>Obturateur global<\/td>\n<td>Obturateur global<\/td>\n<\/tr>\n<tr>\n<td>1,40 e- RON<\/td>\n<td>1,40 e- \/ 2,60 e- \/ 2,60 e-RON<\/td>\n<td>1,60 e-RON (m\u00e9diane)<\/td>\n<\/tr>\n<tr>\n<td>sCMOS \u00e0 courant d&#039;obscurit\u00e9 ultra-faible<\/td>\n<td>sCMOS \u00e0 faible courant d&#039;obscurit\u00e9<\/td>\n<td>sCMOS \u00e0 courant d&#039;obscurit\u00e9 ultra-faible<\/td>\n<\/tr>\n<tr>\n<td>Refroidissement \u00e0 -40 \u00b0C<\/td>\n<td>Refroidissement \u00e0 -40 \u00b0C<\/td>\n<td>Refroidissement \u00e0 -40 \u00b0C<\/td>\n<\/tr>\n<\/tbody>\n<\/table>\n<p>&nbsp;<\/p>\n<h3><strong>Caract\u00e9ristiques communes de la s\u00e9rie Andor CB2<\/strong><\/h3>\n<p><b>sCMOS \u00e0 faible courant d&#039;obscurit\u00e9<\/b>\u00a0Le CB2 utilise un refroidissement du capteur jusqu&#039;\u00e0 -20 \u00b0C pour minimiser le courant d&#039;obscurit\u00e9. Associ\u00e9 \u00e0 une faible dissipation thermique de l&#039;amplificateur gr\u00e2ce \u00e0 sa conception \u00e0 puces empil\u00e9es, il permet des temps d&#039;exposition plus longs, jusqu&#039;\u00e0 plusieurs minutes. Ceci \u00e9largit la flexibilit\u00e9 d&#039;application de ce mod\u00e8le, le rendant id\u00e9al pour les mesures de luminescence \u00e0 longue exposition et l&#039;astrophotom\u00e9trie.<\/p>\n<p><b>Vitesses de lecture s\u00e9lectionnables<\/b>\u00a0\u2013 Modes 8 bits, 10 bits, 12 bits et 14 bits (HDR) ou 16 bits (HDR)\u00a0: compromis entre la fr\u00e9quence d\u2019images et la plage dynamique. Le mode HDR permet de capturer l\u2019int\u00e9gralit\u00e9 des informations de l\u2019image sur une tr\u00e8s grande profondeur de pixels.<\/p>\n<p><b>Gestion de la temp\u00e9rature<\/b>\u00a0Le refroidissement par air assure un refroidissement efficace jusqu&#039;\u00e0 -5 \u00b0C pour la plupart des applications. Le refroidissement liquide permet d&#039;atteindre des temp\u00e9ratures jusqu&#039;\u00e0 -40 \u00b0C, garantissant ainsi le courant d&#039;obscurit\u00e9 le plus faible possible lors des expositions prolong\u00e9es. Le ventilateur peut \u00eatre enti\u00e8rement d\u00e9sactiv\u00e9 pour les applications sensibles aux vibrations, telles que l&#039;\u00e9lectrophysiologie.<\/p>\n<p><b>Qualifi\u00e9 basse temp\u00e9rature<\/b>\u00a0\u2013 La s\u00e9rie CB2 a \u00e9t\u00e9 qualifi\u00e9e pour fonctionner jusqu&#039;\u00e0 une temp\u00e9rature ambiante de -40 \u00b0C, id\u00e9ale pour l&#039;observation dans des environnements difficiles de haute altitude.<\/p>\n<p><b>Gain r\u00e9glable<\/b>\u00a0Les options par d\u00e9faut de s\u00e9lection de la sensibilit\u00e9 (\u00e9lev\u00e9e ou faible) permettent un r\u00e9glage ais\u00e9 de la sensibilit\u00e9 ou de la plage dynamique. De plus, les utilisateurs avanc\u00e9s peuvent affiner la sensibilit\u00e9 et la plage dynamique selon leurs besoins sp\u00e9cifiques gr\u00e2ce \u00e0 un gain d&#039;amplification analogique de 24 dB et un gain d&#039;amplification num\u00e9rique pouvant atteindre 48 dB.<\/p>\n<p><b>Architecture Global Shutter<\/b>\u00a0Gr\u00e2ce \u00e0 l&#039;int\u00e9gration d&#039;une architecture \u00e0 obturateur global, il est possible de capturer une image instantan\u00e9e offrant une pr\u00e9cision temporelle optimale sur l&#039;ensemble du champ de vision. Ceci permet d&#039;\u00e9viter les distorsions temporelles rencontr\u00e9es lors de l&#039;imagerie de processus dynamiques avec les capteurs sCMOS \u00e0 obturateur roulant plus courants.<\/p>\n<p><b>Multi-fen\u00eatrage et r\u00e9gion d&#039;int\u00e9r\u00eat (ROI)<\/b>\u00a0\u2013 Les zones d&#039;int\u00e9r\u00eat s\u00e9lectionnables par l&#039;utilisateur permettent un fonctionnement du capteur recadr\u00e9 pour augmenter les fr\u00e9quences d&#039;images, tandis que plusieurs zones d&#039;int\u00e9r\u00eat peuvent \u00e9galement \u00eatre d\u00e9finies, ce qui am\u00e9liore les possibilit\u00e9s d&#039;application.<\/p>\n<p><b>Conception compacte<\/b>\u00a0La s\u00e9rie CB2 int\u00e8gre un capteur grand format, un refroidissement thermo\u00e9lectrique et liquide, ainsi que de multiples options de connectivit\u00e9, le tout dans un format compact, minimisant ainsi l&#039;encombrement de la cam\u00e9ra. Ses dimensions sont de 183,7 mm (CXP) \u00e0 180,4 mm (GigE) x 93 x 77,5 mm (L x l x H), pour un poids de 1,3 kg. Elle s&#039;int\u00e8gre ainsi facilement dans la plupart des syst\u00e8mes d&#039;imagerie et de d\u00e9tection.<\/p>\n<p><b>Options d&#039;interface de donn\u00e9es \u00e0 haut d\u00e9bit<\/b>\u00a0Le CB2 prend en charge un d\u00e9bit de donn\u00e9es \u00e9lev\u00e9 gr\u00e2ce \u00e0 ses interfaces haut d\u00e9bit. CoaXPress garantit une performance stable et une faible latence, tandis que GigE offre une interface conviviale pour les longues distances. Le CB2 est compatible avec GigE Vision et conforme aux normes GenICam.<\/p>\n<p><b>Binning 2\u00d72 sur puce<\/b>\u00a0La CB2 offre en exclusivit\u00e9 un regroupement 2\u00d72 des pixels sCMOS sur puce, permettant la conversion d&#039;un pixel natif de 2,74 \u00b5m en un pixel de 5,48 \u00b5m sans doublement du bruit de lecture (contrairement \u00e0 la technologie sCMOS classique). Cette flexibilit\u00e9 optique intrins\u00e8que accro\u00eet consid\u00e9rablement le champ d&#039;application de la cam\u00e9ra. (Disponible uniquement sur les mod\u00e8les CB2 Haute R\u00e9solution et CB2 UV)<\/p>\n<\/div>","protected":false},"excerpt":{"rendered":"<p>0,5 \u00e0 24,5 m\u00e9gapixels\u00a0; tailles de pixels\u00a0: 2,74\u00a0\u00b5m, 4,5\u00a0\u00b5m et 9\u00a0\u00b5m<\/p>","protected":false},"featured_media":2357,"template":"","meta":[],"product_brand":[551],"product_cat":[149],"product_tag":[],"document":[],"class_list":{"0":"post-2356","1":"product","2":"type-product","3":"status-publish","4":"has-post-thumbnail","6":"product_brand-andor","7":"product_cat-scmos-cameras","9":"first","10":"instock","11":"purchasable","12":"product-type-simple"},"yoast_head":"<!-- This site is optimized with the Yoast SEO plugin v26.8 - https:\/\/yoast.com\/product\/yoast-seo-wordpress\/ -->\n<title>Andor CB2 sCMOS Series - SnowHouse<\/title>\n<meta name=\"robots\" content=\"index, follow, max-snippet:-1, max-image-preview:large, max-video-preview:-1\" \/>\n<link rel=\"canonical\" href=\"https:\/\/snowhouse.ca\/fr\/product\/cameras-spectrographs\/scmos-cameras\/andor-cb2-scmos-series-by-first-light-imaging\/\" \/>\n<meta property=\"og:locale\" content=\"fr_CA\" \/>\n<meta property=\"og:type\" content=\"article\" \/>\n<meta property=\"og:title\" content=\"Andor CB2 sCMOS Series - SnowHouse\" \/>\n<meta property=\"og:description\" content=\"0.5 to 24.5 Megapixel; 2.74 \u00b5m, 4.5 \u00b5m &amp; 9 \u00b5m pixel sizes\" \/>\n<meta property=\"og:url\" content=\"https:\/\/snowhouse.ca\/fr\/product\/cameras-spectrographs\/scmos-cameras\/andor-cb2-scmos-series-by-first-light-imaging\/\" \/>\n<meta property=\"og:site_name\" content=\"SnowHouse\" \/>\n<meta property=\"article:modified_time\" content=\"2026-04-22T16:17:58+00:00\" \/>\n<meta property=\"og:image\" content=\"https:\/\/snowhouse.ca\/wp-content\/uploads\/2025\/10\/cb2-series-product-img.png?wsr\" \/>\n\t<meta property=\"og:image:width\" content=\"1000\" \/>\n\t<meta property=\"og:image:height\" content=\"866\" \/>\n\t<meta property=\"og:image:type\" content=\"image\/png\" \/>\n<meta name=\"twitter:card\" content=\"summary_large_image\" \/>\n<meta name=\"twitter:label1\" content=\"Estimation du temps de lecture\" \/>\n\t<meta name=\"twitter:data1\" content=\"4 minutes\" \/>\n<script type=\"application\/ld+json\" class=\"yoast-schema-graph\">{\"@context\":\"https:\/\/schema.org\",\"@graph\":[{\"@type\":\"WebPage\",\"@id\":\"https:\/\/snowhouse.ca\/product\/cameras-spectrographs\/scmos-cameras\/andor-cb2-scmos-series-by-first-light-imaging\/\",\"url\":\"https:\/\/snowhouse.ca\/product\/cameras-spectrographs\/scmos-cameras\/andor-cb2-scmos-series-by-first-light-imaging\/\",\"name\":\"Andor CB2 sCMOS Series - SnowHouse\",\"isPartOf\":{\"@id\":\"https:\/\/snowhouse.ca\/#website\"},\"primaryImageOfPage\":{\"@id\":\"https:\/\/snowhouse.ca\/product\/cameras-spectrographs\/scmos-cameras\/andor-cb2-scmos-series-by-first-light-imaging\/#primaryimage\"},\"image\":{\"@id\":\"https:\/\/snowhouse.ca\/product\/cameras-spectrographs\/scmos-cameras\/andor-cb2-scmos-series-by-first-light-imaging\/#primaryimage\"},\"thumbnailUrl\":\"https:\/\/snowhouse.ca\/wp-content\/uploads\/2025\/10\/cb2-series-product-img.png?wsr\",\"datePublished\":\"2025-10-16T15:54:25+00:00\",\"dateModified\":\"2026-04-22T16:17:58+00:00\",\"breadcrumb\":{\"@id\":\"https:\/\/snowhouse.ca\/product\/cameras-spectrographs\/scmos-cameras\/andor-cb2-scmos-series-by-first-light-imaging\/#breadcrumb\"},\"inLanguage\":\"fr-CA\",\"potentialAction\":[{\"@type\":\"ReadAction\",\"target\":[\"https:\/\/snowhouse.ca\/product\/cameras-spectrographs\/scmos-cameras\/andor-cb2-scmos-series-by-first-light-imaging\/\"]}]},{\"@type\":\"ImageObject\",\"inLanguage\":\"fr-CA\",\"@id\":\"https:\/\/snowhouse.ca\/product\/cameras-spectrographs\/scmos-cameras\/andor-cb2-scmos-series-by-first-light-imaging\/#primaryimage\",\"url\":\"https:\/\/snowhouse.ca\/wp-content\/uploads\/2025\/10\/cb2-series-product-img.png?wsr\",\"contentUrl\":\"https:\/\/snowhouse.ca\/wp-content\/uploads\/2025\/10\/cb2-series-product-img.png?wsr\",\"width\":1000,\"height\":866,\"caption\":\"Andor CBS2 sCMOS camera series by First Light Imaging\"},{\"@type\":\"BreadcrumbList\",\"@id\":\"https:\/\/snowhouse.ca\/product\/cameras-spectrographs\/scmos-cameras\/andor-cb2-scmos-series-by-first-light-imaging\/#breadcrumb\",\"itemListElement\":[{\"@type\":\"ListItem\",\"position\":1,\"name\":\"Home\",\"item\":\"https:\/\/snowhouse.ca\/\"},{\"@type\":\"ListItem\",\"position\":2,\"name\":\"Products\",\"item\":\"https:\/\/snowhouse.ca\/products\/\"},{\"@type\":\"ListItem\",\"position\":3,\"name\":\"Andor CB2 sCMOS Series\"}]},{\"@type\":\"WebSite\",\"@id\":\"https:\/\/snowhouse.ca\/#website\",\"url\":\"https:\/\/snowhouse.ca\/\",\"name\":\"SnowHouse\",\"description\":\"Trusted Scientific Instruments\",\"publisher\":{\"@id\":\"https:\/\/snowhouse.ca\/#organization\"},\"potentialAction\":[{\"@type\":\"SearchAction\",\"target\":{\"@type\":\"EntryPoint\",\"urlTemplate\":\"https:\/\/snowhouse.ca\/?s={search_term_string}\"},\"query-input\":{\"@type\":\"PropertyValueSpecification\",\"valueRequired\":true,\"valueName\":\"search_term_string\"}}],\"inLanguage\":\"fr-CA\"},{\"@type\":\"Organization\",\"@id\":\"https:\/\/snowhouse.ca\/#organization\",\"name\":\"Snowhouse inc.\",\"alternateName\":\"Snowhouse\",\"url\":\"https:\/\/snowhouse.ca\/\",\"logo\":{\"@type\":\"ImageObject\",\"inLanguage\":\"fr-CA\",\"@id\":\"https:\/\/snowhouse.ca\/#\/schema\/logo\/image\/\",\"url\":\"https:\/\/snowhouse.ca\/wp-content\/uploads\/2025\/07\/SnowHouse-Logo.png\",\"contentUrl\":\"https:\/\/snowhouse.ca\/wp-content\/uploads\/2025\/07\/SnowHouse-Logo.png\",\"width\":508,\"height\":136,\"caption\":\"Snowhouse inc.\"},\"image\":{\"@id\":\"https:\/\/snowhouse.ca\/#\/schema\/logo\/image\/\"}}]}<\/script>\n<!-- \/ Yoast SEO plugin. -->","yoast_head_json":{"title":"Andor CB2 sCMOS Series - SnowHouse","robots":{"index":"index","follow":"follow","max-snippet":"max-snippet:-1","max-image-preview":"max-image-preview:large","max-video-preview":"max-video-preview:-1"},"canonical":"https:\/\/snowhouse.ca\/fr\/product\/cameras-spectrographs\/scmos-cameras\/andor-cb2-scmos-series-by-first-light-imaging\/","og_locale":"fr_CA","og_type":"article","og_title":"Andor CB2 sCMOS Series - SnowHouse","og_description":"0.5 to 24.5 Megapixel; 2.74 \u00b5m, 4.5 \u00b5m &amp; 9 \u00b5m pixel sizes","og_url":"https:\/\/snowhouse.ca\/fr\/product\/cameras-spectrographs\/scmos-cameras\/andor-cb2-scmos-series-by-first-light-imaging\/","og_site_name":"SnowHouse","article_modified_time":"2026-04-22T16:17:58+00:00","og_image":[{"width":1000,"height":866,"url":"https:\/\/snowhouse.ca\/wp-content\/uploads\/2025\/10\/cb2-series-product-img.png?wsr","type":"image\/png"}],"twitter_card":"summary_large_image","twitter_misc":{"Estimation du temps de lecture":"4 minutes"},"schema":{"@context":"https:\/\/schema.org","@graph":[{"@type":"WebPage","@id":"https:\/\/snowhouse.ca\/product\/cameras-spectrographs\/scmos-cameras\/andor-cb2-scmos-series-by-first-light-imaging\/","url":"https:\/\/snowhouse.ca\/product\/cameras-spectrographs\/scmos-cameras\/andor-cb2-scmos-series-by-first-light-imaging\/","name":"Andor CB2 sCMOS Series - SnowHouse","isPartOf":{"@id":"https:\/\/snowhouse.ca\/#website"},"primaryImageOfPage":{"@id":"https:\/\/snowhouse.ca\/product\/cameras-spectrographs\/scmos-cameras\/andor-cb2-scmos-series-by-first-light-imaging\/#primaryimage"},"image":{"@id":"https:\/\/snowhouse.ca\/product\/cameras-spectrographs\/scmos-cameras\/andor-cb2-scmos-series-by-first-light-imaging\/#primaryimage"},"thumbnailUrl":"https:\/\/snowhouse.ca\/wp-content\/uploads\/2025\/10\/cb2-series-product-img.png?wsr","datePublished":"2025-10-16T15:54:25+00:00","dateModified":"2026-04-22T16:17:58+00:00","breadcrumb":{"@id":"https:\/\/snowhouse.ca\/product\/cameras-spectrographs\/scmos-cameras\/andor-cb2-scmos-series-by-first-light-imaging\/#breadcrumb"},"inLanguage":"fr-CA","potentialAction":[{"@type":"ReadAction","target":["https:\/\/snowhouse.ca\/product\/cameras-spectrographs\/scmos-cameras\/andor-cb2-scmos-series-by-first-light-imaging\/"]}]},{"@type":"ImageObject","inLanguage":"fr-CA","@id":"https:\/\/snowhouse.ca\/product\/cameras-spectrographs\/scmos-cameras\/andor-cb2-scmos-series-by-first-light-imaging\/#primaryimage","url":"https:\/\/snowhouse.ca\/wp-content\/uploads\/2025\/10\/cb2-series-product-img.png?wsr","contentUrl":"https:\/\/snowhouse.ca\/wp-content\/uploads\/2025\/10\/cb2-series-product-img.png?wsr","width":1000,"height":866,"caption":"Andor CBS2 sCMOS camera series by First Light Imaging"},{"@type":"BreadcrumbList","@id":"https:\/\/snowhouse.ca\/product\/cameras-spectrographs\/scmos-cameras\/andor-cb2-scmos-series-by-first-light-imaging\/#breadcrumb","itemListElement":[{"@type":"ListItem","position":1,"name":"Home","item":"https:\/\/snowhouse.ca\/"},{"@type":"ListItem","position":2,"name":"Products","item":"https:\/\/snowhouse.ca\/products\/"},{"@type":"ListItem","position":3,"name":"Andor CB2 sCMOS Series"}]},{"@type":"WebSite","@id":"https:\/\/snowhouse.ca\/#website","url":"https:\/\/snowhouse.ca\/","name":"Maison de neige","description":"Instruments scientifiques de confiance","publisher":{"@id":"https:\/\/snowhouse.ca\/#organization"},"potentialAction":[{"@type":"SearchAction","target":{"@type":"EntryPoint","urlTemplate":"https:\/\/snowhouse.ca\/?s={search_term_string}"},"query-input":{"@type":"PropertyValueSpecification","valueRequired":true,"valueName":"search_term_string"}}],"inLanguage":"fr-CA"},{"@type":"Organization","@id":"https:\/\/snowhouse.ca\/#organization","name":"Snowhouse inc.","alternateName":"Snowhouse","url":"https:\/\/snowhouse.ca\/","logo":{"@type":"ImageObject","inLanguage":"fr-CA","@id":"https:\/\/snowhouse.ca\/#\/schema\/logo\/image\/","url":"https:\/\/snowhouse.ca\/wp-content\/uploads\/2025\/07\/SnowHouse-Logo.png","contentUrl":"https:\/\/snowhouse.ca\/wp-content\/uploads\/2025\/07\/SnowHouse-Logo.png","width":508,"height":136,"caption":"Snowhouse inc."},"image":{"@id":"https:\/\/snowhouse.ca\/#\/schema\/logo\/image\/"}}]}},"_links":{"self":[{"href":"https:\/\/snowhouse.ca\/fr\/wp-json\/wp\/v2\/product\/2356","targetHints":{"allow":["GET"]}}],"collection":[{"href":"https:\/\/snowhouse.ca\/fr\/wp-json\/wp\/v2\/product"}],"about":[{"href":"https:\/\/snowhouse.ca\/fr\/wp-json\/wp\/v2\/types\/product"}],"wp:featuredmedia":[{"embeddable":true,"href":"https:\/\/snowhouse.ca\/fr\/wp-json\/wp\/v2\/media\/2357"}],"wp:attachment":[{"href":"https:\/\/snowhouse.ca\/fr\/wp-json\/wp\/v2\/media?parent=2356"}],"wp:term":[{"taxonomy":"product_brand","embeddable":true,"href":"https:\/\/snowhouse.ca\/fr\/wp-json\/wp\/v2\/product_brand?post=2356"},{"taxonomy":"product_cat","embeddable":true,"href":"https:\/\/snowhouse.ca\/fr\/wp-json\/wp\/v2\/product_cat?post=2356"},{"taxonomy":"product_tag","embeddable":true,"href":"https:\/\/snowhouse.ca\/fr\/wp-json\/wp\/v2\/product_tag?post=2356"},{"taxonomy":"document","embeddable":true,"href":"https:\/\/snowhouse.ca\/fr\/wp-json\/wp\/v2\/document?post=2356"}],"curies":[{"name":"wp","href":"https:\/\/api.w.org\/{rel}","templated":true}]}}