{"id":2359,"date":"2025-10-16T18:07:24","date_gmt":"2025-10-16T18:07:24","guid":{"rendered":"https:\/\/snowhouse.ca\/?post_type=product&#038;p=2359"},"modified":"2025-11-24T21:29:30","modified_gmt":"2025-11-24T21:29:30","slug":"bcs-1012-battery-cyclers-series","status":"publish","type":"product","link":"https:\/\/snowhouse.ca\/fr\/produit\/battery-cyclers\/essential-battery-cyclers\/bcs-1012-battery-cyclers-series\/","title":{"rendered":"Cycleurs de batterie s\u00e9rie BCS-1012"},"content":{"rendered":"<h3>Cycleurs de batterie s\u00e9rie BCS-1012<\/h3>\n<h4>Des performances constantes pour le vieillissement et la validation des cellules \u00e0 haut volume<\/h4>\n<p class=\"description\">La s\u00e9rie BCS-1012 est un syst\u00e8me de cyclage de batterie modulaire con\u00e7u pour les \u00e9tudes de vieillissement \u00e0 haut volume, offrant 32 canaux ind\u00e9pendants avec un courant maximum de \u00b16 A par canal.<\/p>\n<h4>Cycleur de batterie s\u00e9rie BCS-1000 : performances \u00e0 haut volume pour les environnements industriels.<\/h4>\n<p>Le BCS-1012 est le premier mod\u00e8le de notre gamme d&#039;instruments BCS essentiels, sp\u00e9cialement con\u00e7u pour les tests de batteries \u00e0 haut volume. Id\u00e9al pour le criblage et les \u00e9tudes de vieillissement des batteries, le BCS-1012 offre des performances \u00e9conomiques sans compromettre les standards de qualit\u00e9 que vous attendez de BioLogic.<\/p>\n<ul>\n<li>Haute densit\u00e9 de canaux \u2013 Maximisez votre capacit\u00e9 de test<\/li>\n<li>Jusqu&#039;\u00e0 6 A \u2013 Parfait pour les cellules cylindriques<\/li>\n<li>3 plages de courant \u2013 Pour un contr\u00f4le pr\u00e9cis<\/li>\n<li>Surveillance auxiliaire de la temp\u00e9rature<\/li>\n<li>Logiciel BT-Lab Suite\u00ae \u2013 comprend BT-Test\u2122 et BT-Analysis\u2122<\/li>\n<\/ul>\n<h4>Ma\u00eetriser les \u00e9tudes de vieillissement et de validation<\/h4>\n<p>Avec une densit\u00e9 de canaux \u00e0 la pointe de l&#039;industrie (jusqu&#039;\u00e0 128 canaux par armoire, chaque module fournissant 32 canaux), le BCS-1012 est une solution robuste pour les tests de cellules cylindriques.<\/p>\n<p>Trois plages de courant garantissent la pr\u00e9cision :<\/p>\n<ul>\n<li>6 A<\/li>\n<li>600 mA<\/li>\n<li>60 mA<\/li>\n<\/ul>\n<p>L&#039;instrument offre une acquisition de donn\u00e9es rapide avec une fr\u00e9quence d&#039;\u00e9chantillonnage et une base de temps de 5 ms. Apprenez-en plus sur les donn\u00e9es qui vous int\u00e9ressent pour travailler plus efficacement.<br \/>\nGr\u00e2ce \u00e0 BCS-CORE, vos donn\u00e9es sont stock\u00e9es de mani\u00e8re s\u00e9curis\u00e9e et redondante, garantissant la fiabilit\u00e9 des tests \u00e0 long terme. Son architecture modulaire permet des tests \u00e0 haut volume et une extension \u00e9volutive pour r\u00e9pondre \u00e0 l&#039;\u00e9volution de vos besoins de recherche.<br \/>\nEn se concentrant sur les capacit\u00e9s de base, le BCS-1012 optimise les co\u00fbts sans compromettre la qualit\u00e9 et la fiabilit\u00e9 attendues de l&#039;instrumentation BioLogic.<\/p>\n<h4><strong>Caract\u00e9ristiques<\/strong><\/h4>\n<table width=\"100%\">\n<tbody>\n<tr>\n<td width=\"177\"><strong>BCS-1012<\/strong><\/td>\n<\/tr>\n<tr>\n<td width=\"177\">Canaux par module<\/td>\n<td width=\"177\">32<\/td>\n<\/tr>\n<tr>\n<td><strong>Tension<\/strong><\/td>\n<\/tr>\n<tr>\n<td width=\"177\">Gamme<\/td>\n<td width=\"177\">0 V \u00e0 5 V<\/td>\n<\/tr>\n<tr>\n<td width=\"177\">R\u00e9solution de contr\u00f4le<\/td>\n<td width=\"177\">200 \u00b5V<\/td>\n<\/tr>\n<tr>\n<td width=\"177\">R\u00e9solution de mesure<\/td>\n<td>0,83 \u00b5V (24 bits)<\/td>\n<\/tr>\n<tr>\n<td width=\"177\">Pr\u00e9cision<\/td>\n<td>0,5 mV + 0,04% de r\u00e9glage<\/td>\n<\/tr>\n<tr>\n<td width=\"177\">Taux de balayage<\/td>\n<td colspan=\"2\" width=\"353\">5 kV\/s<\/td>\n<\/tr>\n<tr>\n<td><strong>Actuel<\/strong><\/td>\n<\/tr>\n<tr>\n<td width=\"177\">Max (continu) par canal<\/td>\n<td width=\"177\">\u00b16 A<\/td>\n<\/tr>\n<tr>\n<td width=\"177\">Gammes<\/td>\n<td width=\"177\">3\u00a0: \u00b1\u00a06 A, \u00b1\u00a0600 mA, \u00b1\u00a060 mA<\/td>\n<\/tr>\n<tr>\n<td width=\"177\">R\u00e9solution de contr\u00f4le<\/td>\n<td width=\"177\">Jusqu&#039;\u00e0 1,2 \u00b5A<\/td>\n<\/tr>\n<tr>\n<td width=\"177\">R\u00e9solution de mesure<\/td>\n<td width=\"177\">Jusqu&#039;\u00e0 8,9 nA (24 bits)<\/td>\n<\/tr>\n<tr>\n<td width=\"177\">Pr\u00e9cision<\/td>\n<td width=\"177\">0,06% de FSR<br \/>\n0,06% de FSR (6 A) + 0,3% de r\u00e9glage<\/td>\n<\/tr>\n<tr>\n<td><strong>EIE<\/strong><\/td>\n<\/tr>\n<tr>\n<td width=\"177\">Int\u00e9gr\u00e9<\/td>\n<td>Non<\/td>\n<\/tr>\n<tr>\n<td><strong>Mesures<\/strong><\/td>\n<\/tr>\n<tr>\n<td width=\"177\">Temps d&#039;acquisition<\/td>\n<td width=\"177\">5 ms<\/td>\n<\/tr>\n<tr>\n<td width=\"177\">Base de temps<\/td>\n<td width=\"177\">5 ms<\/td>\n<\/tr>\n<tr>\n<td><strong>Mesure suppl\u00e9mentaire<\/strong><\/td>\n<\/tr>\n<tr>\n<td width=\"177\">Thermocouple<\/td>\n<td width=\"177\"><span data-teams=\"true\">Auxiliaire en option<\/span><\/td>\n<\/tr>\n<tr>\n<td><strong>Connexion cellulaire<\/strong><\/td>\n<\/tr>\n<tr>\n<td width=\"177\"><\/td>\n<td width=\"177\">4 fils terminaux + terre<\/td>\n<\/tr>\n<tr>\n<td><strong>G\u00e9n\u00e9ral<\/strong><\/td>\n<\/tr>\n<tr>\n<td width=\"177\">Hauteur<\/td>\n<td width=\"177\">8U<\/td>\n<\/tr>\n<tr>\n<td width=\"177\">Poids<\/td>\n<td width=\"177\">36,5 kg<\/td>\n<\/tr>\n<tr>\n<td width=\"177\">Consommation d&#039;\u00e9nergie<\/td>\n<td width=\"177\">1750 W<\/td>\n<\/tr>\n<\/tbody>\n<\/table>\n<p>*FSR : plage pleine \u00e9chelle \u2013 ex. Pour BCS-1012 \u00e0 6 A I-Range, le FSR est de 12 (-6 A \u00e0 +6 A).<\/p>","protected":false},"excerpt":{"rendered":"<p><strong>Jusqu&#039;\u00e0 6 A \u2013 Parfait pour les cellules cylindriques\u00a0<\/strong><\/p>","protected":false},"featured_media":2361,"template":"","meta":[],"product_brand":[550],"product_cat":[572,578],"product_tag":[],"document":[],"class_list":{"0":"post-2359","1":"product","2":"type-product","3":"status-publish","4":"has-post-thumbnail","6":"product_brand-biologic","7":"product_cat-battery-cyclers","8":"product_cat-essential-battery-cyclers","10":"first","11":"instock","12":"shipping-taxable","13":"purchasable","14":"product-type-simple"},"yoast_head":"<!-- This site is optimized with the Yoast SEO plugin v26.8 - https:\/\/yoast.com\/product\/yoast-seo-wordpress\/ -->\n<title>BCS-1012 Battery Cyclers series - SnowHouse<\/title>\n<meta name=\"robots\" content=\"index, follow, max-snippet:-1, max-image-preview:large, max-video-preview:-1\" \/>\n<link rel=\"canonical\" href=\"https:\/\/snowhouse.ca\/fr\/product\/battery-cyclers\/essential-battery-cyclers\/bcs-1012-battery-cyclers-series\/\" \/>\n<meta property=\"og:locale\" content=\"fr_CA\" \/>\n<meta property=\"og:type\" content=\"article\" \/>\n<meta property=\"og:title\" content=\"BCS-1012 Battery Cyclers series - SnowHouse\" \/>\n<meta property=\"og:description\" content=\"Up to 6 A - Perfect for cylindrical cells\u00a0\" \/>\n<meta property=\"og:url\" content=\"https:\/\/snowhouse.ca\/fr\/product\/battery-cyclers\/essential-battery-cyclers\/bcs-1012-battery-cyclers-series\/\" \/>\n<meta property=\"og:site_name\" content=\"SnowHouse\" \/>\n<meta property=\"article:modified_time\" content=\"2025-11-24T21:29:30+00:00\" \/>\n<meta property=\"og:image\" content=\"https:\/\/snowhouse.ca\/wp-content\/uploads\/2025\/10\/BioLogic-BCS-1012-2.png\" \/>\n\t<meta property=\"og:image:width\" content=\"832\" \/>\n\t<meta property=\"og:image:height\" content=\"887\" \/>\n\t<meta property=\"og:image:type\" content=\"image\/png\" \/>\n<meta name=\"twitter:card\" content=\"summary_large_image\" \/>\n<meta name=\"twitter:label1\" content=\"Estimation du temps de lecture\" \/>\n\t<meta name=\"twitter:data1\" content=\"2 minutes\" \/>\n<script type=\"application\/ld+json\" class=\"yoast-schema-graph\">{\"@context\":\"https:\/\/schema.org\",\"@graph\":[{\"@type\":\"WebPage\",\"@id\":\"https:\/\/snowhouse.ca\/product\/battery-cyclers\/essential-battery-cyclers\/bcs-1012-battery-cyclers-series\/\",\"url\":\"https:\/\/snowhouse.ca\/product\/battery-cyclers\/essential-battery-cyclers\/bcs-1012-battery-cyclers-series\/\",\"name\":\"BCS-1012 Battery Cyclers series - SnowHouse\",\"isPartOf\":{\"@id\":\"https:\/\/snowhouse.ca\/#website\"},\"primaryImageOfPage\":{\"@id\":\"https:\/\/snowhouse.ca\/product\/battery-cyclers\/essential-battery-cyclers\/bcs-1012-battery-cyclers-series\/#primaryimage\"},\"image\":{\"@id\":\"https:\/\/snowhouse.ca\/product\/battery-cyclers\/essential-battery-cyclers\/bcs-1012-battery-cyclers-series\/#primaryimage\"},\"thumbnailUrl\":\"https:\/\/snowhouse.ca\/wp-content\/uploads\/2025\/10\/BioLogic-BCS-1012-2.png?wsr\",\"datePublished\":\"2025-10-16T18:07:24+00:00\",\"dateModified\":\"2025-11-24T21:29:30+00:00\",\"breadcrumb\":{\"@id\":\"https:\/\/snowhouse.ca\/product\/battery-cyclers\/essential-battery-cyclers\/bcs-1012-battery-cyclers-series\/#breadcrumb\"},\"inLanguage\":\"fr-CA\",\"potentialAction\":[{\"@type\":\"ReadAction\",\"target\":[\"https:\/\/snowhouse.ca\/product\/battery-cyclers\/essential-battery-cyclers\/bcs-1012-battery-cyclers-series\/\"]}]},{\"@type\":\"ImageObject\",\"inLanguage\":\"fr-CA\",\"@id\":\"https:\/\/snowhouse.ca\/product\/battery-cyclers\/essential-battery-cyclers\/bcs-1012-battery-cyclers-series\/#primaryimage\",\"url\":\"https:\/\/snowhouse.ca\/wp-content\/uploads\/2025\/10\/BioLogic-BCS-1012-2.png?wsr\",\"contentUrl\":\"https:\/\/snowhouse.ca\/wp-content\/uploads\/2025\/10\/BioLogic-BCS-1012-2.png?wsr\",\"width\":832,\"height\":887,\"caption\":\"BioLogic BCS-1012 - Battery Cyclers\"},{\"@type\":\"BreadcrumbList\",\"@id\":\"https:\/\/snowhouse.ca\/product\/battery-cyclers\/essential-battery-cyclers\/bcs-1012-battery-cyclers-series\/#breadcrumb\",\"itemListElement\":[{\"@type\":\"ListItem\",\"position\":1,\"name\":\"Home\",\"item\":\"https:\/\/snowhouse.ca\/\"},{\"@type\":\"ListItem\",\"position\":2,\"name\":\"Products\",\"item\":\"https:\/\/snowhouse.ca\/products\/\"},{\"@type\":\"ListItem\",\"position\":3,\"name\":\"BCS-1012 Battery Cyclers series\"}]},{\"@type\":\"WebSite\",\"@id\":\"https:\/\/snowhouse.ca\/#website\",\"url\":\"https:\/\/snowhouse.ca\/\",\"name\":\"SnowHouse\",\"description\":\"Trusted Scientific Instruments\",\"publisher\":{\"@id\":\"https:\/\/snowhouse.ca\/#organization\"},\"potentialAction\":[{\"@type\":\"SearchAction\",\"target\":{\"@type\":\"EntryPoint\",\"urlTemplate\":\"https:\/\/snowhouse.ca\/?s={search_term_string}\"},\"query-input\":{\"@type\":\"PropertyValueSpecification\",\"valueRequired\":true,\"valueName\":\"search_term_string\"}}],\"inLanguage\":\"fr-CA\"},{\"@type\":\"Organization\",\"@id\":\"https:\/\/snowhouse.ca\/#organization\",\"name\":\"Snowhouse inc.\",\"alternateName\":\"Snowhouse\",\"url\":\"https:\/\/snowhouse.ca\/\",\"logo\":{\"@type\":\"ImageObject\",\"inLanguage\":\"fr-CA\",\"@id\":\"https:\/\/snowhouse.ca\/#\/schema\/logo\/image\/\",\"url\":\"https:\/\/snowhouse.ca\/wp-content\/uploads\/2025\/07\/SnowHouse-Logo.png\",\"contentUrl\":\"https:\/\/snowhouse.ca\/wp-content\/uploads\/2025\/07\/SnowHouse-Logo.png\",\"width\":508,\"height\":136,\"caption\":\"Snowhouse inc.\"},\"image\":{\"@id\":\"https:\/\/snowhouse.ca\/#\/schema\/logo\/image\/\"}}]}<\/script>\n<!-- \/ Yoast SEO plugin. -->","yoast_head_json":{"title":"BCS-1012 Battery Cyclers series - SnowHouse","robots":{"index":"index","follow":"follow","max-snippet":"max-snippet:-1","max-image-preview":"max-image-preview:large","max-video-preview":"max-video-preview:-1"},"canonical":"https:\/\/snowhouse.ca\/fr\/product\/battery-cyclers\/essential-battery-cyclers\/bcs-1012-battery-cyclers-series\/","og_locale":"fr_CA","og_type":"article","og_title":"BCS-1012 Battery Cyclers series - SnowHouse","og_description":"Up to 6 A - Perfect for cylindrical cells\u00a0","og_url":"https:\/\/snowhouse.ca\/fr\/product\/battery-cyclers\/essential-battery-cyclers\/bcs-1012-battery-cyclers-series\/","og_site_name":"SnowHouse","article_modified_time":"2025-11-24T21:29:30+00:00","og_image":[{"width":832,"height":887,"url":"https:\/\/snowhouse.ca\/wp-content\/uploads\/2025\/10\/BioLogic-BCS-1012-2.png","type":"image\/png"}],"twitter_card":"summary_large_image","twitter_misc":{"Estimation du temps de lecture":"2 minutes"},"schema":{"@context":"https:\/\/schema.org","@graph":[{"@type":"WebPage","@id":"https:\/\/snowhouse.ca\/product\/battery-cyclers\/essential-battery-cyclers\/bcs-1012-battery-cyclers-series\/","url":"https:\/\/snowhouse.ca\/product\/battery-cyclers\/essential-battery-cyclers\/bcs-1012-battery-cyclers-series\/","name":"BCS-1012 Battery Cyclers series - SnowHouse","isPartOf":{"@id":"https:\/\/snowhouse.ca\/#website"},"primaryImageOfPage":{"@id":"https:\/\/snowhouse.ca\/product\/battery-cyclers\/essential-battery-cyclers\/bcs-1012-battery-cyclers-series\/#primaryimage"},"image":{"@id":"https:\/\/snowhouse.ca\/product\/battery-cyclers\/essential-battery-cyclers\/bcs-1012-battery-cyclers-series\/#primaryimage"},"thumbnailUrl":"https:\/\/snowhouse.ca\/wp-content\/uploads\/2025\/10\/BioLogic-BCS-1012-2.png?wsr","datePublished":"2025-10-16T18:07:24+00:00","dateModified":"2025-11-24T21:29:30+00:00","breadcrumb":{"@id":"https:\/\/snowhouse.ca\/product\/battery-cyclers\/essential-battery-cyclers\/bcs-1012-battery-cyclers-series\/#breadcrumb"},"inLanguage":"fr-CA","potentialAction":[{"@type":"ReadAction","target":["https:\/\/snowhouse.ca\/product\/battery-cyclers\/essential-battery-cyclers\/bcs-1012-battery-cyclers-series\/"]}]},{"@type":"ImageObject","inLanguage":"fr-CA","@id":"https:\/\/snowhouse.ca\/product\/battery-cyclers\/essential-battery-cyclers\/bcs-1012-battery-cyclers-series\/#primaryimage","url":"https:\/\/snowhouse.ca\/wp-content\/uploads\/2025\/10\/BioLogic-BCS-1012-2.png?wsr","contentUrl":"https:\/\/snowhouse.ca\/wp-content\/uploads\/2025\/10\/BioLogic-BCS-1012-2.png?wsr","width":832,"height":887,"caption":"BioLogic BCS-1012 - Battery Cyclers"},{"@type":"BreadcrumbList","@id":"https:\/\/snowhouse.ca\/product\/battery-cyclers\/essential-battery-cyclers\/bcs-1012-battery-cyclers-series\/#breadcrumb","itemListElement":[{"@type":"ListItem","position":1,"name":"Home","item":"https:\/\/snowhouse.ca\/"},{"@type":"ListItem","position":2,"name":"Products","item":"https:\/\/snowhouse.ca\/products\/"},{"@type":"ListItem","position":3,"name":"BCS-1012 Battery Cyclers series"}]},{"@type":"WebSite","@id":"https:\/\/snowhouse.ca\/#website","url":"https:\/\/snowhouse.ca\/","name":"Maison de neige","description":"Instruments scientifiques de confiance","publisher":{"@id":"https:\/\/snowhouse.ca\/#organization"},"potentialAction":[{"@type":"SearchAction","target":{"@type":"EntryPoint","urlTemplate":"https:\/\/snowhouse.ca\/?s={search_term_string}"},"query-input":{"@type":"PropertyValueSpecification","valueRequired":true,"valueName":"search_term_string"}}],"inLanguage":"fr-CA"},{"@type":"Organization","@id":"https:\/\/snowhouse.ca\/#organization","name":"Snowhouse inc.","alternateName":"Snowhouse","url":"https:\/\/snowhouse.ca\/","logo":{"@type":"ImageObject","inLanguage":"fr-CA","@id":"https:\/\/snowhouse.ca\/#\/schema\/logo\/image\/","url":"https:\/\/snowhouse.ca\/wp-content\/uploads\/2025\/07\/SnowHouse-Logo.png","contentUrl":"https:\/\/snowhouse.ca\/wp-content\/uploads\/2025\/07\/SnowHouse-Logo.png","width":508,"height":136,"caption":"Snowhouse inc."},"image":{"@id":"https:\/\/snowhouse.ca\/#\/schema\/logo\/image\/"}}]}},"_links":{"self":[{"href":"https:\/\/snowhouse.ca\/fr\/wp-json\/wp\/v2\/product\/2359","targetHints":{"allow":["GET"]}}],"collection":[{"href":"https:\/\/snowhouse.ca\/fr\/wp-json\/wp\/v2\/product"}],"about":[{"href":"https:\/\/snowhouse.ca\/fr\/wp-json\/wp\/v2\/types\/product"}],"wp:featuredmedia":[{"embeddable":true,"href":"https:\/\/snowhouse.ca\/fr\/wp-json\/wp\/v2\/media\/2361"}],"wp:attachment":[{"href":"https:\/\/snowhouse.ca\/fr\/wp-json\/wp\/v2\/media?parent=2359"}],"wp:term":[{"taxonomy":"product_brand","embeddable":true,"href":"https:\/\/snowhouse.ca\/fr\/wp-json\/wp\/v2\/product_brand?post=2359"},{"taxonomy":"product_cat","embeddable":true,"href":"https:\/\/snowhouse.ca\/fr\/wp-json\/wp\/v2\/product_cat?post=2359"},{"taxonomy":"product_tag","embeddable":true,"href":"https:\/\/snowhouse.ca\/fr\/wp-json\/wp\/v2\/product_tag?post=2359"},{"taxonomy":"document","embeddable":true,"href":"https:\/\/snowhouse.ca\/fr\/wp-json\/wp\/v2\/document?post=2359"}],"curies":[{"name":"wp","href":"https:\/\/api.w.org\/{rel}","templated":true}]}}