{"id":2364,"date":"2025-10-16T19:07:28","date_gmt":"2025-10-16T19:07:28","guid":{"rendered":"https:\/\/snowhouse.ca\/?post_type=product&#038;p=2364"},"modified":"2025-11-17T16:35:04","modified_gmt":"2025-11-17T16:35:04","slug":"new-ixon-ultra-blue-888-emccd-camera","status":"publish","type":"product","link":"https:\/\/snowhouse.ca\/fr\/produit\/cameras-spectrographs\/emccd-cameras\/new-ixon-ultra-blue-888-emccd-camera\/","title":{"rendered":"iXon Ultra Bleu 888"},"content":{"rendered":"<h3><u><strong>iXon Blue Ultra 888 \u2013 Un bond en avant quantique dans l&#039;ultra-sensibilit\u00e9 des capteurs EMCCD bleus\/UV<\/strong><\/u><\/h3>\n<p>S&#039;appuyant sur des d\u00e9cennies de leadership sur le march\u00e9 de la technologie EMCCD ultra-sensible, le mod\u00e8le Andor iXon Ultra Blue 888 offre une am\u00e9lioration significative de la r\u00e9ponse QE dans la gamme bleue et proche UV, 200 nm \u2013 450 nm, id\u00e9ale pour les applications de pointe telles que la recherche en informatique quantique \u00e0 pi\u00e8ge ionique et la m\u00e9trologie des semi-conducteurs.<\/p>\n<ul>\n<li>QE optimis\u00e9 bleu\/UV\u00a0: QE consid\u00e9rablement am\u00e9lior\u00e9 sur la plage de 200 \u00e0 450\u00a0nm<\/li>\n<li>Sensible aux photons uniques<\/li>\n<li>Mode de lecture overclock\u00e9 \u00e0 30 MHz\u00a0: 26\u00a0images\/s \u00e0 1018\u00a0x\u00a01018<\/li>\n<li>Champ de vision plus de 2,6 fois sup\u00e9rieur \u00e0 celui du mod\u00e8le \u00ab\u00a0897\u00a0\u00bb.<\/li>\n<li>Mode recadrage \u2013 \u00e9norme gain de vitesse gr\u00e2ce \u00e0 la r\u00e9gion d&#039;int\u00e9r\u00eat<\/li>\n<li>Refroidissement thermo\u00e9lectrique sous vide \u00e0 -95 \u00b0C<\/li>\n<\/ul>\n<table class=\"striped-table text-center\">\n<tbody>\n<tr>\n<td style=\"text-align: center;\" colspan=\"2\"><strong>Sp\u00e9cifications cl\u00e9s<\/strong><\/td>\n<\/tr>\n<tr>\n<td>Attributs de base<\/td>\n<td>Champ de vision, sensibilit\u00e9 et vitesse<\/td>\n<\/tr>\n<tr>\n<td>Format du capteur<\/td>\n<td>1018 x 1018<\/td>\n<\/tr>\n<tr>\n<td>Taille des pixels<\/td>\n<td>13 \u00b5m<\/td>\n<\/tr>\n<tr>\n<td>Capteur diagonal<\/td>\n<td>18,8 mm<\/td>\n<\/tr>\n<tr>\n<td>Lire le bruit<\/td>\n<td>&lt; 1 e- avec gain EM<\/td>\n<\/tr>\n<tr>\n<td>Refroidissement<\/td>\n<td>-95\u00b0C<\/td>\n<\/tr>\n<tr>\n<td>Courant noir<\/td>\n<td>0,00011 e-\/pixel\/sec<\/td>\n<\/tr>\n<tr>\n<td>Arri\u00e8re-plan fallacieux (CIC)<\/td>\n<td>0,005 \u00e9v\u00e9nements\/pixel<\/td>\n<\/tr>\n<tr>\n<td>Options d&#039;assouplissement quantitatif<\/td>\n<td>BV, EXF, UVB (Ultra); NBB (Ultra Bleu)<\/td>\n<\/tr>\n<tr>\n<td>Fr\u00e9quence d&#039;images<\/td>\n<td>26 images\/s (670 images\/s avec le mode de recadrage 128x128)<\/td>\n<\/tr>\n<tr>\n<td>Profondeur du puits de pixels<\/td>\n<td>65 000 e-<\/td>\n<\/tr>\n<tr>\n<td>Obturateur \u00e9lectronique int\u00e9gr\u00e9<\/td>\n<td>N \/ A<\/td>\n<\/tr>\n<tr>\n<td>Interface<\/td>\n<td>USB 3.0 (sortie de liaison de cam\u00e9ra suppl\u00e9mentaire)<\/td>\n<\/tr>\n<\/tbody>\n<\/table>\n<p>L&#039;iXon Blue Ultra 888 pr\u00e9sente \u00e9galement les fonctionnalit\u00e9s suivantes\u00a0:<\/p>\n<p><b>QE optimis\u00e9 bleu\/UV<\/b>\u00a0\u2013 Id\u00e9al pour les faibles \u00e9metteurs de lumi\u00e8re de photons bleus\/UV, tels que l\u2019\u00e9mission d\u2019ions Ytterbium (370 nm)<\/p>\n<p><b>Sensible aux photons uniques<\/b>\u00a0\u2013 Image signal extr\u00eamement faible, incluant des ions pi\u00e9g\u00e9s individuellement.<\/p>\n<p><b>Fen\u00eatres optimis\u00e9es UV\/bleu (en option)<\/b>\u00a0\u2013 Transmission ultra-\u00e9lev\u00e9e dans cette gamme. Si vous ne l&#039;utilisez que dans la zone UV\/bleu, pensez \u00e0 ces options de fen\u00eatre lors de votre commande.<\/p>\n<p><b>1 m\u00e9gapixel<\/b>\u00a0\u2013 Champ de vision plus large et EMCCD \u00e0 plus haute r\u00e9solution<\/p>\n<p><b>Vitesses de lecture overclock\u00e9es<\/b>\u00a0\u2013 Suivre des processus dynamiques et changeants.<\/p>\n<p><b>Mode de recadrage<\/b>\u00a0\u2013 Imagerie continue avec la fr\u00e9quence d&#039;images la plus rapide possible depuis des r\u00e9gions d&#039;int\u00e9r\u00eat centrales. Extr\u00eamement performant pour l&#039;imagerie quantique et bien plus encore (par exemple, 251 ips avec des r\u00e9gions d&#039;int\u00e9r\u00eat de 256 x 256).<\/p>\n<p><b>Latence minimale des donn\u00e9es<\/b>\u00a0\u2013 Port de sortie Camera Link pour faciliter l&#039;acc\u00e8s direct aux donn\u00e9es pour un traitement \u00ab \u00e0 la vol\u00e9e \u00bb et des boucles de r\u00e9troaction rapides.<\/p>\n<p><b>Refroidissement TE \u00e0 -95\u00b0C<\/b>\u00a0\u2013 Suppression de la limite de d\u00e9tection du courant d\u2019obscurit\u00e9.<\/p>\n<p><b>Bruit parasite minimis\u00e9<\/b>\u00a0\u2013 \u00c9v\u00e9nements de charge minimaux induits par la chaleur et l\u2019horloge pour la discrimination des photons uniques.<\/p>\n<p><b>Flexibilit\u00e9 \u00ab 2 en 1 \u00bb<\/b>\u00a0\u2013 Mode EMCCD pour une ultra-sensibilit\u00e9 \u00e0 grande vitesse, mode CCD pour des expositions plus longues.<\/p>\n<p><b>RealGain\u2122<\/b>\u00a0\u2013 Gain EMCCD absolu s\u00e9lectionnable directement \u00e0 partir d\u2019une \u00e9chelle lin\u00e9aire et quantitative.<\/p>\n<p><b>EMCAL\u2122<\/b>\u00a0\u2013 Auto-r\u00e9\u00e9talonnage brevet\u00e9 du gain EM initi\u00e9 par l\u2019utilisateur.<\/p>\n<p><b>Pince de base sup\u00e9rieure et stabilit\u00e9 \u00e9lectromagn\u00e9tique<\/b>\u00a0\u2013 Essentiel pour la pr\u00e9cision quantitative des mesures dynamiques<\/p>\n<p><b>Qualifi\u00e9 jusqu&#039;\u00e0 -20\u00b0C de temp\u00e9rature ambiante<\/b>\u00a0\u2013 Excellent pour une utilisation dans les observatoires.<\/p>","protected":false},"excerpt":{"rendered":"<p>Pixels actifs\u00a0: 1018 x 1018, taille de pixel de 13\u00a0\u00b5m\u00a0; optimis\u00e9 pour le bleu\/UV<\/p>","protected":false},"featured_media":448,"template":"","meta":[],"product_brand":[551],"product_cat":[163],"product_tag":[],"document":[],"class_list":{"0":"post-2364","1":"product","2":"type-product","3":"status-publish","4":"has-post-thumbnail","6":"product_brand-andor","7":"product_cat-emccd-cameras","9":"first","10":"instock","11":"purchasable","12":"product-type-simple"},"yoast_head":"<!-- This site is optimized with the Yoast SEO plugin v26.8 - https:\/\/yoast.com\/product\/yoast-seo-wordpress\/ -->\n<title>iXon Ultra Blue 888 - SnowHouse<\/title>\n<meta name=\"robots\" content=\"index, follow, max-snippet:-1, max-image-preview:large, max-video-preview:-1\" \/>\n<link rel=\"canonical\" href=\"https:\/\/snowhouse.ca\/fr\/product\/cameras-spectrographs\/emccd-cameras\/new-ixon-ultra-blue-888-emccd-camera\/\" \/>\n<meta property=\"og:locale\" content=\"fr_CA\" \/>\n<meta property=\"og:type\" content=\"article\" \/>\n<meta property=\"og:title\" content=\"iXon Ultra Blue 888 - SnowHouse\" \/>\n<meta property=\"og:description\" content=\"Active pixels: 1018 x 1018, 13 \u00b5m pixel size ; Blue\/UV-optimised\" \/>\n<meta property=\"og:url\" content=\"https:\/\/snowhouse.ca\/fr\/product\/cameras-spectrographs\/emccd-cameras\/new-ixon-ultra-blue-888-emccd-camera\/\" \/>\n<meta property=\"og:site_name\" content=\"SnowHouse\" \/>\n<meta property=\"article:modified_time\" content=\"2025-11-17T16:35:04+00:00\" \/>\n<meta property=\"og:image\" content=\"https:\/\/snowhouse.ca\/wp-content\/uploads\/2025\/07\/41702.png\" \/>\n\t<meta property=\"og:image:width\" content=\"280\" \/>\n\t<meta property=\"og:image:height\" content=\"240\" \/>\n\t<meta property=\"og:image:type\" content=\"image\/png\" \/>\n<meta name=\"twitter:card\" content=\"summary_large_image\" \/>\n<meta name=\"twitter:label1\" content=\"Estimation du temps de lecture\" \/>\n\t<meta name=\"twitter:data1\" content=\"2 minutes\" \/>\n<script type=\"application\/ld+json\" class=\"yoast-schema-graph\">{\"@context\":\"https:\/\/schema.org\",\"@graph\":[{\"@type\":\"WebPage\",\"@id\":\"https:\/\/snowhouse.ca\/product\/cameras-spectrographs\/emccd-cameras\/new-ixon-ultra-blue-888-emccd-camera\/\",\"url\":\"https:\/\/snowhouse.ca\/product\/cameras-spectrographs\/emccd-cameras\/new-ixon-ultra-blue-888-emccd-camera\/\",\"name\":\"iXon Ultra Blue 888 - SnowHouse\",\"isPartOf\":{\"@id\":\"https:\/\/snowhouse.ca\/#website\"},\"primaryImageOfPage\":{\"@id\":\"https:\/\/snowhouse.ca\/product\/cameras-spectrographs\/emccd-cameras\/new-ixon-ultra-blue-888-emccd-camera\/#primaryimage\"},\"image\":{\"@id\":\"https:\/\/snowhouse.ca\/product\/cameras-spectrographs\/emccd-cameras\/new-ixon-ultra-blue-888-emccd-camera\/#primaryimage\"},\"thumbnailUrl\":\"https:\/\/snowhouse.ca\/wp-content\/uploads\/2025\/07\/41702.png?wsr\",\"datePublished\":\"2025-10-16T19:07:28+00:00\",\"dateModified\":\"2025-11-17T16:35:04+00:00\",\"breadcrumb\":{\"@id\":\"https:\/\/snowhouse.ca\/product\/cameras-spectrographs\/emccd-cameras\/new-ixon-ultra-blue-888-emccd-camera\/#breadcrumb\"},\"inLanguage\":\"fr-CA\",\"potentialAction\":[{\"@type\":\"ReadAction\",\"target\":[\"https:\/\/snowhouse.ca\/product\/cameras-spectrographs\/emccd-cameras\/new-ixon-ultra-blue-888-emccd-camera\/\"]}]},{\"@type\":\"ImageObject\",\"inLanguage\":\"fr-CA\",\"@id\":\"https:\/\/snowhouse.ca\/product\/cameras-spectrographs\/emccd-cameras\/new-ixon-ultra-blue-888-emccd-camera\/#primaryimage\",\"url\":\"https:\/\/snowhouse.ca\/wp-content\/uploads\/2025\/07\/41702.png?wsr\",\"contentUrl\":\"https:\/\/snowhouse.ca\/wp-content\/uploads\/2025\/07\/41702.png?wsr\",\"width\":280,\"height\":240},{\"@type\":\"BreadcrumbList\",\"@id\":\"https:\/\/snowhouse.ca\/product\/cameras-spectrographs\/emccd-cameras\/new-ixon-ultra-blue-888-emccd-camera\/#breadcrumb\",\"itemListElement\":[{\"@type\":\"ListItem\",\"position\":1,\"name\":\"Home\",\"item\":\"https:\/\/snowhouse.ca\/\"},{\"@type\":\"ListItem\",\"position\":2,\"name\":\"Products\",\"item\":\"https:\/\/snowhouse.ca\/products\/\"},{\"@type\":\"ListItem\",\"position\":3,\"name\":\"iXon Ultra Blue 888\"}]},{\"@type\":\"WebSite\",\"@id\":\"https:\/\/snowhouse.ca\/#website\",\"url\":\"https:\/\/snowhouse.ca\/\",\"name\":\"SnowHouse\",\"description\":\"Trusted Scientific Instruments\",\"publisher\":{\"@id\":\"https:\/\/snowhouse.ca\/#organization\"},\"potentialAction\":[{\"@type\":\"SearchAction\",\"target\":{\"@type\":\"EntryPoint\",\"urlTemplate\":\"https:\/\/snowhouse.ca\/?s={search_term_string}\"},\"query-input\":{\"@type\":\"PropertyValueSpecification\",\"valueRequired\":true,\"valueName\":\"search_term_string\"}}],\"inLanguage\":\"fr-CA\"},{\"@type\":\"Organization\",\"@id\":\"https:\/\/snowhouse.ca\/#organization\",\"name\":\"Snowhouse inc.\",\"alternateName\":\"Snowhouse\",\"url\":\"https:\/\/snowhouse.ca\/\",\"logo\":{\"@type\":\"ImageObject\",\"inLanguage\":\"fr-CA\",\"@id\":\"https:\/\/snowhouse.ca\/#\/schema\/logo\/image\/\",\"url\":\"https:\/\/snowhouse.ca\/wp-content\/uploads\/2025\/07\/SnowHouse-Logo.png\",\"contentUrl\":\"https:\/\/snowhouse.ca\/wp-content\/uploads\/2025\/07\/SnowHouse-Logo.png\",\"width\":508,\"height\":136,\"caption\":\"Snowhouse inc.\"},\"image\":{\"@id\":\"https:\/\/snowhouse.ca\/#\/schema\/logo\/image\/\"}}]}<\/script>\n<!-- \/ Yoast SEO plugin. -->","yoast_head_json":{"title":"iXon Ultra Blue 888 - SnowHouse","robots":{"index":"index","follow":"follow","max-snippet":"max-snippet:-1","max-image-preview":"max-image-preview:large","max-video-preview":"max-video-preview:-1"},"canonical":"https:\/\/snowhouse.ca\/fr\/product\/cameras-spectrographs\/emccd-cameras\/new-ixon-ultra-blue-888-emccd-camera\/","og_locale":"fr_CA","og_type":"article","og_title":"iXon Ultra Blue 888 - SnowHouse","og_description":"Active pixels: 1018 x 1018, 13 \u00b5m pixel size ; Blue\/UV-optimised","og_url":"https:\/\/snowhouse.ca\/fr\/product\/cameras-spectrographs\/emccd-cameras\/new-ixon-ultra-blue-888-emccd-camera\/","og_site_name":"SnowHouse","article_modified_time":"2025-11-17T16:35:04+00:00","og_image":[{"width":280,"height":240,"url":"https:\/\/snowhouse.ca\/wp-content\/uploads\/2025\/07\/41702.png","type":"image\/png"}],"twitter_card":"summary_large_image","twitter_misc":{"Estimation du temps de lecture":"2 minutes"},"schema":{"@context":"https:\/\/schema.org","@graph":[{"@type":"WebPage","@id":"https:\/\/snowhouse.ca\/product\/cameras-spectrographs\/emccd-cameras\/new-ixon-ultra-blue-888-emccd-camera\/","url":"https:\/\/snowhouse.ca\/product\/cameras-spectrographs\/emccd-cameras\/new-ixon-ultra-blue-888-emccd-camera\/","name":"iXon Ultra Blue 888 - SnowHouse","isPartOf":{"@id":"https:\/\/snowhouse.ca\/#website"},"primaryImageOfPage":{"@id":"https:\/\/snowhouse.ca\/product\/cameras-spectrographs\/emccd-cameras\/new-ixon-ultra-blue-888-emccd-camera\/#primaryimage"},"image":{"@id":"https:\/\/snowhouse.ca\/product\/cameras-spectrographs\/emccd-cameras\/new-ixon-ultra-blue-888-emccd-camera\/#primaryimage"},"thumbnailUrl":"https:\/\/snowhouse.ca\/wp-content\/uploads\/2025\/07\/41702.png?wsr","datePublished":"2025-10-16T19:07:28+00:00","dateModified":"2025-11-17T16:35:04+00:00","breadcrumb":{"@id":"https:\/\/snowhouse.ca\/product\/cameras-spectrographs\/emccd-cameras\/new-ixon-ultra-blue-888-emccd-camera\/#breadcrumb"},"inLanguage":"fr-CA","potentialAction":[{"@type":"ReadAction","target":["https:\/\/snowhouse.ca\/product\/cameras-spectrographs\/emccd-cameras\/new-ixon-ultra-blue-888-emccd-camera\/"]}]},{"@type":"ImageObject","inLanguage":"fr-CA","@id":"https:\/\/snowhouse.ca\/product\/cameras-spectrographs\/emccd-cameras\/new-ixon-ultra-blue-888-emccd-camera\/#primaryimage","url":"https:\/\/snowhouse.ca\/wp-content\/uploads\/2025\/07\/41702.png?wsr","contentUrl":"https:\/\/snowhouse.ca\/wp-content\/uploads\/2025\/07\/41702.png?wsr","width":280,"height":240},{"@type":"BreadcrumbList","@id":"https:\/\/snowhouse.ca\/product\/cameras-spectrographs\/emccd-cameras\/new-ixon-ultra-blue-888-emccd-camera\/#breadcrumb","itemListElement":[{"@type":"ListItem","position":1,"name":"Home","item":"https:\/\/snowhouse.ca\/"},{"@type":"ListItem","position":2,"name":"Products","item":"https:\/\/snowhouse.ca\/products\/"},{"@type":"ListItem","position":3,"name":"iXon Ultra Blue 888"}]},{"@type":"WebSite","@id":"https:\/\/snowhouse.ca\/#website","url":"https:\/\/snowhouse.ca\/","name":"Maison de neige","description":"Instruments scientifiques de confiance","publisher":{"@id":"https:\/\/snowhouse.ca\/#organization"},"potentialAction":[{"@type":"SearchAction","target":{"@type":"EntryPoint","urlTemplate":"https:\/\/snowhouse.ca\/?s={search_term_string}"},"query-input":{"@type":"PropertyValueSpecification","valueRequired":true,"valueName":"search_term_string"}}],"inLanguage":"fr-CA"},{"@type":"Organization","@id":"https:\/\/snowhouse.ca\/#organization","name":"Snowhouse inc.","alternateName":"Snowhouse","url":"https:\/\/snowhouse.ca\/","logo":{"@type":"ImageObject","inLanguage":"fr-CA","@id":"https:\/\/snowhouse.ca\/#\/schema\/logo\/image\/","url":"https:\/\/snowhouse.ca\/wp-content\/uploads\/2025\/07\/SnowHouse-Logo.png","contentUrl":"https:\/\/snowhouse.ca\/wp-content\/uploads\/2025\/07\/SnowHouse-Logo.png","width":508,"height":136,"caption":"Snowhouse inc."},"image":{"@id":"https:\/\/snowhouse.ca\/#\/schema\/logo\/image\/"}}]}},"_links":{"self":[{"href":"https:\/\/snowhouse.ca\/fr\/wp-json\/wp\/v2\/product\/2364","targetHints":{"allow":["GET"]}}],"collection":[{"href":"https:\/\/snowhouse.ca\/fr\/wp-json\/wp\/v2\/product"}],"about":[{"href":"https:\/\/snowhouse.ca\/fr\/wp-json\/wp\/v2\/types\/product"}],"wp:featuredmedia":[{"embeddable":true,"href":"https:\/\/snowhouse.ca\/fr\/wp-json\/wp\/v2\/media\/448"}],"wp:attachment":[{"href":"https:\/\/snowhouse.ca\/fr\/wp-json\/wp\/v2\/media?parent=2364"}],"wp:term":[{"taxonomy":"product_brand","embeddable":true,"href":"https:\/\/snowhouse.ca\/fr\/wp-json\/wp\/v2\/product_brand?post=2364"},{"taxonomy":"product_cat","embeddable":true,"href":"https:\/\/snowhouse.ca\/fr\/wp-json\/wp\/v2\/product_cat?post=2364"},{"taxonomy":"product_tag","embeddable":true,"href":"https:\/\/snowhouse.ca\/fr\/wp-json\/wp\/v2\/product_tag?post=2364"},{"taxonomy":"document","embeddable":true,"href":"https:\/\/snowhouse.ca\/fr\/wp-json\/wp\/v2\/document?post=2364"}],"curies":[{"name":"wp","href":"https:\/\/api.w.org\/{rel}","templated":true}]}}