{"id":321,"date":"2025-07-23T01:35:30","date_gmt":"2025-07-23T01:35:30","guid":{"rendered":"https:\/\/snowhouse.ca\/produit\/c-red-one-ultra-high-speed-low-noise-mct-camera-for-swir-imaging\/"},"modified":"2026-04-22T16:14:09","modified_gmt":"2026-04-22T16:14:09","slug":"c-red-one-ultra-high-speed-low-noise-mct-camera-for-swir-imaging","status":"publish","type":"product","link":"https:\/\/snowhouse.ca\/fr\/produit\/cameras-spectrographs\/swir-cameras\/c-red-one-ultra-high-speed-low-noise-mct-camera-for-swir-imaging\/","title":{"rendered":"C-RED One"},"content":{"rendered":"<p><strong>Cam\u00e9ra C-RED One ULTRA HAUTE VITESSE ET FAIBLE BRUIT MCT POUR IMAGERIE SWIR<\/strong><\/p>\n<p><strong>CARACT\u00c9RISTIQUES PRINCIPALES<\/strong><\/p>\n<p>&#8211; &lt; 1 e- read noise<br \/>\n\u2013 Jusqu&#039;\u00e0 3500 FPS en plein \u00e9cran<br \/>\n\u2013 Plusieurs modes de lecture (r\u00e9initialisation globale, r\u00e9initialisation progressive, lecture unique, CDS ou lectures non destructives)<br \/>\n\u2013 Fonctionnement \u00e0 90 K avec refroidissement par tube \u00e0 impulsions int\u00e9gr\u00e9<\/p>\n<p><strong>AUTRES CARACT\u00c9RISTIQUES<\/strong><\/p>\n<p>\u2013 D\u00e9tecteur r\u00e9volutionnaire \u00e0 photodiode \u00e0 avalanche (e-APD) de 320 x 256 pixels<br \/>\n\u2013 60% QE plat de 1,1 \u00e0 2,4 \u00b5m (J,H,K)<br \/>\n\u2013 Espacement des pixels de 24 \u00b5m<br \/>\nConvertisseur A\/D de pr\u00e9cision 16 bits<br \/>\n\u2013 ROI<br \/>\n\u2013 Interface CameraLink compl\u00e8te \u00e0 latence ultra-faible<br \/>\n\u2013 Entr\u00e9es\/sorties d&#039;horloge et de d\u00e9clenchement pour un fonctionnement synchrone<br \/>\n\u2013 Interface optique \u00e0 monture T<br \/>\n\u2013 Disponible en configuration bande H (0,8 \u2013 1,75 \u00b5m) avec baffle f\/4<br \/>\n\u2013 Disponible en configuration bande K (0,8 \u2013 2,43 \u00b5m) avec d\u00e9flecteur f\/20<br \/>\n\u2013 Filtres anti-froid int\u00e9gr\u00e9s<\/p>","protected":false},"excerpt":{"rendered":"<p>Cam\u00e9ra SWIR ultra-rapide et \u00e0 tr\u00e8s faible bruit<\/p>","protected":false},"featured_media":322,"template":"","meta":[],"product_brand":[551],"product_cat":[49],"product_tag":[],"document":[],"class_list":{"0":"post-321","1":"product","2":"type-product","3":"status-publish","4":"has-post-thumbnail","6":"product_brand-andor","7":"product_cat-swir-cameras","9":"first","10":"instock","11":"purchasable","12":"product-type-simple"},"yoast_head":"<!-- This site is optimized with the Yoast SEO plugin v26.8 - https:\/\/yoast.com\/product\/yoast-seo-wordpress\/ -->\n<title>C-RED One - SnowHouse<\/title>\n<meta name=\"description\" content=\"Ultra Low Noise Ultra High-Speed SWIR Camera\" \/>\n<meta name=\"robots\" content=\"index, follow, max-snippet:-1, max-image-preview:large, max-video-preview:-1\" \/>\n<link rel=\"canonical\" href=\"https:\/\/snowhouse.ca\/fr\/product\/cameras-spectrographs\/swir-cameras\/c-red-one-ultra-high-speed-low-noise-mct-camera-for-swir-imaging\/\" \/>\n<meta property=\"og:locale\" content=\"fr_CA\" \/>\n<meta property=\"og:type\" content=\"article\" \/>\n<meta property=\"og:title\" content=\"C-RED One - SnowHouse\" \/>\n<meta property=\"og:description\" content=\"Ultra Low Noise Ultra High-Speed SWIR Camera\" \/>\n<meta property=\"og:url\" content=\"https:\/\/snowhouse.ca\/fr\/product\/cameras-spectrographs\/swir-cameras\/c-red-one-ultra-high-speed-low-noise-mct-camera-for-swir-imaging\/\" \/>\n<meta property=\"og:site_name\" content=\"SnowHouse\" \/>\n<meta property=\"article:modified_time\" content=\"2026-04-22T16:14:09+00:00\" \/>\n<meta property=\"og:image\" content=\"https:\/\/snowhouse.ca\/wp-content\/uploads\/2025\/07\/92883.png?wsr\" \/>\n\t<meta property=\"og:image:width\" content=\"223\" \/>\n\t<meta property=\"og:image:height\" content=\"250\" \/>\n\t<meta property=\"og:image:type\" content=\"image\/png\" \/>\n<meta name=\"twitter:card\" content=\"summary_large_image\" \/>\n<meta name=\"twitter:label1\" content=\"Estimation du temps de lecture\" \/>\n\t<meta name=\"twitter:data1\" content=\"1 minute\" \/>\n<script type=\"application\/ld+json\" class=\"yoast-schema-graph\">{\"@context\":\"https:\/\/schema.org\",\"@graph\":[{\"@type\":\"WebPage\",\"@id\":\"https:\/\/snowhouse.ca\/product\/cameras-spectrographs\/swir-cameras\/c-red-one-ultra-high-speed-low-noise-mct-camera-for-swir-imaging\/\",\"url\":\"https:\/\/snowhouse.ca\/product\/cameras-spectrographs\/swir-cameras\/c-red-one-ultra-high-speed-low-noise-mct-camera-for-swir-imaging\/\",\"name\":\"C-RED One - SnowHouse\",\"isPartOf\":{\"@id\":\"https:\/\/snowhouse.ca\/#website\"},\"primaryImageOfPage\":{\"@id\":\"https:\/\/snowhouse.ca\/product\/cameras-spectrographs\/swir-cameras\/c-red-one-ultra-high-speed-low-noise-mct-camera-for-swir-imaging\/#primaryimage\"},\"image\":{\"@id\":\"https:\/\/snowhouse.ca\/product\/cameras-spectrographs\/swir-cameras\/c-red-one-ultra-high-speed-low-noise-mct-camera-for-swir-imaging\/#primaryimage\"},\"thumbnailUrl\":\"https:\/\/snowhouse.ca\/wp-content\/uploads\/2025\/07\/92883.png?wsr\",\"datePublished\":\"2025-07-23T01:35:30+00:00\",\"dateModified\":\"2026-04-22T16:14:09+00:00\",\"description\":\"Ultra Low Noise Ultra High-Speed SWIR Camera\",\"breadcrumb\":{\"@id\":\"https:\/\/snowhouse.ca\/product\/cameras-spectrographs\/swir-cameras\/c-red-one-ultra-high-speed-low-noise-mct-camera-for-swir-imaging\/#breadcrumb\"},\"inLanguage\":\"fr-CA\",\"potentialAction\":[{\"@type\":\"ReadAction\",\"target\":[\"https:\/\/snowhouse.ca\/product\/cameras-spectrographs\/swir-cameras\/c-red-one-ultra-high-speed-low-noise-mct-camera-for-swir-imaging\/\"]}]},{\"@type\":\"ImageObject\",\"inLanguage\":\"fr-CA\",\"@id\":\"https:\/\/snowhouse.ca\/product\/cameras-spectrographs\/swir-cameras\/c-red-one-ultra-high-speed-low-noise-mct-camera-for-swir-imaging\/#primaryimage\",\"url\":\"https:\/\/snowhouse.ca\/wp-content\/uploads\/2025\/07\/92883.png?wsr\",\"contentUrl\":\"https:\/\/snowhouse.ca\/wp-content\/uploads\/2025\/07\/92883.png?wsr\",\"width\":223,\"height\":250},{\"@type\":\"BreadcrumbList\",\"@id\":\"https:\/\/snowhouse.ca\/product\/cameras-spectrographs\/swir-cameras\/c-red-one-ultra-high-speed-low-noise-mct-camera-for-swir-imaging\/#breadcrumb\",\"itemListElement\":[{\"@type\":\"ListItem\",\"position\":1,\"name\":\"Home\",\"item\":\"https:\/\/snowhouse.ca\/\"},{\"@type\":\"ListItem\",\"position\":2,\"name\":\"Products\",\"item\":\"https:\/\/snowhouse.ca\/products\/\"},{\"@type\":\"ListItem\",\"position\":3,\"name\":\"C-RED One\"}]},{\"@type\":\"WebSite\",\"@id\":\"https:\/\/snowhouse.ca\/#website\",\"url\":\"https:\/\/snowhouse.ca\/\",\"name\":\"SnowHouse\",\"description\":\"Trusted Scientific Instruments\",\"publisher\":{\"@id\":\"https:\/\/snowhouse.ca\/#organization\"},\"potentialAction\":[{\"@type\":\"SearchAction\",\"target\":{\"@type\":\"EntryPoint\",\"urlTemplate\":\"https:\/\/snowhouse.ca\/?s={search_term_string}\"},\"query-input\":{\"@type\":\"PropertyValueSpecification\",\"valueRequired\":true,\"valueName\":\"search_term_string\"}}],\"inLanguage\":\"fr-CA\"},{\"@type\":\"Organization\",\"@id\":\"https:\/\/snowhouse.ca\/#organization\",\"name\":\"Snowhouse inc.\",\"alternateName\":\"Snowhouse\",\"url\":\"https:\/\/snowhouse.ca\/\",\"logo\":{\"@type\":\"ImageObject\",\"inLanguage\":\"fr-CA\",\"@id\":\"https:\/\/snowhouse.ca\/#\/schema\/logo\/image\/\",\"url\":\"https:\/\/snowhouse.ca\/wp-content\/uploads\/2025\/07\/SnowHouse-Logo.png\",\"contentUrl\":\"https:\/\/snowhouse.ca\/wp-content\/uploads\/2025\/07\/SnowHouse-Logo.png\",\"width\":508,\"height\":136,\"caption\":\"Snowhouse inc.\"},\"image\":{\"@id\":\"https:\/\/snowhouse.ca\/#\/schema\/logo\/image\/\"}}]}<\/script>\n<!-- \/ Yoast SEO plugin. -->","yoast_head_json":{"title":"C-RED One - SnowHouse","description":"Cam\u00e9ra SWIR ultra-rapide et \u00e0 tr\u00e8s faible bruit","robots":{"index":"index","follow":"follow","max-snippet":"max-snippet:-1","max-image-preview":"max-image-preview:large","max-video-preview":"max-video-preview:-1"},"canonical":"https:\/\/snowhouse.ca\/fr\/product\/cameras-spectrographs\/swir-cameras\/c-red-one-ultra-high-speed-low-noise-mct-camera-for-swir-imaging\/","og_locale":"fr_CA","og_type":"article","og_title":"C-RED One - SnowHouse","og_description":"Ultra Low Noise Ultra High-Speed SWIR Camera","og_url":"https:\/\/snowhouse.ca\/fr\/product\/cameras-spectrographs\/swir-cameras\/c-red-one-ultra-high-speed-low-noise-mct-camera-for-swir-imaging\/","og_site_name":"SnowHouse","article_modified_time":"2026-04-22T16:14:09+00:00","og_image":[{"width":223,"height":250,"url":"https:\/\/snowhouse.ca\/wp-content\/uploads\/2025\/07\/92883.png?wsr","type":"image\/png"}],"twitter_card":"summary_large_image","twitter_misc":{"Estimation du temps de lecture":"1 minute"},"schema":{"@context":"https:\/\/schema.org","@graph":[{"@type":"WebPage","@id":"https:\/\/snowhouse.ca\/product\/cameras-spectrographs\/swir-cameras\/c-red-one-ultra-high-speed-low-noise-mct-camera-for-swir-imaging\/","url":"https:\/\/snowhouse.ca\/product\/cameras-spectrographs\/swir-cameras\/c-red-one-ultra-high-speed-low-noise-mct-camera-for-swir-imaging\/","name":"C-RED One - SnowHouse","isPartOf":{"@id":"https:\/\/snowhouse.ca\/#website"},"primaryImageOfPage":{"@id":"https:\/\/snowhouse.ca\/product\/cameras-spectrographs\/swir-cameras\/c-red-one-ultra-high-speed-low-noise-mct-camera-for-swir-imaging\/#primaryimage"},"image":{"@id":"https:\/\/snowhouse.ca\/product\/cameras-spectrographs\/swir-cameras\/c-red-one-ultra-high-speed-low-noise-mct-camera-for-swir-imaging\/#primaryimage"},"thumbnailUrl":"https:\/\/snowhouse.ca\/wp-content\/uploads\/2025\/07\/92883.png?wsr","datePublished":"2025-07-23T01:35:30+00:00","dateModified":"2026-04-22T16:14:09+00:00","description":"Cam\u00e9ra SWIR ultra-rapide et \u00e0 tr\u00e8s faible bruit","breadcrumb":{"@id":"https:\/\/snowhouse.ca\/product\/cameras-spectrographs\/swir-cameras\/c-red-one-ultra-high-speed-low-noise-mct-camera-for-swir-imaging\/#breadcrumb"},"inLanguage":"fr-CA","potentialAction":[{"@type":"ReadAction","target":["https:\/\/snowhouse.ca\/product\/cameras-spectrographs\/swir-cameras\/c-red-one-ultra-high-speed-low-noise-mct-camera-for-swir-imaging\/"]}]},{"@type":"ImageObject","inLanguage":"fr-CA","@id":"https:\/\/snowhouse.ca\/product\/cameras-spectrographs\/swir-cameras\/c-red-one-ultra-high-speed-low-noise-mct-camera-for-swir-imaging\/#primaryimage","url":"https:\/\/snowhouse.ca\/wp-content\/uploads\/2025\/07\/92883.png?wsr","contentUrl":"https:\/\/snowhouse.ca\/wp-content\/uploads\/2025\/07\/92883.png?wsr","width":223,"height":250},{"@type":"BreadcrumbList","@id":"https:\/\/snowhouse.ca\/product\/cameras-spectrographs\/swir-cameras\/c-red-one-ultra-high-speed-low-noise-mct-camera-for-swir-imaging\/#breadcrumb","itemListElement":[{"@type":"ListItem","position":1,"name":"Home","item":"https:\/\/snowhouse.ca\/"},{"@type":"ListItem","position":2,"name":"Products","item":"https:\/\/snowhouse.ca\/products\/"},{"@type":"ListItem","position":3,"name":"C-RED One"}]},{"@type":"WebSite","@id":"https:\/\/snowhouse.ca\/#website","url":"https:\/\/snowhouse.ca\/","name":"Maison de neige","description":"Instruments scientifiques de confiance","publisher":{"@id":"https:\/\/snowhouse.ca\/#organization"},"potentialAction":[{"@type":"SearchAction","target":{"@type":"EntryPoint","urlTemplate":"https:\/\/snowhouse.ca\/?s={search_term_string}"},"query-input":{"@type":"PropertyValueSpecification","valueRequired":true,"valueName":"search_term_string"}}],"inLanguage":"fr-CA"},{"@type":"Organization","@id":"https:\/\/snowhouse.ca\/#organization","name":"Snowhouse inc.","alternateName":"Snowhouse","url":"https:\/\/snowhouse.ca\/","logo":{"@type":"ImageObject","inLanguage":"fr-CA","@id":"https:\/\/snowhouse.ca\/#\/schema\/logo\/image\/","url":"https:\/\/snowhouse.ca\/wp-content\/uploads\/2025\/07\/SnowHouse-Logo.png","contentUrl":"https:\/\/snowhouse.ca\/wp-content\/uploads\/2025\/07\/SnowHouse-Logo.png","width":508,"height":136,"caption":"Snowhouse inc."},"image":{"@id":"https:\/\/snowhouse.ca\/#\/schema\/logo\/image\/"}}]}},"_links":{"self":[{"href":"https:\/\/snowhouse.ca\/fr\/wp-json\/wp\/v2\/product\/321","targetHints":{"allow":["GET"]}}],"collection":[{"href":"https:\/\/snowhouse.ca\/fr\/wp-json\/wp\/v2\/product"}],"about":[{"href":"https:\/\/snowhouse.ca\/fr\/wp-json\/wp\/v2\/types\/product"}],"wp:featuredmedia":[{"embeddable":true,"href":"https:\/\/snowhouse.ca\/fr\/wp-json\/wp\/v2\/media\/322"}],"wp:attachment":[{"href":"https:\/\/snowhouse.ca\/fr\/wp-json\/wp\/v2\/media?parent=321"}],"wp:term":[{"taxonomy":"product_brand","embeddable":true,"href":"https:\/\/snowhouse.ca\/fr\/wp-json\/wp\/v2\/product_brand?post=321"},{"taxonomy":"product_cat","embeddable":true,"href":"https:\/\/snowhouse.ca\/fr\/wp-json\/wp\/v2\/product_cat?post=321"},{"taxonomy":"product_tag","embeddable":true,"href":"https:\/\/snowhouse.ca\/fr\/wp-json\/wp\/v2\/product_tag?post=321"},{"taxonomy":"document","embeddable":true,"href":"https:\/\/snowhouse.ca\/fr\/wp-json\/wp\/v2\/document?post=321"}],"curies":[{"name":"wp","href":"https:\/\/api.w.org\/{rel}","templated":true}]}}