{"id":329,"date":"2025-07-23T01:35:30","date_gmt":"2025-07-23T01:35:30","guid":{"rendered":"https:\/\/snowhouse.ca\/produit\/spectro-inlets-ec-ms-premium\/"},"modified":"2025-11-11T16:30:08","modified_gmt":"2025-11-11T16:30:08","slug":"spectro-inlets-ec-ms-premium","status":"publish","type":"product","link":"https:\/\/snowhouse.ca\/fr\/produit\/material-characterization\/mass-spectrometer-ec-ms\/spectro-inlets-ec-ms-premium\/","title":{"rendered":"Entr\u00e9es Spectro EC-MS Premium"},"content":{"rendered":"<h3><strong>Entr\u00e9es Spectro EC-MS Premium<br \/>\nANALYSE DE GAZ SANS EFFORT POUR LA RECHERCHE SUR LES BATTERIES<\/strong><\/h3>\n<h3><strong>ANALYSE EN TEMPS R\u00c9EL<\/strong><\/h3>\n<p>L&#039;EC-MS Premium permet de d\u00e9terminer l&#039;origine et la nature du d\u00e9gagement gazeux, ce qui am\u00e9liore la compr\u00e9hension de la formation de l&#039;interface \u00e9lectrolyte solide et de la d\u00e9gradation des \u00e9lectrodes et des \u00e9lectrolytes. Ceci acc\u00e9l\u00e8re le d\u00e9veloppement de batteries nouvelles et plus s\u00fbres, avec un d\u00e9lai de commercialisation plus court.<\/p>\n<p><strong>Enti\u00e8rement quantifiable<\/strong> \u2013 Collection compl\u00e8te de produits et \u00e9talonnage pr\u00e9cis<\/p>\n<p><strong>Sensibilit\u00e9 exceptionnelle<\/strong> \u2013 Mesurer la d\u00e9sorption de 0,5% d&#039;une monocouche en 0,5 seconde<\/p>\n<p><strong>Donn\u00e9es continues<\/strong> \u2013 L\u2019\u00e9chantillonnage de petits volumes permet une collecte de donn\u00e9es ininterrompue<\/p>\n<h3><strong>ACC\u00c9L\u00c9RER LA RECHERCHE SUR LES BATTERIES<\/strong><\/h3>\n<p>Pour acc\u00e9l\u00e9rer le d\u00e9veloppement de batteries plus performantes et plus s\u00fbres, l&#039;EC-MS Premium permet de d\u00e9terminer la nature et l&#039;origine des d\u00e9gagements gazeux. Il facilite une meilleure compr\u00e9hension de la formation de l&#039;interface \u00e9lectrolyte solide (SEI) et de la d\u00e9gradation des \u00e9lectrodes et des \u00e9lectrolytes.<\/p>\n<p>L&#039;association de l&#039;\u00e9lectrochimie (EC) et de la spectrom\u00e9trie de masse (SM) constitue un outil puissant pour analyser la formation de produits dans les batteries. Gr\u00e2ce \u00e0 une puce \u00e0 membrane d&#039;entr\u00e9e optimis\u00e9e dot\u00e9e d&#039;un microcapillaire int\u00e9gr\u00e9, Spectro Inlets offre un syst\u00e8me unique permettant de coupler l&#039;environnement ambiant de la batterie aux conditions de vide de la SM. Cette solution assure le transport continu des compos\u00e9s volatils vers le spectrom\u00e8tre de masse tout en limitant l&#039;\u00e9vaporation de l&#039;\u00e9lectrolyte.<\/p>","protected":false},"excerpt":{"rendered":"<p class=\"elementor-heading-title elementor-size-default\">Analyser la formation de gaz dans les batteries<\/p>","protected":false},"featured_media":330,"template":"","meta":[],"product_brand":[552],"product_cat":[127],"product_tag":[],"document":[],"class_list":{"0":"post-329","1":"product","2":"type-product","3":"status-publish","4":"has-post-thumbnail","6":"product_brand-spectro-inlets","7":"product_cat-mass-spectrometer-ec-ms","9":"first","10":"instock","11":"purchasable","12":"product-type-simple"},"yoast_head":"<!-- This site is optimized with the Yoast SEO plugin v26.8 - https:\/\/yoast.com\/product\/yoast-seo-wordpress\/ -->\n<title>Spectro Inlets EC-MS Premium - SnowHouse<\/title>\n<meta name=\"robots\" content=\"index, follow, max-snippet:-1, max-image-preview:large, max-video-preview:-1\" \/>\n<link rel=\"canonical\" href=\"https:\/\/snowhouse.ca\/fr\/product\/material-characterization\/mass-spectrometer-ec-ms\/spectro-inlets-ec-ms-premium\/\" \/>\n<meta property=\"og:locale\" content=\"fr_CA\" \/>\n<meta property=\"og:type\" content=\"article\" \/>\n<meta property=\"og:title\" content=\"Spectro Inlets EC-MS Premium - SnowHouse\" \/>\n<meta property=\"og:description\" content=\"Analyze battery gas formation\" \/>\n<meta property=\"og:url\" content=\"https:\/\/snowhouse.ca\/fr\/product\/material-characterization\/mass-spectrometer-ec-ms\/spectro-inlets-ec-ms-premium\/\" \/>\n<meta property=\"og:site_name\" content=\"SnowHouse\" \/>\n<meta property=\"article:modified_time\" content=\"2025-11-11T16:30:08+00:00\" \/>\n<meta property=\"og:image\" content=\"https:\/\/snowhouse.ca\/wp-content\/uploads\/2025\/07\/91933.jpg\" \/>\n\t<meta property=\"og:image:width\" content=\"1000\" \/>\n\t<meta property=\"og:image:height\" content=\"614\" \/>\n\t<meta property=\"og:image:type\" content=\"image\/jpeg\" \/>\n<meta name=\"twitter:card\" content=\"summary_large_image\" \/>\n<meta name=\"twitter:label1\" content=\"Estimation du temps de lecture\" \/>\n\t<meta name=\"twitter:data1\" content=\"2 minutes\" \/>\n<script type=\"application\/ld+json\" class=\"yoast-schema-graph\">{\"@context\":\"https:\/\/schema.org\",\"@graph\":[{\"@type\":\"WebPage\",\"@id\":\"https:\/\/snowhouse.ca\/product\/material-characterization\/mass-spectrometer-ec-ms\/spectro-inlets-ec-ms-premium\/\",\"url\":\"https:\/\/snowhouse.ca\/product\/material-characterization\/mass-spectrometer-ec-ms\/spectro-inlets-ec-ms-premium\/\",\"name\":\"Spectro Inlets EC-MS Premium - SnowHouse\",\"isPartOf\":{\"@id\":\"https:\/\/snowhouse.ca\/#website\"},\"primaryImageOfPage\":{\"@id\":\"https:\/\/snowhouse.ca\/product\/material-characterization\/mass-spectrometer-ec-ms\/spectro-inlets-ec-ms-premium\/#primaryimage\"},\"image\":{\"@id\":\"https:\/\/snowhouse.ca\/product\/material-characterization\/mass-spectrometer-ec-ms\/spectro-inlets-ec-ms-premium\/#primaryimage\"},\"thumbnailUrl\":\"https:\/\/snowhouse.ca\/wp-content\/uploads\/2025\/07\/91933.jpg?wsr\",\"datePublished\":\"2025-07-23T01:35:30+00:00\",\"dateModified\":\"2025-11-11T16:30:08+00:00\",\"breadcrumb\":{\"@id\":\"https:\/\/snowhouse.ca\/product\/material-characterization\/mass-spectrometer-ec-ms\/spectro-inlets-ec-ms-premium\/#breadcrumb\"},\"inLanguage\":\"fr-CA\",\"potentialAction\":[{\"@type\":\"ReadAction\",\"target\":[\"https:\/\/snowhouse.ca\/product\/material-characterization\/mass-spectrometer-ec-ms\/spectro-inlets-ec-ms-premium\/\"]}]},{\"@type\":\"ImageObject\",\"inLanguage\":\"fr-CA\",\"@id\":\"https:\/\/snowhouse.ca\/product\/material-characterization\/mass-spectrometer-ec-ms\/spectro-inlets-ec-ms-premium\/#primaryimage\",\"url\":\"https:\/\/snowhouse.ca\/wp-content\/uploads\/2025\/07\/91933.jpg?wsr\",\"contentUrl\":\"https:\/\/snowhouse.ca\/wp-content\/uploads\/2025\/07\/91933.jpg?wsr\",\"width\":1000,\"height\":614},{\"@type\":\"BreadcrumbList\",\"@id\":\"https:\/\/snowhouse.ca\/product\/material-characterization\/mass-spectrometer-ec-ms\/spectro-inlets-ec-ms-premium\/#breadcrumb\",\"itemListElement\":[{\"@type\":\"ListItem\",\"position\":1,\"name\":\"Home\",\"item\":\"https:\/\/snowhouse.ca\/\"},{\"@type\":\"ListItem\",\"position\":2,\"name\":\"Products\",\"item\":\"https:\/\/snowhouse.ca\/products\/\"},{\"@type\":\"ListItem\",\"position\":3,\"name\":\"Spectro Inlets EC-MS Premium\"}]},{\"@type\":\"WebSite\",\"@id\":\"https:\/\/snowhouse.ca\/#website\",\"url\":\"https:\/\/snowhouse.ca\/\",\"name\":\"SnowHouse\",\"description\":\"Trusted Scientific Instruments\",\"publisher\":{\"@id\":\"https:\/\/snowhouse.ca\/#organization\"},\"potentialAction\":[{\"@type\":\"SearchAction\",\"target\":{\"@type\":\"EntryPoint\",\"urlTemplate\":\"https:\/\/snowhouse.ca\/?s={search_term_string}\"},\"query-input\":{\"@type\":\"PropertyValueSpecification\",\"valueRequired\":true,\"valueName\":\"search_term_string\"}}],\"inLanguage\":\"fr-CA\"},{\"@type\":\"Organization\",\"@id\":\"https:\/\/snowhouse.ca\/#organization\",\"name\":\"Snowhouse inc.\",\"alternateName\":\"Snowhouse\",\"url\":\"https:\/\/snowhouse.ca\/\",\"logo\":{\"@type\":\"ImageObject\",\"inLanguage\":\"fr-CA\",\"@id\":\"https:\/\/snowhouse.ca\/#\/schema\/logo\/image\/\",\"url\":\"https:\/\/snowhouse.ca\/wp-content\/uploads\/2025\/07\/SnowHouse-Logo.png\",\"contentUrl\":\"https:\/\/snowhouse.ca\/wp-content\/uploads\/2025\/07\/SnowHouse-Logo.png\",\"width\":508,\"height\":136,\"caption\":\"Snowhouse inc.\"},\"image\":{\"@id\":\"https:\/\/snowhouse.ca\/#\/schema\/logo\/image\/\"}}]}<\/script>\n<!-- \/ Yoast SEO plugin. -->","yoast_head_json":{"title":"Spectro Inlets EC-MS Premium - SnowHouse","robots":{"index":"index","follow":"follow","max-snippet":"max-snippet:-1","max-image-preview":"max-image-preview:large","max-video-preview":"max-video-preview:-1"},"canonical":"https:\/\/snowhouse.ca\/fr\/product\/material-characterization\/mass-spectrometer-ec-ms\/spectro-inlets-ec-ms-premium\/","og_locale":"fr_CA","og_type":"article","og_title":"Spectro Inlets EC-MS Premium - SnowHouse","og_description":"Analyze battery gas formation","og_url":"https:\/\/snowhouse.ca\/fr\/product\/material-characterization\/mass-spectrometer-ec-ms\/spectro-inlets-ec-ms-premium\/","og_site_name":"SnowHouse","article_modified_time":"2025-11-11T16:30:08+00:00","og_image":[{"width":1000,"height":614,"url":"https:\/\/snowhouse.ca\/wp-content\/uploads\/2025\/07\/91933.jpg","type":"image\/jpeg"}],"twitter_card":"summary_large_image","twitter_misc":{"Estimation du temps de lecture":"2 minutes"},"schema":{"@context":"https:\/\/schema.org","@graph":[{"@type":"WebPage","@id":"https:\/\/snowhouse.ca\/product\/material-characterization\/mass-spectrometer-ec-ms\/spectro-inlets-ec-ms-premium\/","url":"https:\/\/snowhouse.ca\/product\/material-characterization\/mass-spectrometer-ec-ms\/spectro-inlets-ec-ms-premium\/","name":"Spectro Inlets EC-MS Premium - SnowHouse","isPartOf":{"@id":"https:\/\/snowhouse.ca\/#website"},"primaryImageOfPage":{"@id":"https:\/\/snowhouse.ca\/product\/material-characterization\/mass-spectrometer-ec-ms\/spectro-inlets-ec-ms-premium\/#primaryimage"},"image":{"@id":"https:\/\/snowhouse.ca\/product\/material-characterization\/mass-spectrometer-ec-ms\/spectro-inlets-ec-ms-premium\/#primaryimage"},"thumbnailUrl":"https:\/\/snowhouse.ca\/wp-content\/uploads\/2025\/07\/91933.jpg?wsr","datePublished":"2025-07-23T01:35:30+00:00","dateModified":"2025-11-11T16:30:08+00:00","breadcrumb":{"@id":"https:\/\/snowhouse.ca\/product\/material-characterization\/mass-spectrometer-ec-ms\/spectro-inlets-ec-ms-premium\/#breadcrumb"},"inLanguage":"fr-CA","potentialAction":[{"@type":"ReadAction","target":["https:\/\/snowhouse.ca\/product\/material-characterization\/mass-spectrometer-ec-ms\/spectro-inlets-ec-ms-premium\/"]}]},{"@type":"ImageObject","inLanguage":"fr-CA","@id":"https:\/\/snowhouse.ca\/product\/material-characterization\/mass-spectrometer-ec-ms\/spectro-inlets-ec-ms-premium\/#primaryimage","url":"https:\/\/snowhouse.ca\/wp-content\/uploads\/2025\/07\/91933.jpg?wsr","contentUrl":"https:\/\/snowhouse.ca\/wp-content\/uploads\/2025\/07\/91933.jpg?wsr","width":1000,"height":614},{"@type":"BreadcrumbList","@id":"https:\/\/snowhouse.ca\/product\/material-characterization\/mass-spectrometer-ec-ms\/spectro-inlets-ec-ms-premium\/#breadcrumb","itemListElement":[{"@type":"ListItem","position":1,"name":"Home","item":"https:\/\/snowhouse.ca\/"},{"@type":"ListItem","position":2,"name":"Products","item":"https:\/\/snowhouse.ca\/products\/"},{"@type":"ListItem","position":3,"name":"Spectro Inlets EC-MS Premium"}]},{"@type":"WebSite","@id":"https:\/\/snowhouse.ca\/#website","url":"https:\/\/snowhouse.ca\/","name":"Maison de neige","description":"Instruments scientifiques de confiance","publisher":{"@id":"https:\/\/snowhouse.ca\/#organization"},"potentialAction":[{"@type":"SearchAction","target":{"@type":"EntryPoint","urlTemplate":"https:\/\/snowhouse.ca\/?s={search_term_string}"},"query-input":{"@type":"PropertyValueSpecification","valueRequired":true,"valueName":"search_term_string"}}],"inLanguage":"fr-CA"},{"@type":"Organization","@id":"https:\/\/snowhouse.ca\/#organization","name":"Snowhouse inc.","alternateName":"Snowhouse","url":"https:\/\/snowhouse.ca\/","logo":{"@type":"ImageObject","inLanguage":"fr-CA","@id":"https:\/\/snowhouse.ca\/#\/schema\/logo\/image\/","url":"https:\/\/snowhouse.ca\/wp-content\/uploads\/2025\/07\/SnowHouse-Logo.png","contentUrl":"https:\/\/snowhouse.ca\/wp-content\/uploads\/2025\/07\/SnowHouse-Logo.png","width":508,"height":136,"caption":"Snowhouse inc."},"image":{"@id":"https:\/\/snowhouse.ca\/#\/schema\/logo\/image\/"}}]}},"_links":{"self":[{"href":"https:\/\/snowhouse.ca\/fr\/wp-json\/wp\/v2\/product\/329","targetHints":{"allow":["GET"]}}],"collection":[{"href":"https:\/\/snowhouse.ca\/fr\/wp-json\/wp\/v2\/product"}],"about":[{"href":"https:\/\/snowhouse.ca\/fr\/wp-json\/wp\/v2\/types\/product"}],"wp:featuredmedia":[{"embeddable":true,"href":"https:\/\/snowhouse.ca\/fr\/wp-json\/wp\/v2\/media\/330"}],"wp:attachment":[{"href":"https:\/\/snowhouse.ca\/fr\/wp-json\/wp\/v2\/media?parent=329"}],"wp:term":[{"taxonomy":"product_brand","embeddable":true,"href":"https:\/\/snowhouse.ca\/fr\/wp-json\/wp\/v2\/product_brand?post=329"},{"taxonomy":"product_cat","embeddable":true,"href":"https:\/\/snowhouse.ca\/fr\/wp-json\/wp\/v2\/product_cat?post=329"},{"taxonomy":"product_tag","embeddable":true,"href":"https:\/\/snowhouse.ca\/fr\/wp-json\/wp\/v2\/product_tag?post=329"},{"taxonomy":"document","embeddable":true,"href":"https:\/\/snowhouse.ca\/fr\/wp-json\/wp\/v2\/document?post=329"}],"curies":[{"name":"wp","href":"https:\/\/api.w.org\/{rel}","templated":true}]}}