{"id":331,"date":"2025-07-23T01:35:30","date_gmt":"2025-07-23T01:35:30","guid":{"rendered":"https:\/\/snowhouse.ca\/produit\/vista-one-nano-ir-microscope-and-spectrometer\/"},"modified":"2026-03-17T16:18:37","modified_gmt":"2026-03-17T16:18:37","slug":"vista-one-nano-ir-microscope-and-spectrometer","status":"publish","type":"product","link":"https:\/\/snowhouse.ca\/fr\/produit\/material-characterization\/afm-ir\/vista-one-nano-ir-microscope-and-spectrometer\/","title":{"rendered":"VISTA 75 nano-IR &#8211; Sub-5nm IR resolution"},"content":{"rendered":"<h1><strong>Vista 75<\/strong><\/h1>\n<h3><strong>IR-PiFM \u2013 PiF-IR \u2013 AFM-IR<\/strong><br \/>\n<strong>Sub 5 nm IR spatial resolution &#8212; Single-molecule-level sensitivity<\/strong><\/h3>\n<p><strong>Conception accessible<\/strong><br \/>\n\u2013 Un acc\u00e8s facile aux \u00e9chantillons et une pince de t\u00eate AFM \u00e0 une main facilitent les \u00e9changes de pointes et d&#039;\u00e9chantillons<\/p>\n<p><strong>Optiques \u00e0 changement rapide<\/strong><br \/>\n\u2013 Les optiques pr\u00e9-align\u00e9es facilitent la commutation entre PiFM + PiF-IR, s-SNOM et Raman.<\/p>\n<p><strong>Spectro-nanoscopie ultime<\/strong><br \/>\n\u2013 La microscopie \u00e0 force photo-induite (PiFM) et la spectroscopie infrarouge \u00e0 force photo-induite (PiF-IR) sont les principales techniques nano-IR.<\/p>\n<p><strong>Performances AFM exceptionnelles<\/strong><br \/>\n&#8211; With an 80 um (optional 100 um) xy-scanner and a dual z feedback system, our AFM is top notch.<\/p>\n<p><strong>Contr\u00f4le laser dynamique<\/strong><br \/>\n\u2013 Notre multiplexeur optique g\u00e8re automatiquement les alignements, la polarisation et la normalisation pour un contr\u00f4le laser sans effort.<\/p>\n<p><strong>Syst\u00e8me autonome<\/strong><br \/>\n\u2013 Aucun environnement sp\u00e9cifique n&#039;est requis. Le Vista 75 est \u00e9quip\u00e9 d&#039;une isolation antivibratoire int\u00e9gr\u00e9e et d&#039;une enceinte acoustique \u00e0 temp\u00e9rature contr\u00f4l\u00e9e avec air sec.<\/p>","protected":false},"excerpt":{"rendered":"<p>La prochaine g\u00e9n\u00e9ration d&#039;instruments PiFM et PiF-IR<\/p>","protected":false},"featured_media":332,"template":"","meta":[],"product_brand":[553],"product_cat":[52],"product_tag":[],"document":[],"class_list":{"0":"post-331","1":"product","2":"type-product","3":"status-publish","4":"has-post-thumbnail","6":"product_brand-molecular-vista","7":"product_cat-afm-ir","9":"first","10":"instock","11":"purchasable","12":"product-type-simple"},"yoast_head":"<!-- This site is optimized with the Yoast SEO plugin v26.8 - https:\/\/yoast.com\/product\/yoast-seo-wordpress\/ -->\n<title>VISTA 75 nano-IR - Sub-5nm IR resolution - SnowHouse<\/title>\n<meta name=\"robots\" content=\"index, follow, max-snippet:-1, max-image-preview:large, max-video-preview:-1\" \/>\n<link rel=\"canonical\" href=\"https:\/\/snowhouse.ca\/fr\/product\/material-characterization\/afm-ir\/vista-one-nano-ir-microscope-and-spectrometer\/\" \/>\n<meta property=\"og:locale\" content=\"fr_CA\" \/>\n<meta property=\"og:type\" content=\"article\" \/>\n<meta property=\"og:title\" content=\"VISTA 75 nano-IR - Sub-5nm IR resolution - SnowHouse\" \/>\n<meta property=\"og:description\" content=\"The next generation of PiFM and PiF-IR instruments\" \/>\n<meta property=\"og:url\" content=\"https:\/\/snowhouse.ca\/fr\/product\/material-characterization\/afm-ir\/vista-one-nano-ir-microscope-and-spectrometer\/\" \/>\n<meta property=\"og:site_name\" content=\"SnowHouse\" \/>\n<meta property=\"article:modified_time\" content=\"2026-03-17T16:18:37+00:00\" \/>\n<meta property=\"og:image\" content=\"https:\/\/snowhouse.ca\/wp-content\/uploads\/2025\/07\/91330.jpg?wsr\" \/>\n\t<meta property=\"og:image:width\" content=\"1000\" \/>\n\t<meta property=\"og:image:height\" content=\"666\" \/>\n\t<meta property=\"og:image:type\" content=\"image\/jpeg\" \/>\n<meta name=\"twitter:card\" content=\"summary_large_image\" \/>\n<meta name=\"twitter:label1\" content=\"Estimation du temps de lecture\" \/>\n\t<meta name=\"twitter:data1\" content=\"1 minute\" \/>\n<script type=\"application\/ld+json\" class=\"yoast-schema-graph\">{\"@context\":\"https:\/\/schema.org\",\"@graph\":[{\"@type\":\"WebPage\",\"@id\":\"https:\/\/snowhouse.ca\/product\/material-characterization\/afm-ir\/vista-one-nano-ir-microscope-and-spectrometer\/\",\"url\":\"https:\/\/snowhouse.ca\/product\/material-characterization\/afm-ir\/vista-one-nano-ir-microscope-and-spectrometer\/\",\"name\":\"VISTA 75 nano-IR - Sub-5nm IR resolution - SnowHouse\",\"isPartOf\":{\"@id\":\"https:\/\/snowhouse.ca\/#website\"},\"primaryImageOfPage\":{\"@id\":\"https:\/\/snowhouse.ca\/product\/material-characterization\/afm-ir\/vista-one-nano-ir-microscope-and-spectrometer\/#primaryimage\"},\"image\":{\"@id\":\"https:\/\/snowhouse.ca\/product\/material-characterization\/afm-ir\/vista-one-nano-ir-microscope-and-spectrometer\/#primaryimage\"},\"thumbnailUrl\":\"https:\/\/snowhouse.ca\/wp-content\/uploads\/2025\/07\/91330.jpg?wsr\",\"datePublished\":\"2025-07-23T01:35:30+00:00\",\"dateModified\":\"2026-03-17T16:18:37+00:00\",\"breadcrumb\":{\"@id\":\"https:\/\/snowhouse.ca\/product\/material-characterization\/afm-ir\/vista-one-nano-ir-microscope-and-spectrometer\/#breadcrumb\"},\"inLanguage\":\"fr-CA\",\"potentialAction\":[{\"@type\":\"ReadAction\",\"target\":[\"https:\/\/snowhouse.ca\/product\/material-characterization\/afm-ir\/vista-one-nano-ir-microscope-and-spectrometer\/\"]}]},{\"@type\":\"ImageObject\",\"inLanguage\":\"fr-CA\",\"@id\":\"https:\/\/snowhouse.ca\/product\/material-characterization\/afm-ir\/vista-one-nano-ir-microscope-and-spectrometer\/#primaryimage\",\"url\":\"https:\/\/snowhouse.ca\/wp-content\/uploads\/2025\/07\/91330.jpg?wsr\",\"contentUrl\":\"https:\/\/snowhouse.ca\/wp-content\/uploads\/2025\/07\/91330.jpg?wsr\",\"width\":1000,\"height\":666},{\"@type\":\"BreadcrumbList\",\"@id\":\"https:\/\/snowhouse.ca\/product\/material-characterization\/afm-ir\/vista-one-nano-ir-microscope-and-spectrometer\/#breadcrumb\",\"itemListElement\":[{\"@type\":\"ListItem\",\"position\":1,\"name\":\"Home\",\"item\":\"https:\/\/snowhouse.ca\/\"},{\"@type\":\"ListItem\",\"position\":2,\"name\":\"Products\",\"item\":\"https:\/\/snowhouse.ca\/products\/\"},{\"@type\":\"ListItem\",\"position\":3,\"name\":\"VISTA 75 nano-IR &#8211; Sub-5nm IR resolution\"}]},{\"@type\":\"WebSite\",\"@id\":\"https:\/\/snowhouse.ca\/#website\",\"url\":\"https:\/\/snowhouse.ca\/\",\"name\":\"SnowHouse\",\"description\":\"Trusted Scientific Instruments\",\"publisher\":{\"@id\":\"https:\/\/snowhouse.ca\/#organization\"},\"potentialAction\":[{\"@type\":\"SearchAction\",\"target\":{\"@type\":\"EntryPoint\",\"urlTemplate\":\"https:\/\/snowhouse.ca\/?s={search_term_string}\"},\"query-input\":{\"@type\":\"PropertyValueSpecification\",\"valueRequired\":true,\"valueName\":\"search_term_string\"}}],\"inLanguage\":\"fr-CA\"},{\"@type\":\"Organization\",\"@id\":\"https:\/\/snowhouse.ca\/#organization\",\"name\":\"Snowhouse inc.\",\"alternateName\":\"Snowhouse\",\"url\":\"https:\/\/snowhouse.ca\/\",\"logo\":{\"@type\":\"ImageObject\",\"inLanguage\":\"fr-CA\",\"@id\":\"https:\/\/snowhouse.ca\/#\/schema\/logo\/image\/\",\"url\":\"https:\/\/snowhouse.ca\/wp-content\/uploads\/2025\/07\/SnowHouse-Logo.png\",\"contentUrl\":\"https:\/\/snowhouse.ca\/wp-content\/uploads\/2025\/07\/SnowHouse-Logo.png\",\"width\":508,\"height\":136,\"caption\":\"Snowhouse inc.\"},\"image\":{\"@id\":\"https:\/\/snowhouse.ca\/#\/schema\/logo\/image\/\"}}]}<\/script>\n<!-- \/ Yoast SEO plugin. -->","yoast_head_json":{"title":"VISTA 75 nano-IR - Sub-5nm IR resolution - SnowHouse","robots":{"index":"index","follow":"follow","max-snippet":"max-snippet:-1","max-image-preview":"max-image-preview:large","max-video-preview":"max-video-preview:-1"},"canonical":"https:\/\/snowhouse.ca\/fr\/product\/material-characterization\/afm-ir\/vista-one-nano-ir-microscope-and-spectrometer\/","og_locale":"fr_CA","og_type":"article","og_title":"VISTA 75 nano-IR - Sub-5nm IR resolution - SnowHouse","og_description":"The next generation of PiFM and PiF-IR instruments","og_url":"https:\/\/snowhouse.ca\/fr\/product\/material-characterization\/afm-ir\/vista-one-nano-ir-microscope-and-spectrometer\/","og_site_name":"SnowHouse","article_modified_time":"2026-03-17T16:18:37+00:00","og_image":[{"width":1000,"height":666,"url":"https:\/\/snowhouse.ca\/wp-content\/uploads\/2025\/07\/91330.jpg?wsr","type":"image\/jpeg"}],"twitter_card":"summary_large_image","twitter_misc":{"Estimation du temps de lecture":"1 minute"},"schema":{"@context":"https:\/\/schema.org","@graph":[{"@type":"WebPage","@id":"https:\/\/snowhouse.ca\/product\/material-characterization\/afm-ir\/vista-one-nano-ir-microscope-and-spectrometer\/","url":"https:\/\/snowhouse.ca\/product\/material-characterization\/afm-ir\/vista-one-nano-ir-microscope-and-spectrometer\/","name":"VISTA 75 nano-IR - Sub-5nm IR resolution - SnowHouse","isPartOf":{"@id":"https:\/\/snowhouse.ca\/#website"},"primaryImageOfPage":{"@id":"https:\/\/snowhouse.ca\/product\/material-characterization\/afm-ir\/vista-one-nano-ir-microscope-and-spectrometer\/#primaryimage"},"image":{"@id":"https:\/\/snowhouse.ca\/product\/material-characterization\/afm-ir\/vista-one-nano-ir-microscope-and-spectrometer\/#primaryimage"},"thumbnailUrl":"https:\/\/snowhouse.ca\/wp-content\/uploads\/2025\/07\/91330.jpg?wsr","datePublished":"2025-07-23T01:35:30+00:00","dateModified":"2026-03-17T16:18:37+00:00","breadcrumb":{"@id":"https:\/\/snowhouse.ca\/product\/material-characterization\/afm-ir\/vista-one-nano-ir-microscope-and-spectrometer\/#breadcrumb"},"inLanguage":"fr-CA","potentialAction":[{"@type":"ReadAction","target":["https:\/\/snowhouse.ca\/product\/material-characterization\/afm-ir\/vista-one-nano-ir-microscope-and-spectrometer\/"]}]},{"@type":"ImageObject","inLanguage":"fr-CA","@id":"https:\/\/snowhouse.ca\/product\/material-characterization\/afm-ir\/vista-one-nano-ir-microscope-and-spectrometer\/#primaryimage","url":"https:\/\/snowhouse.ca\/wp-content\/uploads\/2025\/07\/91330.jpg?wsr","contentUrl":"https:\/\/snowhouse.ca\/wp-content\/uploads\/2025\/07\/91330.jpg?wsr","width":1000,"height":666},{"@type":"BreadcrumbList","@id":"https:\/\/snowhouse.ca\/product\/material-characterization\/afm-ir\/vista-one-nano-ir-microscope-and-spectrometer\/#breadcrumb","itemListElement":[{"@type":"ListItem","position":1,"name":"Home","item":"https:\/\/snowhouse.ca\/"},{"@type":"ListItem","position":2,"name":"Products","item":"https:\/\/snowhouse.ca\/products\/"},{"@type":"ListItem","position":3,"name":"VISTA 75 nano-IR &#8211; Sub-5nm IR resolution"}]},{"@type":"WebSite","@id":"https:\/\/snowhouse.ca\/#website","url":"https:\/\/snowhouse.ca\/","name":"Maison de neige","description":"Instruments scientifiques de confiance","publisher":{"@id":"https:\/\/snowhouse.ca\/#organization"},"potentialAction":[{"@type":"SearchAction","target":{"@type":"EntryPoint","urlTemplate":"https:\/\/snowhouse.ca\/?s={search_term_string}"},"query-input":{"@type":"PropertyValueSpecification","valueRequired":true,"valueName":"search_term_string"}}],"inLanguage":"fr-CA"},{"@type":"Organization","@id":"https:\/\/snowhouse.ca\/#organization","name":"Snowhouse inc.","alternateName":"Snowhouse","url":"https:\/\/snowhouse.ca\/","logo":{"@type":"ImageObject","inLanguage":"fr-CA","@id":"https:\/\/snowhouse.ca\/#\/schema\/logo\/image\/","url":"https:\/\/snowhouse.ca\/wp-content\/uploads\/2025\/07\/SnowHouse-Logo.png","contentUrl":"https:\/\/snowhouse.ca\/wp-content\/uploads\/2025\/07\/SnowHouse-Logo.png","width":508,"height":136,"caption":"Snowhouse inc."},"image":{"@id":"https:\/\/snowhouse.ca\/#\/schema\/logo\/image\/"}}]}},"_links":{"self":[{"href":"https:\/\/snowhouse.ca\/fr\/wp-json\/wp\/v2\/product\/331","targetHints":{"allow":["GET"]}}],"collection":[{"href":"https:\/\/snowhouse.ca\/fr\/wp-json\/wp\/v2\/product"}],"about":[{"href":"https:\/\/snowhouse.ca\/fr\/wp-json\/wp\/v2\/types\/product"}],"wp:featuredmedia":[{"embeddable":true,"href":"https:\/\/snowhouse.ca\/fr\/wp-json\/wp\/v2\/media\/332"}],"wp:attachment":[{"href":"https:\/\/snowhouse.ca\/fr\/wp-json\/wp\/v2\/media?parent=331"}],"wp:term":[{"taxonomy":"product_brand","embeddable":true,"href":"https:\/\/snowhouse.ca\/fr\/wp-json\/wp\/v2\/product_brand?post=331"},{"taxonomy":"product_cat","embeddable":true,"href":"https:\/\/snowhouse.ca\/fr\/wp-json\/wp\/v2\/product_cat?post=331"},{"taxonomy":"product_tag","embeddable":true,"href":"https:\/\/snowhouse.ca\/fr\/wp-json\/wp\/v2\/product_tag?post=331"},{"taxonomy":"document","embeddable":true,"href":"https:\/\/snowhouse.ca\/fr\/wp-json\/wp\/v2\/document?post=331"}],"curies":[{"name":"wp","href":"https:\/\/api.w.org\/{rel}","templated":true}]}}