{"id":333,"date":"2025-07-23T01:35:30","date_gmt":"2025-07-23T01:35:30","guid":{"rendered":"https:\/\/snowhouse.ca\/produit\/spectro-inlets-ec-ms\/"},"modified":"2025-11-10T22:08:05","modified_gmt":"2025-11-10T22:08:05","slug":"spectro-inlets-ec-ms","status":"publish","type":"product","link":"https:\/\/snowhouse.ca\/fr\/produit\/material-characterization\/mass-spectrometer-ec-ms\/spectro-inlets-ec-ms\/","title":{"rendered":"Entr\u00e9es Spectro EC-MS"},"content":{"rendered":"<h3><strong>Entr\u00e9es Spectro EC-MS\u00a0<\/strong><br \/>\n<strong>SPECTROSCOPIE DE MASSE SANS EFFORT POUR LES \u00c9LECTROCHIMISTES<\/strong><\/h3>\n<p><u><strong>D\u00e9tection enti\u00e8rement quantitative en temps r\u00e9el et \u00e0 haute sensibilit\u00e9 des produits de r\u00e9actions \u00e9lectrochimiques volatils<\/strong><\/u><\/p>\n<p>Couplage ais\u00e9 de l&#039;\u00e9lectrochimie (EC) et de la spectrom\u00e9trie de masse (MS) pour les chercheurs. Le syst\u00e8me EC-MS Spectro Inlets est la premi\u00e8re solution cl\u00e9 en main v\u00e9ritablement quantitative pour une d\u00e9tection rapide, fiable et sensible, en temps r\u00e9solu, de produits \u00e9lectrochimiques volatils pr\u00e9lev\u00e9s directement dans un \u00e9lectrolyte liquide. Le syst\u00e8me d&#039;entr\u00e9e unique, bas\u00e9 sur une micropuce, est optimis\u00e9 pour transf\u00e9rer le nombre exact de mol\u00e9cules requis pour une sensibilit\u00e9 MS optimale, \u00e9vitant ainsi le pompage diff\u00e9rentiel et les difficult\u00e9s de quantification associ\u00e9es. Gr\u00e2ce \u00e0 son exceptionnelle sensibilit\u00e9, le syst\u00e8me EC-MS peut d\u00e9tecter l&#039;int\u00e9gralit\u00e9 des mol\u00e9cules volatiles d\u00e9sorb\u00e9es d&#039;une \u00e9lectrode lors d&#039;un seul renouvellement \u00e9lectrochimique.<\/p>\n<p><u><strong>Applications pertinentes<\/strong><\/u><br \/>\n\u2013 R\u00e9actions des piles \u00e0 combustible (par exemple HOR\/MOR)<br \/>\n\u2013 S\u00e9paration de l&#039;eau (par exemple HER\/OER)<br \/>\n\u2013 (\u00e9lectro-)synth\u00e8se organique (par exemple CORR, valorisation des hydrocarbures)<br \/>\n\u2013 \u00c9tudes de mod\u00e8les (par exemple, corr\u00e9lation des ph\u00e9nom\u00e8nes de d\u00e9sorption avec la th\u00e9orie)<br \/>\n\u2013 R\u00e9duction de l&#039;azote (N2RR)<br \/>\n\u2013 Recherche sur les batteries (d\u00e9composition par solvant)<br \/>\n\u2013 \u00c9lectrocatalyse et chimie g\u00e9n\u00e9rales<br \/>\n\u2013 \u00c9tudes de stabilit\u00e9 des \u00e9lectrolytes<br \/>\n\u2013 Exp\u00e9riences marqu\u00e9es par des isotopes (par exemple pour les \u00e9tudes de voies de r\u00e9action)<\/p>","protected":false},"excerpt":{"rendered":"<p>Analyse en temps r\u00e9el des gaz issus des r\u00e9actions \u00e9lectrochimiques (HER, OER, CO2RR, CER, NH3, etc.)<\/p>","protected":false},"featured_media":334,"template":"","meta":[],"product_brand":[552],"product_cat":[127],"product_tag":[],"document":[],"class_list":{"0":"post-333","1":"product","2":"type-product","3":"status-publish","4":"has-post-thumbnail","6":"product_brand-spectro-inlets","7":"product_cat-mass-spectrometer-ec-ms","9":"first","10":"instock","11":"purchasable","12":"product-type-simple"},"yoast_head":"<!-- This site is optimized with the Yoast SEO plugin v26.8 - https:\/\/yoast.com\/product\/yoast-seo-wordpress\/ -->\n<title>Spectro Inlets EC-MS - SnowHouse<\/title>\n<meta name=\"robots\" content=\"index, follow, max-snippet:-1, max-image-preview:large, max-video-preview:-1\" \/>\n<link rel=\"canonical\" href=\"https:\/\/snowhouse.ca\/fr\/product\/material-characterization\/mass-spectrometer-ec-ms\/spectro-inlets-ec-ms\/\" \/>\n<meta property=\"og:locale\" content=\"fr_CA\" \/>\n<meta property=\"og:type\" content=\"article\" \/>\n<meta property=\"og:title\" content=\"Spectro Inlets EC-MS - SnowHouse\" \/>\n<meta property=\"og:description\" content=\"Real-Time gas analysis of electrochenical reactions (HER, OER, CO2RR, CER, NH3, etc)\" \/>\n<meta property=\"og:url\" content=\"https:\/\/snowhouse.ca\/fr\/product\/material-characterization\/mass-spectrometer-ec-ms\/spectro-inlets-ec-ms\/\" \/>\n<meta property=\"og:site_name\" content=\"SnowHouse\" \/>\n<meta property=\"article:modified_time\" content=\"2025-11-10T22:08:05+00:00\" \/>\n<meta property=\"og:image\" content=\"https:\/\/snowhouse.ca\/wp-content\/uploads\/2025\/07\/90906.png\" \/>\n\t<meta property=\"og:image:width\" content=\"1000\" \/>\n\t<meta property=\"og:image:height\" content=\"824\" \/>\n\t<meta property=\"og:image:type\" content=\"image\/png\" \/>\n<meta name=\"twitter:card\" content=\"summary_large_image\" \/>\n<meta name=\"twitter:label1\" content=\"Estimation du temps de lecture\" \/>\n\t<meta name=\"twitter:data1\" content=\"1 minute\" \/>\n<script type=\"application\/ld+json\" class=\"yoast-schema-graph\">{\"@context\":\"https:\/\/schema.org\",\"@graph\":[{\"@type\":\"WebPage\",\"@id\":\"https:\/\/snowhouse.ca\/product\/material-characterization\/mass-spectrometer-ec-ms\/spectro-inlets-ec-ms\/\",\"url\":\"https:\/\/snowhouse.ca\/product\/material-characterization\/mass-spectrometer-ec-ms\/spectro-inlets-ec-ms\/\",\"name\":\"Spectro Inlets EC-MS - SnowHouse\",\"isPartOf\":{\"@id\":\"https:\/\/snowhouse.ca\/#website\"},\"primaryImageOfPage\":{\"@id\":\"https:\/\/snowhouse.ca\/product\/material-characterization\/mass-spectrometer-ec-ms\/spectro-inlets-ec-ms\/#primaryimage\"},\"image\":{\"@id\":\"https:\/\/snowhouse.ca\/product\/material-characterization\/mass-spectrometer-ec-ms\/spectro-inlets-ec-ms\/#primaryimage\"},\"thumbnailUrl\":\"https:\/\/snowhouse.ca\/wp-content\/uploads\/2025\/07\/90906.png?wsr\",\"datePublished\":\"2025-07-23T01:35:30+00:00\",\"dateModified\":\"2025-11-10T22:08:05+00:00\",\"breadcrumb\":{\"@id\":\"https:\/\/snowhouse.ca\/product\/material-characterization\/mass-spectrometer-ec-ms\/spectro-inlets-ec-ms\/#breadcrumb\"},\"inLanguage\":\"fr-CA\",\"potentialAction\":[{\"@type\":\"ReadAction\",\"target\":[\"https:\/\/snowhouse.ca\/product\/material-characterization\/mass-spectrometer-ec-ms\/spectro-inlets-ec-ms\/\"]}]},{\"@type\":\"ImageObject\",\"inLanguage\":\"fr-CA\",\"@id\":\"https:\/\/snowhouse.ca\/product\/material-characterization\/mass-spectrometer-ec-ms\/spectro-inlets-ec-ms\/#primaryimage\",\"url\":\"https:\/\/snowhouse.ca\/wp-content\/uploads\/2025\/07\/90906.png?wsr\",\"contentUrl\":\"https:\/\/snowhouse.ca\/wp-content\/uploads\/2025\/07\/90906.png?wsr\",\"width\":1000,\"height\":824},{\"@type\":\"BreadcrumbList\",\"@id\":\"https:\/\/snowhouse.ca\/product\/material-characterization\/mass-spectrometer-ec-ms\/spectro-inlets-ec-ms\/#breadcrumb\",\"itemListElement\":[{\"@type\":\"ListItem\",\"position\":1,\"name\":\"Home\",\"item\":\"https:\/\/snowhouse.ca\/\"},{\"@type\":\"ListItem\",\"position\":2,\"name\":\"Products\",\"item\":\"https:\/\/snowhouse.ca\/products\/\"},{\"@type\":\"ListItem\",\"position\":3,\"name\":\"Spectro Inlets EC-MS\"}]},{\"@type\":\"WebSite\",\"@id\":\"https:\/\/snowhouse.ca\/#website\",\"url\":\"https:\/\/snowhouse.ca\/\",\"name\":\"SnowHouse\",\"description\":\"Trusted Scientific Instruments\",\"publisher\":{\"@id\":\"https:\/\/snowhouse.ca\/#organization\"},\"potentialAction\":[{\"@type\":\"SearchAction\",\"target\":{\"@type\":\"EntryPoint\",\"urlTemplate\":\"https:\/\/snowhouse.ca\/?s={search_term_string}\"},\"query-input\":{\"@type\":\"PropertyValueSpecification\",\"valueRequired\":true,\"valueName\":\"search_term_string\"}}],\"inLanguage\":\"fr-CA\"},{\"@type\":\"Organization\",\"@id\":\"https:\/\/snowhouse.ca\/#organization\",\"name\":\"Snowhouse inc.\",\"alternateName\":\"Snowhouse\",\"url\":\"https:\/\/snowhouse.ca\/\",\"logo\":{\"@type\":\"ImageObject\",\"inLanguage\":\"fr-CA\",\"@id\":\"https:\/\/snowhouse.ca\/#\/schema\/logo\/image\/\",\"url\":\"https:\/\/snowhouse.ca\/wp-content\/uploads\/2025\/07\/SnowHouse-Logo.png\",\"contentUrl\":\"https:\/\/snowhouse.ca\/wp-content\/uploads\/2025\/07\/SnowHouse-Logo.png\",\"width\":508,\"height\":136,\"caption\":\"Snowhouse inc.\"},\"image\":{\"@id\":\"https:\/\/snowhouse.ca\/#\/schema\/logo\/image\/\"}}]}<\/script>\n<!-- \/ Yoast SEO plugin. -->","yoast_head_json":{"title":"Spectro Inlets EC-MS - SnowHouse","robots":{"index":"index","follow":"follow","max-snippet":"max-snippet:-1","max-image-preview":"max-image-preview:large","max-video-preview":"max-video-preview:-1"},"canonical":"https:\/\/snowhouse.ca\/fr\/product\/material-characterization\/mass-spectrometer-ec-ms\/spectro-inlets-ec-ms\/","og_locale":"fr_CA","og_type":"article","og_title":"Spectro Inlets EC-MS - SnowHouse","og_description":"Real-Time gas analysis of electrochenical reactions (HER, OER, CO2RR, CER, NH3, etc)","og_url":"https:\/\/snowhouse.ca\/fr\/product\/material-characterization\/mass-spectrometer-ec-ms\/spectro-inlets-ec-ms\/","og_site_name":"SnowHouse","article_modified_time":"2025-11-10T22:08:05+00:00","og_image":[{"width":1000,"height":824,"url":"https:\/\/snowhouse.ca\/wp-content\/uploads\/2025\/07\/90906.png","type":"image\/png"}],"twitter_card":"summary_large_image","twitter_misc":{"Estimation du temps de lecture":"1 minute"},"schema":{"@context":"https:\/\/schema.org","@graph":[{"@type":"WebPage","@id":"https:\/\/snowhouse.ca\/product\/material-characterization\/mass-spectrometer-ec-ms\/spectro-inlets-ec-ms\/","url":"https:\/\/snowhouse.ca\/product\/material-characterization\/mass-spectrometer-ec-ms\/spectro-inlets-ec-ms\/","name":"Spectro Inlets EC-MS - SnowHouse","isPartOf":{"@id":"https:\/\/snowhouse.ca\/#website"},"primaryImageOfPage":{"@id":"https:\/\/snowhouse.ca\/product\/material-characterization\/mass-spectrometer-ec-ms\/spectro-inlets-ec-ms\/#primaryimage"},"image":{"@id":"https:\/\/snowhouse.ca\/product\/material-characterization\/mass-spectrometer-ec-ms\/spectro-inlets-ec-ms\/#primaryimage"},"thumbnailUrl":"https:\/\/snowhouse.ca\/wp-content\/uploads\/2025\/07\/90906.png?wsr","datePublished":"2025-07-23T01:35:30+00:00","dateModified":"2025-11-10T22:08:05+00:00","breadcrumb":{"@id":"https:\/\/snowhouse.ca\/product\/material-characterization\/mass-spectrometer-ec-ms\/spectro-inlets-ec-ms\/#breadcrumb"},"inLanguage":"fr-CA","potentialAction":[{"@type":"ReadAction","target":["https:\/\/snowhouse.ca\/product\/material-characterization\/mass-spectrometer-ec-ms\/spectro-inlets-ec-ms\/"]}]},{"@type":"ImageObject","inLanguage":"fr-CA","@id":"https:\/\/snowhouse.ca\/product\/material-characterization\/mass-spectrometer-ec-ms\/spectro-inlets-ec-ms\/#primaryimage","url":"https:\/\/snowhouse.ca\/wp-content\/uploads\/2025\/07\/90906.png?wsr","contentUrl":"https:\/\/snowhouse.ca\/wp-content\/uploads\/2025\/07\/90906.png?wsr","width":1000,"height":824},{"@type":"BreadcrumbList","@id":"https:\/\/snowhouse.ca\/product\/material-characterization\/mass-spectrometer-ec-ms\/spectro-inlets-ec-ms\/#breadcrumb","itemListElement":[{"@type":"ListItem","position":1,"name":"Home","item":"https:\/\/snowhouse.ca\/"},{"@type":"ListItem","position":2,"name":"Products","item":"https:\/\/snowhouse.ca\/products\/"},{"@type":"ListItem","position":3,"name":"Spectro Inlets EC-MS"}]},{"@type":"WebSite","@id":"https:\/\/snowhouse.ca\/#website","url":"https:\/\/snowhouse.ca\/","name":"Maison de neige","description":"Instruments scientifiques de confiance","publisher":{"@id":"https:\/\/snowhouse.ca\/#organization"},"potentialAction":[{"@type":"SearchAction","target":{"@type":"EntryPoint","urlTemplate":"https:\/\/snowhouse.ca\/?s={search_term_string}"},"query-input":{"@type":"PropertyValueSpecification","valueRequired":true,"valueName":"search_term_string"}}],"inLanguage":"fr-CA"},{"@type":"Organization","@id":"https:\/\/snowhouse.ca\/#organization","name":"Snowhouse inc.","alternateName":"Snowhouse","url":"https:\/\/snowhouse.ca\/","logo":{"@type":"ImageObject","inLanguage":"fr-CA","@id":"https:\/\/snowhouse.ca\/#\/schema\/logo\/image\/","url":"https:\/\/snowhouse.ca\/wp-content\/uploads\/2025\/07\/SnowHouse-Logo.png","contentUrl":"https:\/\/snowhouse.ca\/wp-content\/uploads\/2025\/07\/SnowHouse-Logo.png","width":508,"height":136,"caption":"Snowhouse inc."},"image":{"@id":"https:\/\/snowhouse.ca\/#\/schema\/logo\/image\/"}}]}},"_links":{"self":[{"href":"https:\/\/snowhouse.ca\/fr\/wp-json\/wp\/v2\/product\/333","targetHints":{"allow":["GET"]}}],"collection":[{"href":"https:\/\/snowhouse.ca\/fr\/wp-json\/wp\/v2\/product"}],"about":[{"href":"https:\/\/snowhouse.ca\/fr\/wp-json\/wp\/v2\/types\/product"}],"wp:featuredmedia":[{"embeddable":true,"href":"https:\/\/snowhouse.ca\/fr\/wp-json\/wp\/v2\/media\/334"}],"wp:attachment":[{"href":"https:\/\/snowhouse.ca\/fr\/wp-json\/wp\/v2\/media?parent=333"}],"wp:term":[{"taxonomy":"product_brand","embeddable":true,"href":"https:\/\/snowhouse.ca\/fr\/wp-json\/wp\/v2\/product_brand?post=333"},{"taxonomy":"product_cat","embeddable":true,"href":"https:\/\/snowhouse.ca\/fr\/wp-json\/wp\/v2\/product_cat?post=333"},{"taxonomy":"product_tag","embeddable":true,"href":"https:\/\/snowhouse.ca\/fr\/wp-json\/wp\/v2\/product_tag?post=333"},{"taxonomy":"document","embeddable":true,"href":"https:\/\/snowhouse.ca\/fr\/wp-json\/wp\/v2\/document?post=333"}],"curies":[{"name":"wp","href":"https:\/\/api.w.org\/{rel}","templated":true}]}}