{"id":355,"date":"2025-07-23T01:36:31","date_gmt":"2025-07-23T01:36:31","guid":{"rendered":"https:\/\/snowhouse.ca\/produit\/0-marana-x-scmos-x-ray-camera\/"},"modified":"2025-11-17T16:41:34","modified_gmt":"2025-11-17T16:41:34","slug":"0-marana-x-scmos-x-ray-camera","status":"publish","type":"product","link":"https:\/\/snowhouse.ca\/fr\/produit\/cameras-spectrographs\/x-ray-neutron-cameras\/0-marana-x-scmos-x-ray-camera\/","title":{"rendered":"Marana-X"},"content":{"rendered":"<h3><strong>Marana-X \u2013 Cam\u00e9ra \u00e0 rayons X sCMOS<\/strong><br \/>\nLe <strong>le plus rapide<\/strong> Cam\u00e9ra sCMOS pour <strong>EUV direct<\/strong> et <strong>Rayons X mous<\/strong> D\u00e9tection<\/h3>\n<p>Marana-X est la plateforme sCMOS r\u00e9volutionnaire de Andor, con\u00e7ue sp\u00e9cifiquement pour les applications EUV et rayons X mous. Fabriqu\u00e9e \u00e0 la main pour offrir des performances et une polyvalence in\u00e9gal\u00e9es, Marana-X lit une matrice haute r\u00e9solution de 4,2 m\u00e9gapixels en moins de 50 millisecondes tout en maintenant un bruit de lecture extr\u00eamement faible\u00a0; des centaines de fois plus rapide que les d\u00e9tecteurs CCD de r\u00e9solution similaire.<\/p>\n<p><strong>\u2013 Jusqu&#039;\u00e0 99% QE et bruit minimal<\/strong>\u00a0Rapport signal\/bruit maximal pour les mesures en faible luminosit\u00e9. Obtenez un contraste \u00e9lev\u00e9 plus rapidement.<br \/>\n<strong>\u2013 Refroidi sous vide \u00e0 -45 \u00b0C\u00a0<\/strong>\u2013 Les signaux tr\u00e8s faibles n\u00e9cessitent un niveau de bruit minimal et des temps d&#039;exposition plus longs\u00a0: ne vous laissez pas limiter par le bruit thermique de la cam\u00e9ra.<br \/>\n<strong>\u2013 4,2 m\u00e9gapixels<\/strong>\u00a0\u2013 Haute r\u00e9solution en pixels, maintenant la nettet\u00e9 de l&#039;image sur un champ de vision \u00e9tendu<br \/>\n<strong>\u2013 Le SEUL capteur sCMOS r\u00e9tro\u00e9clair\u00e9 non trait\u00e9<\/strong>\u00a0\u2013 Le Marana-X int\u00e9grait le premier capteur sCMOS r\u00e9tro\u00e9clair\u00e9 non trait\u00e9 au monde, permettant une d\u00e9tection EUV (rayons X mous) sans pr\u00e9c\u00e9dent.<br \/>\n<strong>\u2013 Mode de plage dynamique \u00e9tendue (EDR)<\/strong>\u00a0\u2013 Quantification instantan\u00e9e\u00a0? Sur toute la gamme dynamique, capturez des images \u00e0 haute et basse intensit\u00e9 dans la m\u00eame image.<br \/>\n<strong>\u2013 &gt; 99,7% lin\u00e9arit\u00e9<\/strong>\u00a0\u2013 Pr\u00e9cision quantitative in\u00e9gal\u00e9e sur toute la gamme du signal.<br \/>\n<strong>\u2013 Refroidissement par ventilateur et par liquide en standard<\/strong>\u00a0\u2013 Refroidissement liquide pour une sensibilit\u00e9 maximale<\/p>","protected":false},"excerpt":{"rendered":"<p>Capteur sCMOS de 4,2 m\u00e9gapixels pour la d\u00e9tection directe des rayons EUV et des rayons X mous<\/p>","protected":false},"featured_media":2523,"template":"","meta":[],"product_brand":[551],"product_cat":[57],"product_tag":[],"document":[],"class_list":{"0":"post-355","1":"product","2":"type-product","3":"status-publish","4":"has-post-thumbnail","6":"product_brand-andor","7":"product_cat-x-ray-neutron-cameras","9":"first","10":"instock","11":"purchasable","12":"product-type-simple"},"yoast_head":"<!-- This site is optimized with the Yoast SEO plugin v26.8 - https:\/\/yoast.com\/product\/yoast-seo-wordpress\/ -->\n<title>Marana-X - SnowHouse<\/title>\n<meta name=\"robots\" content=\"index, follow, max-snippet:-1, max-image-preview:large, max-video-preview:-1\" \/>\n<link rel=\"canonical\" href=\"https:\/\/snowhouse.ca\/fr\/product\/cameras-spectrographs\/x-ray-neutron-cameras\/0-marana-x-scmos-x-ray-camera\/\" \/>\n<meta property=\"og:locale\" content=\"fr_CA\" \/>\n<meta property=\"og:type\" content=\"article\" \/>\n<meta property=\"og:title\" content=\"Marana-X - SnowHouse\" \/>\n<meta property=\"og:description\" content=\"4.2 Megapixel sCMOS for direct EUV and soft X-ray detection\" \/>\n<meta property=\"og:url\" content=\"https:\/\/snowhouse.ca\/fr\/product\/cameras-spectrographs\/x-ray-neutron-cameras\/0-marana-x-scmos-x-ray-camera\/\" \/>\n<meta property=\"og:site_name\" content=\"SnowHouse\" \/>\n<meta property=\"article:modified_time\" content=\"2025-11-17T16:41:34+00:00\" \/>\n<meta property=\"og:image\" content=\"https:\/\/snowhouse.ca\/wp-content\/uploads\/2025\/07\/Andor-Marana-X.png\" \/>\n\t<meta property=\"og:image:width\" content=\"1214\" \/>\n\t<meta property=\"og:image:height\" content=\"937\" \/>\n\t<meta property=\"og:image:type\" content=\"image\/png\" \/>\n<meta name=\"twitter:card\" content=\"summary_large_image\" \/>\n<meta name=\"twitter:label1\" content=\"Estimation du temps de lecture\" \/>\n\t<meta name=\"twitter:data1\" content=\"2 minutes\" \/>\n<script type=\"application\/ld+json\" class=\"yoast-schema-graph\">{\"@context\":\"https:\/\/schema.org\",\"@graph\":[{\"@type\":\"WebPage\",\"@id\":\"https:\/\/snowhouse.ca\/product\/cameras-spectrographs\/x-ray-neutron-cameras\/0-marana-x-scmos-x-ray-camera\/\",\"url\":\"https:\/\/snowhouse.ca\/product\/cameras-spectrographs\/x-ray-neutron-cameras\/0-marana-x-scmos-x-ray-camera\/\",\"name\":\"Marana-X - SnowHouse\",\"isPartOf\":{\"@id\":\"https:\/\/snowhouse.ca\/#website\"},\"primaryImageOfPage\":{\"@id\":\"https:\/\/snowhouse.ca\/product\/cameras-spectrographs\/x-ray-neutron-cameras\/0-marana-x-scmos-x-ray-camera\/#primaryimage\"},\"image\":{\"@id\":\"https:\/\/snowhouse.ca\/product\/cameras-spectrographs\/x-ray-neutron-cameras\/0-marana-x-scmos-x-ray-camera\/#primaryimage\"},\"thumbnailUrl\":\"https:\/\/snowhouse.ca\/wp-content\/uploads\/2025\/07\/Andor-Marana-X.png?wsr\",\"datePublished\":\"2025-07-23T01:36:31+00:00\",\"dateModified\":\"2025-11-17T16:41:34+00:00\",\"breadcrumb\":{\"@id\":\"https:\/\/snowhouse.ca\/product\/cameras-spectrographs\/x-ray-neutron-cameras\/0-marana-x-scmos-x-ray-camera\/#breadcrumb\"},\"inLanguage\":\"fr-CA\",\"potentialAction\":[{\"@type\":\"ReadAction\",\"target\":[\"https:\/\/snowhouse.ca\/product\/cameras-spectrographs\/x-ray-neutron-cameras\/0-marana-x-scmos-x-ray-camera\/\"]}]},{\"@type\":\"ImageObject\",\"inLanguage\":\"fr-CA\",\"@id\":\"https:\/\/snowhouse.ca\/product\/cameras-spectrographs\/x-ray-neutron-cameras\/0-marana-x-scmos-x-ray-camera\/#primaryimage\",\"url\":\"https:\/\/snowhouse.ca\/wp-content\/uploads\/2025\/07\/Andor-Marana-X.png?wsr\",\"contentUrl\":\"https:\/\/snowhouse.ca\/wp-content\/uploads\/2025\/07\/Andor-Marana-X.png?wsr\",\"width\":1214,\"height\":937,\"caption\":\"Marana-X sCMOS camera - High Energy Camera\"},{\"@type\":\"BreadcrumbList\",\"@id\":\"https:\/\/snowhouse.ca\/product\/cameras-spectrographs\/x-ray-neutron-cameras\/0-marana-x-scmos-x-ray-camera\/#breadcrumb\",\"itemListElement\":[{\"@type\":\"ListItem\",\"position\":1,\"name\":\"Home\",\"item\":\"https:\/\/snowhouse.ca\/\"},{\"@type\":\"ListItem\",\"position\":2,\"name\":\"Products\",\"item\":\"https:\/\/snowhouse.ca\/products\/\"},{\"@type\":\"ListItem\",\"position\":3,\"name\":\"Marana-X\"}]},{\"@type\":\"WebSite\",\"@id\":\"https:\/\/snowhouse.ca\/#website\",\"url\":\"https:\/\/snowhouse.ca\/\",\"name\":\"SnowHouse\",\"description\":\"Trusted Scientific Instruments\",\"publisher\":{\"@id\":\"https:\/\/snowhouse.ca\/#organization\"},\"potentialAction\":[{\"@type\":\"SearchAction\",\"target\":{\"@type\":\"EntryPoint\",\"urlTemplate\":\"https:\/\/snowhouse.ca\/?s={search_term_string}\"},\"query-input\":{\"@type\":\"PropertyValueSpecification\",\"valueRequired\":true,\"valueName\":\"search_term_string\"}}],\"inLanguage\":\"fr-CA\"},{\"@type\":\"Organization\",\"@id\":\"https:\/\/snowhouse.ca\/#organization\",\"name\":\"Snowhouse inc.\",\"alternateName\":\"Snowhouse\",\"url\":\"https:\/\/snowhouse.ca\/\",\"logo\":{\"@type\":\"ImageObject\",\"inLanguage\":\"fr-CA\",\"@id\":\"https:\/\/snowhouse.ca\/#\/schema\/logo\/image\/\",\"url\":\"https:\/\/snowhouse.ca\/wp-content\/uploads\/2025\/07\/SnowHouse-Logo.png\",\"contentUrl\":\"https:\/\/snowhouse.ca\/wp-content\/uploads\/2025\/07\/SnowHouse-Logo.png\",\"width\":508,\"height\":136,\"caption\":\"Snowhouse inc.\"},\"image\":{\"@id\":\"https:\/\/snowhouse.ca\/#\/schema\/logo\/image\/\"}}]}<\/script>\n<!-- \/ Yoast SEO plugin. -->","yoast_head_json":{"title":"Marana-X - SnowHouse","robots":{"index":"index","follow":"follow","max-snippet":"max-snippet:-1","max-image-preview":"max-image-preview:large","max-video-preview":"max-video-preview:-1"},"canonical":"https:\/\/snowhouse.ca\/fr\/product\/cameras-spectrographs\/x-ray-neutron-cameras\/0-marana-x-scmos-x-ray-camera\/","og_locale":"fr_CA","og_type":"article","og_title":"Marana-X - SnowHouse","og_description":"4.2 Megapixel sCMOS for direct EUV and soft X-ray detection","og_url":"https:\/\/snowhouse.ca\/fr\/product\/cameras-spectrographs\/x-ray-neutron-cameras\/0-marana-x-scmos-x-ray-camera\/","og_site_name":"SnowHouse","article_modified_time":"2025-11-17T16:41:34+00:00","og_image":[{"width":1214,"height":937,"url":"https:\/\/snowhouse.ca\/wp-content\/uploads\/2025\/07\/Andor-Marana-X.png","type":"image\/png"}],"twitter_card":"summary_large_image","twitter_misc":{"Estimation du temps de lecture":"2 minutes"},"schema":{"@context":"https:\/\/schema.org","@graph":[{"@type":"WebPage","@id":"https:\/\/snowhouse.ca\/product\/cameras-spectrographs\/x-ray-neutron-cameras\/0-marana-x-scmos-x-ray-camera\/","url":"https:\/\/snowhouse.ca\/product\/cameras-spectrographs\/x-ray-neutron-cameras\/0-marana-x-scmos-x-ray-camera\/","name":"Marana-X - SnowHouse","isPartOf":{"@id":"https:\/\/snowhouse.ca\/#website"},"primaryImageOfPage":{"@id":"https:\/\/snowhouse.ca\/product\/cameras-spectrographs\/x-ray-neutron-cameras\/0-marana-x-scmos-x-ray-camera\/#primaryimage"},"image":{"@id":"https:\/\/snowhouse.ca\/product\/cameras-spectrographs\/x-ray-neutron-cameras\/0-marana-x-scmos-x-ray-camera\/#primaryimage"},"thumbnailUrl":"https:\/\/snowhouse.ca\/wp-content\/uploads\/2025\/07\/Andor-Marana-X.png?wsr","datePublished":"2025-07-23T01:36:31+00:00","dateModified":"2025-11-17T16:41:34+00:00","breadcrumb":{"@id":"https:\/\/snowhouse.ca\/product\/cameras-spectrographs\/x-ray-neutron-cameras\/0-marana-x-scmos-x-ray-camera\/#breadcrumb"},"inLanguage":"fr-CA","potentialAction":[{"@type":"ReadAction","target":["https:\/\/snowhouse.ca\/product\/cameras-spectrographs\/x-ray-neutron-cameras\/0-marana-x-scmos-x-ray-camera\/"]}]},{"@type":"ImageObject","inLanguage":"fr-CA","@id":"https:\/\/snowhouse.ca\/product\/cameras-spectrographs\/x-ray-neutron-cameras\/0-marana-x-scmos-x-ray-camera\/#primaryimage","url":"https:\/\/snowhouse.ca\/wp-content\/uploads\/2025\/07\/Andor-Marana-X.png?wsr","contentUrl":"https:\/\/snowhouse.ca\/wp-content\/uploads\/2025\/07\/Andor-Marana-X.png?wsr","width":1214,"height":937,"caption":"Marana-X sCMOS camera - High Energy Camera"},{"@type":"BreadcrumbList","@id":"https:\/\/snowhouse.ca\/product\/cameras-spectrographs\/x-ray-neutron-cameras\/0-marana-x-scmos-x-ray-camera\/#breadcrumb","itemListElement":[{"@type":"ListItem","position":1,"name":"Home","item":"https:\/\/snowhouse.ca\/"},{"@type":"ListItem","position":2,"name":"Products","item":"https:\/\/snowhouse.ca\/products\/"},{"@type":"ListItem","position":3,"name":"Marana-X"}]},{"@type":"WebSite","@id":"https:\/\/snowhouse.ca\/#website","url":"https:\/\/snowhouse.ca\/","name":"Maison de neige","description":"Instruments scientifiques de confiance","publisher":{"@id":"https:\/\/snowhouse.ca\/#organization"},"potentialAction":[{"@type":"SearchAction","target":{"@type":"EntryPoint","urlTemplate":"https:\/\/snowhouse.ca\/?s={search_term_string}"},"query-input":{"@type":"PropertyValueSpecification","valueRequired":true,"valueName":"search_term_string"}}],"inLanguage":"fr-CA"},{"@type":"Organization","@id":"https:\/\/snowhouse.ca\/#organization","name":"Snowhouse inc.","alternateName":"Snowhouse","url":"https:\/\/snowhouse.ca\/","logo":{"@type":"ImageObject","inLanguage":"fr-CA","@id":"https:\/\/snowhouse.ca\/#\/schema\/logo\/image\/","url":"https:\/\/snowhouse.ca\/wp-content\/uploads\/2025\/07\/SnowHouse-Logo.png","contentUrl":"https:\/\/snowhouse.ca\/wp-content\/uploads\/2025\/07\/SnowHouse-Logo.png","width":508,"height":136,"caption":"Snowhouse inc."},"image":{"@id":"https:\/\/snowhouse.ca\/#\/schema\/logo\/image\/"}}]}},"_links":{"self":[{"href":"https:\/\/snowhouse.ca\/fr\/wp-json\/wp\/v2\/product\/355","targetHints":{"allow":["GET"]}}],"collection":[{"href":"https:\/\/snowhouse.ca\/fr\/wp-json\/wp\/v2\/product"}],"about":[{"href":"https:\/\/snowhouse.ca\/fr\/wp-json\/wp\/v2\/types\/product"}],"wp:featuredmedia":[{"embeddable":true,"href":"https:\/\/snowhouse.ca\/fr\/wp-json\/wp\/v2\/media\/2523"}],"wp:attachment":[{"href":"https:\/\/snowhouse.ca\/fr\/wp-json\/wp\/v2\/media?parent=355"}],"wp:term":[{"taxonomy":"product_brand","embeddable":true,"href":"https:\/\/snowhouse.ca\/fr\/wp-json\/wp\/v2\/product_brand?post=355"},{"taxonomy":"product_cat","embeddable":true,"href":"https:\/\/snowhouse.ca\/fr\/wp-json\/wp\/v2\/product_cat?post=355"},{"taxonomy":"product_tag","embeddable":true,"href":"https:\/\/snowhouse.ca\/fr\/wp-json\/wp\/v2\/product_tag?post=355"},{"taxonomy":"document","embeddable":true,"href":"https:\/\/snowhouse.ca\/fr\/wp-json\/wp\/v2\/document?post=355"}],"curies":[{"name":"wp","href":"https:\/\/api.w.org\/{rel}","templated":true}]}}