{"id":357,"date":"2025-07-23T01:36:31","date_gmt":"2025-07-23T01:36:31","guid":{"rendered":"https:\/\/snowhouse.ca\/produit\/20-vsp-3e-tailor-made-for-energy-research\/"},"modified":"2025-11-24T21:34:39","modified_gmt":"2025-11-24T21:34:39","slug":"20-vsp-3e-tailor-made-for-energy-research","status":"publish","type":"product","link":"https:\/\/snowhouse.ca\/fr\/produit\/potentiostats-galvanostats-fra\/essential-potentiostats\/20-vsp-3e-tailor-made-for-energy-research\/","title":{"rendered":"VSP-3e Pstat\/Gstat"},"content":{"rendered":"<h3><u><strong>VSP-3e \u2013 Modulaire 8 canaux \u00b1 1 A (extensible jusqu&#039;\u00e0 800 A), EIS int\u00e9gr\u00e9<\/strong><\/u><\/h3>\n<p>Le VSP-3e est un potentiostat\/galvanostat multicanal de qualit\u00e9 recherche, con\u00e7u sp\u00e9cifiquement pour r\u00e9pondre aux exigences des applications de recherche \u00e9nerg\u00e9tique. Dot\u00e9 de huit canaux, il offre une grande flexibilit\u00e9 et s&#039;adapte aux besoins des chercheurs et des sp\u00e9cialistes en R&amp;D. Avec une intensit\u00e9 de +\/- 1 A (extensible jusqu&#039;\u00e0 800 A avec des amplificateurs), un r\u00e9seau local Ethernet pour une connectivit\u00e9 am\u00e9lior\u00e9e entre plusieurs utilisateurs et PC, et un syst\u00e8me d&#039;imp\u00e9dance \u00e9lectrochimique (EIS) int\u00e9gr\u00e9, il est particuli\u00e8rement adapt\u00e9 aux applications de recherche sur les batteries.<\/p>\n<p>Gr\u00e2ce \u00e0 EC-Lab, logiciel avanc\u00e9 et ergonomique reconnu comme la r\u00e9f\u00e9rence en mati\u00e8re de logiciels de contr\u00f4le de potentiostats\/galvanostats, le VSP-3e offre une vaste gamme de fonctionnalit\u00e9s uniques. Seul EC-Lab permet aux utilisateurs de concevoir et de modifier leurs exp\u00e9riences de mani\u00e8re incr\u00e9mentale gr\u00e2ce \u00e0 la fonction \u00ab\u00a0modification \u00e0 la vol\u00e9e\u00a0\u00bb, et leur donne \u00e9galement la possibilit\u00e9 de planifier leurs exp\u00e9riences \u00e0 partir d&#039;un large \u00e9ventail de pr\u00e9r\u00e9glages techniques.<\/p>\n<p>Les fonctionnalit\u00e9s \u00e9nerg\u00e9tiques sp\u00e9cifiques propres \u00e0 Bio-Logic comprennent\u00a0:<\/p>\n<p>\u2013 D\u00e9calage rapide CCCV (courant constant, tension constante)<br \/>\n\u2013 Mode empilement (suivre les \u00e9l\u00e9ments individuels du pack)<br \/>\n\u2013 BCD (D\u00e9termination de la capacit\u00e9 de la batterie)<br \/>\n\u2013 Trac\u00e9 automatique pour l&#039;efficacit\u00e9 coulombienne<\/p>\n<p>Sa conception compacte et verticale r\u00e9duit l&#039;encombrement de l&#039;instrument et permet de gagner de la place dans le laboratoire. Les utilisateurs peuvent choisir entre des configurations \u00e0 canaux ind\u00e9pendants ou \u00e0 \u00e9lectrodes multiples (mode CE \u00e0 GND) (une caract\u00e9ristique unique des potentiostats\/galvanostats Bio-Logic), ouvrant ainsi de nouvelles opportunit\u00e9s de recherche scientifique et permettant aux utilisateurs d&#039;adapter les configurations d&#039;\u00e9lectrodes \u00e0 l&#039;application de leur choix.<\/p>","protected":false},"excerpt":{"rendered":"<p class=\"product-short-excerpt\">Jusqu&#039;\u00e0 8 canaux, \u00b11 A, EIS (en option)\u00a0; extensible jusqu&#039;\u00e0 \u00b1800 A<\/p>","protected":false},"featured_media":358,"template":"","meta":[],"product_brand":[550],"product_cat":[573,576],"product_tag":[],"document":[],"class_list":{"0":"post-357","1":"product","2":"type-product","3":"status-publish","4":"has-post-thumbnail","6":"product_brand-biologic","7":"product_cat-potentiostats-galvanostats-fra","8":"product_cat-essential-potentiostats","10":"first","11":"instock","12":"purchasable","13":"product-type-simple"},"yoast_head":"<!-- This site is optimized with the Yoast SEO plugin v26.8 - https:\/\/yoast.com\/product\/yoast-seo-wordpress\/ -->\n<title>VSP-3e Pstat\/Gstat - SnowHouse<\/title>\n<meta name=\"robots\" content=\"index, follow, max-snippet:-1, max-image-preview:large, max-video-preview:-1\" \/>\n<link rel=\"canonical\" href=\"https:\/\/snowhouse.ca\/fr\/produit\/potentiostats-galvanostats-fra\/essential-potentiostats\/20-vsp-3e-tailor-made-for-energy-research\/\" \/>\n<meta property=\"og:locale\" content=\"fr_CA\" \/>\n<meta property=\"og:type\" content=\"article\" \/>\n<meta property=\"og:title\" content=\"VSP-3e Pstat\/Gstat - SnowHouse\" \/>\n<meta property=\"og:description\" content=\"Up to 8 Channels, \u00b11A, EIS (opt.); upgradable up to \u00b1800A\" \/>\n<meta property=\"og:url\" content=\"https:\/\/snowhouse.ca\/fr\/produit\/potentiostats-galvanostats-fra\/essential-potentiostats\/20-vsp-3e-tailor-made-for-energy-research\/\" \/>\n<meta property=\"og:site_name\" content=\"SnowHouse\" \/>\n<meta property=\"article:modified_time\" content=\"2025-11-24T21:34:39+00:00\" \/>\n<meta property=\"og:image\" content=\"https:\/\/snowhouse.ca\/wp-content\/uploads\/2025\/07\/85112.png\" \/>\n\t<meta property=\"og:image:width\" content=\"543\" \/>\n\t<meta property=\"og:image:height\" content=\"479\" \/>\n\t<meta property=\"og:image:type\" content=\"image\/jpeg\" \/>\n<meta name=\"twitter:card\" content=\"summary_large_image\" \/>\n<meta name=\"twitter:label1\" content=\"Estimation du temps de lecture\" \/>\n\t<meta name=\"twitter:data1\" content=\"2 minutes\" \/>\n<script type=\"application\/ld+json\" class=\"yoast-schema-graph\">{\"@context\":\"https:\/\/schema.org\",\"@graph\":[{\"@type\":\"WebPage\",\"@id\":\"https:\/\/snowhouse.ca\/fr\/produit\/potentiostats-galvanostats-fra\/essential-potentiostats\/20-vsp-3e-tailor-made-for-energy-research\/\",\"url\":\"https:\/\/snowhouse.ca\/fr\/produit\/potentiostats-galvanostats-fra\/essential-potentiostats\/20-vsp-3e-tailor-made-for-energy-research\/\",\"name\":\"VSP-3e Pstat\/Gstat - SnowHouse\",\"isPartOf\":{\"@id\":\"https:\/\/snowhouse.ca\/#website\"},\"primaryImageOfPage\":{\"@id\":\"https:\/\/snowhouse.ca\/fr\/produit\/potentiostats-galvanostats-fra\/essential-potentiostats\/20-vsp-3e-tailor-made-for-energy-research\/#primaryimage\"},\"image\":{\"@id\":\"https:\/\/snowhouse.ca\/fr\/produit\/potentiostats-galvanostats-fra\/essential-potentiostats\/20-vsp-3e-tailor-made-for-energy-research\/#primaryimage\"},\"thumbnailUrl\":\"https:\/\/snowhouse.ca\/wp-content\/uploads\/2025\/07\/85112.png?wsr\",\"datePublished\":\"2025-07-23T01:36:31+00:00\",\"dateModified\":\"2025-11-24T21:34:39+00:00\",\"breadcrumb\":{\"@id\":\"https:\/\/snowhouse.ca\/fr\/produit\/potentiostats-galvanostats-fra\/essential-potentiostats\/20-vsp-3e-tailor-made-for-energy-research\/#breadcrumb\"},\"inLanguage\":\"fr-CA\",\"potentialAction\":[{\"@type\":\"ReadAction\",\"target\":[\"https:\/\/snowhouse.ca\/fr\/produit\/potentiostats-galvanostats-fra\/essential-potentiostats\/20-vsp-3e-tailor-made-for-energy-research\/\"]}]},{\"@type\":\"ImageObject\",\"inLanguage\":\"fr-CA\",\"@id\":\"https:\/\/snowhouse.ca\/fr\/produit\/potentiostats-galvanostats-fra\/essential-potentiostats\/20-vsp-3e-tailor-made-for-energy-research\/#primaryimage\",\"url\":\"https:\/\/snowhouse.ca\/wp-content\/uploads\/2025\/07\/85112.png?wsr\",\"contentUrl\":\"https:\/\/snowhouse.ca\/wp-content\/uploads\/2025\/07\/85112.png?wsr\",\"width\":543,\"height\":479},{\"@type\":\"BreadcrumbList\",\"@id\":\"https:\/\/snowhouse.ca\/fr\/produit\/potentiostats-galvanostats-fra\/essential-potentiostats\/20-vsp-3e-tailor-made-for-energy-research\/#breadcrumb\",\"itemListElement\":[{\"@type\":\"ListItem\",\"position\":1,\"name\":\"Home\",\"item\":\"https:\/\/snowhouse.ca\/\"},{\"@type\":\"ListItem\",\"position\":2,\"name\":\"Products\",\"item\":\"https:\/\/snowhouse.ca\/products\/\"},{\"@type\":\"ListItem\",\"position\":3,\"name\":\"VSP-3e Pstat\/Gstat\"}]},{\"@type\":\"WebSite\",\"@id\":\"https:\/\/snowhouse.ca\/#website\",\"url\":\"https:\/\/snowhouse.ca\/\",\"name\":\"SnowHouse\",\"description\":\"Trusted Scientific Instruments\",\"publisher\":{\"@id\":\"https:\/\/snowhouse.ca\/#organization\"},\"potentialAction\":[{\"@type\":\"SearchAction\",\"target\":{\"@type\":\"EntryPoint\",\"urlTemplate\":\"https:\/\/snowhouse.ca\/?s={search_term_string}\"},\"query-input\":{\"@type\":\"PropertyValueSpecification\",\"valueRequired\":true,\"valueName\":\"search_term_string\"}}],\"inLanguage\":\"fr-CA\"},{\"@type\":\"Organization\",\"@id\":\"https:\/\/snowhouse.ca\/#organization\",\"name\":\"Snowhouse inc.\",\"alternateName\":\"Snowhouse\",\"url\":\"https:\/\/snowhouse.ca\/\",\"logo\":{\"@type\":\"ImageObject\",\"inLanguage\":\"fr-CA\",\"@id\":\"https:\/\/snowhouse.ca\/#\/schema\/logo\/image\/\",\"url\":\"https:\/\/snowhouse.ca\/wp-content\/uploads\/2025\/07\/SnowHouse-Logo.png\",\"contentUrl\":\"https:\/\/snowhouse.ca\/wp-content\/uploads\/2025\/07\/SnowHouse-Logo.png\",\"width\":508,\"height\":136,\"caption\":\"Snowhouse inc.\"},\"image\":{\"@id\":\"https:\/\/snowhouse.ca\/#\/schema\/logo\/image\/\"}}]}<\/script>\n<!-- \/ Yoast SEO plugin. -->","yoast_head_json":{"title":"VSP-3e Pstat\/Gstat - SnowHouse","robots":{"index":"index","follow":"follow","max-snippet":"max-snippet:-1","max-image-preview":"max-image-preview:large","max-video-preview":"max-video-preview:-1"},"canonical":"https:\/\/snowhouse.ca\/fr\/produit\/potentiostats-galvanostats-fra\/essential-potentiostats\/20-vsp-3e-tailor-made-for-energy-research\/","og_locale":"fr_CA","og_type":"article","og_title":"VSP-3e Pstat\/Gstat - SnowHouse","og_description":"Up to 8 Channels, \u00b11A, EIS (opt.); upgradable up to \u00b1800A","og_url":"https:\/\/snowhouse.ca\/fr\/produit\/potentiostats-galvanostats-fra\/essential-potentiostats\/20-vsp-3e-tailor-made-for-energy-research\/","og_site_name":"SnowHouse","article_modified_time":"2025-11-24T21:34:39+00:00","og_image":[{"width":543,"height":479,"url":"https:\/\/snowhouse.ca\/wp-content\/uploads\/2025\/07\/85112.png","type":"image\/jpeg"}],"twitter_card":"summary_large_image","twitter_misc":{"Estimation du temps de lecture":"2 minutes"},"schema":{"@context":"https:\/\/schema.org","@graph":[{"@type":"WebPage","@id":"https:\/\/snowhouse.ca\/fr\/produit\/potentiostats-galvanostats-fra\/essential-potentiostats\/20-vsp-3e-tailor-made-for-energy-research\/","url":"https:\/\/snowhouse.ca\/fr\/produit\/potentiostats-galvanostats-fra\/essential-potentiostats\/20-vsp-3e-tailor-made-for-energy-research\/","name":"VSP-3e Pstat\/Gstat - SnowHouse","isPartOf":{"@id":"https:\/\/snowhouse.ca\/#website"},"primaryImageOfPage":{"@id":"https:\/\/snowhouse.ca\/fr\/produit\/potentiostats-galvanostats-fra\/essential-potentiostats\/20-vsp-3e-tailor-made-for-energy-research\/#primaryimage"},"image":{"@id":"https:\/\/snowhouse.ca\/fr\/produit\/potentiostats-galvanostats-fra\/essential-potentiostats\/20-vsp-3e-tailor-made-for-energy-research\/#primaryimage"},"thumbnailUrl":"https:\/\/snowhouse.ca\/wp-content\/uploads\/2025\/07\/85112.png?wsr","datePublished":"2025-07-23T01:36:31+00:00","dateModified":"2025-11-24T21:34:39+00:00","breadcrumb":{"@id":"https:\/\/snowhouse.ca\/fr\/produit\/potentiostats-galvanostats-fra\/essential-potentiostats\/20-vsp-3e-tailor-made-for-energy-research\/#breadcrumb"},"inLanguage":"fr-CA","potentialAction":[{"@type":"ReadAction","target":["https:\/\/snowhouse.ca\/fr\/produit\/potentiostats-galvanostats-fra\/essential-potentiostats\/20-vsp-3e-tailor-made-for-energy-research\/"]}]},{"@type":"ImageObject","inLanguage":"fr-CA","@id":"https:\/\/snowhouse.ca\/fr\/produit\/potentiostats-galvanostats-fra\/essential-potentiostats\/20-vsp-3e-tailor-made-for-energy-research\/#primaryimage","url":"https:\/\/snowhouse.ca\/wp-content\/uploads\/2025\/07\/85112.png?wsr","contentUrl":"https:\/\/snowhouse.ca\/wp-content\/uploads\/2025\/07\/85112.png?wsr","width":543,"height":479},{"@type":"BreadcrumbList","@id":"https:\/\/snowhouse.ca\/fr\/produit\/potentiostats-galvanostats-fra\/essential-potentiostats\/20-vsp-3e-tailor-made-for-energy-research\/#breadcrumb","itemListElement":[{"@type":"ListItem","position":1,"name":"Home","item":"https:\/\/snowhouse.ca\/"},{"@type":"ListItem","position":2,"name":"Products","item":"https:\/\/snowhouse.ca\/products\/"},{"@type":"ListItem","position":3,"name":"VSP-3e Pstat\/Gstat"}]},{"@type":"WebSite","@id":"https:\/\/snowhouse.ca\/#website","url":"https:\/\/snowhouse.ca\/","name":"Maison de neige","description":"Instruments scientifiques de confiance","publisher":{"@id":"https:\/\/snowhouse.ca\/#organization"},"potentialAction":[{"@type":"SearchAction","target":{"@type":"EntryPoint","urlTemplate":"https:\/\/snowhouse.ca\/?s={search_term_string}"},"query-input":{"@type":"PropertyValueSpecification","valueRequired":true,"valueName":"search_term_string"}}],"inLanguage":"fr-CA"},{"@type":"Organization","@id":"https:\/\/snowhouse.ca\/#organization","name":"Snowhouse inc.","alternateName":"Snowhouse","url":"https:\/\/snowhouse.ca\/","logo":{"@type":"ImageObject","inLanguage":"fr-CA","@id":"https:\/\/snowhouse.ca\/#\/schema\/logo\/image\/","url":"https:\/\/snowhouse.ca\/wp-content\/uploads\/2025\/07\/SnowHouse-Logo.png","contentUrl":"https:\/\/snowhouse.ca\/wp-content\/uploads\/2025\/07\/SnowHouse-Logo.png","width":508,"height":136,"caption":"Snowhouse inc."},"image":{"@id":"https:\/\/snowhouse.ca\/#\/schema\/logo\/image\/"}}]}},"_links":{"self":[{"href":"https:\/\/snowhouse.ca\/fr\/wp-json\/wp\/v2\/product\/357","targetHints":{"allow":["GET"]}}],"collection":[{"href":"https:\/\/snowhouse.ca\/fr\/wp-json\/wp\/v2\/product"}],"about":[{"href":"https:\/\/snowhouse.ca\/fr\/wp-json\/wp\/v2\/types\/product"}],"wp:featuredmedia":[{"embeddable":true,"href":"https:\/\/snowhouse.ca\/fr\/wp-json\/wp\/v2\/media\/358"}],"wp:attachment":[{"href":"https:\/\/snowhouse.ca\/fr\/wp-json\/wp\/v2\/media?parent=357"}],"wp:term":[{"taxonomy":"product_brand","embeddable":true,"href":"https:\/\/snowhouse.ca\/fr\/wp-json\/wp\/v2\/product_brand?post=357"},{"taxonomy":"product_cat","embeddable":true,"href":"https:\/\/snowhouse.ca\/fr\/wp-json\/wp\/v2\/product_cat?post=357"},{"taxonomy":"product_tag","embeddable":true,"href":"https:\/\/snowhouse.ca\/fr\/wp-json\/wp\/v2\/product_tag?post=357"},{"taxonomy":"document","embeddable":true,"href":"https:\/\/snowhouse.ca\/fr\/wp-json\/wp\/v2\/document?post=357"}],"curies":[{"name":"wp","href":"https:\/\/api.w.org\/{rel}","templated":true}]}}