{"id":359,"date":"2025-07-23T01:36:31","date_gmt":"2025-07-23T01:36:31","guid":{"rendered":"https:\/\/snowhouse.ca\/produit\/22-vmp-3e-power-performance-and-precision-all-rolled-into-one-robust-chassis\/"},"modified":"2025-11-24T21:33:47","modified_gmt":"2025-11-24T21:33:47","slug":"22-vmp-3e-power-performance-and-precision-all-rolled-into-one-robust-chassis","status":"publish","type":"product","link":"https:\/\/snowhouse.ca\/fr\/produit\/potentiostats-galvanostats-fra\/essential-potentiostats\/22-vmp-3e-power-performance-and-precision-all-rolled-into-one-robust-chassis\/","title":{"rendered":"VMP-3e PStat\/Gstat"},"content":{"rendered":"<h3><strong>VMP-3e \u2013 Puissance, performance et pr\u00e9cision r\u00e9unies dans un ch\u00e2ssis robuste.<\/strong><\/h3>\n<h4><strong>16 canaux et capacit\u00e9 de courant de 1 A (extensible \u00e0 800 A), ainsi que des indicateurs de qualit\u00e9 EIS. Id\u00e9al pour la recherche et les tests de batteries.<\/strong><\/h4>\n<p>Le nouveau potentiostat\/galvanostat multicanal VMP-3e, con\u00e7u pour la recherche, est id\u00e9al gr\u00e2ce \u00e0 sa conception modulaire, ce qui le rend parfaitement adapt\u00e9 \u00e0 une large gamme d&#039;applications. Toutefois, la possibilit\u00e9 de connecter chaque potentiostat\/galvanostat \u00e0 un canal d&#039;amplification de courant externe le rend particuli\u00e8rement adapt\u00e9 \u00e0 la recherche et aux tests de batteries.<\/p>\n<p>La plage de tension standard de \u00b110 V est extensible de -20 V \u00e0 +20 V. Le courant standard de \u00b1 1 A peut \u00eatre r\u00e9duit \u00e0 20 nA gr\u00e2ce \u00e0 des modules facilement ajoutables sur site par l&#039;utilisateur, permettant ainsi \u00e0 l&#039;instrument d&#039;\u00e9voluer en fonction de vos besoins.<\/p>\n<p>Pour les mesures EIS haut de gamme, la sp\u00e9cification \u00e0 1 MHz est compl\u00e9t\u00e9e par les indicateurs de qualit\u00e9 BioLogic, une fonctionnalit\u00e9 auparavant r\u00e9serv\u00e9e aux instruments BioLogic Premium. Ces indicateurs permettent aux scientifiques de valider rapidement et efficacement leurs mesures d&#039;imp\u00e9dance. Seul BioLogic propose trois indicateurs de qualit\u00e9, ce qui en fait la gamme la plus compl\u00e8te du march\u00e9.*<\/p>\n<p>Parmi les autres fonctionnalit\u00e9s, citons le mode CE vers GND, exclusif \u00e0 BioLogic, qui permet aux utilisateurs de choisir entre des configurations \u00e0 canaux ind\u00e9pendants ou \u00e0 \u00e9lectrodes multiples et une connectivit\u00e9 LAN pour am\u00e9liorer le travail multi-utilisateurs.<\/p>\n<p>Gr\u00e2ce \u00e0 EC-Lab, logiciel avanc\u00e9 et ergonomique reconnu comme r\u00e9f\u00e9rence mondiale en mati\u00e8re de logiciels de contr\u00f4le de potentiostats\/galvanostats, le VMP-3e offre une vaste gamme de fonctionnalit\u00e9s uniques. Seul EC-Lab permet de cr\u00e9er et de modifier des exp\u00e9riences de mani\u00e8re incr\u00e9mentale gr\u00e2ce \u00e0 la fonction \u00ab\u00a0modification \u00e0 la vol\u00e9e\u00a0\u00bb. Un grand nombre de pr\u00e9r\u00e9glages sont \u00e9galement disponibles, si n\u00e9cessaire.<\/p>\n<p>Le VMP-3e est un v\u00e9ritable instrument de r\u00e9f\u00e9rence. Ce potentiostat\/galvanostat, associ\u00e9 \u00e0 la puissance du logiciel de contr\u00f4le et d&#039;analyse EC-Lab\u00ae de BioLogic, vous permettra de faire progresser vos recherches.<\/p>\n<p>*Distorsion harmonique totale (THD), distorsion non stationnaire (NSD), rapport bruit\/signal (NSR)<\/p>\n<h3>G\u00e9n\u00e9ral<\/h3>\n<table id=\"tablepress-105\" class=\"tablepress tablepress-id-105\">\n<thead>\n<tr class=\"row-1\">\n<th class=\"column-1\" colspan=\"2\"><strong>G\u00e9n\u00e9ral<\/strong><\/th>\n<\/tr>\n<\/thead>\n<tbody class=\"row-striping row-hover\">\n<tr class=\"row-2\">\n<td class=\"column-1\">Places disponibles<\/td>\n<td class=\"column-2\">Jusqu&#039;\u00e0 16 ans<\/td>\n<\/tr>\n<tr class=\"row-3\">\n<td class=\"column-1\">Connexions des \u00e9lectrodes<\/td>\n<td class=\"column-2\">2, 3, 4, 5<\/td>\n<\/tr>\n<tr class=\"row-4\">\n<td class=\"column-1\">Conformit\u00e9<\/td>\n<td class=\"column-2\">20 V r\u00e9glable de \u00b1 10 V entre [-20 ; 20] V<\/td>\n<\/tr>\n<tr class=\"row-5\">\n<td class=\"column-1\">Temps d&#039;acquisition<\/td>\n<td class=\"column-2\">20 \u00b5s avec le package d\u00e9veloppeur EC-Lab, 200 \u00b5s avec EC-Lab.<br \/>\n<a href=\"https:\/\/biologic.net\/topics\/data-of-interest-getting-the-most-out-of-your-blue-box\/\" target=\"_blank\" rel=\"noopener\">donn\u00e9es trait\u00e9es en temps r\u00e9el<\/a>\u00a0: 200 \u00b5s, ind\u00e9pendamment de la fr\u00e9quence d&#039;\u00e9chantillonnage (Q charge, Q d\u00e9charge, \u00e9nergie, puissance\u2026)<\/td>\n<\/tr>\n<tr class=\"row-6\">\n<td class=\"column-1\">Logiciel<\/td>\n<td class=\"column-2\">EC-Lab, package d\u00e9veloppeur EC-Lab<\/td>\n<\/tr>\n<tr class=\"row-7\">\n<td class=\"column-1\">Compatibilit\u00e9 des modules compl\u00e9mentaires<\/td>\n<td class=\"column-2\">Oui<\/td>\n<\/tr>\n<tr class=\"row-8\">\n<td class=\"column-1\">Dimensions (L x P x H)<\/td>\n<td class=\"column-2\">448 x 455 x 280 mm<\/td>\n<\/tr>\n<tr class=\"row-9\">\n<td class=\"column-1\">Poids<\/td>\n<td class=\"column-2\">15 kg<\/td>\n<\/tr>\n<tr class=\"row-10\">\n<td class=\"column-1\">Besoins en \u00e9nergie<\/td>\n<td class=\"column-2\">1000 W<\/td>\n<\/tr>\n<tr class=\"row-11\">\n<td class=\"column-1\">Interfaces<\/td>\n<td class=\"column-2\"><a href=\"https:\/\/biologic.net\/topics\/take-your-experiments-to-go-with-ec-lab\/\" target=\"_blank\" rel=\"noopener\">Ethernet (Direct, LAN, Wifi), USB 2.0<\/a><\/td>\n<\/tr>\n<\/tbody>\n<\/table>\n<h3><\/h3>\n<h3>Sp\u00e9cifications du canal<\/h3>\n<table id=\"tablepress-100\" class=\"tablepress tablepress-id-100 tbody-has-connected-cells\">\n<thead>\n<tr class=\"row-1\">\n<td class=\"column-1\"><\/td>\n<th class=\"column-2\"><center>Contr\u00f4le<\/center><\/th>\n<th class=\"column-3\"><center>Mesures<\/center><\/th>\n<\/tr>\n<\/thead>\n<tbody class=\"row-striping row-hover\">\n<tr class=\"row-2\">\n<td class=\"column-1\" colspan=\"3\"><strong>Tension<\/strong><\/td>\n<\/tr>\n<tr class=\"row-3\">\n<td class=\"column-1\">Gammes<\/td>\n<td class=\"column-2\">Plages personnalisables. Conformit\u00e9 \u00e0 20 V r\u00e9glable (exemple\u00a0: 0 \u2013 20 V). Jusqu\u2019\u00e0 60 V avec\u00a0<a href=\"https:\/\/biologic.net\/products\/flexp0060\/\" target=\"_blank\" rel=\"noopener\">FlexP-0060<\/a><\/td>\n<td class=\"column-3\">\u00b1 2,5 V, \u00b1 5 V, \u00b1 10 V. \u00b1 10 V r\u00e9glable (exemple\u00a0: 0 \u2013 20 V). Jusqu\u2019\u00e0 60 V avec FlexP0060\/FlexP0160.<\/td>\n<\/tr>\n<tr class=\"row-4\">\n<td class=\"column-1\">Pr\u00e9cision<\/td>\n<td class=\"column-2\">&lt; 0,1 % FSR* (20 mV)<\/td>\n<td class=\"column-3\">&lt; 0,1 % FSR* (20 mV)<\/td>\n<\/tr>\n<tr class=\"row-5\">\n<td class=\"column-1\">R\u00e9solution<\/td>\n<td class=\"column-2\">5 \u00b5V \u00e0 305 \u00b5V<\/td>\n<td class=\"column-3\">76 \u00b5V en dessous de 10 V, 152 \u00b5V de 10 \u00e0 15 V, 305 \u00b5V de 15 \u00e0 20 V<\/td>\n<\/tr>\n<tr class=\"row-6\">\n<td class=\"column-1\" colspan=\"3\"><strong>Actuel<\/strong><\/td>\n<\/tr>\n<tr class=\"row-7\">\n<td class=\"column-1\">Gammes<\/td>\n<td class=\"column-2\" colspan=\"2\"><center>\u00b1 10 \u00b5A \u00e0 \u00b1 1 A (6 plages). S\u00e9lection automatique de la plage de courant disponible. Jusqu&#039;\u00e0 800 A avec quatre\u00a0<a href=\"https:\/\/biologic.net\/products\/flexp0012_potentiostat_booster\/\" target=\"_blank\" rel=\"noopener\">FlexP-0012<\/a>.<\/center><\/td>\n<\/tr>\n<tr class=\"row-8\">\n<td class=\"column-1\">Courant maximal<\/td>\n<td class=\"column-2\" colspan=\"2\"><center>\u00b11 A<br \/>\n(\u00b1 400 mA pour VSP)<\/center><\/td>\n<\/tr>\n<tr class=\"row-9\">\n<td class=\"column-1\">Pr\u00e9cision<\/td>\n<td class=\"column-2\" colspan=\"2\"><center>&lt; 0,1 % FSR* (min 20 nA)<\/center><\/td>\n<\/tr>\n<tr class=\"row-10\">\n<td class=\"column-1\">R\u00e9solution<\/td>\n<td class=\"column-2\" colspan=\"2\"><center>0,004 % de la plage (min 760 pA)<\/center><\/td>\n<\/tr>\n<tr class=\"row-11\">\n<td class=\"column-1\" colspan=\"3\"><strong>EIE<\/strong><\/td>\n<\/tr>\n<tr class=\"row-12\">\n<td class=\"column-1\">Capacit\u00e9 EIS<\/td>\n<td class=\"column-2\" colspan=\"2\"><center>1 MHz \u00e0 10 \u00b5Hz<\/center><\/td>\n<\/tr>\n<tr class=\"row-13\">\n<td class=\"column-1\">Indicateurs de qualit\u00e9 EIS<\/td>\n<td class=\"column-2\" colspan=\"2\"><center>Oui (avec carte de canal de type \u00ab e \u00bb)<\/center><\/td>\n<\/tr>\n<\/tbody>\n<\/table>\n<p>*FSR = Plage de mesure compl\u00e8te<\/p>\n<p>&nbsp;<\/p>\n<h3>Avanc\u00e9<\/h3>\n<table id=\"tablepress-96\" class=\"tablepress tablepress-id-96\">\n<thead>\n<tr class=\"row-1\">\n<th class=\"column-1\" colspan=\"2\"><strong>Avanc\u00e9<\/strong><\/th>\n<\/tr>\n<\/thead>\n<tbody class=\"row-striping row-hover\">\n<tr class=\"row-2\">\n<td class=\"column-1\">Options flottantes<\/td>\n<td class=\"column-2\"><a href=\"https:\/\/biologic.net\/topics\/connection-to-the-cell-part-2-multi-electrode-measurement\/\" target=\"_blank\" rel=\"noopener\">CE \u00e0 la terre<\/a><\/td>\n<\/tr>\n<tr class=\"row-3\">\n<td class=\"column-1\">Perm\u00e9ation (WE vers le sol)<\/td>\n<td class=\"column-2\">Non<\/td>\n<\/tr>\n<tr class=\"row-4\">\n<td class=\"column-1\">\u00c9lectrode multiple (CE \u00e0 la terre)<\/td>\n<td class=\"column-2\"><a href=\"https:\/\/biologic.net\/topics\/connection-to-the-cell-part-2-multi-electrode-measurement\/\" target=\"_blank\" rel=\"noopener\">Oui<\/a>\u00a0(avec carte de canal de type \u00ab e \u00bb)<\/td>\n<\/tr>\n<tr class=\"row-5\">\n<td class=\"column-1\">Filtres<\/td>\n<td class=\"column-2\">Logiciel<\/td>\n<\/tr>\n<tr class=\"row-6\">\n<td class=\"column-1\">Entr\u00e9e\/sortie<\/td>\n<td class=\"column-2\">2 entr\u00e9es analogiques<br \/>\n1 sortie analogique<br \/>\n3x TTL (entr\u00e9e\/sortie de d\u00e9clenchement et s\u00e9curit\u00e9)<br \/>\n2 sorties de surveillance (courant et tension)<\/td>\n<\/tr>\n<tr class=\"row-7\">\n<td class=\"column-1\">Mode de contr\u00f4le de stabilit\u00e9<\/td>\n<td class=\"column-2\">7 bandes passantes<\/td>\n<\/tr>\n<tr class=\"row-8\">\n<td class=\"column-1\">\u00c9talonnage<\/td>\n<td class=\"column-2\">Plus de 50 points v\u00e9rifi\u00e9s.<\/td>\n<\/tr>\n<\/tbody>\n<\/table>\n<p>&nbsp;<\/p>","protected":false},"excerpt":{"rendered":"<p class=\"product-short-excerpt\">Jusqu&#039;\u00e0 16 canaux, \u00b11 A, EIS (opt.) ; extensible jusqu&#039;\u00e0 \u00b1800 A,<\/p>","protected":false},"featured_media":360,"template":"","meta":[],"product_brand":[550],"product_cat":[573,576],"product_tag":[],"document":[],"class_list":{"0":"post-359","1":"product","2":"type-product","3":"status-publish","4":"has-post-thumbnail","6":"product_brand-biologic","7":"product_cat-potentiostats-galvanostats-fra","8":"product_cat-essential-potentiostats","10":"first","11":"instock","12":"purchasable","13":"product-type-simple"},"yoast_head":"<!-- This site is optimized with the Yoast SEO plugin v26.8 - https:\/\/yoast.com\/product\/yoast-seo-wordpress\/ -->\n<title>VMP-3e PStat\/Gstat - SnowHouse<\/title>\n<meta name=\"robots\" content=\"index, follow, max-snippet:-1, max-image-preview:large, max-video-preview:-1\" \/>\n<link rel=\"canonical\" href=\"https:\/\/snowhouse.ca\/fr\/product\/potentiostats-galvanostats-fra\/essential-potentiostats\/22-vmp-3e-power-performance-and-precision-all-rolled-into-one-robust-chassis\/\" \/>\n<meta property=\"og:locale\" content=\"fr_CA\" \/>\n<meta property=\"og:type\" content=\"article\" \/>\n<meta property=\"og:title\" content=\"VMP-3e PStat\/Gstat - SnowHouse\" \/>\n<meta property=\"og:description\" content=\"Up to 16 Channels, \u00b11A, EIS (opt.); upgradable up to \u00b1800A,\" \/>\n<meta property=\"og:url\" content=\"https:\/\/snowhouse.ca\/fr\/product\/potentiostats-galvanostats-fra\/essential-potentiostats\/22-vmp-3e-power-performance-and-precision-all-rolled-into-one-robust-chassis\/\" \/>\n<meta property=\"og:site_name\" content=\"SnowHouse\" \/>\n<meta property=\"article:modified_time\" content=\"2025-11-24T21:33:47+00:00\" \/>\n<meta property=\"og:image\" content=\"https:\/\/snowhouse.ca\/wp-content\/uploads\/2025\/07\/86466.png\" \/>\n\t<meta property=\"og:image:width\" content=\"458\" \/>\n\t<meta property=\"og:image:height\" content=\"281\" \/>\n\t<meta property=\"og:image:type\" content=\"image\/jpeg\" \/>\n<meta name=\"twitter:card\" content=\"summary_large_image\" \/>\n<meta name=\"twitter:label1\" content=\"Estimation du temps de lecture\" \/>\n\t<meta name=\"twitter:data1\" content=\"3 minutes\" \/>\n<script type=\"application\/ld+json\" class=\"yoast-schema-graph\">{\"@context\":\"https:\/\/schema.org\",\"@graph\":[{\"@type\":\"WebPage\",\"@id\":\"https:\/\/snowhouse.ca\/product\/potentiostats-galvanostats-fra\/essential-potentiostats\/22-vmp-3e-power-performance-and-precision-all-rolled-into-one-robust-chassis\/\",\"url\":\"https:\/\/snowhouse.ca\/product\/potentiostats-galvanostats-fra\/essential-potentiostats\/22-vmp-3e-power-performance-and-precision-all-rolled-into-one-robust-chassis\/\",\"name\":\"VMP-3e PStat\/Gstat - SnowHouse\",\"isPartOf\":{\"@id\":\"https:\/\/snowhouse.ca\/#website\"},\"primaryImageOfPage\":{\"@id\":\"https:\/\/snowhouse.ca\/product\/potentiostats-galvanostats-fra\/essential-potentiostats\/22-vmp-3e-power-performance-and-precision-all-rolled-into-one-robust-chassis\/#primaryimage\"},\"image\":{\"@id\":\"https:\/\/snowhouse.ca\/product\/potentiostats-galvanostats-fra\/essential-potentiostats\/22-vmp-3e-power-performance-and-precision-all-rolled-into-one-robust-chassis\/#primaryimage\"},\"thumbnailUrl\":\"https:\/\/snowhouse.ca\/wp-content\/uploads\/2025\/07\/86466.png?wsr\",\"datePublished\":\"2025-07-23T01:36:31+00:00\",\"dateModified\":\"2025-11-24T21:33:47+00:00\",\"breadcrumb\":{\"@id\":\"https:\/\/snowhouse.ca\/product\/potentiostats-galvanostats-fra\/essential-potentiostats\/22-vmp-3e-power-performance-and-precision-all-rolled-into-one-robust-chassis\/#breadcrumb\"},\"inLanguage\":\"fr-CA\",\"potentialAction\":[{\"@type\":\"ReadAction\",\"target\":[\"https:\/\/snowhouse.ca\/product\/potentiostats-galvanostats-fra\/essential-potentiostats\/22-vmp-3e-power-performance-and-precision-all-rolled-into-one-robust-chassis\/\"]}]},{\"@type\":\"ImageObject\",\"inLanguage\":\"fr-CA\",\"@id\":\"https:\/\/snowhouse.ca\/product\/potentiostats-galvanostats-fra\/essential-potentiostats\/22-vmp-3e-power-performance-and-precision-all-rolled-into-one-robust-chassis\/#primaryimage\",\"url\":\"https:\/\/snowhouse.ca\/wp-content\/uploads\/2025\/07\/86466.png?wsr\",\"contentUrl\":\"https:\/\/snowhouse.ca\/wp-content\/uploads\/2025\/07\/86466.png?wsr\",\"width\":458,\"height\":281},{\"@type\":\"BreadcrumbList\",\"@id\":\"https:\/\/snowhouse.ca\/product\/potentiostats-galvanostats-fra\/essential-potentiostats\/22-vmp-3e-power-performance-and-precision-all-rolled-into-one-robust-chassis\/#breadcrumb\",\"itemListElement\":[{\"@type\":\"ListItem\",\"position\":1,\"name\":\"Home\",\"item\":\"https:\/\/snowhouse.ca\/\"},{\"@type\":\"ListItem\",\"position\":2,\"name\":\"Products\",\"item\":\"https:\/\/snowhouse.ca\/products\/\"},{\"@type\":\"ListItem\",\"position\":3,\"name\":\"VMP-3e PStat\/Gstat\"}]},{\"@type\":\"WebSite\",\"@id\":\"https:\/\/snowhouse.ca\/#website\",\"url\":\"https:\/\/snowhouse.ca\/\",\"name\":\"SnowHouse\",\"description\":\"Trusted Scientific Instruments\",\"publisher\":{\"@id\":\"https:\/\/snowhouse.ca\/#organization\"},\"potentialAction\":[{\"@type\":\"SearchAction\",\"target\":{\"@type\":\"EntryPoint\",\"urlTemplate\":\"https:\/\/snowhouse.ca\/?s={search_term_string}\"},\"query-input\":{\"@type\":\"PropertyValueSpecification\",\"valueRequired\":true,\"valueName\":\"search_term_string\"}}],\"inLanguage\":\"fr-CA\"},{\"@type\":\"Organization\",\"@id\":\"https:\/\/snowhouse.ca\/#organization\",\"name\":\"Snowhouse inc.\",\"alternateName\":\"Snowhouse\",\"url\":\"https:\/\/snowhouse.ca\/\",\"logo\":{\"@type\":\"ImageObject\",\"inLanguage\":\"fr-CA\",\"@id\":\"https:\/\/snowhouse.ca\/#\/schema\/logo\/image\/\",\"url\":\"https:\/\/snowhouse.ca\/wp-content\/uploads\/2025\/07\/SnowHouse-Logo.png\",\"contentUrl\":\"https:\/\/snowhouse.ca\/wp-content\/uploads\/2025\/07\/SnowHouse-Logo.png\",\"width\":508,\"height\":136,\"caption\":\"Snowhouse inc.\"},\"image\":{\"@id\":\"https:\/\/snowhouse.ca\/#\/schema\/logo\/image\/\"}}]}<\/script>\n<!-- \/ Yoast SEO plugin. -->","yoast_head_json":{"title":"VMP-3e PStat\/Gstat - SnowHouse","robots":{"index":"index","follow":"follow","max-snippet":"max-snippet:-1","max-image-preview":"max-image-preview:large","max-video-preview":"max-video-preview:-1"},"canonical":"https:\/\/snowhouse.ca\/fr\/product\/potentiostats-galvanostats-fra\/essential-potentiostats\/22-vmp-3e-power-performance-and-precision-all-rolled-into-one-robust-chassis\/","og_locale":"fr_CA","og_type":"article","og_title":"VMP-3e PStat\/Gstat - SnowHouse","og_description":"Up to 16 Channels, \u00b11A, EIS (opt.); upgradable up to \u00b1800A,","og_url":"https:\/\/snowhouse.ca\/fr\/product\/potentiostats-galvanostats-fra\/essential-potentiostats\/22-vmp-3e-power-performance-and-precision-all-rolled-into-one-robust-chassis\/","og_site_name":"SnowHouse","article_modified_time":"2025-11-24T21:33:47+00:00","og_image":[{"width":458,"height":281,"url":"https:\/\/snowhouse.ca\/wp-content\/uploads\/2025\/07\/86466.png","type":"image\/jpeg"}],"twitter_card":"summary_large_image","twitter_misc":{"Estimation du temps de lecture":"3 minutes"},"schema":{"@context":"https:\/\/schema.org","@graph":[{"@type":"WebPage","@id":"https:\/\/snowhouse.ca\/product\/potentiostats-galvanostats-fra\/essential-potentiostats\/22-vmp-3e-power-performance-and-precision-all-rolled-into-one-robust-chassis\/","url":"https:\/\/snowhouse.ca\/product\/potentiostats-galvanostats-fra\/essential-potentiostats\/22-vmp-3e-power-performance-and-precision-all-rolled-into-one-robust-chassis\/","name":"VMP-3e PStat\/Gstat - SnowHouse","isPartOf":{"@id":"https:\/\/snowhouse.ca\/#website"},"primaryImageOfPage":{"@id":"https:\/\/snowhouse.ca\/product\/potentiostats-galvanostats-fra\/essential-potentiostats\/22-vmp-3e-power-performance-and-precision-all-rolled-into-one-robust-chassis\/#primaryimage"},"image":{"@id":"https:\/\/snowhouse.ca\/product\/potentiostats-galvanostats-fra\/essential-potentiostats\/22-vmp-3e-power-performance-and-precision-all-rolled-into-one-robust-chassis\/#primaryimage"},"thumbnailUrl":"https:\/\/snowhouse.ca\/wp-content\/uploads\/2025\/07\/86466.png?wsr","datePublished":"2025-07-23T01:36:31+00:00","dateModified":"2025-11-24T21:33:47+00:00","breadcrumb":{"@id":"https:\/\/snowhouse.ca\/product\/potentiostats-galvanostats-fra\/essential-potentiostats\/22-vmp-3e-power-performance-and-precision-all-rolled-into-one-robust-chassis\/#breadcrumb"},"inLanguage":"fr-CA","potentialAction":[{"@type":"ReadAction","target":["https:\/\/snowhouse.ca\/product\/potentiostats-galvanostats-fra\/essential-potentiostats\/22-vmp-3e-power-performance-and-precision-all-rolled-into-one-robust-chassis\/"]}]},{"@type":"ImageObject","inLanguage":"fr-CA","@id":"https:\/\/snowhouse.ca\/product\/potentiostats-galvanostats-fra\/essential-potentiostats\/22-vmp-3e-power-performance-and-precision-all-rolled-into-one-robust-chassis\/#primaryimage","url":"https:\/\/snowhouse.ca\/wp-content\/uploads\/2025\/07\/86466.png?wsr","contentUrl":"https:\/\/snowhouse.ca\/wp-content\/uploads\/2025\/07\/86466.png?wsr","width":458,"height":281},{"@type":"BreadcrumbList","@id":"https:\/\/snowhouse.ca\/product\/potentiostats-galvanostats-fra\/essential-potentiostats\/22-vmp-3e-power-performance-and-precision-all-rolled-into-one-robust-chassis\/#breadcrumb","itemListElement":[{"@type":"ListItem","position":1,"name":"Home","item":"https:\/\/snowhouse.ca\/"},{"@type":"ListItem","position":2,"name":"Products","item":"https:\/\/snowhouse.ca\/products\/"},{"@type":"ListItem","position":3,"name":"VMP-3e PStat\/Gstat"}]},{"@type":"WebSite","@id":"https:\/\/snowhouse.ca\/#website","url":"https:\/\/snowhouse.ca\/","name":"Maison de neige","description":"Instruments scientifiques de confiance","publisher":{"@id":"https:\/\/snowhouse.ca\/#organization"},"potentialAction":[{"@type":"SearchAction","target":{"@type":"EntryPoint","urlTemplate":"https:\/\/snowhouse.ca\/?s={search_term_string}"},"query-input":{"@type":"PropertyValueSpecification","valueRequired":true,"valueName":"search_term_string"}}],"inLanguage":"fr-CA"},{"@type":"Organization","@id":"https:\/\/snowhouse.ca\/#organization","name":"Snowhouse inc.","alternateName":"Snowhouse","url":"https:\/\/snowhouse.ca\/","logo":{"@type":"ImageObject","inLanguage":"fr-CA","@id":"https:\/\/snowhouse.ca\/#\/schema\/logo\/image\/","url":"https:\/\/snowhouse.ca\/wp-content\/uploads\/2025\/07\/SnowHouse-Logo.png","contentUrl":"https:\/\/snowhouse.ca\/wp-content\/uploads\/2025\/07\/SnowHouse-Logo.png","width":508,"height":136,"caption":"Snowhouse inc."},"image":{"@id":"https:\/\/snowhouse.ca\/#\/schema\/logo\/image\/"}}]}},"_links":{"self":[{"href":"https:\/\/snowhouse.ca\/fr\/wp-json\/wp\/v2\/product\/359","targetHints":{"allow":["GET"]}}],"collection":[{"href":"https:\/\/snowhouse.ca\/fr\/wp-json\/wp\/v2\/product"}],"about":[{"href":"https:\/\/snowhouse.ca\/fr\/wp-json\/wp\/v2\/types\/product"}],"wp:featuredmedia":[{"embeddable":true,"href":"https:\/\/snowhouse.ca\/fr\/wp-json\/wp\/v2\/media\/360"}],"wp:attachment":[{"href":"https:\/\/snowhouse.ca\/fr\/wp-json\/wp\/v2\/media?parent=359"}],"wp:term":[{"taxonomy":"product_brand","embeddable":true,"href":"https:\/\/snowhouse.ca\/fr\/wp-json\/wp\/v2\/product_brand?post=359"},{"taxonomy":"product_cat","embeddable":true,"href":"https:\/\/snowhouse.ca\/fr\/wp-json\/wp\/v2\/product_cat?post=359"},{"taxonomy":"product_tag","embeddable":true,"href":"https:\/\/snowhouse.ca\/fr\/wp-json\/wp\/v2\/product_tag?post=359"},{"taxonomy":"document","embeddable":true,"href":"https:\/\/snowhouse.ca\/fr\/wp-json\/wp\/v2\/document?post=359"}],"curies":[{"name":"wp","href":"https:\/\/api.w.org\/{rel}","templated":true}]}}