{"id":381,"date":"2025-07-23T01:36:31","date_gmt":"2025-07-23T01:36:31","guid":{"rendered":"https:\/\/snowhouse.ca\/produit\/bluqcm-qsd-quartz-crystal-microbalance\/"},"modified":"2026-03-10T21:24:11","modified_gmt":"2026-03-10T21:24:11","slug":"bluqcm-qsd-quartz-crystal-microbalance","status":"publish","type":"product","link":"https:\/\/snowhouse.ca\/fr\/produit\/potentiostats-galvanostats-fra\/add-on-instruments\/bluqcm-qsd-quartz-crystal-microbalance\/","title":{"rendered":"Syst\u00e8me QCMD modulaire AWSensors X1"},"content":{"rendered":"<p><strong>Microbalance \u00e0 cristal de quartz \u2013 Syst\u00e8mes de d\u00e9tection d&#039;ondes acoustiques pour les mesures de masse et de dissipation<\/strong><\/p>\n<p><strong>Syst\u00e8me QCMD modulaire AWSensors X1\u00a0: petit et puissant<\/strong><\/p>\n<p>Le X1 QCMD est un instrument monocanal, compact et modulaire. Son faible encombrement et sa l\u00e9g\u00e8ret\u00e9 le rendent particuli\u00e8rement adapt\u00e9 aux laboratoires encombr\u00e9s. Il est disponible en version autonome, avec contr\u00f4le de temp\u00e9rature et\/ou de d\u00e9bit.<\/p>\n<p>La technologie X1 QCMD repose sur le principe de d\u00e9tection par ondes acoustiques, permettant une d\u00e9tection pr\u00e9cise des changements de masse et de structure \u00e0 la surface du capteur. Le syst\u00e8me peut \u00eatre coupl\u00e9 \u00e0 un syst\u00e8me potentiostat\/galvanostat Bio-Logic pour r\u00e9aliser des mesures \u00e9lectrochimiques QCM.<\/p>\n<p>Les plateformes sont polyvalentes et permettent l&#039;utilisation de diff\u00e9rents types de capteurs d&#039;ondes acoustiques, notamment des capteurs \u00e0 haute fr\u00e9quence fondamentale (HFF) jusqu&#039;\u00e0 150 MHz et des capteurs de 5 \u00e0 10 MHz. Elles offrent \u00e9galement un contr\u00f4le de temp\u00e9rature et de d\u00e9bit de haute pr\u00e9cision pour les applications sensibles \u00e0 la temp\u00e9rature et n\u00e9cessitant le renouvellement du milieu liquide. Les produits QCMD AWSensors existent en versions monocanal et multicanal\u00a0: X1 QCMD pour monocanal et X4 QCMD pour multicanal. Ces deux instruments permettent la d\u00e9termination de la dissipation et des mesures \u00e0 plusieurs harmoniques pour une description compl\u00e8te des propri\u00e9t\u00e9s rh\u00e9ologiques de la couche.<\/p>","protected":false},"excerpt":{"rendered":"<p>Quartz crystal microbalance; mass, dissipation measurements<\/p>","protected":false},"featured_media":2190,"template":"","meta":[],"product_brand":[565],"product_cat":[126],"product_tag":[],"document":[],"class_list":{"0":"post-381","1":"product","2":"type-product","3":"status-publish","4":"has-post-thumbnail","6":"product_brand-awsensors","7":"product_cat-add-on-instruments","9":"first","10":"instock","11":"purchasable","12":"product-type-simple"},"yoast_head":"<!-- This site is optimized with the Yoast SEO plugin v26.8 - https:\/\/yoast.com\/product\/yoast-seo-wordpress\/ -->\n<title>AWSensors X1 Modular QCMD System - SnowHouse<\/title>\n<meta name=\"robots\" content=\"index, follow, max-snippet:-1, max-image-preview:large, max-video-preview:-1\" \/>\n<link rel=\"canonical\" href=\"https:\/\/snowhouse.ca\/fr\/product\/potentiostats-galvanostats-fra\/add-on-instruments\/bluqcm-qsd-quartz-crystal-microbalance\/\" \/>\n<meta property=\"og:locale\" content=\"fr_CA\" \/>\n<meta property=\"og:type\" content=\"article\" \/>\n<meta property=\"og:title\" content=\"AWSensors X1 Modular QCMD System - SnowHouse\" \/>\n<meta property=\"og:description\" content=\"Quartz crystal microbalance; mass, dissipation measurements\" \/>\n<meta property=\"og:url\" content=\"https:\/\/snowhouse.ca\/fr\/product\/potentiostats-galvanostats-fra\/add-on-instruments\/bluqcm-qsd-quartz-crystal-microbalance\/\" \/>\n<meta property=\"og:site_name\" content=\"SnowHouse\" \/>\n<meta property=\"article:modified_time\" content=\"2026-03-10T21:24:11+00:00\" \/>\n<meta property=\"og:image\" content=\"https:\/\/snowhouse.ca\/wp-content\/uploads\/2025\/07\/small-banner-x1-30-1-e1758899295521.jpg?wsr\" \/>\n\t<meta property=\"og:image:width\" content=\"361\" \/>\n\t<meta property=\"og:image:height\" content=\"236\" \/>\n\t<meta property=\"og:image:type\" content=\"image\/jpeg\" \/>\n<meta name=\"twitter:card\" content=\"summary_large_image\" \/>\n<meta name=\"twitter:label1\" content=\"Estimation du temps de lecture\" \/>\n\t<meta name=\"twitter:data1\" content=\"2 minutes\" \/>\n<script type=\"application\/ld+json\" class=\"yoast-schema-graph\">{\"@context\":\"https:\/\/schema.org\",\"@graph\":[{\"@type\":\"WebPage\",\"@id\":\"https:\/\/snowhouse.ca\/product\/potentiostats-galvanostats-fra\/add-on-instruments\/bluqcm-qsd-quartz-crystal-microbalance\/\",\"url\":\"https:\/\/snowhouse.ca\/product\/potentiostats-galvanostats-fra\/add-on-instruments\/bluqcm-qsd-quartz-crystal-microbalance\/\",\"name\":\"AWSensors X1 Modular QCMD System - SnowHouse\",\"isPartOf\":{\"@id\":\"https:\/\/snowhouse.ca\/#website\"},\"primaryImageOfPage\":{\"@id\":\"https:\/\/snowhouse.ca\/product\/potentiostats-galvanostats-fra\/add-on-instruments\/bluqcm-qsd-quartz-crystal-microbalance\/#primaryimage\"},\"image\":{\"@id\":\"https:\/\/snowhouse.ca\/product\/potentiostats-galvanostats-fra\/add-on-instruments\/bluqcm-qsd-quartz-crystal-microbalance\/#primaryimage\"},\"thumbnailUrl\":\"https:\/\/snowhouse.ca\/wp-content\/uploads\/2025\/07\/small-banner-x1-30-1-e1758899295521.jpg?wsr\",\"datePublished\":\"2025-07-23T01:36:31+00:00\",\"dateModified\":\"2026-03-10T21:24:11+00:00\",\"breadcrumb\":{\"@id\":\"https:\/\/snowhouse.ca\/product\/potentiostats-galvanostats-fra\/add-on-instruments\/bluqcm-qsd-quartz-crystal-microbalance\/#breadcrumb\"},\"inLanguage\":\"fr-CA\",\"potentialAction\":[{\"@type\":\"ReadAction\",\"target\":[\"https:\/\/snowhouse.ca\/product\/potentiostats-galvanostats-fra\/add-on-instruments\/bluqcm-qsd-quartz-crystal-microbalance\/\"]}]},{\"@type\":\"ImageObject\",\"inLanguage\":\"fr-CA\",\"@id\":\"https:\/\/snowhouse.ca\/product\/potentiostats-galvanostats-fra\/add-on-instruments\/bluqcm-qsd-quartz-crystal-microbalance\/#primaryimage\",\"url\":\"https:\/\/snowhouse.ca\/wp-content\/uploads\/2025\/07\/small-banner-x1-30-1-e1758899295521.jpg?wsr\",\"contentUrl\":\"https:\/\/snowhouse.ca\/wp-content\/uploads\/2025\/07\/small-banner-x1-30-1-e1758899295521.jpg?wsr\",\"width\":361,\"height\":236},{\"@type\":\"BreadcrumbList\",\"@id\":\"https:\/\/snowhouse.ca\/product\/potentiostats-galvanostats-fra\/add-on-instruments\/bluqcm-qsd-quartz-crystal-microbalance\/#breadcrumb\",\"itemListElement\":[{\"@type\":\"ListItem\",\"position\":1,\"name\":\"Home\",\"item\":\"https:\/\/snowhouse.ca\/\"},{\"@type\":\"ListItem\",\"position\":2,\"name\":\"Products\",\"item\":\"https:\/\/snowhouse.ca\/products\/\"},{\"@type\":\"ListItem\",\"position\":3,\"name\":\"AWSensors X1 Modular QCMD System\"}]},{\"@type\":\"WebSite\",\"@id\":\"https:\/\/snowhouse.ca\/#website\",\"url\":\"https:\/\/snowhouse.ca\/\",\"name\":\"SnowHouse\",\"description\":\"Trusted Scientific Instruments\",\"publisher\":{\"@id\":\"https:\/\/snowhouse.ca\/#organization\"},\"potentialAction\":[{\"@type\":\"SearchAction\",\"target\":{\"@type\":\"EntryPoint\",\"urlTemplate\":\"https:\/\/snowhouse.ca\/?s={search_term_string}\"},\"query-input\":{\"@type\":\"PropertyValueSpecification\",\"valueRequired\":true,\"valueName\":\"search_term_string\"}}],\"inLanguage\":\"fr-CA\"},{\"@type\":\"Organization\",\"@id\":\"https:\/\/snowhouse.ca\/#organization\",\"name\":\"Snowhouse inc.\",\"alternateName\":\"Snowhouse\",\"url\":\"https:\/\/snowhouse.ca\/\",\"logo\":{\"@type\":\"ImageObject\",\"inLanguage\":\"fr-CA\",\"@id\":\"https:\/\/snowhouse.ca\/#\/schema\/logo\/image\/\",\"url\":\"https:\/\/snowhouse.ca\/wp-content\/uploads\/2025\/07\/SnowHouse-Logo.png\",\"contentUrl\":\"https:\/\/snowhouse.ca\/wp-content\/uploads\/2025\/07\/SnowHouse-Logo.png\",\"width\":508,\"height\":136,\"caption\":\"Snowhouse inc.\"},\"image\":{\"@id\":\"https:\/\/snowhouse.ca\/#\/schema\/logo\/image\/\"}}]}<\/script>\n<!-- \/ Yoast SEO plugin. -->","yoast_head_json":{"title":"AWSensors X1 Modular QCMD System - SnowHouse","robots":{"index":"index","follow":"follow","max-snippet":"max-snippet:-1","max-image-preview":"max-image-preview:large","max-video-preview":"max-video-preview:-1"},"canonical":"https:\/\/snowhouse.ca\/fr\/product\/potentiostats-galvanostats-fra\/add-on-instruments\/bluqcm-qsd-quartz-crystal-microbalance\/","og_locale":"fr_CA","og_type":"article","og_title":"AWSensors X1 Modular QCMD System - SnowHouse","og_description":"Quartz crystal microbalance; mass, dissipation measurements","og_url":"https:\/\/snowhouse.ca\/fr\/product\/potentiostats-galvanostats-fra\/add-on-instruments\/bluqcm-qsd-quartz-crystal-microbalance\/","og_site_name":"SnowHouse","article_modified_time":"2026-03-10T21:24:11+00:00","og_image":[{"width":361,"height":236,"url":"https:\/\/snowhouse.ca\/wp-content\/uploads\/2025\/07\/small-banner-x1-30-1-e1758899295521.jpg?wsr","type":"image\/jpeg"}],"twitter_card":"summary_large_image","twitter_misc":{"Estimation du temps de lecture":"2 minutes"},"schema":{"@context":"https:\/\/schema.org","@graph":[{"@type":"WebPage","@id":"https:\/\/snowhouse.ca\/product\/potentiostats-galvanostats-fra\/add-on-instruments\/bluqcm-qsd-quartz-crystal-microbalance\/","url":"https:\/\/snowhouse.ca\/product\/potentiostats-galvanostats-fra\/add-on-instruments\/bluqcm-qsd-quartz-crystal-microbalance\/","name":"AWSensors X1 Modular QCMD System - SnowHouse","isPartOf":{"@id":"https:\/\/snowhouse.ca\/#website"},"primaryImageOfPage":{"@id":"https:\/\/snowhouse.ca\/product\/potentiostats-galvanostats-fra\/add-on-instruments\/bluqcm-qsd-quartz-crystal-microbalance\/#primaryimage"},"image":{"@id":"https:\/\/snowhouse.ca\/product\/potentiostats-galvanostats-fra\/add-on-instruments\/bluqcm-qsd-quartz-crystal-microbalance\/#primaryimage"},"thumbnailUrl":"https:\/\/snowhouse.ca\/wp-content\/uploads\/2025\/07\/small-banner-x1-30-1-e1758899295521.jpg?wsr","datePublished":"2025-07-23T01:36:31+00:00","dateModified":"2026-03-10T21:24:11+00:00","breadcrumb":{"@id":"https:\/\/snowhouse.ca\/product\/potentiostats-galvanostats-fra\/add-on-instruments\/bluqcm-qsd-quartz-crystal-microbalance\/#breadcrumb"},"inLanguage":"fr-CA","potentialAction":[{"@type":"ReadAction","target":["https:\/\/snowhouse.ca\/product\/potentiostats-galvanostats-fra\/add-on-instruments\/bluqcm-qsd-quartz-crystal-microbalance\/"]}]},{"@type":"ImageObject","inLanguage":"fr-CA","@id":"https:\/\/snowhouse.ca\/product\/potentiostats-galvanostats-fra\/add-on-instruments\/bluqcm-qsd-quartz-crystal-microbalance\/#primaryimage","url":"https:\/\/snowhouse.ca\/wp-content\/uploads\/2025\/07\/small-banner-x1-30-1-e1758899295521.jpg?wsr","contentUrl":"https:\/\/snowhouse.ca\/wp-content\/uploads\/2025\/07\/small-banner-x1-30-1-e1758899295521.jpg?wsr","width":361,"height":236},{"@type":"BreadcrumbList","@id":"https:\/\/snowhouse.ca\/product\/potentiostats-galvanostats-fra\/add-on-instruments\/bluqcm-qsd-quartz-crystal-microbalance\/#breadcrumb","itemListElement":[{"@type":"ListItem","position":1,"name":"Home","item":"https:\/\/snowhouse.ca\/"},{"@type":"ListItem","position":2,"name":"Products","item":"https:\/\/snowhouse.ca\/products\/"},{"@type":"ListItem","position":3,"name":"AWSensors X1 Modular QCMD System"}]},{"@type":"WebSite","@id":"https:\/\/snowhouse.ca\/#website","url":"https:\/\/snowhouse.ca\/","name":"Maison de neige","description":"Instruments scientifiques de confiance","publisher":{"@id":"https:\/\/snowhouse.ca\/#organization"},"potentialAction":[{"@type":"SearchAction","target":{"@type":"EntryPoint","urlTemplate":"https:\/\/snowhouse.ca\/?s={search_term_string}"},"query-input":{"@type":"PropertyValueSpecification","valueRequired":true,"valueName":"search_term_string"}}],"inLanguage":"fr-CA"},{"@type":"Organization","@id":"https:\/\/snowhouse.ca\/#organization","name":"Snowhouse inc.","alternateName":"Snowhouse","url":"https:\/\/snowhouse.ca\/","logo":{"@type":"ImageObject","inLanguage":"fr-CA","@id":"https:\/\/snowhouse.ca\/#\/schema\/logo\/image\/","url":"https:\/\/snowhouse.ca\/wp-content\/uploads\/2025\/07\/SnowHouse-Logo.png","contentUrl":"https:\/\/snowhouse.ca\/wp-content\/uploads\/2025\/07\/SnowHouse-Logo.png","width":508,"height":136,"caption":"Snowhouse inc."},"image":{"@id":"https:\/\/snowhouse.ca\/#\/schema\/logo\/image\/"}}]}},"_links":{"self":[{"href":"https:\/\/snowhouse.ca\/fr\/wp-json\/wp\/v2\/product\/381","targetHints":{"allow":["GET"]}}],"collection":[{"href":"https:\/\/snowhouse.ca\/fr\/wp-json\/wp\/v2\/product"}],"about":[{"href":"https:\/\/snowhouse.ca\/fr\/wp-json\/wp\/v2\/types\/product"}],"wp:featuredmedia":[{"embeddable":true,"href":"https:\/\/snowhouse.ca\/fr\/wp-json\/wp\/v2\/media\/2190"}],"wp:attachment":[{"href":"https:\/\/snowhouse.ca\/fr\/wp-json\/wp\/v2\/media?parent=381"}],"wp:term":[{"taxonomy":"product_brand","embeddable":true,"href":"https:\/\/snowhouse.ca\/fr\/wp-json\/wp\/v2\/product_brand?post=381"},{"taxonomy":"product_cat","embeddable":true,"href":"https:\/\/snowhouse.ca\/fr\/wp-json\/wp\/v2\/product_cat?post=381"},{"taxonomy":"product_tag","embeddable":true,"href":"https:\/\/snowhouse.ca\/fr\/wp-json\/wp\/v2\/product_tag?post=381"},{"taxonomy":"document","embeddable":true,"href":"https:\/\/snowhouse.ca\/fr\/wp-json\/wp\/v2\/document?post=381"}],"curies":[{"name":"wp","href":"https:\/\/api.w.org\/{rel}","templated":true}]}}