{"id":385,"date":"2025-07-23T01:36:31","date_gmt":"2025-07-23T01:36:31","guid":{"rendered":"https:\/\/snowhouse.ca\/produit\/marana-scmos-camera-ultimate-sensitivity-back-illuminated-scmos-camera-for-astronomy-and-physical\/"},"modified":"2025-11-17T16:41:41","modified_gmt":"2025-11-17T16:41:41","slug":"marana-scmos-camera-ultimate-sensitivity-back-illuminated-scmos-camera-for-astronomy-and-physical","status":"publish","type":"product","link":"https:\/\/snowhouse.ca\/fr\/produit\/cameras-spectrographs\/scmos-cameras\/marana-scmos-camera-ultimate-sensitivity-back-illuminated-scmos-camera-for-astronomy-and-physical\/","title":{"rendered":"Cam\u00e9ra sCMOS Marana"},"content":{"rendered":"<p><strong>Cam\u00e9ra sCMOS Marana \u2013 Cam\u00e9ra sCMOS r\u00e9tro\u00e9clair\u00e9e \u00e0 sensibilit\u00e9 ultime pour l&#039;astronomie et les sciences physiques\u00a0<\/strong><\/p>\n<p>Marana est la toute derni\u00e8re plateforme de cam\u00e9ra sCMOS haute performance de Andor d\u00e9di\u00e9e \u00e0 l&#039;astronomie et aux sciences physiques. Elle est lanc\u00e9e avec le mod\u00e8le Marana 4.2B-11, un capteur sCMOS r\u00e9tro\u00e9clair\u00e9 \u00e0 grand champ de vision.\u00a0<strong>95% Rendement quantique (QE)<\/strong>\u00a0et\u00a0<strong>refroidissement sous vide leader sur le march\u00e9<\/strong>\u00a0<strong>jusqu&#039;\u00e0 -45 \u00b0C<\/strong>.<\/p>\n<p>&nbsp;<\/p>\n<p><strong>\u2013 95% QE et refroidissement \u00e0 -45 \u00b0C<\/strong>\u00a0\u2013 Capteur sCMOS r\u00e9tro\u00e9clair\u00e9 le plus sensible disponible<\/p>\n<p><strong>&#8211;\u00a0<\/strong><strong>Capteur 4,2 m\u00e9gapixels \/ 32 mm <\/strong>\u2013 parfait pour l&#039;astronomie<\/p>\n<p><strong>\u2013 135 images\/seconde en plein \u00e9cran (plus rapide avec ROI)<\/strong>\u00a0\u2013 suivre les \u00e9v\u00e9nements rapides sans bavure<\/p>\n<p><strong>\u2013 1.0 e- Mode faible bruit<\/strong>\u00a0\u2013 pour les conditions les plus sombres<\/p>\n<p><strong>\u2013 Capacit\u00e9 de longue exposition<\/strong>\u00a0\u2013 photom\u00e9trie sur une plage d&#039;exposition plus large<\/p>\n<p><strong>\u2013 &gt; 99,7% lin\u00e9arit\u00e9 <\/strong>\u2013 une pr\u00e9cision quantitative exceptionnelle sur toute la gamme dynamique<\/p>\n<p><strong>\u2013 Dur\u00e9e de vie et qualit\u00e9 de l&#039;aspirateur<\/strong> \u2013 absence d&#039;humidit\u00e9 sur le capteur, absence de d\u00e9gradation du QE<\/p>\n<p>Marana est la toute derni\u00e8re plateforme de cam\u00e9ra sCMOS haute performance de Andor, id\u00e9ale pour diverses applications en sciences physiques telles que l&#039;astronomie, la condensation de Bose-Einstein, l&#039;optique quantique, l&#039;imagerie hyperspectrale, la tomographie neutronique et la spectroscopie rapide. Les deux mod\u00e8les Marana sont dot\u00e9s de\u00a0<strong>4,2 m\u00e9gapixels<\/strong>\u00a0capteurs,\u00a0<strong>95% Rendement quantique (QE)<\/strong>\u00a0et leader du march\u00e9\u00a0<strong>Refroidissement sous vide \u00e0 -45 \u00b0C<\/strong>ce qui fait de Marana la plateforme sCMOS r\u00e9tro\u00e9clair\u00e9e la plus sensible du march\u00e9. La capacit\u00e9 unique du Andor \u00e0 fournir\u00a0<strong>Sensibilit\u00e9 sCMOS ultime<\/strong>\u00a0Cela signifie que le rapport signal\/bruit peut \u00eatre optimis\u00e9 en conditions de faible luminosit\u00e9, id\u00e9al pour le suivi d&#039;objets orbitaux de petite taille, la d\u00e9tection spectroscopique de concentrations infimes et la d\u00e9tection par fluorescence BEC d&#039;un nombre discret d&#039;atomes\/ions. Une sensibilit\u00e9 accrue permet \u00e9galement de r\u00e9duire les temps d&#039;exposition, facilitant ainsi des mesures \u00e0 fr\u00e9quence d&#039;acquisition plus rapide des processus dynamiques.<\/p>\n<p>Point crucial, le capteur sCMOS de Marana lit des matrices haute r\u00e9solution de 4,2 m\u00e9gapixels en moins de 50 millisecondes, tout en maintenant un bruit de lecture tr\u00e8s faible ; des centaines de fois plus rapide qu&#039;un d\u00e9tecteur CCD de r\u00e9solution similaire.<\/p>\n<p>L&#039;approche innovante du \u00ab double amplificateur \u00bb\u00a0<strong>plage dynamique \u00e9tendue<\/strong>\u00a0est id\u00e9al pour visualiser et quantifier avec pr\u00e9cision des sc\u00e8nes complexes pr\u00e9sentant des zones extr\u00eamement faibles et d&#039;autres extr\u00eamement lumineuses, comme les mesures solaires et les caract\u00e9risations spectroscopiques des mat\u00e9riaux. De plus, pour atteindre\u00a0<strong>pr\u00e9cision de quantification de premier ordre<\/strong>, Andor ont mis en \u0153uvre une intelligence embarqu\u00e9e am\u00e9lior\u00e9e pour offrir une lin\u00e9arit\u00e9 de pointe sur le march\u00e9 de &gt; 99,7% sur toute la plage dynamique, id\u00e9ale pour une photom\u00e9trie pr\u00e9cise.<\/p>\n<p><strong>Marana 4.2B-11<\/strong>Cette option \u00e0 large champ de vision utilise une technologie anti-lueur unique qui permet d&#039;acc\u00e9der efficacement \u00e0 l&#039;ensemble du champ de vision.\u00a0<strong>matrice 2048 x 2048<\/strong>, offrant un impressionnant\u00a0<strong>Diagonale du capteur de 32 mm<\/strong>Gr\u00e2ce \u00e0 ses cadences d&#039;acquisition \u00e9lev\u00e9es (jusqu&#039;\u00e0 24 ips en 16 bits et 48 ips en 12 bits), la cam\u00e9ra Marana 4.2B-11 est id\u00e9ale pour les applications astronomiques de balayage du ciel \u00e0 grande \u00e9chelle, telles que le suivi des d\u00e9bris orbitaux et la d\u00e9tection des ast\u00e9ro\u00efdes g\u00e9ocroiseurs. Elle convient \u00e9galement parfaitement aux applications hyperspectrales multifibres \u00e0 haute densit\u00e9. La Marana 4.2B-11 propose diff\u00e9rents profils de rendement quantique (QE), dont l&#039;option UV am\u00e9lior\u00e9e (\u00ab\u00a0BU\u00a0\u00bb) qui \u00e9tend son champ d&#039;application \u00e0 des besoins sp\u00e9cifiques entre 260 et 400 nm.<\/p>\n<p><strong><span class=\"color-beta\">NOUVEAU\u00a0<\/span>Marana 4.2B-6<\/strong>Ce mod\u00e8le haute vitesse atteint 135 images par seconde (mode haute vitesse) et constitue la cam\u00e9ra r\u00e9tro\u00e9clair\u00e9e la plus sensible disponible pour les applications d&#039;imagerie ou de spectroscopie exigeant des cadences d&#039;acquisition \u00e9lev\u00e9es, telles que la dynamique des gaz quantiques, la spectroscopie rapide \u00e0 haute r\u00e9solution, l&#039;imagerie hyperspectrale et l&#039;imagerie non destructive de la dynamique des \u00e9chantillons par radiographie aux rayons X ou aux neutrons. La taille r\u00e9duite des pixels (6,5 \u03bcm) assure une meilleure correspondance de r\u00e9solution avec de nombreuses configurations d&#039;imagerie optique de laboratoire, ainsi qu&#039;en spectroscopie \u00e9chelle.<\/p>\n<p>La plateforme Marana s&#039;adapte facilement \u00e0 la d\u00e9tection de front d&#039;onde par optique adaptative. Capable de produire des centaines d&#039;images par seconde avec des r\u00e9gions d&#039;int\u00e9r\u00eat, elle est \u00e9galement con\u00e7ue pour minimiser la latence de transfert des donn\u00e9es. De plus, sa fr\u00e9quence d&#039;acquisition \u00e9lev\u00e9e permet d&#039;\u00e9tendre consid\u00e9rablement la plage dynamique et la profondeur de champ effective gr\u00e2ce \u00e0 l&#039;empilement rapide d&#039;images ou de spectres.<\/p>","protected":false},"excerpt":{"rendered":"<p>Capteur sCMOS r\u00e9tro\u00e9clair\u00e9 de 4,2 m\u00e9gapixels, pixels de 11 \u00b5m et 6,5 \u00b5m<\/p>","protected":false},"featured_media":2355,"template":"","meta":[],"product_brand":[551],"product_cat":[149],"product_tag":[],"document":[],"class_list":{"0":"post-385","1":"product","2":"type-product","3":"status-publish","4":"has-post-thumbnail","6":"product_brand-andor","7":"product_cat-scmos-cameras","9":"first","10":"instock","11":"purchasable","12":"product-type-simple"},"yoast_head":"<!-- This site is optimized with the Yoast SEO plugin v26.8 - https:\/\/yoast.com\/product\/yoast-seo-wordpress\/ -->\n<title>Marana sCMOS Camera - SnowHouse<\/title>\n<meta name=\"description\" content=\"Ultimate Sensitivity Back-illuminatedsCMOS for Astronomy &amp; Physical Sciences\" \/>\n<meta name=\"robots\" content=\"index, follow, max-snippet:-1, max-image-preview:large, max-video-preview:-1\" \/>\n<link rel=\"canonical\" href=\"https:\/\/snowhouse.ca\/fr\/product\/cameras-spectrographs\/scmos-cameras\/marana-scmos-camera-ultimate-sensitivity-back-illuminated-scmos-camera-for-astronomy-and-physical\/\" \/>\n<meta property=\"og:locale\" content=\"fr_CA\" \/>\n<meta property=\"og:type\" content=\"article\" \/>\n<meta property=\"og:title\" content=\"Marana sCMOS Camera - SnowHouse\" \/>\n<meta property=\"og:description\" content=\"Ultimate Sensitivity Back-illuminatedsCMOS for Astronomy &amp; Physical Sciences\" \/>\n<meta property=\"og:url\" content=\"https:\/\/snowhouse.ca\/fr\/product\/cameras-spectrographs\/scmos-cameras\/marana-scmos-camera-ultimate-sensitivity-back-illuminated-scmos-camera-for-astronomy-and-physical\/\" \/>\n<meta property=\"og:site_name\" content=\"SnowHouse\" \/>\n<meta property=\"article:modified_time\" content=\"2025-11-17T16:41:41+00:00\" \/>\n<meta property=\"og:image\" content=\"https:\/\/snowhouse.ca\/wp-content\/uploads\/2025\/07\/marana-scmos-blue.png\" \/>\n\t<meta property=\"og:image:width\" content=\"1000\" \/>\n\t<meta property=\"og:image:height\" content=\"866\" \/>\n\t<meta property=\"og:image:type\" content=\"image\/png\" \/>\n<meta name=\"twitter:card\" content=\"summary_large_image\" \/>\n<meta name=\"twitter:label1\" content=\"Estimation du temps de lecture\" \/>\n\t<meta name=\"twitter:data1\" content=\"3 minutes\" \/>\n<script type=\"application\/ld+json\" class=\"yoast-schema-graph\">{\"@context\":\"https:\/\/schema.org\",\"@graph\":[{\"@type\":\"WebPage\",\"@id\":\"https:\/\/snowhouse.ca\/product\/cameras-spectrographs\/scmos-cameras\/marana-scmos-camera-ultimate-sensitivity-back-illuminated-scmos-camera-for-astronomy-and-physical\/\",\"url\":\"https:\/\/snowhouse.ca\/product\/cameras-spectrographs\/scmos-cameras\/marana-scmos-camera-ultimate-sensitivity-back-illuminated-scmos-camera-for-astronomy-and-physical\/\",\"name\":\"Marana sCMOS Camera - SnowHouse\",\"isPartOf\":{\"@id\":\"https:\/\/snowhouse.ca\/#website\"},\"primaryImageOfPage\":{\"@id\":\"https:\/\/snowhouse.ca\/product\/cameras-spectrographs\/scmos-cameras\/marana-scmos-camera-ultimate-sensitivity-back-illuminated-scmos-camera-for-astronomy-and-physical\/#primaryimage\"},\"image\":{\"@id\":\"https:\/\/snowhouse.ca\/product\/cameras-spectrographs\/scmos-cameras\/marana-scmos-camera-ultimate-sensitivity-back-illuminated-scmos-camera-for-astronomy-and-physical\/#primaryimage\"},\"thumbnailUrl\":\"https:\/\/snowhouse.ca\/wp-content\/uploads\/2025\/07\/marana-scmos-blue.png?wsr\",\"datePublished\":\"2025-07-23T01:36:31+00:00\",\"dateModified\":\"2025-11-17T16:41:41+00:00\",\"description\":\"Ultimate Sensitivity Back-illuminatedsCMOS for Astronomy & Physical Sciences\",\"breadcrumb\":{\"@id\":\"https:\/\/snowhouse.ca\/product\/cameras-spectrographs\/scmos-cameras\/marana-scmos-camera-ultimate-sensitivity-back-illuminated-scmos-camera-for-astronomy-and-physical\/#breadcrumb\"},\"inLanguage\":\"fr-CA\",\"potentialAction\":[{\"@type\":\"ReadAction\",\"target\":[\"https:\/\/snowhouse.ca\/product\/cameras-spectrographs\/scmos-cameras\/marana-scmos-camera-ultimate-sensitivity-back-illuminated-scmos-camera-for-astronomy-and-physical\/\"]}]},{\"@type\":\"ImageObject\",\"inLanguage\":\"fr-CA\",\"@id\":\"https:\/\/snowhouse.ca\/product\/cameras-spectrographs\/scmos-cameras\/marana-scmos-camera-ultimate-sensitivity-back-illuminated-scmos-camera-for-astronomy-and-physical\/#primaryimage\",\"url\":\"https:\/\/snowhouse.ca\/wp-content\/uploads\/2025\/07\/marana-scmos-blue.png?wsr\",\"contentUrl\":\"https:\/\/snowhouse.ca\/wp-content\/uploads\/2025\/07\/marana-scmos-blue.png?wsr\",\"width\":1000,\"height\":866,\"caption\":\"Marana sCMOS camera\"},{\"@type\":\"BreadcrumbList\",\"@id\":\"https:\/\/snowhouse.ca\/product\/cameras-spectrographs\/scmos-cameras\/marana-scmos-camera-ultimate-sensitivity-back-illuminated-scmos-camera-for-astronomy-and-physical\/#breadcrumb\",\"itemListElement\":[{\"@type\":\"ListItem\",\"position\":1,\"name\":\"Home\",\"item\":\"https:\/\/snowhouse.ca\/\"},{\"@type\":\"ListItem\",\"position\":2,\"name\":\"Products\",\"item\":\"https:\/\/snowhouse.ca\/products\/\"},{\"@type\":\"ListItem\",\"position\":3,\"name\":\"Marana sCMOS Camera\"}]},{\"@type\":\"WebSite\",\"@id\":\"https:\/\/snowhouse.ca\/#website\",\"url\":\"https:\/\/snowhouse.ca\/\",\"name\":\"SnowHouse\",\"description\":\"Trusted Scientific Instruments\",\"publisher\":{\"@id\":\"https:\/\/snowhouse.ca\/#organization\"},\"potentialAction\":[{\"@type\":\"SearchAction\",\"target\":{\"@type\":\"EntryPoint\",\"urlTemplate\":\"https:\/\/snowhouse.ca\/?s={search_term_string}\"},\"query-input\":{\"@type\":\"PropertyValueSpecification\",\"valueRequired\":true,\"valueName\":\"search_term_string\"}}],\"inLanguage\":\"fr-CA\"},{\"@type\":\"Organization\",\"@id\":\"https:\/\/snowhouse.ca\/#organization\",\"name\":\"Snowhouse inc.\",\"alternateName\":\"Snowhouse\",\"url\":\"https:\/\/snowhouse.ca\/\",\"logo\":{\"@type\":\"ImageObject\",\"inLanguage\":\"fr-CA\",\"@id\":\"https:\/\/snowhouse.ca\/#\/schema\/logo\/image\/\",\"url\":\"https:\/\/snowhouse.ca\/wp-content\/uploads\/2025\/07\/SnowHouse-Logo.png\",\"contentUrl\":\"https:\/\/snowhouse.ca\/wp-content\/uploads\/2025\/07\/SnowHouse-Logo.png\",\"width\":508,\"height\":136,\"caption\":\"Snowhouse inc.\"},\"image\":{\"@id\":\"https:\/\/snowhouse.ca\/#\/schema\/logo\/image\/\"}}]}<\/script>\n<!-- \/ Yoast SEO plugin. -->","yoast_head_json":{"title":"Marana sCMOS Camera - SnowHouse","description":"Ultimate Sensitivity Back-illuminatedsCMOS for Astronomy & Physical Sciences","robots":{"index":"index","follow":"follow","max-snippet":"max-snippet:-1","max-image-preview":"max-image-preview:large","max-video-preview":"max-video-preview:-1"},"canonical":"https:\/\/snowhouse.ca\/fr\/product\/cameras-spectrographs\/scmos-cameras\/marana-scmos-camera-ultimate-sensitivity-back-illuminated-scmos-camera-for-astronomy-and-physical\/","og_locale":"fr_CA","og_type":"article","og_title":"Marana sCMOS Camera - SnowHouse","og_description":"Ultimate Sensitivity Back-illuminatedsCMOS for Astronomy & Physical Sciences","og_url":"https:\/\/snowhouse.ca\/fr\/product\/cameras-spectrographs\/scmos-cameras\/marana-scmos-camera-ultimate-sensitivity-back-illuminated-scmos-camera-for-astronomy-and-physical\/","og_site_name":"SnowHouse","article_modified_time":"2025-11-17T16:41:41+00:00","og_image":[{"width":1000,"height":866,"url":"https:\/\/snowhouse.ca\/wp-content\/uploads\/2025\/07\/marana-scmos-blue.png","type":"image\/png"}],"twitter_card":"summary_large_image","twitter_misc":{"Estimation du temps de lecture":"3 minutes"},"schema":{"@context":"https:\/\/schema.org","@graph":[{"@type":"WebPage","@id":"https:\/\/snowhouse.ca\/product\/cameras-spectrographs\/scmos-cameras\/marana-scmos-camera-ultimate-sensitivity-back-illuminated-scmos-camera-for-astronomy-and-physical\/","url":"https:\/\/snowhouse.ca\/product\/cameras-spectrographs\/scmos-cameras\/marana-scmos-camera-ultimate-sensitivity-back-illuminated-scmos-camera-for-astronomy-and-physical\/","name":"Marana sCMOS Camera - SnowHouse","isPartOf":{"@id":"https:\/\/snowhouse.ca\/#website"},"primaryImageOfPage":{"@id":"https:\/\/snowhouse.ca\/product\/cameras-spectrographs\/scmos-cameras\/marana-scmos-camera-ultimate-sensitivity-back-illuminated-scmos-camera-for-astronomy-and-physical\/#primaryimage"},"image":{"@id":"https:\/\/snowhouse.ca\/product\/cameras-spectrographs\/scmos-cameras\/marana-scmos-camera-ultimate-sensitivity-back-illuminated-scmos-camera-for-astronomy-and-physical\/#primaryimage"},"thumbnailUrl":"https:\/\/snowhouse.ca\/wp-content\/uploads\/2025\/07\/marana-scmos-blue.png?wsr","datePublished":"2025-07-23T01:36:31+00:00","dateModified":"2025-11-17T16:41:41+00:00","description":"Ultimate Sensitivity Back-illuminatedsCMOS for Astronomy & Physical Sciences","breadcrumb":{"@id":"https:\/\/snowhouse.ca\/product\/cameras-spectrographs\/scmos-cameras\/marana-scmos-camera-ultimate-sensitivity-back-illuminated-scmos-camera-for-astronomy-and-physical\/#breadcrumb"},"inLanguage":"fr-CA","potentialAction":[{"@type":"ReadAction","target":["https:\/\/snowhouse.ca\/product\/cameras-spectrographs\/scmos-cameras\/marana-scmos-camera-ultimate-sensitivity-back-illuminated-scmos-camera-for-astronomy-and-physical\/"]}]},{"@type":"ImageObject","inLanguage":"fr-CA","@id":"https:\/\/snowhouse.ca\/product\/cameras-spectrographs\/scmos-cameras\/marana-scmos-camera-ultimate-sensitivity-back-illuminated-scmos-camera-for-astronomy-and-physical\/#primaryimage","url":"https:\/\/snowhouse.ca\/wp-content\/uploads\/2025\/07\/marana-scmos-blue.png?wsr","contentUrl":"https:\/\/snowhouse.ca\/wp-content\/uploads\/2025\/07\/marana-scmos-blue.png?wsr","width":1000,"height":866,"caption":"Marana sCMOS camera"},{"@type":"BreadcrumbList","@id":"https:\/\/snowhouse.ca\/product\/cameras-spectrographs\/scmos-cameras\/marana-scmos-camera-ultimate-sensitivity-back-illuminated-scmos-camera-for-astronomy-and-physical\/#breadcrumb","itemListElement":[{"@type":"ListItem","position":1,"name":"Home","item":"https:\/\/snowhouse.ca\/"},{"@type":"ListItem","position":2,"name":"Products","item":"https:\/\/snowhouse.ca\/products\/"},{"@type":"ListItem","position":3,"name":"Marana sCMOS Camera"}]},{"@type":"WebSite","@id":"https:\/\/snowhouse.ca\/#website","url":"https:\/\/snowhouse.ca\/","name":"Maison de neige","description":"Instruments scientifiques de confiance","publisher":{"@id":"https:\/\/snowhouse.ca\/#organization"},"potentialAction":[{"@type":"SearchAction","target":{"@type":"EntryPoint","urlTemplate":"https:\/\/snowhouse.ca\/?s={search_term_string}"},"query-input":{"@type":"PropertyValueSpecification","valueRequired":true,"valueName":"search_term_string"}}],"inLanguage":"fr-CA"},{"@type":"Organization","@id":"https:\/\/snowhouse.ca\/#organization","name":"Snowhouse inc.","alternateName":"Snowhouse","url":"https:\/\/snowhouse.ca\/","logo":{"@type":"ImageObject","inLanguage":"fr-CA","@id":"https:\/\/snowhouse.ca\/#\/schema\/logo\/image\/","url":"https:\/\/snowhouse.ca\/wp-content\/uploads\/2025\/07\/SnowHouse-Logo.png","contentUrl":"https:\/\/snowhouse.ca\/wp-content\/uploads\/2025\/07\/SnowHouse-Logo.png","width":508,"height":136,"caption":"Snowhouse inc."},"image":{"@id":"https:\/\/snowhouse.ca\/#\/schema\/logo\/image\/"}}]}},"_links":{"self":[{"href":"https:\/\/snowhouse.ca\/fr\/wp-json\/wp\/v2\/product\/385","targetHints":{"allow":["GET"]}}],"collection":[{"href":"https:\/\/snowhouse.ca\/fr\/wp-json\/wp\/v2\/product"}],"about":[{"href":"https:\/\/snowhouse.ca\/fr\/wp-json\/wp\/v2\/types\/product"}],"wp:featuredmedia":[{"embeddable":true,"href":"https:\/\/snowhouse.ca\/fr\/wp-json\/wp\/v2\/media\/2355"}],"wp:attachment":[{"href":"https:\/\/snowhouse.ca\/fr\/wp-json\/wp\/v2\/media?parent=385"}],"wp:term":[{"taxonomy":"product_brand","embeddable":true,"href":"https:\/\/snowhouse.ca\/fr\/wp-json\/wp\/v2\/product_brand?post=385"},{"taxonomy":"product_cat","embeddable":true,"href":"https:\/\/snowhouse.ca\/fr\/wp-json\/wp\/v2\/product_cat?post=385"},{"taxonomy":"product_tag","embeddable":true,"href":"https:\/\/snowhouse.ca\/fr\/wp-json\/wp\/v2\/product_tag?post=385"},{"taxonomy":"document","embeddable":true,"href":"https:\/\/snowhouse.ca\/fr\/wp-json\/wp\/v2\/document?post=385"}],"curies":[{"name":"wp","href":"https:\/\/api.w.org\/{rel}","templated":true}]}}