{"id":387,"date":"2025-07-23T01:36:31","date_gmt":"2025-07-23T01:36:31","guid":{"rendered":"https:\/\/snowhouse.ca\/produit\/sona-scmos-camera-the-most-sensitive-back-illuminated-scmos-largest-field-of-view\/"},"modified":"2025-11-17T16:41:51","modified_gmt":"2025-11-17T16:41:51","slug":"sona-scmos-camera-the-most-sensitive-back-illuminated-scmos-largest-field-of-view","status":"publish","type":"product","link":"https:\/\/snowhouse.ca\/fr\/produit\/cameras-spectrographs\/scmos-cameras\/sona-scmos-camera-the-most-sensitive-back-illuminated-scmos-largest-field-of-view\/","title":{"rendered":"Cam\u00e9ra sCMOS Sona"},"content":{"rendered":"<p><strong>Cam\u00e9ra sCMOS Sona \u2013 d\u00e9sormais encore plus rapide et plus sensible<\/strong><\/p>\n<p>Sona est la derni\u00e8re s\u00e9rie de cam\u00e9ras sCMOS hautes performances d&#039;Andor, sp\u00e9cialement con\u00e7ue pour les applications d&#039;imagerie des sciences de la vie. La nouvelle Sona-6 Extreme, am\u00e9lior\u00e9e, est d\u00e9sormais plus sensible et plus rapide\u00a0! Une combinaison exceptionnelle de\u00a0<strong>sensibilit\u00e9<\/strong>,\u00a0<strong>vitesse<\/strong>\u00a0et\u00a0<strong>r\u00e9solution\u00a0<\/strong>pour\u00a0<strong>imagerie optimale\u00a0<\/strong><strong>performance\u00a0<\/strong>dans de nombreuses applications.<\/p>\n<p><strong>Principaux avantages<\/strong><\/p>\n<p><strong>\u2013 95% QE et refroidissement \u00e0 -45 \u00b0C\u00a0<\/strong>\u2013 le sCMOS r\u00e9tro\u00e9clair\u00e9 le plus sensible disponible<br \/>\n<strong>\u2013 Jusqu\u2019\u00e0 135 ips plein format \u2013<\/strong>\u00a0suivre les processus dynamiques sans bavures<br \/>\n<strong>\u2013 &gt; Lin\u00e9arit\u00e9 99,7% \u2013<\/strong>\u00a0une superbe pr\u00e9cision quantitative sur toute la plage dynamique<br \/>\n<strong>\u2013 Options de taille de pixel de 6,5 \u00b5m et 11 \u00b5m \u2013<\/strong>\u00a0convient \u00e0 la plupart des grossissements et applications<br \/>\n<strong>\u2013 Technologie SRRF-Stream+ \u2013\u00a0<\/strong>r\u00e9soudre les d\u00e9tails \u00e0 environ 100 nm \u00e0 partir d&#039;un microscope normal<\/p>","protected":false},"excerpt":{"rendered":"<p class=\"product-short-excerpt\">4,2 m\u00e9gapixels, taille des pixels\u00a0: 11\u00a0\u00b5m et 6,5\u00a0\u00b5m<\/p>","protected":false},"featured_media":388,"template":"","meta":[],"product_brand":[551],"product_cat":[149],"product_tag":[],"document":[],"class_list":{"0":"post-387","1":"product","2":"type-product","3":"status-publish","4":"has-post-thumbnail","6":"product_brand-andor","7":"product_cat-scmos-cameras","9":"first","10":"instock","11":"purchasable","12":"product-type-simple"},"yoast_head":"<!-- This site is optimized with the Yoast SEO plugin v26.8 - https:\/\/yoast.com\/product\/yoast-seo-wordpress\/ -->\n<title>Sona sCMOS Camera - SnowHouse<\/title>\n<meta name=\"robots\" content=\"index, follow, max-snippet:-1, max-image-preview:large, max-video-preview:-1\" \/>\n<link rel=\"canonical\" href=\"https:\/\/snowhouse.ca\/fr\/product\/cameras-spectrographs\/scmos-cameras\/sona-scmos-camera-the-most-sensitive-back-illuminated-scmos-largest-field-of-view\/\" \/>\n<meta property=\"og:locale\" content=\"fr_CA\" \/>\n<meta property=\"og:type\" content=\"article\" \/>\n<meta property=\"og:title\" content=\"Sona sCMOS Camera - SnowHouse\" \/>\n<meta property=\"og:description\" content=\"4.2 Megapixel, 11\u00b5m &amp; 6.5\u00b5m pixel size\" \/>\n<meta property=\"og:url\" content=\"https:\/\/snowhouse.ca\/fr\/product\/cameras-spectrographs\/scmos-cameras\/sona-scmos-camera-the-most-sensitive-back-illuminated-scmos-largest-field-of-view\/\" \/>\n<meta property=\"og:site_name\" content=\"SnowHouse\" \/>\n<meta property=\"article:modified_time\" content=\"2025-11-17T16:41:51+00:00\" \/>\n<meta property=\"og:image\" content=\"https:\/\/snowhouse.ca\/wp-content\/uploads\/2025\/07\/93320.png\" \/>\n\t<meta property=\"og:image:width\" content=\"150\" \/>\n\t<meta property=\"og:image:height\" content=\"129\" \/>\n\t<meta property=\"og:image:type\" content=\"image\/png\" \/>\n<meta name=\"twitter:card\" content=\"summary_large_image\" \/>\n<meta name=\"twitter:label1\" content=\"Estimation du temps de lecture\" \/>\n\t<meta name=\"twitter:data1\" content=\"1 minute\" \/>\n<script type=\"application\/ld+json\" class=\"yoast-schema-graph\">{\"@context\":\"https:\/\/schema.org\",\"@graph\":[{\"@type\":\"WebPage\",\"@id\":\"https:\/\/snowhouse.ca\/product\/cameras-spectrographs\/scmos-cameras\/sona-scmos-camera-the-most-sensitive-back-illuminated-scmos-largest-field-of-view\/\",\"url\":\"https:\/\/snowhouse.ca\/product\/cameras-spectrographs\/scmos-cameras\/sona-scmos-camera-the-most-sensitive-back-illuminated-scmos-largest-field-of-view\/\",\"name\":\"Sona sCMOS Camera - SnowHouse\",\"isPartOf\":{\"@id\":\"https:\/\/snowhouse.ca\/#website\"},\"primaryImageOfPage\":{\"@id\":\"https:\/\/snowhouse.ca\/product\/cameras-spectrographs\/scmos-cameras\/sona-scmos-camera-the-most-sensitive-back-illuminated-scmos-largest-field-of-view\/#primaryimage\"},\"image\":{\"@id\":\"https:\/\/snowhouse.ca\/product\/cameras-spectrographs\/scmos-cameras\/sona-scmos-camera-the-most-sensitive-back-illuminated-scmos-largest-field-of-view\/#primaryimage\"},\"thumbnailUrl\":\"https:\/\/snowhouse.ca\/wp-content\/uploads\/2025\/07\/93320.png?wsr\",\"datePublished\":\"2025-07-23T01:36:31+00:00\",\"dateModified\":\"2025-11-17T16:41:51+00:00\",\"breadcrumb\":{\"@id\":\"https:\/\/snowhouse.ca\/product\/cameras-spectrographs\/scmos-cameras\/sona-scmos-camera-the-most-sensitive-back-illuminated-scmos-largest-field-of-view\/#breadcrumb\"},\"inLanguage\":\"fr-CA\",\"potentialAction\":[{\"@type\":\"ReadAction\",\"target\":[\"https:\/\/snowhouse.ca\/product\/cameras-spectrographs\/scmos-cameras\/sona-scmos-camera-the-most-sensitive-back-illuminated-scmos-largest-field-of-view\/\"]}]},{\"@type\":\"ImageObject\",\"inLanguage\":\"fr-CA\",\"@id\":\"https:\/\/snowhouse.ca\/product\/cameras-spectrographs\/scmos-cameras\/sona-scmos-camera-the-most-sensitive-back-illuminated-scmos-largest-field-of-view\/#primaryimage\",\"url\":\"https:\/\/snowhouse.ca\/wp-content\/uploads\/2025\/07\/93320.png?wsr\",\"contentUrl\":\"https:\/\/snowhouse.ca\/wp-content\/uploads\/2025\/07\/93320.png?wsr\",\"width\":150,\"height\":129},{\"@type\":\"BreadcrumbList\",\"@id\":\"https:\/\/snowhouse.ca\/product\/cameras-spectrographs\/scmos-cameras\/sona-scmos-camera-the-most-sensitive-back-illuminated-scmos-largest-field-of-view\/#breadcrumb\",\"itemListElement\":[{\"@type\":\"ListItem\",\"position\":1,\"name\":\"Home\",\"item\":\"https:\/\/snowhouse.ca\/\"},{\"@type\":\"ListItem\",\"position\":2,\"name\":\"Products\",\"item\":\"https:\/\/snowhouse.ca\/products\/\"},{\"@type\":\"ListItem\",\"position\":3,\"name\":\"Sona sCMOS Camera\"}]},{\"@type\":\"WebSite\",\"@id\":\"https:\/\/snowhouse.ca\/#website\",\"url\":\"https:\/\/snowhouse.ca\/\",\"name\":\"SnowHouse\",\"description\":\"Trusted Scientific Instruments\",\"publisher\":{\"@id\":\"https:\/\/snowhouse.ca\/#organization\"},\"potentialAction\":[{\"@type\":\"SearchAction\",\"target\":{\"@type\":\"EntryPoint\",\"urlTemplate\":\"https:\/\/snowhouse.ca\/?s={search_term_string}\"},\"query-input\":{\"@type\":\"PropertyValueSpecification\",\"valueRequired\":true,\"valueName\":\"search_term_string\"}}],\"inLanguage\":\"fr-CA\"},{\"@type\":\"Organization\",\"@id\":\"https:\/\/snowhouse.ca\/#organization\",\"name\":\"Snowhouse inc.\",\"alternateName\":\"Snowhouse\",\"url\":\"https:\/\/snowhouse.ca\/\",\"logo\":{\"@type\":\"ImageObject\",\"inLanguage\":\"fr-CA\",\"@id\":\"https:\/\/snowhouse.ca\/#\/schema\/logo\/image\/\",\"url\":\"https:\/\/snowhouse.ca\/wp-content\/uploads\/2025\/07\/SnowHouse-Logo.png\",\"contentUrl\":\"https:\/\/snowhouse.ca\/wp-content\/uploads\/2025\/07\/SnowHouse-Logo.png\",\"width\":508,\"height\":136,\"caption\":\"Snowhouse inc.\"},\"image\":{\"@id\":\"https:\/\/snowhouse.ca\/#\/schema\/logo\/image\/\"}}]}<\/script>\n<!-- \/ Yoast SEO plugin. -->","yoast_head_json":{"title":"Sona sCMOS Camera - SnowHouse","robots":{"index":"index","follow":"follow","max-snippet":"max-snippet:-1","max-image-preview":"max-image-preview:large","max-video-preview":"max-video-preview:-1"},"canonical":"https:\/\/snowhouse.ca\/fr\/product\/cameras-spectrographs\/scmos-cameras\/sona-scmos-camera-the-most-sensitive-back-illuminated-scmos-largest-field-of-view\/","og_locale":"fr_CA","og_type":"article","og_title":"Sona sCMOS Camera - SnowHouse","og_description":"4.2 Megapixel, 11\u00b5m &amp; 6.5\u00b5m pixel size","og_url":"https:\/\/snowhouse.ca\/fr\/product\/cameras-spectrographs\/scmos-cameras\/sona-scmos-camera-the-most-sensitive-back-illuminated-scmos-largest-field-of-view\/","og_site_name":"SnowHouse","article_modified_time":"2025-11-17T16:41:51+00:00","og_image":[{"width":150,"height":129,"url":"https:\/\/snowhouse.ca\/wp-content\/uploads\/2025\/07\/93320.png","type":"image\/png"}],"twitter_card":"summary_large_image","twitter_misc":{"Estimation du temps de lecture":"1 minute"},"schema":{"@context":"https:\/\/schema.org","@graph":[{"@type":"WebPage","@id":"https:\/\/snowhouse.ca\/product\/cameras-spectrographs\/scmos-cameras\/sona-scmos-camera-the-most-sensitive-back-illuminated-scmos-largest-field-of-view\/","url":"https:\/\/snowhouse.ca\/product\/cameras-spectrographs\/scmos-cameras\/sona-scmos-camera-the-most-sensitive-back-illuminated-scmos-largest-field-of-view\/","name":"Sona sCMOS Camera - SnowHouse","isPartOf":{"@id":"https:\/\/snowhouse.ca\/#website"},"primaryImageOfPage":{"@id":"https:\/\/snowhouse.ca\/product\/cameras-spectrographs\/scmos-cameras\/sona-scmos-camera-the-most-sensitive-back-illuminated-scmos-largest-field-of-view\/#primaryimage"},"image":{"@id":"https:\/\/snowhouse.ca\/product\/cameras-spectrographs\/scmos-cameras\/sona-scmos-camera-the-most-sensitive-back-illuminated-scmos-largest-field-of-view\/#primaryimage"},"thumbnailUrl":"https:\/\/snowhouse.ca\/wp-content\/uploads\/2025\/07\/93320.png?wsr","datePublished":"2025-07-23T01:36:31+00:00","dateModified":"2025-11-17T16:41:51+00:00","breadcrumb":{"@id":"https:\/\/snowhouse.ca\/product\/cameras-spectrographs\/scmos-cameras\/sona-scmos-camera-the-most-sensitive-back-illuminated-scmos-largest-field-of-view\/#breadcrumb"},"inLanguage":"fr-CA","potentialAction":[{"@type":"ReadAction","target":["https:\/\/snowhouse.ca\/product\/cameras-spectrographs\/scmos-cameras\/sona-scmos-camera-the-most-sensitive-back-illuminated-scmos-largest-field-of-view\/"]}]},{"@type":"ImageObject","inLanguage":"fr-CA","@id":"https:\/\/snowhouse.ca\/product\/cameras-spectrographs\/scmos-cameras\/sona-scmos-camera-the-most-sensitive-back-illuminated-scmos-largest-field-of-view\/#primaryimage","url":"https:\/\/snowhouse.ca\/wp-content\/uploads\/2025\/07\/93320.png?wsr","contentUrl":"https:\/\/snowhouse.ca\/wp-content\/uploads\/2025\/07\/93320.png?wsr","width":150,"height":129},{"@type":"BreadcrumbList","@id":"https:\/\/snowhouse.ca\/product\/cameras-spectrographs\/scmos-cameras\/sona-scmos-camera-the-most-sensitive-back-illuminated-scmos-largest-field-of-view\/#breadcrumb","itemListElement":[{"@type":"ListItem","position":1,"name":"Home","item":"https:\/\/snowhouse.ca\/"},{"@type":"ListItem","position":2,"name":"Products","item":"https:\/\/snowhouse.ca\/products\/"},{"@type":"ListItem","position":3,"name":"Sona sCMOS Camera"}]},{"@type":"WebSite","@id":"https:\/\/snowhouse.ca\/#website","url":"https:\/\/snowhouse.ca\/","name":"Maison de neige","description":"Instruments scientifiques de confiance","publisher":{"@id":"https:\/\/snowhouse.ca\/#organization"},"potentialAction":[{"@type":"SearchAction","target":{"@type":"EntryPoint","urlTemplate":"https:\/\/snowhouse.ca\/?s={search_term_string}"},"query-input":{"@type":"PropertyValueSpecification","valueRequired":true,"valueName":"search_term_string"}}],"inLanguage":"fr-CA"},{"@type":"Organization","@id":"https:\/\/snowhouse.ca\/#organization","name":"Snowhouse inc.","alternateName":"Snowhouse","url":"https:\/\/snowhouse.ca\/","logo":{"@type":"ImageObject","inLanguage":"fr-CA","@id":"https:\/\/snowhouse.ca\/#\/schema\/logo\/image\/","url":"https:\/\/snowhouse.ca\/wp-content\/uploads\/2025\/07\/SnowHouse-Logo.png","contentUrl":"https:\/\/snowhouse.ca\/wp-content\/uploads\/2025\/07\/SnowHouse-Logo.png","width":508,"height":136,"caption":"Snowhouse inc."},"image":{"@id":"https:\/\/snowhouse.ca\/#\/schema\/logo\/image\/"}}]}},"_links":{"self":[{"href":"https:\/\/snowhouse.ca\/fr\/wp-json\/wp\/v2\/product\/387","targetHints":{"allow":["GET"]}}],"collection":[{"href":"https:\/\/snowhouse.ca\/fr\/wp-json\/wp\/v2\/product"}],"about":[{"href":"https:\/\/snowhouse.ca\/fr\/wp-json\/wp\/v2\/types\/product"}],"wp:featuredmedia":[{"embeddable":true,"href":"https:\/\/snowhouse.ca\/fr\/wp-json\/wp\/v2\/media\/388"}],"wp:attachment":[{"href":"https:\/\/snowhouse.ca\/fr\/wp-json\/wp\/v2\/media?parent=387"}],"wp:term":[{"taxonomy":"product_brand","embeddable":true,"href":"https:\/\/snowhouse.ca\/fr\/wp-json\/wp\/v2\/product_brand?post=387"},{"taxonomy":"product_cat","embeddable":true,"href":"https:\/\/snowhouse.ca\/fr\/wp-json\/wp\/v2\/product_cat?post=387"},{"taxonomy":"product_tag","embeddable":true,"href":"https:\/\/snowhouse.ca\/fr\/wp-json\/wp\/v2\/product_tag?post=387"},{"taxonomy":"document","embeddable":true,"href":"https:\/\/snowhouse.ca\/fr\/wp-json\/wp\/v2\/document?post=387"}],"curies":[{"name":"wp","href":"https:\/\/api.w.org\/{rel}","templated":true}]}}