{"id":398,"date":"2025-07-23T01:37:36","date_gmt":"2025-07-23T01:37:36","guid":{"rendered":"https:\/\/snowhouse.ca\/produit\/cch-8-coin-cell-holder\/"},"modified":"2026-03-10T21:19:38","modified_gmt":"2026-03-10T21:19:38","slug":"cch-8-coin-cell-holder","status":"publish","type":"product","link":"https:\/\/snowhouse.ca\/fr\/produit\/potentiostats-galvanostats-fra\/electrochemistry-accessories\/cch-8-coin-cell-holder\/","title":{"rendered":"Porte-pile bouton CCH-8"},"content":{"rendered":"<h3 class=\"title is-2\">CCH-8<\/h3>\n<h4 class=\"subtitle is-4\">Porte-piles bouton \u00e0 8 positions et 4 points<\/h4>\n<p>Le CCH-8 est un porte-piles \u00e0 8 positions con\u00e7u pour les piles boutons de 20 et 24 mm. Sa connexion \u00e0 4 points offre l&#039;imp\u00e9dance la plus faible, permettant des tests AC et DC sans polarisation. Le c\u00e2ble de pile unique r\u00e9duit consid\u00e9rablement l&#039;encombrement g\u00e9n\u00e9ralement rencontr\u00e9 lors des tests de batteries. Il a \u00e9t\u00e9 con\u00e7u pour les enceintes climatiques avec une plage de temp\u00e9ratures de fonctionnement de -30 \u00b0C \u00e0 80 \u00b0C. Plusieurs CCH-8 peuvent \u00eatre empil\u00e9s pour tester davantage de piles dans un espace r\u00e9duit.<\/p>\n<h3>Caract\u00e9ristiques uniques<\/h3>\n<ul>\n<li><strong>8 positions<\/strong>\u00a0pour les piles bouton de 20 et 24 mm<\/li>\n<li>Compact et pr\u00eat pour une chambre climatique (-30\u00b0C \u00e0 80\u00b0C)<\/li>\n<li>UN\u00a0<strong>c\u00e2ble cellulaire unique<\/strong>\u00a0pour les 8 piles bouton avec une large gamme de longueurs de c\u00e2ble pour les instruments des s\u00e9ries BCS et VMP3\/VMP-300.<\/li>\n<li>Connexion \u00e0 4 points pour une imp\u00e9dance relative au connecteur minimale<\/li>\n<\/ul>","protected":false},"excerpt":{"rendered":"<p>8 position coin holder designed for 20 and 24 mm coin cells<\/p>","protected":false},"featured_media":399,"template":"","meta":[],"product_brand":[550],"product_cat":[153],"product_tag":[],"document":[],"class_list":{"0":"post-398","1":"product","2":"type-product","3":"status-publish","4":"has-post-thumbnail","6":"product_brand-biologic","7":"product_cat-electrochemistry-accessories","9":"first","10":"instock","11":"purchasable","12":"product-type-simple"},"yoast_head":"<!-- This site is optimized with the Yoast SEO plugin v26.8 - https:\/\/yoast.com\/product\/yoast-seo-wordpress\/ -->\n<title>CCH-8 Coin Cell Holder - SnowHouse<\/title>\n<meta name=\"description\" content=\"The CCH-8 is an 8 position coin holder designed for 20 and 24 mm coin cells, with a maximum thickness of 3.2 mm.\" \/>\n<meta name=\"robots\" content=\"index, follow, max-snippet:-1, max-image-preview:large, max-video-preview:-1\" \/>\n<link rel=\"canonical\" href=\"https:\/\/snowhouse.ca\/fr\/product\/potentiostats-galvanostats-fra\/electrochemistry-accessories\/cch-8-coin-cell-holder\/\" \/>\n<meta property=\"og:locale\" content=\"fr_CA\" \/>\n<meta property=\"og:type\" content=\"article\" \/>\n<meta property=\"og:title\" content=\"CCH-8 Coin Cell Holder - SnowHouse\" \/>\n<meta property=\"og:description\" content=\"The CCH-8 is an 8 position coin holder designed for 20 and 24 mm coin cells, with a maximum thickness of 3.2 mm.\" \/>\n<meta property=\"og:url\" content=\"https:\/\/snowhouse.ca\/fr\/product\/potentiostats-galvanostats-fra\/electrochemistry-accessories\/cch-8-coin-cell-holder\/\" \/>\n<meta property=\"og:site_name\" content=\"SnowHouse\" \/>\n<meta property=\"article:modified_time\" content=\"2026-03-10T21:19:38+00:00\" \/>\n<meta property=\"og:image\" content=\"https:\/\/snowhouse.ca\/wp-content\/uploads\/2025\/07\/78441.png?wsr\" \/>\n\t<meta property=\"og:image:width\" content=\"500\" \/>\n\t<meta property=\"og:image:height\" content=\"333\" \/>\n\t<meta property=\"og:image:type\" content=\"image\/png\" \/>\n<meta name=\"twitter:card\" content=\"summary_large_image\" \/>\n<meta name=\"twitter:label1\" content=\"Estimation du temps de lecture\" \/>\n\t<meta name=\"twitter:data1\" content=\"1 minute\" \/>\n<script type=\"application\/ld+json\" class=\"yoast-schema-graph\">{\"@context\":\"https:\/\/schema.org\",\"@graph\":[{\"@type\":\"WebPage\",\"@id\":\"https:\/\/snowhouse.ca\/product\/potentiostats-galvanostats-fra\/electrochemistry-accessories\/cch-8-coin-cell-holder\/\",\"url\":\"https:\/\/snowhouse.ca\/product\/potentiostats-galvanostats-fra\/electrochemistry-accessories\/cch-8-coin-cell-holder\/\",\"name\":\"CCH-8 Coin Cell Holder - SnowHouse\",\"isPartOf\":{\"@id\":\"https:\/\/snowhouse.ca\/#website\"},\"primaryImageOfPage\":{\"@id\":\"https:\/\/snowhouse.ca\/product\/potentiostats-galvanostats-fra\/electrochemistry-accessories\/cch-8-coin-cell-holder\/#primaryimage\"},\"image\":{\"@id\":\"https:\/\/snowhouse.ca\/product\/potentiostats-galvanostats-fra\/electrochemistry-accessories\/cch-8-coin-cell-holder\/#primaryimage\"},\"thumbnailUrl\":\"https:\/\/snowhouse.ca\/wp-content\/uploads\/2025\/07\/78441.png?wsr\",\"datePublished\":\"2025-07-23T01:37:36+00:00\",\"dateModified\":\"2026-03-10T21:19:38+00:00\",\"description\":\"The CCH-8 is an 8 position coin holder designed for 20 and 24 mm coin cells, with a maximum thickness of 3.2 mm.\",\"breadcrumb\":{\"@id\":\"https:\/\/snowhouse.ca\/product\/potentiostats-galvanostats-fra\/electrochemistry-accessories\/cch-8-coin-cell-holder\/#breadcrumb\"},\"inLanguage\":\"fr-CA\",\"potentialAction\":[{\"@type\":\"ReadAction\",\"target\":[\"https:\/\/snowhouse.ca\/product\/potentiostats-galvanostats-fra\/electrochemistry-accessories\/cch-8-coin-cell-holder\/\"]}]},{\"@type\":\"ImageObject\",\"inLanguage\":\"fr-CA\",\"@id\":\"https:\/\/snowhouse.ca\/product\/potentiostats-galvanostats-fra\/electrochemistry-accessories\/cch-8-coin-cell-holder\/#primaryimage\",\"url\":\"https:\/\/snowhouse.ca\/wp-content\/uploads\/2025\/07\/78441.png?wsr\",\"contentUrl\":\"https:\/\/snowhouse.ca\/wp-content\/uploads\/2025\/07\/78441.png?wsr\",\"width\":500,\"height\":333},{\"@type\":\"BreadcrumbList\",\"@id\":\"https:\/\/snowhouse.ca\/product\/potentiostats-galvanostats-fra\/electrochemistry-accessories\/cch-8-coin-cell-holder\/#breadcrumb\",\"itemListElement\":[{\"@type\":\"ListItem\",\"position\":1,\"name\":\"Home\",\"item\":\"https:\/\/snowhouse.ca\/\"},{\"@type\":\"ListItem\",\"position\":2,\"name\":\"Products\",\"item\":\"https:\/\/snowhouse.ca\/products\/\"},{\"@type\":\"ListItem\",\"position\":3,\"name\":\"CCH-8 Coin Cell Holder\"}]},{\"@type\":\"WebSite\",\"@id\":\"https:\/\/snowhouse.ca\/#website\",\"url\":\"https:\/\/snowhouse.ca\/\",\"name\":\"SnowHouse\",\"description\":\"Trusted Scientific Instruments\",\"publisher\":{\"@id\":\"https:\/\/snowhouse.ca\/#organization\"},\"potentialAction\":[{\"@type\":\"SearchAction\",\"target\":{\"@type\":\"EntryPoint\",\"urlTemplate\":\"https:\/\/snowhouse.ca\/?s={search_term_string}\"},\"query-input\":{\"@type\":\"PropertyValueSpecification\",\"valueRequired\":true,\"valueName\":\"search_term_string\"}}],\"inLanguage\":\"fr-CA\"},{\"@type\":\"Organization\",\"@id\":\"https:\/\/snowhouse.ca\/#organization\",\"name\":\"Snowhouse inc.\",\"alternateName\":\"Snowhouse\",\"url\":\"https:\/\/snowhouse.ca\/\",\"logo\":{\"@type\":\"ImageObject\",\"inLanguage\":\"fr-CA\",\"@id\":\"https:\/\/snowhouse.ca\/#\/schema\/logo\/image\/\",\"url\":\"https:\/\/snowhouse.ca\/wp-content\/uploads\/2025\/07\/SnowHouse-Logo.png\",\"contentUrl\":\"https:\/\/snowhouse.ca\/wp-content\/uploads\/2025\/07\/SnowHouse-Logo.png\",\"width\":508,\"height\":136,\"caption\":\"Snowhouse inc.\"},\"image\":{\"@id\":\"https:\/\/snowhouse.ca\/#\/schema\/logo\/image\/\"}}]}<\/script>\n<!-- \/ Yoast SEO plugin. -->","yoast_head_json":{"title":"CCH-8 Coin Cell Holder - SnowHouse","description":"The CCH-8 is an 8 position coin holder designed for 20 and 24 mm coin cells, with a maximum thickness of 3.2 mm.","robots":{"index":"index","follow":"follow","max-snippet":"max-snippet:-1","max-image-preview":"max-image-preview:large","max-video-preview":"max-video-preview:-1"},"canonical":"https:\/\/snowhouse.ca\/fr\/product\/potentiostats-galvanostats-fra\/electrochemistry-accessories\/cch-8-coin-cell-holder\/","og_locale":"fr_CA","og_type":"article","og_title":"CCH-8 Coin Cell Holder - SnowHouse","og_description":"The CCH-8 is an 8 position coin holder designed for 20 and 24 mm coin cells, with a maximum thickness of 3.2 mm.","og_url":"https:\/\/snowhouse.ca\/fr\/product\/potentiostats-galvanostats-fra\/electrochemistry-accessories\/cch-8-coin-cell-holder\/","og_site_name":"SnowHouse","article_modified_time":"2026-03-10T21:19:38+00:00","og_image":[{"width":500,"height":333,"url":"https:\/\/snowhouse.ca\/wp-content\/uploads\/2025\/07\/78441.png?wsr","type":"image\/png"}],"twitter_card":"summary_large_image","twitter_misc":{"Estimation du temps de lecture":"1 minute"},"schema":{"@context":"https:\/\/schema.org","@graph":[{"@type":"WebPage","@id":"https:\/\/snowhouse.ca\/product\/potentiostats-galvanostats-fra\/electrochemistry-accessories\/cch-8-coin-cell-holder\/","url":"https:\/\/snowhouse.ca\/product\/potentiostats-galvanostats-fra\/electrochemistry-accessories\/cch-8-coin-cell-holder\/","name":"CCH-8 Coin Cell Holder - SnowHouse","isPartOf":{"@id":"https:\/\/snowhouse.ca\/#website"},"primaryImageOfPage":{"@id":"https:\/\/snowhouse.ca\/product\/potentiostats-galvanostats-fra\/electrochemistry-accessories\/cch-8-coin-cell-holder\/#primaryimage"},"image":{"@id":"https:\/\/snowhouse.ca\/product\/potentiostats-galvanostats-fra\/electrochemistry-accessories\/cch-8-coin-cell-holder\/#primaryimage"},"thumbnailUrl":"https:\/\/snowhouse.ca\/wp-content\/uploads\/2025\/07\/78441.png?wsr","datePublished":"2025-07-23T01:37:36+00:00","dateModified":"2026-03-10T21:19:38+00:00","description":"The CCH-8 is an 8 position coin holder designed for 20 and 24 mm coin cells, with a maximum thickness of 3.2 mm.","breadcrumb":{"@id":"https:\/\/snowhouse.ca\/product\/potentiostats-galvanostats-fra\/electrochemistry-accessories\/cch-8-coin-cell-holder\/#breadcrumb"},"inLanguage":"fr-CA","potentialAction":[{"@type":"ReadAction","target":["https:\/\/snowhouse.ca\/product\/potentiostats-galvanostats-fra\/electrochemistry-accessories\/cch-8-coin-cell-holder\/"]}]},{"@type":"ImageObject","inLanguage":"fr-CA","@id":"https:\/\/snowhouse.ca\/product\/potentiostats-galvanostats-fra\/electrochemistry-accessories\/cch-8-coin-cell-holder\/#primaryimage","url":"https:\/\/snowhouse.ca\/wp-content\/uploads\/2025\/07\/78441.png?wsr","contentUrl":"https:\/\/snowhouse.ca\/wp-content\/uploads\/2025\/07\/78441.png?wsr","width":500,"height":333},{"@type":"BreadcrumbList","@id":"https:\/\/snowhouse.ca\/product\/potentiostats-galvanostats-fra\/electrochemistry-accessories\/cch-8-coin-cell-holder\/#breadcrumb","itemListElement":[{"@type":"ListItem","position":1,"name":"Home","item":"https:\/\/snowhouse.ca\/"},{"@type":"ListItem","position":2,"name":"Products","item":"https:\/\/snowhouse.ca\/products\/"},{"@type":"ListItem","position":3,"name":"CCH-8 Coin Cell Holder"}]},{"@type":"WebSite","@id":"https:\/\/snowhouse.ca\/#website","url":"https:\/\/snowhouse.ca\/","name":"Maison de neige","description":"Instruments scientifiques de confiance","publisher":{"@id":"https:\/\/snowhouse.ca\/#organization"},"potentialAction":[{"@type":"SearchAction","target":{"@type":"EntryPoint","urlTemplate":"https:\/\/snowhouse.ca\/?s={search_term_string}"},"query-input":{"@type":"PropertyValueSpecification","valueRequired":true,"valueName":"search_term_string"}}],"inLanguage":"fr-CA"},{"@type":"Organization","@id":"https:\/\/snowhouse.ca\/#organization","name":"Snowhouse inc.","alternateName":"Snowhouse","url":"https:\/\/snowhouse.ca\/","logo":{"@type":"ImageObject","inLanguage":"fr-CA","@id":"https:\/\/snowhouse.ca\/#\/schema\/logo\/image\/","url":"https:\/\/snowhouse.ca\/wp-content\/uploads\/2025\/07\/SnowHouse-Logo.png","contentUrl":"https:\/\/snowhouse.ca\/wp-content\/uploads\/2025\/07\/SnowHouse-Logo.png","width":508,"height":136,"caption":"Snowhouse inc."},"image":{"@id":"https:\/\/snowhouse.ca\/#\/schema\/logo\/image\/"}}]}},"_links":{"self":[{"href":"https:\/\/snowhouse.ca\/fr\/wp-json\/wp\/v2\/product\/398","targetHints":{"allow":["GET"]}}],"collection":[{"href":"https:\/\/snowhouse.ca\/fr\/wp-json\/wp\/v2\/product"}],"about":[{"href":"https:\/\/snowhouse.ca\/fr\/wp-json\/wp\/v2\/types\/product"}],"wp:featuredmedia":[{"embeddable":true,"href":"https:\/\/snowhouse.ca\/fr\/wp-json\/wp\/v2\/media\/399"}],"wp:attachment":[{"href":"https:\/\/snowhouse.ca\/fr\/wp-json\/wp\/v2\/media?parent=398"}],"wp:term":[{"taxonomy":"product_brand","embeddable":true,"href":"https:\/\/snowhouse.ca\/fr\/wp-json\/wp\/v2\/product_brand?post=398"},{"taxonomy":"product_cat","embeddable":true,"href":"https:\/\/snowhouse.ca\/fr\/wp-json\/wp\/v2\/product_cat?post=398"},{"taxonomy":"product_tag","embeddable":true,"href":"https:\/\/snowhouse.ca\/fr\/wp-json\/wp\/v2\/product_tag?post=398"},{"taxonomy":"document","embeddable":true,"href":"https:\/\/snowhouse.ca\/fr\/wp-json\/wp\/v2\/document?post=398"}],"curies":[{"name":"wp","href":"https:\/\/api.w.org\/{rel}","templated":true}]}}