{"id":404,"date":"2025-07-23T01:37:36","date_gmt":"2025-07-23T01:37:36","guid":{"rendered":"https:\/\/snowhouse.ca\/produit\/flexp-0012-high-voltage-high-power-booster\/"},"modified":"2025-11-24T21:31:08","modified_gmt":"2025-11-24T21:31:08","slug":"flexp-0012-high-voltage-high-power-booster","status":"publish","type":"product","link":"https:\/\/snowhouse.ca\/fr\/produit\/potentiostats-galvanostats-fra\/essential-potentiostats\/flexp-0012-high-voltage-high-power-booster\/","title":{"rendered":"FlexP 0012 \u2013 Booster"},"content":{"rendered":"<h3>FlexP0012<span class=\"yellow-dot\">.<\/span><\/h3>\n<p class=\"description\">Surpresseur con\u00e7u sp\u00e9cifiquement pour la caract\u00e9risation des \u00e9lectrolyseurs\/piles \u00e0 combustible, avec un courant maximal continu de -200\/+195 A pour une unit\u00e9 unique, extensible jusqu&#039;\u00e0 -800\/780 A en connectant quatre unit\u00e9s en parall\u00e8le.<\/p>\n<h3>Sp\u00e9cialement con\u00e7u pour la caract\u00e9risation des \u00e9lectrolyseurs\/piles \u00e0 combustible, le FlexP0012 offre un courant maximal continu de -200\/+195 A pour une seule unit\u00e9, extensible jusqu&#039;\u00e0 -800\/780 A en connectant quatre unit\u00e9s en parall\u00e8le.<\/h3>\n<p>Le booster est \u00e9galement parfaitement adapt\u00e9 aux batteries \u00e0 flux redox (RFB) ou aux grandes cellules uniques.<br \/>\nLe FlexP0012 n&#039;est pas seulement un instrument CC, il est \u00e9galement capable d&#039;effectuer des mesures EIS jusqu&#039;\u00e0 10 kHz.<br \/>\nLa configuration de l&#039;instrument peut \u00eatre facilement mise \u00e0 niveau pour r\u00e9pondre aux besoins de l&#039;utilisateur sans avoir \u00e0 le renvoyer \u00e0 l&#039;usine. Ceci est rendu possible gr\u00e2ce \u00e0 la fonctionnalit\u00e9 \u00ab\u00a0plug and play\u00a0\u00bb de ses modules d&#039;amplification.<br \/>\nL&#039;interface EC-Lab\u00ae d\u00e9tectera automatiquement toute nouvelle configuration, garantissant ainsi une transition en douceur vers la nouvelle mise \u00e0 niveau.<br \/>\nUne \u00e9tude de cas d\u00e9crivant l&#039;utilisation du FlexP0012 est d\u00e9crite dans la note d&#039;application AN#63. \u00c9lectrolyseur d&#039;eau \u00e0 membrane \u00e9changeuse de protons (PEMWE).<\/p>\n<h3>Caract\u00e9ristiques<\/h3>\n<ul>\n<li>Jusqu&#039;\u00e0 11,9 V<\/li>\n<li>Jusqu&#039;\u00e0 -200 A \/ +195 A<\/li>\n<li>Jusqu&#039;\u00e0 -800 A \/ +780 A avec 4 unit\u00e9s connect\u00e9es<\/li>\n<li>EIS : jusqu&#039;\u00e0 10 kHz<\/li>\n<li>Mesure individuelle des \u00e9l\u00e9ments au sein d&#039;un emballage<\/li>\n<\/ul>","protected":false},"excerpt":{"rendered":"<p>Courant de -200 A\/+195 A, extensible jusqu&#039;\u00e0 -800 A\/+780 A<\/p>","protected":false},"featured_media":405,"template":"","meta":[],"product_brand":[550],"product_cat":[573,576],"product_tag":[],"document":[],"class_list":{"0":"post-404","1":"product","2":"type-product","3":"status-publish","4":"has-post-thumbnail","6":"product_brand-biologic","7":"product_cat-potentiostats-galvanostats-fra","8":"product_cat-essential-potentiostats","10":"first","11":"instock","12":"purchasable","13":"product-type-simple"},"yoast_head":"<!-- This site is optimized with the Yoast SEO plugin v26.8 - https:\/\/yoast.com\/product\/yoast-seo-wordpress\/ -->\n<title>FlexP 0012 - Booster - SnowHouse<\/title>\n<meta name=\"description\" content=\"Booster designed specifically for electrolyzer\/fuel cell characterizations\" \/>\n<meta name=\"robots\" content=\"index, follow, max-snippet:-1, max-image-preview:large, max-video-preview:-1\" \/>\n<link rel=\"canonical\" href=\"https:\/\/snowhouse.ca\/fr\/product\/potentiostats-galvanostats-fra\/essential-potentiostats\/flexp-0012-high-voltage-high-power-booster\/\" \/>\n<meta property=\"og:locale\" content=\"fr_CA\" \/>\n<meta property=\"og:type\" content=\"article\" \/>\n<meta property=\"og:title\" content=\"FlexP 0012 - Booster - SnowHouse\" \/>\n<meta property=\"og:description\" content=\"Booster designed specifically for electrolyzer\/fuel cell characterizations\" \/>\n<meta property=\"og:url\" content=\"https:\/\/snowhouse.ca\/fr\/product\/potentiostats-galvanostats-fra\/essential-potentiostats\/flexp-0012-high-voltage-high-power-booster\/\" \/>\n<meta property=\"og:site_name\" content=\"SnowHouse\" \/>\n<meta property=\"article:modified_time\" content=\"2025-11-24T21:31:08+00:00\" \/>\n<meta property=\"og:image\" content=\"https:\/\/snowhouse.ca\/wp-content\/uploads\/2025\/07\/78049.png\" \/>\n\t<meta property=\"og:image:width\" content=\"570\" \/>\n\t<meta property=\"og:image:height\" content=\"645\" \/>\n\t<meta property=\"og:image:type\" content=\"image\/png\" \/>\n<meta name=\"twitter:card\" content=\"summary_large_image\" \/>\n<meta name=\"twitter:label1\" content=\"Estimation du temps de lecture\" \/>\n\t<meta name=\"twitter:data1\" content=\"2 minutes\" \/>\n<script type=\"application\/ld+json\" class=\"yoast-schema-graph\">{\"@context\":\"https:\/\/schema.org\",\"@graph\":[{\"@type\":\"WebPage\",\"@id\":\"https:\/\/snowhouse.ca\/product\/potentiostats-galvanostats-fra\/essential-potentiostats\/flexp-0012-high-voltage-high-power-booster\/\",\"url\":\"https:\/\/snowhouse.ca\/product\/potentiostats-galvanostats-fra\/essential-potentiostats\/flexp-0012-high-voltage-high-power-booster\/\",\"name\":\"FlexP 0012 - Booster - SnowHouse\",\"isPartOf\":{\"@id\":\"https:\/\/snowhouse.ca\/#website\"},\"primaryImageOfPage\":{\"@id\":\"https:\/\/snowhouse.ca\/product\/potentiostats-galvanostats-fra\/essential-potentiostats\/flexp-0012-high-voltage-high-power-booster\/#primaryimage\"},\"image\":{\"@id\":\"https:\/\/snowhouse.ca\/product\/potentiostats-galvanostats-fra\/essential-potentiostats\/flexp-0012-high-voltage-high-power-booster\/#primaryimage\"},\"thumbnailUrl\":\"https:\/\/snowhouse.ca\/wp-content\/uploads\/2025\/07\/78049.png?wsr\",\"datePublished\":\"2025-07-23T01:37:36+00:00\",\"dateModified\":\"2025-11-24T21:31:08+00:00\",\"description\":\"Booster designed specifically for electrolyzer\/fuel cell characterizations\",\"breadcrumb\":{\"@id\":\"https:\/\/snowhouse.ca\/product\/potentiostats-galvanostats-fra\/essential-potentiostats\/flexp-0012-high-voltage-high-power-booster\/#breadcrumb\"},\"inLanguage\":\"fr-CA\",\"potentialAction\":[{\"@type\":\"ReadAction\",\"target\":[\"https:\/\/snowhouse.ca\/product\/potentiostats-galvanostats-fra\/essential-potentiostats\/flexp-0012-high-voltage-high-power-booster\/\"]}]},{\"@type\":\"ImageObject\",\"inLanguage\":\"fr-CA\",\"@id\":\"https:\/\/snowhouse.ca\/product\/potentiostats-galvanostats-fra\/essential-potentiostats\/flexp-0012-high-voltage-high-power-booster\/#primaryimage\",\"url\":\"https:\/\/snowhouse.ca\/wp-content\/uploads\/2025\/07\/78049.png?wsr\",\"contentUrl\":\"https:\/\/snowhouse.ca\/wp-content\/uploads\/2025\/07\/78049.png?wsr\",\"width\":570,\"height\":645},{\"@type\":\"BreadcrumbList\",\"@id\":\"https:\/\/snowhouse.ca\/product\/potentiostats-galvanostats-fra\/essential-potentiostats\/flexp-0012-high-voltage-high-power-booster\/#breadcrumb\",\"itemListElement\":[{\"@type\":\"ListItem\",\"position\":1,\"name\":\"Home\",\"item\":\"https:\/\/snowhouse.ca\/\"},{\"@type\":\"ListItem\",\"position\":2,\"name\":\"Products\",\"item\":\"https:\/\/snowhouse.ca\/products\/\"},{\"@type\":\"ListItem\",\"position\":3,\"name\":\"FlexP 0012 &#8211; Booster\"}]},{\"@type\":\"WebSite\",\"@id\":\"https:\/\/snowhouse.ca\/#website\",\"url\":\"https:\/\/snowhouse.ca\/\",\"name\":\"SnowHouse\",\"description\":\"Trusted Scientific Instruments\",\"publisher\":{\"@id\":\"https:\/\/snowhouse.ca\/#organization\"},\"potentialAction\":[{\"@type\":\"SearchAction\",\"target\":{\"@type\":\"EntryPoint\",\"urlTemplate\":\"https:\/\/snowhouse.ca\/?s={search_term_string}\"},\"query-input\":{\"@type\":\"PropertyValueSpecification\",\"valueRequired\":true,\"valueName\":\"search_term_string\"}}],\"inLanguage\":\"fr-CA\"},{\"@type\":\"Organization\",\"@id\":\"https:\/\/snowhouse.ca\/#organization\",\"name\":\"Snowhouse inc.\",\"alternateName\":\"Snowhouse\",\"url\":\"https:\/\/snowhouse.ca\/\",\"logo\":{\"@type\":\"ImageObject\",\"inLanguage\":\"fr-CA\",\"@id\":\"https:\/\/snowhouse.ca\/#\/schema\/logo\/image\/\",\"url\":\"https:\/\/snowhouse.ca\/wp-content\/uploads\/2025\/07\/SnowHouse-Logo.png\",\"contentUrl\":\"https:\/\/snowhouse.ca\/wp-content\/uploads\/2025\/07\/SnowHouse-Logo.png\",\"width\":508,\"height\":136,\"caption\":\"Snowhouse inc.\"},\"image\":{\"@id\":\"https:\/\/snowhouse.ca\/#\/schema\/logo\/image\/\"}}]}<\/script>\n<!-- \/ Yoast SEO plugin. -->","yoast_head_json":{"title":"FlexP 0012 - Booster - SnowHouse","description":"Amplificateur con\u00e7u sp\u00e9cifiquement pour la caract\u00e9risation des \u00e9lectrolyseurs\/piles \u00e0 combustible","robots":{"index":"index","follow":"follow","max-snippet":"max-snippet:-1","max-image-preview":"max-image-preview:large","max-video-preview":"max-video-preview:-1"},"canonical":"https:\/\/snowhouse.ca\/fr\/product\/potentiostats-galvanostats-fra\/essential-potentiostats\/flexp-0012-high-voltage-high-power-booster\/","og_locale":"fr_CA","og_type":"article","og_title":"FlexP 0012 - Booster - SnowHouse","og_description":"Booster designed specifically for electrolyzer\/fuel cell characterizations","og_url":"https:\/\/snowhouse.ca\/fr\/product\/potentiostats-galvanostats-fra\/essential-potentiostats\/flexp-0012-high-voltage-high-power-booster\/","og_site_name":"SnowHouse","article_modified_time":"2025-11-24T21:31:08+00:00","og_image":[{"width":570,"height":645,"url":"https:\/\/snowhouse.ca\/wp-content\/uploads\/2025\/07\/78049.png","type":"image\/png"}],"twitter_card":"summary_large_image","twitter_misc":{"Estimation du temps de lecture":"2 minutes"},"schema":{"@context":"https:\/\/schema.org","@graph":[{"@type":"WebPage","@id":"https:\/\/snowhouse.ca\/product\/potentiostats-galvanostats-fra\/essential-potentiostats\/flexp-0012-high-voltage-high-power-booster\/","url":"https:\/\/snowhouse.ca\/product\/potentiostats-galvanostats-fra\/essential-potentiostats\/flexp-0012-high-voltage-high-power-booster\/","name":"FlexP 0012 - Booster - SnowHouse","isPartOf":{"@id":"https:\/\/snowhouse.ca\/#website"},"primaryImageOfPage":{"@id":"https:\/\/snowhouse.ca\/product\/potentiostats-galvanostats-fra\/essential-potentiostats\/flexp-0012-high-voltage-high-power-booster\/#primaryimage"},"image":{"@id":"https:\/\/snowhouse.ca\/product\/potentiostats-galvanostats-fra\/essential-potentiostats\/flexp-0012-high-voltage-high-power-booster\/#primaryimage"},"thumbnailUrl":"https:\/\/snowhouse.ca\/wp-content\/uploads\/2025\/07\/78049.png?wsr","datePublished":"2025-07-23T01:37:36+00:00","dateModified":"2025-11-24T21:31:08+00:00","description":"Amplificateur con\u00e7u sp\u00e9cifiquement pour la caract\u00e9risation des \u00e9lectrolyseurs\/piles \u00e0 combustible","breadcrumb":{"@id":"https:\/\/snowhouse.ca\/product\/potentiostats-galvanostats-fra\/essential-potentiostats\/flexp-0012-high-voltage-high-power-booster\/#breadcrumb"},"inLanguage":"fr-CA","potentialAction":[{"@type":"ReadAction","target":["https:\/\/snowhouse.ca\/product\/potentiostats-galvanostats-fra\/essential-potentiostats\/flexp-0012-high-voltage-high-power-booster\/"]}]},{"@type":"ImageObject","inLanguage":"fr-CA","@id":"https:\/\/snowhouse.ca\/product\/potentiostats-galvanostats-fra\/essential-potentiostats\/flexp-0012-high-voltage-high-power-booster\/#primaryimage","url":"https:\/\/snowhouse.ca\/wp-content\/uploads\/2025\/07\/78049.png?wsr","contentUrl":"https:\/\/snowhouse.ca\/wp-content\/uploads\/2025\/07\/78049.png?wsr","width":570,"height":645},{"@type":"BreadcrumbList","@id":"https:\/\/snowhouse.ca\/product\/potentiostats-galvanostats-fra\/essential-potentiostats\/flexp-0012-high-voltage-high-power-booster\/#breadcrumb","itemListElement":[{"@type":"ListItem","position":1,"name":"Home","item":"https:\/\/snowhouse.ca\/"},{"@type":"ListItem","position":2,"name":"Products","item":"https:\/\/snowhouse.ca\/products\/"},{"@type":"ListItem","position":3,"name":"FlexP 0012 &#8211; Booster"}]},{"@type":"WebSite","@id":"https:\/\/snowhouse.ca\/#website","url":"https:\/\/snowhouse.ca\/","name":"Maison de neige","description":"Instruments scientifiques de confiance","publisher":{"@id":"https:\/\/snowhouse.ca\/#organization"},"potentialAction":[{"@type":"SearchAction","target":{"@type":"EntryPoint","urlTemplate":"https:\/\/snowhouse.ca\/?s={search_term_string}"},"query-input":{"@type":"PropertyValueSpecification","valueRequired":true,"valueName":"search_term_string"}}],"inLanguage":"fr-CA"},{"@type":"Organization","@id":"https:\/\/snowhouse.ca\/#organization","name":"Snowhouse inc.","alternateName":"Snowhouse","url":"https:\/\/snowhouse.ca\/","logo":{"@type":"ImageObject","inLanguage":"fr-CA","@id":"https:\/\/snowhouse.ca\/#\/schema\/logo\/image\/","url":"https:\/\/snowhouse.ca\/wp-content\/uploads\/2025\/07\/SnowHouse-Logo.png","contentUrl":"https:\/\/snowhouse.ca\/wp-content\/uploads\/2025\/07\/SnowHouse-Logo.png","width":508,"height":136,"caption":"Snowhouse inc."},"image":{"@id":"https:\/\/snowhouse.ca\/#\/schema\/logo\/image\/"}}]}},"_links":{"self":[{"href":"https:\/\/snowhouse.ca\/fr\/wp-json\/wp\/v2\/product\/404","targetHints":{"allow":["GET"]}}],"collection":[{"href":"https:\/\/snowhouse.ca\/fr\/wp-json\/wp\/v2\/product"}],"about":[{"href":"https:\/\/snowhouse.ca\/fr\/wp-json\/wp\/v2\/types\/product"}],"wp:featuredmedia":[{"embeddable":true,"href":"https:\/\/snowhouse.ca\/fr\/wp-json\/wp\/v2\/media\/405"}],"wp:attachment":[{"href":"https:\/\/snowhouse.ca\/fr\/wp-json\/wp\/v2\/media?parent=404"}],"wp:term":[{"taxonomy":"product_brand","embeddable":true,"href":"https:\/\/snowhouse.ca\/fr\/wp-json\/wp\/v2\/product_brand?post=404"},{"taxonomy":"product_cat","embeddable":true,"href":"https:\/\/snowhouse.ca\/fr\/wp-json\/wp\/v2\/product_cat?post=404"},{"taxonomy":"product_tag","embeddable":true,"href":"https:\/\/snowhouse.ca\/fr\/wp-json\/wp\/v2\/product_tag?post=404"},{"taxonomy":"document","embeddable":true,"href":"https:\/\/snowhouse.ca\/fr\/wp-json\/wp\/v2\/document?post=404"}],"curies":[{"name":"wp","href":"https:\/\/api.w.org\/{rel}","templated":true}]}}