{"id":415,"date":"2025-07-23T01:37:36","date_gmt":"2025-07-23T01:37:36","guid":{"rendered":"https:\/\/snowhouse.ca\/produit\/flexp-0160-high-voltage-high-power-booster\/"},"modified":"2025-11-24T21:31:43","modified_gmt":"2025-11-24T21:31:43","slug":"flexp-0160-high-voltage-high-power-booster","status":"publish","type":"product","link":"https:\/\/snowhouse.ca\/fr\/produit\/potentiostats-galvanostats-fra\/essential-potentiostats\/flexp-0160-high-voltage-high-power-booster\/","title":{"rendered":"FlexP 0060 \u2013 Booster"},"content":{"rendered":"<h3>FlexP0060 \u2013 Booster<\/h3>\n<h3>Le FlexP 0060 a \u00e9t\u00e9 con\u00e7u pour la caract\u00e9risation des modules\/packs de batteries.<\/h3>\n<p>Le courant maximal continu de -50 A\/+49 A pour une seule unit\u00e9 peut \u00eatre \u00e9tendu jusqu&#039;\u00e0 -200 A\/+196 A en connectant quatre unit\u00e9s en parall\u00e8le.<\/p>\n<p>Le booster est \u00e9galement parfaitement adapt\u00e9 aux batteries \u00e0 flux redox (RFB) ou aux piles \u00e0 combustible.<\/p>\n<p>Le FlexP0060 n&#039;est pas seulement un instrument CC, il est \u00e9galement capable d&#039;effectuer des mesures EIS jusqu&#039;\u00e0 10 kHz.<\/p>\n<p>La configuration de l&#039;instrument peut \u00eatre facilement modifi\u00e9e.\u00a0<em>in situ<\/em>, afin de r\u00e9pondre aux exigences sp\u00e9cifiques de l&#039;utilisateur final. Gr\u00e2ce \u00e0 la fonctionnalit\u00e9 plug and play des modules d&#039;amplification, l&#039;instrument n&#039;a pas besoin d&#039;\u00eatre renvoy\u00e9 \u00e0 l&#039;usine pour \u00eatre mis \u00e0 niveau.<\/p>\n<p>Le\u00a0<a href=\"https:\/\/biologic.net\/support-softwares\/ec-lab-software\/\">Interface EC-Lab\u00ae<\/a>\u00a0d\u00e9tectera automatiquement toute nouvelle configuration, garantissant ainsi une transition en douceur vers la nouvelle mise \u00e0 niveau.<\/p>\n<p>Le mode \u00ab\u00a0empilement\u00a0\u00bb d&#039;EC-Lab permet \u00e0 l&#039;utilisateur de mesurer des \u00e9l\u00e9ments en s\u00e9rie au sein d&#039;un pack batterie\/pile \u00e0 combustible. Ce processus est d\u00e9crit dans la note d&#039;application\u00a0:\u00a0<a href=\"https:\/\/biologic.net\/documents\/pack-fuel-cell-stack-module-battery-energy-storage-application-note-59\/\">AN#59 \u2013 Une solution compl\u00e8te pour la gestion des modules\/packs de batteries.<\/a><\/p>\n<h3>Caract\u00e9ristiques<\/h3>\n<ul>\n<li>Jusqu&#039;\u00e0 60 V<\/li>\n<li>Jusqu&#039;\u00e0 -50 A \/ +49 A<\/li>\n<li>Jusqu&#039;\u00e0 -200 A \/ +196 A avec 4 unit\u00e9s connect\u00e9es<\/li>\n<li>EIS : jusqu&#039;\u00e0 10 kHz<\/li>\n<li>Mesure individuelle des \u00e9l\u00e9ments au sein d&#039;un emballage<\/li>\n<\/ul>","protected":false},"excerpt":{"rendered":"<p>Courant de -50 A\/+49 A, extensible jusqu&#039;\u00e0 -200 A\/+196 A<\/p>","protected":false},"featured_media":416,"template":"","meta":[],"product_brand":[550],"product_cat":[573,576],"product_tag":[],"document":[],"class_list":{"0":"post-415","1":"product","2":"type-product","3":"status-publish","4":"has-post-thumbnail","6":"product_brand-biologic","7":"product_cat-potentiostats-galvanostats-fra","8":"product_cat-essential-potentiostats","10":"first","11":"instock","12":"purchasable","13":"product-type-simple"},"yoast_head":"<!-- This site is optimized with the Yoast SEO plugin v26.8 - https:\/\/yoast.com\/product\/yoast-seo-wordpress\/ -->\n<title>FlexP 0060 - Booster - SnowHouse<\/title>\n<meta name=\"description\" content=\"A powerful booster suitable for Redox Flow Batteries (RFB) or fuel cell stacks.\" \/>\n<meta name=\"robots\" content=\"index, follow, max-snippet:-1, max-image-preview:large, max-video-preview:-1\" \/>\n<link rel=\"canonical\" href=\"https:\/\/snowhouse.ca\/fr\/product\/potentiostats-galvanostats-fra\/essential-potentiostats\/flexp-0160-high-voltage-high-power-booster\/\" \/>\n<meta property=\"og:locale\" content=\"fr_CA\" \/>\n<meta property=\"og:type\" content=\"article\" \/>\n<meta property=\"og:title\" content=\"FlexP 0060 - Booster - SnowHouse\" \/>\n<meta property=\"og:description\" content=\"A powerful booster suitable for Redox Flow Batteries (RFB) or fuel cell stacks.\" \/>\n<meta property=\"og:url\" content=\"https:\/\/snowhouse.ca\/fr\/product\/potentiostats-galvanostats-fra\/essential-potentiostats\/flexp-0160-high-voltage-high-power-booster\/\" \/>\n<meta property=\"og:site_name\" content=\"SnowHouse\" \/>\n<meta property=\"article:modified_time\" content=\"2025-11-24T21:31:43+00:00\" \/>\n<meta property=\"og:image\" content=\"https:\/\/snowhouse.ca\/wp-content\/uploads\/2025\/07\/71419.png\" \/>\n\t<meta property=\"og:image:width\" content=\"570\" \/>\n\t<meta property=\"og:image:height\" content=\"645\" \/>\n\t<meta property=\"og:image:type\" content=\"image\/png\" \/>\n<meta name=\"twitter:card\" content=\"summary_large_image\" \/>\n<meta name=\"twitter:label1\" content=\"Estimation du temps de lecture\" \/>\n\t<meta name=\"twitter:data1\" content=\"2 minutes\" \/>\n<script type=\"application\/ld+json\" class=\"yoast-schema-graph\">{\"@context\":\"https:\/\/schema.org\",\"@graph\":[{\"@type\":\"WebPage\",\"@id\":\"https:\/\/snowhouse.ca\/product\/potentiostats-galvanostats-fra\/essential-potentiostats\/flexp-0160-high-voltage-high-power-booster\/\",\"url\":\"https:\/\/snowhouse.ca\/product\/potentiostats-galvanostats-fra\/essential-potentiostats\/flexp-0160-high-voltage-high-power-booster\/\",\"name\":\"FlexP 0060 - Booster - SnowHouse\",\"isPartOf\":{\"@id\":\"https:\/\/snowhouse.ca\/#website\"},\"primaryImageOfPage\":{\"@id\":\"https:\/\/snowhouse.ca\/product\/potentiostats-galvanostats-fra\/essential-potentiostats\/flexp-0160-high-voltage-high-power-booster\/#primaryimage\"},\"image\":{\"@id\":\"https:\/\/snowhouse.ca\/product\/potentiostats-galvanostats-fra\/essential-potentiostats\/flexp-0160-high-voltage-high-power-booster\/#primaryimage\"},\"thumbnailUrl\":\"https:\/\/snowhouse.ca\/wp-content\/uploads\/2025\/07\/71419.png?wsr\",\"datePublished\":\"2025-07-23T01:37:36+00:00\",\"dateModified\":\"2025-11-24T21:31:43+00:00\",\"description\":\"A powerful booster suitable for Redox Flow Batteries (RFB) or fuel cell stacks.\",\"breadcrumb\":{\"@id\":\"https:\/\/snowhouse.ca\/product\/potentiostats-galvanostats-fra\/essential-potentiostats\/flexp-0160-high-voltage-high-power-booster\/#breadcrumb\"},\"inLanguage\":\"fr-CA\",\"potentialAction\":[{\"@type\":\"ReadAction\",\"target\":[\"https:\/\/snowhouse.ca\/product\/potentiostats-galvanostats-fra\/essential-potentiostats\/flexp-0160-high-voltage-high-power-booster\/\"]}]},{\"@type\":\"ImageObject\",\"inLanguage\":\"fr-CA\",\"@id\":\"https:\/\/snowhouse.ca\/product\/potentiostats-galvanostats-fra\/essential-potentiostats\/flexp-0160-high-voltage-high-power-booster\/#primaryimage\",\"url\":\"https:\/\/snowhouse.ca\/wp-content\/uploads\/2025\/07\/71419.png?wsr\",\"contentUrl\":\"https:\/\/snowhouse.ca\/wp-content\/uploads\/2025\/07\/71419.png?wsr\",\"width\":570,\"height\":645},{\"@type\":\"BreadcrumbList\",\"@id\":\"https:\/\/snowhouse.ca\/product\/potentiostats-galvanostats-fra\/essential-potentiostats\/flexp-0160-high-voltage-high-power-booster\/#breadcrumb\",\"itemListElement\":[{\"@type\":\"ListItem\",\"position\":1,\"name\":\"Home\",\"item\":\"https:\/\/snowhouse.ca\/\"},{\"@type\":\"ListItem\",\"position\":2,\"name\":\"Products\",\"item\":\"https:\/\/snowhouse.ca\/products\/\"},{\"@type\":\"ListItem\",\"position\":3,\"name\":\"FlexP 0060 &#8211; Booster\"}]},{\"@type\":\"WebSite\",\"@id\":\"https:\/\/snowhouse.ca\/#website\",\"url\":\"https:\/\/snowhouse.ca\/\",\"name\":\"SnowHouse\",\"description\":\"Trusted Scientific Instruments\",\"publisher\":{\"@id\":\"https:\/\/snowhouse.ca\/#organization\"},\"potentialAction\":[{\"@type\":\"SearchAction\",\"target\":{\"@type\":\"EntryPoint\",\"urlTemplate\":\"https:\/\/snowhouse.ca\/?s={search_term_string}\"},\"query-input\":{\"@type\":\"PropertyValueSpecification\",\"valueRequired\":true,\"valueName\":\"search_term_string\"}}],\"inLanguage\":\"fr-CA\"},{\"@type\":\"Organization\",\"@id\":\"https:\/\/snowhouse.ca\/#organization\",\"name\":\"Snowhouse inc.\",\"alternateName\":\"Snowhouse\",\"url\":\"https:\/\/snowhouse.ca\/\",\"logo\":{\"@type\":\"ImageObject\",\"inLanguage\":\"fr-CA\",\"@id\":\"https:\/\/snowhouse.ca\/#\/schema\/logo\/image\/\",\"url\":\"https:\/\/snowhouse.ca\/wp-content\/uploads\/2025\/07\/SnowHouse-Logo.png\",\"contentUrl\":\"https:\/\/snowhouse.ca\/wp-content\/uploads\/2025\/07\/SnowHouse-Logo.png\",\"width\":508,\"height\":136,\"caption\":\"Snowhouse inc.\"},\"image\":{\"@id\":\"https:\/\/snowhouse.ca\/#\/schema\/logo\/image\/\"}}]}<\/script>\n<!-- \/ Yoast SEO plugin. -->","yoast_head_json":{"title":"FlexP 0060 - Booster - SnowHouse","description":"Un puissant amplificateur adapt\u00e9 aux batteries \u00e0 flux redox (RFB) ou aux piles \u00e0 combustible.","robots":{"index":"index","follow":"follow","max-snippet":"max-snippet:-1","max-image-preview":"max-image-preview:large","max-video-preview":"max-video-preview:-1"},"canonical":"https:\/\/snowhouse.ca\/fr\/product\/potentiostats-galvanostats-fra\/essential-potentiostats\/flexp-0160-high-voltage-high-power-booster\/","og_locale":"fr_CA","og_type":"article","og_title":"FlexP 0060 - Booster - SnowHouse","og_description":"A powerful booster suitable for Redox Flow Batteries (RFB) or fuel cell stacks.","og_url":"https:\/\/snowhouse.ca\/fr\/product\/potentiostats-galvanostats-fra\/essential-potentiostats\/flexp-0160-high-voltage-high-power-booster\/","og_site_name":"SnowHouse","article_modified_time":"2025-11-24T21:31:43+00:00","og_image":[{"width":570,"height":645,"url":"https:\/\/snowhouse.ca\/wp-content\/uploads\/2025\/07\/71419.png","type":"image\/png"}],"twitter_card":"summary_large_image","twitter_misc":{"Estimation du temps de lecture":"2 minutes"},"schema":{"@context":"https:\/\/schema.org","@graph":[{"@type":"WebPage","@id":"https:\/\/snowhouse.ca\/product\/potentiostats-galvanostats-fra\/essential-potentiostats\/flexp-0160-high-voltage-high-power-booster\/","url":"https:\/\/snowhouse.ca\/product\/potentiostats-galvanostats-fra\/essential-potentiostats\/flexp-0160-high-voltage-high-power-booster\/","name":"FlexP 0060 - Booster - SnowHouse","isPartOf":{"@id":"https:\/\/snowhouse.ca\/#website"},"primaryImageOfPage":{"@id":"https:\/\/snowhouse.ca\/product\/potentiostats-galvanostats-fra\/essential-potentiostats\/flexp-0160-high-voltage-high-power-booster\/#primaryimage"},"image":{"@id":"https:\/\/snowhouse.ca\/product\/potentiostats-galvanostats-fra\/essential-potentiostats\/flexp-0160-high-voltage-high-power-booster\/#primaryimage"},"thumbnailUrl":"https:\/\/snowhouse.ca\/wp-content\/uploads\/2025\/07\/71419.png?wsr","datePublished":"2025-07-23T01:37:36+00:00","dateModified":"2025-11-24T21:31:43+00:00","description":"Un puissant amplificateur adapt\u00e9 aux batteries \u00e0 flux redox (RFB) ou aux piles \u00e0 combustible.","breadcrumb":{"@id":"https:\/\/snowhouse.ca\/product\/potentiostats-galvanostats-fra\/essential-potentiostats\/flexp-0160-high-voltage-high-power-booster\/#breadcrumb"},"inLanguage":"fr-CA","potentialAction":[{"@type":"ReadAction","target":["https:\/\/snowhouse.ca\/product\/potentiostats-galvanostats-fra\/essential-potentiostats\/flexp-0160-high-voltage-high-power-booster\/"]}]},{"@type":"ImageObject","inLanguage":"fr-CA","@id":"https:\/\/snowhouse.ca\/product\/potentiostats-galvanostats-fra\/essential-potentiostats\/flexp-0160-high-voltage-high-power-booster\/#primaryimage","url":"https:\/\/snowhouse.ca\/wp-content\/uploads\/2025\/07\/71419.png?wsr","contentUrl":"https:\/\/snowhouse.ca\/wp-content\/uploads\/2025\/07\/71419.png?wsr","width":570,"height":645},{"@type":"BreadcrumbList","@id":"https:\/\/snowhouse.ca\/product\/potentiostats-galvanostats-fra\/essential-potentiostats\/flexp-0160-high-voltage-high-power-booster\/#breadcrumb","itemListElement":[{"@type":"ListItem","position":1,"name":"Home","item":"https:\/\/snowhouse.ca\/"},{"@type":"ListItem","position":2,"name":"Products","item":"https:\/\/snowhouse.ca\/products\/"},{"@type":"ListItem","position":3,"name":"FlexP 0060 &#8211; Booster"}]},{"@type":"WebSite","@id":"https:\/\/snowhouse.ca\/#website","url":"https:\/\/snowhouse.ca\/","name":"Maison de neige","description":"Instruments scientifiques de confiance","publisher":{"@id":"https:\/\/snowhouse.ca\/#organization"},"potentialAction":[{"@type":"SearchAction","target":{"@type":"EntryPoint","urlTemplate":"https:\/\/snowhouse.ca\/?s={search_term_string}"},"query-input":{"@type":"PropertyValueSpecification","valueRequired":true,"valueName":"search_term_string"}}],"inLanguage":"fr-CA"},{"@type":"Organization","@id":"https:\/\/snowhouse.ca\/#organization","name":"Snowhouse inc.","alternateName":"Snowhouse","url":"https:\/\/snowhouse.ca\/","logo":{"@type":"ImageObject","inLanguage":"fr-CA","@id":"https:\/\/snowhouse.ca\/#\/schema\/logo\/image\/","url":"https:\/\/snowhouse.ca\/wp-content\/uploads\/2025\/07\/SnowHouse-Logo.png","contentUrl":"https:\/\/snowhouse.ca\/wp-content\/uploads\/2025\/07\/SnowHouse-Logo.png","width":508,"height":136,"caption":"Snowhouse inc."},"image":{"@id":"https:\/\/snowhouse.ca\/#\/schema\/logo\/image\/"}}]}},"_links":{"self":[{"href":"https:\/\/snowhouse.ca\/fr\/wp-json\/wp\/v2\/product\/415","targetHints":{"allow":["GET"]}}],"collection":[{"href":"https:\/\/snowhouse.ca\/fr\/wp-json\/wp\/v2\/product"}],"about":[{"href":"https:\/\/snowhouse.ca\/fr\/wp-json\/wp\/v2\/types\/product"}],"wp:featuredmedia":[{"embeddable":true,"href":"https:\/\/snowhouse.ca\/fr\/wp-json\/wp\/v2\/media\/416"}],"wp:attachment":[{"href":"https:\/\/snowhouse.ca\/fr\/wp-json\/wp\/v2\/media?parent=415"}],"wp:term":[{"taxonomy":"product_brand","embeddable":true,"href":"https:\/\/snowhouse.ca\/fr\/wp-json\/wp\/v2\/product_brand?post=415"},{"taxonomy":"product_cat","embeddable":true,"href":"https:\/\/snowhouse.ca\/fr\/wp-json\/wp\/v2\/product_cat?post=415"},{"taxonomy":"product_tag","embeddable":true,"href":"https:\/\/snowhouse.ca\/fr\/wp-json\/wp\/v2\/product_tag?post=415"},{"taxonomy":"document","embeddable":true,"href":"https:\/\/snowhouse.ca\/fr\/wp-json\/wp\/v2\/document?post=415"}],"curies":[{"name":"wp","href":"https:\/\/api.w.org\/{rel}","templated":true}]}}