{"id":441,"date":"2025-07-23T01:37:36","date_gmt":"2025-07-23T01:37:36","guid":{"rendered":"https:\/\/snowhouse.ca\/produit\/qfm-4000-quench-flow-module-microvolume-quench-flow\/"},"modified":"2025-11-07T21:34:45","modified_gmt":"2025-11-07T21:34:45","slug":"qfm-4000-quench-flow-module-microvolume-quench-flow","status":"publish","type":"product","link":"https:\/\/snowhouse.ca\/fr\/produit\/material-characterization\/stopped-flow-systems\/qfm-4000-quench-flow-module-microvolume-quench-flow\/","title":{"rendered":"Module de flux de trempe QFM-4000"},"content":{"rendered":"<h3><strong>Flux de trempe<\/strong><\/h3>\n<p>La technique de trempe en flux continu est une m\u00e9thode cin\u00e9tique o\u00f9 une r\u00e9action est initi\u00e9e par le m\u00e9lange de deux \u00e9chantillons. La r\u00e9action se d\u00e9roule dans une ligne \u00e0 retard avant d&#039;\u00eatre stopp\u00e9e apr\u00e8s un temps de maturation d\u00e9fini par l&#039;utilisateur, par ajout d&#039;une solution appel\u00e9e agent de trempe. La solution matur\u00e9e est ensuite recueillie \u00e0 la sortie de la ligne \u00e0 retard et analys\u00e9e par des m\u00e9thodes analytiques externes.<\/p>\n<p>La technique de quench-flow est g\u00e9n\u00e9ralement utilis\u00e9e pour pi\u00e9ger et identifier les interm\u00e9diaires r\u00e9actionnels et pour comprendre les m\u00e9canismes r\u00e9actionnels complexes. Elle est \u00e9galement largement employ\u00e9e pour l&#039;analyse des r\u00e9actions enzymatiques, du clivage de l&#039;ADN ou des r\u00e9actions \u00e0 cycle unique.<\/p>\n<p>&nbsp;<\/p>\n<p>&nbsp;<\/p>\n<p><a href=\"https:\/\/biologic.net\/wp-content\/uploads\/2019\/08\/qfm4000-image.jpg\"><img fetchpriority=\"high\" decoding=\"async\" class=\"alignnone size-full wp-image-10681\" src=\"https:\/\/biologic.net\/wp-content\/uploads\/2019\/08\/qfm4000-image.jpg\" alt=\"\" width=\"380\" height=\"342\" \/><\/a><\/p>\n<p>&nbsp;<\/p>\n<h3><strong>Flux de trempe \u00e0 microvolume<\/strong><\/h3>\n<p>Le fonctionnement en microvolume est d\u00e9sormais indispensable pour la plupart des utilisateurs de la technique de cin\u00e9tique ...<\/p>\n<h3><strong>Garantie de 10 ans<\/strong><\/h3>\n<p>Bio-Logic offre une garantie de 10 ans sur ses moteurs pas \u00e0 pas. Cette garantie t\u00e9moigne de notre confiance dans la haute qualit\u00e9 de notre conception, de notre ing\u00e9nierie et des performances de nos produits.<\/p>\n<p>Les instruments Bio-Logic sont con\u00e7us pour durer. Ils r\u00e9sisteront \u00e0 l&#039;\u00e9preuve du temps, aux rigueurs du laboratoire et aux exigences toujours croissantes de vos recherches.<\/p>\n<p>Le QFM-4000 repose sur une conception \u00e0 ligne \u00e0 retard unique. Des temps de vieillissement de 4 ms \u00e0 plusieurs secondes peuvent \u00eatre obtenus sans modification mat\u00e9rielle ni \u00e9talonnage. L&#039;association d&#039;une ligne \u00e0 retard compacte et d&#039;un mode impulsionnel innovant pour fournir des solutions performantes en fait un outil pr\u00e9cieux.\u00a0<u>microvolume<\/u>\u00a0<em>(<\/em>op\u00e9ration possible).<\/p>","protected":false},"excerpt":{"rendered":"<p>Application de trempe par m\u00e9lange unique (= un m\u00e9lange avant l&#039;\u00e9tape de trempe)<\/p>","protected":false},"featured_media":2555,"template":"","meta":[],"product_brand":[550],"product_cat":[78,77],"product_tag":[],"document":[],"class_list":{"0":"post-441","1":"product","2":"type-product","3":"status-publish","4":"has-post-thumbnail","6":"product_brand-biologic","7":"product_cat-rapid-mixing","8":"product_cat-stopped-flow-systems","10":"first","11":"instock","12":"purchasable","13":"product-type-simple"},"yoast_head":"<!-- This site is optimized with the Yoast SEO plugin v26.8 - https:\/\/yoast.com\/product\/yoast-seo-wordpress\/ -->\n<title>QFM-4000 Quench Flow Module - SnowHouse<\/title>\n<meta name=\"robots\" content=\"index, follow, max-snippet:-1, max-image-preview:large, max-video-preview:-1\" \/>\n<link rel=\"canonical\" href=\"https:\/\/snowhouse.ca\/fr\/product\/material-characterization\/stopped-flow-systems\/qfm-4000-quench-flow-module-microvolume-quench-flow\/\" \/>\n<meta property=\"og:locale\" content=\"fr_CA\" \/>\n<meta property=\"og:type\" content=\"article\" \/>\n<meta property=\"og:title\" content=\"QFM-4000 Quench Flow Module - SnowHouse\" \/>\n<meta property=\"og:description\" content=\"Single mixing quench-flow application (= one mixing before quenching step)\" \/>\n<meta property=\"og:url\" content=\"https:\/\/snowhouse.ca\/fr\/product\/material-characterization\/stopped-flow-systems\/qfm-4000-quench-flow-module-microvolume-quench-flow\/\" \/>\n<meta property=\"og:site_name\" content=\"SnowHouse\" \/>\n<meta property=\"article:modified_time\" content=\"2025-11-07T21:34:45+00:00\" \/>\n<meta property=\"og:image\" content=\"https:\/\/snowhouse.ca\/wp-content\/uploads\/2025\/07\/QFM-4000-Quench-Flow.png\" \/>\n\t<meta property=\"og:image:width\" content=\"316\" \/>\n\t<meta property=\"og:image:height\" content=\"721\" \/>\n\t<meta property=\"og:image:type\" content=\"image\/png\" \/>\n<meta name=\"twitter:card\" content=\"summary_large_image\" \/>\n<meta name=\"twitter:label1\" content=\"Estimation du temps de lecture\" \/>\n\t<meta name=\"twitter:data1\" content=\"2 minutes\" \/>\n<script type=\"application\/ld+json\" class=\"yoast-schema-graph\">{\"@context\":\"https:\/\/schema.org\",\"@graph\":[{\"@type\":\"WebPage\",\"@id\":\"https:\/\/snowhouse.ca\/product\/material-characterization\/stopped-flow-systems\/qfm-4000-quench-flow-module-microvolume-quench-flow\/\",\"url\":\"https:\/\/snowhouse.ca\/product\/material-characterization\/stopped-flow-systems\/qfm-4000-quench-flow-module-microvolume-quench-flow\/\",\"name\":\"QFM-4000 Quench Flow Module - SnowHouse\",\"isPartOf\":{\"@id\":\"https:\/\/snowhouse.ca\/#website\"},\"primaryImageOfPage\":{\"@id\":\"https:\/\/snowhouse.ca\/product\/material-characterization\/stopped-flow-systems\/qfm-4000-quench-flow-module-microvolume-quench-flow\/#primaryimage\"},\"image\":{\"@id\":\"https:\/\/snowhouse.ca\/product\/material-characterization\/stopped-flow-systems\/qfm-4000-quench-flow-module-microvolume-quench-flow\/#primaryimage\"},\"thumbnailUrl\":\"https:\/\/snowhouse.ca\/wp-content\/uploads\/2025\/07\/QFM-4000-Quench-Flow.png?wsr\",\"datePublished\":\"2025-07-23T01:37:36+00:00\",\"dateModified\":\"2025-11-07T21:34:45+00:00\",\"breadcrumb\":{\"@id\":\"https:\/\/snowhouse.ca\/product\/material-characterization\/stopped-flow-systems\/qfm-4000-quench-flow-module-microvolume-quench-flow\/#breadcrumb\"},\"inLanguage\":\"fr-CA\",\"potentialAction\":[{\"@type\":\"ReadAction\",\"target\":[\"https:\/\/snowhouse.ca\/product\/material-characterization\/stopped-flow-systems\/qfm-4000-quench-flow-module-microvolume-quench-flow\/\"]}]},{\"@type\":\"ImageObject\",\"inLanguage\":\"fr-CA\",\"@id\":\"https:\/\/snowhouse.ca\/product\/material-characterization\/stopped-flow-systems\/qfm-4000-quench-flow-module-microvolume-quench-flow\/#primaryimage\",\"url\":\"https:\/\/snowhouse.ca\/wp-content\/uploads\/2025\/07\/QFM-4000-Quench-Flow.png?wsr\",\"contentUrl\":\"https:\/\/snowhouse.ca\/wp-content\/uploads\/2025\/07\/QFM-4000-Quench-Flow.png?wsr\",\"width\":316,\"height\":721,\"caption\":\"Quench Flow from BioLogic\"},{\"@type\":\"BreadcrumbList\",\"@id\":\"https:\/\/snowhouse.ca\/product\/material-characterization\/stopped-flow-systems\/qfm-4000-quench-flow-module-microvolume-quench-flow\/#breadcrumb\",\"itemListElement\":[{\"@type\":\"ListItem\",\"position\":1,\"name\":\"Home\",\"item\":\"https:\/\/snowhouse.ca\/\"},{\"@type\":\"ListItem\",\"position\":2,\"name\":\"Products\",\"item\":\"https:\/\/snowhouse.ca\/products\/\"},{\"@type\":\"ListItem\",\"position\":3,\"name\":\"QFM-4000 Quench Flow Module\"}]},{\"@type\":\"WebSite\",\"@id\":\"https:\/\/snowhouse.ca\/#website\",\"url\":\"https:\/\/snowhouse.ca\/\",\"name\":\"SnowHouse\",\"description\":\"Trusted Scientific Instruments\",\"publisher\":{\"@id\":\"https:\/\/snowhouse.ca\/#organization\"},\"potentialAction\":[{\"@type\":\"SearchAction\",\"target\":{\"@type\":\"EntryPoint\",\"urlTemplate\":\"https:\/\/snowhouse.ca\/?s={search_term_string}\"},\"query-input\":{\"@type\":\"PropertyValueSpecification\",\"valueRequired\":true,\"valueName\":\"search_term_string\"}}],\"inLanguage\":\"fr-CA\"},{\"@type\":\"Organization\",\"@id\":\"https:\/\/snowhouse.ca\/#organization\",\"name\":\"Snowhouse inc.\",\"alternateName\":\"Snowhouse\",\"url\":\"https:\/\/snowhouse.ca\/\",\"logo\":{\"@type\":\"ImageObject\",\"inLanguage\":\"fr-CA\",\"@id\":\"https:\/\/snowhouse.ca\/#\/schema\/logo\/image\/\",\"url\":\"https:\/\/snowhouse.ca\/wp-content\/uploads\/2025\/07\/SnowHouse-Logo.png\",\"contentUrl\":\"https:\/\/snowhouse.ca\/wp-content\/uploads\/2025\/07\/SnowHouse-Logo.png\",\"width\":508,\"height\":136,\"caption\":\"Snowhouse inc.\"},\"image\":{\"@id\":\"https:\/\/snowhouse.ca\/#\/schema\/logo\/image\/\"}}]}<\/script>\n<!-- \/ Yoast SEO plugin. -->","yoast_head_json":{"title":"QFM-4000 Quench Flow Module - SnowHouse","robots":{"index":"index","follow":"follow","max-snippet":"max-snippet:-1","max-image-preview":"max-image-preview:large","max-video-preview":"max-video-preview:-1"},"canonical":"https:\/\/snowhouse.ca\/fr\/product\/material-characterization\/stopped-flow-systems\/qfm-4000-quench-flow-module-microvolume-quench-flow\/","og_locale":"fr_CA","og_type":"article","og_title":"QFM-4000 Quench Flow Module - SnowHouse","og_description":"Single mixing quench-flow application (= one mixing before quenching step)","og_url":"https:\/\/snowhouse.ca\/fr\/product\/material-characterization\/stopped-flow-systems\/qfm-4000-quench-flow-module-microvolume-quench-flow\/","og_site_name":"SnowHouse","article_modified_time":"2025-11-07T21:34:45+00:00","og_image":[{"width":316,"height":721,"url":"https:\/\/snowhouse.ca\/wp-content\/uploads\/2025\/07\/QFM-4000-Quench-Flow.png","type":"image\/png"}],"twitter_card":"summary_large_image","twitter_misc":{"Estimation du temps de lecture":"2 minutes"},"schema":{"@context":"https:\/\/schema.org","@graph":[{"@type":"WebPage","@id":"https:\/\/snowhouse.ca\/product\/material-characterization\/stopped-flow-systems\/qfm-4000-quench-flow-module-microvolume-quench-flow\/","url":"https:\/\/snowhouse.ca\/product\/material-characterization\/stopped-flow-systems\/qfm-4000-quench-flow-module-microvolume-quench-flow\/","name":"QFM-4000 Quench Flow Module - SnowHouse","isPartOf":{"@id":"https:\/\/snowhouse.ca\/#website"},"primaryImageOfPage":{"@id":"https:\/\/snowhouse.ca\/product\/material-characterization\/stopped-flow-systems\/qfm-4000-quench-flow-module-microvolume-quench-flow\/#primaryimage"},"image":{"@id":"https:\/\/snowhouse.ca\/product\/material-characterization\/stopped-flow-systems\/qfm-4000-quench-flow-module-microvolume-quench-flow\/#primaryimage"},"thumbnailUrl":"https:\/\/snowhouse.ca\/wp-content\/uploads\/2025\/07\/QFM-4000-Quench-Flow.png?wsr","datePublished":"2025-07-23T01:37:36+00:00","dateModified":"2025-11-07T21:34:45+00:00","breadcrumb":{"@id":"https:\/\/snowhouse.ca\/product\/material-characterization\/stopped-flow-systems\/qfm-4000-quench-flow-module-microvolume-quench-flow\/#breadcrumb"},"inLanguage":"fr-CA","potentialAction":[{"@type":"ReadAction","target":["https:\/\/snowhouse.ca\/product\/material-characterization\/stopped-flow-systems\/qfm-4000-quench-flow-module-microvolume-quench-flow\/"]}]},{"@type":"ImageObject","inLanguage":"fr-CA","@id":"https:\/\/snowhouse.ca\/product\/material-characterization\/stopped-flow-systems\/qfm-4000-quench-flow-module-microvolume-quench-flow\/#primaryimage","url":"https:\/\/snowhouse.ca\/wp-content\/uploads\/2025\/07\/QFM-4000-Quench-Flow.png?wsr","contentUrl":"https:\/\/snowhouse.ca\/wp-content\/uploads\/2025\/07\/QFM-4000-Quench-Flow.png?wsr","width":316,"height":721,"caption":"Quench Flow from BioLogic"},{"@type":"BreadcrumbList","@id":"https:\/\/snowhouse.ca\/product\/material-characterization\/stopped-flow-systems\/qfm-4000-quench-flow-module-microvolume-quench-flow\/#breadcrumb","itemListElement":[{"@type":"ListItem","position":1,"name":"Home","item":"https:\/\/snowhouse.ca\/"},{"@type":"ListItem","position":2,"name":"Products","item":"https:\/\/snowhouse.ca\/products\/"},{"@type":"ListItem","position":3,"name":"QFM-4000 Quench Flow Module"}]},{"@type":"WebSite","@id":"https:\/\/snowhouse.ca\/#website","url":"https:\/\/snowhouse.ca\/","name":"Maison de neige","description":"Instruments scientifiques de confiance","publisher":{"@id":"https:\/\/snowhouse.ca\/#organization"},"potentialAction":[{"@type":"SearchAction","target":{"@type":"EntryPoint","urlTemplate":"https:\/\/snowhouse.ca\/?s={search_term_string}"},"query-input":{"@type":"PropertyValueSpecification","valueRequired":true,"valueName":"search_term_string"}}],"inLanguage":"fr-CA"},{"@type":"Organization","@id":"https:\/\/snowhouse.ca\/#organization","name":"Snowhouse inc.","alternateName":"Snowhouse","url":"https:\/\/snowhouse.ca\/","logo":{"@type":"ImageObject","inLanguage":"fr-CA","@id":"https:\/\/snowhouse.ca\/#\/schema\/logo\/image\/","url":"https:\/\/snowhouse.ca\/wp-content\/uploads\/2025\/07\/SnowHouse-Logo.png","contentUrl":"https:\/\/snowhouse.ca\/wp-content\/uploads\/2025\/07\/SnowHouse-Logo.png","width":508,"height":136,"caption":"Snowhouse inc."},"image":{"@id":"https:\/\/snowhouse.ca\/#\/schema\/logo\/image\/"}}]}},"_links":{"self":[{"href":"https:\/\/snowhouse.ca\/fr\/wp-json\/wp\/v2\/product\/441","targetHints":{"allow":["GET"]}}],"collection":[{"href":"https:\/\/snowhouse.ca\/fr\/wp-json\/wp\/v2\/product"}],"about":[{"href":"https:\/\/snowhouse.ca\/fr\/wp-json\/wp\/v2\/types\/product"}],"wp:featuredmedia":[{"embeddable":true,"href":"https:\/\/snowhouse.ca\/fr\/wp-json\/wp\/v2\/media\/2555"}],"wp:attachment":[{"href":"https:\/\/snowhouse.ca\/fr\/wp-json\/wp\/v2\/media?parent=441"}],"wp:term":[{"taxonomy":"product_brand","embeddable":true,"href":"https:\/\/snowhouse.ca\/fr\/wp-json\/wp\/v2\/product_brand?post=441"},{"taxonomy":"product_cat","embeddable":true,"href":"https:\/\/snowhouse.ca\/fr\/wp-json\/wp\/v2\/product_cat?post=441"},{"taxonomy":"product_tag","embeddable":true,"href":"https:\/\/snowhouse.ca\/fr\/wp-json\/wp\/v2\/product_tag?post=441"},{"taxonomy":"document","embeddable":true,"href":"https:\/\/snowhouse.ca\/fr\/wp-json\/wp\/v2\/document?post=441"}],"curies":[{"name":"wp","href":"https:\/\/api.w.org\/{rel}","templated":true}]}}