{"id":445,"date":"2025-07-23T01:37:36","date_gmt":"2025-07-23T01:37:36","guid":{"rendered":"https:\/\/snowhouse.ca\/produit\/booster-hcv-3048-for-sp300-vsp300-vmp300-workstations\/"},"modified":"2025-11-24T21:30:41","modified_gmt":"2025-11-24T21:30:41","slug":"booster-hcv-3048-for-sp300-vsp300-vmp300-workstations","status":"publish","type":"product","link":"https:\/\/snowhouse.ca\/fr\/produit\/potentiostats-galvanostats-fra\/premium-potentiostats\/booster-hcv-3048-for-sp300-vsp300-vmp300-workstations\/","title":{"rendered":"Booster HCV-3048"},"content":{"rendered":"<h3><strong><u>Booster\u00a0: HCV-3048 pour stations de travail SP300, VSP300 et VMP300<\/u><\/strong><\/h3>\n<h4>L&#039;association in\u00e9gal\u00e9e de puissance et de vitesse<\/h4>\n<h3>Le booster HCV-3048 est con\u00e7u pour la caract\u00e9risation des batteries.<\/h3>\n<p>Le courant maximal continu de \u00b1 30 A pour une seule unit\u00e9 peut \u00eatre \u00e9tendu jusqu&#039;\u00e0 \u00b1 120 A en connectant quatre unit\u00e9s en parall\u00e8le.<\/p>\n<p>Gr\u00e2ce \u00e0 la large bande passante du HCV-3048, des mesures EIS peuvent \u00eatre effectu\u00e9es jusqu&#039;\u00e0 500 kHz.<\/p>\n<p>La configuration de l&#039;instrument peut \u00eatre facilement modifi\u00e9e.\u00a0<em>in situ<\/em>, afin de r\u00e9pondre aux exigences sp\u00e9cifiques de l&#039;utilisateur final. Gr\u00e2ce \u00e0 la fonctionnalit\u00e9 plug and play des modules d&#039;amplification, l&#039;instrument n&#039;a pas besoin d&#039;\u00eatre renvoy\u00e9 \u00e0 l&#039;usine pour \u00eatre mis \u00e0 niveau.<\/p>\n<p>L&#039;interface EC-Lab\u00ae d\u00e9tectera automatiquement toute nouvelle configuration, garantissant ainsi une transition en douceur vers la nouvelle mise \u00e0 niveau.<\/p>\n<h3>Caract\u00e9ristiques<\/h3>\n<ul>\n<li>\u00b130 A \/ 0-48 V<\/li>\n<li>Jusqu&#039;\u00e0 \u00b1120 A avec 4 unit\u00e9s en parall\u00e8le<\/li>\n<li>Mesure EIS jusqu&#039;\u00e0 500 kHz<\/li>\n<\/ul>","protected":false},"excerpt":{"rendered":"<p>Courant maximal continu de \u00b1 30 A extensible \u00e0 \u00b1 120 A<\/p>","protected":false},"featured_media":446,"template":"","meta":[],"product_brand":[550],"product_cat":[573,577],"product_tag":[],"document":[],"class_list":{"0":"post-445","1":"product","2":"type-product","3":"status-publish","4":"has-post-thumbnail","6":"product_brand-biologic","7":"product_cat-potentiostats-galvanostats-fra","8":"product_cat-premium-potentiostats","10":"first","11":"instock","12":"purchasable","13":"product-type-simple"},"yoast_head":"<!-- This site is optimized with the Yoast SEO plugin v26.8 - https:\/\/yoast.com\/product\/yoast-seo-wordpress\/ -->\n<title>Booster HCV-3048 - SnowHouse<\/title>\n<meta name=\"description\" content=\"A booster pack designed specifically for battery pack characterizations. Continuous maximum current of \u00b1 30 A extendable to \u00b1 120 A\" \/>\n<meta name=\"robots\" content=\"index, follow, max-snippet:-1, max-image-preview:large, max-video-preview:-1\" \/>\n<link rel=\"canonical\" href=\"https:\/\/snowhouse.ca\/fr\/product\/potentiostats-galvanostats-fra\/premium-potentiostats\/booster-hcv-3048-for-sp300-vsp300-vmp300-workstations\/\" \/>\n<meta property=\"og:locale\" content=\"fr_CA\" \/>\n<meta property=\"og:type\" content=\"article\" \/>\n<meta property=\"og:title\" content=\"Booster HCV-3048 - SnowHouse\" \/>\n<meta property=\"og:description\" content=\"A booster pack designed specifically for battery pack characterizations. Continuous maximum current of \u00b1 30 A extendable to \u00b1 120 A\" \/>\n<meta property=\"og:url\" content=\"https:\/\/snowhouse.ca\/fr\/product\/potentiostats-galvanostats-fra\/premium-potentiostats\/booster-hcv-3048-for-sp300-vsp300-vmp300-workstations\/\" \/>\n<meta property=\"og:site_name\" content=\"SnowHouse\" \/>\n<meta property=\"article:modified_time\" content=\"2025-11-24T21:30:41+00:00\" \/>\n<meta property=\"og:image\" content=\"https:\/\/snowhouse.ca\/wp-content\/uploads\/2025\/07\/62654.png\" \/>\n\t<meta property=\"og:image:width\" content=\"400\" \/>\n\t<meta property=\"og:image:height\" content=\"266\" \/>\n\t<meta property=\"og:image:type\" content=\"image\/png\" \/>\n<meta name=\"twitter:card\" content=\"summary_large_image\" \/>\n<meta name=\"twitter:label1\" content=\"Estimation du temps de lecture\" \/>\n\t<meta name=\"twitter:data1\" content=\"1 minute\" \/>\n<script type=\"application\/ld+json\" class=\"yoast-schema-graph\">{\"@context\":\"https:\/\/schema.org\",\"@graph\":[{\"@type\":\"WebPage\",\"@id\":\"https:\/\/snowhouse.ca\/product\/potentiostats-galvanostats-fra\/premium-potentiostats\/booster-hcv-3048-for-sp300-vsp300-vmp300-workstations\/\",\"url\":\"https:\/\/snowhouse.ca\/product\/potentiostats-galvanostats-fra\/premium-potentiostats\/booster-hcv-3048-for-sp300-vsp300-vmp300-workstations\/\",\"name\":\"Booster HCV-3048 - SnowHouse\",\"isPartOf\":{\"@id\":\"https:\/\/snowhouse.ca\/#website\"},\"primaryImageOfPage\":{\"@id\":\"https:\/\/snowhouse.ca\/product\/potentiostats-galvanostats-fra\/premium-potentiostats\/booster-hcv-3048-for-sp300-vsp300-vmp300-workstations\/#primaryimage\"},\"image\":{\"@id\":\"https:\/\/snowhouse.ca\/product\/potentiostats-galvanostats-fra\/premium-potentiostats\/booster-hcv-3048-for-sp300-vsp300-vmp300-workstations\/#primaryimage\"},\"thumbnailUrl\":\"https:\/\/snowhouse.ca\/wp-content\/uploads\/2025\/07\/62654.png?wsr\",\"datePublished\":\"2025-07-23T01:37:36+00:00\",\"dateModified\":\"2025-11-24T21:30:41+00:00\",\"description\":\"A booster pack designed specifically for battery pack characterizations. Continuous maximum current of \u00b1 30 A extendable to \u00b1 120 A\",\"breadcrumb\":{\"@id\":\"https:\/\/snowhouse.ca\/product\/potentiostats-galvanostats-fra\/premium-potentiostats\/booster-hcv-3048-for-sp300-vsp300-vmp300-workstations\/#breadcrumb\"},\"inLanguage\":\"fr-CA\",\"potentialAction\":[{\"@type\":\"ReadAction\",\"target\":[\"https:\/\/snowhouse.ca\/product\/potentiostats-galvanostats-fra\/premium-potentiostats\/booster-hcv-3048-for-sp300-vsp300-vmp300-workstations\/\"]}]},{\"@type\":\"ImageObject\",\"inLanguage\":\"fr-CA\",\"@id\":\"https:\/\/snowhouse.ca\/product\/potentiostats-galvanostats-fra\/premium-potentiostats\/booster-hcv-3048-for-sp300-vsp300-vmp300-workstations\/#primaryimage\",\"url\":\"https:\/\/snowhouse.ca\/wp-content\/uploads\/2025\/07\/62654.png?wsr\",\"contentUrl\":\"https:\/\/snowhouse.ca\/wp-content\/uploads\/2025\/07\/62654.png?wsr\",\"width\":400,\"height\":266},{\"@type\":\"BreadcrumbList\",\"@id\":\"https:\/\/snowhouse.ca\/product\/potentiostats-galvanostats-fra\/premium-potentiostats\/booster-hcv-3048-for-sp300-vsp300-vmp300-workstations\/#breadcrumb\",\"itemListElement\":[{\"@type\":\"ListItem\",\"position\":1,\"name\":\"Home\",\"item\":\"https:\/\/snowhouse.ca\/\"},{\"@type\":\"ListItem\",\"position\":2,\"name\":\"Products\",\"item\":\"https:\/\/snowhouse.ca\/products\/\"},{\"@type\":\"ListItem\",\"position\":3,\"name\":\"Booster HCV-3048\"}]},{\"@type\":\"WebSite\",\"@id\":\"https:\/\/snowhouse.ca\/#website\",\"url\":\"https:\/\/snowhouse.ca\/\",\"name\":\"SnowHouse\",\"description\":\"Trusted Scientific Instruments\",\"publisher\":{\"@id\":\"https:\/\/snowhouse.ca\/#organization\"},\"potentialAction\":[{\"@type\":\"SearchAction\",\"target\":{\"@type\":\"EntryPoint\",\"urlTemplate\":\"https:\/\/snowhouse.ca\/?s={search_term_string}\"},\"query-input\":{\"@type\":\"PropertyValueSpecification\",\"valueRequired\":true,\"valueName\":\"search_term_string\"}}],\"inLanguage\":\"fr-CA\"},{\"@type\":\"Organization\",\"@id\":\"https:\/\/snowhouse.ca\/#organization\",\"name\":\"Snowhouse inc.\",\"alternateName\":\"Snowhouse\",\"url\":\"https:\/\/snowhouse.ca\/\",\"logo\":{\"@type\":\"ImageObject\",\"inLanguage\":\"fr-CA\",\"@id\":\"https:\/\/snowhouse.ca\/#\/schema\/logo\/image\/\",\"url\":\"https:\/\/snowhouse.ca\/wp-content\/uploads\/2025\/07\/SnowHouse-Logo.png\",\"contentUrl\":\"https:\/\/snowhouse.ca\/wp-content\/uploads\/2025\/07\/SnowHouse-Logo.png\",\"width\":508,\"height\":136,\"caption\":\"Snowhouse inc.\"},\"image\":{\"@id\":\"https:\/\/snowhouse.ca\/#\/schema\/logo\/image\/\"}}]}<\/script>\n<!-- \/ Yoast SEO plugin. -->","yoast_head_json":{"title":"Booster HCV-3048 - SnowHouse","description":"Un booster con\u00e7u sp\u00e9cifiquement pour la caract\u00e9risation des batteries. Courant maximal continu de \u00b1 30 A, extensible \u00e0 \u00b1 120 A.","robots":{"index":"index","follow":"follow","max-snippet":"max-snippet:-1","max-image-preview":"max-image-preview:large","max-video-preview":"max-video-preview:-1"},"canonical":"https:\/\/snowhouse.ca\/fr\/product\/potentiostats-galvanostats-fra\/premium-potentiostats\/booster-hcv-3048-for-sp300-vsp300-vmp300-workstations\/","og_locale":"fr_CA","og_type":"article","og_title":"Booster HCV-3048 - SnowHouse","og_description":"A booster pack designed specifically for battery pack characterizations. Continuous maximum current of \u00b1 30 A extendable to \u00b1 120 A","og_url":"https:\/\/snowhouse.ca\/fr\/product\/potentiostats-galvanostats-fra\/premium-potentiostats\/booster-hcv-3048-for-sp300-vsp300-vmp300-workstations\/","og_site_name":"SnowHouse","article_modified_time":"2025-11-24T21:30:41+00:00","og_image":[{"width":400,"height":266,"url":"https:\/\/snowhouse.ca\/wp-content\/uploads\/2025\/07\/62654.png","type":"image\/png"}],"twitter_card":"summary_large_image","twitter_misc":{"Estimation du temps de lecture":"1 minute"},"schema":{"@context":"https:\/\/schema.org","@graph":[{"@type":"WebPage","@id":"https:\/\/snowhouse.ca\/product\/potentiostats-galvanostats-fra\/premium-potentiostats\/booster-hcv-3048-for-sp300-vsp300-vmp300-workstations\/","url":"https:\/\/snowhouse.ca\/product\/potentiostats-galvanostats-fra\/premium-potentiostats\/booster-hcv-3048-for-sp300-vsp300-vmp300-workstations\/","name":"Booster HCV-3048 - SnowHouse","isPartOf":{"@id":"https:\/\/snowhouse.ca\/#website"},"primaryImageOfPage":{"@id":"https:\/\/snowhouse.ca\/product\/potentiostats-galvanostats-fra\/premium-potentiostats\/booster-hcv-3048-for-sp300-vsp300-vmp300-workstations\/#primaryimage"},"image":{"@id":"https:\/\/snowhouse.ca\/product\/potentiostats-galvanostats-fra\/premium-potentiostats\/booster-hcv-3048-for-sp300-vsp300-vmp300-workstations\/#primaryimage"},"thumbnailUrl":"https:\/\/snowhouse.ca\/wp-content\/uploads\/2025\/07\/62654.png?wsr","datePublished":"2025-07-23T01:37:36+00:00","dateModified":"2025-11-24T21:30:41+00:00","description":"Un booster con\u00e7u sp\u00e9cifiquement pour la caract\u00e9risation des batteries. Courant maximal continu de \u00b1 30 A, extensible \u00e0 \u00b1 120 A.","breadcrumb":{"@id":"https:\/\/snowhouse.ca\/product\/potentiostats-galvanostats-fra\/premium-potentiostats\/booster-hcv-3048-for-sp300-vsp300-vmp300-workstations\/#breadcrumb"},"inLanguage":"fr-CA","potentialAction":[{"@type":"ReadAction","target":["https:\/\/snowhouse.ca\/product\/potentiostats-galvanostats-fra\/premium-potentiostats\/booster-hcv-3048-for-sp300-vsp300-vmp300-workstations\/"]}]},{"@type":"ImageObject","inLanguage":"fr-CA","@id":"https:\/\/snowhouse.ca\/product\/potentiostats-galvanostats-fra\/premium-potentiostats\/booster-hcv-3048-for-sp300-vsp300-vmp300-workstations\/#primaryimage","url":"https:\/\/snowhouse.ca\/wp-content\/uploads\/2025\/07\/62654.png?wsr","contentUrl":"https:\/\/snowhouse.ca\/wp-content\/uploads\/2025\/07\/62654.png?wsr","width":400,"height":266},{"@type":"BreadcrumbList","@id":"https:\/\/snowhouse.ca\/product\/potentiostats-galvanostats-fra\/premium-potentiostats\/booster-hcv-3048-for-sp300-vsp300-vmp300-workstations\/#breadcrumb","itemListElement":[{"@type":"ListItem","position":1,"name":"Home","item":"https:\/\/snowhouse.ca\/"},{"@type":"ListItem","position":2,"name":"Products","item":"https:\/\/snowhouse.ca\/products\/"},{"@type":"ListItem","position":3,"name":"Booster HCV-3048"}]},{"@type":"WebSite","@id":"https:\/\/snowhouse.ca\/#website","url":"https:\/\/snowhouse.ca\/","name":"Maison de neige","description":"Instruments scientifiques de confiance","publisher":{"@id":"https:\/\/snowhouse.ca\/#organization"},"potentialAction":[{"@type":"SearchAction","target":{"@type":"EntryPoint","urlTemplate":"https:\/\/snowhouse.ca\/?s={search_term_string}"},"query-input":{"@type":"PropertyValueSpecification","valueRequired":true,"valueName":"search_term_string"}}],"inLanguage":"fr-CA"},{"@type":"Organization","@id":"https:\/\/snowhouse.ca\/#organization","name":"Snowhouse inc.","alternateName":"Snowhouse","url":"https:\/\/snowhouse.ca\/","logo":{"@type":"ImageObject","inLanguage":"fr-CA","@id":"https:\/\/snowhouse.ca\/#\/schema\/logo\/image\/","url":"https:\/\/snowhouse.ca\/wp-content\/uploads\/2025\/07\/SnowHouse-Logo.png","contentUrl":"https:\/\/snowhouse.ca\/wp-content\/uploads\/2025\/07\/SnowHouse-Logo.png","width":508,"height":136,"caption":"Snowhouse inc."},"image":{"@id":"https:\/\/snowhouse.ca\/#\/schema\/logo\/image\/"}}]}},"_links":{"self":[{"href":"https:\/\/snowhouse.ca\/fr\/wp-json\/wp\/v2\/product\/445","targetHints":{"allow":["GET"]}}],"collection":[{"href":"https:\/\/snowhouse.ca\/fr\/wp-json\/wp\/v2\/product"}],"about":[{"href":"https:\/\/snowhouse.ca\/fr\/wp-json\/wp\/v2\/types\/product"}],"wp:featuredmedia":[{"embeddable":true,"href":"https:\/\/snowhouse.ca\/fr\/wp-json\/wp\/v2\/media\/446"}],"wp:attachment":[{"href":"https:\/\/snowhouse.ca\/fr\/wp-json\/wp\/v2\/media?parent=445"}],"wp:term":[{"taxonomy":"product_brand","embeddable":true,"href":"https:\/\/snowhouse.ca\/fr\/wp-json\/wp\/v2\/product_brand?post=445"},{"taxonomy":"product_cat","embeddable":true,"href":"https:\/\/snowhouse.ca\/fr\/wp-json\/wp\/v2\/product_cat?post=445"},{"taxonomy":"product_tag","embeddable":true,"href":"https:\/\/snowhouse.ca\/fr\/wp-json\/wp\/v2\/product_tag?post=445"},{"taxonomy":"document","embeddable":true,"href":"https:\/\/snowhouse.ca\/fr\/wp-json\/wp\/v2\/document?post=445"}],"curies":[{"name":"wp","href":"https:\/\/api.w.org\/{rel}","templated":true}]}}