{"id":463,"date":"2025-07-23T01:38:46","date_gmt":"2025-07-23T01:38:46","guid":{"rendered":"https:\/\/snowhouse.ca\/produit\/fc-45-standard-faraday-cage\/"},"modified":"2025-10-29T15:59:04","modified_gmt":"2025-10-29T15:59:04","slug":"fc-45-standard-faraday-cage","status":"publish","type":"product","link":"https:\/\/snowhouse.ca\/fr\/produit\/potentiostats-galvanostats-fra\/electrochemistry-accessories\/fc-45-standard-faraday-cage\/","title":{"rendered":"Cage de Faraday FC-45"},"content":{"rendered":"<h3><strong>\u00a0FC-45 \u2013 Cage de Faraday standard \u00a0\u00a0<\/strong><\/h3>\n<p>La pr\u00e9sence d&#039;autres appareils \u00e9lectriques dans le laboratoire peut perturber vos mesures, notamment lors de la mesure de syst\u00e8mes \u00e0 haute imp\u00e9dance ou de courants tr\u00e8s faibles. Dans ce cas, des interf\u00e9rences \u00e9lectromagn\u00e9tiques \u00e9mises par les appareils externes peuvent \u00eatre capt\u00e9es. Pour \u00e9viter cela, une cage de Faraday est n\u00e9cessaire.<\/p>\n<p>La cage de Faraday doit \u00eatre mise \u00e0 la terre en reliant son enveloppe ext\u00e9rieure \u00e0 la prise de terre (prise verte \u00e0 l&#039;arri\u00e8re) de votre instrument. Il est \u00e9galement important de maintenir la cellule au centre de la cage. Une tige est pr\u00e9vue \u00e0 cet effet\u00a0; un support optionnel est disponible.<br \/>\nLa conception de la cage de Faraday est optimis\u00e9e pour les mesures \u00e0 faible courant\/haute imp\u00e9dance\u00a0: l\u2019utilisation du support int\u00e9rieur minimise les mesures des contributions parasites en centrant la cellule \u00e0 l\u2019int\u00e9rieur de la cage de Faraday \u00e0 l\u2019aide de mat\u00e9riaux non conducteurs.<\/p>\n<table id=\"tablepress-12\" class=\"tablepress tablepress-id-12 tbody-has-connected-cells\">\n<tbody class=\"row-hover\">\n<tr class=\"row-1\">\n<td class=\"column-1\" colspan=\"2\">cages de Faraday<\/td>\n<\/tr>\n<tr class=\"row-2\">\n<td class=\"column-1\">Dimensions (H x L x P) \/mm<\/td>\n<td class=\"column-2\">450 x 450 x 450<\/td>\n<\/tr>\n<tr class=\"row-3\">\n<td class=\"column-1\">Mat\u00e9riel<\/td>\n<td class=\"column-2\">Acier inoxydable 430<\/td>\n<\/tr>\n<tr class=\"row-4\">\n<td class=\"column-1\">Passages de c\u00e2bles \/mm<\/td>\n<td class=\"column-2\"><u>Pour les c\u00e2bles, passage de c\u00e2ble traversant le panneau gauche<\/u>:<br \/>\n\u2013 Rectangulaire, 140 x 40 mm. Ce passage peut \u00eatre minimis\u00e9 afin de limiter les effets parasites.<br \/>\n<u>trous du panneau arri\u00e8re<\/u>:<br \/>\n\u2013 2 trous, diam\u00e8tre 20 mm (peuvent \u00eatre utilis\u00e9s pour les tubes d&#039;eau).<br \/>\n\u2013 2 trous, diam\u00e8tre 15 mm (peuvent \u00eatre utilis\u00e9s pour les tubes \u00e0 gaz).<\/td>\n<\/tr>\n<tr class=\"row-5\">\n<td class=\"column-1\">Connexion \u00e0 la terre<\/td>\n<td class=\"column-2\">Fiche verte de 4 mm disponible sur le panneau arri\u00e8re pour la connexion \u00e0 la masse du ch\u00e2ssis de l&#039;instrument.<\/td>\n<\/tr>\n<tr class=\"row-6\">\n<td class=\"column-1\">parties internes<\/td>\n<td class=\"column-2\">Une tige (de 12 mm de diam\u00e8tre) est pr\u00e9vue \u00e0 l&#039;int\u00e9rieur de la cage pour fixer la cellule ou son c\u00e2ble. L&#039;\u00e9crou et le collier de serrage ne sont pas fournis.<\/p>\n<p>Un support (r\u00e9f.\u00a0: 094-084\/2) est propos\u00e9 en option. Il se compose de deux plaques m\u00e9talliques de 200\u00a0\u00d7\u00a0200\u00a0mm s\u00e9par\u00e9es par un tube en plastique de 146\u00a0mm. Ce support se visse sur la cage de Faraday. Il est compatible avec les rev\u00eatements BioLogic et les cellules plates et galvaniques.<\/td>\n<\/tr>\n<\/tbody>\n<\/table>","protected":false},"excerpt":{"rendered":"<p class=\"title is-2\">Cages de Faraday - Gardez les objets dangereux loin de votre cellule<\/p>","protected":false},"featured_media":464,"template":"","meta":[],"product_brand":[550],"product_cat":[153],"product_tag":[],"document":[],"class_list":{"0":"post-463","1":"product","2":"type-product","3":"status-publish","4":"has-post-thumbnail","6":"product_brand-biologic","7":"product_cat-electrochemistry-accessories","9":"first","10":"instock","11":"purchasable","12":"product-type-simple"},"yoast_head":"<!-- This site is optimized with the Yoast SEO plugin v26.8 - https:\/\/yoast.com\/product\/yoast-seo-wordpress\/ -->\n<title>FC-45 Faraday Cage - SnowHouse<\/title>\n<meta name=\"description\" content=\"Keep artifacts away from your cell\" \/>\n<meta name=\"robots\" content=\"index, follow, max-snippet:-1, max-image-preview:large, max-video-preview:-1\" \/>\n<link rel=\"canonical\" href=\"https:\/\/snowhouse.ca\/fr\/produit\/potentiostats-galvanostats-fra\/electrochemistry-accessories\/fc-45-standard-faraday-cage\/\" \/>\n<meta property=\"og:locale\" content=\"fr_CA\" \/>\n<meta property=\"og:type\" content=\"article\" \/>\n<meta property=\"og:title\" content=\"FC-45 Faraday Cage - SnowHouse\" \/>\n<meta property=\"og:description\" content=\"Keep artifacts away from your cell\" \/>\n<meta property=\"og:url\" content=\"https:\/\/snowhouse.ca\/fr\/produit\/potentiostats-galvanostats-fra\/electrochemistry-accessories\/fc-45-standard-faraday-cage\/\" \/>\n<meta property=\"og:site_name\" content=\"SnowHouse\" \/>\n<meta property=\"article:modified_time\" content=\"2025-10-29T15:59:04+00:00\" \/>\n<meta property=\"og:image\" content=\"https:\/\/snowhouse.ca\/wp-content\/uploads\/2025\/07\/46145.png\" \/>\n\t<meta property=\"og:image:width\" content=\"300\" \/>\n\t<meta property=\"og:image:height\" content=\"292\" \/>\n\t<meta property=\"og:image:type\" content=\"image\/png\" \/>\n<meta name=\"twitter:card\" content=\"summary_large_image\" \/>\n<meta name=\"twitter:label1\" content=\"Estimation du temps de lecture\" \/>\n\t<meta name=\"twitter:data1\" content=\"2 minutes\" \/>\n<script type=\"application\/ld+json\" class=\"yoast-schema-graph\">{\"@context\":\"https:\/\/schema.org\",\"@graph\":[{\"@type\":\"WebPage\",\"@id\":\"https:\/\/snowhouse.ca\/fr\/produit\/potentiostats-galvanostats-fra\/electrochemistry-accessories\/fc-45-standard-faraday-cage\/\",\"url\":\"https:\/\/snowhouse.ca\/fr\/produit\/potentiostats-galvanostats-fra\/electrochemistry-accessories\/fc-45-standard-faraday-cage\/\",\"name\":\"FC-45 Faraday Cage - SnowHouse\",\"isPartOf\":{\"@id\":\"https:\/\/snowhouse.ca\/#website\"},\"primaryImageOfPage\":{\"@id\":\"https:\/\/snowhouse.ca\/fr\/produit\/potentiostats-galvanostats-fra\/electrochemistry-accessories\/fc-45-standard-faraday-cage\/#primaryimage\"},\"image\":{\"@id\":\"https:\/\/snowhouse.ca\/fr\/produit\/potentiostats-galvanostats-fra\/electrochemistry-accessories\/fc-45-standard-faraday-cage\/#primaryimage\"},\"thumbnailUrl\":\"https:\/\/snowhouse.ca\/wp-content\/uploads\/2025\/07\/46145.png?wsr\",\"datePublished\":\"2025-07-23T01:38:46+00:00\",\"dateModified\":\"2025-10-29T15:59:04+00:00\",\"description\":\"Keep artifacts away from your cell\",\"breadcrumb\":{\"@id\":\"https:\/\/snowhouse.ca\/fr\/produit\/potentiostats-galvanostats-fra\/electrochemistry-accessories\/fc-45-standard-faraday-cage\/#breadcrumb\"},\"inLanguage\":\"fr-CA\",\"potentialAction\":[{\"@type\":\"ReadAction\",\"target\":[\"https:\/\/snowhouse.ca\/fr\/produit\/potentiostats-galvanostats-fra\/electrochemistry-accessories\/fc-45-standard-faraday-cage\/\"]}]},{\"@type\":\"ImageObject\",\"inLanguage\":\"fr-CA\",\"@id\":\"https:\/\/snowhouse.ca\/fr\/produit\/potentiostats-galvanostats-fra\/electrochemistry-accessories\/fc-45-standard-faraday-cage\/#primaryimage\",\"url\":\"https:\/\/snowhouse.ca\/wp-content\/uploads\/2025\/07\/46145.png?wsr\",\"contentUrl\":\"https:\/\/snowhouse.ca\/wp-content\/uploads\/2025\/07\/46145.png?wsr\",\"width\":300,\"height\":292},{\"@type\":\"BreadcrumbList\",\"@id\":\"https:\/\/snowhouse.ca\/fr\/produit\/potentiostats-galvanostats-fra\/electrochemistry-accessories\/fc-45-standard-faraday-cage\/#breadcrumb\",\"itemListElement\":[{\"@type\":\"ListItem\",\"position\":1,\"name\":\"Home\",\"item\":\"https:\/\/snowhouse.ca\/\"},{\"@type\":\"ListItem\",\"position\":2,\"name\":\"Products\",\"item\":\"https:\/\/snowhouse.ca\/products\/\"},{\"@type\":\"ListItem\",\"position\":3,\"name\":\"FC-45 Faraday Cage\"}]},{\"@type\":\"WebSite\",\"@id\":\"https:\/\/snowhouse.ca\/#website\",\"url\":\"https:\/\/snowhouse.ca\/\",\"name\":\"SnowHouse\",\"description\":\"Trusted Scientific Instruments\",\"publisher\":{\"@id\":\"https:\/\/snowhouse.ca\/#organization\"},\"potentialAction\":[{\"@type\":\"SearchAction\",\"target\":{\"@type\":\"EntryPoint\",\"urlTemplate\":\"https:\/\/snowhouse.ca\/?s={search_term_string}\"},\"query-input\":{\"@type\":\"PropertyValueSpecification\",\"valueRequired\":true,\"valueName\":\"search_term_string\"}}],\"inLanguage\":\"fr-CA\"},{\"@type\":\"Organization\",\"@id\":\"https:\/\/snowhouse.ca\/#organization\",\"name\":\"Snowhouse inc.\",\"alternateName\":\"Snowhouse\",\"url\":\"https:\/\/snowhouse.ca\/\",\"logo\":{\"@type\":\"ImageObject\",\"inLanguage\":\"fr-CA\",\"@id\":\"https:\/\/snowhouse.ca\/#\/schema\/logo\/image\/\",\"url\":\"https:\/\/snowhouse.ca\/wp-content\/uploads\/2025\/07\/SnowHouse-Logo.png\",\"contentUrl\":\"https:\/\/snowhouse.ca\/wp-content\/uploads\/2025\/07\/SnowHouse-Logo.png\",\"width\":508,\"height\":136,\"caption\":\"Snowhouse inc.\"},\"image\":{\"@id\":\"https:\/\/snowhouse.ca\/#\/schema\/logo\/image\/\"}}]}<\/script>\n<!-- \/ Yoast SEO plugin. -->","yoast_head_json":{"title":"FC-45 Faraday Cage - SnowHouse","description":"Keep artifacts away from your cell","robots":{"index":"index","follow":"follow","max-snippet":"max-snippet:-1","max-image-preview":"max-image-preview:large","max-video-preview":"max-video-preview:-1"},"canonical":"https:\/\/snowhouse.ca\/fr\/produit\/potentiostats-galvanostats-fra\/electrochemistry-accessories\/fc-45-standard-faraday-cage\/","og_locale":"fr_CA","og_type":"article","og_title":"FC-45 Faraday Cage - SnowHouse","og_description":"Keep artifacts away from your cell","og_url":"https:\/\/snowhouse.ca\/fr\/produit\/potentiostats-galvanostats-fra\/electrochemistry-accessories\/fc-45-standard-faraday-cage\/","og_site_name":"SnowHouse","article_modified_time":"2025-10-29T15:59:04+00:00","og_image":[{"width":300,"height":292,"url":"https:\/\/snowhouse.ca\/wp-content\/uploads\/2025\/07\/46145.png","type":"image\/png"}],"twitter_card":"summary_large_image","twitter_misc":{"Estimation du temps de lecture":"2 minutes"},"schema":{"@context":"https:\/\/schema.org","@graph":[{"@type":"WebPage","@id":"https:\/\/snowhouse.ca\/fr\/produit\/potentiostats-galvanostats-fra\/electrochemistry-accessories\/fc-45-standard-faraday-cage\/","url":"https:\/\/snowhouse.ca\/fr\/produit\/potentiostats-galvanostats-fra\/electrochemistry-accessories\/fc-45-standard-faraday-cage\/","name":"FC-45 Faraday Cage - SnowHouse","isPartOf":{"@id":"https:\/\/snowhouse.ca\/#website"},"primaryImageOfPage":{"@id":"https:\/\/snowhouse.ca\/fr\/produit\/potentiostats-galvanostats-fra\/electrochemistry-accessories\/fc-45-standard-faraday-cage\/#primaryimage"},"image":{"@id":"https:\/\/snowhouse.ca\/fr\/produit\/potentiostats-galvanostats-fra\/electrochemistry-accessories\/fc-45-standard-faraday-cage\/#primaryimage"},"thumbnailUrl":"https:\/\/snowhouse.ca\/wp-content\/uploads\/2025\/07\/46145.png?wsr","datePublished":"2025-07-23T01:38:46+00:00","dateModified":"2025-10-29T15:59:04+00:00","description":"Keep artifacts away from your cell","breadcrumb":{"@id":"https:\/\/snowhouse.ca\/fr\/produit\/potentiostats-galvanostats-fra\/electrochemistry-accessories\/fc-45-standard-faraday-cage\/#breadcrumb"},"inLanguage":"fr-CA","potentialAction":[{"@type":"ReadAction","target":["https:\/\/snowhouse.ca\/fr\/produit\/potentiostats-galvanostats-fra\/electrochemistry-accessories\/fc-45-standard-faraday-cage\/"]}]},{"@type":"ImageObject","inLanguage":"fr-CA","@id":"https:\/\/snowhouse.ca\/fr\/produit\/potentiostats-galvanostats-fra\/electrochemistry-accessories\/fc-45-standard-faraday-cage\/#primaryimage","url":"https:\/\/snowhouse.ca\/wp-content\/uploads\/2025\/07\/46145.png?wsr","contentUrl":"https:\/\/snowhouse.ca\/wp-content\/uploads\/2025\/07\/46145.png?wsr","width":300,"height":292},{"@type":"BreadcrumbList","@id":"https:\/\/snowhouse.ca\/fr\/produit\/potentiostats-galvanostats-fra\/electrochemistry-accessories\/fc-45-standard-faraday-cage\/#breadcrumb","itemListElement":[{"@type":"ListItem","position":1,"name":"Home","item":"https:\/\/snowhouse.ca\/"},{"@type":"ListItem","position":2,"name":"Products","item":"https:\/\/snowhouse.ca\/products\/"},{"@type":"ListItem","position":3,"name":"FC-45 Faraday Cage"}]},{"@type":"WebSite","@id":"https:\/\/snowhouse.ca\/#website","url":"https:\/\/snowhouse.ca\/","name":"Maison de neige","description":"Instruments scientifiques de confiance","publisher":{"@id":"https:\/\/snowhouse.ca\/#organization"},"potentialAction":[{"@type":"SearchAction","target":{"@type":"EntryPoint","urlTemplate":"https:\/\/snowhouse.ca\/?s={search_term_string}"},"query-input":{"@type":"PropertyValueSpecification","valueRequired":true,"valueName":"search_term_string"}}],"inLanguage":"fr-CA"},{"@type":"Organization","@id":"https:\/\/snowhouse.ca\/#organization","name":"Snowhouse inc.","alternateName":"Snowhouse","url":"https:\/\/snowhouse.ca\/","logo":{"@type":"ImageObject","inLanguage":"fr-CA","@id":"https:\/\/snowhouse.ca\/#\/schema\/logo\/image\/","url":"https:\/\/snowhouse.ca\/wp-content\/uploads\/2025\/07\/SnowHouse-Logo.png","contentUrl":"https:\/\/snowhouse.ca\/wp-content\/uploads\/2025\/07\/SnowHouse-Logo.png","width":508,"height":136,"caption":"Snowhouse inc."},"image":{"@id":"https:\/\/snowhouse.ca\/#\/schema\/logo\/image\/"}}]}},"_links":{"self":[{"href":"https:\/\/snowhouse.ca\/fr\/wp-json\/wp\/v2\/product\/463","targetHints":{"allow":["GET"]}}],"collection":[{"href":"https:\/\/snowhouse.ca\/fr\/wp-json\/wp\/v2\/product"}],"about":[{"href":"https:\/\/snowhouse.ca\/fr\/wp-json\/wp\/v2\/types\/product"}],"wp:featuredmedia":[{"embeddable":true,"href":"https:\/\/snowhouse.ca\/fr\/wp-json\/wp\/v2\/media\/464"}],"wp:attachment":[{"href":"https:\/\/snowhouse.ca\/fr\/wp-json\/wp\/v2\/media?parent=463"}],"wp:term":[{"taxonomy":"product_brand","embeddable":true,"href":"https:\/\/snowhouse.ca\/fr\/wp-json\/wp\/v2\/product_brand?post=463"},{"taxonomy":"product_cat","embeddable":true,"href":"https:\/\/snowhouse.ca\/fr\/wp-json\/wp\/v2\/product_cat?post=463"},{"taxonomy":"product_tag","embeddable":true,"href":"https:\/\/snowhouse.ca\/fr\/wp-json\/wp\/v2\/product_tag?post=463"},{"taxonomy":"document","embeddable":true,"href":"https:\/\/snowhouse.ca\/fr\/wp-json\/wp\/v2\/document?post=463"}],"curies":[{"name":"wp","href":"https:\/\/api.w.org\/{rel}","templated":true}]}}