{"id":465,"date":"2025-07-23T01:38:46","date_gmt":"2025-07-23T01:38:46","guid":{"rendered":"https:\/\/snowhouse.ca\/produit\/cesh-controlled-environment-sample-holder\/"},"modified":"2026-03-10T20:57:23","modified_gmt":"2026-03-10T20:57:23","slug":"cesh-controlled-environment-sample-holder","status":"publish","type":"product","link":"https:\/\/snowhouse.ca\/fr\/produit\/potentiostats-galvanostats-fra\/add-on-instruments\/cesh-controlled-environment-sample-holder\/","title":{"rendered":"CESH-e"},"content":{"rendered":"<h3>CESH-e \u2013 Porte-\u00e9chantillon pour environnement contr\u00f4l\u00e9<\/h3>\n<p>Le porte-\u00e9chantillon \u00e0 environnement contr\u00f4l\u00e9 am\u00e9lior\u00e9 (CESH-e) est un porte-\u00e9chantillon \u00e0 plaques parall\u00e8les d\u00e9di\u00e9 \u00e0 la caract\u00e9risation \u00e9lectrique d&#039;\u00e9chantillons de mat\u00e9riaux plats dans la plage de temp\u00e9rature comprise entre -40 et 150 \u00b0C.<\/p>\n<h3>Un porte-\u00e9chantillon \u00e9tanche pour \u00e9tude en atmosph\u00e8re contr\u00f4l\u00e9e<\/h3>\n<p>Le porte-\u00e9chantillon pour environnement contr\u00f4l\u00e9 (CESH-e) est un porte-\u00e9chantillon \u00e9tanche (jusqu&#039;\u00e0 2 bar relatif) destin\u00e9 \u00e0 la caract\u00e9risation \u00e9lectrique de mat\u00e9riaux durs, pulv\u00e9rulents, p\u00e2teux et mous. Les \u00e9chantillons sensibles \u00e0 l&#039;oxyg\u00e8ne et \u00e0 l&#039;humidit\u00e9 peuvent \u00eatre pr\u00e9par\u00e9s en bo\u00eete \u00e0 gants puis plac\u00e9s dans le CESH-e. Ce dernier peut \u00eatre utilis\u00e9 seul ou int\u00e9gr\u00e9 \u00e0 un syst\u00e8me ITS-e ou \u00e0 une enceinte climatique.<\/p>\n<h3>Applications<\/h3>\n<ul>\n<li>Spectroscopie d&#039;imp\u00e9dance \u00e9lectrique<\/li>\n<li>Constante di\u00e9lectrique \/ pertes di\u00e9lectriques<\/li>\n<li>Mesures \u00e9lectriques dans le plan et \u00e0 travers le plan<\/li>\n<\/ul>\n<h3>Caract\u00e9ristiques<\/h3>\n<ul>\n<li>Plage de temp\u00e9ratures de fonctionnement : 40 \u00e0 150 \u00b0C<\/li>\n<li>Mat\u00e9riau du noyau : aluminium anodis\u00e9<\/li>\n<li>Mat\u00e9riau des \u00e9lectrodes : cuivre plaqu\u00e9 or<\/li>\n<li>Dimensions : diam\u00e8tre 79 mm x hauteur 94 mm (d\u00e9gagement de 121,90 mm)<\/li>\n<li>Diam\u00e8tre de l&#039;\u00e9chantillon jusqu&#039;\u00e0 30 mm<\/li>\n<li>\u00c9paisseur de l&#039;\u00e9chantillon jusqu&#039;\u00e0 4 mm<\/li>\n<li>Capacit\u00e9 r\u00e9siduelle pour un diam\u00e8tre de 20 mm = 8 pF<\/li>\n<li>Poids 900 g<\/li>\n<\/ul>","protected":false},"excerpt":{"rendered":"<p>Sample holder for flat material samples from -40 to 150 \u00b0C<\/p>","protected":false},"featured_media":2348,"template":"","meta":[],"product_brand":[550],"product_cat":[126,153],"product_tag":[],"document":[],"class_list":{"0":"post-465","1":"product","2":"type-product","3":"status-publish","4":"has-post-thumbnail","6":"product_brand-biologic","7":"product_cat-add-on-instruments","8":"product_cat-electrochemistry-accessories","10":"first","11":"instock","12":"purchasable","13":"product-type-simple"},"yoast_head":"<!-- This site is optimized with the Yoast SEO plugin v26.8 - https:\/\/yoast.com\/product\/yoast-seo-wordpress\/ -->\n<title>CESH-e - SnowHouse<\/title>\n<meta name=\"description\" content=\"An innovative, multi-use sample holder for electrical &amp; electrochemical characterization with high reproducibility\" \/>\n<meta name=\"robots\" content=\"index, follow, max-snippet:-1, max-image-preview:large, max-video-preview:-1\" \/>\n<link rel=\"canonical\" href=\"https:\/\/snowhouse.ca\/fr\/product\/potentiostats-galvanostats-fra\/add-on-instruments\/cesh-controlled-environment-sample-holder\/\" \/>\n<meta property=\"og:locale\" content=\"fr_CA\" \/>\n<meta property=\"og:type\" content=\"article\" \/>\n<meta property=\"og:title\" content=\"CESH-e - SnowHouse\" \/>\n<meta property=\"og:description\" content=\"An innovative, multi-use sample holder for electrical &amp; electrochemical characterization with high reproducibility\" \/>\n<meta property=\"og:url\" content=\"https:\/\/snowhouse.ca\/fr\/product\/potentiostats-galvanostats-fra\/add-on-instruments\/cesh-controlled-environment-sample-holder\/\" \/>\n<meta property=\"og:site_name\" content=\"SnowHouse\" \/>\n<meta property=\"article:modified_time\" content=\"2026-03-10T20:57:23+00:00\" \/>\n<meta property=\"og:image\" content=\"https:\/\/snowhouse.ca\/wp-content\/uploads\/2025\/07\/CESH-e.png?wsr\" \/>\n\t<meta property=\"og:image:width\" content=\"524\" \/>\n\t<meta property=\"og:image:height\" content=\"604\" \/>\n\t<meta property=\"og:image:type\" content=\"image\/png\" \/>\n<meta name=\"twitter:card\" content=\"summary_large_image\" \/>\n<meta name=\"twitter:label1\" content=\"Estimation du temps de lecture\" \/>\n\t<meta name=\"twitter:data1\" content=\"1 minute\" \/>\n<script type=\"application\/ld+json\" class=\"yoast-schema-graph\">{\"@context\":\"https:\/\/schema.org\",\"@graph\":[{\"@type\":\"WebPage\",\"@id\":\"https:\/\/snowhouse.ca\/product\/potentiostats-galvanostats-fra\/add-on-instruments\/cesh-controlled-environment-sample-holder\/\",\"url\":\"https:\/\/snowhouse.ca\/product\/potentiostats-galvanostats-fra\/add-on-instruments\/cesh-controlled-environment-sample-holder\/\",\"name\":\"CESH-e - SnowHouse\",\"isPartOf\":{\"@id\":\"https:\/\/snowhouse.ca\/#website\"},\"primaryImageOfPage\":{\"@id\":\"https:\/\/snowhouse.ca\/product\/potentiostats-galvanostats-fra\/add-on-instruments\/cesh-controlled-environment-sample-holder\/#primaryimage\"},\"image\":{\"@id\":\"https:\/\/snowhouse.ca\/product\/potentiostats-galvanostats-fra\/add-on-instruments\/cesh-controlled-environment-sample-holder\/#primaryimage\"},\"thumbnailUrl\":\"https:\/\/snowhouse.ca\/wp-content\/uploads\/2025\/07\/CESH-e.png?wsr\",\"datePublished\":\"2025-07-23T01:38:46+00:00\",\"dateModified\":\"2026-03-10T20:57:23+00:00\",\"description\":\"An innovative, multi-use sample holder for electrical & electrochemical characterization with high reproducibility\",\"breadcrumb\":{\"@id\":\"https:\/\/snowhouse.ca\/product\/potentiostats-galvanostats-fra\/add-on-instruments\/cesh-controlled-environment-sample-holder\/#breadcrumb\"},\"inLanguage\":\"fr-CA\",\"potentialAction\":[{\"@type\":\"ReadAction\",\"target\":[\"https:\/\/snowhouse.ca\/product\/potentiostats-galvanostats-fra\/add-on-instruments\/cesh-controlled-environment-sample-holder\/\"]}]},{\"@type\":\"ImageObject\",\"inLanguage\":\"fr-CA\",\"@id\":\"https:\/\/snowhouse.ca\/product\/potentiostats-galvanostats-fra\/add-on-instruments\/cesh-controlled-environment-sample-holder\/#primaryimage\",\"url\":\"https:\/\/snowhouse.ca\/wp-content\/uploads\/2025\/07\/CESH-e.png?wsr\",\"contentUrl\":\"https:\/\/snowhouse.ca\/wp-content\/uploads\/2025\/07\/CESH-e.png?wsr\",\"width\":524,\"height\":604,\"caption\":\"CESH-e enables the electrical characterization of flat material samples from -40 to 150 \u00b0C in controlled atmosphere, ideal for materials research.\"},{\"@type\":\"BreadcrumbList\",\"@id\":\"https:\/\/snowhouse.ca\/product\/potentiostats-galvanostats-fra\/add-on-instruments\/cesh-controlled-environment-sample-holder\/#breadcrumb\",\"itemListElement\":[{\"@type\":\"ListItem\",\"position\":1,\"name\":\"Home\",\"item\":\"https:\/\/snowhouse.ca\/\"},{\"@type\":\"ListItem\",\"position\":2,\"name\":\"Products\",\"item\":\"https:\/\/snowhouse.ca\/products\/\"},{\"@type\":\"ListItem\",\"position\":3,\"name\":\"CESH-e\"}]},{\"@type\":\"WebSite\",\"@id\":\"https:\/\/snowhouse.ca\/#website\",\"url\":\"https:\/\/snowhouse.ca\/\",\"name\":\"SnowHouse\",\"description\":\"Trusted Scientific Instruments\",\"publisher\":{\"@id\":\"https:\/\/snowhouse.ca\/#organization\"},\"potentialAction\":[{\"@type\":\"SearchAction\",\"target\":{\"@type\":\"EntryPoint\",\"urlTemplate\":\"https:\/\/snowhouse.ca\/?s={search_term_string}\"},\"query-input\":{\"@type\":\"PropertyValueSpecification\",\"valueRequired\":true,\"valueName\":\"search_term_string\"}}],\"inLanguage\":\"fr-CA\"},{\"@type\":\"Organization\",\"@id\":\"https:\/\/snowhouse.ca\/#organization\",\"name\":\"Snowhouse inc.\",\"alternateName\":\"Snowhouse\",\"url\":\"https:\/\/snowhouse.ca\/\",\"logo\":{\"@type\":\"ImageObject\",\"inLanguage\":\"fr-CA\",\"@id\":\"https:\/\/snowhouse.ca\/#\/schema\/logo\/image\/\",\"url\":\"https:\/\/snowhouse.ca\/wp-content\/uploads\/2025\/07\/SnowHouse-Logo.png\",\"contentUrl\":\"https:\/\/snowhouse.ca\/wp-content\/uploads\/2025\/07\/SnowHouse-Logo.png\",\"width\":508,\"height\":136,\"caption\":\"Snowhouse inc.\"},\"image\":{\"@id\":\"https:\/\/snowhouse.ca\/#\/schema\/logo\/image\/\"}}]}<\/script>\n<!-- \/ Yoast SEO plugin. -->","yoast_head_json":{"title":"CESH-e - SnowHouse","description":"An innovative, multi-use sample holder for electrical & electrochemical characterization with high reproducibility","robots":{"index":"index","follow":"follow","max-snippet":"max-snippet:-1","max-image-preview":"max-image-preview:large","max-video-preview":"max-video-preview:-1"},"canonical":"https:\/\/snowhouse.ca\/fr\/product\/potentiostats-galvanostats-fra\/add-on-instruments\/cesh-controlled-environment-sample-holder\/","og_locale":"fr_CA","og_type":"article","og_title":"CESH-e - SnowHouse","og_description":"An innovative, multi-use sample holder for electrical & electrochemical characterization with high reproducibility","og_url":"https:\/\/snowhouse.ca\/fr\/product\/potentiostats-galvanostats-fra\/add-on-instruments\/cesh-controlled-environment-sample-holder\/","og_site_name":"SnowHouse","article_modified_time":"2026-03-10T20:57:23+00:00","og_image":[{"width":524,"height":604,"url":"https:\/\/snowhouse.ca\/wp-content\/uploads\/2025\/07\/CESH-e.png?wsr","type":"image\/png"}],"twitter_card":"summary_large_image","twitter_misc":{"Estimation du temps de lecture":"1 minute"},"schema":{"@context":"https:\/\/schema.org","@graph":[{"@type":"WebPage","@id":"https:\/\/snowhouse.ca\/product\/potentiostats-galvanostats-fra\/add-on-instruments\/cesh-controlled-environment-sample-holder\/","url":"https:\/\/snowhouse.ca\/product\/potentiostats-galvanostats-fra\/add-on-instruments\/cesh-controlled-environment-sample-holder\/","name":"CESH-e - SnowHouse","isPartOf":{"@id":"https:\/\/snowhouse.ca\/#website"},"primaryImageOfPage":{"@id":"https:\/\/snowhouse.ca\/product\/potentiostats-galvanostats-fra\/add-on-instruments\/cesh-controlled-environment-sample-holder\/#primaryimage"},"image":{"@id":"https:\/\/snowhouse.ca\/product\/potentiostats-galvanostats-fra\/add-on-instruments\/cesh-controlled-environment-sample-holder\/#primaryimage"},"thumbnailUrl":"https:\/\/snowhouse.ca\/wp-content\/uploads\/2025\/07\/CESH-e.png?wsr","datePublished":"2025-07-23T01:38:46+00:00","dateModified":"2026-03-10T20:57:23+00:00","description":"An innovative, multi-use sample holder for electrical & electrochemical characterization with high reproducibility","breadcrumb":{"@id":"https:\/\/snowhouse.ca\/product\/potentiostats-galvanostats-fra\/add-on-instruments\/cesh-controlled-environment-sample-holder\/#breadcrumb"},"inLanguage":"fr-CA","potentialAction":[{"@type":"ReadAction","target":["https:\/\/snowhouse.ca\/product\/potentiostats-galvanostats-fra\/add-on-instruments\/cesh-controlled-environment-sample-holder\/"]}]},{"@type":"ImageObject","inLanguage":"fr-CA","@id":"https:\/\/snowhouse.ca\/product\/potentiostats-galvanostats-fra\/add-on-instruments\/cesh-controlled-environment-sample-holder\/#primaryimage","url":"https:\/\/snowhouse.ca\/wp-content\/uploads\/2025\/07\/CESH-e.png?wsr","contentUrl":"https:\/\/snowhouse.ca\/wp-content\/uploads\/2025\/07\/CESH-e.png?wsr","width":524,"height":604,"caption":"CESH-e enables the electrical characterization of flat material samples from -40 to 150 \u00b0C in controlled atmosphere, ideal for materials research."},{"@type":"BreadcrumbList","@id":"https:\/\/snowhouse.ca\/product\/potentiostats-galvanostats-fra\/add-on-instruments\/cesh-controlled-environment-sample-holder\/#breadcrumb","itemListElement":[{"@type":"ListItem","position":1,"name":"Home","item":"https:\/\/snowhouse.ca\/"},{"@type":"ListItem","position":2,"name":"Products","item":"https:\/\/snowhouse.ca\/products\/"},{"@type":"ListItem","position":3,"name":"CESH-e"}]},{"@type":"WebSite","@id":"https:\/\/snowhouse.ca\/#website","url":"https:\/\/snowhouse.ca\/","name":"Maison de neige","description":"Instruments scientifiques de confiance","publisher":{"@id":"https:\/\/snowhouse.ca\/#organization"},"potentialAction":[{"@type":"SearchAction","target":{"@type":"EntryPoint","urlTemplate":"https:\/\/snowhouse.ca\/?s={search_term_string}"},"query-input":{"@type":"PropertyValueSpecification","valueRequired":true,"valueName":"search_term_string"}}],"inLanguage":"fr-CA"},{"@type":"Organization","@id":"https:\/\/snowhouse.ca\/#organization","name":"Snowhouse inc.","alternateName":"Snowhouse","url":"https:\/\/snowhouse.ca\/","logo":{"@type":"ImageObject","inLanguage":"fr-CA","@id":"https:\/\/snowhouse.ca\/#\/schema\/logo\/image\/","url":"https:\/\/snowhouse.ca\/wp-content\/uploads\/2025\/07\/SnowHouse-Logo.png","contentUrl":"https:\/\/snowhouse.ca\/wp-content\/uploads\/2025\/07\/SnowHouse-Logo.png","width":508,"height":136,"caption":"Snowhouse inc."},"image":{"@id":"https:\/\/snowhouse.ca\/#\/schema\/logo\/image\/"}}]}},"_links":{"self":[{"href":"https:\/\/snowhouse.ca\/fr\/wp-json\/wp\/v2\/product\/465","targetHints":{"allow":["GET"]}}],"collection":[{"href":"https:\/\/snowhouse.ca\/fr\/wp-json\/wp\/v2\/product"}],"about":[{"href":"https:\/\/snowhouse.ca\/fr\/wp-json\/wp\/v2\/types\/product"}],"wp:featuredmedia":[{"embeddable":true,"href":"https:\/\/snowhouse.ca\/fr\/wp-json\/wp\/v2\/media\/2348"}],"wp:attachment":[{"href":"https:\/\/snowhouse.ca\/fr\/wp-json\/wp\/v2\/media?parent=465"}],"wp:term":[{"taxonomy":"product_brand","embeddable":true,"href":"https:\/\/snowhouse.ca\/fr\/wp-json\/wp\/v2\/product_brand?post=465"},{"taxonomy":"product_cat","embeddable":true,"href":"https:\/\/snowhouse.ca\/fr\/wp-json\/wp\/v2\/product_cat?post=465"},{"taxonomy":"product_tag","embeddable":true,"href":"https:\/\/snowhouse.ca\/fr\/wp-json\/wp\/v2\/product_tag?post=465"},{"taxonomy":"document","embeddable":true,"href":"https:\/\/snowhouse.ca\/fr\/wp-json\/wp\/v2\/document?post=465"}],"curies":[{"name":"wp","href":"https:\/\/api.w.org\/{rel}","templated":true}]}}