{"id":479,"date":"2025-07-23T01:38:46","date_gmt":"2025-07-23T01:38:46","guid":{"rendered":"https:\/\/snowhouse.ca\/produit\/1-m470-secm-the-most-advanced-scanning-probe-electrochemical-workstation\/"},"modified":"2025-11-14T16:06:24","modified_gmt":"2025-11-14T16:06:24","slug":"1-m470-secm-the-most-advanced-scanning-probe-electrochemical-workstation","status":"publish","type":"product","link":"https:\/\/snowhouse.ca\/fr\/produit\/material-characterization\/scanning-electrochemical-workstation\/1-m470-secm-the-most-advanced-scanning-probe-electrochemical-workstation\/","title":{"rendered":"M470 &#8211; Scanning Echem"},"content":{"rendered":"<h3><strong><u>M470 - SECM - Station de travail \u00e9lectrochimique \u00e0 sonde de balayage<\/u><\/strong><\/h3>\n<h3><strong>\u00ab La station de travail \u00e9lectrochimique \u00e0 sonde de balayage la plus avanc\u00e9e au monde \u00bb<\/strong><\/h3>\n<p>Toutes les techniques d&#039;\u00e9lectrochimie par sonde \u00e0 balayage se caract\u00e9risent par la visualisation des propri\u00e9t\u00e9s \u00e9lectrochimiques locales. Contrairement aux mesures \u00e9lectrochimiques globales, qui fournissent une moyenne des caract\u00e9ristiques \u00e9lectrochimiques d&#039;un \u00e9chantillon, l&#039;\u00e9lectrochimie par sonde \u00e0 balayage permet de corr\u00e9ler les caract\u00e9ristiques de l&#039;\u00e9chantillon et leurs propri\u00e9t\u00e9s \u00e9lectrochimiques. Ceci permet aux utilisateurs de mieux comprendre les causes des ph\u00e9nom\u00e8nes \u00e9lectrochimiques observ\u00e9s dans le syst\u00e8me global. De plus, ils peuvent appr\u00e9hender l&#039;influence de diff\u00e9rentes caract\u00e9ristiques de l&#039;\u00e9chantillon, telles que les marches et les joints de grains, sur les propri\u00e9t\u00e9s \u00e9lectrochimiques globales.<\/p>\n<h3>\u00c9lectrochimie par sonde \u00e0 balayage sur le M470<\/h3>\n<p>L&#039;\u00e9lectrochimie par sonde \u00e0 balayage englobe un ensemble de techniques qui fournissent des informations compl\u00e9mentaires. Le M470 permet d&#039;effectuer la microscopie \u00e9lectrochimique \u00e0 balayage (SECM), la SECM \u00e0 contact intermittent (ic-SECM), la spectroscopie d&#039;imp\u00e9dance \u00e9lectrochimique localis\u00e9e (LEIS), la technique de l&#039;\u00e9lectrode vibrante \u00e0 balayage (SVET) (\u00e9galement appel\u00e9e sonde vibrante), la sonde Kelvin \u00e0 balayage (SKP), la cellule \u00e0 gouttelette \u00e0 balayage (SDC) et le profilage optique de surface (OSP). Gr\u00e2ce \u00e0 une s\u00e9lection des diff\u00e9rents modules, un chercheur peut \u00e9tudier\u00a0:<\/p>\n<ul>\n<li>Activit\u00e9 de surface<\/li>\n<li>Imp\u00e9dance locale<\/li>\n<li>Potentiel local<\/li>\n<li>Courant local<\/li>\n<li>Topographie<\/li>\n<\/ul>\n<p>La combinaison de ces \u00e9l\u00e9ments permet d&#039;obtenir une description compl\u00e8te de l&#039;\u00e9chantillon \u00e9tudi\u00e9.<\/p>\n<p>L&#039;\u00e9lectrochimie \u00e0 sonde locale trouve des applications dans tous les domaines o\u00f9 les chercheurs souhaitent approfondir leur compr\u00e9hension des facteurs contribuant \u00e0 l&#039;\u00e9lectrochimie globale mesur\u00e9e. Elle est solidement \u00e9tablie dans la recherche sur la corrosion, notamment pour comprendre l&#039;origine et le m\u00e9canisme des processus de corrosion. Dans ce domaine, les techniques \u00e9lectrochimiques \u00e0 sonde locale sont \u00e9galement utilis\u00e9es pour d\u00e9terminer l&#039;efficacit\u00e9 d&#039;un traitement ou d&#039;un rev\u00eatement et identifier les am\u00e9liorations possibles pour passiver davantage un syst\u00e8me. En biologie, l&#039;\u00e9lectrochimie \u00e0 sonde locale est employ\u00e9e pour \u00e9tudier les cellules vivantes, et plus particuli\u00e8rement pour le criblage de biocapteurs. Dans le secteur de l&#039;\u00e9nergie, elle est utilis\u00e9e pour l&#039;\u00e9tude des batteries, des piles \u00e0 combustible et des cellules photovolta\u00efques. La science des mat\u00e9riaux b\u00e9n\u00e9ficie \u00e9galement de l&#039;\u00e9lectrochimie \u00e0 sonde locale, qui a m\u00eame \u00e9t\u00e9 utilis\u00e9e pour \u00e9tudier les mat\u00e9riaux bidimensionnels.<\/p>\n<h3>Pr\u00e9sentation : Un instrument enti\u00e8rement modulaire pour une exp\u00e9rience d&#039;\u00e9lectrochimie \u00e0 sonde \u00e0 balayage totalement personnalisable.<\/h3>\n<ul>\n<li>9 techniques issues de 7 modules<\/li>\n<li>Gamme compl\u00e8te d&#039;accessoires pour personnaliser le dispositif exp\u00e9rimental<\/li>\n<li>Plage de balayage de 110 mm sur les 3 axes<\/li>\n<li>Mesures de hauteur et de distance constantes disponibles<\/li>\n<\/ul>\n<h3><strong>Enti\u00e8rement modulaire et \u00e9volutif<\/strong><\/h3>\n<p>Le M470 est la quatri\u00e8me g\u00e9n\u00e9ration d&#039;instruments d&#039;\u00e9lectrochimie \u00e0 sonde \u00e0 balayage propos\u00e9e par Bio-Logic. S&#039;appuyant sur les g\u00e9n\u00e9rations pr\u00e9c\u00e9dentes, le M470 offre une flexibilit\u00e9 in\u00e9gal\u00e9e. Les utilisateurs peuvent choisir parmi sept types de modules diff\u00e9rents pour r\u00e9aliser neuf techniques de sonde \u00e0 balayage distinctes. Ils ont ainsi acc\u00e8s \u00e0 un large \u00e9ventail d&#039;informations, de la topographie \u00e0 l&#039;activit\u00e9 \u00e9lectrochimique en passant par le courant de l&#039;\u00e9chantillon. Le M470 s&#039;adapte dynamiquement aux besoins des chercheurs. Sa modularit\u00e9 permet d&#039;ajouter des techniques suppl\u00e9mentaires en fonction de l&#039;\u00e9volution des besoins exp\u00e9rimentaux. L&#039;\u00e9lectronique de tous les modules est int\u00e9gr\u00e9e \u00e0 la m\u00eame unit\u00e9 de contr\u00f4le, ce qui permet d&#039;enrichir le catalogue de techniques sans augmenter l&#039;encombrement de l&#039;instrument. Une gamme compl\u00e8te de sondes et d&#039;accessoires est \u00e9galement disponible pour permettre aux utilisateurs d&#039;optimiser le M470 et de r\u00e9pondre pr\u00e9cis\u00e9ment \u00e0 leurs exigences exp\u00e9rimentales.<\/p>\n<h3><strong>\u00c9tape de num\u00e9risation\u2026 Haute r\u00e9solution et haute pr\u00e9cision<\/strong><\/h3>\n<p>La platine de balayage M470 a \u00e9t\u00e9 con\u00e7ue pour les mesures d&#039;\u00e9lectrochimie par sonde \u00e0 balayage. Elle garantit des mesures de haute r\u00e9solution et de grande pr\u00e9cision. Son mouvement est parfaitement reproductible, sans hyst\u00e9r\u00e9sis. Elle conserve une trajectoire rectiligne, \u00e9vitant ainsi toute torsion hors de son axe de d\u00e9placement.\u00a0<em>\u00a0<\/em>Les interf\u00e9rences entre les trois axes sont \u00e9vit\u00e9es. Le M470 utilise un syst\u00e8me de positionnement en boucle ferm\u00e9e. La combinaison de ces \u00e9l\u00e9ments permet \u00e0 la platine de balayage du M470 d&#039;effectuer des mesures haute r\u00e9solution et haute pr\u00e9cision, exemptes d&#039;artefacts li\u00e9s au syst\u00e8me de positionnement.<\/p>\n<h3><strong>Le logiciel permet la conception d&#039;exp\u00e9riences gr\u00e2ce \u00e0 l&#039;utilisation de s\u00e9quences et de macros.<\/strong><\/h3>\n<p>Chaque exp\u00e9rience est unique. C&#039;est pourquoi le logiciel M470 propose plusieurs outils pour faciliter la conception des exp\u00e9riences. L&#039;option \u00ab\u00a0S\u00e9quence d&#039;exp\u00e9riences\u00a0\u00bb permet d&#039;ex\u00e9cuter automatiquement une s\u00e9rie d&#039;exp\u00e9riences et d&#039;\u00e9tapes logiques. Les utilisateurs ont ainsi acc\u00e8s \u00e0 toutes les exp\u00e9riences disponibles sur leur M470, ainsi qu&#039;aux mouvements et d\u00e9lais de la platine de balayage. Il est \u00e9galement possible de cr\u00e9er des exp\u00e9riences personnalis\u00e9es pour le M470 gr\u00e2ce \u00e0 son langage macro enti\u00e8rement programmable. Enfin, l&#039;exp\u00e9rience SECM modulaire offre une plus grande flexibilit\u00e9 dans la configuration des exp\u00e9riences.<\/p>\n<p>&nbsp;<\/p>\n<h3>Techniques disponibles<\/h3>\n<h3>SECM470<\/h3>\n<p>Le\u00a0<a href=\"https:\/\/biologic.net\/products\/ac-dc-secm-m470\/\">SECM470<\/a>\u00a0Ce module inclut les techniques dc-SECM et ac-SECM. La technique dc-SECM utilise un m\u00e9diateur redox pour mesurer l&#039;activit\u00e9 \u00e9lectrochimique locale de l&#039;\u00e9chantillon \u00e0 hauteur constante. La technique ac-SECM mesure \u00e9galement l&#039;activit\u00e9 locale de l&#039;\u00e9chantillon \u00e0 hauteur constante. L&#039;imp\u00e9dance \u00e9tant mesur\u00e9e, aucun m\u00e9diateur redox n&#039;est n\u00e9cessaire. La technique ac-SECM peut \u00e9galement \u00eatre utilis\u00e9e pour mesurer des spectres EIS individuels.<\/p>\n<h3>ic-SECM470<\/h3>\n<p><a href=\"https:\/\/biologic.net\/products\/ic-secm-m470\/\">ic-SECM470<\/a>\u00a0Inclut les modes ic-dc-SECM et ic-ac-SECM. L&#039;option ic-SECM470 permet de mesurer l&#039;activit\u00e9 et la topographie locales d&#039;un \u00e9chantillon avec une s\u00e9lectivit\u00e9 chimique, \u00e0 distance constante entre la sonde et l&#039;\u00e9chantillon. Une seule exp\u00e9rience permet d&#039;obtenir une carte de l&#039;activit\u00e9 et de la topographie de l&#039;\u00e9chantillon.<\/p>\n<h3>LEIS470<\/h3>\n<p><a href=\"https:\/\/biologic.net\/products\/leis-m470\/\">LEIS470<\/a>\u00a0Permet des mesures LEIS et LEIM (microscopie d&#039;imp\u00e9dance \u00e9lectrochimique locale). En LEIS, les spectres d&#039;imp\u00e9dance sont mesur\u00e9s point par point. En LEIM, les diff\u00e9rences d&#039;imp\u00e9dance locales peuvent \u00eatre cartographi\u00e9es selon les axes x et y \u00e0 une fr\u00e9quence alternative unique.<\/p>\n<h3>SVP470<\/h3>\n<p><a href=\"https:\/\/biologic.net\/products\/svet-vibrating-probe-m470\/\">SVP470<\/a>\u00a0Elle r\u00e9alise des exp\u00e9riences de type SVET (Scanning Vibrating Electrode Technique\/Vibrating Probe). La technique SVET permet de mesurer la distribution locale du courant dans un \u00e9chantillon immerg\u00e9 dans un \u00e9lectrolyte.<\/p>\n<h3>SKP470<\/h3>\n<p><a href=\"https:\/\/biologic.net\/products\/skp-m470\/\">SKP470<\/a>\u00a0L&#039;appareil SKP470 r\u00e9alise les exp\u00e9riences SKP. Gr\u00e2ce \u00e0 la technique SKP, le potentiel Volta, directement li\u00e9 au travail de sortie de l&#039;\u00e9chantillon, peut \u00eatre mesur\u00e9 sans contact ni exposition \u00e0 l&#039;\u00e9lectrolyte. Le SKP470 int\u00e8gre \u00e9galement deux techniques topographiques pour les mesures SKP \u00e0 distance constante.<\/p>\n<h3>SDS470<\/h3>\n<p>En utilisant le\u00a0<a href=\"https:\/\/biologic.net\/products\/ac-dc-sdc-m470\/\">SDS470<\/a>\u00a0Des mesures SDC en courant alternatif et continu peuvent \u00eatre r\u00e9alis\u00e9es. Gr\u00e2ce \u00e0 la technologie SDC, des mesures \u00e9lectrochimiques et d&#039;imp\u00e9dance directes peuvent \u00eatre effectu\u00e9es au sein d&#039;une gouttelette, laquelle peut \u00e9galement se d\u00e9placer sur une surface.<\/p>\n<h3>OSP470<\/h3>\n<p>Le\u00a0<a href=\"https:\/\/biologic.net\/products\/osp-m470\/\">OSP470<\/a>\u00a0Ce module exploite la lumi\u00e8re diffract\u00e9e d&#039;un faisceau laser pour r\u00e9aliser des mesures OSP. L&#039;OSP est ainsi une m\u00e9thode de mesure topographique sans contact et \u00e0 haute vitesse. Les r\u00e9sultats des mesures OSP470 peuvent \u00eatre utilis\u00e9s dans toutes les mesures de suivi d&#039;altitude M470 afin de permettre des mesures de distance constante.<\/p>","protected":false},"excerpt":{"rendered":"<p>Allowing users to exploit 9 local electrochemistry techniques.<\/p>","protected":false},"featured_media":480,"template":"","meta":[],"product_brand":[550],"product_cat":[84],"product_tag":[],"document":[],"class_list":{"0":"post-479","1":"product","2":"type-product","3":"status-publish","4":"has-post-thumbnail","6":"product_brand-biologic","7":"product_cat-scanning-electrochemical-workstation","9":"first","10":"instock","11":"purchasable","12":"product-type-simple"},"yoast_head":"<!-- This site is optimized with the Yoast SEO plugin v26.8 - https:\/\/yoast.com\/product\/yoast-seo-wordpress\/ -->\n<title>M470 - Scanning Echem - SnowHouse<\/title>\n<meta name=\"robots\" content=\"index, follow, max-snippet:-1, max-image-preview:large, max-video-preview:-1\" \/>\n<link rel=\"canonical\" href=\"https:\/\/snowhouse.ca\/fr\/produit\/material-characterization\/scanning-electrochemical-workstation\/1-m470-secm-the-most-advanced-scanning-probe-electrochemical-workstation\/\" \/>\n<meta property=\"og:locale\" content=\"fr_CA\" \/>\n<meta property=\"og:type\" content=\"article\" \/>\n<meta property=\"og:title\" content=\"M470 - Scanning Echem - SnowHouse\" \/>\n<meta property=\"og:description\" content=\"Allowing users to exploit 9 local electrochemistry techniques.\" \/>\n<meta property=\"og:url\" content=\"https:\/\/snowhouse.ca\/fr\/produit\/material-characterization\/scanning-electrochemical-workstation\/1-m470-secm-the-most-advanced-scanning-probe-electrochemical-workstation\/\" \/>\n<meta property=\"og:site_name\" content=\"SnowHouse\" \/>\n<meta property=\"article:modified_time\" content=\"2025-11-14T16:06:24+00:00\" \/>\n<meta property=\"og:image\" content=\"https:\/\/snowhouse.ca\/wp-content\/uploads\/2025\/07\/77699.png\" \/>\n\t<meta property=\"og:image:width\" content=\"500\" \/>\n\t<meta property=\"og:image:height\" content=\"250\" \/>\n\t<meta property=\"og:image:type\" content=\"image\/png\" \/>\n<meta name=\"twitter:card\" content=\"summary_large_image\" \/>\n<meta name=\"twitter:label1\" content=\"Estimation du temps de lecture\" \/>\n\t<meta name=\"twitter:data1\" content=\"5 minutes\" \/>\n<script type=\"application\/ld+json\" class=\"yoast-schema-graph\">{\"@context\":\"https:\/\/schema.org\",\"@graph\":[{\"@type\":\"WebPage\",\"@id\":\"https:\/\/snowhouse.ca\/fr\/produit\/material-characterization\/scanning-electrochemical-workstation\/1-m470-secm-the-most-advanced-scanning-probe-electrochemical-workstation\/\",\"url\":\"https:\/\/snowhouse.ca\/fr\/produit\/material-characterization\/scanning-electrochemical-workstation\/1-m470-secm-the-most-advanced-scanning-probe-electrochemical-workstation\/\",\"name\":\"M470 - Scanning Echem - SnowHouse\",\"isPartOf\":{\"@id\":\"https:\/\/snowhouse.ca\/#website\"},\"primaryImageOfPage\":{\"@id\":\"https:\/\/snowhouse.ca\/fr\/produit\/material-characterization\/scanning-electrochemical-workstation\/1-m470-secm-the-most-advanced-scanning-probe-electrochemical-workstation\/#primaryimage\"},\"image\":{\"@id\":\"https:\/\/snowhouse.ca\/fr\/produit\/material-characterization\/scanning-electrochemical-workstation\/1-m470-secm-the-most-advanced-scanning-probe-electrochemical-workstation\/#primaryimage\"},\"thumbnailUrl\":\"https:\/\/snowhouse.ca\/wp-content\/uploads\/2025\/07\/77699.png?wsr\",\"datePublished\":\"2025-07-23T01:38:46+00:00\",\"dateModified\":\"2025-11-14T16:06:24+00:00\",\"breadcrumb\":{\"@id\":\"https:\/\/snowhouse.ca\/fr\/produit\/material-characterization\/scanning-electrochemical-workstation\/1-m470-secm-the-most-advanced-scanning-probe-electrochemical-workstation\/#breadcrumb\"},\"inLanguage\":\"fr-CA\",\"potentialAction\":[{\"@type\":\"ReadAction\",\"target\":[\"https:\/\/snowhouse.ca\/fr\/produit\/material-characterization\/scanning-electrochemical-workstation\/1-m470-secm-the-most-advanced-scanning-probe-electrochemical-workstation\/\"]}]},{\"@type\":\"ImageObject\",\"inLanguage\":\"fr-CA\",\"@id\":\"https:\/\/snowhouse.ca\/fr\/produit\/material-characterization\/scanning-electrochemical-workstation\/1-m470-secm-the-most-advanced-scanning-probe-electrochemical-workstation\/#primaryimage\",\"url\":\"https:\/\/snowhouse.ca\/wp-content\/uploads\/2025\/07\/77699.png?wsr\",\"contentUrl\":\"https:\/\/snowhouse.ca\/wp-content\/uploads\/2025\/07\/77699.png?wsr\",\"width\":500,\"height\":250},{\"@type\":\"BreadcrumbList\",\"@id\":\"https:\/\/snowhouse.ca\/fr\/produit\/material-characterization\/scanning-electrochemical-workstation\/1-m470-secm-the-most-advanced-scanning-probe-electrochemical-workstation\/#breadcrumb\",\"itemListElement\":[{\"@type\":\"ListItem\",\"position\":1,\"name\":\"Home\",\"item\":\"https:\/\/snowhouse.ca\/\"},{\"@type\":\"ListItem\",\"position\":2,\"name\":\"Products\",\"item\":\"https:\/\/snowhouse.ca\/products\/\"},{\"@type\":\"ListItem\",\"position\":3,\"name\":\"M470 &#8211; Scanning Echem\"}]},{\"@type\":\"WebSite\",\"@id\":\"https:\/\/snowhouse.ca\/#website\",\"url\":\"https:\/\/snowhouse.ca\/\",\"name\":\"SnowHouse\",\"description\":\"Trusted Scientific Instruments\",\"publisher\":{\"@id\":\"https:\/\/snowhouse.ca\/#organization\"},\"potentialAction\":[{\"@type\":\"SearchAction\",\"target\":{\"@type\":\"EntryPoint\",\"urlTemplate\":\"https:\/\/snowhouse.ca\/?s={search_term_string}\"},\"query-input\":{\"@type\":\"PropertyValueSpecification\",\"valueRequired\":true,\"valueName\":\"search_term_string\"}}],\"inLanguage\":\"fr-CA\"},{\"@type\":\"Organization\",\"@id\":\"https:\/\/snowhouse.ca\/#organization\",\"name\":\"Snowhouse inc.\",\"alternateName\":\"Snowhouse\",\"url\":\"https:\/\/snowhouse.ca\/\",\"logo\":{\"@type\":\"ImageObject\",\"inLanguage\":\"fr-CA\",\"@id\":\"https:\/\/snowhouse.ca\/#\/schema\/logo\/image\/\",\"url\":\"https:\/\/snowhouse.ca\/wp-content\/uploads\/2025\/07\/SnowHouse-Logo.png\",\"contentUrl\":\"https:\/\/snowhouse.ca\/wp-content\/uploads\/2025\/07\/SnowHouse-Logo.png\",\"width\":508,\"height\":136,\"caption\":\"Snowhouse inc.\"},\"image\":{\"@id\":\"https:\/\/snowhouse.ca\/#\/schema\/logo\/image\/\"}}]}<\/script>\n<!-- \/ Yoast SEO plugin. -->","yoast_head_json":{"title":"M470 - Scanning Echem - SnowHouse","robots":{"index":"index","follow":"follow","max-snippet":"max-snippet:-1","max-image-preview":"max-image-preview:large","max-video-preview":"max-video-preview:-1"},"canonical":"https:\/\/snowhouse.ca\/fr\/produit\/material-characterization\/scanning-electrochemical-workstation\/1-m470-secm-the-most-advanced-scanning-probe-electrochemical-workstation\/","og_locale":"fr_CA","og_type":"article","og_title":"M470 - Scanning Echem - SnowHouse","og_description":"Allowing users to exploit 9 local electrochemistry techniques.","og_url":"https:\/\/snowhouse.ca\/fr\/produit\/material-characterization\/scanning-electrochemical-workstation\/1-m470-secm-the-most-advanced-scanning-probe-electrochemical-workstation\/","og_site_name":"SnowHouse","article_modified_time":"2025-11-14T16:06:24+00:00","og_image":[{"width":500,"height":250,"url":"https:\/\/snowhouse.ca\/wp-content\/uploads\/2025\/07\/77699.png","type":"image\/png"}],"twitter_card":"summary_large_image","twitter_misc":{"Estimation du temps de lecture":"5 minutes"},"schema":{"@context":"https:\/\/schema.org","@graph":[{"@type":"WebPage","@id":"https:\/\/snowhouse.ca\/fr\/produit\/material-characterization\/scanning-electrochemical-workstation\/1-m470-secm-the-most-advanced-scanning-probe-electrochemical-workstation\/","url":"https:\/\/snowhouse.ca\/fr\/produit\/material-characterization\/scanning-electrochemical-workstation\/1-m470-secm-the-most-advanced-scanning-probe-electrochemical-workstation\/","name":"M470 - Scanning Echem - SnowHouse","isPartOf":{"@id":"https:\/\/snowhouse.ca\/#website"},"primaryImageOfPage":{"@id":"https:\/\/snowhouse.ca\/fr\/produit\/material-characterization\/scanning-electrochemical-workstation\/1-m470-secm-the-most-advanced-scanning-probe-electrochemical-workstation\/#primaryimage"},"image":{"@id":"https:\/\/snowhouse.ca\/fr\/produit\/material-characterization\/scanning-electrochemical-workstation\/1-m470-secm-the-most-advanced-scanning-probe-electrochemical-workstation\/#primaryimage"},"thumbnailUrl":"https:\/\/snowhouse.ca\/wp-content\/uploads\/2025\/07\/77699.png?wsr","datePublished":"2025-07-23T01:38:46+00:00","dateModified":"2025-11-14T16:06:24+00:00","breadcrumb":{"@id":"https:\/\/snowhouse.ca\/fr\/produit\/material-characterization\/scanning-electrochemical-workstation\/1-m470-secm-the-most-advanced-scanning-probe-electrochemical-workstation\/#breadcrumb"},"inLanguage":"fr-CA","potentialAction":[{"@type":"ReadAction","target":["https:\/\/snowhouse.ca\/fr\/produit\/material-characterization\/scanning-electrochemical-workstation\/1-m470-secm-the-most-advanced-scanning-probe-electrochemical-workstation\/"]}]},{"@type":"ImageObject","inLanguage":"fr-CA","@id":"https:\/\/snowhouse.ca\/fr\/produit\/material-characterization\/scanning-electrochemical-workstation\/1-m470-secm-the-most-advanced-scanning-probe-electrochemical-workstation\/#primaryimage","url":"https:\/\/snowhouse.ca\/wp-content\/uploads\/2025\/07\/77699.png?wsr","contentUrl":"https:\/\/snowhouse.ca\/wp-content\/uploads\/2025\/07\/77699.png?wsr","width":500,"height":250},{"@type":"BreadcrumbList","@id":"https:\/\/snowhouse.ca\/fr\/produit\/material-characterization\/scanning-electrochemical-workstation\/1-m470-secm-the-most-advanced-scanning-probe-electrochemical-workstation\/#breadcrumb","itemListElement":[{"@type":"ListItem","position":1,"name":"Home","item":"https:\/\/snowhouse.ca\/"},{"@type":"ListItem","position":2,"name":"Products","item":"https:\/\/snowhouse.ca\/products\/"},{"@type":"ListItem","position":3,"name":"M470 &#8211; Scanning Echem"}]},{"@type":"WebSite","@id":"https:\/\/snowhouse.ca\/#website","url":"https:\/\/snowhouse.ca\/","name":"Maison de neige","description":"Instruments scientifiques de confiance","publisher":{"@id":"https:\/\/snowhouse.ca\/#organization"},"potentialAction":[{"@type":"SearchAction","target":{"@type":"EntryPoint","urlTemplate":"https:\/\/snowhouse.ca\/?s={search_term_string}"},"query-input":{"@type":"PropertyValueSpecification","valueRequired":true,"valueName":"search_term_string"}}],"inLanguage":"fr-CA"},{"@type":"Organization","@id":"https:\/\/snowhouse.ca\/#organization","name":"Snowhouse inc.","alternateName":"Snowhouse","url":"https:\/\/snowhouse.ca\/","logo":{"@type":"ImageObject","inLanguage":"fr-CA","@id":"https:\/\/snowhouse.ca\/#\/schema\/logo\/image\/","url":"https:\/\/snowhouse.ca\/wp-content\/uploads\/2025\/07\/SnowHouse-Logo.png","contentUrl":"https:\/\/snowhouse.ca\/wp-content\/uploads\/2025\/07\/SnowHouse-Logo.png","width":508,"height":136,"caption":"Snowhouse inc."},"image":{"@id":"https:\/\/snowhouse.ca\/#\/schema\/logo\/image\/"}}]}},"_links":{"self":[{"href":"https:\/\/snowhouse.ca\/fr\/wp-json\/wp\/v2\/product\/479","targetHints":{"allow":["GET"]}}],"collection":[{"href":"https:\/\/snowhouse.ca\/fr\/wp-json\/wp\/v2\/product"}],"about":[{"href":"https:\/\/snowhouse.ca\/fr\/wp-json\/wp\/v2\/types\/product"}],"wp:featuredmedia":[{"embeddable":true,"href":"https:\/\/snowhouse.ca\/fr\/wp-json\/wp\/v2\/media\/480"}],"wp:attachment":[{"href":"https:\/\/snowhouse.ca\/fr\/wp-json\/wp\/v2\/media?parent=479"}],"wp:term":[{"taxonomy":"product_brand","embeddable":true,"href":"https:\/\/snowhouse.ca\/fr\/wp-json\/wp\/v2\/product_brand?post=479"},{"taxonomy":"product_cat","embeddable":true,"href":"https:\/\/snowhouse.ca\/fr\/wp-json\/wp\/v2\/product_cat?post=479"},{"taxonomy":"product_tag","embeddable":true,"href":"https:\/\/snowhouse.ca\/fr\/wp-json\/wp\/v2\/product_tag?post=479"},{"taxonomy":"document","embeddable":true,"href":"https:\/\/snowhouse.ca\/fr\/wp-json\/wp\/v2\/document?post=479"}],"curies":[{"name":"wp","href":"https:\/\/api.w.org\/{rel}","templated":true}]}}