{"id":495,"date":"2025-07-23T01:39:10","date_gmt":"2025-07-23T01:39:10","guid":{"rendered":"https:\/\/snowhouse.ca\/produit\/stopped-flow-accessories\/"},"modified":"2025-11-11T16:36:31","modified_gmt":"2025-11-11T16:36:31","slug":"stopped-flow-accessories","status":"publish","type":"product","link":"https:\/\/snowhouse.ca\/fr\/produit\/material-characterization\/stopped-flow-systems\/stopped-flow-accessories\/","title":{"rendered":"Accessoires pour flux arr\u00eat\u00e9"},"content":{"rendered":"<h3><u>Accessoires pour flux arr\u00eat\u00e9<\/u><\/h3>\n<p>\u2013 Accessoire de titrage<br \/>\n\u2013 \u00c9coulement cryo-arr\u00eat\u00e9<br \/>\n\u2013 Mise \u00e0 niveau Quench-Flow<br \/>\n\u2013 Refroidissement par cong\u00e9lation<br \/>\n\u2013 EPR \u00e0 flux arr\u00eat\u00e9<br \/>\n\u2013 Flux de trempe optique et ligne \u00e0 retard optique<br \/>\n\u2013 Syst\u00e8me mT-Jump<br \/>\n\u2013 D\u00e9tecteur conductim\u00e9trique<br \/>\n\u2013 Flux arr\u00eat\u00e9 par FT-IR<br \/>\n\u2013 Lien ombilical<br \/>\n\u2013 T\u00eate de neutron<br \/>\n\u2013 Accessoire \u00e0 rayons X<\/p>","protected":false},"excerpt":{"rendered":"<p>Une conception unique pour les applications de m\u00e9lange simple, double et triple<\/p>","protected":false},"featured_media":496,"template":"","meta":[],"product_brand":[550],"product_cat":[77,87],"product_tag":[],"document":[],"class_list":{"0":"post-495","1":"product","2":"type-product","3":"status-publish","4":"has-post-thumbnail","6":"product_brand-biologic","7":"product_cat-stopped-flow-systems","8":"product_cat-stopped-flow-accessories","10":"first","11":"instock","12":"purchasable","13":"product-type-simple"},"yoast_head":"<!-- This site is optimized with the Yoast SEO plugin v26.8 - https:\/\/yoast.com\/product\/yoast-seo-wordpress\/ -->\n<title>Stopped Flow Accessories - SnowHouse<\/title>\n<meta name=\"robots\" content=\"index, follow, max-snippet:-1, max-image-preview:large, max-video-preview:-1\" \/>\n<link rel=\"canonical\" href=\"https:\/\/snowhouse.ca\/fr\/product\/material-characterization\/stopped-flow-systems\/stopped-flow-accessories\/\" \/>\n<meta property=\"og:locale\" content=\"fr_CA\" \/>\n<meta property=\"og:type\" content=\"article\" \/>\n<meta property=\"og:title\" content=\"Stopped Flow Accessories - SnowHouse\" \/>\n<meta property=\"og:description\" content=\"A unique design for single, double and triple mixing applications\" \/>\n<meta property=\"og:url\" content=\"https:\/\/snowhouse.ca\/fr\/product\/material-characterization\/stopped-flow-systems\/stopped-flow-accessories\/\" \/>\n<meta property=\"og:site_name\" content=\"SnowHouse\" \/>\n<meta property=\"article:modified_time\" content=\"2025-11-11T16:36:31+00:00\" \/>\n<meta property=\"og:image\" content=\"https:\/\/snowhouse.ca\/wp-content\/uploads\/2025\/07\/46095.png\" \/>\n\t<meta property=\"og:image:width\" content=\"683\" \/>\n\t<meta property=\"og:image:height\" content=\"763\" \/>\n\t<meta property=\"og:image:type\" content=\"image\/jpeg\" \/>\n<meta name=\"twitter:card\" content=\"summary_large_image\" \/>\n<meta name=\"twitter:label1\" content=\"Estimation du temps de lecture\" \/>\n\t<meta name=\"twitter:data1\" content=\"1 minute\" \/>\n<script type=\"application\/ld+json\" class=\"yoast-schema-graph\">{\"@context\":\"https:\/\/schema.org\",\"@graph\":[{\"@type\":\"WebPage\",\"@id\":\"https:\/\/snowhouse.ca\/product\/material-characterization\/stopped-flow-systems\/stopped-flow-accessories\/\",\"url\":\"https:\/\/snowhouse.ca\/product\/material-characterization\/stopped-flow-systems\/stopped-flow-accessories\/\",\"name\":\"Stopped Flow Accessories - SnowHouse\",\"isPartOf\":{\"@id\":\"https:\/\/snowhouse.ca\/#website\"},\"primaryImageOfPage\":{\"@id\":\"https:\/\/snowhouse.ca\/product\/material-characterization\/stopped-flow-systems\/stopped-flow-accessories\/#primaryimage\"},\"image\":{\"@id\":\"https:\/\/snowhouse.ca\/product\/material-characterization\/stopped-flow-systems\/stopped-flow-accessories\/#primaryimage\"},\"thumbnailUrl\":\"https:\/\/snowhouse.ca\/wp-content\/uploads\/2025\/07\/46095.png?wsr\",\"datePublished\":\"2025-07-23T01:39:10+00:00\",\"dateModified\":\"2025-11-11T16:36:31+00:00\",\"breadcrumb\":{\"@id\":\"https:\/\/snowhouse.ca\/product\/material-characterization\/stopped-flow-systems\/stopped-flow-accessories\/#breadcrumb\"},\"inLanguage\":\"fr-CA\",\"potentialAction\":[{\"@type\":\"ReadAction\",\"target\":[\"https:\/\/snowhouse.ca\/product\/material-characterization\/stopped-flow-systems\/stopped-flow-accessories\/\"]}]},{\"@type\":\"ImageObject\",\"inLanguage\":\"fr-CA\",\"@id\":\"https:\/\/snowhouse.ca\/product\/material-characterization\/stopped-flow-systems\/stopped-flow-accessories\/#primaryimage\",\"url\":\"https:\/\/snowhouse.ca\/wp-content\/uploads\/2025\/07\/46095.png?wsr\",\"contentUrl\":\"https:\/\/snowhouse.ca\/wp-content\/uploads\/2025\/07\/46095.png?wsr\",\"width\":683,\"height\":763},{\"@type\":\"BreadcrumbList\",\"@id\":\"https:\/\/snowhouse.ca\/product\/material-characterization\/stopped-flow-systems\/stopped-flow-accessories\/#breadcrumb\",\"itemListElement\":[{\"@type\":\"ListItem\",\"position\":1,\"name\":\"Home\",\"item\":\"https:\/\/snowhouse.ca\/\"},{\"@type\":\"ListItem\",\"position\":2,\"name\":\"Products\",\"item\":\"https:\/\/snowhouse.ca\/products\/\"},{\"@type\":\"ListItem\",\"position\":3,\"name\":\"Stopped Flow Accessories\"}]},{\"@type\":\"WebSite\",\"@id\":\"https:\/\/snowhouse.ca\/#website\",\"url\":\"https:\/\/snowhouse.ca\/\",\"name\":\"SnowHouse\",\"description\":\"Trusted Scientific Instruments\",\"publisher\":{\"@id\":\"https:\/\/snowhouse.ca\/#organization\"},\"potentialAction\":[{\"@type\":\"SearchAction\",\"target\":{\"@type\":\"EntryPoint\",\"urlTemplate\":\"https:\/\/snowhouse.ca\/?s={search_term_string}\"},\"query-input\":{\"@type\":\"PropertyValueSpecification\",\"valueRequired\":true,\"valueName\":\"search_term_string\"}}],\"inLanguage\":\"fr-CA\"},{\"@type\":\"Organization\",\"@id\":\"https:\/\/snowhouse.ca\/#organization\",\"name\":\"Snowhouse inc.\",\"alternateName\":\"Snowhouse\",\"url\":\"https:\/\/snowhouse.ca\/\",\"logo\":{\"@type\":\"ImageObject\",\"inLanguage\":\"fr-CA\",\"@id\":\"https:\/\/snowhouse.ca\/#\/schema\/logo\/image\/\",\"url\":\"https:\/\/snowhouse.ca\/wp-content\/uploads\/2025\/07\/SnowHouse-Logo.png\",\"contentUrl\":\"https:\/\/snowhouse.ca\/wp-content\/uploads\/2025\/07\/SnowHouse-Logo.png\",\"width\":508,\"height\":136,\"caption\":\"Snowhouse inc.\"},\"image\":{\"@id\":\"https:\/\/snowhouse.ca\/#\/schema\/logo\/image\/\"}}]}<\/script>\n<!-- \/ Yoast SEO plugin. -->","yoast_head_json":{"title":"Stopped Flow Accessories - SnowHouse","robots":{"index":"index","follow":"follow","max-snippet":"max-snippet:-1","max-image-preview":"max-image-preview:large","max-video-preview":"max-video-preview:-1"},"canonical":"https:\/\/snowhouse.ca\/fr\/product\/material-characterization\/stopped-flow-systems\/stopped-flow-accessories\/","og_locale":"fr_CA","og_type":"article","og_title":"Stopped Flow Accessories - SnowHouse","og_description":"A unique design for single, double and triple mixing applications","og_url":"https:\/\/snowhouse.ca\/fr\/product\/material-characterization\/stopped-flow-systems\/stopped-flow-accessories\/","og_site_name":"SnowHouse","article_modified_time":"2025-11-11T16:36:31+00:00","og_image":[{"width":683,"height":763,"url":"https:\/\/snowhouse.ca\/wp-content\/uploads\/2025\/07\/46095.png","type":"image\/jpeg"}],"twitter_card":"summary_large_image","twitter_misc":{"Estimation du temps de lecture":"1 minute"},"schema":{"@context":"https:\/\/schema.org","@graph":[{"@type":"WebPage","@id":"https:\/\/snowhouse.ca\/product\/material-characterization\/stopped-flow-systems\/stopped-flow-accessories\/","url":"https:\/\/snowhouse.ca\/product\/material-characterization\/stopped-flow-systems\/stopped-flow-accessories\/","name":"Stopped Flow Accessories - SnowHouse","isPartOf":{"@id":"https:\/\/snowhouse.ca\/#website"},"primaryImageOfPage":{"@id":"https:\/\/snowhouse.ca\/product\/material-characterization\/stopped-flow-systems\/stopped-flow-accessories\/#primaryimage"},"image":{"@id":"https:\/\/snowhouse.ca\/product\/material-characterization\/stopped-flow-systems\/stopped-flow-accessories\/#primaryimage"},"thumbnailUrl":"https:\/\/snowhouse.ca\/wp-content\/uploads\/2025\/07\/46095.png?wsr","datePublished":"2025-07-23T01:39:10+00:00","dateModified":"2025-11-11T16:36:31+00:00","breadcrumb":{"@id":"https:\/\/snowhouse.ca\/product\/material-characterization\/stopped-flow-systems\/stopped-flow-accessories\/#breadcrumb"},"inLanguage":"fr-CA","potentialAction":[{"@type":"ReadAction","target":["https:\/\/snowhouse.ca\/product\/material-characterization\/stopped-flow-systems\/stopped-flow-accessories\/"]}]},{"@type":"ImageObject","inLanguage":"fr-CA","@id":"https:\/\/snowhouse.ca\/product\/material-characterization\/stopped-flow-systems\/stopped-flow-accessories\/#primaryimage","url":"https:\/\/snowhouse.ca\/wp-content\/uploads\/2025\/07\/46095.png?wsr","contentUrl":"https:\/\/snowhouse.ca\/wp-content\/uploads\/2025\/07\/46095.png?wsr","width":683,"height":763},{"@type":"BreadcrumbList","@id":"https:\/\/snowhouse.ca\/product\/material-characterization\/stopped-flow-systems\/stopped-flow-accessories\/#breadcrumb","itemListElement":[{"@type":"ListItem","position":1,"name":"Home","item":"https:\/\/snowhouse.ca\/"},{"@type":"ListItem","position":2,"name":"Products","item":"https:\/\/snowhouse.ca\/products\/"},{"@type":"ListItem","position":3,"name":"Stopped Flow Accessories"}]},{"@type":"WebSite","@id":"https:\/\/snowhouse.ca\/#website","url":"https:\/\/snowhouse.ca\/","name":"Maison de neige","description":"Instruments scientifiques de confiance","publisher":{"@id":"https:\/\/snowhouse.ca\/#organization"},"potentialAction":[{"@type":"SearchAction","target":{"@type":"EntryPoint","urlTemplate":"https:\/\/snowhouse.ca\/?s={search_term_string}"},"query-input":{"@type":"PropertyValueSpecification","valueRequired":true,"valueName":"search_term_string"}}],"inLanguage":"fr-CA"},{"@type":"Organization","@id":"https:\/\/snowhouse.ca\/#organization","name":"Snowhouse inc.","alternateName":"Snowhouse","url":"https:\/\/snowhouse.ca\/","logo":{"@type":"ImageObject","inLanguage":"fr-CA","@id":"https:\/\/snowhouse.ca\/#\/schema\/logo\/image\/","url":"https:\/\/snowhouse.ca\/wp-content\/uploads\/2025\/07\/SnowHouse-Logo.png","contentUrl":"https:\/\/snowhouse.ca\/wp-content\/uploads\/2025\/07\/SnowHouse-Logo.png","width":508,"height":136,"caption":"Snowhouse inc."},"image":{"@id":"https:\/\/snowhouse.ca\/#\/schema\/logo\/image\/"}}]}},"_links":{"self":[{"href":"https:\/\/snowhouse.ca\/fr\/wp-json\/wp\/v2\/product\/495","targetHints":{"allow":["GET"]}}],"collection":[{"href":"https:\/\/snowhouse.ca\/fr\/wp-json\/wp\/v2\/product"}],"about":[{"href":"https:\/\/snowhouse.ca\/fr\/wp-json\/wp\/v2\/types\/product"}],"wp:featuredmedia":[{"embeddable":true,"href":"https:\/\/snowhouse.ca\/fr\/wp-json\/wp\/v2\/media\/496"}],"wp:attachment":[{"href":"https:\/\/snowhouse.ca\/fr\/wp-json\/wp\/v2\/media?parent=495"}],"wp:term":[{"taxonomy":"product_brand","embeddable":true,"href":"https:\/\/snowhouse.ca\/fr\/wp-json\/wp\/v2\/product_brand?post=495"},{"taxonomy":"product_cat","embeddable":true,"href":"https:\/\/snowhouse.ca\/fr\/wp-json\/wp\/v2\/product_cat?post=495"},{"taxonomy":"product_tag","embeddable":true,"href":"https:\/\/snowhouse.ca\/fr\/wp-json\/wp\/v2\/product_tag?post=495"},{"taxonomy":"document","embeddable":true,"href":"https:\/\/snowhouse.ca\/fr\/wp-json\/wp\/v2\/document?post=495"}],"curies":[{"name":"wp","href":"https:\/\/api.w.org\/{rel}","templated":true}]}}