{"id":524,"date":"2025-07-23T01:39:10","date_gmt":"2025-07-23T01:39:10","guid":{"rendered":"https:\/\/snowhouse.ca\/produit\/2-kymera-193i-imaging-spectrograph\/"},"modified":"2025-11-14T19:56:42","modified_gmt":"2025-11-14T19:56:42","slug":"2-kymera-193i-imaging-spectrograph","status":"publish","type":"product","link":"https:\/\/snowhouse.ca\/fr\/produit\/cameras-spectrographs\/spectrograph-solutions\/2-kymera-193i-imaging-spectrograph\/","title":{"rendered":"Spectrographe Kymera 193i"},"content":{"rendered":"<h3><strong>Kymera 193i \u2013 Spectrographe imageur intelligent, modulaire et compact<\/strong><\/h3>\n<p>Le spectrographe Kymera 193i de Andor a \u00e9t\u00e9 con\u00e7u en tenant compte \u00e0 la fois des performances de niveau recherche, de la polyvalence et de la facilit\u00e9 d&#039;utilisation.<\/p>\n<p>La mise au point adaptative motoris\u00e9e \u00ab\u00a0intelligente\u00a0\u00bb permet d&#039;atteindre une r\u00e9solution spectrale optimale dans toutes les configurations, avec une r\u00e9p\u00e9tabilit\u00e9 in\u00e9gal\u00e9e. Son ouverture de F\/3,6, associ\u00e9e \u00e0 la gamme de d\u00e9tecteurs UV-NIR et SWIR ultra-sensibles de Andor, offre une plateforme de spectroscopie robuste et performante, id\u00e9ale pour les applications de microfluorescence\/Raman en faible luminosit\u00e9 ou les acquisitions spectrales de routine.<\/p>\n<p>La tourelle \u00e0 r\u00e9seau index\u00e9, le double port de sortie et la vaste gamme d&#039;accessoires offrent une plateforme hautement configurable, parfaitement adapt\u00e9e aux exigences de performance sp\u00e9cifiques des \u00e9tablissements acad\u00e9miques et des \u00e9quipementiers. Des interfaces d\u00e9di\u00e9es \u00e0 la microspectroscopie, incluant un syst\u00e8me de cage modulaire, permettent une int\u00e9gration ais\u00e9e aux configurations de microscopie. Le spectrographe Shamrock et ses accessoires b\u00e9n\u00e9ficient d&#039;une interface utilisateur intuitive via uManager, pour une configuration rapide et simple de l&#039;acquisition de donn\u00e9es complexes en microspectroscopie, notamment la cartographie chimique.<\/p>\n<h3><strong>Sp\u00e9cifications cl\u00e9s<\/strong><\/h3>\n<table class=\"hor-minimalist-a\" style=\"border-collapse: collapse; font-family: 'lucida sans unicode', 'lucida grande', sans-serif; font-size: 12px; margin-bottom: 16px; width: 647.272705078125px;\" cellspacing=\"0\">\n<tbody>\n<tr>\n<td>Distance focale<\/td>\n<td>193 mm<\/td>\n<\/tr>\n<tr>\n<td>Ouverture<\/td>\n<td>F\/3.6<\/td>\n<\/tr>\n<tr>\n<td>Grossissement (Vertical au centre du CCD)<\/td>\n<td>1.07<\/td>\n<\/tr>\n<tr>\n<td>R\u00e9solution en longueur d&#039;onde<\/td>\n<td>0,21 nm<\/td>\n<\/tr>\n<tr>\n<td>Centre de pr\u00e9cision de la longueur d&#039;onde<\/td>\n<td>0,15 nm<\/td>\n<\/tr>\n<tr>\n<td>r\u00e9p\u00e9tabilit\u00e9 de la longueur d&#039;onde<\/td>\n<td>19h75<\/td>\n<\/tr>\n<tr>\n<td>Grilles<\/td>\n<td>Double axe interchangeable<br \/>\nTourelle \u00e9quip\u00e9e d&#039;une \u00e9tiquette RFID pour un remplacement facile<\/td>\n<\/tr>\n<\/tbody>\n<\/table>","protected":false},"excerpt":{"rendered":"<p>Focale de 193 mm, technologie de mise au point adaptative<\/p>","protected":false},"featured_media":2317,"template":"","meta":[],"product_brand":[551],"product_cat":[55],"product_tag":[],"document":[],"class_list":{"0":"post-524","1":"product","2":"type-product","3":"status-publish","4":"has-post-thumbnail","6":"product_brand-andor","7":"product_cat-spectrograph-solutions","9":"first","10":"instock","11":"purchasable","12":"product-type-simple"},"yoast_head":"<!-- This site is optimized with the Yoast SEO plugin v26.8 - https:\/\/yoast.com\/product\/yoast-seo-wordpress\/ -->\n<title>Kymera 193i Spectrograph - SnowHouse<\/title>\n<meta name=\"robots\" content=\"index, follow, max-snippet:-1, max-image-preview:large, max-video-preview:-1\" \/>\n<link rel=\"canonical\" href=\"https:\/\/snowhouse.ca\/fr\/product\/cameras-spectrographs\/spectrograph-solutions\/2-kymera-193i-imaging-spectrograph\/\" \/>\n<meta property=\"og:locale\" content=\"fr_CA\" \/>\n<meta property=\"og:type\" content=\"article\" \/>\n<meta property=\"og:title\" content=\"Kymera 193i Spectrograph - SnowHouse\" \/>\n<meta property=\"og:description\" content=\"193 mm focal length, Adaptive Focus technology\" \/>\n<meta property=\"og:url\" content=\"https:\/\/snowhouse.ca\/fr\/product\/cameras-spectrographs\/spectrograph-solutions\/2-kymera-193i-imaging-spectrograph\/\" \/>\n<meta property=\"og:site_name\" content=\"SnowHouse\" \/>\n<meta property=\"article:modified_time\" content=\"2025-11-14T19:56:42+00:00\" \/>\n<meta property=\"og:image\" content=\"https:\/\/snowhouse.ca\/wp-content\/uploads\/2025\/07\/Kymera-193i-scaled.png\" \/>\n\t<meta property=\"og:image:width\" content=\"2560\" \/>\n\t<meta property=\"og:image:height\" content=\"1896\" \/>\n\t<meta property=\"og:image:type\" content=\"image\/png\" \/>\n<meta name=\"twitter:card\" content=\"summary_large_image\" \/>\n<meta name=\"twitter:label1\" content=\"Estimation du temps de lecture\" \/>\n\t<meta name=\"twitter:data1\" content=\"1 minute\" \/>\n<script type=\"application\/ld+json\" class=\"yoast-schema-graph\">{\"@context\":\"https:\/\/schema.org\",\"@graph\":[{\"@type\":\"WebPage\",\"@id\":\"https:\/\/snowhouse.ca\/product\/cameras-spectrographs\/spectrograph-solutions\/2-kymera-193i-imaging-spectrograph\/\",\"url\":\"https:\/\/snowhouse.ca\/product\/cameras-spectrographs\/spectrograph-solutions\/2-kymera-193i-imaging-spectrograph\/\",\"name\":\"Kymera 193i Spectrograph - SnowHouse\",\"isPartOf\":{\"@id\":\"https:\/\/snowhouse.ca\/#website\"},\"primaryImageOfPage\":{\"@id\":\"https:\/\/snowhouse.ca\/product\/cameras-spectrographs\/spectrograph-solutions\/2-kymera-193i-imaging-spectrograph\/#primaryimage\"},\"image\":{\"@id\":\"https:\/\/snowhouse.ca\/product\/cameras-spectrographs\/spectrograph-solutions\/2-kymera-193i-imaging-spectrograph\/#primaryimage\"},\"thumbnailUrl\":\"https:\/\/snowhouse.ca\/wp-content\/uploads\/2025\/07\/Kymera-193i-scaled.png?wsr\",\"datePublished\":\"2025-07-23T01:39:10+00:00\",\"dateModified\":\"2025-11-14T19:56:42+00:00\",\"breadcrumb\":{\"@id\":\"https:\/\/snowhouse.ca\/product\/cameras-spectrographs\/spectrograph-solutions\/2-kymera-193i-imaging-spectrograph\/#breadcrumb\"},\"inLanguage\":\"fr-CA\",\"potentialAction\":[{\"@type\":\"ReadAction\",\"target\":[\"https:\/\/snowhouse.ca\/product\/cameras-spectrographs\/spectrograph-solutions\/2-kymera-193i-imaging-spectrograph\/\"]}]},{\"@type\":\"ImageObject\",\"inLanguage\":\"fr-CA\",\"@id\":\"https:\/\/snowhouse.ca\/product\/cameras-spectrographs\/spectrograph-solutions\/2-kymera-193i-imaging-spectrograph\/#primaryimage\",\"url\":\"https:\/\/snowhouse.ca\/wp-content\/uploads\/2025\/07\/Kymera-193i-scaled.png?wsr\",\"contentUrl\":\"https:\/\/snowhouse.ca\/wp-content\/uploads\/2025\/07\/Kymera-193i-scaled.png?wsr\",\"width\":2560,\"height\":1896},{\"@type\":\"BreadcrumbList\",\"@id\":\"https:\/\/snowhouse.ca\/product\/cameras-spectrographs\/spectrograph-solutions\/2-kymera-193i-imaging-spectrograph\/#breadcrumb\",\"itemListElement\":[{\"@type\":\"ListItem\",\"position\":1,\"name\":\"Home\",\"item\":\"https:\/\/snowhouse.ca\/\"},{\"@type\":\"ListItem\",\"position\":2,\"name\":\"Products\",\"item\":\"https:\/\/snowhouse.ca\/products\/\"},{\"@type\":\"ListItem\",\"position\":3,\"name\":\"Kymera 193i Spectrograph\"}]},{\"@type\":\"WebSite\",\"@id\":\"https:\/\/snowhouse.ca\/#website\",\"url\":\"https:\/\/snowhouse.ca\/\",\"name\":\"SnowHouse\",\"description\":\"Trusted Scientific Instruments\",\"publisher\":{\"@id\":\"https:\/\/snowhouse.ca\/#organization\"},\"potentialAction\":[{\"@type\":\"SearchAction\",\"target\":{\"@type\":\"EntryPoint\",\"urlTemplate\":\"https:\/\/snowhouse.ca\/?s={search_term_string}\"},\"query-input\":{\"@type\":\"PropertyValueSpecification\",\"valueRequired\":true,\"valueName\":\"search_term_string\"}}],\"inLanguage\":\"fr-CA\"},{\"@type\":\"Organization\",\"@id\":\"https:\/\/snowhouse.ca\/#organization\",\"name\":\"Snowhouse inc.\",\"alternateName\":\"Snowhouse\",\"url\":\"https:\/\/snowhouse.ca\/\",\"logo\":{\"@type\":\"ImageObject\",\"inLanguage\":\"fr-CA\",\"@id\":\"https:\/\/snowhouse.ca\/#\/schema\/logo\/image\/\",\"url\":\"https:\/\/snowhouse.ca\/wp-content\/uploads\/2025\/07\/SnowHouse-Logo.png\",\"contentUrl\":\"https:\/\/snowhouse.ca\/wp-content\/uploads\/2025\/07\/SnowHouse-Logo.png\",\"width\":508,\"height\":136,\"caption\":\"Snowhouse inc.\"},\"image\":{\"@id\":\"https:\/\/snowhouse.ca\/#\/schema\/logo\/image\/\"}}]}<\/script>\n<!-- \/ Yoast SEO plugin. -->","yoast_head_json":{"title":"Kymera 193i Spectrograph - SnowHouse","robots":{"index":"index","follow":"follow","max-snippet":"max-snippet:-1","max-image-preview":"max-image-preview:large","max-video-preview":"max-video-preview:-1"},"canonical":"https:\/\/snowhouse.ca\/fr\/product\/cameras-spectrographs\/spectrograph-solutions\/2-kymera-193i-imaging-spectrograph\/","og_locale":"fr_CA","og_type":"article","og_title":"Kymera 193i Spectrograph - SnowHouse","og_description":"193 mm focal length, Adaptive Focus technology","og_url":"https:\/\/snowhouse.ca\/fr\/product\/cameras-spectrographs\/spectrograph-solutions\/2-kymera-193i-imaging-spectrograph\/","og_site_name":"SnowHouse","article_modified_time":"2025-11-14T19:56:42+00:00","og_image":[{"width":2560,"height":1896,"url":"https:\/\/snowhouse.ca\/wp-content\/uploads\/2025\/07\/Kymera-193i-scaled.png","type":"image\/png"}],"twitter_card":"summary_large_image","twitter_misc":{"Estimation du temps de lecture":"1 minute"},"schema":{"@context":"https:\/\/schema.org","@graph":[{"@type":"WebPage","@id":"https:\/\/snowhouse.ca\/product\/cameras-spectrographs\/spectrograph-solutions\/2-kymera-193i-imaging-spectrograph\/","url":"https:\/\/snowhouse.ca\/product\/cameras-spectrographs\/spectrograph-solutions\/2-kymera-193i-imaging-spectrograph\/","name":"Kymera 193i Spectrograph - SnowHouse","isPartOf":{"@id":"https:\/\/snowhouse.ca\/#website"},"primaryImageOfPage":{"@id":"https:\/\/snowhouse.ca\/product\/cameras-spectrographs\/spectrograph-solutions\/2-kymera-193i-imaging-spectrograph\/#primaryimage"},"image":{"@id":"https:\/\/snowhouse.ca\/product\/cameras-spectrographs\/spectrograph-solutions\/2-kymera-193i-imaging-spectrograph\/#primaryimage"},"thumbnailUrl":"https:\/\/snowhouse.ca\/wp-content\/uploads\/2025\/07\/Kymera-193i-scaled.png?wsr","datePublished":"2025-07-23T01:39:10+00:00","dateModified":"2025-11-14T19:56:42+00:00","breadcrumb":{"@id":"https:\/\/snowhouse.ca\/product\/cameras-spectrographs\/spectrograph-solutions\/2-kymera-193i-imaging-spectrograph\/#breadcrumb"},"inLanguage":"fr-CA","potentialAction":[{"@type":"ReadAction","target":["https:\/\/snowhouse.ca\/product\/cameras-spectrographs\/spectrograph-solutions\/2-kymera-193i-imaging-spectrograph\/"]}]},{"@type":"ImageObject","inLanguage":"fr-CA","@id":"https:\/\/snowhouse.ca\/product\/cameras-spectrographs\/spectrograph-solutions\/2-kymera-193i-imaging-spectrograph\/#primaryimage","url":"https:\/\/snowhouse.ca\/wp-content\/uploads\/2025\/07\/Kymera-193i-scaled.png?wsr","contentUrl":"https:\/\/snowhouse.ca\/wp-content\/uploads\/2025\/07\/Kymera-193i-scaled.png?wsr","width":2560,"height":1896},{"@type":"BreadcrumbList","@id":"https:\/\/snowhouse.ca\/product\/cameras-spectrographs\/spectrograph-solutions\/2-kymera-193i-imaging-spectrograph\/#breadcrumb","itemListElement":[{"@type":"ListItem","position":1,"name":"Home","item":"https:\/\/snowhouse.ca\/"},{"@type":"ListItem","position":2,"name":"Products","item":"https:\/\/snowhouse.ca\/products\/"},{"@type":"ListItem","position":3,"name":"Kymera 193i Spectrograph"}]},{"@type":"WebSite","@id":"https:\/\/snowhouse.ca\/#website","url":"https:\/\/snowhouse.ca\/","name":"Maison de neige","description":"Instruments scientifiques de confiance","publisher":{"@id":"https:\/\/snowhouse.ca\/#organization"},"potentialAction":[{"@type":"SearchAction","target":{"@type":"EntryPoint","urlTemplate":"https:\/\/snowhouse.ca\/?s={search_term_string}"},"query-input":{"@type":"PropertyValueSpecification","valueRequired":true,"valueName":"search_term_string"}}],"inLanguage":"fr-CA"},{"@type":"Organization","@id":"https:\/\/snowhouse.ca\/#organization","name":"Snowhouse inc.","alternateName":"Snowhouse","url":"https:\/\/snowhouse.ca\/","logo":{"@type":"ImageObject","inLanguage":"fr-CA","@id":"https:\/\/snowhouse.ca\/#\/schema\/logo\/image\/","url":"https:\/\/snowhouse.ca\/wp-content\/uploads\/2025\/07\/SnowHouse-Logo.png","contentUrl":"https:\/\/snowhouse.ca\/wp-content\/uploads\/2025\/07\/SnowHouse-Logo.png","width":508,"height":136,"caption":"Snowhouse inc."},"image":{"@id":"https:\/\/snowhouse.ca\/#\/schema\/logo\/image\/"}}]}},"_links":{"self":[{"href":"https:\/\/snowhouse.ca\/fr\/wp-json\/wp\/v2\/product\/524","targetHints":{"allow":["GET"]}}],"collection":[{"href":"https:\/\/snowhouse.ca\/fr\/wp-json\/wp\/v2\/product"}],"about":[{"href":"https:\/\/snowhouse.ca\/fr\/wp-json\/wp\/v2\/types\/product"}],"wp:featuredmedia":[{"embeddable":true,"href":"https:\/\/snowhouse.ca\/fr\/wp-json\/wp\/v2\/media\/2317"}],"wp:attachment":[{"href":"https:\/\/snowhouse.ca\/fr\/wp-json\/wp\/v2\/media?parent=524"}],"wp:term":[{"taxonomy":"product_brand","embeddable":true,"href":"https:\/\/snowhouse.ca\/fr\/wp-json\/wp\/v2\/product_brand?post=524"},{"taxonomy":"product_cat","embeddable":true,"href":"https:\/\/snowhouse.ca\/fr\/wp-json\/wp\/v2\/product_cat?post=524"},{"taxonomy":"product_tag","embeddable":true,"href":"https:\/\/snowhouse.ca\/fr\/wp-json\/wp\/v2\/product_tag?post=524"},{"taxonomy":"document","embeddable":true,"href":"https:\/\/snowhouse.ca\/fr\/wp-json\/wp\/v2\/document?post=524"}],"curies":[{"name":"wp","href":"https:\/\/api.w.org\/{rel}","templated":true}]}}