{"id":546,"date":"2025-07-23T01:39:10","date_gmt":"2025-07-23T01:39:10","guid":{"rendered":"https:\/\/snowhouse.ca\/produit\/am-3000-preleveur-dair-pour-diagnostic-fibres-damiante-et-particules\/"},"modified":"2025-10-28T20:36:26","modified_gmt":"2025-10-28T20:36:26","slug":"am-3000-preleveur-dair-pour-diagnostic-fibres-damiante-et-particules","status":"publish","type":"product","link":"https:\/\/snowhouse.ca\/fr\/produit\/environmental-monitoring\/asbestos-aimiante-air-monitoring\/am-3000-preleveur-dair-pour-diagnostic-fibres-damiante-et-particules\/","title":{"rendered":"AM 3000"},"content":{"rendered":"<p><u><strong>AM 3000 \u2013 Pr\u00e9leveur d&#039;air pour diagnostic fibres d&#039;amiante et particules<\/strong><\/u><\/p>\n<p><strong>Pr\u00e9l\u00e8vement pour analyses MOCP (2 l\/mn) et META (7 l\/mn)<\/strong><\/p>\n<p><em>L&#039;AM 3000 est un pr\u00e9leveur d&#039;air sp\u00e9cialement con\u00e7u pour r\u00e9pondre aux exigences des normes de pr\u00e9l\u00e8vement d&#039;air pour le diagnostic des fibres d&#039;amiante et particules NF X43-050 (1996) et XP X43- 269 (2012).<\/em><\/p>\n<p><em>Il b\u00e9n\u00e9ficie de nombreuses innovations technologiques pour garantir le pr\u00e9l\u00e8ve- ment repr\u00e9sentatif des fibres d&#039;amiante ou autres particules fines dans l&#039;air.<\/em><\/p>\n<p><strong>Fonctionnalit\u00e9s<\/strong><\/p>\n<p><strong>D\u00e9bit de pr\u00e9l\u00e8vement normalis\u00e9<\/strong><\/p>\n<p>L&#039;AM 3000 d\u00e9livre un d\u00e9bit volumique asservi au taux d&#039;empoussi\u00e8rement du filtre, assurant un volume de pr\u00e9l\u00e8vement fiable et pr\u00e9cis. La mesure de d\u00e9bit est compression en pression et en temp\u00e9rature (normalis\u00e9e \u00e0 0\u00b0C, 1 atm).<\/p>\n<p><strong>Contr\u00f4le par t\u00e9l\u00e9commande<\/strong><\/p>\n<p>l&#039;AM 3000 est enti\u00e8rement programmable et param\u00e9trable \u00e0 distance par t\u00e9l\u00e9commande infrarouge. Un \u00e9cran LCD permet l&#039;affichage des param\u00e8tres. Le bo\u00eetier est donc \u00e9tanche et verrouillable, sans clavier externe, ce qui lui conf\u00e8re une protection contre la poussi\u00e8re, les \u00e9claboussures et les manipulations malveillantes.<\/p>\n<p><strong>Programmation<\/strong><\/p>\n<p>Menu de programmation pouvant g\u00e9rer et m\u00e9moriser jusqu&#039;\u00e0 16 programmes, \u00e0 d\u00e9part imm\u00e9diat ou diff\u00e9r\u00e9. Gr\u00e2ce \u00e0 son horloge interne, il suffit de rentrer la date et l&#039;heure du d\u00e9but du pr\u00e9l\u00e8vement ainsi que sa dur\u00e9e.<\/p>\n<p><strong>M\u00e9morisation et exportation des donn\u00e9es sur cl\u00e9 USB<\/strong><\/p>\n<p>M\u00e9morisation interne des donn\u00e9es jusqu&#039;\u00e0 200 pr\u00e9l\u00e8vements. Gr\u00e2ce \u00e0 l&#039;option USB, l&#039;op\u00e9rateur peut r\u00e9cup\u00e9rer ses donn\u00e9es en fichier au format tableau (csv) sur une cl\u00e9 USB pour exploitation ou tra\u00e7abilit\u00e9.<\/p>\n<p><strong>Batterie optionnelle int\u00e9gr\u00e9e<\/strong><\/p>\n<p>Gr\u00e2ce \u00e0 son option batterie lithium int\u00e9gr\u00e9e, l&#039;AM 3000 peut faireionner en autonomie compl\u00e8te. Branch\u00e9 sur le secteur, l&#039;AM 3000 bascule automatiquement sur la batterie en cas de coupure pour garantir la fin du pr\u00e9l\u00e8vement. L&#039;AM 3000 peut \u00e9galement \u00eatre branch\u00e9 sur une batterie externe suppl\u00e9mentaire.<\/p>\n<p><strong>Encombrement et \u00e9tanch\u00e9it\u00e9<\/strong><\/p>\n<p>L&#039;AM 3000 est le plus petit et le plus l\u00e9ger pr\u00e9leveur de sa cat\u00e9gorie. Gr\u00e2ce \u00e0 sa coque en polypropyl\u00e8ne moul\u00e9 et sa poign\u00e9e, il est facilement transportable. Extr\u00eamement r\u00e9sistant aux chocs, il r\u00e9siste \u00e9galement aux projections d&#039;eau multidirectionnelles (indice de protection IP 65) et peut \u00eatre d\u00e9contamin\u00e9 sous un jet d&#039;eau. Il est \u00e9galement dot\u00e9 de deux anneaux pour le passage de cadenas (pour inter-dire l&#039;ouverture) ou de dispositif antivol.<\/p>\n<p><strong>S\u00e9curisation du pr\u00e9l\u00e8vement<\/strong><\/p>\n<p>L&#039;AM 3000 est dot\u00e9 d&#039;un dispositif d&#039;arr\u00eat de la pompe en cas d&#039;absence ou de colmatage du filtre avec seuils r\u00e9glables. Il dispose d&#039;une alarme sonore et visuelle en cas de dysfonctionnement. Les donn\u00e9es relatives \u00e0 un pr\u00e9l\u00e8vement pr\u00e9lev\u00e9 la comparaison du volume th\u00e9orique avec le volume pr\u00e9lev\u00e9 .<\/p>","protected":false},"excerpt":{"rendered":"<p>Instrument de laboratoire avanc\u00e9 SDEC France pour la recherche<\/p>","protected":false},"featured_media":547,"template":"","meta":[],"product_brand":[558],"product_cat":[97,184],"product_tag":[],"document":[],"class_list":{"0":"post-546","1":"product","2":"type-product","3":"status-publish","4":"has-post-thumbnail","6":"product_brand-sdec-france","7":"product_cat-environmental-monitoring","8":"product_cat-asbestos-aimiante-air-monitoring","10":"first","11":"instock","12":"purchasable","13":"product-type-simple"},"yoast_head":"<!-- This site is optimized with the Yoast SEO plugin v26.8 - https:\/\/yoast.com\/product\/yoast-seo-wordpress\/ -->\n<title>AM 3000 - SnowHouse<\/title>\n<meta name=\"robots\" content=\"index, follow, max-snippet:-1, max-image-preview:large, max-video-preview:-1\" \/>\n<link rel=\"canonical\" href=\"https:\/\/snowhouse.ca\/fr\/product\/environmental-monitoring\/asbestos-aimiante-air-monitoring\/am-3000-preleveur-dair-pour-diagnostic-fibres-damiante-et-particules\/\" \/>\n<meta property=\"og:locale\" content=\"fr_CA\" \/>\n<meta property=\"og:type\" content=\"article\" \/>\n<meta property=\"og:title\" content=\"AM 3000 - SnowHouse\" \/>\n<meta property=\"og:description\" content=\"Advanced SDEC France laboratory instrument for research\" \/>\n<meta property=\"og:url\" content=\"https:\/\/snowhouse.ca\/fr\/product\/environmental-monitoring\/asbestos-aimiante-air-monitoring\/am-3000-preleveur-dair-pour-diagnostic-fibres-damiante-et-particules\/\" \/>\n<meta property=\"og:site_name\" content=\"SnowHouse\" \/>\n<meta property=\"article:modified_time\" content=\"2025-10-28T20:36:26+00:00\" \/>\n<meta property=\"og:image\" content=\"https:\/\/snowhouse.ca\/wp-content\/uploads\/2025\/07\/42827.jpg\" \/>\n\t<meta property=\"og:image:width\" content=\"800\" \/>\n\t<meta property=\"og:image:height\" content=\"600\" \/>\n\t<meta property=\"og:image:type\" content=\"image\/jpeg\" \/>\n<meta name=\"twitter:card\" content=\"summary_large_image\" \/>\n<meta name=\"twitter:label1\" content=\"Estimation du temps de lecture\" \/>\n\t<meta name=\"twitter:data1\" content=\"3 minutes\" \/>\n<script type=\"application\/ld+json\" class=\"yoast-schema-graph\">{\"@context\":\"https:\/\/schema.org\",\"@graph\":[{\"@type\":\"WebPage\",\"@id\":\"https:\/\/snowhouse.ca\/product\/environmental-monitoring\/asbestos-aimiante-air-monitoring\/am-3000-preleveur-dair-pour-diagnostic-fibres-damiante-et-particules\/\",\"url\":\"https:\/\/snowhouse.ca\/product\/environmental-monitoring\/asbestos-aimiante-air-monitoring\/am-3000-preleveur-dair-pour-diagnostic-fibres-damiante-et-particules\/\",\"name\":\"AM 3000 - SnowHouse\",\"isPartOf\":{\"@id\":\"https:\/\/snowhouse.ca\/#website\"},\"primaryImageOfPage\":{\"@id\":\"https:\/\/snowhouse.ca\/product\/environmental-monitoring\/asbestos-aimiante-air-monitoring\/am-3000-preleveur-dair-pour-diagnostic-fibres-damiante-et-particules\/#primaryimage\"},\"image\":{\"@id\":\"https:\/\/snowhouse.ca\/product\/environmental-monitoring\/asbestos-aimiante-air-monitoring\/am-3000-preleveur-dair-pour-diagnostic-fibres-damiante-et-particules\/#primaryimage\"},\"thumbnailUrl\":\"https:\/\/snowhouse.ca\/wp-content\/uploads\/2025\/07\/42827.jpg?wsr\",\"datePublished\":\"2025-07-23T01:39:10+00:00\",\"dateModified\":\"2025-10-28T20:36:26+00:00\",\"breadcrumb\":{\"@id\":\"https:\/\/snowhouse.ca\/product\/environmental-monitoring\/asbestos-aimiante-air-monitoring\/am-3000-preleveur-dair-pour-diagnostic-fibres-damiante-et-particules\/#breadcrumb\"},\"inLanguage\":\"fr-CA\",\"potentialAction\":[{\"@type\":\"ReadAction\",\"target\":[\"https:\/\/snowhouse.ca\/product\/environmental-monitoring\/asbestos-aimiante-air-monitoring\/am-3000-preleveur-dair-pour-diagnostic-fibres-damiante-et-particules\/\"]}]},{\"@type\":\"ImageObject\",\"inLanguage\":\"fr-CA\",\"@id\":\"https:\/\/snowhouse.ca\/product\/environmental-monitoring\/asbestos-aimiante-air-monitoring\/am-3000-preleveur-dair-pour-diagnostic-fibres-damiante-et-particules\/#primaryimage\",\"url\":\"https:\/\/snowhouse.ca\/wp-content\/uploads\/2025\/07\/42827.jpg?wsr\",\"contentUrl\":\"https:\/\/snowhouse.ca\/wp-content\/uploads\/2025\/07\/42827.jpg?wsr\",\"width\":800,\"height\":600},{\"@type\":\"BreadcrumbList\",\"@id\":\"https:\/\/snowhouse.ca\/product\/environmental-monitoring\/asbestos-aimiante-air-monitoring\/am-3000-preleveur-dair-pour-diagnostic-fibres-damiante-et-particules\/#breadcrumb\",\"itemListElement\":[{\"@type\":\"ListItem\",\"position\":1,\"name\":\"Home\",\"item\":\"https:\/\/snowhouse.ca\/\"},{\"@type\":\"ListItem\",\"position\":2,\"name\":\"Products\",\"item\":\"https:\/\/snowhouse.ca\/products\/\"},{\"@type\":\"ListItem\",\"position\":3,\"name\":\"AM 3000\"}]},{\"@type\":\"WebSite\",\"@id\":\"https:\/\/snowhouse.ca\/#website\",\"url\":\"https:\/\/snowhouse.ca\/\",\"name\":\"SnowHouse\",\"description\":\"Trusted Scientific Instruments\",\"publisher\":{\"@id\":\"https:\/\/snowhouse.ca\/#organization\"},\"potentialAction\":[{\"@type\":\"SearchAction\",\"target\":{\"@type\":\"EntryPoint\",\"urlTemplate\":\"https:\/\/snowhouse.ca\/?s={search_term_string}\"},\"query-input\":{\"@type\":\"PropertyValueSpecification\",\"valueRequired\":true,\"valueName\":\"search_term_string\"}}],\"inLanguage\":\"fr-CA\"},{\"@type\":\"Organization\",\"@id\":\"https:\/\/snowhouse.ca\/#organization\",\"name\":\"Snowhouse inc.\",\"alternateName\":\"Snowhouse\",\"url\":\"https:\/\/snowhouse.ca\/\",\"logo\":{\"@type\":\"ImageObject\",\"inLanguage\":\"fr-CA\",\"@id\":\"https:\/\/snowhouse.ca\/#\/schema\/logo\/image\/\",\"url\":\"https:\/\/snowhouse.ca\/wp-content\/uploads\/2025\/07\/SnowHouse-Logo.png\",\"contentUrl\":\"https:\/\/snowhouse.ca\/wp-content\/uploads\/2025\/07\/SnowHouse-Logo.png\",\"width\":508,\"height\":136,\"caption\":\"Snowhouse inc.\"},\"image\":{\"@id\":\"https:\/\/snowhouse.ca\/#\/schema\/logo\/image\/\"}}]}<\/script>\n<!-- \/ Yoast SEO plugin. -->","yoast_head_json":{"title":"AM 3000 - SnowHouse","robots":{"index":"index","follow":"follow","max-snippet":"max-snippet:-1","max-image-preview":"max-image-preview:large","max-video-preview":"max-video-preview:-1"},"canonical":"https:\/\/snowhouse.ca\/fr\/product\/environmental-monitoring\/asbestos-aimiante-air-monitoring\/am-3000-preleveur-dair-pour-diagnostic-fibres-damiante-et-particules\/","og_locale":"fr_CA","og_type":"article","og_title":"AM 3000 - SnowHouse","og_description":"Advanced SDEC France laboratory instrument for research","og_url":"https:\/\/snowhouse.ca\/fr\/product\/environmental-monitoring\/asbestos-aimiante-air-monitoring\/am-3000-preleveur-dair-pour-diagnostic-fibres-damiante-et-particules\/","og_site_name":"SnowHouse","article_modified_time":"2025-10-28T20:36:26+00:00","og_image":[{"width":800,"height":600,"url":"https:\/\/snowhouse.ca\/wp-content\/uploads\/2025\/07\/42827.jpg","type":"image\/jpeg"}],"twitter_card":"summary_large_image","twitter_misc":{"Estimation du temps de lecture":"3 minutes"},"schema":{"@context":"https:\/\/schema.org","@graph":[{"@type":"WebPage","@id":"https:\/\/snowhouse.ca\/product\/environmental-monitoring\/asbestos-aimiante-air-monitoring\/am-3000-preleveur-dair-pour-diagnostic-fibres-damiante-et-particules\/","url":"https:\/\/snowhouse.ca\/product\/environmental-monitoring\/asbestos-aimiante-air-monitoring\/am-3000-preleveur-dair-pour-diagnostic-fibres-damiante-et-particules\/","name":"AM 3000 - SnowHouse","isPartOf":{"@id":"https:\/\/snowhouse.ca\/#website"},"primaryImageOfPage":{"@id":"https:\/\/snowhouse.ca\/product\/environmental-monitoring\/asbestos-aimiante-air-monitoring\/am-3000-preleveur-dair-pour-diagnostic-fibres-damiante-et-particules\/#primaryimage"},"image":{"@id":"https:\/\/snowhouse.ca\/product\/environmental-monitoring\/asbestos-aimiante-air-monitoring\/am-3000-preleveur-dair-pour-diagnostic-fibres-damiante-et-particules\/#primaryimage"},"thumbnailUrl":"https:\/\/snowhouse.ca\/wp-content\/uploads\/2025\/07\/42827.jpg?wsr","datePublished":"2025-07-23T01:39:10+00:00","dateModified":"2025-10-28T20:36:26+00:00","breadcrumb":{"@id":"https:\/\/snowhouse.ca\/product\/environmental-monitoring\/asbestos-aimiante-air-monitoring\/am-3000-preleveur-dair-pour-diagnostic-fibres-damiante-et-particules\/#breadcrumb"},"inLanguage":"fr-CA","potentialAction":[{"@type":"ReadAction","target":["https:\/\/snowhouse.ca\/product\/environmental-monitoring\/asbestos-aimiante-air-monitoring\/am-3000-preleveur-dair-pour-diagnostic-fibres-damiante-et-particules\/"]}]},{"@type":"ImageObject","inLanguage":"fr-CA","@id":"https:\/\/snowhouse.ca\/product\/environmental-monitoring\/asbestos-aimiante-air-monitoring\/am-3000-preleveur-dair-pour-diagnostic-fibres-damiante-et-particules\/#primaryimage","url":"https:\/\/snowhouse.ca\/wp-content\/uploads\/2025\/07\/42827.jpg?wsr","contentUrl":"https:\/\/snowhouse.ca\/wp-content\/uploads\/2025\/07\/42827.jpg?wsr","width":800,"height":600},{"@type":"BreadcrumbList","@id":"https:\/\/snowhouse.ca\/product\/environmental-monitoring\/asbestos-aimiante-air-monitoring\/am-3000-preleveur-dair-pour-diagnostic-fibres-damiante-et-particules\/#breadcrumb","itemListElement":[{"@type":"ListItem","position":1,"name":"Home","item":"https:\/\/snowhouse.ca\/"},{"@type":"ListItem","position":2,"name":"Products","item":"https:\/\/snowhouse.ca\/products\/"},{"@type":"ListItem","position":3,"name":"AM 3000"}]},{"@type":"WebSite","@id":"https:\/\/snowhouse.ca\/#website","url":"https:\/\/snowhouse.ca\/","name":"Maison de neige","description":"Instruments scientifiques de confiance","publisher":{"@id":"https:\/\/snowhouse.ca\/#organization"},"potentialAction":[{"@type":"SearchAction","target":{"@type":"EntryPoint","urlTemplate":"https:\/\/snowhouse.ca\/?s={search_term_string}"},"query-input":{"@type":"PropertyValueSpecification","valueRequired":true,"valueName":"search_term_string"}}],"inLanguage":"fr-CA"},{"@type":"Organization","@id":"https:\/\/snowhouse.ca\/#organization","name":"Snowhouse inc.","alternateName":"Snowhouse","url":"https:\/\/snowhouse.ca\/","logo":{"@type":"ImageObject","inLanguage":"fr-CA","@id":"https:\/\/snowhouse.ca\/#\/schema\/logo\/image\/","url":"https:\/\/snowhouse.ca\/wp-content\/uploads\/2025\/07\/SnowHouse-Logo.png","contentUrl":"https:\/\/snowhouse.ca\/wp-content\/uploads\/2025\/07\/SnowHouse-Logo.png","width":508,"height":136,"caption":"Snowhouse inc."},"image":{"@id":"https:\/\/snowhouse.ca\/#\/schema\/logo\/image\/"}}]}},"_links":{"self":[{"href":"https:\/\/snowhouse.ca\/fr\/wp-json\/wp\/v2\/product\/546","targetHints":{"allow":["GET"]}}],"collection":[{"href":"https:\/\/snowhouse.ca\/fr\/wp-json\/wp\/v2\/product"}],"about":[{"href":"https:\/\/snowhouse.ca\/fr\/wp-json\/wp\/v2\/types\/product"}],"wp:featuredmedia":[{"embeddable":true,"href":"https:\/\/snowhouse.ca\/fr\/wp-json\/wp\/v2\/media\/547"}],"wp:attachment":[{"href":"https:\/\/snowhouse.ca\/fr\/wp-json\/wp\/v2\/media?parent=546"}],"wp:term":[{"taxonomy":"product_brand","embeddable":true,"href":"https:\/\/snowhouse.ca\/fr\/wp-json\/wp\/v2\/product_brand?post=546"},{"taxonomy":"product_cat","embeddable":true,"href":"https:\/\/snowhouse.ca\/fr\/wp-json\/wp\/v2\/product_cat?post=546"},{"taxonomy":"product_tag","embeddable":true,"href":"https:\/\/snowhouse.ca\/fr\/wp-json\/wp\/v2\/product_tag?post=546"},{"taxonomy":"document","embeddable":true,"href":"https:\/\/snowhouse.ca\/fr\/wp-json\/wp\/v2\/document?post=546"}],"curies":[{"name":"wp","href":"https:\/\/api.w.org\/{rel}","templated":true}]}}