{"id":554,"date":"2025-07-23T01:39:30","date_gmt":"2025-07-23T01:39:30","guid":{"rendered":"https:\/\/snowhouse.ca\/produit\/6-ct-350s\/"},"modified":"2025-11-24T21:55:45","modified_gmt":"2025-11-24T21:55:45","slug":"6-ct-350","status":"publish","type":"product","link":"https:\/\/snowhouse.ca\/fr\/produit\/material-characterization\/3d-optical-profilometer\/6-ct-350\/","title":{"rendered":"CT 350"},"content":{"rendered":"<h3><strong>CT 350 &#8211; Non-Contact Profilometer<\/strong><\/h3>\n<p>\u2013 Grande zone de num\u00e9risation de 350 mm x 350 mm<br \/>\n\u2013 Grande plage de d\u00e9placement horizontal \u00e0 haute r\u00e9solution gr\u00e2ce \u00e0 un axe en boucle ferm\u00e9e<br \/>\n- Convivial<br \/>\n\u2013 Logiciels sophistiqu\u00e9s d&#039;analyse et d&#039;automatisation<\/p>\n<p>Le <strong>CT 350S<\/strong> Le CT 350S est un profilom\u00e8tre sans contact dot\u00e9 d&#039;une platine de balayage X et Y de 350 mm et d&#039;un axe Z en boucle ferm\u00e9e de 200 mm. Les trois axes sont mont\u00e9s sur paliers \u00e0 air et \u00e9quip\u00e9s de moteurs lin\u00e9aires magn\u00e9tiques. Le syst\u00e8me repose sur une structure massive en granit avec un support au sol isol\u00e9 des vibrations. Le syst\u00e8me de d\u00e9placement X et Y offre des performances exceptionnelles avec une erreur inf\u00e9rieure \u00e0 100 nm. Lors du balayage, l&#039;axe Z \u00e9pouse la forme de la pi\u00e8ce. La mesure de hauteur r\u00e9sulte de la combinaison du signal calibr\u00e9 de l&#039;encodeur Z et de la hauteur mesur\u00e9e par le capteur. Ceci permet au syst\u00e8me d&#039;atteindre une tr\u00e8s haute r\u00e9solution verticale sur toute la course de l&#039;axe Z (200 mm). Con\u00e7u initialement pour la mesure d&#039;optiques de pr\u00e9cision, le CT 350S trouve \u00e9galement d&#039;excellentes applications dans la mesure de contours, la d\u00e9termination de hauteurs de marches, l&#039;analyse de rugosit\u00e9 et d&#039;autres analyses 2D et 3D. Les capteurs sont disponibles avec une r\u00e9solution jusqu&#039;\u00e0 3 nm.<\/p>\n<h3><strong>Technologie<\/strong><\/h3>\n<p>\u2013 Moteurs lin\u00e9aires magn\u00e9tiques rapides, pr\u00e9cis et fiables avec paliers \u00e0 air<br \/>\n\u2013 Vitesse de mesure de 4 kHz<br \/>\nCourse de 350 mm en x et y, axe z motoris\u00e9 de 200 mm, \u00e9chelles en verre avec une r\u00e9solution de 1 nm<br \/>\n\u2013 Profils 2D et cartes topographiques 3D (mesure topographique)<br \/>\n\u2013 Grandes zones de num\u00e9risation, jusqu&#039;\u00e0 une course maximale de 350 mm \u00e0 la r\u00e9solution maximale en x, y, z<br \/>\n\u2013 Capteurs de lumi\u00e8re blanche chromatique avec une r\u00e9solution jusqu&#039;\u00e0 3 nm<br \/>\n\u2013 Cam\u00e9ra couleur hors axe haute r\u00e9solution<\/p>","protected":false},"excerpt":{"rendered":"<p>Versatile Metrology System<\/p>","protected":false},"featured_media":2695,"template":"","meta":[],"product_brand":[556],"product_cat":[88],"product_tag":[],"document":[],"class_list":{"0":"post-554","1":"product","2":"type-product","3":"status-publish","4":"has-post-thumbnail","6":"product_brand-cyber-technologies","7":"product_cat-3d-optical-profilometer","9":"first","10":"instock","11":"purchasable","12":"product-type-simple"},"yoast_head":"<!-- This site is optimized with the Yoast SEO plugin v26.8 - https:\/\/yoast.com\/product\/yoast-seo-wordpress\/ -->\n<title>CT 350 - SnowHouse<\/title>\n<meta name=\"robots\" content=\"index, follow, max-snippet:-1, max-image-preview:large, max-video-preview:-1\" \/>\n<link rel=\"canonical\" href=\"https:\/\/snowhouse.ca\/fr\/product\/material-characterization\/3d-optical-profilometer\/6-ct-350\/\" \/>\n<meta property=\"og:locale\" content=\"fr_CA\" \/>\n<meta property=\"og:type\" content=\"article\" \/>\n<meta property=\"og:title\" content=\"CT 350 - SnowHouse\" \/>\n<meta property=\"og:description\" content=\"Versatile Metrology System\" \/>\n<meta property=\"og:url\" content=\"https:\/\/snowhouse.ca\/fr\/product\/material-characterization\/3d-optical-profilometer\/6-ct-350\/\" \/>\n<meta property=\"og:site_name\" content=\"SnowHouse\" \/>\n<meta property=\"article:modified_time\" content=\"2025-11-24T21:55:45+00:00\" \/>\n<meta property=\"og:image\" content=\"https:\/\/snowhouse.ca\/wp-content\/uploads\/2025\/07\/CT350-screen-framed-1.png\" \/>\n\t<meta property=\"og:image:width\" content=\"800\" \/>\n\t<meta property=\"og:image:height\" content=\"650\" \/>\n\t<meta property=\"og:image:type\" content=\"image\/png\" \/>\n<meta name=\"twitter:card\" content=\"summary_large_image\" \/>\n<meta name=\"twitter:label1\" content=\"Estimation du temps de lecture\" \/>\n\t<meta name=\"twitter:data1\" content=\"2 minutes\" \/>\n<script type=\"application\/ld+json\" class=\"yoast-schema-graph\">{\"@context\":\"https:\/\/schema.org\",\"@graph\":[{\"@type\":\"WebPage\",\"@id\":\"https:\/\/snowhouse.ca\/product\/material-characterization\/3d-optical-profilometer\/6-ct-350\/\",\"url\":\"https:\/\/snowhouse.ca\/product\/material-characterization\/3d-optical-profilometer\/6-ct-350\/\",\"name\":\"CT 350 - SnowHouse\",\"isPartOf\":{\"@id\":\"https:\/\/snowhouse.ca\/#website\"},\"primaryImageOfPage\":{\"@id\":\"https:\/\/snowhouse.ca\/product\/material-characterization\/3d-optical-profilometer\/6-ct-350\/#primaryimage\"},\"image\":{\"@id\":\"https:\/\/snowhouse.ca\/product\/material-characterization\/3d-optical-profilometer\/6-ct-350\/#primaryimage\"},\"thumbnailUrl\":\"https:\/\/snowhouse.ca\/wp-content\/uploads\/2025\/07\/CT350-screen-framed-1.png?wsr\",\"datePublished\":\"2025-07-23T01:39:30+00:00\",\"dateModified\":\"2025-11-24T21:55:45+00:00\",\"breadcrumb\":{\"@id\":\"https:\/\/snowhouse.ca\/product\/material-characterization\/3d-optical-profilometer\/6-ct-350\/#breadcrumb\"},\"inLanguage\":\"fr-CA\",\"potentialAction\":[{\"@type\":\"ReadAction\",\"target\":[\"https:\/\/snowhouse.ca\/product\/material-characterization\/3d-optical-profilometer\/6-ct-350\/\"]}]},{\"@type\":\"ImageObject\",\"inLanguage\":\"fr-CA\",\"@id\":\"https:\/\/snowhouse.ca\/product\/material-characterization\/3d-optical-profilometer\/6-ct-350\/#primaryimage\",\"url\":\"https:\/\/snowhouse.ca\/wp-content\/uploads\/2025\/07\/CT350-screen-framed-1.png?wsr\",\"contentUrl\":\"https:\/\/snowhouse.ca\/wp-content\/uploads\/2025\/07\/CT350-screen-framed-1.png?wsr\",\"width\":800,\"height\":650},{\"@type\":\"BreadcrumbList\",\"@id\":\"https:\/\/snowhouse.ca\/product\/material-characterization\/3d-optical-profilometer\/6-ct-350\/#breadcrumb\",\"itemListElement\":[{\"@type\":\"ListItem\",\"position\":1,\"name\":\"Home\",\"item\":\"https:\/\/snowhouse.ca\/\"},{\"@type\":\"ListItem\",\"position\":2,\"name\":\"Products\",\"item\":\"https:\/\/snowhouse.ca\/products\/\"},{\"@type\":\"ListItem\",\"position\":3,\"name\":\"CT 350\"}]},{\"@type\":\"WebSite\",\"@id\":\"https:\/\/snowhouse.ca\/#website\",\"url\":\"https:\/\/snowhouse.ca\/\",\"name\":\"SnowHouse\",\"description\":\"Trusted Scientific Instruments\",\"publisher\":{\"@id\":\"https:\/\/snowhouse.ca\/#organization\"},\"potentialAction\":[{\"@type\":\"SearchAction\",\"target\":{\"@type\":\"EntryPoint\",\"urlTemplate\":\"https:\/\/snowhouse.ca\/?s={search_term_string}\"},\"query-input\":{\"@type\":\"PropertyValueSpecification\",\"valueRequired\":true,\"valueName\":\"search_term_string\"}}],\"inLanguage\":\"fr-CA\"},{\"@type\":\"Organization\",\"@id\":\"https:\/\/snowhouse.ca\/#organization\",\"name\":\"Snowhouse inc.\",\"alternateName\":\"Snowhouse\",\"url\":\"https:\/\/snowhouse.ca\/\",\"logo\":{\"@type\":\"ImageObject\",\"inLanguage\":\"fr-CA\",\"@id\":\"https:\/\/snowhouse.ca\/#\/schema\/logo\/image\/\",\"url\":\"https:\/\/snowhouse.ca\/wp-content\/uploads\/2025\/07\/SnowHouse-Logo.png\",\"contentUrl\":\"https:\/\/snowhouse.ca\/wp-content\/uploads\/2025\/07\/SnowHouse-Logo.png\",\"width\":508,\"height\":136,\"caption\":\"Snowhouse inc.\"},\"image\":{\"@id\":\"https:\/\/snowhouse.ca\/#\/schema\/logo\/image\/\"}}]}<\/script>\n<!-- \/ Yoast SEO plugin. -->","yoast_head_json":{"title":"CT 350 - SnowHouse","robots":{"index":"index","follow":"follow","max-snippet":"max-snippet:-1","max-image-preview":"max-image-preview:large","max-video-preview":"max-video-preview:-1"},"canonical":"https:\/\/snowhouse.ca\/fr\/product\/material-characterization\/3d-optical-profilometer\/6-ct-350\/","og_locale":"fr_CA","og_type":"article","og_title":"CT 350 - SnowHouse","og_description":"Versatile Metrology System","og_url":"https:\/\/snowhouse.ca\/fr\/product\/material-characterization\/3d-optical-profilometer\/6-ct-350\/","og_site_name":"SnowHouse","article_modified_time":"2025-11-24T21:55:45+00:00","og_image":[{"width":800,"height":650,"url":"https:\/\/snowhouse.ca\/wp-content\/uploads\/2025\/07\/CT350-screen-framed-1.png","type":"image\/png"}],"twitter_card":"summary_large_image","twitter_misc":{"Estimation du temps de lecture":"2 minutes"},"schema":{"@context":"https:\/\/schema.org","@graph":[{"@type":"WebPage","@id":"https:\/\/snowhouse.ca\/product\/material-characterization\/3d-optical-profilometer\/6-ct-350\/","url":"https:\/\/snowhouse.ca\/product\/material-characterization\/3d-optical-profilometer\/6-ct-350\/","name":"CT 350 - SnowHouse","isPartOf":{"@id":"https:\/\/snowhouse.ca\/#website"},"primaryImageOfPage":{"@id":"https:\/\/snowhouse.ca\/product\/material-characterization\/3d-optical-profilometer\/6-ct-350\/#primaryimage"},"image":{"@id":"https:\/\/snowhouse.ca\/product\/material-characterization\/3d-optical-profilometer\/6-ct-350\/#primaryimage"},"thumbnailUrl":"https:\/\/snowhouse.ca\/wp-content\/uploads\/2025\/07\/CT350-screen-framed-1.png?wsr","datePublished":"2025-07-23T01:39:30+00:00","dateModified":"2025-11-24T21:55:45+00:00","breadcrumb":{"@id":"https:\/\/snowhouse.ca\/product\/material-characterization\/3d-optical-profilometer\/6-ct-350\/#breadcrumb"},"inLanguage":"fr-CA","potentialAction":[{"@type":"ReadAction","target":["https:\/\/snowhouse.ca\/product\/material-characterization\/3d-optical-profilometer\/6-ct-350\/"]}]},{"@type":"ImageObject","inLanguage":"fr-CA","@id":"https:\/\/snowhouse.ca\/product\/material-characterization\/3d-optical-profilometer\/6-ct-350\/#primaryimage","url":"https:\/\/snowhouse.ca\/wp-content\/uploads\/2025\/07\/CT350-screen-framed-1.png?wsr","contentUrl":"https:\/\/snowhouse.ca\/wp-content\/uploads\/2025\/07\/CT350-screen-framed-1.png?wsr","width":800,"height":650},{"@type":"BreadcrumbList","@id":"https:\/\/snowhouse.ca\/product\/material-characterization\/3d-optical-profilometer\/6-ct-350\/#breadcrumb","itemListElement":[{"@type":"ListItem","position":1,"name":"Home","item":"https:\/\/snowhouse.ca\/"},{"@type":"ListItem","position":2,"name":"Products","item":"https:\/\/snowhouse.ca\/products\/"},{"@type":"ListItem","position":3,"name":"CT 350"}]},{"@type":"WebSite","@id":"https:\/\/snowhouse.ca\/#website","url":"https:\/\/snowhouse.ca\/","name":"Maison de neige","description":"Instruments scientifiques de confiance","publisher":{"@id":"https:\/\/snowhouse.ca\/#organization"},"potentialAction":[{"@type":"SearchAction","target":{"@type":"EntryPoint","urlTemplate":"https:\/\/snowhouse.ca\/?s={search_term_string}"},"query-input":{"@type":"PropertyValueSpecification","valueRequired":true,"valueName":"search_term_string"}}],"inLanguage":"fr-CA"},{"@type":"Organization","@id":"https:\/\/snowhouse.ca\/#organization","name":"Snowhouse inc.","alternateName":"Snowhouse","url":"https:\/\/snowhouse.ca\/","logo":{"@type":"ImageObject","inLanguage":"fr-CA","@id":"https:\/\/snowhouse.ca\/#\/schema\/logo\/image\/","url":"https:\/\/snowhouse.ca\/wp-content\/uploads\/2025\/07\/SnowHouse-Logo.png","contentUrl":"https:\/\/snowhouse.ca\/wp-content\/uploads\/2025\/07\/SnowHouse-Logo.png","width":508,"height":136,"caption":"Snowhouse inc."},"image":{"@id":"https:\/\/snowhouse.ca\/#\/schema\/logo\/image\/"}}]}},"_links":{"self":[{"href":"https:\/\/snowhouse.ca\/fr\/wp-json\/wp\/v2\/product\/554","targetHints":{"allow":["GET"]}}],"collection":[{"href":"https:\/\/snowhouse.ca\/fr\/wp-json\/wp\/v2\/product"}],"about":[{"href":"https:\/\/snowhouse.ca\/fr\/wp-json\/wp\/v2\/types\/product"}],"wp:featuredmedia":[{"embeddable":true,"href":"https:\/\/snowhouse.ca\/fr\/wp-json\/wp\/v2\/media\/2695"}],"wp:attachment":[{"href":"https:\/\/snowhouse.ca\/fr\/wp-json\/wp\/v2\/media?parent=554"}],"wp:term":[{"taxonomy":"product_brand","embeddable":true,"href":"https:\/\/snowhouse.ca\/fr\/wp-json\/wp\/v2\/product_brand?post=554"},{"taxonomy":"product_cat","embeddable":true,"href":"https:\/\/snowhouse.ca\/fr\/wp-json\/wp\/v2\/product_cat?post=554"},{"taxonomy":"product_tag","embeddable":true,"href":"https:\/\/snowhouse.ca\/fr\/wp-json\/wp\/v2\/product_tag?post=554"},{"taxonomy":"document","embeddable":true,"href":"https:\/\/snowhouse.ca\/fr\/wp-json\/wp\/v2\/document?post=554"}],"curies":[{"name":"wp","href":"https:\/\/api.w.org\/{rel}","templated":true}]}}