{"id":556,"date":"2025-07-23T01:39:30","date_gmt":"2025-07-23T01:39:30","guid":{"rendered":"https:\/\/snowhouse.ca\/produit\/5-ct-300\/"},"modified":"2025-11-24T21:47:27","modified_gmt":"2025-11-24T21:47:27","slug":"5-ct-300","status":"publish","type":"product","link":"https:\/\/snowhouse.ca\/fr\/produit\/material-characterization\/3d-optical-profilometer\/5-ct-300\/","title":{"rendered":"CT 300"},"content":{"rendered":"<p><strong>CT 300 \u2013 Profilom\u00e8tre sans contact<\/strong><\/p>\n<p>\u2013 Grande zone de num\u00e9risation de 315 mm x 315 mm<br \/>\n\u2013 Mesure rapide, pr\u00e9cise et exacte sur des \u00e9chantillons de petite et de grande taille<br \/>\n\u2013 Concept convivial<br \/>\n\u2013 Logiciels sophistiqu\u00e9s d&#039;analyse et d&#039;automatisation<\/p>\n<p>Le<strong> CT 300 <\/strong>Il s&#039;agit d&#039;un profilom\u00e8tre sans contact dot\u00e9 d&#039;un syst\u00e8me de d\u00e9placement x-y de 315 mm. Il peut traiter des plaquettes jusqu&#039;\u00e0 12 pouces ou d&#039;autres substrats et pi\u00e8ces de grande taille. Il est id\u00e9al pour mesurer la plan\u00e9it\u00e9 avec une pr\u00e9cision submicronique sur toute sa course de 315 mm. Gr\u00e2ce \u00e0 un capteur \u00e0 lumi\u00e8re blanche chromatique et une fr\u00e9quence d&#039;acquisition de donn\u00e9es jusqu&#039;\u00e0 4 kHz, le temps d&#039;inspection est minimis\u00e9. Les capteurs sont disponibles avec une r\u00e9solution jusqu&#039;\u00e0 3 nm et une plage de mesure jusqu&#039;\u00e0 25 mm. Notre technologie multi-capteurs permet le montage simultan\u00e9 de plusieurs t\u00eates de capteur, y compris des interf\u00e9rom\u00e8tres infrarouges pour la mesure de l&#039;\u00e9paisseur des plaquettes.<\/p>\n<p><strong>Technologie<\/strong><\/p>\n<p>\u2013 Moteurs lin\u00e9aires magn\u00e9tiques rapides et pr\u00e9cis<br \/>\n\u2013 Vitesse de mesure 2 kHz (4 kHz, 14 kHz en option)<br \/>\n\u2013 Course de 315 mm selon les axes x et y, r\u00e9solution lat\u00e9rale de 0,05 \u00b5m, axe z motoris\u00e9 en option<br \/>\n\u2013 Profils 2D et cartes topographiques 3D (mesure topographique)<br \/>\n\u2013 Grandes zones de num\u00e9risation, jusqu&#039;\u00e0 une course maximale de 315 mm avec une r\u00e9solution maximale en x, y et z<br \/>\n\u2013 Capteurs de lumi\u00e8re blanche confocale laser et chromatique<br \/>\n\u2013 R\u00e9solution jusqu&#039;\u00e0 3 nm, plage de mesure jusqu&#039;\u00e0 25 mm<br \/>\n\u2013 Cam\u00e9ra axiale ou cam\u00e9ra hors axe haute r\u00e9solution<\/p>","protected":false},"excerpt":{"rendered":"<p>Versatile Metrology Systems<\/p>","protected":false},"featured_media":2642,"template":"","meta":[],"product_brand":[556],"product_cat":[88],"product_tag":[],"document":[],"class_list":{"0":"post-556","1":"product","2":"type-product","3":"status-publish","4":"has-post-thumbnail","6":"product_brand-cyber-technologies","7":"product_cat-3d-optical-profilometer","9":"first","10":"instock","11":"purchasable","12":"product-type-simple"},"yoast_head":"<!-- This site is optimized with the Yoast SEO plugin v26.8 - https:\/\/yoast.com\/product\/yoast-seo-wordpress\/ -->\n<title>CT 300 - SnowHouse<\/title>\n<meta name=\"robots\" content=\"index, follow, max-snippet:-1, max-image-preview:large, max-video-preview:-1\" \/>\n<link rel=\"canonical\" href=\"https:\/\/snowhouse.ca\/fr\/product\/material-characterization\/3d-optical-profilometer\/5-ct-300\/\" \/>\n<meta property=\"og:locale\" content=\"fr_CA\" \/>\n<meta property=\"og:type\" content=\"article\" \/>\n<meta property=\"og:title\" content=\"CT 300 - SnowHouse\" \/>\n<meta property=\"og:description\" content=\"Versatile Metrology Systems\" \/>\n<meta property=\"og:url\" content=\"https:\/\/snowhouse.ca\/fr\/product\/material-characterization\/3d-optical-profilometer\/5-ct-300\/\" \/>\n<meta property=\"og:site_name\" content=\"SnowHouse\" \/>\n<meta property=\"article:modified_time\" content=\"2025-11-24T21:47:27+00:00\" \/>\n<meta property=\"og:image\" content=\"https:\/\/snowhouse.ca\/wp-content\/uploads\/2025\/07\/CT350-screen-framed.png\" \/>\n\t<meta property=\"og:image:width\" content=\"800\" \/>\n\t<meta property=\"og:image:height\" content=\"650\" \/>\n\t<meta property=\"og:image:type\" content=\"image\/png\" \/>\n<meta name=\"twitter:card\" content=\"summary_large_image\" \/>\n<meta name=\"twitter:label1\" content=\"Estimation du temps de lecture\" \/>\n\t<meta name=\"twitter:data1\" content=\"2 minutes\" \/>\n<script type=\"application\/ld+json\" class=\"yoast-schema-graph\">{\"@context\":\"https:\/\/schema.org\",\"@graph\":[{\"@type\":\"WebPage\",\"@id\":\"https:\/\/snowhouse.ca\/product\/material-characterization\/3d-optical-profilometer\/5-ct-300\/\",\"url\":\"https:\/\/snowhouse.ca\/product\/material-characterization\/3d-optical-profilometer\/5-ct-300\/\",\"name\":\"CT 300 - SnowHouse\",\"isPartOf\":{\"@id\":\"https:\/\/snowhouse.ca\/#website\"},\"primaryImageOfPage\":{\"@id\":\"https:\/\/snowhouse.ca\/product\/material-characterization\/3d-optical-profilometer\/5-ct-300\/#primaryimage\"},\"image\":{\"@id\":\"https:\/\/snowhouse.ca\/product\/material-characterization\/3d-optical-profilometer\/5-ct-300\/#primaryimage\"},\"thumbnailUrl\":\"https:\/\/snowhouse.ca\/wp-content\/uploads\/2025\/07\/CT350-screen-framed.png?wsr\",\"datePublished\":\"2025-07-23T01:39:30+00:00\",\"dateModified\":\"2025-11-24T21:47:27+00:00\",\"breadcrumb\":{\"@id\":\"https:\/\/snowhouse.ca\/product\/material-characterization\/3d-optical-profilometer\/5-ct-300\/#breadcrumb\"},\"inLanguage\":\"fr-CA\",\"potentialAction\":[{\"@type\":\"ReadAction\",\"target\":[\"https:\/\/snowhouse.ca\/product\/material-characterization\/3d-optical-profilometer\/5-ct-300\/\"]}]},{\"@type\":\"ImageObject\",\"inLanguage\":\"fr-CA\",\"@id\":\"https:\/\/snowhouse.ca\/product\/material-characterization\/3d-optical-profilometer\/5-ct-300\/#primaryimage\",\"url\":\"https:\/\/snowhouse.ca\/wp-content\/uploads\/2025\/07\/CT350-screen-framed.png?wsr\",\"contentUrl\":\"https:\/\/snowhouse.ca\/wp-content\/uploads\/2025\/07\/CT350-screen-framed.png?wsr\",\"width\":800,\"height\":650},{\"@type\":\"BreadcrumbList\",\"@id\":\"https:\/\/snowhouse.ca\/product\/material-characterization\/3d-optical-profilometer\/5-ct-300\/#breadcrumb\",\"itemListElement\":[{\"@type\":\"ListItem\",\"position\":1,\"name\":\"Home\",\"item\":\"https:\/\/snowhouse.ca\/\"},{\"@type\":\"ListItem\",\"position\":2,\"name\":\"Products\",\"item\":\"https:\/\/snowhouse.ca\/products\/\"},{\"@type\":\"ListItem\",\"position\":3,\"name\":\"CT 300\"}]},{\"@type\":\"WebSite\",\"@id\":\"https:\/\/snowhouse.ca\/#website\",\"url\":\"https:\/\/snowhouse.ca\/\",\"name\":\"SnowHouse\",\"description\":\"Trusted Scientific Instruments\",\"publisher\":{\"@id\":\"https:\/\/snowhouse.ca\/#organization\"},\"potentialAction\":[{\"@type\":\"SearchAction\",\"target\":{\"@type\":\"EntryPoint\",\"urlTemplate\":\"https:\/\/snowhouse.ca\/?s={search_term_string}\"},\"query-input\":{\"@type\":\"PropertyValueSpecification\",\"valueRequired\":true,\"valueName\":\"search_term_string\"}}],\"inLanguage\":\"fr-CA\"},{\"@type\":\"Organization\",\"@id\":\"https:\/\/snowhouse.ca\/#organization\",\"name\":\"Snowhouse inc.\",\"alternateName\":\"Snowhouse\",\"url\":\"https:\/\/snowhouse.ca\/\",\"logo\":{\"@type\":\"ImageObject\",\"inLanguage\":\"fr-CA\",\"@id\":\"https:\/\/snowhouse.ca\/#\/schema\/logo\/image\/\",\"url\":\"https:\/\/snowhouse.ca\/wp-content\/uploads\/2025\/07\/SnowHouse-Logo.png\",\"contentUrl\":\"https:\/\/snowhouse.ca\/wp-content\/uploads\/2025\/07\/SnowHouse-Logo.png\",\"width\":508,\"height\":136,\"caption\":\"Snowhouse inc.\"},\"image\":{\"@id\":\"https:\/\/snowhouse.ca\/#\/schema\/logo\/image\/\"}}]}<\/script>\n<!-- \/ Yoast SEO plugin. -->","yoast_head_json":{"title":"CT 300 - SnowHouse","robots":{"index":"index","follow":"follow","max-snippet":"max-snippet:-1","max-image-preview":"max-image-preview:large","max-video-preview":"max-video-preview:-1"},"canonical":"https:\/\/snowhouse.ca\/fr\/product\/material-characterization\/3d-optical-profilometer\/5-ct-300\/","og_locale":"fr_CA","og_type":"article","og_title":"CT 300 - SnowHouse","og_description":"Versatile Metrology Systems","og_url":"https:\/\/snowhouse.ca\/fr\/product\/material-characterization\/3d-optical-profilometer\/5-ct-300\/","og_site_name":"SnowHouse","article_modified_time":"2025-11-24T21:47:27+00:00","og_image":[{"width":800,"height":650,"url":"https:\/\/snowhouse.ca\/wp-content\/uploads\/2025\/07\/CT350-screen-framed.png","type":"image\/png"}],"twitter_card":"summary_large_image","twitter_misc":{"Estimation du temps de lecture":"2 minutes"},"schema":{"@context":"https:\/\/schema.org","@graph":[{"@type":"WebPage","@id":"https:\/\/snowhouse.ca\/product\/material-characterization\/3d-optical-profilometer\/5-ct-300\/","url":"https:\/\/snowhouse.ca\/product\/material-characterization\/3d-optical-profilometer\/5-ct-300\/","name":"CT 300 - SnowHouse","isPartOf":{"@id":"https:\/\/snowhouse.ca\/#website"},"primaryImageOfPage":{"@id":"https:\/\/snowhouse.ca\/product\/material-characterization\/3d-optical-profilometer\/5-ct-300\/#primaryimage"},"image":{"@id":"https:\/\/snowhouse.ca\/product\/material-characterization\/3d-optical-profilometer\/5-ct-300\/#primaryimage"},"thumbnailUrl":"https:\/\/snowhouse.ca\/wp-content\/uploads\/2025\/07\/CT350-screen-framed.png?wsr","datePublished":"2025-07-23T01:39:30+00:00","dateModified":"2025-11-24T21:47:27+00:00","breadcrumb":{"@id":"https:\/\/snowhouse.ca\/product\/material-characterization\/3d-optical-profilometer\/5-ct-300\/#breadcrumb"},"inLanguage":"fr-CA","potentialAction":[{"@type":"ReadAction","target":["https:\/\/snowhouse.ca\/product\/material-characterization\/3d-optical-profilometer\/5-ct-300\/"]}]},{"@type":"ImageObject","inLanguage":"fr-CA","@id":"https:\/\/snowhouse.ca\/product\/material-characterization\/3d-optical-profilometer\/5-ct-300\/#primaryimage","url":"https:\/\/snowhouse.ca\/wp-content\/uploads\/2025\/07\/CT350-screen-framed.png?wsr","contentUrl":"https:\/\/snowhouse.ca\/wp-content\/uploads\/2025\/07\/CT350-screen-framed.png?wsr","width":800,"height":650},{"@type":"BreadcrumbList","@id":"https:\/\/snowhouse.ca\/product\/material-characterization\/3d-optical-profilometer\/5-ct-300\/#breadcrumb","itemListElement":[{"@type":"ListItem","position":1,"name":"Home","item":"https:\/\/snowhouse.ca\/"},{"@type":"ListItem","position":2,"name":"Products","item":"https:\/\/snowhouse.ca\/products\/"},{"@type":"ListItem","position":3,"name":"CT 300"}]},{"@type":"WebSite","@id":"https:\/\/snowhouse.ca\/#website","url":"https:\/\/snowhouse.ca\/","name":"Maison de neige","description":"Instruments scientifiques de confiance","publisher":{"@id":"https:\/\/snowhouse.ca\/#organization"},"potentialAction":[{"@type":"SearchAction","target":{"@type":"EntryPoint","urlTemplate":"https:\/\/snowhouse.ca\/?s={search_term_string}"},"query-input":{"@type":"PropertyValueSpecification","valueRequired":true,"valueName":"search_term_string"}}],"inLanguage":"fr-CA"},{"@type":"Organization","@id":"https:\/\/snowhouse.ca\/#organization","name":"Snowhouse inc.","alternateName":"Snowhouse","url":"https:\/\/snowhouse.ca\/","logo":{"@type":"ImageObject","inLanguage":"fr-CA","@id":"https:\/\/snowhouse.ca\/#\/schema\/logo\/image\/","url":"https:\/\/snowhouse.ca\/wp-content\/uploads\/2025\/07\/SnowHouse-Logo.png","contentUrl":"https:\/\/snowhouse.ca\/wp-content\/uploads\/2025\/07\/SnowHouse-Logo.png","width":508,"height":136,"caption":"Snowhouse inc."},"image":{"@id":"https:\/\/snowhouse.ca\/#\/schema\/logo\/image\/"}}]}},"_links":{"self":[{"href":"https:\/\/snowhouse.ca\/fr\/wp-json\/wp\/v2\/product\/556","targetHints":{"allow":["GET"]}}],"collection":[{"href":"https:\/\/snowhouse.ca\/fr\/wp-json\/wp\/v2\/product"}],"about":[{"href":"https:\/\/snowhouse.ca\/fr\/wp-json\/wp\/v2\/types\/product"}],"wp:featuredmedia":[{"embeddable":true,"href":"https:\/\/snowhouse.ca\/fr\/wp-json\/wp\/v2\/media\/2642"}],"wp:attachment":[{"href":"https:\/\/snowhouse.ca\/fr\/wp-json\/wp\/v2\/media?parent=556"}],"wp:term":[{"taxonomy":"product_brand","embeddable":true,"href":"https:\/\/snowhouse.ca\/fr\/wp-json\/wp\/v2\/product_brand?post=556"},{"taxonomy":"product_cat","embeddable":true,"href":"https:\/\/snowhouse.ca\/fr\/wp-json\/wp\/v2\/product_cat?post=556"},{"taxonomy":"product_tag","embeddable":true,"href":"https:\/\/snowhouse.ca\/fr\/wp-json\/wp\/v2\/product_tag?post=556"},{"taxonomy":"document","embeddable":true,"href":"https:\/\/snowhouse.ca\/fr\/wp-json\/wp\/v2\/document?post=556"}],"curies":[{"name":"wp","href":"https:\/\/api.w.org\/{rel}","templated":true}]}}