{"id":560,"date":"2025-07-23T01:39:30","date_gmt":"2025-07-23T01:39:30","guid":{"rendered":"https:\/\/snowhouse.ca\/produit\/1-vantage-50\/"},"modified":"2025-11-12T19:56:11","modified_gmt":"2025-11-12T19:56:11","slug":"1-vantage-50","status":"publish","type":"product","link":"https:\/\/snowhouse.ca\/fr\/produit\/material-characterization\/3d-optical-profilometer\/1-vantage-50\/","title":{"rendered":"AVANTAGE 1"},"content":{"rendered":"<h3><strong>VANTAGE 1 \u2013 Profilom\u00e8tre 2D haute r\u00e9solution<\/strong><\/h3>\n<div class=\"elementor-element elementor-element-45dbdef e-con-full e-flex e-con e-child\" data-id=\"45dbdef\" data-element_type=\"container\" data-settings=\"{&quot;jet_parallax_layout_list&quot;:[]}\">\n<div class=\"elementor-element elementor-element-ba96451 e-con-full e-flex e-con e-child\" data-id=\"ba96451\" data-element_type=\"container\" data-settings=\"{&quot;background_background&quot;:&quot;classic&quot;,&quot;jet_parallax_layout_list&quot;:[]}\">\n<div class=\"elementor-element elementor-element-69a7672 e-con-full e-flex e-con e-child\" data-id=\"69a7672\" data-element_type=\"container\" data-settings=\"{&quot;jet_parallax_layout_list&quot;:[]}\">\n<div class=\"elementor-element elementor-element-1b9d58f elementor-widget elementor-widget-heading\" data-id=\"1b9d58f\" data-element_type=\"widget\" data-widget_type=\"heading.default\">\n<h4 class=\"elementor-widget-container\">Mesurez en toute simplicit\u00e9<\/h4>\n<\/div>\n<\/div>\n<\/div>\n<\/div>\n<div class=\"elementor-element elementor-element-05e468f e-con-full e-flex e-con e-child\" data-id=\"05e468f\" data-element_type=\"container\" data-settings=\"{&quot;jet_parallax_layout_list&quot;:[]}\">\n<div class=\"elementor-element elementor-element-affa385 e-con-full e-flex e-con e-child\" data-id=\"affa385\" data-element_type=\"container\" data-settings=\"{&quot;background_background&quot;:&quot;classic&quot;,&quot;jet_parallax_layout_list&quot;:[]}\">\n<div class=\"elementor-element elementor-element-fb3f286 elementor-widget elementor-widget-heading\" data-id=\"fb3f286\" data-element_type=\"widget\" data-widget_type=\"heading.default\">\n<div class=\"elementor-widget-container\">\n<div class=\"elementor-element elementor-element-b4a6e0d e-flex e-con-boxed e-con e-parent e-lazyloaded\" data-id=\"b4a6e0d\" data-element_type=\"container\" data-settings=\"{&quot;background_background&quot;:&quot;classic&quot;,&quot;jet_parallax_layout_list&quot;:[]}\">\n<div class=\"e-con-inner\">\n<div class=\"elementor-element elementor-element-3e70f75 padding-top-bottom-62 e-flex e-con-boxed e-con e-child\" data-id=\"3e70f75\" data-element_type=\"container\" data-settings=\"{&quot;jet_parallax_layout_list&quot;:[]}\">\n<div class=\"e-con-inner\">\n<div class=\"elementor-element elementor-element-80a3e21 e-con-full e-flex e-con e-child\" data-id=\"80a3e21\" data-element_type=\"container\" data-settings=\"{&quot;jet_parallax_layout_list&quot;:[]}\">\n<div class=\"elementor-element elementor-element-7d0fbd1 elementor-widget elementor-widget-text-editor\" data-id=\"7d0fbd1\" data-element_type=\"widget\" data-widget_type=\"text-editor.default\">\n<div class=\"elementor-widget-container\">\n<p>Le VANTAGE 1 est un profilom\u00e8tre 2D permettant des mesures haute r\u00e9solution sur des longueurs jusqu&#039;\u00e0 50 mm. Facile \u00e0 manipuler et rapide \u00e0 utiliser, il permet d&#039;obtenir des r\u00e9sultats pr\u00e9cis en un rien de temps.<\/p>\n<\/div>\n<\/div>\n<\/div>\n<div class=\"elementor-element elementor-element-f5416ff e-con-full e-flex e-con e-child\" data-id=\"f5416ff\" data-element_type=\"container\" data-settings=\"{&quot;jet_parallax_layout_list&quot;:[]}\">\n<div class=\"elementor-element elementor-element-ab36f44 e-con-full e-flex e-con e-child\" data-id=\"ab36f44\" data-element_type=\"container\" data-settings=\"{&quot;background_background&quot;:&quot;classic&quot;,&quot;jet_parallax_layout_list&quot;:[]}\">\n<div class=\"elementor-element elementor-element-727a5dd elementor-widget elementor-widget-image\" data-id=\"727a5dd\" data-element_type=\"widget\" data-widget_type=\"image.default\">\n<div class=\"elementor-widget-container\"><img fetchpriority=\"high\" decoding=\"async\" class=\"attachment-full size-full wp-image-4083\" src=\"https:\/\/www.cybertechnologies.com\/wp-content\/uploads\/2024\/09\/Vantage1_Application_Bump.jpg\" sizes=\"(max-width: 1300px) 100vw, 1300px\" srcset=\"https:\/\/www.cybertechnologies.com\/wp-content\/uploads\/2024\/09\/Vantage1_Application_Bump.jpg 1300w, https:\/\/www.cybertechnologies.com\/wp-content\/uploads\/2024\/09\/Vantage1_Application_Bump-300x161.jpg 300w, https:\/\/www.cybertechnologies.com\/wp-content\/uploads\/2024\/09\/Vantage1_Application_Bump-1024x551.jpg 1024w, https:\/\/www.cybertechnologies.com\/wp-content\/uploads\/2024\/09\/Vantage1_Application_Bump-768x413.jpg 768w\" alt=\"\" width=\"1300\" height=\"699\" \/><\/div>\n<\/div>\n<div>\n<div class=\"elementor-element elementor-element-49bdbea elementor-widget elementor-widget-heading\" data-id=\"49bdbea\" data-element_type=\"widget\" data-widget_type=\"heading.default\">\n<div class=\"elementor-widget-container\">\n<h2 class=\"elementor-heading-title elementor-size-default\">Technologie<\/h2>\n<\/div>\n<\/div>\n<div class=\"elementor-element elementor-element-153fc61 elementor-widget elementor-widget-text-editor\" data-id=\"153fc61\" data-element_type=\"widget\" data-widget_type=\"text-editor.default\">\n<div class=\"elementor-widget-container\">\n<p>Le VANTAGE 1 offre une conception innovante et compacte qui int\u00e8gre harmonieusement tous les composants \u00e9lectroniques et les capteurs dans un bo\u00eetier \u00e9l\u00e9gant. Cette int\u00e9gration intelligente minimise l&#039;encombrement du syst\u00e8me, lib\u00e9rant ainsi un espace de travail pr\u00e9cieux et offrant une grande flexibilit\u00e9 d&#039;utilisation.<\/p>\n<\/div>\n<\/div>\n<\/div>\n<\/div>\n<\/div>\n<\/div>\n<\/div>\n<\/div>\n<\/div>\n<\/div>\n<\/div>\n<\/div>\n<\/div>","protected":false},"excerpt":{"rendered":"<p>Profilom\u00e8tre 2D compact<\/p>","protected":false},"featured_media":2637,"template":"","meta":[],"product_brand":[556],"product_cat":[88],"product_tag":[],"document":[],"class_list":{"0":"post-560","1":"product","2":"type-product","3":"status-publish","4":"has-post-thumbnail","6":"product_brand-cyber-technologies","7":"product_cat-3d-optical-profilometer","9":"first","10":"instock","11":"purchasable","12":"product-type-simple"},"yoast_head":"<!-- This site is optimized with the Yoast SEO plugin v26.8 - https:\/\/yoast.com\/product\/yoast-seo-wordpress\/ -->\n<title>VANTAGE 1 - SnowHouse<\/title>\n<meta name=\"robots\" content=\"index, follow, max-snippet:-1, max-image-preview:large, max-video-preview:-1\" \/>\n<link rel=\"canonical\" href=\"https:\/\/snowhouse.ca\/fr\/product\/material-characterization\/3d-optical-profilometer\/1-vantage-50\/\" \/>\n<meta property=\"og:locale\" content=\"fr_CA\" \/>\n<meta property=\"og:type\" content=\"article\" \/>\n<meta property=\"og:title\" content=\"VANTAGE 1 - SnowHouse\" \/>\n<meta property=\"og:description\" content=\"Compact 2D Profilometer\" \/>\n<meta property=\"og:url\" content=\"https:\/\/snowhouse.ca\/fr\/product\/material-characterization\/3d-optical-profilometer\/1-vantage-50\/\" \/>\n<meta property=\"og:site_name\" content=\"SnowHouse\" \/>\n<meta property=\"article:modified_time\" content=\"2025-11-12T19:56:11+00:00\" \/>\n<meta property=\"og:image\" content=\"https:\/\/snowhouse.ca\/wp-content\/uploads\/2025\/07\/VANTAGE-1-framed-1.png\" \/>\n\t<meta property=\"og:image:width\" content=\"800\" \/>\n\t<meta property=\"og:image:height\" content=\"650\" \/>\n\t<meta property=\"og:image:type\" content=\"image\/png\" \/>\n<meta name=\"twitter:card\" content=\"summary_large_image\" \/>\n<meta name=\"twitter:label1\" content=\"Estimation du temps de lecture\" \/>\n\t<meta name=\"twitter:data1\" content=\"1 minute\" \/>\n<script type=\"application\/ld+json\" class=\"yoast-schema-graph\">{\"@context\":\"https:\/\/schema.org\",\"@graph\":[{\"@type\":\"WebPage\",\"@id\":\"https:\/\/snowhouse.ca\/product\/material-characterization\/3d-optical-profilometer\/1-vantage-50\/\",\"url\":\"https:\/\/snowhouse.ca\/product\/material-characterization\/3d-optical-profilometer\/1-vantage-50\/\",\"name\":\"VANTAGE 1 - SnowHouse\",\"isPartOf\":{\"@id\":\"https:\/\/snowhouse.ca\/#website\"},\"primaryImageOfPage\":{\"@id\":\"https:\/\/snowhouse.ca\/product\/material-characterization\/3d-optical-profilometer\/1-vantage-50\/#primaryimage\"},\"image\":{\"@id\":\"https:\/\/snowhouse.ca\/product\/material-characterization\/3d-optical-profilometer\/1-vantage-50\/#primaryimage\"},\"thumbnailUrl\":\"https:\/\/snowhouse.ca\/wp-content\/uploads\/2025\/07\/VANTAGE-1-framed-1.png?wsr\",\"datePublished\":\"2025-07-23T01:39:30+00:00\",\"dateModified\":\"2025-11-12T19:56:11+00:00\",\"breadcrumb\":{\"@id\":\"https:\/\/snowhouse.ca\/product\/material-characterization\/3d-optical-profilometer\/1-vantage-50\/#breadcrumb\"},\"inLanguage\":\"fr-CA\",\"potentialAction\":[{\"@type\":\"ReadAction\",\"target\":[\"https:\/\/snowhouse.ca\/product\/material-characterization\/3d-optical-profilometer\/1-vantage-50\/\"]}]},{\"@type\":\"ImageObject\",\"inLanguage\":\"fr-CA\",\"@id\":\"https:\/\/snowhouse.ca\/product\/material-characterization\/3d-optical-profilometer\/1-vantage-50\/#primaryimage\",\"url\":\"https:\/\/snowhouse.ca\/wp-content\/uploads\/2025\/07\/VANTAGE-1-framed-1.png?wsr\",\"contentUrl\":\"https:\/\/snowhouse.ca\/wp-content\/uploads\/2025\/07\/VANTAGE-1-framed-1.png?wsr\",\"width\":800,\"height\":650},{\"@type\":\"BreadcrumbList\",\"@id\":\"https:\/\/snowhouse.ca\/product\/material-characterization\/3d-optical-profilometer\/1-vantage-50\/#breadcrumb\",\"itemListElement\":[{\"@type\":\"ListItem\",\"position\":1,\"name\":\"Home\",\"item\":\"https:\/\/snowhouse.ca\/\"},{\"@type\":\"ListItem\",\"position\":2,\"name\":\"Products\",\"item\":\"https:\/\/snowhouse.ca\/products\/\"},{\"@type\":\"ListItem\",\"position\":3,\"name\":\"VANTAGE 1\"}]},{\"@type\":\"WebSite\",\"@id\":\"https:\/\/snowhouse.ca\/#website\",\"url\":\"https:\/\/snowhouse.ca\/\",\"name\":\"SnowHouse\",\"description\":\"Trusted Scientific Instruments\",\"publisher\":{\"@id\":\"https:\/\/snowhouse.ca\/#organization\"},\"potentialAction\":[{\"@type\":\"SearchAction\",\"target\":{\"@type\":\"EntryPoint\",\"urlTemplate\":\"https:\/\/snowhouse.ca\/?s={search_term_string}\"},\"query-input\":{\"@type\":\"PropertyValueSpecification\",\"valueRequired\":true,\"valueName\":\"search_term_string\"}}],\"inLanguage\":\"fr-CA\"},{\"@type\":\"Organization\",\"@id\":\"https:\/\/snowhouse.ca\/#organization\",\"name\":\"Snowhouse inc.\",\"alternateName\":\"Snowhouse\",\"url\":\"https:\/\/snowhouse.ca\/\",\"logo\":{\"@type\":\"ImageObject\",\"inLanguage\":\"fr-CA\",\"@id\":\"https:\/\/snowhouse.ca\/#\/schema\/logo\/image\/\",\"url\":\"https:\/\/snowhouse.ca\/wp-content\/uploads\/2025\/07\/SnowHouse-Logo.png\",\"contentUrl\":\"https:\/\/snowhouse.ca\/wp-content\/uploads\/2025\/07\/SnowHouse-Logo.png\",\"width\":508,\"height\":136,\"caption\":\"Snowhouse inc.\"},\"image\":{\"@id\":\"https:\/\/snowhouse.ca\/#\/schema\/logo\/image\/\"}}]}<\/script>\n<!-- \/ Yoast SEO plugin. -->","yoast_head_json":{"title":"VANTAGE 1 - SnowHouse","robots":{"index":"index","follow":"follow","max-snippet":"max-snippet:-1","max-image-preview":"max-image-preview:large","max-video-preview":"max-video-preview:-1"},"canonical":"https:\/\/snowhouse.ca\/fr\/product\/material-characterization\/3d-optical-profilometer\/1-vantage-50\/","og_locale":"fr_CA","og_type":"article","og_title":"VANTAGE 1 - SnowHouse","og_description":"Compact 2D Profilometer","og_url":"https:\/\/snowhouse.ca\/fr\/product\/material-characterization\/3d-optical-profilometer\/1-vantage-50\/","og_site_name":"SnowHouse","article_modified_time":"2025-11-12T19:56:11+00:00","og_image":[{"width":800,"height":650,"url":"https:\/\/snowhouse.ca\/wp-content\/uploads\/2025\/07\/VANTAGE-1-framed-1.png","type":"image\/png"}],"twitter_card":"summary_large_image","twitter_misc":{"Estimation du temps de lecture":"1 minute"},"schema":{"@context":"https:\/\/schema.org","@graph":[{"@type":"WebPage","@id":"https:\/\/snowhouse.ca\/product\/material-characterization\/3d-optical-profilometer\/1-vantage-50\/","url":"https:\/\/snowhouse.ca\/product\/material-characterization\/3d-optical-profilometer\/1-vantage-50\/","name":"VANTAGE 1 - SnowHouse","isPartOf":{"@id":"https:\/\/snowhouse.ca\/#website"},"primaryImageOfPage":{"@id":"https:\/\/snowhouse.ca\/product\/material-characterization\/3d-optical-profilometer\/1-vantage-50\/#primaryimage"},"image":{"@id":"https:\/\/snowhouse.ca\/product\/material-characterization\/3d-optical-profilometer\/1-vantage-50\/#primaryimage"},"thumbnailUrl":"https:\/\/snowhouse.ca\/wp-content\/uploads\/2025\/07\/VANTAGE-1-framed-1.png?wsr","datePublished":"2025-07-23T01:39:30+00:00","dateModified":"2025-11-12T19:56:11+00:00","breadcrumb":{"@id":"https:\/\/snowhouse.ca\/product\/material-characterization\/3d-optical-profilometer\/1-vantage-50\/#breadcrumb"},"inLanguage":"fr-CA","potentialAction":[{"@type":"ReadAction","target":["https:\/\/snowhouse.ca\/product\/material-characterization\/3d-optical-profilometer\/1-vantage-50\/"]}]},{"@type":"ImageObject","inLanguage":"fr-CA","@id":"https:\/\/snowhouse.ca\/product\/material-characterization\/3d-optical-profilometer\/1-vantage-50\/#primaryimage","url":"https:\/\/snowhouse.ca\/wp-content\/uploads\/2025\/07\/VANTAGE-1-framed-1.png?wsr","contentUrl":"https:\/\/snowhouse.ca\/wp-content\/uploads\/2025\/07\/VANTAGE-1-framed-1.png?wsr","width":800,"height":650},{"@type":"BreadcrumbList","@id":"https:\/\/snowhouse.ca\/product\/material-characterization\/3d-optical-profilometer\/1-vantage-50\/#breadcrumb","itemListElement":[{"@type":"ListItem","position":1,"name":"Home","item":"https:\/\/snowhouse.ca\/"},{"@type":"ListItem","position":2,"name":"Products","item":"https:\/\/snowhouse.ca\/products\/"},{"@type":"ListItem","position":3,"name":"VANTAGE 1"}]},{"@type":"WebSite","@id":"https:\/\/snowhouse.ca\/#website","url":"https:\/\/snowhouse.ca\/","name":"Maison de neige","description":"Instruments scientifiques de confiance","publisher":{"@id":"https:\/\/snowhouse.ca\/#organization"},"potentialAction":[{"@type":"SearchAction","target":{"@type":"EntryPoint","urlTemplate":"https:\/\/snowhouse.ca\/?s={search_term_string}"},"query-input":{"@type":"PropertyValueSpecification","valueRequired":true,"valueName":"search_term_string"}}],"inLanguage":"fr-CA"},{"@type":"Organization","@id":"https:\/\/snowhouse.ca\/#organization","name":"Snowhouse inc.","alternateName":"Snowhouse","url":"https:\/\/snowhouse.ca\/","logo":{"@type":"ImageObject","inLanguage":"fr-CA","@id":"https:\/\/snowhouse.ca\/#\/schema\/logo\/image\/","url":"https:\/\/snowhouse.ca\/wp-content\/uploads\/2025\/07\/SnowHouse-Logo.png","contentUrl":"https:\/\/snowhouse.ca\/wp-content\/uploads\/2025\/07\/SnowHouse-Logo.png","width":508,"height":136,"caption":"Snowhouse inc."},"image":{"@id":"https:\/\/snowhouse.ca\/#\/schema\/logo\/image\/"}}]}},"_links":{"self":[{"href":"https:\/\/snowhouse.ca\/fr\/wp-json\/wp\/v2\/product\/560","targetHints":{"allow":["GET"]}}],"collection":[{"href":"https:\/\/snowhouse.ca\/fr\/wp-json\/wp\/v2\/product"}],"about":[{"href":"https:\/\/snowhouse.ca\/fr\/wp-json\/wp\/v2\/types\/product"}],"wp:featuredmedia":[{"embeddable":true,"href":"https:\/\/snowhouse.ca\/fr\/wp-json\/wp\/v2\/media\/2637"}],"wp:attachment":[{"href":"https:\/\/snowhouse.ca\/fr\/wp-json\/wp\/v2\/media?parent=560"}],"wp:term":[{"taxonomy":"product_brand","embeddable":true,"href":"https:\/\/snowhouse.ca\/fr\/wp-json\/wp\/v2\/product_brand?post=560"},{"taxonomy":"product_cat","embeddable":true,"href":"https:\/\/snowhouse.ca\/fr\/wp-json\/wp\/v2\/product_cat?post=560"},{"taxonomy":"product_tag","embeddable":true,"href":"https:\/\/snowhouse.ca\/fr\/wp-json\/wp\/v2\/product_tag?post=560"},{"taxonomy":"document","embeddable":true,"href":"https:\/\/snowhouse.ca\/fr\/wp-json\/wp\/v2\/document?post=560"}],"curies":[{"name":"wp","href":"https:\/\/api.w.org\/{rel}","templated":true}]}}