{"id":564,"date":"2025-07-23T01:39:30","date_gmt":"2025-07-23T01:39:30","guid":{"rendered":"https:\/\/snowhouse.ca\/produit\/3-zyla-fiber-optic-scmos-high-energy-detection-at-100-fps\/"},"modified":"2025-11-17T16:40:07","modified_gmt":"2025-11-17T16:40:07","slug":"3-zyla-fiber-optic-scmos-high-energy-detection-at-100-fps","status":"publish","type":"product","link":"https:\/\/snowhouse.ca\/fr\/produit\/cameras-spectrographs\/x-ray-neutron-cameras\/3-zyla-fiber-optic-scmos-high-energy-detection-at-100-fps\/","title":{"rendered":"Zyla-HF sCMOS"},"content":{"rendered":"<h3><strong>Capteur sCMOS \u00e0 fibre optique Zyla - D\u00e9tection haute \u00e9nergie \u00e0 100 images\/seconde<\/strong><\/h3>\n<p>La conception exceptionnelle du Zyla 5.5 HF de Andor offre les performances de transmission et de r\u00e9solution spatiale les plus \u00e9lev\u00e9es associ\u00e9es \u00e0 la liaison de plaques \u00e0 fibre optique unique de pointe, tout en tirant parti de la fr\u00e9quence d&#039;images tr\u00e8s rapide, des performances de bruit ultra-faibles et du champ de vision exceptionnel du Zyla 5.5.<\/p>\n<h3>Sp\u00e9cifications cl\u00e9s<\/h3>\n<p><b>Fr\u00e9quences d&#039;images rapides<\/b> \u2013 100 images\/s en mode plein format soutenu (CameraLink), 40 images\/s (USB3)<\/p>\n<p><b>couplage de plaque \u00e0 fibre optique<\/b>\u00a0\u2013 Connexion directe sur capteur sCMOS pour un d\u00e9bit maximal. Structure statistique EMA pour une diaphonie minimale.<\/p>\n<p><b>Capteur de 5,5 m\u00e9gapixels haute r\u00e9solution avec des pixels de 6,5 \u03bcm<\/b>\u00a0\u2013 Large champ de vision de 16,6 x 14 mm<\/p>\n<p><b>1,2 e- bruit de lecture<\/b>\u00a0\u2013 Limite de d\u00e9tection inf\u00e9rieure \u00e0 celle de n&#039;importe quel CCD<\/p>\n<p><b>Compact et l\u00e9ger<\/b>\u00a0\u2013 Id\u00e9al pour l&#039;int\u00e9gration dans des configurations \u00e0 espace restreint<\/p>\n<p><b>Obturateur roulant et global<\/b>\u00a0\u2013 Flexibilit\u00e9 maximale pour toutes les applications<\/p>\n<p><b>Amplificateurs \u00e0 double gain<\/b>\u00a0\u2013 Plage dynamique \u00e9tendue de 25\u00a0000:1 \u00e0 30\u00a0images\/s<\/p>\n<p><b>ROI et regroupement de pixels<\/b>\u00a0\u2013 Zone d&#039;int\u00e9r\u00eat (ROI) d\u00e9finie par l&#039;utilisateur (granularit\u00e9 de 1 pixel) et regroupement mat\u00e9riel<\/p>\n<p><b>Pince de base dynamique<\/b>\u00a0\u2013 Garantit la stabilit\u00e9 quantitative<\/p>\n<p><b>Horodatage mat\u00e9riel<\/b>\u00a0\u2013 Horodatage g\u00e9n\u00e9r\u00e9 par FPGA avec une pr\u00e9cision de 25 ns<\/p>","protected":false},"excerpt":{"rendered":"<p>Capteur sCMOS 5,5 m\u00e9gapixels \u2013 D\u00e9tection haute \u00e9nergie \u00e0 100 images\/s<\/p>","protected":false},"featured_media":565,"template":"","meta":[],"product_brand":[551],"product_cat":[57],"product_tag":[],"document":[],"class_list":{"0":"post-564","1":"product","2":"type-product","3":"status-publish","4":"has-post-thumbnail","6":"product_brand-andor","7":"product_cat-x-ray-neutron-cameras","9":"first","10":"instock","11":"purchasable","12":"product-type-simple"},"yoast_head":"<!-- This site is optimized with the Yoast SEO plugin v26.8 - https:\/\/yoast.com\/product\/yoast-seo-wordpress\/ -->\n<title>Zyla-HF sCMOS - SnowHouse<\/title>\n<meta name=\"robots\" content=\"index, follow, max-snippet:-1, max-image-preview:large, max-video-preview:-1\" \/>\n<link rel=\"canonical\" href=\"https:\/\/snowhouse.ca\/fr\/product\/cameras-spectrographs\/x-ray-neutron-cameras\/3-zyla-fiber-optic-scmos-high-energy-detection-at-100-fps\/\" \/>\n<meta property=\"og:locale\" content=\"fr_CA\" \/>\n<meta property=\"og:type\" content=\"article\" \/>\n<meta property=\"og:title\" content=\"Zyla-HF sCMOS - SnowHouse\" \/>\n<meta property=\"og:description\" content=\"5.5 Megapixels sCMOS - High Energy Detection at 100 fps\" \/>\n<meta property=\"og:url\" content=\"https:\/\/snowhouse.ca\/fr\/product\/cameras-spectrographs\/x-ray-neutron-cameras\/3-zyla-fiber-optic-scmos-high-energy-detection-at-100-fps\/\" \/>\n<meta property=\"og:site_name\" content=\"SnowHouse\" \/>\n<meta property=\"article:modified_time\" content=\"2025-11-17T16:40:07+00:00\" \/>\n<meta property=\"og:image\" content=\"https:\/\/snowhouse.ca\/wp-content\/uploads\/2025\/07\/41990-e1756761057616.png\" \/>\n\t<meta property=\"og:image:width\" content=\"280\" \/>\n\t<meta property=\"og:image:height\" content=\"148\" \/>\n\t<meta property=\"og:image:type\" content=\"image\/png\" \/>\n<meta name=\"twitter:card\" content=\"summary_large_image\" \/>\n<meta name=\"twitter:label1\" content=\"Estimation du temps de lecture\" \/>\n\t<meta name=\"twitter:data1\" content=\"1 minute\" \/>\n<script type=\"application\/ld+json\" class=\"yoast-schema-graph\">{\"@context\":\"https:\/\/schema.org\",\"@graph\":[{\"@type\":\"WebPage\",\"@id\":\"https:\/\/snowhouse.ca\/product\/cameras-spectrographs\/x-ray-neutron-cameras\/3-zyla-fiber-optic-scmos-high-energy-detection-at-100-fps\/\",\"url\":\"https:\/\/snowhouse.ca\/product\/cameras-spectrographs\/x-ray-neutron-cameras\/3-zyla-fiber-optic-scmos-high-energy-detection-at-100-fps\/\",\"name\":\"Zyla-HF sCMOS - SnowHouse\",\"isPartOf\":{\"@id\":\"https:\/\/snowhouse.ca\/#website\"},\"primaryImageOfPage\":{\"@id\":\"https:\/\/snowhouse.ca\/product\/cameras-spectrographs\/x-ray-neutron-cameras\/3-zyla-fiber-optic-scmos-high-energy-detection-at-100-fps\/#primaryimage\"},\"image\":{\"@id\":\"https:\/\/snowhouse.ca\/product\/cameras-spectrographs\/x-ray-neutron-cameras\/3-zyla-fiber-optic-scmos-high-energy-detection-at-100-fps\/#primaryimage\"},\"thumbnailUrl\":\"https:\/\/snowhouse.ca\/wp-content\/uploads\/2025\/07\/41990-e1756761057616.png?wsr\",\"datePublished\":\"2025-07-23T01:39:30+00:00\",\"dateModified\":\"2025-11-17T16:40:07+00:00\",\"breadcrumb\":{\"@id\":\"https:\/\/snowhouse.ca\/product\/cameras-spectrographs\/x-ray-neutron-cameras\/3-zyla-fiber-optic-scmos-high-energy-detection-at-100-fps\/#breadcrumb\"},\"inLanguage\":\"fr-CA\",\"potentialAction\":[{\"@type\":\"ReadAction\",\"target\":[\"https:\/\/snowhouse.ca\/product\/cameras-spectrographs\/x-ray-neutron-cameras\/3-zyla-fiber-optic-scmos-high-energy-detection-at-100-fps\/\"]}]},{\"@type\":\"ImageObject\",\"inLanguage\":\"fr-CA\",\"@id\":\"https:\/\/snowhouse.ca\/product\/cameras-spectrographs\/x-ray-neutron-cameras\/3-zyla-fiber-optic-scmos-high-energy-detection-at-100-fps\/#primaryimage\",\"url\":\"https:\/\/snowhouse.ca\/wp-content\/uploads\/2025\/07\/41990-e1756761057616.png?wsr\",\"contentUrl\":\"https:\/\/snowhouse.ca\/wp-content\/uploads\/2025\/07\/41990-e1756761057616.png?wsr\",\"width\":280,\"height\":148},{\"@type\":\"BreadcrumbList\",\"@id\":\"https:\/\/snowhouse.ca\/product\/cameras-spectrographs\/x-ray-neutron-cameras\/3-zyla-fiber-optic-scmos-high-energy-detection-at-100-fps\/#breadcrumb\",\"itemListElement\":[{\"@type\":\"ListItem\",\"position\":1,\"name\":\"Home\",\"item\":\"https:\/\/snowhouse.ca\/\"},{\"@type\":\"ListItem\",\"position\":2,\"name\":\"Products\",\"item\":\"https:\/\/snowhouse.ca\/products\/\"},{\"@type\":\"ListItem\",\"position\":3,\"name\":\"Zyla-HF sCMOS\"}]},{\"@type\":\"WebSite\",\"@id\":\"https:\/\/snowhouse.ca\/#website\",\"url\":\"https:\/\/snowhouse.ca\/\",\"name\":\"SnowHouse\",\"description\":\"Trusted Scientific Instruments\",\"publisher\":{\"@id\":\"https:\/\/snowhouse.ca\/#organization\"},\"potentialAction\":[{\"@type\":\"SearchAction\",\"target\":{\"@type\":\"EntryPoint\",\"urlTemplate\":\"https:\/\/snowhouse.ca\/?s={search_term_string}\"},\"query-input\":{\"@type\":\"PropertyValueSpecification\",\"valueRequired\":true,\"valueName\":\"search_term_string\"}}],\"inLanguage\":\"fr-CA\"},{\"@type\":\"Organization\",\"@id\":\"https:\/\/snowhouse.ca\/#organization\",\"name\":\"Snowhouse inc.\",\"alternateName\":\"Snowhouse\",\"url\":\"https:\/\/snowhouse.ca\/\",\"logo\":{\"@type\":\"ImageObject\",\"inLanguage\":\"fr-CA\",\"@id\":\"https:\/\/snowhouse.ca\/#\/schema\/logo\/image\/\",\"url\":\"https:\/\/snowhouse.ca\/wp-content\/uploads\/2025\/07\/SnowHouse-Logo.png\",\"contentUrl\":\"https:\/\/snowhouse.ca\/wp-content\/uploads\/2025\/07\/SnowHouse-Logo.png\",\"width\":508,\"height\":136,\"caption\":\"Snowhouse inc.\"},\"image\":{\"@id\":\"https:\/\/snowhouse.ca\/#\/schema\/logo\/image\/\"}}]}<\/script>\n<!-- \/ Yoast SEO plugin. -->","yoast_head_json":{"title":"Zyla-HF sCMOS - SnowHouse","robots":{"index":"index","follow":"follow","max-snippet":"max-snippet:-1","max-image-preview":"max-image-preview:large","max-video-preview":"max-video-preview:-1"},"canonical":"https:\/\/snowhouse.ca\/fr\/product\/cameras-spectrographs\/x-ray-neutron-cameras\/3-zyla-fiber-optic-scmos-high-energy-detection-at-100-fps\/","og_locale":"fr_CA","og_type":"article","og_title":"Zyla-HF sCMOS - SnowHouse","og_description":"5.5 Megapixels sCMOS - High Energy Detection at 100 fps","og_url":"https:\/\/snowhouse.ca\/fr\/product\/cameras-spectrographs\/x-ray-neutron-cameras\/3-zyla-fiber-optic-scmos-high-energy-detection-at-100-fps\/","og_site_name":"SnowHouse","article_modified_time":"2025-11-17T16:40:07+00:00","og_image":[{"width":280,"height":148,"url":"https:\/\/snowhouse.ca\/wp-content\/uploads\/2025\/07\/41990-e1756761057616.png","type":"image\/png"}],"twitter_card":"summary_large_image","twitter_misc":{"Estimation du temps de lecture":"1 minute"},"schema":{"@context":"https:\/\/schema.org","@graph":[{"@type":"WebPage","@id":"https:\/\/snowhouse.ca\/product\/cameras-spectrographs\/x-ray-neutron-cameras\/3-zyla-fiber-optic-scmos-high-energy-detection-at-100-fps\/","url":"https:\/\/snowhouse.ca\/product\/cameras-spectrographs\/x-ray-neutron-cameras\/3-zyla-fiber-optic-scmos-high-energy-detection-at-100-fps\/","name":"Zyla-HF sCMOS - SnowHouse","isPartOf":{"@id":"https:\/\/snowhouse.ca\/#website"},"primaryImageOfPage":{"@id":"https:\/\/snowhouse.ca\/product\/cameras-spectrographs\/x-ray-neutron-cameras\/3-zyla-fiber-optic-scmos-high-energy-detection-at-100-fps\/#primaryimage"},"image":{"@id":"https:\/\/snowhouse.ca\/product\/cameras-spectrographs\/x-ray-neutron-cameras\/3-zyla-fiber-optic-scmos-high-energy-detection-at-100-fps\/#primaryimage"},"thumbnailUrl":"https:\/\/snowhouse.ca\/wp-content\/uploads\/2025\/07\/41990-e1756761057616.png?wsr","datePublished":"2025-07-23T01:39:30+00:00","dateModified":"2025-11-17T16:40:07+00:00","breadcrumb":{"@id":"https:\/\/snowhouse.ca\/product\/cameras-spectrographs\/x-ray-neutron-cameras\/3-zyla-fiber-optic-scmos-high-energy-detection-at-100-fps\/#breadcrumb"},"inLanguage":"fr-CA","potentialAction":[{"@type":"ReadAction","target":["https:\/\/snowhouse.ca\/product\/cameras-spectrographs\/x-ray-neutron-cameras\/3-zyla-fiber-optic-scmos-high-energy-detection-at-100-fps\/"]}]},{"@type":"ImageObject","inLanguage":"fr-CA","@id":"https:\/\/snowhouse.ca\/product\/cameras-spectrographs\/x-ray-neutron-cameras\/3-zyla-fiber-optic-scmos-high-energy-detection-at-100-fps\/#primaryimage","url":"https:\/\/snowhouse.ca\/wp-content\/uploads\/2025\/07\/41990-e1756761057616.png?wsr","contentUrl":"https:\/\/snowhouse.ca\/wp-content\/uploads\/2025\/07\/41990-e1756761057616.png?wsr","width":280,"height":148},{"@type":"BreadcrumbList","@id":"https:\/\/snowhouse.ca\/product\/cameras-spectrographs\/x-ray-neutron-cameras\/3-zyla-fiber-optic-scmos-high-energy-detection-at-100-fps\/#breadcrumb","itemListElement":[{"@type":"ListItem","position":1,"name":"Home","item":"https:\/\/snowhouse.ca\/"},{"@type":"ListItem","position":2,"name":"Products","item":"https:\/\/snowhouse.ca\/products\/"},{"@type":"ListItem","position":3,"name":"Zyla-HF sCMOS"}]},{"@type":"WebSite","@id":"https:\/\/snowhouse.ca\/#website","url":"https:\/\/snowhouse.ca\/","name":"Maison de neige","description":"Instruments scientifiques de confiance","publisher":{"@id":"https:\/\/snowhouse.ca\/#organization"},"potentialAction":[{"@type":"SearchAction","target":{"@type":"EntryPoint","urlTemplate":"https:\/\/snowhouse.ca\/?s={search_term_string}"},"query-input":{"@type":"PropertyValueSpecification","valueRequired":true,"valueName":"search_term_string"}}],"inLanguage":"fr-CA"},{"@type":"Organization","@id":"https:\/\/snowhouse.ca\/#organization","name":"Snowhouse inc.","alternateName":"Snowhouse","url":"https:\/\/snowhouse.ca\/","logo":{"@type":"ImageObject","inLanguage":"fr-CA","@id":"https:\/\/snowhouse.ca\/#\/schema\/logo\/image\/","url":"https:\/\/snowhouse.ca\/wp-content\/uploads\/2025\/07\/SnowHouse-Logo.png","contentUrl":"https:\/\/snowhouse.ca\/wp-content\/uploads\/2025\/07\/SnowHouse-Logo.png","width":508,"height":136,"caption":"Snowhouse inc."},"image":{"@id":"https:\/\/snowhouse.ca\/#\/schema\/logo\/image\/"}}]}},"_links":{"self":[{"href":"https:\/\/snowhouse.ca\/fr\/wp-json\/wp\/v2\/product\/564","targetHints":{"allow":["GET"]}}],"collection":[{"href":"https:\/\/snowhouse.ca\/fr\/wp-json\/wp\/v2\/product"}],"about":[{"href":"https:\/\/snowhouse.ca\/fr\/wp-json\/wp\/v2\/types\/product"}],"wp:featuredmedia":[{"embeddable":true,"href":"https:\/\/snowhouse.ca\/fr\/wp-json\/wp\/v2\/media\/565"}],"wp:attachment":[{"href":"https:\/\/snowhouse.ca\/fr\/wp-json\/wp\/v2\/media?parent=564"}],"wp:term":[{"taxonomy":"product_brand","embeddable":true,"href":"https:\/\/snowhouse.ca\/fr\/wp-json\/wp\/v2\/product_brand?post=564"},{"taxonomy":"product_cat","embeddable":true,"href":"https:\/\/snowhouse.ca\/fr\/wp-json\/wp\/v2\/product_cat?post=564"},{"taxonomy":"product_tag","embeddable":true,"href":"https:\/\/snowhouse.ca\/fr\/wp-json\/wp\/v2\/product_tag?post=564"},{"taxonomy":"document","embeddable":true,"href":"https:\/\/snowhouse.ca\/fr\/wp-json\/wp\/v2\/document?post=564"}],"curies":[{"name":"wp","href":"https:\/\/api.w.org\/{rel}","templated":true}]}}