{"id":585,"date":"2025-07-23T01:39:30","date_gmt":"2025-07-23T01:39:30","guid":{"rendered":"https:\/\/snowhouse.ca\/produit\/2-ikon-l-hf-revolutionary-4-megapixel-high-sensitivity-ccd-platform\/"},"modified":"2025-11-17T16:40:18","modified_gmt":"2025-11-17T16:40:18","slug":"2-ikon-l-hf-revolutionary-4-megapixel-high-sensitivity-ccd-platform","status":"publish","type":"product","link":"https:\/\/snowhouse.ca\/fr\/produit\/cameras-spectrographs\/x-ray-neutron-cameras\/2-ikon-l-hf-revolutionary-4-megapixel-high-sensitivity-ccd-platform\/","title":{"rendered":"iKon-L HF"},"content":{"rendered":"<h3><strong>iKon-L HF \u2013 Capteur CCD \u00e0 fibre optique \u00e0 d\u00e9tection indirecte de grande surface<\/strong><\/h3>\n<p>Le capteur iKon-L HF de Andor est con\u00e7u pour l&#039;imagerie scientifique\u00a0! Sa conception exceptionnelle r\u00e9unit les \u00e9l\u00e9ments cl\u00e9s dans un format optimis\u00e9\u00a0: un capteur r\u00e9tro\u00e9clair\u00e9 \u00e0 rendement quantique maximal (95%), une lentille FOP unique \u00e0 liaison directe et un syst\u00e8me de fixation \u00ab\u00a0Soft Dock\u00a0\u00bb \u00e0 ressort. Cette conception offre des performances optiques de transmission et de r\u00e9solution spatiale optimales, combin\u00e9es au faible bruit caract\u00e9ristique de la plateforme iKon-L.<\/p>\n<p>La conception exceptionnelle r\u00e9unit les \u00e9l\u00e9ments cl\u00e9s de la cam\u00e9ra dans une seule unit\u00e9 optimis\u00e9e\u00a0: un capteur r\u00e9tro\u00e9clair\u00e9 \u00e0 rendement quantique maximal (95%), une lentille frontale unique coll\u00e9e directement et un syst\u00e8me de fixation \u00ab\u00a0Soft Dock\u00a0\u00bb \u00e0 ressort exclusif. Cette conception offre des performances optiques optimales, une transmission \u00e9lev\u00e9e, une excellente r\u00e9solution spatiale et le tr\u00e8s faible bruit de la plateforme iKon-L.<\/p>\n<p>Cette cam\u00e9ra est id\u00e9ale pour les applications indirectes \u00e0 haute \u00e9nergie, des rayons X mous aux rayons X durs, n\u00e9cessitant une imagerie \u00e0 haute r\u00e9solution spatiale de signaux \u00e0 faible flux. Nous proposons trois variantes pour r\u00e9pondre aux besoins les plus courants, chacune pouvant \u00eatre modifi\u00e9e ou adapt\u00e9e \u00e0 l&#039;\u00e9volution des exigences. Son syst\u00e8me unique de fixation \u00e0 fibre optique \u00e0 ressort \u00ab\u00a0Soft Dock\u00a0\u00bb permet un montage rapide et s\u00fbr sur une grande vari\u00e9t\u00e9 d&#039;instruments fragiles, de cam\u00e9ras \u00e0 balayage de fente, d&#039;intensificateurs d&#039;image, ainsi que sur une gamme compl\u00e8te de scintillateurs standard.<br \/>\n<u><\/u><\/p>\n<p><strong><u>Applications<\/u><\/strong><\/p>\n<ul>\n<li>Tomographie par rayons X<\/li>\n<li>Tomographie neutronique<\/li>\n<li>Diagnostic plasma par rayons X<\/li>\n<li>Imagerie par rayons X<\/li>\n<li>Imagerie par contraste de phase<\/li>\n<li>Cristallographie aux rayons X<\/li>\n<li>Diffraction des rayons X<\/li>\n<\/ul>\n<p><strong><u>Caract\u00e9ristiques<\/u><\/strong><\/p>\n<ul>\n<li>Support souple \u2013 Sa conception unique \u00e0 fibre optique et \u00e0 ressort permet de fixer la cam\u00e9ra en toute s\u00e9curit\u00e9 sur des instruments fragiles.<\/li>\n<li>Fibre optique frontale \u2013 Fibre optique 1:1 en standard. Liaison directe pour une transmission optimale<\/li>\n<li>QE maximal du 95% \u2013 Sensibilit\u00e9 \u00e9lev\u00e9e du d\u00e9tecteur \u00e0 550 nm, \u00e9mission maximale du scintillateur<\/li>\n<li>Taille des pixels\u00a0: 13,5\u00a0\u00d7\u00a013,5\u00a0\u00b5m \u2013 \u00c9quilibre optimal entre plage dynamique et r\u00e9solution<\/li>\n<li>Capteur 2048 x 2048 grand format \u2013 Large champ de vision et haute r\u00e9solution<\/li>\n<li>Refroidissement thermo\u00e9lectrique \u00e0 -35 \u00b0C \u2013 Minimisation du courant d&#039;obscurit\u00e9 et des d\u00e9fauts de pixels<\/li>\n<\/ul>","protected":false},"excerpt":{"rendered":"<p>Capteur CCD \u00e0 fibre optique \u00e0 d\u00e9tection indirecte de grande surface<\/p>","protected":false},"featured_media":586,"template":"","meta":[],"product_brand":[551],"product_cat":[57],"product_tag":[],"document":[],"class_list":{"0":"post-585","1":"product","2":"type-product","3":"status-publish","4":"has-post-thumbnail","6":"product_brand-andor","7":"product_cat-x-ray-neutron-cameras","9":"first","10":"instock","11":"purchasable","12":"product-type-simple"},"yoast_head":"<!-- This site is optimized with the Yoast SEO plugin v26.8 - https:\/\/yoast.com\/product\/yoast-seo-wordpress\/ -->\n<title>iKon-L HF - SnowHouse<\/title>\n<meta name=\"description\" content=\"Large Area Indirect Detection Fibre Optic CCD\" \/>\n<meta name=\"robots\" content=\"index, follow, max-snippet:-1, max-image-preview:large, max-video-preview:-1\" \/>\n<link rel=\"canonical\" href=\"https:\/\/snowhouse.ca\/fr\/produit\/cameras-spectrographs\/x-ray-neutron-cameras\/2-ikon-l-hf-revolutionary-4-megapixel-high-sensitivity-ccd-platform\/\" \/>\n<meta property=\"og:locale\" content=\"fr_CA\" \/>\n<meta property=\"og:type\" content=\"article\" \/>\n<meta property=\"og:title\" content=\"iKon-L HF - SnowHouse\" \/>\n<meta property=\"og:description\" content=\"Large Area Indirect Detection Fibre Optic CCD\" \/>\n<meta property=\"og:url\" content=\"https:\/\/snowhouse.ca\/fr\/produit\/cameras-spectrographs\/x-ray-neutron-cameras\/2-ikon-l-hf-revolutionary-4-megapixel-high-sensitivity-ccd-platform\/\" \/>\n<meta property=\"og:site_name\" content=\"SnowHouse\" \/>\n<meta property=\"article:modified_time\" content=\"2025-11-17T16:40:18+00:00\" \/>\n<meta property=\"og:image\" content=\"https:\/\/snowhouse.ca\/wp-content\/uploads\/2025\/07\/39010.png\" \/>\n\t<meta property=\"og:image:width\" content=\"280\" \/>\n\t<meta property=\"og:image:height\" content=\"240\" \/>\n\t<meta property=\"og:image:type\" content=\"image\/png\" \/>\n<meta name=\"twitter:card\" content=\"summary_large_image\" \/>\n<meta name=\"twitter:label1\" content=\"Estimation du temps de lecture\" \/>\n\t<meta name=\"twitter:data1\" content=\"2 minutes\" \/>\n<script type=\"application\/ld+json\" class=\"yoast-schema-graph\">{\"@context\":\"https:\/\/schema.org\",\"@graph\":[{\"@type\":\"WebPage\",\"@id\":\"https:\/\/snowhouse.ca\/fr\/produit\/cameras-spectrographs\/x-ray-neutron-cameras\/2-ikon-l-hf-revolutionary-4-megapixel-high-sensitivity-ccd-platform\/\",\"url\":\"https:\/\/snowhouse.ca\/fr\/produit\/cameras-spectrographs\/x-ray-neutron-cameras\/2-ikon-l-hf-revolutionary-4-megapixel-high-sensitivity-ccd-platform\/\",\"name\":\"iKon-L HF - SnowHouse\",\"isPartOf\":{\"@id\":\"https:\/\/snowhouse.ca\/#website\"},\"primaryImageOfPage\":{\"@id\":\"https:\/\/snowhouse.ca\/fr\/produit\/cameras-spectrographs\/x-ray-neutron-cameras\/2-ikon-l-hf-revolutionary-4-megapixel-high-sensitivity-ccd-platform\/#primaryimage\"},\"image\":{\"@id\":\"https:\/\/snowhouse.ca\/fr\/produit\/cameras-spectrographs\/x-ray-neutron-cameras\/2-ikon-l-hf-revolutionary-4-megapixel-high-sensitivity-ccd-platform\/#primaryimage\"},\"thumbnailUrl\":\"https:\/\/snowhouse.ca\/wp-content\/uploads\/2025\/07\/39010.png?wsr\",\"datePublished\":\"2025-07-23T01:39:30+00:00\",\"dateModified\":\"2025-11-17T16:40:18+00:00\",\"description\":\"Large Area Indirect Detection Fibre Optic CCD\",\"breadcrumb\":{\"@id\":\"https:\/\/snowhouse.ca\/fr\/produit\/cameras-spectrographs\/x-ray-neutron-cameras\/2-ikon-l-hf-revolutionary-4-megapixel-high-sensitivity-ccd-platform\/#breadcrumb\"},\"inLanguage\":\"fr-CA\",\"potentialAction\":[{\"@type\":\"ReadAction\",\"target\":[\"https:\/\/snowhouse.ca\/fr\/produit\/cameras-spectrographs\/x-ray-neutron-cameras\/2-ikon-l-hf-revolutionary-4-megapixel-high-sensitivity-ccd-platform\/\"]}]},{\"@type\":\"ImageObject\",\"inLanguage\":\"fr-CA\",\"@id\":\"https:\/\/snowhouse.ca\/fr\/produit\/cameras-spectrographs\/x-ray-neutron-cameras\/2-ikon-l-hf-revolutionary-4-megapixel-high-sensitivity-ccd-platform\/#primaryimage\",\"url\":\"https:\/\/snowhouse.ca\/wp-content\/uploads\/2025\/07\/39010.png?wsr\",\"contentUrl\":\"https:\/\/snowhouse.ca\/wp-content\/uploads\/2025\/07\/39010.png?wsr\",\"width\":280,\"height\":240},{\"@type\":\"BreadcrumbList\",\"@id\":\"https:\/\/snowhouse.ca\/fr\/produit\/cameras-spectrographs\/x-ray-neutron-cameras\/2-ikon-l-hf-revolutionary-4-megapixel-high-sensitivity-ccd-platform\/#breadcrumb\",\"itemListElement\":[{\"@type\":\"ListItem\",\"position\":1,\"name\":\"Home\",\"item\":\"https:\/\/snowhouse.ca\/\"},{\"@type\":\"ListItem\",\"position\":2,\"name\":\"Products\",\"item\":\"https:\/\/snowhouse.ca\/products\/\"},{\"@type\":\"ListItem\",\"position\":3,\"name\":\"iKon-L HF\"}]},{\"@type\":\"WebSite\",\"@id\":\"https:\/\/snowhouse.ca\/#website\",\"url\":\"https:\/\/snowhouse.ca\/\",\"name\":\"SnowHouse\",\"description\":\"Trusted Scientific Instruments\",\"publisher\":{\"@id\":\"https:\/\/snowhouse.ca\/#organization\"},\"potentialAction\":[{\"@type\":\"SearchAction\",\"target\":{\"@type\":\"EntryPoint\",\"urlTemplate\":\"https:\/\/snowhouse.ca\/?s={search_term_string}\"},\"query-input\":{\"@type\":\"PropertyValueSpecification\",\"valueRequired\":true,\"valueName\":\"search_term_string\"}}],\"inLanguage\":\"fr-CA\"},{\"@type\":\"Organization\",\"@id\":\"https:\/\/snowhouse.ca\/#organization\",\"name\":\"Snowhouse inc.\",\"alternateName\":\"Snowhouse\",\"url\":\"https:\/\/snowhouse.ca\/\",\"logo\":{\"@type\":\"ImageObject\",\"inLanguage\":\"fr-CA\",\"@id\":\"https:\/\/snowhouse.ca\/#\/schema\/logo\/image\/\",\"url\":\"https:\/\/snowhouse.ca\/wp-content\/uploads\/2025\/07\/SnowHouse-Logo.png\",\"contentUrl\":\"https:\/\/snowhouse.ca\/wp-content\/uploads\/2025\/07\/SnowHouse-Logo.png\",\"width\":508,\"height\":136,\"caption\":\"Snowhouse inc.\"},\"image\":{\"@id\":\"https:\/\/snowhouse.ca\/#\/schema\/logo\/image\/\"}}]}<\/script>\n<!-- \/ Yoast SEO plugin. -->","yoast_head_json":{"title":"iKon-L HF - SnowHouse","description":"Capteur CCD \u00e0 fibre optique \u00e0 d\u00e9tection indirecte de grande surface","robots":{"index":"index","follow":"follow","max-snippet":"max-snippet:-1","max-image-preview":"max-image-preview:large","max-video-preview":"max-video-preview:-1"},"canonical":"https:\/\/snowhouse.ca\/fr\/produit\/cameras-spectrographs\/x-ray-neutron-cameras\/2-ikon-l-hf-revolutionary-4-megapixel-high-sensitivity-ccd-platform\/","og_locale":"fr_CA","og_type":"article","og_title":"iKon-L HF - SnowHouse","og_description":"Large Area Indirect Detection Fibre Optic CCD","og_url":"https:\/\/snowhouse.ca\/fr\/produit\/cameras-spectrographs\/x-ray-neutron-cameras\/2-ikon-l-hf-revolutionary-4-megapixel-high-sensitivity-ccd-platform\/","og_site_name":"SnowHouse","article_modified_time":"2025-11-17T16:40:18+00:00","og_image":[{"width":280,"height":240,"url":"https:\/\/snowhouse.ca\/wp-content\/uploads\/2025\/07\/39010.png","type":"image\/png"}],"twitter_card":"summary_large_image","twitter_misc":{"Estimation du temps de lecture":"2 minutes"},"schema":{"@context":"https:\/\/schema.org","@graph":[{"@type":"WebPage","@id":"https:\/\/snowhouse.ca\/fr\/produit\/cameras-spectrographs\/x-ray-neutron-cameras\/2-ikon-l-hf-revolutionary-4-megapixel-high-sensitivity-ccd-platform\/","url":"https:\/\/snowhouse.ca\/fr\/produit\/cameras-spectrographs\/x-ray-neutron-cameras\/2-ikon-l-hf-revolutionary-4-megapixel-high-sensitivity-ccd-platform\/","name":"iKon-L HF - SnowHouse","isPartOf":{"@id":"https:\/\/snowhouse.ca\/#website"},"primaryImageOfPage":{"@id":"https:\/\/snowhouse.ca\/fr\/produit\/cameras-spectrographs\/x-ray-neutron-cameras\/2-ikon-l-hf-revolutionary-4-megapixel-high-sensitivity-ccd-platform\/#primaryimage"},"image":{"@id":"https:\/\/snowhouse.ca\/fr\/produit\/cameras-spectrographs\/x-ray-neutron-cameras\/2-ikon-l-hf-revolutionary-4-megapixel-high-sensitivity-ccd-platform\/#primaryimage"},"thumbnailUrl":"https:\/\/snowhouse.ca\/wp-content\/uploads\/2025\/07\/39010.png?wsr","datePublished":"2025-07-23T01:39:30+00:00","dateModified":"2025-11-17T16:40:18+00:00","description":"Capteur CCD \u00e0 fibre optique \u00e0 d\u00e9tection indirecte de grande surface","breadcrumb":{"@id":"https:\/\/snowhouse.ca\/fr\/produit\/cameras-spectrographs\/x-ray-neutron-cameras\/2-ikon-l-hf-revolutionary-4-megapixel-high-sensitivity-ccd-platform\/#breadcrumb"},"inLanguage":"fr-CA","potentialAction":[{"@type":"ReadAction","target":["https:\/\/snowhouse.ca\/fr\/produit\/cameras-spectrographs\/x-ray-neutron-cameras\/2-ikon-l-hf-revolutionary-4-megapixel-high-sensitivity-ccd-platform\/"]}]},{"@type":"ImageObject","inLanguage":"fr-CA","@id":"https:\/\/snowhouse.ca\/fr\/produit\/cameras-spectrographs\/x-ray-neutron-cameras\/2-ikon-l-hf-revolutionary-4-megapixel-high-sensitivity-ccd-platform\/#primaryimage","url":"https:\/\/snowhouse.ca\/wp-content\/uploads\/2025\/07\/39010.png?wsr","contentUrl":"https:\/\/snowhouse.ca\/wp-content\/uploads\/2025\/07\/39010.png?wsr","width":280,"height":240},{"@type":"BreadcrumbList","@id":"https:\/\/snowhouse.ca\/fr\/produit\/cameras-spectrographs\/x-ray-neutron-cameras\/2-ikon-l-hf-revolutionary-4-megapixel-high-sensitivity-ccd-platform\/#breadcrumb","itemListElement":[{"@type":"ListItem","position":1,"name":"Home","item":"https:\/\/snowhouse.ca\/"},{"@type":"ListItem","position":2,"name":"Products","item":"https:\/\/snowhouse.ca\/products\/"},{"@type":"ListItem","position":3,"name":"iKon-L HF"}]},{"@type":"WebSite","@id":"https:\/\/snowhouse.ca\/#website","url":"https:\/\/snowhouse.ca\/","name":"Maison de neige","description":"Instruments scientifiques de confiance","publisher":{"@id":"https:\/\/snowhouse.ca\/#organization"},"potentialAction":[{"@type":"SearchAction","target":{"@type":"EntryPoint","urlTemplate":"https:\/\/snowhouse.ca\/?s={search_term_string}"},"query-input":{"@type":"PropertyValueSpecification","valueRequired":true,"valueName":"search_term_string"}}],"inLanguage":"fr-CA"},{"@type":"Organization","@id":"https:\/\/snowhouse.ca\/#organization","name":"Snowhouse inc.","alternateName":"Snowhouse","url":"https:\/\/snowhouse.ca\/","logo":{"@type":"ImageObject","inLanguage":"fr-CA","@id":"https:\/\/snowhouse.ca\/#\/schema\/logo\/image\/","url":"https:\/\/snowhouse.ca\/wp-content\/uploads\/2025\/07\/SnowHouse-Logo.png","contentUrl":"https:\/\/snowhouse.ca\/wp-content\/uploads\/2025\/07\/SnowHouse-Logo.png","width":508,"height":136,"caption":"Snowhouse inc."},"image":{"@id":"https:\/\/snowhouse.ca\/#\/schema\/logo\/image\/"}}]}},"_links":{"self":[{"href":"https:\/\/snowhouse.ca\/fr\/wp-json\/wp\/v2\/product\/585","targetHints":{"allow":["GET"]}}],"collection":[{"href":"https:\/\/snowhouse.ca\/fr\/wp-json\/wp\/v2\/product"}],"about":[{"href":"https:\/\/snowhouse.ca\/fr\/wp-json\/wp\/v2\/types\/product"}],"wp:featuredmedia":[{"embeddable":true,"href":"https:\/\/snowhouse.ca\/fr\/wp-json\/wp\/v2\/media\/586"}],"wp:attachment":[{"href":"https:\/\/snowhouse.ca\/fr\/wp-json\/wp\/v2\/media?parent=585"}],"wp:term":[{"taxonomy":"product_brand","embeddable":true,"href":"https:\/\/snowhouse.ca\/fr\/wp-json\/wp\/v2\/product_brand?post=585"},{"taxonomy":"product_cat","embeddable":true,"href":"https:\/\/snowhouse.ca\/fr\/wp-json\/wp\/v2\/product_cat?post=585"},{"taxonomy":"product_tag","embeddable":true,"href":"https:\/\/snowhouse.ca\/fr\/wp-json\/wp\/v2\/product_tag?post=585"},{"taxonomy":"document","embeddable":true,"href":"https:\/\/snowhouse.ca\/fr\/wp-json\/wp\/v2\/document?post=585"}],"curies":[{"name":"wp","href":"https:\/\/api.w.org\/{rel}","templated":true}]}}