{"id":592,"date":"2025-07-23T01:39:30","date_gmt":"2025-07-23T01:39:30","guid":{"rendered":"https:\/\/snowhouse.ca\/produit\/zl41-cell-scmos\/"},"modified":"2025-11-17T16:40:35","modified_gmt":"2025-11-17T16:40:35","slug":"zl41-cell-scmos","status":"publish","type":"product","link":"https:\/\/snowhouse.ca\/fr\/produit\/cameras-spectrographs\/scmos-cameras\/zl41-cell-scmos\/","title":{"rendered":"Cellule sCMOS ZL41"},"content":{"rendered":"<h3><strong>Cellule ZL41 sCMOS \u2013 Simple et \u00e9conomique<br \/>\nSuper-r\u00e9solution jusqu&#039;\u00e0 ~100 nm<\/strong><\/h3>\n<p>La cellule ZL41 repr\u00e9sente la nouvelle g\u00e9n\u00e9ration de la gamme Zyla sCMOS, un v\u00e9ritable succ\u00e8s ! Nous avons soigneusement affin\u00e9 et perfectionn\u00e9 sa conception. Elle offre une flexibilit\u00e9 d&#039;imagerie, une valeur et une compatibilit\u00e9 exceptionnelles. Sp\u00e9cialement con\u00e7ue pour l&#039;imagerie des sciences de la vie.<\/p>\n<p>Le\u00a0<strong>Cellule ZL41\u00a0<\/strong>Elle reprend tous les atouts de la tr\u00e8s populaire s\u00e9rie Zyla dans une nouvelle \u00e9dition sp\u00e9cialement con\u00e7ue pour les chercheurs en sciences de la vie ! Une toute nouvelle conception de la chambre de capteur offre une robustesse et une long\u00e9vit\u00e9 encore plus grandes (garantie d&#039;int\u00e9grit\u00e9 de la chambre de 5 ans).<\/p>\n<ul>\n<li><strong>Cellule ZL41 4.2\u00a0<\/strong>remplace le Zyla 4.2 PLUS. Capacit\u00e9 de charge jusqu&#039;\u00e0 82% QE<sub>max<\/sub>, associ\u00e9 \u00e0 un bruit de lecture inf\u00e9rieur \u00e0 l&#039;\u00e9lectron. Le large profil QE offre une excellente couverture de la gamme de longueurs d&#039;onde visible\/NIR, hautement optimis\u00e9e pour une large gamme de fluorophores courants. La haute sensibilit\u00e9 permet l&#039;utilisation de temps d&#039;exposition plus courts, de fr\u00e9quences d&#039;acquisition plus rapides et d&#039;une phototoxicit\u00e9 r\u00e9duite.<\/li>\n<li><strong>Cellule ZL41 5.5\u00a0<\/strong>Il remplace le Zyla 5.5 et reste la solution de mise \u00e0 niveau id\u00e9ale et \u00e9conomique pour un microscope. Il offre un capteur au format 22 mm avec un QE de 64 %. De mani\u00e8re unique, il offre un mode d&#039;obturation globale id\u00e9al pour l&#039;imagerie instantan\u00e9e d&#039;objets en mouvement rapide sans distorsion temporelle.<\/li>\n<\/ul>\n<p>La cellule ZL41 4.2 est id\u00e9ale pour les applications n\u00e9cessitant une sensibilit\u00e9 et une vitesse optimales, telles que l&#039;imagerie calcique, la microscopie \u00e0 feuille de lumi\u00e8re et la microscopie \u00e0 super-r\u00e9solution. Elle est dot\u00e9e de nombreuses fonctionnalit\u00e9s, notamment\u00a0:<\/p>\n<ul>\n<li><a href=\"https:\/\/andor.oxinst.com\/products\/srrf-stream\">SRRF-Stream+<\/a>(ZL41 Cell 4.2). Transformez votre microscope \u00e0 fluorescence standard en microscope \u00e0 super-r\u00e9solution. Notre solution de super-r\u00e9solution en temps r\u00e9el, \u00e9conomique et facile \u00e0 utiliser, est disponible sur les mod\u00e8les ZL41 Cell 4.2. Utilisez un marquage classique et d\u00e9couvrez comment optimiser vos images.<\/li>\n<li><a href=\"https:\/\/andor.oxinst.com\/products\/scmos-camera-series\/zyla-4-2-scmos\" target=\"_blank\" rel=\"noopener noreferrer\">LightScan PLUS<\/a>: (ZL41 Cell 4.2) est dot\u00e9 des fonctionnalit\u00e9s FlexiScan et CycleMax, permettant une adaptation simple et flexible du mode de balayage \u00e0 obturateur roulant \u00e0 des applications telles que la microscopie \u00e0 feuillet lumineux et la microscopie confocale \u00e0 balayage lin\u00e9aire.<\/li>\n<li>Mode FCS\u00a0: Obtenez les vitesses les plus rapides \u00e0 partir de r\u00e9gions d\u2019int\u00e9r\u00eat (ROI) de hauteur minimale configur\u00e9es pour les exp\u00e9riences de spectroscopie de corr\u00e9lation de fluorescence. La cellule ZL41 4.2 produit une fr\u00e9quence d\u2019acquisition soutenue de 26\u00a0041\u00a0images\/s (ROI de 2\u00a0048\u00a0(l) x 8\u00a0(h)) pour une r\u00e9solution temporelle exceptionnelle.<\/li>\n<li><a href=\"https:\/\/andor.oxinst.com\/products\/gpu-express\/gpu-express\" target=\"_blank\" rel=\"noopener noreferrer\">GPU Express<\/a>\u00a0Simplifiez et optimisez le transfert de donn\u00e9es depuis la cam\u00e9ra \u2013 id\u00e9al pour les exp\u00e9riences d&#039;imagerie actuelles n\u00e9cessitant un volume important de donn\u00e9es. Tirez parti du traitement GPU NVidia compatible CUDA pour acc\u00e9l\u00e9rer le pipeline d&#039;acquisition de donn\u00e9es avec GPU Express.<\/li>\n<\/ul>\n<p>Une efficacit\u00e9 de transfert de donn\u00e9es sup\u00e9rieure et un mode haute vitesse 12 bits s&#039;associent pour offrir une performance incroyable\u00a0<strong>53 images par seconde gr\u00e2ce au super-<\/strong><strong>interface USB 3.0 pratique<\/strong>, avec les cadences d&#039;images de zone d&#039;int\u00e9r\u00eat (ROI) les plus rapides du secteur. Gr\u00e2ce \u00e0 cette fonctionnalit\u00e9, la vitesse est au rendez-vous pour permettre aux utilisateurs de suivre des processus dynamiques plus rapides avec une r\u00e9solution temporelle am\u00e9lior\u00e9e. Optez pour la version Camera Link pour acc\u00e9der \u00e0 une cadence fulgurante allant jusqu&#039;\u00e0 100 images par seconde (pleine r\u00e9solution).<\/p>\n<ul>\n<li>La cellule ZL41 offre \u00e9galement\u00a0<strong>lin\u00e9arit\u00e9 de pointe dans l&#039;industrie (99,8%)<\/strong>\u00a0pour une pr\u00e9cision de mesure quantitative in\u00e9gal\u00e9e sur toute la plage dynamique.<\/li>\n<li>La conception enti\u00e8rement nouvelle de la chambre du capteur offre une robustesse et une long\u00e9vit\u00e9 encore plus grandes (garantie d&#039;int\u00e9grit\u00e9 de la chambre de 3 ans).<\/li>\n<li>Les mod\u00e8les ZL41 Cell sont compatibles avec les versions pr\u00e9c\u00e9dentes des mod\u00e8les Zyla 4.2P et 5.5.<\/li>\n<\/ul>\n<h3><\/h3>\n<h3><strong>Principaux avantages :<\/strong><\/h3>\n<p><strong>Jusqu&#039;\u00e0 82% QE<\/strong>\u00a0\u2013 Rendement quantique sCMOS le plus \u00e9lev\u00e9 et le plus \u00e9tendu du march\u00e9. Optimis\u00e9 pour une large gamme de fluorophores courants. Permet des temps d&#039;exposition plus courts, des cadences d&#039;acquisition plus rapides et une r\u00e9duction du photoblanchiment.<\/p>\n<p><strong>0,9 e- bruit de lecture<\/strong>\u00a0\u2013 Capteur sCMOS \u00e0 tr\u00e8s faible bruit de lecture. Nettement inf\u00e9rieur \u00e0 celui de n&#039;importe quel capteur CCD.<\/p>\n<p><strong>Fr\u00e9quences d&#039;images les plus rapides du secteur<\/strong>\u00a0\u2013 B\u00e9n\u00e9ficiez de processus plus rapides. Fr\u00e9quence d&#039;images USB 3.0 la plus rapide du march\u00e9\u00a0: 53\u00a0images\/s (plein format). 100\u00a0images\/s (plein format) en continu via Camera Link.<\/p>\n<p><strong>Formats de capteur de 4,2 et 5,5 m\u00e9gapixels et pixels de 6,5 \u00b5m<\/strong>\u00a0\u2013 Offre une r\u00e9solution extr\u00eamement nette pour les microscopes modernes dot\u00e9s de ports \u00e0 monture C.<\/p>\n<p><strong>SRRF-Stream+<\/strong>\u00a0\u2013 La super r\u00e9solution \u00e0 un prix abordable, flexible et simple d&#039;utilisation. Nouvelle cellule ZL41 4.2 compatible avec notre technologie de super r\u00e9solution en temps r\u00e9el.<\/p>\n<p><strong>LightScan PLUS<\/strong>\u00a0\u2013 R\u00e9duit le bruit de fond et am\u00e9liore le contraste et la r\u00e9solution des \u00e9chantillons diffusants. Con\u00e7u pour permettre aux utilisateurs d&#039;optimiser simultan\u00e9ment l&#039;intensit\u00e9 du signal et la confocalit\u00e9 dans des applications telles que la microscopie \u00e0 feuillet de lumi\u00e8re et la microscopie confocale \u00e0 balayage lin\u00e9aire.<\/p>\n<p><strong>Mode FCS<\/strong>\u00a0\u2013 Obtenir les vitesses les plus rapides \u00e0 partir de r\u00e9gions d&#039;int\u00e9r\u00eat (ROI) de hauteur minimale configur\u00e9es pour les exp\u00e9riences de spectroscopie de corr\u00e9lation de fluorescence<\/p>\n<p><strong>GPU Express<\/strong>\u00a0\u2013 Simplifier et optimiser les transferts de donn\u00e9es de la cam\u00e9ra vers une carte graphique NVIDIA compatible CUDA afin de faciliter le traitement GPU acc\u00e9l\u00e9r\u00e9 dans le cadre du pipeline d&#039;acquisition<\/p>\n<p><strong>Compatible<\/strong>\u00a0\u2013 Maintient la compatibilit\u00e9 avec les s\u00e9ries Zyla pr\u00e9c\u00e9dentes sans aucune modification au niveau de l&#039;EEPROM.<\/p>\n<p><strong>Robuste<\/strong>\u00a0\u2013 Nouvelle conception m\u00e9canique pour une dur\u00e9e de vie accrue et une meilleure protection du capteur. Garantie de 3 ans sur l&#039;int\u00e9grit\u00e9 de la chambre du capteur.<\/p>\n<p><strong>Vibrations du ventilateur ultra-faibles<\/strong>\u00a0\u2013 Con\u00e7u pour des exp\u00e9riences sensibles aux vibrations, comme la microscopie \u00e0 super-r\u00e9solution.<\/p>\n<p><strong>Amplificateurs \u00e0 double gain<\/strong>\u00a0\u2013 Profondeur de puits maximale et bruit minimal simultan\u00e9ment, offrant une plage dynamique \u00e9tendue de 33 000:1<\/p>\n<p><strong>Modes 12 bits et 16 bits<\/strong>\u00a0\u2013 12 bits pour des fr\u00e9quences d&#039;images maximales via USB 3.0 ; 16 bits pour une plage dynamique compl\u00e8te.<\/p>\n<p><strong>Traitement de donn\u00e9es embarqu\u00e9 sur FPGA \u00e0 grande \u00e9chelle<\/strong>\u00a0\u2013 Essentiel pour garantir une qualit\u00e9 d&#039;image optimale et une fid\u00e9lit\u00e9 quantitative avec la technologie sCMOS.<\/p>\n<p><strong>Horodatage mat\u00e9riel<\/strong>\u00a0\u2013 Horodatage g\u00e9n\u00e9r\u00e9 par FPGA avec une pr\u00e9cision de 25 ns.<\/p>\n<p><strong>Pince de base dynamique<\/strong>\u00a0\u2013 Essentiel pour garantir la pr\u00e9cision quantitative sur toute la zone de l&#039;image et entre les images successives d&#039;une s\u00e9rie cin\u00e9tique.<\/p>\n<p><strong>Python pr\u00eat<\/strong>\u00a0Prenez le contr\u00f4le gr\u00e2ce \u00e0 notre nouveau SDK Python int\u00e9gr\u00e9. Id\u00e9al pour les int\u00e9grations syst\u00e8me personnalis\u00e9es.<\/p>\n<p><strong>Option de refroidissement par eau<\/strong>\u00a0Option pour applications sensibles aux vibrations. Disponible sur demande.<\/p>","protected":false},"excerpt":{"rendered":"<p class=\"product-short-excerpt\">4,2 ou 5,5 m\u00e9gapixels, taille des pixels de 6,5 \u00b5m<\/p>","protected":false},"featured_media":2328,"template":"","meta":[],"product_brand":[551],"product_cat":[149],"product_tag":[],"document":[],"class_list":{"0":"post-592","1":"product","2":"type-product","3":"status-publish","4":"has-post-thumbnail","6":"product_brand-andor","7":"product_cat-scmos-cameras","9":"first","10":"instock","11":"purchasable","12":"product-type-simple"},"yoast_head":"<!-- This site is optimized with the Yoast SEO plugin v26.8 - https:\/\/yoast.com\/product\/yoast-seo-wordpress\/ -->\n<title>ZL41 Cell sCMOS - SnowHouse<\/title>\n<meta name=\"robots\" content=\"index, follow, max-snippet:-1, max-image-preview:large, max-video-preview:-1\" \/>\n<link rel=\"canonical\" href=\"https:\/\/snowhouse.ca\/fr\/produit\/cameras-spectrographs\/scmos-cameras\/zl41-cell-scmos\/\" \/>\n<meta property=\"og:locale\" content=\"fr_CA\" \/>\n<meta property=\"og:type\" content=\"article\" \/>\n<meta property=\"og:title\" content=\"ZL41 Cell sCMOS - SnowHouse\" \/>\n<meta property=\"og:description\" content=\"4.2 or 5.5 Megapixel, 6.5\u00b5m pixel size\" \/>\n<meta property=\"og:url\" content=\"https:\/\/snowhouse.ca\/fr\/produit\/cameras-spectrographs\/scmos-cameras\/zl41-cell-scmos\/\" \/>\n<meta property=\"og:site_name\" content=\"SnowHouse\" \/>\n<meta property=\"article:modified_time\" content=\"2025-11-17T16:40:35+00:00\" \/>\n<meta property=\"og:image\" content=\"https:\/\/snowhouse.ca\/wp-content\/uploads\/2025\/07\/ZL41-Cell-1024x761.png\" \/>\n\t<meta property=\"og:image:width\" content=\"1024\" \/>\n\t<meta property=\"og:image:height\" content=\"761\" \/>\n\t<meta property=\"og:image:type\" content=\"image\/png\" \/>\n<meta name=\"twitter:card\" content=\"summary_large_image\" \/>\n<meta name=\"twitter:label1\" content=\"Estimation du temps de lecture\" \/>\n\t<meta name=\"twitter:data1\" content=\"4 minutes\" \/>\n<script type=\"application\/ld+json\" class=\"yoast-schema-graph\">{\"@context\":\"https:\/\/schema.org\",\"@graph\":[{\"@type\":\"WebPage\",\"@id\":\"https:\/\/snowhouse.ca\/fr\/produit\/cameras-spectrographs\/scmos-cameras\/zl41-cell-scmos\/\",\"url\":\"https:\/\/snowhouse.ca\/fr\/produit\/cameras-spectrographs\/scmos-cameras\/zl41-cell-scmos\/\",\"name\":\"ZL41 Cell sCMOS - SnowHouse\",\"isPartOf\":{\"@id\":\"https:\/\/snowhouse.ca\/#website\"},\"primaryImageOfPage\":{\"@id\":\"https:\/\/snowhouse.ca\/fr\/produit\/cameras-spectrographs\/scmos-cameras\/zl41-cell-scmos\/#primaryimage\"},\"image\":{\"@id\":\"https:\/\/snowhouse.ca\/fr\/produit\/cameras-spectrographs\/scmos-cameras\/zl41-cell-scmos\/#primaryimage\"},\"thumbnailUrl\":\"https:\/\/snowhouse.ca\/wp-content\/uploads\/2025\/07\/ZL41-Cell.png?wsr\",\"datePublished\":\"2025-07-23T01:39:30+00:00\",\"dateModified\":\"2025-11-17T16:40:35+00:00\",\"breadcrumb\":{\"@id\":\"https:\/\/snowhouse.ca\/fr\/produit\/cameras-spectrographs\/scmos-cameras\/zl41-cell-scmos\/#breadcrumb\"},\"inLanguage\":\"fr-CA\",\"potentialAction\":[{\"@type\":\"ReadAction\",\"target\":[\"https:\/\/snowhouse.ca\/fr\/produit\/cameras-spectrographs\/scmos-cameras\/zl41-cell-scmos\/\"]}]},{\"@type\":\"ImageObject\",\"inLanguage\":\"fr-CA\",\"@id\":\"https:\/\/snowhouse.ca\/fr\/produit\/cameras-spectrographs\/scmos-cameras\/zl41-cell-scmos\/#primaryimage\",\"url\":\"https:\/\/snowhouse.ca\/wp-content\/uploads\/2025\/07\/ZL41-Cell.png?wsr\",\"contentUrl\":\"https:\/\/snowhouse.ca\/wp-content\/uploads\/2025\/07\/ZL41-Cell.png?wsr\",\"width\":2362,\"height\":1756,\"caption\":\"Andor ZL41 Cell sCMOS (new Zyla sCMOS generation)\"},{\"@type\":\"BreadcrumbList\",\"@id\":\"https:\/\/snowhouse.ca\/fr\/produit\/cameras-spectrographs\/scmos-cameras\/zl41-cell-scmos\/#breadcrumb\",\"itemListElement\":[{\"@type\":\"ListItem\",\"position\":1,\"name\":\"Home\",\"item\":\"https:\/\/snowhouse.ca\/\"},{\"@type\":\"ListItem\",\"position\":2,\"name\":\"Products\",\"item\":\"https:\/\/snowhouse.ca\/products\/\"},{\"@type\":\"ListItem\",\"position\":3,\"name\":\"ZL41 Cell sCMOS\"}]},{\"@type\":\"WebSite\",\"@id\":\"https:\/\/snowhouse.ca\/#website\",\"url\":\"https:\/\/snowhouse.ca\/\",\"name\":\"SnowHouse\",\"description\":\"Trusted Scientific Instruments\",\"publisher\":{\"@id\":\"https:\/\/snowhouse.ca\/#organization\"},\"potentialAction\":[{\"@type\":\"SearchAction\",\"target\":{\"@type\":\"EntryPoint\",\"urlTemplate\":\"https:\/\/snowhouse.ca\/?s={search_term_string}\"},\"query-input\":{\"@type\":\"PropertyValueSpecification\",\"valueRequired\":true,\"valueName\":\"search_term_string\"}}],\"inLanguage\":\"fr-CA\"},{\"@type\":\"Organization\",\"@id\":\"https:\/\/snowhouse.ca\/#organization\",\"name\":\"Snowhouse inc.\",\"alternateName\":\"Snowhouse\",\"url\":\"https:\/\/snowhouse.ca\/\",\"logo\":{\"@type\":\"ImageObject\",\"inLanguage\":\"fr-CA\",\"@id\":\"https:\/\/snowhouse.ca\/#\/schema\/logo\/image\/\",\"url\":\"https:\/\/snowhouse.ca\/wp-content\/uploads\/2025\/07\/SnowHouse-Logo.png\",\"contentUrl\":\"https:\/\/snowhouse.ca\/wp-content\/uploads\/2025\/07\/SnowHouse-Logo.png\",\"width\":508,\"height\":136,\"caption\":\"Snowhouse inc.\"},\"image\":{\"@id\":\"https:\/\/snowhouse.ca\/#\/schema\/logo\/image\/\"}}]}<\/script>\n<!-- \/ Yoast SEO plugin. -->","yoast_head_json":{"title":"ZL41 Cell sCMOS - SnowHouse","robots":{"index":"index","follow":"follow","max-snippet":"max-snippet:-1","max-image-preview":"max-image-preview:large","max-video-preview":"max-video-preview:-1"},"canonical":"https:\/\/snowhouse.ca\/fr\/produit\/cameras-spectrographs\/scmos-cameras\/zl41-cell-scmos\/","og_locale":"fr_CA","og_type":"article","og_title":"ZL41 Cell sCMOS - SnowHouse","og_description":"4.2 or 5.5 Megapixel, 6.5\u00b5m pixel size","og_url":"https:\/\/snowhouse.ca\/fr\/produit\/cameras-spectrographs\/scmos-cameras\/zl41-cell-scmos\/","og_site_name":"SnowHouse","article_modified_time":"2025-11-17T16:40:35+00:00","og_image":[{"width":1024,"height":761,"url":"https:\/\/snowhouse.ca\/wp-content\/uploads\/2025\/07\/ZL41-Cell-1024x761.png","type":"image\/png"}],"twitter_card":"summary_large_image","twitter_misc":{"Estimation du temps de lecture":"4 minutes"},"schema":{"@context":"https:\/\/schema.org","@graph":[{"@type":"WebPage","@id":"https:\/\/snowhouse.ca\/fr\/produit\/cameras-spectrographs\/scmos-cameras\/zl41-cell-scmos\/","url":"https:\/\/snowhouse.ca\/fr\/produit\/cameras-spectrographs\/scmos-cameras\/zl41-cell-scmos\/","name":"ZL41 Cell sCMOS - SnowHouse","isPartOf":{"@id":"https:\/\/snowhouse.ca\/#website"},"primaryImageOfPage":{"@id":"https:\/\/snowhouse.ca\/fr\/produit\/cameras-spectrographs\/scmos-cameras\/zl41-cell-scmos\/#primaryimage"},"image":{"@id":"https:\/\/snowhouse.ca\/fr\/produit\/cameras-spectrographs\/scmos-cameras\/zl41-cell-scmos\/#primaryimage"},"thumbnailUrl":"https:\/\/snowhouse.ca\/wp-content\/uploads\/2025\/07\/ZL41-Cell.png?wsr","datePublished":"2025-07-23T01:39:30+00:00","dateModified":"2025-11-17T16:40:35+00:00","breadcrumb":{"@id":"https:\/\/snowhouse.ca\/fr\/produit\/cameras-spectrographs\/scmos-cameras\/zl41-cell-scmos\/#breadcrumb"},"inLanguage":"fr-CA","potentialAction":[{"@type":"ReadAction","target":["https:\/\/snowhouse.ca\/fr\/produit\/cameras-spectrographs\/scmos-cameras\/zl41-cell-scmos\/"]}]},{"@type":"ImageObject","inLanguage":"fr-CA","@id":"https:\/\/snowhouse.ca\/fr\/produit\/cameras-spectrographs\/scmos-cameras\/zl41-cell-scmos\/#primaryimage","url":"https:\/\/snowhouse.ca\/wp-content\/uploads\/2025\/07\/ZL41-Cell.png?wsr","contentUrl":"https:\/\/snowhouse.ca\/wp-content\/uploads\/2025\/07\/ZL41-Cell.png?wsr","width":2362,"height":1756,"caption":"Andor ZL41 Cell sCMOS (new Zyla sCMOS generation)"},{"@type":"BreadcrumbList","@id":"https:\/\/snowhouse.ca\/fr\/produit\/cameras-spectrographs\/scmos-cameras\/zl41-cell-scmos\/#breadcrumb","itemListElement":[{"@type":"ListItem","position":1,"name":"Home","item":"https:\/\/snowhouse.ca\/"},{"@type":"ListItem","position":2,"name":"Products","item":"https:\/\/snowhouse.ca\/products\/"},{"@type":"ListItem","position":3,"name":"ZL41 Cell sCMOS"}]},{"@type":"WebSite","@id":"https:\/\/snowhouse.ca\/#website","url":"https:\/\/snowhouse.ca\/","name":"Maison de neige","description":"Instruments scientifiques de confiance","publisher":{"@id":"https:\/\/snowhouse.ca\/#organization"},"potentialAction":[{"@type":"SearchAction","target":{"@type":"EntryPoint","urlTemplate":"https:\/\/snowhouse.ca\/?s={search_term_string}"},"query-input":{"@type":"PropertyValueSpecification","valueRequired":true,"valueName":"search_term_string"}}],"inLanguage":"fr-CA"},{"@type":"Organization","@id":"https:\/\/snowhouse.ca\/#organization","name":"Snowhouse inc.","alternateName":"Snowhouse","url":"https:\/\/snowhouse.ca\/","logo":{"@type":"ImageObject","inLanguage":"fr-CA","@id":"https:\/\/snowhouse.ca\/#\/schema\/logo\/image\/","url":"https:\/\/snowhouse.ca\/wp-content\/uploads\/2025\/07\/SnowHouse-Logo.png","contentUrl":"https:\/\/snowhouse.ca\/wp-content\/uploads\/2025\/07\/SnowHouse-Logo.png","width":508,"height":136,"caption":"Snowhouse inc."},"image":{"@id":"https:\/\/snowhouse.ca\/#\/schema\/logo\/image\/"}}]}},"_links":{"self":[{"href":"https:\/\/snowhouse.ca\/fr\/wp-json\/wp\/v2\/product\/592","targetHints":{"allow":["GET"]}}],"collection":[{"href":"https:\/\/snowhouse.ca\/fr\/wp-json\/wp\/v2\/product"}],"about":[{"href":"https:\/\/snowhouse.ca\/fr\/wp-json\/wp\/v2\/types\/product"}],"wp:featuredmedia":[{"embeddable":true,"href":"https:\/\/snowhouse.ca\/fr\/wp-json\/wp\/v2\/media\/2328"}],"wp:attachment":[{"href":"https:\/\/snowhouse.ca\/fr\/wp-json\/wp\/v2\/media?parent=592"}],"wp:term":[{"taxonomy":"product_brand","embeddable":true,"href":"https:\/\/snowhouse.ca\/fr\/wp-json\/wp\/v2\/product_brand?post=592"},{"taxonomy":"product_cat","embeddable":true,"href":"https:\/\/snowhouse.ca\/fr\/wp-json\/wp\/v2\/product_cat?post=592"},{"taxonomy":"product_tag","embeddable":true,"href":"https:\/\/snowhouse.ca\/fr\/wp-json\/wp\/v2\/product_tag?post=592"},{"taxonomy":"document","embeddable":true,"href":"https:\/\/snowhouse.ca\/fr\/wp-json\/wp\/v2\/document?post=592"}],"curies":[{"name":"wp","href":"https:\/\/api.w.org\/{rel}","templated":true}]}}