{"id":604,"date":"2025-07-23T01:40:05","date_gmt":"2025-07-23T01:40:05","guid":{"rendered":"https:\/\/snowhouse.ca\/produit\/22-mos-500-spectropolarimeter-circular-dichroism\/"},"modified":"2025-11-12T20:02:16","modified_gmt":"2025-11-12T20:02:16","slug":"22-mos-500-spectropolarimeter-circular-dichroism","status":"publish","type":"product","link":"https:\/\/snowhouse.ca\/fr\/produit\/material-characterization\/stopped-flow-systems\/22-mos-500-spectropolarimeter-circular-dichroism\/","title":{"rendered":"Spectropolarim\u00e8tre MOS-500"},"content":{"rendered":"<h3><u><strong>SPECTROPOLARIM\u00c8TRE MOS-500 \u2013 DICHRO\u00cfSME CIRCULAIRE<\/strong><\/u><\/h3>\n<h4>Caract\u00e9ristiques<\/h4>\n<ul>\n<li>163-950 nm et 0 nm (lumi\u00e8re blanche) (jusqu&#039;\u00e0 1,250 nm en option)<\/li>\n<li>Double source lumineuse (Xe et XeHg)<\/li>\n<li>Pr\u00e9cision de longueur d&#039;onde de +\/-0,1 nm sur toute la gamme de longueurs d&#039;onde<\/li>\n<li>Contr\u00f4le de temp\u00e9rature Peltier en option<\/li>\n<li>Stabilit\u00e9 de base in\u00e9gal\u00e9e<\/li>\n<li>Rapide et sensible<\/li>\n<\/ul>\n<h4><strong>Dichro\u00efsme circulaire<\/strong><\/h4>\n<p>Le dichro\u00efsme circulaire (DC) est de loin la technique chiroptique la plus couramment utilis\u00e9e pour la caract\u00e9risation des biomol\u00e9cules et l&#039;analyse des substances chirales. Par exemple, le spectre de dichro\u00efsme circulaire dans l&#039;ultraviolet lointain des prot\u00e9ines peut r\u00e9v\u00e9ler des caract\u00e9ristiques importantes relatives \u00e0 leur structure secondaire, telles que le pourcentage de conformation en h\u00e9lice alpha, en feuillet b\u00eata ou en coude b\u00eata, tandis que dans l&#039;ultraviolet proche, il fournit des informations sur l&#039;environnement direct des chromophores chiraux.<\/p>\n<p>Visible et\u00a0<u>CD NIR-CD<\/u>\u00a0La spectroscopie est une technique utile pour \u00e9tudier les interactions m\u00e9tal-prot\u00e9ine et pour r\u00e9soudre les transitions \u00e9lectroniques d\u2013d individuelles, mais elle s&#039;est \u00e9galement r\u00e9v\u00e9l\u00e9e \u00eatre un outil tr\u00e8s performant pour la d\u00e9termination de l&#039;exc\u00e8s \u00e9nantiom\u00e9rique en synth\u00e8se asym\u00e9trique.<\/p>\n<h4><strong>Un spectropolarim\u00e8tre moderne<\/strong><\/h4>\n<p>Le MOS-500 est un spectropolarim\u00e8tre optimis\u00e9 pour les applications en r\u00e9gime stationnaire et en cin\u00e9tique rapide. Ce spectrom\u00e8tre \u00e0 dichro\u00efsme circulaire offre des performances exceptionnelles en termes de sensibilit\u00e9, de pr\u00e9cision, de rapidit\u00e9 et de modularit\u00e9, couvrant la gamme des UV lointains au proche infrarouge. L&#039;optique et la technologie ont \u00e9t\u00e9 s\u00e9lectionn\u00e9es pour garantir une couverture spectrale optimale. Le MOS-500 utilise un syst\u00e8me de s\u00e9lection de longueur d&#039;onde innovant et brevet\u00e9 \u00e0 trois \u00e9tapes, s&#039;affranchissant ainsi des limitations des monochromateurs \u00e0 prisme. La plateforme logicielle Biokine assure une excellente exp\u00e9rience utilisateur et fournit des outils performants pour l&#039;analyse de la d\u00e9naturation chimique et thermique des prot\u00e9ines.<\/p>\n<p>&nbsp;<\/p>\n<p><a href=\"https:\/\/biologic.net\/wp-content\/uploads\/2019\/08\/mos500image1.png\"><img fetchpriority=\"high\" decoding=\"async\" class=\"alignnone wp-image-10658\" src=\"https:\/\/biologic.net\/wp-content\/uploads\/2019\/08\/mos500image1.png\" alt=\"\" width=\"620\" height=\"531\" \/><\/a><\/p>\n<p>&nbsp;<\/p>\n<h4><strong>Faibles co\u00fbts d&#039;exploitation et modularit\u00e9<\/strong><\/h4>\n<p>Les co\u00fbts d&#039;exploitation sont \u00e9galement r\u00e9duits, car le MOS-500 ne n\u00e9cessite le nettoyage des optiques que lors de son utilisation en dessous de 195 nm. Un bo\u00eetier \u00e0 double lampe standard simplifie l&#039;utilisation du syst\u00e8me, et une lampe \u00e0 incandescence optionnelle am\u00e9liore les performances dans l&#039;infrarouge. Sa conception modulaire fait du MOS-500 bien plus qu&#039;un simple spectrophotom\u00e8tre CD\u00a0: il offre des fonctionnalit\u00e9s standard de mesure de l&#039;absorbance, de la fluorescence d&#039;excitation, du dichro\u00efsme lin\u00e9aire et de l&#039;anisotropie de fluorescence.<\/p>\n<p>Une vaste gamme d&#039;accessoires, de\u00a0<u>\u00e9coulement arr\u00eat\u00e9<\/u>\u00a0\u00e0\u00a0<u>DR-CD<\/u>\u00a0Il est \u00e9galement disponible, vous permettant d&#039;adapter le syst\u00e8me \u00e0 vos besoins de recherche sp\u00e9cifiques. Cette combinaison de technologies de pointe et de sp\u00e9cifications performantes fait du spectrom\u00e8tre CD MOS-500 un spectrom\u00e8tre chiroptique v\u00e9ritablement \u00e0 la pointe de la technologie.<\/p>\n<p><a href=\"https:\/\/biologic.net\/wp-content\/uploads\/2019\/08\/mos500image2.jpg\"><img decoding=\"async\" class=\"alignnone wp-image-10664\" src=\"https:\/\/biologic.net\/wp-content\/uploads\/2019\/08\/mos500image2.jpg\" alt=\"\" width=\"489\" height=\"448\" \/><\/a><\/p>\n<h3><\/h3>\n<h3>Large gamme d&#039;accessoires CD<\/h3>\n<p>Gr\u00e2ce \u00e0 sa conception modulaire,\u00a0<u>MOS-500<\/u>\u00a0Il s&#039;agit de bien plus qu&#039;un simple spectrom\u00e8tre de dichro\u00efsme circulaire. En configuration standard, il offre une large gamme de techniques de d\u00e9tection (absorbance, fluorescence, anisotropie de fluorescence, dichro\u00efsme lin\u00e9aire, FD-CD), mais il peut \u00e9galement accueillir une vaste gamme d&#039;accessoires pour \u00e9tendre ses sp\u00e9cifications standard et accepter diff\u00e9rents types d&#039;\u00e9chantillons liquides ou solides (cuvettes, films, capillaires, etc.). Cellule unique ou multiple\u00a0<u>Contr\u00f4leur Peltier<\/u>\u00a0<em>(<\/em>Des accessoires sont \u00e9galement disponibles pour les \u00e9tudes de stabilit\u00e9 thermique. Tous ces accessoires sont interchangeables par l&#039;utilisateur, ce qui vous permet d&#039;adapter le MOS-500 aux besoins de votre laboratoire. Cette polyvalence est rendue possible gr\u00e2ce \u00e0 une strat\u00e9gie de conception ax\u00e9e sur le client et \u00e0 la haute qualit\u00e9 des composants optiques et technologiques utilis\u00e9s pour la conception du MOS-500.<\/p>","protected":false},"excerpt":{"rendered":"<h4>spectrom\u00e8tre de dichro\u00efsme circulaire<\/h4>","protected":false},"featured_media":605,"template":"","meta":[],"product_brand":[550],"product_cat":[77,108],"product_tag":[],"document":[],"class_list":{"0":"post-604","1":"product","2":"type-product","3":"status-publish","4":"has-post-thumbnail","6":"product_brand-biologic","7":"product_cat-stopped-flow-systems","8":"product_cat-spectrometers-stopped-flow-systems","10":"first","11":"instock","12":"purchasable","13":"product-type-simple"},"yoast_head":"<!-- This site is optimized with the Yoast SEO plugin v26.8 - https:\/\/yoast.com\/product\/yoast-seo-wordpress\/ -->\n<title>MOS-500 Spectropolarimeter - SnowHouse<\/title>\n<meta name=\"robots\" content=\"index, follow, max-snippet:-1, max-image-preview:large, max-video-preview:-1\" \/>\n<link rel=\"canonical\" href=\"https:\/\/snowhouse.ca\/fr\/product\/material-characterization\/stopped-flow-systems\/22-mos-500-spectropolarimeter-circular-dichroism\/\" \/>\n<meta property=\"og:locale\" content=\"fr_CA\" \/>\n<meta property=\"og:type\" content=\"article\" \/>\n<meta property=\"og:title\" content=\"MOS-500 Spectropolarimeter - SnowHouse\" \/>\n<meta property=\"og:description\" content=\"Circular dichroism spectrometer\" \/>\n<meta property=\"og:url\" content=\"https:\/\/snowhouse.ca\/fr\/product\/material-characterization\/stopped-flow-systems\/22-mos-500-spectropolarimeter-circular-dichroism\/\" \/>\n<meta property=\"og:site_name\" content=\"SnowHouse\" \/>\n<meta property=\"article:modified_time\" content=\"2025-11-12T20:02:16+00:00\" \/>\n<meta property=\"og:image\" content=\"https:\/\/snowhouse.ca\/wp-content\/uploads\/2025\/07\/31859.png\" \/>\n\t<meta property=\"og:image:width\" content=\"550\" \/>\n\t<meta property=\"og:image:height\" content=\"303\" \/>\n\t<meta property=\"og:image:type\" content=\"image\/png\" \/>\n<meta name=\"twitter:card\" content=\"summary_large_image\" \/>\n<meta name=\"twitter:label1\" content=\"Estimation du temps de lecture\" \/>\n\t<meta name=\"twitter:data1\" content=\"3 minutes\" \/>\n<script type=\"application\/ld+json\" class=\"yoast-schema-graph\">{\"@context\":\"https:\/\/schema.org\",\"@graph\":[{\"@type\":\"WebPage\",\"@id\":\"https:\/\/snowhouse.ca\/product\/material-characterization\/stopped-flow-systems\/22-mos-500-spectropolarimeter-circular-dichroism\/\",\"url\":\"https:\/\/snowhouse.ca\/product\/material-characterization\/stopped-flow-systems\/22-mos-500-spectropolarimeter-circular-dichroism\/\",\"name\":\"MOS-500 Spectropolarimeter - SnowHouse\",\"isPartOf\":{\"@id\":\"https:\/\/snowhouse.ca\/#website\"},\"primaryImageOfPage\":{\"@id\":\"https:\/\/snowhouse.ca\/product\/material-characterization\/stopped-flow-systems\/22-mos-500-spectropolarimeter-circular-dichroism\/#primaryimage\"},\"image\":{\"@id\":\"https:\/\/snowhouse.ca\/product\/material-characterization\/stopped-flow-systems\/22-mos-500-spectropolarimeter-circular-dichroism\/#primaryimage\"},\"thumbnailUrl\":\"https:\/\/snowhouse.ca\/wp-content\/uploads\/2025\/07\/31859.png?wsr\",\"datePublished\":\"2025-07-23T01:40:05+00:00\",\"dateModified\":\"2025-11-12T20:02:16+00:00\",\"breadcrumb\":{\"@id\":\"https:\/\/snowhouse.ca\/product\/material-characterization\/stopped-flow-systems\/22-mos-500-spectropolarimeter-circular-dichroism\/#breadcrumb\"},\"inLanguage\":\"fr-CA\",\"potentialAction\":[{\"@type\":\"ReadAction\",\"target\":[\"https:\/\/snowhouse.ca\/product\/material-characterization\/stopped-flow-systems\/22-mos-500-spectropolarimeter-circular-dichroism\/\"]}]},{\"@type\":\"ImageObject\",\"inLanguage\":\"fr-CA\",\"@id\":\"https:\/\/snowhouse.ca\/product\/material-characterization\/stopped-flow-systems\/22-mos-500-spectropolarimeter-circular-dichroism\/#primaryimage\",\"url\":\"https:\/\/snowhouse.ca\/wp-content\/uploads\/2025\/07\/31859.png?wsr\",\"contentUrl\":\"https:\/\/snowhouse.ca\/wp-content\/uploads\/2025\/07\/31859.png?wsr\",\"width\":550,\"height\":303},{\"@type\":\"BreadcrumbList\",\"@id\":\"https:\/\/snowhouse.ca\/product\/material-characterization\/stopped-flow-systems\/22-mos-500-spectropolarimeter-circular-dichroism\/#breadcrumb\",\"itemListElement\":[{\"@type\":\"ListItem\",\"position\":1,\"name\":\"Home\",\"item\":\"https:\/\/snowhouse.ca\/\"},{\"@type\":\"ListItem\",\"position\":2,\"name\":\"Products\",\"item\":\"https:\/\/snowhouse.ca\/products\/\"},{\"@type\":\"ListItem\",\"position\":3,\"name\":\"MOS-500 Spectropolarimeter\"}]},{\"@type\":\"WebSite\",\"@id\":\"https:\/\/snowhouse.ca\/#website\",\"url\":\"https:\/\/snowhouse.ca\/\",\"name\":\"SnowHouse\",\"description\":\"Trusted Scientific Instruments\",\"publisher\":{\"@id\":\"https:\/\/snowhouse.ca\/#organization\"},\"potentialAction\":[{\"@type\":\"SearchAction\",\"target\":{\"@type\":\"EntryPoint\",\"urlTemplate\":\"https:\/\/snowhouse.ca\/?s={search_term_string}\"},\"query-input\":{\"@type\":\"PropertyValueSpecification\",\"valueRequired\":true,\"valueName\":\"search_term_string\"}}],\"inLanguage\":\"fr-CA\"},{\"@type\":\"Organization\",\"@id\":\"https:\/\/snowhouse.ca\/#organization\",\"name\":\"Snowhouse inc.\",\"alternateName\":\"Snowhouse\",\"url\":\"https:\/\/snowhouse.ca\/\",\"logo\":{\"@type\":\"ImageObject\",\"inLanguage\":\"fr-CA\",\"@id\":\"https:\/\/snowhouse.ca\/#\/schema\/logo\/image\/\",\"url\":\"https:\/\/snowhouse.ca\/wp-content\/uploads\/2025\/07\/SnowHouse-Logo.png\",\"contentUrl\":\"https:\/\/snowhouse.ca\/wp-content\/uploads\/2025\/07\/SnowHouse-Logo.png\",\"width\":508,\"height\":136,\"caption\":\"Snowhouse inc.\"},\"image\":{\"@id\":\"https:\/\/snowhouse.ca\/#\/schema\/logo\/image\/\"}}]}<\/script>\n<!-- \/ Yoast SEO plugin. -->","yoast_head_json":{"title":"MOS-500 Spectropolarimeter - SnowHouse","robots":{"index":"index","follow":"follow","max-snippet":"max-snippet:-1","max-image-preview":"max-image-preview:large","max-video-preview":"max-video-preview:-1"},"canonical":"https:\/\/snowhouse.ca\/fr\/product\/material-characterization\/stopped-flow-systems\/22-mos-500-spectropolarimeter-circular-dichroism\/","og_locale":"fr_CA","og_type":"article","og_title":"MOS-500 Spectropolarimeter - SnowHouse","og_description":"Circular dichroism spectrometer","og_url":"https:\/\/snowhouse.ca\/fr\/product\/material-characterization\/stopped-flow-systems\/22-mos-500-spectropolarimeter-circular-dichroism\/","og_site_name":"SnowHouse","article_modified_time":"2025-11-12T20:02:16+00:00","og_image":[{"width":550,"height":303,"url":"https:\/\/snowhouse.ca\/wp-content\/uploads\/2025\/07\/31859.png","type":"image\/png"}],"twitter_card":"summary_large_image","twitter_misc":{"Estimation du temps de lecture":"3 minutes"},"schema":{"@context":"https:\/\/schema.org","@graph":[{"@type":"WebPage","@id":"https:\/\/snowhouse.ca\/product\/material-characterization\/stopped-flow-systems\/22-mos-500-spectropolarimeter-circular-dichroism\/","url":"https:\/\/snowhouse.ca\/product\/material-characterization\/stopped-flow-systems\/22-mos-500-spectropolarimeter-circular-dichroism\/","name":"MOS-500 Spectropolarimeter - SnowHouse","isPartOf":{"@id":"https:\/\/snowhouse.ca\/#website"},"primaryImageOfPage":{"@id":"https:\/\/snowhouse.ca\/product\/material-characterization\/stopped-flow-systems\/22-mos-500-spectropolarimeter-circular-dichroism\/#primaryimage"},"image":{"@id":"https:\/\/snowhouse.ca\/product\/material-characterization\/stopped-flow-systems\/22-mos-500-spectropolarimeter-circular-dichroism\/#primaryimage"},"thumbnailUrl":"https:\/\/snowhouse.ca\/wp-content\/uploads\/2025\/07\/31859.png?wsr","datePublished":"2025-07-23T01:40:05+00:00","dateModified":"2025-11-12T20:02:16+00:00","breadcrumb":{"@id":"https:\/\/snowhouse.ca\/product\/material-characterization\/stopped-flow-systems\/22-mos-500-spectropolarimeter-circular-dichroism\/#breadcrumb"},"inLanguage":"fr-CA","potentialAction":[{"@type":"ReadAction","target":["https:\/\/snowhouse.ca\/product\/material-characterization\/stopped-flow-systems\/22-mos-500-spectropolarimeter-circular-dichroism\/"]}]},{"@type":"ImageObject","inLanguage":"fr-CA","@id":"https:\/\/snowhouse.ca\/product\/material-characterization\/stopped-flow-systems\/22-mos-500-spectropolarimeter-circular-dichroism\/#primaryimage","url":"https:\/\/snowhouse.ca\/wp-content\/uploads\/2025\/07\/31859.png?wsr","contentUrl":"https:\/\/snowhouse.ca\/wp-content\/uploads\/2025\/07\/31859.png?wsr","width":550,"height":303},{"@type":"BreadcrumbList","@id":"https:\/\/snowhouse.ca\/product\/material-characterization\/stopped-flow-systems\/22-mos-500-spectropolarimeter-circular-dichroism\/#breadcrumb","itemListElement":[{"@type":"ListItem","position":1,"name":"Home","item":"https:\/\/snowhouse.ca\/"},{"@type":"ListItem","position":2,"name":"Products","item":"https:\/\/snowhouse.ca\/products\/"},{"@type":"ListItem","position":3,"name":"MOS-500 Spectropolarimeter"}]},{"@type":"WebSite","@id":"https:\/\/snowhouse.ca\/#website","url":"https:\/\/snowhouse.ca\/","name":"Maison de neige","description":"Instruments scientifiques de confiance","publisher":{"@id":"https:\/\/snowhouse.ca\/#organization"},"potentialAction":[{"@type":"SearchAction","target":{"@type":"EntryPoint","urlTemplate":"https:\/\/snowhouse.ca\/?s={search_term_string}"},"query-input":{"@type":"PropertyValueSpecification","valueRequired":true,"valueName":"search_term_string"}}],"inLanguage":"fr-CA"},{"@type":"Organization","@id":"https:\/\/snowhouse.ca\/#organization","name":"Snowhouse inc.","alternateName":"Snowhouse","url":"https:\/\/snowhouse.ca\/","logo":{"@type":"ImageObject","inLanguage":"fr-CA","@id":"https:\/\/snowhouse.ca\/#\/schema\/logo\/image\/","url":"https:\/\/snowhouse.ca\/wp-content\/uploads\/2025\/07\/SnowHouse-Logo.png","contentUrl":"https:\/\/snowhouse.ca\/wp-content\/uploads\/2025\/07\/SnowHouse-Logo.png","width":508,"height":136,"caption":"Snowhouse inc."},"image":{"@id":"https:\/\/snowhouse.ca\/#\/schema\/logo\/image\/"}}]}},"_links":{"self":[{"href":"https:\/\/snowhouse.ca\/fr\/wp-json\/wp\/v2\/product\/604","targetHints":{"allow":["GET"]}}],"collection":[{"href":"https:\/\/snowhouse.ca\/fr\/wp-json\/wp\/v2\/product"}],"about":[{"href":"https:\/\/snowhouse.ca\/fr\/wp-json\/wp\/v2\/types\/product"}],"wp:featuredmedia":[{"embeddable":true,"href":"https:\/\/snowhouse.ca\/fr\/wp-json\/wp\/v2\/media\/605"}],"wp:attachment":[{"href":"https:\/\/snowhouse.ca\/fr\/wp-json\/wp\/v2\/media?parent=604"}],"wp:term":[{"taxonomy":"product_brand","embeddable":true,"href":"https:\/\/snowhouse.ca\/fr\/wp-json\/wp\/v2\/product_brand?post=604"},{"taxonomy":"product_cat","embeddable":true,"href":"https:\/\/snowhouse.ca\/fr\/wp-json\/wp\/v2\/product_cat?post=604"},{"taxonomy":"product_tag","embeddable":true,"href":"https:\/\/snowhouse.ca\/fr\/wp-json\/wp\/v2\/product_tag?post=604"},{"taxonomy":"document","embeddable":true,"href":"https:\/\/snowhouse.ca\/fr\/wp-json\/wp\/v2\/document?post=604"}],"curies":[{"name":"wp","href":"https:\/\/api.w.org\/{rel}","templated":true}]}}