{"id":606,"date":"2025-07-23T01:40:05","date_gmt":"2025-07-23T01:40:05","guid":{"rendered":"https:\/\/snowhouse.ca\/produit\/sp-300-state-of-the-art-research-grade-potentiostat-galvanostat-eis\/"},"modified":"2025-11-24T21:32:56","modified_gmt":"2025-11-24T21:32:56","slug":"sp-300-state-of-the-art-research-grade-potentiostat-galvanostat-eis","status":"publish","type":"product","link":"https:\/\/snowhouse.ca\/fr\/produit\/potentiostats-galvanostats-fra\/premium-potentiostats\/sp-300-state-of-the-art-research-grade-potentiostat-galvanostat-eis\/","title":{"rendered":"SP-300 Pstat\/Gstat"},"content":{"rendered":"<h3>Potentiostat SP-300<\/h3>\n<h4>2 canaux \u2013 une station de travail \u00e9lectrochimique rapide, sensible, stable et modulaire<\/h4>\n<p class=\"description\">Un potentiostat de recherche de pointe avec une plage de 500 mA \u00e0 10 A, un syst\u00e8me d&#039;EIS int\u00e9gr\u00e9 et de nombreuses autres caract\u00e9ristiques haut de gamme.<\/p>\n<h3>Deux canaux \u2013 Rapide, sensible, stable et modulaire<\/h3>\n<p>Le SP-300 est un potentiostat de recherche de pointe dot\u00e9 d&#039;une plage de 500 mA \u00e0 10 A, d&#039;un EIS int\u00e9gr\u00e9 et de sp\u00e9cifications haut de gamme telles qu&#039;une fr\u00e9quence maximale de 7 MHz, un mode flottant, un filtrage analogique, une carte d&#039;\u00e9talonnage int\u00e9gr\u00e9e et des bandes passantes de stabilit\u00e9.<\/p>\n<p>Le ch\u00e2ssis modulaire du potentiostat SP-300 peut int\u00e9grer un module optionnel\u00a0<a href=\"https:\/\/biologic.net\/products\/current-voltage-booster-for-the-premium-range\/\">carte d&#039;option haute intensit\u00e9\/haute tension<\/a>\u00a0(Jusqu&#039;\u00e0 10 A et jusqu&#039;\u00e0 48 V), ou bien une seconde carte de potentiostat (standard ou EIS) peut \u00eatre utilis\u00e9e comme bipotentiostat pour r\u00e9aliser des exp\u00e9riences RRDE. L&#039;instrument peut \u00e9galement servir de syst\u00e8me multi-utilisateurs\u00a0: deux chercheurs peuvent utiliser chaque carte de canal ind\u00e9pendamment.<\/p>\n<h3>G\u00e9n\u00e9ral<\/h3>\n<table id=\"tablepress-107\" class=\"tablepress tablepress-id-107\">\n<thead>\n<tr class=\"row-1\">\n<th class=\"column-1\" colspan=\"2\"><strong>G\u00e9n\u00e9ral<\/strong><\/th>\n<\/tr>\n<\/thead>\n<tbody class=\"row-striping row-hover\">\n<tr class=\"row-2\">\n<td class=\"column-1\">Places disponibles<\/td>\n<td class=\"column-2\">Jusqu&#039;\u00e0 2<\/td>\n<\/tr>\n<tr class=\"row-3\">\n<td class=\"column-1\">Connexions des \u00e9lectrodes<\/td>\n<td class=\"column-2\">2, 3, 4, 5<\/td>\n<\/tr>\n<tr class=\"row-4\">\n<td class=\"column-1\">Conformit\u00e9<\/td>\n<td class=\"column-2\">\u00b1 12 V<\/td>\n<\/tr>\n<tr class=\"row-5\">\n<td class=\"column-1\">Temps d&#039;acquisition<\/td>\n<td class=\"column-2\">1 \u00b5s avec\u00a0<a href=\"https:\/\/biologic.net\/products\/arg\/\" target=\"_blank\" rel=\"noopener\">ARG<\/a>\u00a0option, 20 \u00b5s avec le package d\u00e9veloppeur EC-Lab, 200 \u00b5s avec EC-Lab.<br \/>\n<a href=\"https:\/\/biologic.net\/topics\/data-of-interest-getting-the-most-out-of-your-blue-box\/\" target=\"_blank\" rel=\"noopener\">donn\u00e9es trait\u00e9es en temps r\u00e9el<\/a>\u00a0: 200 \u00b5s, ind\u00e9pendamment de la fr\u00e9quence d&#039;\u00e9chantillonnage (Q charge, Q d\u00e9charge, \u00e9nergie, puissance\u2026)<\/td>\n<\/tr>\n<tr class=\"row-6\">\n<td class=\"column-1\">Logiciel<\/td>\n<td class=\"column-2\">EC-Lab, package d\u00e9veloppeur EC-Lab<\/td>\n<\/tr>\n<tr class=\"row-7\">\n<td class=\"column-1\">Compatibilit\u00e9 des modules compl\u00e9mentaires<\/td>\n<td class=\"column-2\">Oui<\/td>\n<\/tr>\n<tr class=\"row-8\">\n<td class=\"column-1\">Dimensions (L x P x H)<\/td>\n<td class=\"column-2\">205 x 410 x 225 mm<\/td>\n<\/tr>\n<tr class=\"row-9\">\n<td class=\"column-1\">Poids<\/td>\n<td class=\"column-2\">7,5 kg<\/td>\n<\/tr>\n<tr class=\"row-10\">\n<td class=\"column-1\">Besoins en \u00e9nergie<\/td>\n<td class=\"column-2\">350 W<\/td>\n<\/tr>\n<tr class=\"row-11\">\n<td class=\"column-1\">Interfaces<\/td>\n<td class=\"column-2\"><a href=\"https:\/\/biologic.net\/topics\/take-your-experiments-to-go-with-ec-lab\/\" target=\"_blank\" rel=\"noopener\">Ethernet (Direct, LAN, Wifi), USB 2.0<\/a><\/td>\n<\/tr>\n<\/tbody>\n<\/table>\n<h3>Sp\u00e9cifications du canal<\/h3>\n<table id=\"tablepress-101\" class=\"tablepress tablepress-id-101 tbody-has-connected-cells\">\n<thead>\n<tr class=\"row-1\">\n<td class=\"column-1\"><\/td>\n<th class=\"column-2\"><center>Contr\u00f4le<\/center><\/th>\n<th class=\"column-3\"><center>Mesures<\/center><\/th>\n<\/tr>\n<\/thead>\n<tbody class=\"row-striping row-hover\">\n<tr class=\"row-2\">\n<td class=\"column-1\" colspan=\"3\"><strong>Tension<\/strong><\/td>\n<\/tr>\n<tr class=\"row-3\">\n<td class=\"column-1\">Gammes<\/td>\n<td class=\"column-2\">Plages personnalisables. R\u00e9glables de \u00b1 10 V \u00e0 \u00b1 30 mV.<br \/>\nJusqu&#039;\u00e0 [0 ; 48] V avec\u00a0<a href=\"https:\/\/biologic.net\/products\/hcv-3048\/\" target=\"_blank\" rel=\"noopener\">HCV-3048<\/a><\/td>\n<td class=\"column-3\">\u00b1 10 V personnalisable<\/td>\n<\/tr>\n<tr class=\"row-4\">\n<td class=\"column-1\">Pr\u00e9cision<\/td>\n<td class=\"column-2\">&lt; \u00b1 1 mV \u00b1 0,03 % de r\u00e9glage<\/td>\n<td class=\"column-3\">&lt; \u00b1 1 mV \u00b1 0,03 % de lecture<\/td>\n<\/tr>\n<tr class=\"row-5\">\n<td class=\"column-1\">R\u00e9solution<\/td>\n<td class=\"column-2\">De 1 \u00b5V (plage de \u00b1 60 mV) \u00e0 333 \u00b5V (plage de \u00b1 10 V)<\/td>\n<td class=\"column-3\">76 \u00b5V (7,6 \u00b5V pour \u00b1 250 mV, 0,76 \u00b5V pour \u00b1 25 mV, ZRA uniquement)<\/td>\n<\/tr>\n<tr class=\"row-6\">\n<td class=\"column-1\" colspan=\"3\"><strong>Actuel<\/strong><\/td>\n<\/tr>\n<tr class=\"row-7\">\n<td class=\"column-1\">Gammes<\/td>\n<td class=\"column-2\" colspan=\"2\"><center>\u00b1 1 A \u00e0 10 nA (9 plages),<br \/>\njusqu&#039;\u00e0 120 A avec quatre\u00a0<a href=\"https:\/\/biologic.net\/products\/hcv-3048\/\" target=\"_blank\" rel=\"noopener\">HCV-3048<\/a><br \/>\njusqu&#039;\u00e0 \u00b1 1 pA en utilisant\u00a0<a href=\"https:\/\/biologic.net\/products\/ultra-low-current-down-to-aa-resolution\/\" target=\"_blank\" rel=\"noopener\">Option ultra basse consommation<\/a><\/center><\/td>\n<\/tr>\n<tr class=\"row-8\">\n<td class=\"column-1\">Courant maximal<\/td>\n<td class=\"column-2\" colspan=\"2\"><center>\u00b1 500 mA<\/center><\/td>\n<\/tr>\n<tr class=\"row-9\">\n<td class=\"column-1\">Pr\u00e9cision<\/td>\n<td class=\"column-2\">&lt; \u00b1 0,1 % de la plage \u00b1 0,03 % du r\u00e9glage<\/td>\n<td class=\"column-3\">&lt; \u00b1 0,1 % de la plage \u00b1 0,03 % de la lecture<\/td>\n<\/tr>\n<tr class=\"row-10\">\n<td class=\"column-1\">R\u00e9solution<\/td>\n<td class=\"column-2\" colspan=\"2\"><center>0,004 % de la gamme : 760 fA (standard), 76 aA (<a href=\"https:\/\/biologic.net\/products\/ultra-low-current-down-to-aa-resolution\/\" target=\"_blank\" rel=\"noopener\">Option ultra basse consommation<\/a><\/center><\/td>\n<\/tr>\n<tr class=\"row-11\">\n<td class=\"column-1\" colspan=\"3\"><strong>EIE<\/strong><\/td>\n<\/tr>\n<tr class=\"row-12\">\n<td class=\"column-1\">Capacit\u00e9 EIS<\/td>\n<td class=\"column-2\" colspan=\"2\"><center>11 MHz \u00e0 10 \u00b5Hz<\/center><\/td>\n<\/tr>\n<tr class=\"row-13\">\n<td class=\"column-1\">R\u00e9solution en fr\u00e9quence<\/td>\n<td class=\"column-2\" colspan=\"2\"><center>&lt; 10 ppm du r\u00e9glage<\/center><\/td>\n<\/tr>\n<tr class=\"row-14\">\n<td class=\"column-1\">Indicateurs de qualit\u00e9 EIS<\/td>\n<td class=\"column-2\" colspan=\"2\"><center>Oui<\/center><\/td>\n<\/tr>\n<\/tbody>\n<\/table>\n<h2>Avanc\u00e9<\/h2>\n<table id=\"tablepress-102\" class=\"tablepress tablepress-id-102\">\n<thead>\n<tr class=\"row-1\">\n<th class=\"column-1\" colspan=\"2\"><strong>Avanc\u00e9<\/strong><\/th>\n<\/tr>\n<\/thead>\n<tbody class=\"row-striping row-hover\">\n<tr class=\"row-2\">\n<td class=\"column-1\">Options flottantes<\/td>\n<td class=\"column-2\"><a href=\"https:\/\/biologic.net\/topics\/connection-to-the-cell-part-1-what-is-ground\/\" target=\"_blank\" rel=\"noopener\">Flottant<\/a>,\u00a0<a href=\"https:\/\/biologic.net\/topics\/connection-to-the-cell-part-3-permeation-cell-measurements\/\" target=\"_blank\" rel=\"noopener\">NOUS au sol<\/a>,\u00a0<a href=\"https:\/\/biologic.net\/topics\/connection-to-the-cell-part-2-multi-electrode-measurement\/\" target=\"_blank\" rel=\"noopener\">CE \u00e0 la terre<\/a><\/td>\n<\/tr>\n<tr class=\"row-3\">\n<td class=\"column-1\">Perm\u00e9ation (WE vers le sol)<\/td>\n<td class=\"column-2\"><a href=\"https:\/\/biologic.net\/topics\/connection-to-the-cell-part-3-permeation-cell-measurements\/\" target=\"_blank\" rel=\"noopener\">Oui<\/a><\/td>\n<\/tr>\n<tr class=\"row-4\">\n<td class=\"column-1\">\u00c9lectrode multiple (CE \u00e0 la terre)<\/td>\n<td class=\"column-2\"><a href=\"https:\/\/biologic.net\/topics\/connection-to-the-cell-part-2-multi-electrode-measurement\/\" target=\"_blank\" rel=\"noopener\">Oui<\/a><\/td>\n<\/tr>\n<tr class=\"row-5\">\n<td class=\"column-1\">Filtres<\/td>\n<td class=\"column-2\">Mat\u00e9riel \/ Logiciel<\/td>\n<\/tr>\n<tr class=\"row-6\">\n<td class=\"column-1\">Entr\u00e9e\/Sortie<\/td>\n<td class=\"column-2\">2 entr\u00e9es analogiques<br \/>\n1 sortie analogique<br \/>\n3x TTL (entr\u00e9e\/sortie de d\u00e9clenchement et s\u00e9curit\u00e9)<br \/>\n2 sorties de surveillance (courant et tension)<\/td>\n<\/tr>\n<tr class=\"row-7\">\n<td class=\"column-1\">Mode de contr\u00f4le de stabilit\u00e9<\/td>\n<td class=\"column-2\">9 bandes passantes<\/td>\n<\/tr>\n<tr class=\"row-8\">\n<td class=\"column-1\">\u00c9talonnage<\/td>\n<td class=\"column-2\">Une mire d&#039;\u00e9talonnage incluse, plus de 100 points v\u00e9rifi\u00e9s.<\/td>\n<\/tr>\n<\/tbody>\n<\/table>","protected":false},"excerpt":{"rendered":"<p class=\"product-short-excerpt\">Jusqu&#039;\u00e0 2 canaux, \u00b10,5 A, EIS (opt.) ; extensible jusqu&#039;\u00e0 \u00b1120 A,<\/p>","protected":false},"featured_media":2410,"template":"","meta":[],"product_brand":[550],"product_cat":[573,577],"product_tag":[],"document":[],"class_list":{"0":"post-606","1":"product","2":"type-product","3":"status-publish","4":"has-post-thumbnail","6":"product_brand-biologic","7":"product_cat-potentiostats-galvanostats-fra","8":"product_cat-premium-potentiostats","10":"first","11":"instock","12":"purchasable","13":"product-type-simple"},"yoast_head":"<!-- This site is optimized with the Yoast SEO plugin v26.8 - https:\/\/yoast.com\/product\/yoast-seo-wordpress\/ -->\n<title>SP-300 Pstat\/Gstat - SnowHouse<\/title>\n<meta name=\"robots\" content=\"index, follow, max-snippet:-1, max-image-preview:large, max-video-preview:-1\" \/>\n<link rel=\"canonical\" href=\"https:\/\/snowhouse.ca\/fr\/produit\/potentiostats-galvanostats-fra\/premium-potentiostats\/sp-300-state-of-the-art-research-grade-potentiostat-galvanostat-eis\/\" \/>\n<meta property=\"og:locale\" content=\"fr_CA\" \/>\n<meta property=\"og:type\" content=\"article\" \/>\n<meta property=\"og:title\" content=\"SP-300 Pstat\/Gstat - SnowHouse\" \/>\n<meta property=\"og:description\" content=\"Up to 2 Channels, \u00b10.5A, EIS (opt.); upgradable up to \u00b1120A,\" \/>\n<meta property=\"og:url\" content=\"https:\/\/snowhouse.ca\/fr\/produit\/potentiostats-galvanostats-fra\/premium-potentiostats\/sp-300-state-of-the-art-research-grade-potentiostat-galvanostat-eis\/\" \/>\n<meta property=\"og:site_name\" content=\"SnowHouse\" \/>\n<meta property=\"article:modified_time\" content=\"2025-11-24T21:32:56+00:00\" \/>\n<meta property=\"og:image\" content=\"https:\/\/snowhouse.ca\/wp-content\/uploads\/2025\/07\/BioLogic-SP300.png\" \/>\n\t<meta property=\"og:image:width\" content=\"1334\" \/>\n\t<meta property=\"og:image:height\" content=\"1133\" \/>\n\t<meta property=\"og:image:type\" content=\"image\/png\" \/>\n<meta name=\"twitter:card\" content=\"summary_large_image\" \/>\n<meta name=\"twitter:label1\" content=\"Estimation du temps de lecture\" \/>\n\t<meta name=\"twitter:data1\" content=\"2 minutes\" \/>\n<script type=\"application\/ld+json\" class=\"yoast-schema-graph\">{\"@context\":\"https:\/\/schema.org\",\"@graph\":[{\"@type\":\"WebPage\",\"@id\":\"https:\/\/snowhouse.ca\/fr\/produit\/potentiostats-galvanostats-fra\/premium-potentiostats\/sp-300-state-of-the-art-research-grade-potentiostat-galvanostat-eis\/\",\"url\":\"https:\/\/snowhouse.ca\/fr\/produit\/potentiostats-galvanostats-fra\/premium-potentiostats\/sp-300-state-of-the-art-research-grade-potentiostat-galvanostat-eis\/\",\"name\":\"SP-300 Pstat\/Gstat - SnowHouse\",\"isPartOf\":{\"@id\":\"https:\/\/snowhouse.ca\/#website\"},\"primaryImageOfPage\":{\"@id\":\"https:\/\/snowhouse.ca\/fr\/produit\/potentiostats-galvanostats-fra\/premium-potentiostats\/sp-300-state-of-the-art-research-grade-potentiostat-galvanostat-eis\/#primaryimage\"},\"image\":{\"@id\":\"https:\/\/snowhouse.ca\/fr\/produit\/potentiostats-galvanostats-fra\/premium-potentiostats\/sp-300-state-of-the-art-research-grade-potentiostat-galvanostat-eis\/#primaryimage\"},\"thumbnailUrl\":\"https:\/\/snowhouse.ca\/wp-content\/uploads\/2025\/07\/BioLogic-SP300.png?wsr\",\"datePublished\":\"2025-07-23T01:40:05+00:00\",\"dateModified\":\"2025-11-24T21:32:56+00:00\",\"breadcrumb\":{\"@id\":\"https:\/\/snowhouse.ca\/fr\/produit\/potentiostats-galvanostats-fra\/premium-potentiostats\/sp-300-state-of-the-art-research-grade-potentiostat-galvanostat-eis\/#breadcrumb\"},\"inLanguage\":\"fr-CA\",\"potentialAction\":[{\"@type\":\"ReadAction\",\"target\":[\"https:\/\/snowhouse.ca\/fr\/produit\/potentiostats-galvanostats-fra\/premium-potentiostats\/sp-300-state-of-the-art-research-grade-potentiostat-galvanostat-eis\/\"]}]},{\"@type\":\"ImageObject\",\"inLanguage\":\"fr-CA\",\"@id\":\"https:\/\/snowhouse.ca\/fr\/produit\/potentiostats-galvanostats-fra\/premium-potentiostats\/sp-300-state-of-the-art-research-grade-potentiostat-galvanostat-eis\/#primaryimage\",\"url\":\"https:\/\/snowhouse.ca\/wp-content\/uploads\/2025\/07\/BioLogic-SP300.png?wsr\",\"contentUrl\":\"https:\/\/snowhouse.ca\/wp-content\/uploads\/2025\/07\/BioLogic-SP300.png?wsr\",\"width\":1334,\"height\":1133,\"caption\":\"BioLogic SP300 - Premium Pstat Gstat with EIS\"},{\"@type\":\"BreadcrumbList\",\"@id\":\"https:\/\/snowhouse.ca\/fr\/produit\/potentiostats-galvanostats-fra\/premium-potentiostats\/sp-300-state-of-the-art-research-grade-potentiostat-galvanostat-eis\/#breadcrumb\",\"itemListElement\":[{\"@type\":\"ListItem\",\"position\":1,\"name\":\"Home\",\"item\":\"https:\/\/snowhouse.ca\/\"},{\"@type\":\"ListItem\",\"position\":2,\"name\":\"Products\",\"item\":\"https:\/\/snowhouse.ca\/products\/\"},{\"@type\":\"ListItem\",\"position\":3,\"name\":\"SP-300 Pstat\/Gstat\"}]},{\"@type\":\"WebSite\",\"@id\":\"https:\/\/snowhouse.ca\/#website\",\"url\":\"https:\/\/snowhouse.ca\/\",\"name\":\"SnowHouse\",\"description\":\"Trusted Scientific Instruments\",\"publisher\":{\"@id\":\"https:\/\/snowhouse.ca\/#organization\"},\"potentialAction\":[{\"@type\":\"SearchAction\",\"target\":{\"@type\":\"EntryPoint\",\"urlTemplate\":\"https:\/\/snowhouse.ca\/?s={search_term_string}\"},\"query-input\":{\"@type\":\"PropertyValueSpecification\",\"valueRequired\":true,\"valueName\":\"search_term_string\"}}],\"inLanguage\":\"fr-CA\"},{\"@type\":\"Organization\",\"@id\":\"https:\/\/snowhouse.ca\/#organization\",\"name\":\"Snowhouse inc.\",\"alternateName\":\"Snowhouse\",\"url\":\"https:\/\/snowhouse.ca\/\",\"logo\":{\"@type\":\"ImageObject\",\"inLanguage\":\"fr-CA\",\"@id\":\"https:\/\/snowhouse.ca\/#\/schema\/logo\/image\/\",\"url\":\"https:\/\/snowhouse.ca\/wp-content\/uploads\/2025\/07\/SnowHouse-Logo.png\",\"contentUrl\":\"https:\/\/snowhouse.ca\/wp-content\/uploads\/2025\/07\/SnowHouse-Logo.png\",\"width\":508,\"height\":136,\"caption\":\"Snowhouse inc.\"},\"image\":{\"@id\":\"https:\/\/snowhouse.ca\/#\/schema\/logo\/image\/\"}}]}<\/script>\n<!-- \/ Yoast SEO plugin. -->","yoast_head_json":{"title":"SP-300 Pstat\/Gstat - SnowHouse","robots":{"index":"index","follow":"follow","max-snippet":"max-snippet:-1","max-image-preview":"max-image-preview:large","max-video-preview":"max-video-preview:-1"},"canonical":"https:\/\/snowhouse.ca\/fr\/produit\/potentiostats-galvanostats-fra\/premium-potentiostats\/sp-300-state-of-the-art-research-grade-potentiostat-galvanostat-eis\/","og_locale":"fr_CA","og_type":"article","og_title":"SP-300 Pstat\/Gstat - SnowHouse","og_description":"Up to 2 Channels, \u00b10.5A, EIS (opt.); upgradable up to \u00b1120A,","og_url":"https:\/\/snowhouse.ca\/fr\/produit\/potentiostats-galvanostats-fra\/premium-potentiostats\/sp-300-state-of-the-art-research-grade-potentiostat-galvanostat-eis\/","og_site_name":"SnowHouse","article_modified_time":"2025-11-24T21:32:56+00:00","og_image":[{"width":1334,"height":1133,"url":"https:\/\/snowhouse.ca\/wp-content\/uploads\/2025\/07\/BioLogic-SP300.png","type":"image\/png"}],"twitter_card":"summary_large_image","twitter_misc":{"Estimation du temps de lecture":"2 minutes"},"schema":{"@context":"https:\/\/schema.org","@graph":[{"@type":"WebPage","@id":"https:\/\/snowhouse.ca\/fr\/produit\/potentiostats-galvanostats-fra\/premium-potentiostats\/sp-300-state-of-the-art-research-grade-potentiostat-galvanostat-eis\/","url":"https:\/\/snowhouse.ca\/fr\/produit\/potentiostats-galvanostats-fra\/premium-potentiostats\/sp-300-state-of-the-art-research-grade-potentiostat-galvanostat-eis\/","name":"SP-300 Pstat\/Gstat - SnowHouse","isPartOf":{"@id":"https:\/\/snowhouse.ca\/#website"},"primaryImageOfPage":{"@id":"https:\/\/snowhouse.ca\/fr\/produit\/potentiostats-galvanostats-fra\/premium-potentiostats\/sp-300-state-of-the-art-research-grade-potentiostat-galvanostat-eis\/#primaryimage"},"image":{"@id":"https:\/\/snowhouse.ca\/fr\/produit\/potentiostats-galvanostats-fra\/premium-potentiostats\/sp-300-state-of-the-art-research-grade-potentiostat-galvanostat-eis\/#primaryimage"},"thumbnailUrl":"https:\/\/snowhouse.ca\/wp-content\/uploads\/2025\/07\/BioLogic-SP300.png?wsr","datePublished":"2025-07-23T01:40:05+00:00","dateModified":"2025-11-24T21:32:56+00:00","breadcrumb":{"@id":"https:\/\/snowhouse.ca\/fr\/produit\/potentiostats-galvanostats-fra\/premium-potentiostats\/sp-300-state-of-the-art-research-grade-potentiostat-galvanostat-eis\/#breadcrumb"},"inLanguage":"fr-CA","potentialAction":[{"@type":"ReadAction","target":["https:\/\/snowhouse.ca\/fr\/produit\/potentiostats-galvanostats-fra\/premium-potentiostats\/sp-300-state-of-the-art-research-grade-potentiostat-galvanostat-eis\/"]}]},{"@type":"ImageObject","inLanguage":"fr-CA","@id":"https:\/\/snowhouse.ca\/fr\/produit\/potentiostats-galvanostats-fra\/premium-potentiostats\/sp-300-state-of-the-art-research-grade-potentiostat-galvanostat-eis\/#primaryimage","url":"https:\/\/snowhouse.ca\/wp-content\/uploads\/2025\/07\/BioLogic-SP300.png?wsr","contentUrl":"https:\/\/snowhouse.ca\/wp-content\/uploads\/2025\/07\/BioLogic-SP300.png?wsr","width":1334,"height":1133,"caption":"BioLogic SP300 - Premium Pstat Gstat with EIS"},{"@type":"BreadcrumbList","@id":"https:\/\/snowhouse.ca\/fr\/produit\/potentiostats-galvanostats-fra\/premium-potentiostats\/sp-300-state-of-the-art-research-grade-potentiostat-galvanostat-eis\/#breadcrumb","itemListElement":[{"@type":"ListItem","position":1,"name":"Home","item":"https:\/\/snowhouse.ca\/"},{"@type":"ListItem","position":2,"name":"Products","item":"https:\/\/snowhouse.ca\/products\/"},{"@type":"ListItem","position":3,"name":"SP-300 Pstat\/Gstat"}]},{"@type":"WebSite","@id":"https:\/\/snowhouse.ca\/#website","url":"https:\/\/snowhouse.ca\/","name":"Maison de neige","description":"Instruments scientifiques de confiance","publisher":{"@id":"https:\/\/snowhouse.ca\/#organization"},"potentialAction":[{"@type":"SearchAction","target":{"@type":"EntryPoint","urlTemplate":"https:\/\/snowhouse.ca\/?s={search_term_string}"},"query-input":{"@type":"PropertyValueSpecification","valueRequired":true,"valueName":"search_term_string"}}],"inLanguage":"fr-CA"},{"@type":"Organization","@id":"https:\/\/snowhouse.ca\/#organization","name":"Snowhouse inc.","alternateName":"Snowhouse","url":"https:\/\/snowhouse.ca\/","logo":{"@type":"ImageObject","inLanguage":"fr-CA","@id":"https:\/\/snowhouse.ca\/#\/schema\/logo\/image\/","url":"https:\/\/snowhouse.ca\/wp-content\/uploads\/2025\/07\/SnowHouse-Logo.png","contentUrl":"https:\/\/snowhouse.ca\/wp-content\/uploads\/2025\/07\/SnowHouse-Logo.png","width":508,"height":136,"caption":"Snowhouse inc."},"image":{"@id":"https:\/\/snowhouse.ca\/#\/schema\/logo\/image\/"}}]}},"_links":{"self":[{"href":"https:\/\/snowhouse.ca\/fr\/wp-json\/wp\/v2\/product\/606","targetHints":{"allow":["GET"]}}],"collection":[{"href":"https:\/\/snowhouse.ca\/fr\/wp-json\/wp\/v2\/product"}],"about":[{"href":"https:\/\/snowhouse.ca\/fr\/wp-json\/wp\/v2\/types\/product"}],"wp:featuredmedia":[{"embeddable":true,"href":"https:\/\/snowhouse.ca\/fr\/wp-json\/wp\/v2\/media\/2410"}],"wp:attachment":[{"href":"https:\/\/snowhouse.ca\/fr\/wp-json\/wp\/v2\/media?parent=606"}],"wp:term":[{"taxonomy":"product_brand","embeddable":true,"href":"https:\/\/snowhouse.ca\/fr\/wp-json\/wp\/v2\/product_brand?post=606"},{"taxonomy":"product_cat","embeddable":true,"href":"https:\/\/snowhouse.ca\/fr\/wp-json\/wp\/v2\/product_cat?post=606"},{"taxonomy":"product_tag","embeddable":true,"href":"https:\/\/snowhouse.ca\/fr\/wp-json\/wp\/v2\/product_tag?post=606"},{"taxonomy":"document","embeddable":true,"href":"https:\/\/snowhouse.ca\/fr\/wp-json\/wp\/v2\/document?post=606"}],"curies":[{"name":"wp","href":"https:\/\/api.w.org\/{rel}","templated":true}]}}